{"id":1371,"date":"2017-02-10T10:44:03","date_gmt":"2017-02-10T09:44:03","guid":{"rendered":"http:\/\/www.nyalahotel.biz\/the-resort-2\/"},"modified":"2017-07-24T12:15:25","modified_gmt":"2017-07-24T10:15:25","slug":"le-resort","status":"publish","type":"page","link":"https:\/\/nyala.info\/fr\/hotel\/le-resort\/","title":{"rendered":"Le Complexe"},"content":{"rendered":"<h1 style=\"text-align: center;\">Nyala Suite Hotel San Remo: un H\u00f4tel 4 \u00e9toiles moderne de Ligurie<\/h1>\n<p style=\"text-align: center;\">Une structure h\u00f4teli\u00e8re contemporaine, avec une splendide piscine situ\u00e9e au milieu d\u2019un jardin de palmiers centenaires<br \/>\n[huge_it_slider id=&#8221;6&#8243;]<\/p>\n<h3>Le Complexe h\u00f4telier<\/h3>\n<p>L\u2019h\u00f4tel a \u00e9t\u00e9 construit sur deux lots de terrain distincts, reli\u00e9s par un passage souterrain qui passe sous la route.<\/p>\n<p>Sur le premier lot, se trouvent deux b\u00e2timents diff\u00e9rents\u00a0: l\u2019\u00e9tablissement principal o\u00f9 sont install\u00e9s tous les services de l\u2019h\u00f4tel (r\u00e9ception, restaurant, salles de r\u00e9union) et les suites junior, et le second \u00e9tablissement. Ici, sont situ\u00e9es une vingtaine de chambres traditionnelles, avec vue sur le jardin de la fontaine.<\/p>\n<p lang=\"fr-FR\">Le second lot est constitu\u00e9 d\u2019un jardin s\u00e9culaire de palmiers, pins maritimes et eucalyptus, de la piscine et d\u2019un b\u00e2timent de 20 chambres environ.<\/p>\n<p>La division en trois \u00e9tablissements entour\u00e9s d\u2019un jardin luxuriant fait que l\u2019h\u00f4tel est le seul de la ville de Sanremo \u00e0 \u00eatre class\u00e9 en \u00ab\u00a0Village h\u00f4telier 4 \u00e9toiles\u00a0\u00bb.<\/p>\n<div class=\"col-md-12\"><div class=\"de_divider div-dotted\"><span><\/span><\/div><\/div>\n<h3>Emplacement<\/h3>\n<p>L\u2019h\u00f4tel se trouve dans une zone r\u00e9sidentielle sur les collines (\u00e0 80 m d\u2019altitude), qui rime avec panorama et tranquillit\u00e9. Il est \u00e0 courte distance des plages (800 m \u00e0 pied, 1200 m en v\u00e9hicule), du centre-ville (1800 m) et de la sortie d\u2019autoroute de Sanremo.<\/p>\n<p>La position sur\u00e9lev\u00e9e par rapport \u00e0 la mer et la douceur de vivre propre \u00e0 la c\u00f4te, en firent le lieu privil\u00e9gi\u00e9 des aristocrates du XIX\u00e8me si\u00e8cle qui ont d\u00e9couvert la Riviera. C\u2019est un endroit plaisant, relativement calme, sans pollution et pr\u00e9serv\u00e9 de l\u2019humidit\u00e9 marine plus accentu\u00e9e.<\/p>\n<p>L\u2019h\u00f4tel dispose de deux parkings priv\u00e9s et gratuits (dans la mesure des places disponibles).<\/p>\n<p lang=\"fr-FR\">Connexions disponibles\u00a0: service de navettes gratuites pour les plages et le centre-ville sur r\u00e9servation et arr\u00eat de bus urbain \u00e0 100 m.<\/p>\n<p lang=\"fr-FR\"><div class=\"col-md-12\"><div class=\"de_divider div-dotted\"><span><\/span><\/div><\/div><\/p>\n<h3 lang=\"fr-FR\">Logement<\/h3>\n<p lang=\"fr-FR\">Notre h\u00f4tel 4 \u00e9toiles dispose de 40 chambres traditionnelles, plut\u00f4t grandes, avec des superficies allant de 22 \u00e0 26 m\u00b2, et de 36 \u00e9l\u00e9gantes suites junior, de superficies allant de 32 \u00e0 40 m\u00b2. Elles sont toutes dot\u00e9es des \u00e9quipements de confort moderne :<\/p>\n<ul>\n<li lang=\"fr-FR\">air conditionn\u00e9<\/li>\n<li lang=\"fr-FR\">TV LCD 32\u2019\u2019 digitale et satellite<\/li>\n<li lang=\"fr-FR\">haute d\u00e9finition<\/li>\n<li lang=\"fr-FR\">Internet Wi-Fi<\/li>\n<li lang=\"fr-FR\">coffre-fort pour PC<\/li>\n<li lang=\"fr-FR\">mini-bar<\/li>\n<\/ul>\n<p>Le mobilier est de style classique contemporain, avec des sols en parquet et des peintures aux tons pastel.<\/p>\n<p lang=\"fr-FR\">Les chambres traditionnelles sont toutes \u00e9quip\u00e9es de salles de bain priv\u00e9es, la plupart avec douche. Les suites junior ont toutes une baignoire, et m\u00eame, dans les cat\u00e9gories sup\u00e9rieures, des jacuzzis.<\/p>\n<p lang=\"fr-FR\">Toutes les suites junior et la moiti\u00e9 des chambres ont \u00e9t\u00e9 compl\u00e8tement r\u00e9nov\u00e9es au d\u00e9but de l\u2019ann\u00e9e 2011.<\/p>\n<p lang=\"fr-FR\"><div class=\"col-md-12\"><div class=\"de_divider div-dotted\"><span><\/span><\/div><\/div><\/p>\n<h3 lang=\"fr-FR\">Restauration<\/h3>\n<p lang=\"fr-FR\">Le restaurant de l\u2019h\u00f4tel se trouve au rez-de-chauss\u00e9e\u00a0: il a de grandes baies vitr\u00e9es donnant sur le jardin et il est partag\u00e9 en deux ambiances s\u00e9par\u00e9es par une belle v\u00e9randa.<\/p>\n<p>Le restaurant offre une cuisine traditionnelle ligure et italienne. Un menu du jour compos\u00e9 de 4 plats disponibles pour les s\u00e9jours en demi-pension ou en pension compl\u00e8te. Un menu \u00e0 la carte avec des sp\u00e9cialit\u00e9s de viandes et de poissons, ainsi qu\u2019une carte des vins de qualit\u00e9.<\/p>\n<p>La d\u00e9coration a \u00e9t\u00e9 refaite en 2010.<br \/>\nFermeture saisonni\u00e8re du 3\/11 au 23\/12.<\/p>\n<p lang=\"fr-FR\">Aux mois de juillet et ao\u00fbt, un grill au bord de la piscine s\u2019ajoute \u00e0 l\u2019offre. Il est ouvert au d\u00e9jeuner et un buffet est disponible au d\u00eener\u00a0; le grill est tr\u00e8s appr\u00e9ci\u00e9 des familles avec enfants.<\/p>\n<p>Il existe aussi un coin cuisine \u00e9quip\u00e9e \u00e0 disposition des familles avec nouveau-n\u00e9s et b\u00e9b\u00e9s.<\/p>\n<div class=\"col-md-12\"><div class=\"de_divider div-dotted\"><span><\/span><\/div><\/div>\n<h3 lang=\"fr-FR\">Services<\/h3>\n<p lang=\"fr-FR\">Notre h\u00f4tel 4 \u00e9toiles dispose d\u2019un parc de jeux ext\u00e9rieur pour les enfants, avec balan\u00e7oire, toboggan, jeux \u00e0 ressort, baby-foot, tennis de table, \u00e9checs g\u00e9ants.<\/p>\n<p>Il propose en outre des services pour les familles avec jeunes enfants. Lit-b\u00e9b\u00e9, matelas \u00e0 langer, chauffe-biberons, baignoire (disponibles sur demande).<\/p>\n<p>Des bicyclettes sont disponibles en location pour les cyclistes (contrat de location avec une agence), ainsi qu\u2019un d\u00e9p\u00f4t s\u00e9curis\u00e9 pour les v\u00e9los, avec un atelier de r\u00e9paration. Des accords ont \u00e9t\u00e9 pass\u00e9s avec les principaux centres sportifs et services de guides de la ville et des environs. C\u2019est pourquoi il est possible de pratiquer:<\/p>\n<ul>\n<li>des sports de mer (voile, cano\u00eb, planche \u00e0 voile)<\/li>\n<li>des sports classiques (golf, tennis, \u00e9quitation, football)<\/li>\n<li>des sports de montagne (VTT, trekking, promenades et randonn\u00e9es).<\/li>\n<\/ul>\n<p>L\u2019h\u00f4tel accepte les animaux de toute taille.<\/p>\n","protected":false},"excerpt":{"rendered":"<p>Nyala Suite Hotel San Remo: un H\u00f4tel 4 \u00e9toiles moderne de Ligurie Une structure h\u00f4teli\u00e8re contemporaine, avec une splendide piscine situ\u00e9e au milieu d\u2019un jardin de palmiers centenaires [huge_it_slider id=&#8221;6&#8243;] Le Complexe h\u00f4telier L\u2019h\u00f4tel a \u00e9t\u00e9 construit sur deux lots de terrain distincts, reli\u00e9s par un passage souterrain qui passe sous la route. Sur le [&hellip;]<\/p>\n","protected":false},"author":3,"featured_media":610,"parent":3266,"menu_order":23,"comment_status":"open","ping_status":"open","template":"","meta":{"_acf_changed":false,"footnotes":""},"class_list":["post-1371","page","type-page","status-publish","has-post-thumbnail","hentry"],"acf":[],"yoast_head":"<!-- This site is optimized with the Yoast SEO plugin v25.6 - https:\/\/yoast.com\/wordpress\/plugins\/seo\/ -->\n<title>Le Complexe | Nyala Suite Hotel Hotel 4 \u00e9toiles \u00e0 San Remo<\/title>\n<meta name=\"description\" content=\"H\u00f4tel 4 \u00e9toiles moderne, avec suite, grand jardin, vue panoramique sur la mer, piscine, services pour familles, cyclistes et touristes\" \/>\n<meta name=\"robots\" content=\"noindex, follow, max-snippet:-1, max-image-preview:large, max-video-preview:-1\" \/>\n<meta property=\"og:locale\" content=\"fr_FR\" \/>\n<meta property=\"og:type\" content=\"article\" \/>\n<meta property=\"og:title\" content=\"Le Complexe | Nyala Suite Hotel Hotel 4 \u00e9toiles \u00e0 San Remo\" \/>\n<meta property=\"og:description\" content=\"H\u00f4tel 4 \u00e9toiles moderne, avec suite, grand jardin, vue panoramique sur la mer, piscine, services pour familles, cyclistes et touristes\" \/>\n<meta property=\"og:url\" content=\"https:\/\/nyala.info\/fr\/hotel\/le-resort\/\" \/>\n<meta property=\"og:site_name\" content=\"Nyala Suite Hotel\" \/>\n<meta property=\"article:modified_time\" content=\"2017-07-24T10:15:25+00:00\" \/>\n<meta property=\"og:image\" content=\"https:\/\/nyala.info\/wp-content\/uploads\/2015\/03\/nyala_pool3.jpg\" \/>\n\t<meta property=\"og:image:width\" content=\"1500\" \/>\n\t<meta property=\"og:image:height\" content=\"1000\" \/>\n\t<meta property=\"og:image:type\" content=\"image\/jpeg\" \/>\n<meta name=\"twitter:card\" content=\"summary_large_image\" \/>\n<meta name=\"twitter:label1\" content=\"Est. reading time\" \/>\n\t<meta name=\"twitter:data1\" content=\"4 minutes\" \/>\n<script type=\"application\/ld+json\" class=\"yoast-schema-graph\">{\"@context\":\"https:\/\/schema.org\",\"@graph\":[{\"@type\":\"WebPage\",\"@id\":\"https:\/\/nyala.info\/fr\/hotel\/le-resort\/\",\"url\":\"https:\/\/nyala.info\/fr\/hotel\/le-resort\/\",\"name\":\"Le Complexe | Nyala Suite Hotel Hotel 4 \u00e9toiles \u00e0 San Remo\",\"isPartOf\":{\"@id\":\"https:\/\/nyala.info\/fr\/#website\"},\"primaryImageOfPage\":{\"@id\":\"https:\/\/nyala.info\/fr\/hotel\/le-resort\/#primaryimage\"},\"image\":{\"@id\":\"https:\/\/nyala.info\/fr\/hotel\/le-resort\/#primaryimage\"},\"thumbnailUrl\":\"https:\/\/nyala.info\/wp-content\/uploads\/2015\/03\/nyala_pool3.jpg\",\"datePublished\":\"2017-02-10T09:44:03+00:00\",\"dateModified\":\"2017-07-24T10:15:25+00:00\",\"description\":\"H\u00f4tel 4 \u00e9toiles moderne, avec suite, grand jardin, vue panoramique sur la mer, piscine, services pour familles, cyclistes et touristes\",\"breadcrumb\":{\"@id\":\"https:\/\/nyala.info\/fr\/hotel\/le-resort\/#breadcrumb\"},\"inLanguage\":\"fr-FR\",\"potentialAction\":[{\"@type\":\"ReadAction\",\"target\":[\"https:\/\/nyala.info\/fr\/hotel\/le-resort\/\"]}]},{\"@type\":\"ImageObject\",\"inLanguage\":\"fr-FR\",\"@id\":\"https:\/\/nyala.info\/fr\/hotel\/le-resort\/#primaryimage\",\"url\":\"https:\/\/nyala.info\/wp-content\/uploads\/2015\/03\/nyala_pool3.jpg\",\"contentUrl\":\"https:\/\/nyala.info\/wp-content\/uploads\/2015\/03\/nyala_pool3.jpg\",\"width\":1500,\"height\":1000,\"caption\":\"nyala suite resort, \u043e\u043f\u0438\u0441\u0430\u043d\u0438\u0435\"},{\"@type\":\"BreadcrumbList\",\"@id\":\"https:\/\/nyala.info\/fr\/hotel\/le-resort\/#breadcrumb\",\"itemListElement\":[{\"@type\":\"ListItem\",\"position\":1,\"name\":\"Home\",\"item\":\"https:\/\/nyala.info\/fr\/\"},{\"@type\":\"ListItem\",\"position\":2,\"name\":\"Hotel\",\"item\":\"https:\/\/nyala.info\/fr\/hotel\/\"},{\"@type\":\"ListItem\",\"position\":3,\"name\":\"Le Complexe\"}]},{\"@type\":\"WebSite\",\"@id\":\"https:\/\/nyala.info\/fr\/#website\",\"url\":\"https:\/\/nyala.info\/fr\/\",\"name\":\"Nyala Suite Hotel\",\"description\":\"Hotel 4 \u00e9toiles \u00e0 San Remo\",\"potentialAction\":[{\"@type\":\"SearchAction\",\"target\":{\"@type\":\"EntryPoint\",\"urlTemplate\":\"https:\/\/nyala.info\/fr\/?s={search_term_string}\"},\"query-input\":{\"@type\":\"PropertyValueSpecification\",\"valueRequired\":true,\"valueName\":\"search_term_string\"}}],\"inLanguage\":\"fr-FR\"}]}<\/script>\n<!-- \/ Yoast SEO plugin. -->","yoast_head_json":{"title":"Le Complexe | Nyala Suite Hotel Hotel 4 \u00e9toiles \u00e0 San Remo","description":"H\u00f4tel 4 \u00e9toiles moderne, avec suite, grand jardin, vue panoramique sur la mer, piscine, services pour familles, cyclistes et touristes","robots":{"index":"noindex","follow":"follow","max-snippet":"max-snippet:-1","max-image-preview":"max-image-preview:large","max-video-preview":"max-video-preview:-1"},"og_locale":"fr_FR","og_type":"article","og_title":"Le Complexe | Nyala Suite Hotel Hotel 4 \u00e9toiles \u00e0 San Remo","og_description":"H\u00f4tel 4 \u00e9toiles moderne, avec suite, grand jardin, vue panoramique sur la mer, piscine, services pour familles, cyclistes et touristes","og_url":"https:\/\/nyala.info\/fr\/hotel\/le-resort\/","og_site_name":"Nyala Suite Hotel","article_modified_time":"2017-07-24T10:15:25+00:00","og_image":[{"width":1500,"height":1000,"url":"https:\/\/nyala.info\/wp-content\/uploads\/2015\/03\/nyala_pool3.jpg","type":"image\/jpeg"}],"twitter_card":"summary_large_image","twitter_misc":{"Est. reading time":"4 minutes"},"schema":{"@context":"https:\/\/schema.org","@graph":[{"@type":"WebPage","@id":"https:\/\/nyala.info\/fr\/hotel\/le-resort\/","url":"https:\/\/nyala.info\/fr\/hotel\/le-resort\/","name":"Le Complexe | Nyala Suite Hotel Hotel 4 \u00e9toiles \u00e0 San Remo","isPartOf":{"@id":"https:\/\/nyala.info\/fr\/#website"},"primaryImageOfPage":{"@id":"https:\/\/nyala.info\/fr\/hotel\/le-resort\/#primaryimage"},"image":{"@id":"https:\/\/nyala.info\/fr\/hotel\/le-resort\/#primaryimage"},"thumbnailUrl":"https:\/\/nyala.info\/wp-content\/uploads\/2015\/03\/nyala_pool3.jpg","datePublished":"2017-02-10T09:44:03+00:00","dateModified":"2017-07-24T10:15:25+00:00","description":"H\u00f4tel 4 \u00e9toiles moderne, avec suite, grand jardin, vue panoramique sur la mer, piscine, services pour familles, cyclistes et touristes","breadcrumb":{"@id":"https:\/\/nyala.info\/fr\/hotel\/le-resort\/#breadcrumb"},"inLanguage":"fr-FR","potentialAction":[{"@type":"ReadAction","target":["https:\/\/nyala.info\/fr\/hotel\/le-resort\/"]}]},{"@type":"ImageObject","inLanguage":"fr-FR","@id":"https:\/\/nyala.info\/fr\/hotel\/le-resort\/#primaryimage","url":"https:\/\/nyala.info\/wp-content\/uploads\/2015\/03\/nyala_pool3.jpg","contentUrl":"https:\/\/nyala.info\/wp-content\/uploads\/2015\/03\/nyala_pool3.jpg","width":1500,"height":1000,"caption":"nyala suite resort, \u043e\u043f\u0438\u0441\u0430\u043d\u0438\u0435"},{"@type":"BreadcrumbList","@id":"https:\/\/nyala.info\/fr\/hotel\/le-resort\/#breadcrumb","itemListElement":[{"@type":"ListItem","position":1,"name":"Home","item":"https:\/\/nyala.info\/fr\/"},{"@type":"ListItem","position":2,"name":"Hotel","item":"https:\/\/nyala.info\/fr\/hotel\/"},{"@type":"ListItem","position":3,"name":"Le Complexe"}]},{"@type":"WebSite","@id":"https:\/\/nyala.info\/fr\/#website","url":"https:\/\/nyala.info\/fr\/","name":"Nyala Suite Hotel","description":"Hotel 4 \u00e9toiles \u00e0 San Remo","potentialAction":[{"@type":"SearchAction","target":{"@type":"EntryPoint","urlTemplate":"https:\/\/nyala.info\/fr\/?s={search_term_string}"},"query-input":{"@type":"PropertyValueSpecification","valueRequired":true,"valueName":"search_term_string"}}],"inLanguage":"fr-FR"}]}},"_links":{"self":[{"href":"https:\/\/nyala.info\/fr\/wp-json\/wp\/v2\/pages\/1371"}],"collection":[{"href":"https:\/\/nyala.info\/fr\/wp-json\/wp\/v2\/pages"}],"about":[{"href":"https:\/\/nyala.info\/fr\/wp-json\/wp\/v2\/types\/page"}],"author":[{"embeddable":true,"href":"https:\/\/nyala.info\/fr\/wp-json\/wp\/v2\/users\/3"}],"replies":[{"embeddable":true,"href":"https:\/\/nyala.info\/fr\/wp-json\/wp\/v2\/comments?post=1371"}],"version-history":[{"count":12,"href":"https:\/\/nyala.info\/fr\/wp-json\/wp\/v2\/pages\/1371\/revisions"}],"predecessor-version":[{"id":5650,"href":"https:\/\/nyala.info\/fr\/wp-json\/wp\/v2\/pages\/1371\/revisions\/5650"}],"up":[{"embeddable":true,"href":"https:\/\/nyala.info\/fr\/wp-json\/wp\/v2\/pages\/3266"}],"wp:featuredmedia":[{"embeddable":true,"href":"https:\/\/nyala.info\/fr\/wp-json\/wp\/v2\/media\/610"}],"wp:attachment":[{"href":"https:\/\/nyala.info\/fr\/wp-json\/wp\/v2\/media?parent=1371"}],"curies":[{"name":"wp","href":"https:\/\/api.w.org\/{rel}","templated":true}]}}