{"id":8394,"date":"2024-06-26T10:50:14","date_gmt":"2024-06-26T08:50:14","guid":{"rendered":"https:\/\/nyala.info\/?page_id=8394"},"modified":"2024-06-26T10:50:14","modified_gmt":"2024-06-26T08:50:14","slug":"spa-sitzung","status":"publish","type":"page","link":"https:\/\/nyala.info\/de\/kuscheln\/spa-sitzung\/","title":{"rendered":"Spa-Sitzung"},"content":{"rendered":"<h1><\/h1>\n<h3 style=\"text-align: center;\">G\u00f6nnen Sie sich eine Sitzung, um K\u00f6rper und Geist in einer intimen, ruhigen und entspannenden Umgebung in Einklang zu bringen. Genie\u00dfen Sie eine Spa-Sitzung in Sanremo, das haben Sie sich verdient! 15 Minuten vom Nyala Hotel entfernt.<\/h3>\n","protected":false},"excerpt":{"rendered":"<p>G\u00f6nnen Sie sich eine Sitzung, um K\u00f6rper und Geist in einer intimen, ruhigen und entspannenden Umgebung in Einklang zu bringen. Genie\u00dfen Sie eine Spa-Sitzung in Sanremo, das haben Sie sich verdient! 15 Minuten vom Nyala Hotel entfernt.<\/p>\n","protected":false},"author":18,"featured_media":7776,"parent":8078,"menu_order":6,"comment_status":"closed","ping_status":"closed","template":"page_second_level.php","meta":{"_acf_changed":false,"footnotes":""},"class_list":["post-8394","page","type-page","status-publish","has-post-thumbnail","hentry"],"acf":[],"yoast_head":"<!-- This site is optimized with the Yoast SEO plugin v25.6 - https:\/\/yoast.com\/wordpress\/plugins\/seo\/ -->\n<title>Spa-Sitzung | Nyala Suite Hotel 4-Sterne-Hotel in San Remo<\/title>\n<meta name=\"robots\" content=\"noindex, follow, max-snippet:-1, max-image-preview:large, max-video-preview:-1\" \/>\n<meta property=\"og:locale\" content=\"de_DE\" \/>\n<meta property=\"og:type\" content=\"article\" \/>\n<meta property=\"og:title\" content=\"Spa-Sitzung | Nyala Suite Hotel 4-Sterne-Hotel in San Remo\" \/>\n<meta property=\"og:description\" content=\"G\u00f6nnen Sie sich eine Sitzung, um K\u00f6rper und Geist in einer intimen, ruhigen und entspannenden Umgebung in Einklang zu bringen. Genie\u00dfen Sie eine Spa-Sitzung in Sanremo, das haben Sie sich verdient! 15 Minuten vom Nyala Hotel entfernt.\" \/>\n<meta property=\"og:url\" content=\"https:\/\/nyala.info\/de\/kuscheln\/spa-sitzung\/\" \/>\n<meta property=\"og:site_name\" content=\"Nyala Suite Hotel\" \/>\n<meta property=\"og:image\" content=\"http:\/\/nyala.info\/wp-content\/uploads\/2019\/09\/massage-therapy-1612308_1920.jpg\" \/>\n\t<meta property=\"og:image:width\" content=\"1920\" \/>\n\t<meta property=\"og:image:height\" content=\"1280\" \/>\n\t<meta property=\"og:image:type\" content=\"image\/jpeg\" \/>\n<meta name=\"twitter:card\" content=\"summary_large_image\" \/>\n<meta name=\"twitter:label1\" content=\"Est. reading time\" \/>\n\t<meta name=\"twitter:data1\" content=\"1 minute\" \/>\n<script type=\"application\/ld+json\" class=\"yoast-schema-graph\">{\"@context\":\"https:\/\/schema.org\",\"@graph\":[{\"@type\":\"WebPage\",\"@id\":\"https:\/\/nyala.info\/de\/kuscheln\/spa-sitzung\/\",\"url\":\"https:\/\/nyala.info\/de\/kuscheln\/spa-sitzung\/\",\"name\":\"Spa-Sitzung | Nyala Suite Hotel 4-Sterne-Hotel in San Remo\",\"isPartOf\":{\"@id\":\"https:\/\/nyala.info\/de\/#website\"},\"primaryImageOfPage\":{\"@id\":\"https:\/\/nyala.info\/de\/kuscheln\/spa-sitzung\/#primaryimage\"},\"image\":{\"@id\":\"https:\/\/nyala.info\/de\/kuscheln\/spa-sitzung\/#primaryimage\"},\"thumbnailUrl\":\"https:\/\/nyala.info\/wp-content\/uploads\/2019\/09\/massage-therapy-1612308_1920.jpg\",\"datePublished\":\"2024-06-26T08:50:14+00:00\",\"breadcrumb\":{\"@id\":\"https:\/\/nyala.info\/de\/kuscheln\/spa-sitzung\/#breadcrumb\"},\"inLanguage\":\"de-DE\",\"potentialAction\":[{\"@type\":\"ReadAction\",\"target\":[\"https:\/\/nyala.info\/de\/kuscheln\/spa-sitzung\/\"]}]},{\"@type\":\"ImageObject\",\"inLanguage\":\"de-DE\",\"@id\":\"https:\/\/nyala.info\/de\/kuscheln\/spa-sitzung\/#primaryimage\",\"url\":\"https:\/\/nyala.info\/wp-content\/uploads\/2019\/09\/massage-therapy-1612308_1920.jpg\",\"contentUrl\":\"https:\/\/nyala.info\/wp-content\/uploads\/2019\/09\/massage-therapy-1612308_1920.jpg\",\"width\":1920,\"height\":1280},{\"@type\":\"BreadcrumbList\",\"@id\":\"https:\/\/nyala.info\/de\/kuscheln\/spa-sitzung\/#breadcrumb\",\"itemListElement\":[{\"@type\":\"ListItem\",\"position\":1,\"name\":\"Home\",\"item\":\"https:\/\/nyala.info\/de\/\"},{\"@type\":\"ListItem\",\"position\":2,\"name\":\"Kuscheln\",\"item\":\"https:\/\/nyala.info\/de\/kuscheln\/\"},{\"@type\":\"ListItem\",\"position\":3,\"name\":\"Spa-Sitzung\"}]},{\"@type\":\"WebSite\",\"@id\":\"https:\/\/nyala.info\/de\/#website\",\"url\":\"https:\/\/nyala.info\/de\/\",\"name\":\"Nyala Suite Hotel\",\"description\":\"4-Sterne-Hotel in San Remo\",\"potentialAction\":[{\"@type\":\"SearchAction\",\"target\":{\"@type\":\"EntryPoint\",\"urlTemplate\":\"https:\/\/nyala.info\/de\/?s={search_term_string}\"},\"query-input\":{\"@type\":\"PropertyValueSpecification\",\"valueRequired\":true,\"valueName\":\"search_term_string\"}}],\"inLanguage\":\"de-DE\"}]}<\/script>\n<!-- \/ Yoast SEO plugin. -->","yoast_head_json":{"title":"Spa-Sitzung | Nyala Suite Hotel 4-Sterne-Hotel in San Remo","robots":{"index":"noindex","follow":"follow","max-snippet":"max-snippet:-1","max-image-preview":"max-image-preview:large","max-video-preview":"max-video-preview:-1"},"og_locale":"de_DE","og_type":"article","og_title":"Spa-Sitzung | Nyala Suite Hotel 4-Sterne-Hotel in San Remo","og_description":"G\u00f6nnen Sie sich eine Sitzung, um K\u00f6rper und Geist in einer intimen, ruhigen und entspannenden Umgebung in Einklang zu bringen. Genie\u00dfen Sie eine Spa-Sitzung in Sanremo, das haben Sie sich verdient! 15 Minuten vom Nyala Hotel entfernt.","og_url":"https:\/\/nyala.info\/de\/kuscheln\/spa-sitzung\/","og_site_name":"Nyala Suite Hotel","og_image":[{"width":1920,"height":1280,"url":"http:\/\/nyala.info\/wp-content\/uploads\/2019\/09\/massage-therapy-1612308_1920.jpg","type":"image\/jpeg"}],"twitter_card":"summary_large_image","twitter_misc":{"Est. reading time":"1 minute"},"schema":{"@context":"https:\/\/schema.org","@graph":[{"@type":"WebPage","@id":"https:\/\/nyala.info\/de\/kuscheln\/spa-sitzung\/","url":"https:\/\/nyala.info\/de\/kuscheln\/spa-sitzung\/","name":"Spa-Sitzung | Nyala Suite Hotel 4-Sterne-Hotel in San Remo","isPartOf":{"@id":"https:\/\/nyala.info\/de\/#website"},"primaryImageOfPage":{"@id":"https:\/\/nyala.info\/de\/kuscheln\/spa-sitzung\/#primaryimage"},"image":{"@id":"https:\/\/nyala.info\/de\/kuscheln\/spa-sitzung\/#primaryimage"},"thumbnailUrl":"https:\/\/nyala.info\/wp-content\/uploads\/2019\/09\/massage-therapy-1612308_1920.jpg","datePublished":"2024-06-26T08:50:14+00:00","breadcrumb":{"@id":"https:\/\/nyala.info\/de\/kuscheln\/spa-sitzung\/#breadcrumb"},"inLanguage":"de-DE","potentialAction":[{"@type":"ReadAction","target":["https:\/\/nyala.info\/de\/kuscheln\/spa-sitzung\/"]}]},{"@type":"ImageObject","inLanguage":"de-DE","@id":"https:\/\/nyala.info\/de\/kuscheln\/spa-sitzung\/#primaryimage","url":"https:\/\/nyala.info\/wp-content\/uploads\/2019\/09\/massage-therapy-1612308_1920.jpg","contentUrl":"https:\/\/nyala.info\/wp-content\/uploads\/2019\/09\/massage-therapy-1612308_1920.jpg","width":1920,"height":1280},{"@type":"BreadcrumbList","@id":"https:\/\/nyala.info\/de\/kuscheln\/spa-sitzung\/#breadcrumb","itemListElement":[{"@type":"ListItem","position":1,"name":"Home","item":"https:\/\/nyala.info\/de\/"},{"@type":"ListItem","position":2,"name":"Kuscheln","item":"https:\/\/nyala.info\/de\/kuscheln\/"},{"@type":"ListItem","position":3,"name":"Spa-Sitzung"}]},{"@type":"WebSite","@id":"https:\/\/nyala.info\/de\/#website","url":"https:\/\/nyala.info\/de\/","name":"Nyala Suite Hotel","description":"4-Sterne-Hotel in San Remo","potentialAction":[{"@type":"SearchAction","target":{"@type":"EntryPoint","urlTemplate":"https:\/\/nyala.info\/de\/?s={search_term_string}"},"query-input":{"@type":"PropertyValueSpecification","valueRequired":true,"valueName":"search_term_string"}}],"inLanguage":"de-DE"}]}},"_links":{"self":[{"href":"https:\/\/nyala.info\/de\/wp-json\/wp\/v2\/pages\/8394"}],"collection":[{"href":"https:\/\/nyala.info\/de\/wp-json\/wp\/v2\/pages"}],"about":[{"href":"https:\/\/nyala.info\/de\/wp-json\/wp\/v2\/types\/page"}],"author":[{"embeddable":true,"href":"https:\/\/nyala.info\/de\/wp-json\/wp\/v2\/users\/18"}],"replies":[{"embeddable":true,"href":"https:\/\/nyala.info\/de\/wp-json\/wp\/v2\/comments?post=8394"}],"version-history":[{"count":1,"href":"https:\/\/nyala.info\/de\/wp-json\/wp\/v2\/pages\/8394\/revisions"}],"predecessor-version":[{"id":8395,"href":"https:\/\/nyala.info\/de\/wp-json\/wp\/v2\/pages\/8394\/revisions\/8395"}],"up":[{"embeddable":true,"href":"https:\/\/nyala.info\/de\/wp-json\/wp\/v2\/pages\/8078"}],"wp:featuredmedia":[{"embeddable":true,"href":"https:\/\/nyala.info\/de\/wp-json\/wp\/v2\/media\/7776"}],"wp:attachment":[{"href":"https:\/\/nyala.info\/de\/wp-json\/wp\/v2\/media?parent=8394"}],"curies":[{"name":"wp","href":"https:\/\/api.w.org\/{rel}","templated":true}]}}