{"id":8388,"date":"2024-06-26T10:46:28","date_gmt":"2024-06-26T08:46:28","guid":{"rendered":"https:\/\/nyala.info\/?page_id=8388"},"modified":"2024-06-26T10:46:28","modified_gmt":"2024-06-26T08:46:28","slug":"abendessen-fuer-zwei","status":"publish","type":"page","link":"https:\/\/nyala.info\/de\/kuscheln\/abendessen-fuer-zwei\/","title":{"rendered":"Abendessen f\u00fcr zwei"},"content":{"rendered":"<h1><\/h1>\n<h3 style=\"text-align: center;\">W\u00e4hlen Sie ein entspanntes und gem\u00fctliches kulinarisches Erlebnis im Komfort und in der Bequemlichkeit Ihres Zimmers. Wir bieten die gleiche Qualit\u00e4t und einen hervorragenden Service. Genie\u00dfen Sie ein k\u00f6stliches Abendessen im Zimmer und w\u00e4hlen Sie die Speisen und Getr\u00e4nke, die Sie probieren m\u00f6chten.<\/h3>\n<p>&nbsp;<\/p>\n","protected":false},"excerpt":{"rendered":"<p>W\u00e4hlen Sie ein entspanntes und gem\u00fctliches kulinarisches Erlebnis im Komfort und in der Bequemlichkeit Ihres Zimmers. Wir bieten die gleiche Qualit\u00e4t und einen hervorragenden Service. Genie\u00dfen Sie ein k\u00f6stliches Abendessen im Zimmer und w\u00e4hlen Sie die Speisen und Getr\u00e4nke, die Sie probieren m\u00f6chten. &nbsp;<\/p>\n","protected":false},"author":18,"featured_media":7767,"parent":8078,"menu_order":5,"comment_status":"closed","ping_status":"closed","template":"page_second_level.php","meta":{"_acf_changed":false,"footnotes":""},"class_list":["post-8388","page","type-page","status-publish","has-post-thumbnail","hentry"],"acf":[],"yoast_head":"<!-- This site is optimized with the Yoast SEO plugin v25.6 - https:\/\/yoast.com\/wordpress\/plugins\/seo\/ -->\n<title>Abendessen f\u00fcr zwei | Nyala Suite Hotel 4-Sterne-Hotel in San Remo<\/title>\n<meta name=\"robots\" content=\"noindex, follow, max-snippet:-1, max-image-preview:large, max-video-preview:-1\" \/>\n<meta property=\"og:locale\" content=\"de_DE\" \/>\n<meta property=\"og:type\" content=\"article\" \/>\n<meta property=\"og:title\" content=\"Abendessen f\u00fcr zwei | Nyala Suite Hotel 4-Sterne-Hotel in San Remo\" \/>\n<meta property=\"og:description\" content=\"W\u00e4hlen Sie ein entspanntes und gem\u00fctliches kulinarisches Erlebnis im Komfort und in der Bequemlichkeit Ihres Zimmers. Wir bieten die gleiche Qualit\u00e4t und einen hervorragenden Service. Genie\u00dfen Sie ein k\u00f6stliches Abendessen im Zimmer und w\u00e4hlen Sie die Speisen und Getr\u00e4nke, die Sie probieren m\u00f6chten. &nbsp;\" \/>\n<meta property=\"og:url\" content=\"https:\/\/nyala.info\/de\/kuscheln\/abendessen-fuer-zwei\/\" \/>\n<meta property=\"og:site_name\" content=\"Nyala Suite Hotel\" \/>\n<meta property=\"og:image\" content=\"http:\/\/nyala.info\/wp-content\/uploads\/2019\/09\/love-1951386_1920.jpg\" \/>\n\t<meta property=\"og:image:width\" content=\"1920\" \/>\n\t<meta property=\"og:image:height\" content=\"1185\" \/>\n\t<meta property=\"og:image:type\" content=\"image\/jpeg\" \/>\n<meta name=\"twitter:card\" content=\"summary_large_image\" \/>\n<meta name=\"twitter:label1\" content=\"Est. reading time\" \/>\n\t<meta name=\"twitter:data1\" content=\"1 minute\" \/>\n<script type=\"application\/ld+json\" class=\"yoast-schema-graph\">{\"@context\":\"https:\/\/schema.org\",\"@graph\":[{\"@type\":\"WebPage\",\"@id\":\"https:\/\/nyala.info\/de\/kuscheln\/abendessen-fuer-zwei\/\",\"url\":\"https:\/\/nyala.info\/de\/kuscheln\/abendessen-fuer-zwei\/\",\"name\":\"Abendessen f\u00fcr zwei | Nyala Suite Hotel 4-Sterne-Hotel in San Remo\",\"isPartOf\":{\"@id\":\"https:\/\/nyala.info\/de\/#website\"},\"primaryImageOfPage\":{\"@id\":\"https:\/\/nyala.info\/de\/kuscheln\/abendessen-fuer-zwei\/#primaryimage\"},\"image\":{\"@id\":\"https:\/\/nyala.info\/de\/kuscheln\/abendessen-fuer-zwei\/#primaryimage\"},\"thumbnailUrl\":\"https:\/\/nyala.info\/wp-content\/uploads\/2019\/09\/love-1951386_1920.jpg\",\"datePublished\":\"2024-06-26T08:46:28+00:00\",\"breadcrumb\":{\"@id\":\"https:\/\/nyala.info\/de\/kuscheln\/abendessen-fuer-zwei\/#breadcrumb\"},\"inLanguage\":\"de-DE\",\"potentialAction\":[{\"@type\":\"ReadAction\",\"target\":[\"https:\/\/nyala.info\/de\/kuscheln\/abendessen-fuer-zwei\/\"]}]},{\"@type\":\"ImageObject\",\"inLanguage\":\"de-DE\",\"@id\":\"https:\/\/nyala.info\/de\/kuscheln\/abendessen-fuer-zwei\/#primaryimage\",\"url\":\"https:\/\/nyala.info\/wp-content\/uploads\/2019\/09\/love-1951386_1920.jpg\",\"contentUrl\":\"https:\/\/nyala.info\/wp-content\/uploads\/2019\/09\/love-1951386_1920.jpg\",\"width\":1920,\"height\":1185},{\"@type\":\"BreadcrumbList\",\"@id\":\"https:\/\/nyala.info\/de\/kuscheln\/abendessen-fuer-zwei\/#breadcrumb\",\"itemListElement\":[{\"@type\":\"ListItem\",\"position\":1,\"name\":\"Home\",\"item\":\"https:\/\/nyala.info\/de\/\"},{\"@type\":\"ListItem\",\"position\":2,\"name\":\"Kuscheln\",\"item\":\"https:\/\/nyala.info\/de\/kuscheln\/\"},{\"@type\":\"ListItem\",\"position\":3,\"name\":\"Abendessen f\u00fcr zwei\"}]},{\"@type\":\"WebSite\",\"@id\":\"https:\/\/nyala.info\/de\/#website\",\"url\":\"https:\/\/nyala.info\/de\/\",\"name\":\"Nyala Suite Hotel\",\"description\":\"4-Sterne-Hotel in San Remo\",\"potentialAction\":[{\"@type\":\"SearchAction\",\"target\":{\"@type\":\"EntryPoint\",\"urlTemplate\":\"https:\/\/nyala.info\/de\/?s={search_term_string}\"},\"query-input\":{\"@type\":\"PropertyValueSpecification\",\"valueRequired\":true,\"valueName\":\"search_term_string\"}}],\"inLanguage\":\"de-DE\"}]}<\/script>\n<!-- \/ Yoast SEO plugin. -->","yoast_head_json":{"title":"Abendessen f\u00fcr zwei | Nyala Suite Hotel 4-Sterne-Hotel in San Remo","robots":{"index":"noindex","follow":"follow","max-snippet":"max-snippet:-1","max-image-preview":"max-image-preview:large","max-video-preview":"max-video-preview:-1"},"og_locale":"de_DE","og_type":"article","og_title":"Abendessen f\u00fcr zwei | Nyala Suite Hotel 4-Sterne-Hotel in San Remo","og_description":"W\u00e4hlen Sie ein entspanntes und gem\u00fctliches kulinarisches Erlebnis im Komfort und in der Bequemlichkeit Ihres Zimmers. Wir bieten die gleiche Qualit\u00e4t und einen hervorragenden Service. Genie\u00dfen Sie ein k\u00f6stliches Abendessen im Zimmer und w\u00e4hlen Sie die Speisen und Getr\u00e4nke, die Sie probieren m\u00f6chten. &nbsp;","og_url":"https:\/\/nyala.info\/de\/kuscheln\/abendessen-fuer-zwei\/","og_site_name":"Nyala Suite Hotel","og_image":[{"width":1920,"height":1185,"url":"http:\/\/nyala.info\/wp-content\/uploads\/2019\/09\/love-1951386_1920.jpg","type":"image\/jpeg"}],"twitter_card":"summary_large_image","twitter_misc":{"Est. reading time":"1 minute"},"schema":{"@context":"https:\/\/schema.org","@graph":[{"@type":"WebPage","@id":"https:\/\/nyala.info\/de\/kuscheln\/abendessen-fuer-zwei\/","url":"https:\/\/nyala.info\/de\/kuscheln\/abendessen-fuer-zwei\/","name":"Abendessen f\u00fcr zwei | Nyala Suite Hotel 4-Sterne-Hotel in San Remo","isPartOf":{"@id":"https:\/\/nyala.info\/de\/#website"},"primaryImageOfPage":{"@id":"https:\/\/nyala.info\/de\/kuscheln\/abendessen-fuer-zwei\/#primaryimage"},"image":{"@id":"https:\/\/nyala.info\/de\/kuscheln\/abendessen-fuer-zwei\/#primaryimage"},"thumbnailUrl":"https:\/\/nyala.info\/wp-content\/uploads\/2019\/09\/love-1951386_1920.jpg","datePublished":"2024-06-26T08:46:28+00:00","breadcrumb":{"@id":"https:\/\/nyala.info\/de\/kuscheln\/abendessen-fuer-zwei\/#breadcrumb"},"inLanguage":"de-DE","potentialAction":[{"@type":"ReadAction","target":["https:\/\/nyala.info\/de\/kuscheln\/abendessen-fuer-zwei\/"]}]},{"@type":"ImageObject","inLanguage":"de-DE","@id":"https:\/\/nyala.info\/de\/kuscheln\/abendessen-fuer-zwei\/#primaryimage","url":"https:\/\/nyala.info\/wp-content\/uploads\/2019\/09\/love-1951386_1920.jpg","contentUrl":"https:\/\/nyala.info\/wp-content\/uploads\/2019\/09\/love-1951386_1920.jpg","width":1920,"height":1185},{"@type":"BreadcrumbList","@id":"https:\/\/nyala.info\/de\/kuscheln\/abendessen-fuer-zwei\/#breadcrumb","itemListElement":[{"@type":"ListItem","position":1,"name":"Home","item":"https:\/\/nyala.info\/de\/"},{"@type":"ListItem","position":2,"name":"Kuscheln","item":"https:\/\/nyala.info\/de\/kuscheln\/"},{"@type":"ListItem","position":3,"name":"Abendessen f\u00fcr zwei"}]},{"@type":"WebSite","@id":"https:\/\/nyala.info\/de\/#website","url":"https:\/\/nyala.info\/de\/","name":"Nyala Suite Hotel","description":"4-Sterne-Hotel in San Remo","potentialAction":[{"@type":"SearchAction","target":{"@type":"EntryPoint","urlTemplate":"https:\/\/nyala.info\/de\/?s={search_term_string}"},"query-input":{"@type":"PropertyValueSpecification","valueRequired":true,"valueName":"search_term_string"}}],"inLanguage":"de-DE"}]}},"_links":{"self":[{"href":"https:\/\/nyala.info\/de\/wp-json\/wp\/v2\/pages\/8388"}],"collection":[{"href":"https:\/\/nyala.info\/de\/wp-json\/wp\/v2\/pages"}],"about":[{"href":"https:\/\/nyala.info\/de\/wp-json\/wp\/v2\/types\/page"}],"author":[{"embeddable":true,"href":"https:\/\/nyala.info\/de\/wp-json\/wp\/v2\/users\/18"}],"replies":[{"embeddable":true,"href":"https:\/\/nyala.info\/de\/wp-json\/wp\/v2\/comments?post=8388"}],"version-history":[{"count":1,"href":"https:\/\/nyala.info\/de\/wp-json\/wp\/v2\/pages\/8388\/revisions"}],"predecessor-version":[{"id":8389,"href":"https:\/\/nyala.info\/de\/wp-json\/wp\/v2\/pages\/8388\/revisions\/8389"}],"up":[{"embeddable":true,"href":"https:\/\/nyala.info\/de\/wp-json\/wp\/v2\/pages\/8078"}],"wp:featuredmedia":[{"embeddable":true,"href":"https:\/\/nyala.info\/de\/wp-json\/wp\/v2\/media\/7767"}],"wp:attachment":[{"href":"https:\/\/nyala.info\/de\/wp-json\/wp\/v2\/media?parent=8388"}],"curies":[{"name":"wp","href":"https:\/\/api.w.org\/{rel}","templated":true}]}}