{"id":8382,"date":"2024-06-26T10:41:25","date_gmt":"2024-06-26T08:41:25","guid":{"rendered":"https:\/\/nyala.info\/?page_id=8382"},"modified":"2024-06-26T10:41:25","modified_gmt":"2024-06-26T08:41:25","slug":"picknickkorb-fuer-zwei","status":"publish","type":"page","link":"https:\/\/nyala.info\/de\/kuscheln\/picknickkorb-fuer-zwei\/","title":{"rendered":"Picknickkorb f\u00fcr zwei"},"content":{"rendered":"<h1><\/h1>\n<h3 style=\"text-align: center;\">In der Stimmung f\u00fcr einen romantischen Ausflug? Wir bereiten Ihnen einen eleganten Picknickkorb mit einem Men\u00fc und einer Flasche typischen ligurischen Weins vor, zur Auswahl zwischen Vermentino, Pigato oder Rossese.<\/h3>\n<p>&nbsp;<\/p>\n","protected":false},"excerpt":{"rendered":"<p>In der Stimmung f\u00fcr einen romantischen Ausflug? Wir bereiten Ihnen einen eleganten Picknickkorb mit einem Men\u00fc und einer Flasche typischen ligurischen Weins vor, zur Auswahl zwischen Vermentino, Pigato oder Rossese. &nbsp;<\/p>\n","protected":false},"author":18,"featured_media":7760,"parent":8078,"menu_order":4,"comment_status":"closed","ping_status":"closed","template":"page_second_level.php","meta":{"_acf_changed":false,"footnotes":""},"class_list":["post-8382","page","type-page","status-publish","has-post-thumbnail","hentry"],"acf":[],"yoast_head":"<!-- This site is optimized with the Yoast SEO plugin v25.6 - https:\/\/yoast.com\/wordpress\/plugins\/seo\/ -->\n<title>Picknickkorb f\u00fcr zwei | Nyala Suite Hotel 4-Sterne-Hotel in San Remo<\/title>\n<meta name=\"robots\" content=\"noindex, follow, max-snippet:-1, max-image-preview:large, max-video-preview:-1\" \/>\n<meta property=\"og:locale\" content=\"de_DE\" \/>\n<meta property=\"og:type\" content=\"article\" \/>\n<meta property=\"og:title\" content=\"Picknickkorb f\u00fcr zwei | Nyala Suite Hotel 4-Sterne-Hotel in San Remo\" \/>\n<meta property=\"og:description\" content=\"In der Stimmung f\u00fcr einen romantischen Ausflug? Wir bereiten Ihnen einen eleganten Picknickkorb mit einem Men\u00fc und einer Flasche typischen ligurischen Weins vor, zur Auswahl zwischen Vermentino, Pigato oder Rossese. &nbsp;\" \/>\n<meta property=\"og:url\" content=\"https:\/\/nyala.info\/de\/kuscheln\/picknickkorb-fuer-zwei\/\" \/>\n<meta property=\"og:site_name\" content=\"Nyala Suite Hotel\" \/>\n<meta property=\"og:image\" content=\"http:\/\/nyala.info\/wp-content\/uploads\/2019\/09\/picnic-2171692_1920.jpg\" \/>\n\t<meta property=\"og:image:width\" content=\"1920\" \/>\n\t<meta property=\"og:image:height\" content=\"1280\" \/>\n\t<meta property=\"og:image:type\" content=\"image\/jpeg\" \/>\n<meta name=\"twitter:card\" content=\"summary_large_image\" \/>\n<meta name=\"twitter:label1\" content=\"Est. reading time\" \/>\n\t<meta name=\"twitter:data1\" content=\"1 minute\" \/>\n<script type=\"application\/ld+json\" class=\"yoast-schema-graph\">{\"@context\":\"https:\/\/schema.org\",\"@graph\":[{\"@type\":\"WebPage\",\"@id\":\"https:\/\/nyala.info\/de\/kuscheln\/picknickkorb-fuer-zwei\/\",\"url\":\"https:\/\/nyala.info\/de\/kuscheln\/picknickkorb-fuer-zwei\/\",\"name\":\"Picknickkorb f\u00fcr zwei | Nyala Suite Hotel 4-Sterne-Hotel in San Remo\",\"isPartOf\":{\"@id\":\"https:\/\/nyala.info\/de\/#website\"},\"primaryImageOfPage\":{\"@id\":\"https:\/\/nyala.info\/de\/kuscheln\/picknickkorb-fuer-zwei\/#primaryimage\"},\"image\":{\"@id\":\"https:\/\/nyala.info\/de\/kuscheln\/picknickkorb-fuer-zwei\/#primaryimage\"},\"thumbnailUrl\":\"https:\/\/nyala.info\/wp-content\/uploads\/2019\/09\/picnic-2171692_1920.jpg\",\"datePublished\":\"2024-06-26T08:41:25+00:00\",\"breadcrumb\":{\"@id\":\"https:\/\/nyala.info\/de\/kuscheln\/picknickkorb-fuer-zwei\/#breadcrumb\"},\"inLanguage\":\"de-DE\",\"potentialAction\":[{\"@type\":\"ReadAction\",\"target\":[\"https:\/\/nyala.info\/de\/kuscheln\/picknickkorb-fuer-zwei\/\"]}]},{\"@type\":\"ImageObject\",\"inLanguage\":\"de-DE\",\"@id\":\"https:\/\/nyala.info\/de\/kuscheln\/picknickkorb-fuer-zwei\/#primaryimage\",\"url\":\"https:\/\/nyala.info\/wp-content\/uploads\/2019\/09\/picnic-2171692_1920.jpg\",\"contentUrl\":\"https:\/\/nyala.info\/wp-content\/uploads\/2019\/09\/picnic-2171692_1920.jpg\",\"width\":1920,\"height\":1280},{\"@type\":\"BreadcrumbList\",\"@id\":\"https:\/\/nyala.info\/de\/kuscheln\/picknickkorb-fuer-zwei\/#breadcrumb\",\"itemListElement\":[{\"@type\":\"ListItem\",\"position\":1,\"name\":\"Home\",\"item\":\"https:\/\/nyala.info\/de\/\"},{\"@type\":\"ListItem\",\"position\":2,\"name\":\"Kuscheln\",\"item\":\"https:\/\/nyala.info\/de\/kuscheln\/\"},{\"@type\":\"ListItem\",\"position\":3,\"name\":\"Picknickkorb f\u00fcr zwei\"}]},{\"@type\":\"WebSite\",\"@id\":\"https:\/\/nyala.info\/de\/#website\",\"url\":\"https:\/\/nyala.info\/de\/\",\"name\":\"Nyala Suite Hotel\",\"description\":\"4-Sterne-Hotel in San Remo\",\"potentialAction\":[{\"@type\":\"SearchAction\",\"target\":{\"@type\":\"EntryPoint\",\"urlTemplate\":\"https:\/\/nyala.info\/de\/?s={search_term_string}\"},\"query-input\":{\"@type\":\"PropertyValueSpecification\",\"valueRequired\":true,\"valueName\":\"search_term_string\"}}],\"inLanguage\":\"de-DE\"}]}<\/script>\n<!-- \/ Yoast SEO plugin. -->","yoast_head_json":{"title":"Picknickkorb f\u00fcr zwei | Nyala Suite Hotel 4-Sterne-Hotel in San Remo","robots":{"index":"noindex","follow":"follow","max-snippet":"max-snippet:-1","max-image-preview":"max-image-preview:large","max-video-preview":"max-video-preview:-1"},"og_locale":"de_DE","og_type":"article","og_title":"Picknickkorb f\u00fcr zwei | Nyala Suite Hotel 4-Sterne-Hotel in San Remo","og_description":"In der Stimmung f\u00fcr einen romantischen Ausflug? Wir bereiten Ihnen einen eleganten Picknickkorb mit einem Men\u00fc und einer Flasche typischen ligurischen Weins vor, zur Auswahl zwischen Vermentino, Pigato oder Rossese. &nbsp;","og_url":"https:\/\/nyala.info\/de\/kuscheln\/picknickkorb-fuer-zwei\/","og_site_name":"Nyala Suite Hotel","og_image":[{"width":1920,"height":1280,"url":"http:\/\/nyala.info\/wp-content\/uploads\/2019\/09\/picnic-2171692_1920.jpg","type":"image\/jpeg"}],"twitter_card":"summary_large_image","twitter_misc":{"Est. reading time":"1 minute"},"schema":{"@context":"https:\/\/schema.org","@graph":[{"@type":"WebPage","@id":"https:\/\/nyala.info\/de\/kuscheln\/picknickkorb-fuer-zwei\/","url":"https:\/\/nyala.info\/de\/kuscheln\/picknickkorb-fuer-zwei\/","name":"Picknickkorb f\u00fcr zwei | Nyala Suite Hotel 4-Sterne-Hotel in San Remo","isPartOf":{"@id":"https:\/\/nyala.info\/de\/#website"},"primaryImageOfPage":{"@id":"https:\/\/nyala.info\/de\/kuscheln\/picknickkorb-fuer-zwei\/#primaryimage"},"image":{"@id":"https:\/\/nyala.info\/de\/kuscheln\/picknickkorb-fuer-zwei\/#primaryimage"},"thumbnailUrl":"https:\/\/nyala.info\/wp-content\/uploads\/2019\/09\/picnic-2171692_1920.jpg","datePublished":"2024-06-26T08:41:25+00:00","breadcrumb":{"@id":"https:\/\/nyala.info\/de\/kuscheln\/picknickkorb-fuer-zwei\/#breadcrumb"},"inLanguage":"de-DE","potentialAction":[{"@type":"ReadAction","target":["https:\/\/nyala.info\/de\/kuscheln\/picknickkorb-fuer-zwei\/"]}]},{"@type":"ImageObject","inLanguage":"de-DE","@id":"https:\/\/nyala.info\/de\/kuscheln\/picknickkorb-fuer-zwei\/#primaryimage","url":"https:\/\/nyala.info\/wp-content\/uploads\/2019\/09\/picnic-2171692_1920.jpg","contentUrl":"https:\/\/nyala.info\/wp-content\/uploads\/2019\/09\/picnic-2171692_1920.jpg","width":1920,"height":1280},{"@type":"BreadcrumbList","@id":"https:\/\/nyala.info\/de\/kuscheln\/picknickkorb-fuer-zwei\/#breadcrumb","itemListElement":[{"@type":"ListItem","position":1,"name":"Home","item":"https:\/\/nyala.info\/de\/"},{"@type":"ListItem","position":2,"name":"Kuscheln","item":"https:\/\/nyala.info\/de\/kuscheln\/"},{"@type":"ListItem","position":3,"name":"Picknickkorb f\u00fcr zwei"}]},{"@type":"WebSite","@id":"https:\/\/nyala.info\/de\/#website","url":"https:\/\/nyala.info\/de\/","name":"Nyala Suite Hotel","description":"4-Sterne-Hotel in San Remo","potentialAction":[{"@type":"SearchAction","target":{"@type":"EntryPoint","urlTemplate":"https:\/\/nyala.info\/de\/?s={search_term_string}"},"query-input":{"@type":"PropertyValueSpecification","valueRequired":true,"valueName":"search_term_string"}}],"inLanguage":"de-DE"}]}},"_links":{"self":[{"href":"https:\/\/nyala.info\/de\/wp-json\/wp\/v2\/pages\/8382"}],"collection":[{"href":"https:\/\/nyala.info\/de\/wp-json\/wp\/v2\/pages"}],"about":[{"href":"https:\/\/nyala.info\/de\/wp-json\/wp\/v2\/types\/page"}],"author":[{"embeddable":true,"href":"https:\/\/nyala.info\/de\/wp-json\/wp\/v2\/users\/18"}],"replies":[{"embeddable":true,"href":"https:\/\/nyala.info\/de\/wp-json\/wp\/v2\/comments?post=8382"}],"version-history":[{"count":1,"href":"https:\/\/nyala.info\/de\/wp-json\/wp\/v2\/pages\/8382\/revisions"}],"predecessor-version":[{"id":8383,"href":"https:\/\/nyala.info\/de\/wp-json\/wp\/v2\/pages\/8382\/revisions\/8383"}],"up":[{"embeddable":true,"href":"https:\/\/nyala.info\/de\/wp-json\/wp\/v2\/pages\/8078"}],"wp:featuredmedia":[{"embeddable":true,"href":"https:\/\/nyala.info\/de\/wp-json\/wp\/v2\/media\/7760"}],"wp:attachment":[{"href":"https:\/\/nyala.info\/de\/wp-json\/wp\/v2\/media?parent=8382"}],"curies":[{"name":"wp","href":"https:\/\/api.w.org\/{rel}","templated":true}]}}