{"id":8298,"date":"2024-03-31T16:52:03","date_gmt":"2024-03-31T14:52:03","guid":{"rendered":"https:\/\/nyala.info\/?page_id=8298"},"modified":"2024-03-31T16:52:03","modified_gmt":"2024-03-31T14:52:03","slug":"grundriss","status":"publish","type":"page","link":"https:\/\/nyala.info\/de\/services\/grundriss\/","title":{"rendered":"Grundriss"},"content":{"rendered":"<h1 style=\"text-align: center;\"><img loading=\"lazy\" decoding=\"async\" class=\"wp-image-7837 size-medium aligncenter\" src=\"http:\/\/nyala.info\/wp-content\/uploads\/2019\/09\/logo-nyala-hotel-new-02-e1568224924375-300x104.png\" alt=\"\" width=\"300\" height=\"104\" srcset=\"https:\/\/nyala.info\/wp-content\/uploads\/2019\/09\/logo-nyala-hotel-new-02-e1568224924375-300x104.png 300w, https:\/\/nyala.info\/wp-content\/uploads\/2019\/09\/logo-nyala-hotel-new-02-e1568224924375-768x265.png 768w, https:\/\/nyala.info\/wp-content\/uploads\/2019\/09\/logo-nyala-hotel-new-02-e1568224924375-1024x354.png 1024w, https:\/\/nyala.info\/wp-content\/uploads\/2019\/09\/logo-nyala-hotel-new-02-e1568224924375-3x1.png 3w\" sizes=\"(max-width: 300px) 100vw, 300px\" \/><\/h1>\n<h1 class=\"entry-title\" style=\"text-align: center;\">Grundriss des Nyala Suite Hotels<\/h1>\n<h3>Entdecken Sie unsere Anlage im Voraus, w\u00e4hlen Sie das Zimmer mit der Aussicht, die Ihnen am besten gef\u00e4llt!<\/h3>\n<p>Wie Sie feststellen werden, besteht unser Hotel aus zwei separaten Geb\u00e4uden, die auch intern durch einen \u00fcberdachten Tunnel verbunden sind, der es Ihnen erm\u00f6glicht, sich problemlos zwischen den beiden Bereichen zu bewegen.<\/p>\n<p>Im Hauptgeb\u00e4ude befinden sich die Junior Suiten sowie etwa zwanzig traditionelle Zimmer, der Fr\u00fchst\u00fccksraum, das Restaurant, die Rezeption und die Tagungsr\u00e4ume sowie ein gro\u00dfer Parkplatz.<\/p>\n<p>Im Poolfl\u00fcgel, dem zweiten Geb\u00e4ude, befinden sich weitere zwanzig Zimmer, der gro\u00dfe Au\u00dfenpool, der Spielplatz und unsere in den Sommermonaten ge\u00f6ffnete Grillbar.<\/p>\n<p>Wie Sie feststellen werden, verf\u00fcgen alle unsere Zimmer \u00fcber einen Zugang zum Freien, sei es ein Balkon oder eine private Terrasse.<\/p>\n<p>&nbsp;<\/p>\n<p><a href=\"http:\/\/nyala.info\/wp-content\/uploads\/2024\/03\/PLANIMETRIA-NYALA-HOTEL-scaled.jpg\"><img loading=\"lazy\" decoding=\"async\" class=\"alignleft wp-image-8278 size-large\" src=\"http:\/\/nyala.info\/wp-content\/uploads\/2024\/03\/PLANIMETRIA-NYALA-HOTEL-1024x724.jpg\" alt=\"Planimetria Nyala Hotel\" width=\"1024\" height=\"724\" srcset=\"https:\/\/nyala.info\/wp-content\/uploads\/2024\/03\/PLANIMETRIA-NYALA-HOTEL-1024x724.jpg 1024w, https:\/\/nyala.info\/wp-content\/uploads\/2024\/03\/PLANIMETRIA-NYALA-HOTEL-300x212.jpg 300w, https:\/\/nyala.info\/wp-content\/uploads\/2024\/03\/PLANIMETRIA-NYALA-HOTEL-768x543.jpg 768w, https:\/\/nyala.info\/wp-content\/uploads\/2024\/03\/PLANIMETRIA-NYALA-HOTEL-1536x1086.jpg 1536w, https:\/\/nyala.info\/wp-content\/uploads\/2024\/03\/PLANIMETRIA-NYALA-HOTEL-2048x1449.jpg 2048w, https:\/\/nyala.info\/wp-content\/uploads\/2024\/03\/PLANIMETRIA-NYALA-HOTEL-1x1.jpg 1w\" sizes=\"(max-width: 1024px) 100vw, 1024px\" \/><\/a><\/p>\n","protected":false},"excerpt":{"rendered":"<p>Grundriss des Nyala Suite Hotels Entdecken Sie unsere Anlage im Voraus, w\u00e4hlen Sie das Zimmer mit der Aussicht, die Ihnen am besten gef\u00e4llt! Wie Sie feststellen werden, besteht unser Hotel aus zwei separaten Geb\u00e4uden, die auch intern durch einen \u00fcberdachten Tunnel verbunden sind, der es Ihnen erm\u00f6glicht, sich problemlos zwischen den beiden Bereichen zu bewegen. [&hellip;]<\/p>\n","protected":false},"author":18,"featured_media":8281,"parent":8061,"menu_order":0,"comment_status":"closed","ping_status":"closed","template":"","meta":{"_acf_changed":false,"footnotes":""},"class_list":["post-8298","page","type-page","status-publish","has-post-thumbnail","hentry"],"acf":[],"yoast_head":"<!-- This site is optimized with the Yoast SEO plugin v25.6 - https:\/\/yoast.com\/wordpress\/plugins\/seo\/ -->\n<title>Grundriss | Nyala Suite Hotel 4-Sterne-Hotel in San Remo<\/title>\n<meta name=\"description\" content=\"Entdecken Sie den Grundriss unseres Nyala Suite Hotels im Voraus und w\u00e4hlen Sie das Zimmer mit der Aussicht, die Ihnen am besten gef\u00e4llt!\" \/>\n<meta name=\"robots\" content=\"noindex, follow, max-snippet:-1, max-image-preview:large, max-video-preview:-1\" \/>\n<meta property=\"og:locale\" content=\"de_DE\" \/>\n<meta property=\"og:type\" content=\"article\" \/>\n<meta property=\"og:title\" content=\"Grundriss | Nyala Suite Hotel 4-Sterne-Hotel in San Remo\" \/>\n<meta property=\"og:description\" content=\"Entdecken Sie den Grundriss unseres Nyala Suite Hotels im Voraus und w\u00e4hlen Sie das Zimmer mit der Aussicht, die Ihnen am besten gef\u00e4llt!\" \/>\n<meta property=\"og:url\" content=\"https:\/\/nyala.info\/de\/services\/grundriss\/\" \/>\n<meta property=\"og:site_name\" content=\"Nyala Suite Hotel\" \/>\n<meta property=\"og:image\" content=\"http:\/\/nyala.info\/wp-content\/uploads\/2024\/03\/PLANIMETRIA-NYALA-HOTEL-scaled.jpg\" \/>\n\t<meta property=\"og:image:width\" content=\"2560\" \/>\n\t<meta property=\"og:image:height\" content=\"1811\" \/>\n\t<meta property=\"og:image:type\" content=\"image\/jpeg\" \/>\n<meta name=\"twitter:card\" content=\"summary_large_image\" \/>\n<meta name=\"twitter:label1\" content=\"Est. reading time\" \/>\n\t<meta name=\"twitter:data1\" content=\"1 minute\" \/>\n<script type=\"application\/ld+json\" class=\"yoast-schema-graph\">{\"@context\":\"https:\/\/schema.org\",\"@graph\":[{\"@type\":\"WebPage\",\"@id\":\"https:\/\/nyala.info\/de\/services\/grundriss\/\",\"url\":\"https:\/\/nyala.info\/de\/services\/grundriss\/\",\"name\":\"Grundriss | Nyala Suite Hotel 4-Sterne-Hotel in San Remo\",\"isPartOf\":{\"@id\":\"https:\/\/nyala.info\/de\/#website\"},\"primaryImageOfPage\":{\"@id\":\"https:\/\/nyala.info\/de\/services\/grundriss\/#primaryimage\"},\"image\":{\"@id\":\"https:\/\/nyala.info\/de\/services\/grundriss\/#primaryimage\"},\"thumbnailUrl\":\"https:\/\/nyala.info\/wp-content\/uploads\/2024\/03\/PLANIMETRIA-NYALA-HOTEL-scaled.jpg\",\"datePublished\":\"2024-03-31T14:52:03+00:00\",\"description\":\"Entdecken Sie den Grundriss unseres Nyala Suite Hotels im Voraus und w\u00e4hlen Sie das Zimmer mit der Aussicht, die Ihnen am besten gef\u00e4llt!\",\"breadcrumb\":{\"@id\":\"https:\/\/nyala.info\/de\/services\/grundriss\/#breadcrumb\"},\"inLanguage\":\"de-DE\",\"potentialAction\":[{\"@type\":\"ReadAction\",\"target\":[\"https:\/\/nyala.info\/de\/services\/grundriss\/\"]}]},{\"@type\":\"ImageObject\",\"inLanguage\":\"de-DE\",\"@id\":\"https:\/\/nyala.info\/de\/services\/grundriss\/#primaryimage\",\"url\":\"https:\/\/nyala.info\/wp-content\/uploads\/2024\/03\/PLANIMETRIA-NYALA-HOTEL-scaled.jpg\",\"contentUrl\":\"https:\/\/nyala.info\/wp-content\/uploads\/2024\/03\/PLANIMETRIA-NYALA-HOTEL-scaled.jpg\",\"width\":2560,\"height\":1811,\"caption\":\"Planimetria Nyala Hotel\"},{\"@type\":\"BreadcrumbList\",\"@id\":\"https:\/\/nyala.info\/de\/services\/grundriss\/#breadcrumb\",\"itemListElement\":[{\"@type\":\"ListItem\",\"position\":1,\"name\":\"Home\",\"item\":\"https:\/\/nyala.info\/de\/\"},{\"@type\":\"ListItem\",\"position\":2,\"name\":\"Dienstleistungen\",\"item\":\"https:\/\/nyala.info\/de\/services\/\"},{\"@type\":\"ListItem\",\"position\":3,\"name\":\"Grundriss\"}]},{\"@type\":\"WebSite\",\"@id\":\"https:\/\/nyala.info\/de\/#website\",\"url\":\"https:\/\/nyala.info\/de\/\",\"name\":\"Nyala Suite Hotel\",\"description\":\"4-Sterne-Hotel in San Remo\",\"potentialAction\":[{\"@type\":\"SearchAction\",\"target\":{\"@type\":\"EntryPoint\",\"urlTemplate\":\"https:\/\/nyala.info\/de\/?s={search_term_string}\"},\"query-input\":{\"@type\":\"PropertyValueSpecification\",\"valueRequired\":true,\"valueName\":\"search_term_string\"}}],\"inLanguage\":\"de-DE\"}]}<\/script>\n<!-- \/ Yoast SEO plugin. -->","yoast_head_json":{"title":"Grundriss | Nyala Suite Hotel 4-Sterne-Hotel in San Remo","description":"Entdecken Sie den Grundriss unseres Nyala Suite Hotels im Voraus und w\u00e4hlen Sie das Zimmer mit der Aussicht, die Ihnen am besten gef\u00e4llt!","robots":{"index":"noindex","follow":"follow","max-snippet":"max-snippet:-1","max-image-preview":"max-image-preview:large","max-video-preview":"max-video-preview:-1"},"og_locale":"de_DE","og_type":"article","og_title":"Grundriss | Nyala Suite Hotel 4-Sterne-Hotel in San Remo","og_description":"Entdecken Sie den Grundriss unseres Nyala Suite Hotels im Voraus und w\u00e4hlen Sie das Zimmer mit der Aussicht, die Ihnen am besten gef\u00e4llt!","og_url":"https:\/\/nyala.info\/de\/services\/grundriss\/","og_site_name":"Nyala Suite Hotel","og_image":[{"width":2560,"height":1811,"url":"http:\/\/nyala.info\/wp-content\/uploads\/2024\/03\/PLANIMETRIA-NYALA-HOTEL-scaled.jpg","type":"image\/jpeg"}],"twitter_card":"summary_large_image","twitter_misc":{"Est. reading time":"1 minute"},"schema":{"@context":"https:\/\/schema.org","@graph":[{"@type":"WebPage","@id":"https:\/\/nyala.info\/de\/services\/grundriss\/","url":"https:\/\/nyala.info\/de\/services\/grundriss\/","name":"Grundriss | Nyala Suite Hotel 4-Sterne-Hotel in San Remo","isPartOf":{"@id":"https:\/\/nyala.info\/de\/#website"},"primaryImageOfPage":{"@id":"https:\/\/nyala.info\/de\/services\/grundriss\/#primaryimage"},"image":{"@id":"https:\/\/nyala.info\/de\/services\/grundriss\/#primaryimage"},"thumbnailUrl":"https:\/\/nyala.info\/wp-content\/uploads\/2024\/03\/PLANIMETRIA-NYALA-HOTEL-scaled.jpg","datePublished":"2024-03-31T14:52:03+00:00","description":"Entdecken Sie den Grundriss unseres Nyala Suite Hotels im Voraus und w\u00e4hlen Sie das Zimmer mit der Aussicht, die Ihnen am besten gef\u00e4llt!","breadcrumb":{"@id":"https:\/\/nyala.info\/de\/services\/grundriss\/#breadcrumb"},"inLanguage":"de-DE","potentialAction":[{"@type":"ReadAction","target":["https:\/\/nyala.info\/de\/services\/grundriss\/"]}]},{"@type":"ImageObject","inLanguage":"de-DE","@id":"https:\/\/nyala.info\/de\/services\/grundriss\/#primaryimage","url":"https:\/\/nyala.info\/wp-content\/uploads\/2024\/03\/PLANIMETRIA-NYALA-HOTEL-scaled.jpg","contentUrl":"https:\/\/nyala.info\/wp-content\/uploads\/2024\/03\/PLANIMETRIA-NYALA-HOTEL-scaled.jpg","width":2560,"height":1811,"caption":"Planimetria Nyala Hotel"},{"@type":"BreadcrumbList","@id":"https:\/\/nyala.info\/de\/services\/grundriss\/#breadcrumb","itemListElement":[{"@type":"ListItem","position":1,"name":"Home","item":"https:\/\/nyala.info\/de\/"},{"@type":"ListItem","position":2,"name":"Dienstleistungen","item":"https:\/\/nyala.info\/de\/services\/"},{"@type":"ListItem","position":3,"name":"Grundriss"}]},{"@type":"WebSite","@id":"https:\/\/nyala.info\/de\/#website","url":"https:\/\/nyala.info\/de\/","name":"Nyala Suite Hotel","description":"4-Sterne-Hotel in San Remo","potentialAction":[{"@type":"SearchAction","target":{"@type":"EntryPoint","urlTemplate":"https:\/\/nyala.info\/de\/?s={search_term_string}"},"query-input":{"@type":"PropertyValueSpecification","valueRequired":true,"valueName":"search_term_string"}}],"inLanguage":"de-DE"}]}},"_links":{"self":[{"href":"https:\/\/nyala.info\/de\/wp-json\/wp\/v2\/pages\/8298"}],"collection":[{"href":"https:\/\/nyala.info\/de\/wp-json\/wp\/v2\/pages"}],"about":[{"href":"https:\/\/nyala.info\/de\/wp-json\/wp\/v2\/types\/page"}],"author":[{"embeddable":true,"href":"https:\/\/nyala.info\/de\/wp-json\/wp\/v2\/users\/18"}],"replies":[{"embeddable":true,"href":"https:\/\/nyala.info\/de\/wp-json\/wp\/v2\/comments?post=8298"}],"version-history":[{"count":2,"href":"https:\/\/nyala.info\/de\/wp-json\/wp\/v2\/pages\/8298\/revisions"}],"predecessor-version":[{"id":8300,"href":"https:\/\/nyala.info\/de\/wp-json\/wp\/v2\/pages\/8298\/revisions\/8300"}],"up":[{"embeddable":true,"href":"https:\/\/nyala.info\/de\/wp-json\/wp\/v2\/pages\/8061"}],"wp:featuredmedia":[{"embeddable":true,"href":"https:\/\/nyala.info\/de\/wp-json\/wp\/v2\/media\/8281"}],"wp:attachment":[{"href":"https:\/\/nyala.info\/de\/wp-json\/wp\/v2\/media?parent=8298"}],"curies":[{"name":"wp","href":"https:\/\/api.w.org\/{rel}","templated":true}]}}