{"id":8031,"date":"2019-09-25T19:58:39","date_gmt":"2019-09-25T17:58:39","guid":{"rendered":"http:\/\/nyala.info\/?page_id=8031"},"modified":"2026-02-20T11:17:36","modified_gmt":"2026-02-20T10:17:36","slug":"menu","status":"publish","type":"page","link":"https:\/\/nyala.info\/de\/asmara-restaurant\/menu\/","title":{"rendered":"Menu"},"content":{"rendered":"<h2 style=\"text-align: center;\">Das Restaurant ist t\u00e4glich von 19:30 bis 21:30 Uhr ge\u00f6ffnet<\/h2>\n<h3 style=\"text-align: center;\"><a class=\"maxbutton-22 maxbutton maxbutton-sie-buchen-an-der-rezeption\" href=\"http:\/\/nyala.info\/de\/informationen\/\"><span class='mb-text'>SIE BUCHEN AN DER REZEPTION<\/span><\/a><\/h3>\n<h3>Vorspeisen<\/h3>\n<table style=\"width: 100%;\" cellspacing=\"0\" cellpadding=\"4\">\n<colgroup>\n<col width=\"10%\" \/>\n<col width=\"80%\" \/>\n<col width=\"20%\" \/> <\/colgroup>\n<tbody>\n<tr valign=\"middle\">\n<td>1<\/td>\n<td><strong>Gem\u00fcseflan aus dem Garten<\/strong><br \/>\nSaisonales Gem\u00fcseflan auf milder K\u00e4secreme.<\/td>\n<td>\u20ac 12.00<\/td>\n<\/tr>\n<tr valign=\"middle\">\n<td>2<\/td>\n<td><strong>Traditionelles Brandacujun<\/strong><br \/>\nStockfisch nach ligurischer Art mit Kartoffeln, Pinienkernen und Taggiasca-Oliven.<\/td>\n<td>\u20ac 14.00<\/td>\n<\/tr>\n<tr valign=\"middle\">\n<td>3<\/td>\n<td><strong>Saut\u00e8 aus dem Golf<\/strong><br \/>\nMiesmuscheln und Venusmuscheln mit goldenen Cro\u00fbtons.<\/td>\n<td>\u20ac 16.00<\/td>\n<\/tr>\n<tr valign=\"middle\">\n<td>4<\/td>\n<td><strong>Rindertatar vom Messer<\/strong><br \/>\nRindertatar mit Grana-Sp\u00e4nen und nativem Oliven\u00f6l extra.<\/td>\n<td>\u20ac 18.00<\/td>\n<\/tr>\n<tr valign=\"middle\">\n<td>5<\/td>\n<td><strong>Thunfisch-Tataki<\/strong><br \/>\nKurz angebratenes Thunfischsteak* in Sesamkruste.<\/td>\n<td>\u20ac 18.00<\/td>\n<\/tr>\n<\/tbody>\n<\/table>\n<h3>Erste G\u00e4nge<\/h3>\n<table style=\"width: 100%;\" cellspacing=\"0\" cellpadding=\"4\">\n<colgroup>\n<col width=\"10%\" \/>\n<col width=\"80%\" \/>\n<col width=\"20%\" \/> <\/colgroup>\n<tbody>\n<tr valign=\"middle\">\n<td>6<\/td>\n<td><strong>Minestrone nach Genueser Art<\/strong><br \/>\nDer Klassiker der ligurischen Tradition, serviert mit Thymian-Cro\u00fbtons.<\/td>\n<td>\u20ac 12.00<\/td>\n<\/tr>\n<tr valign=\"middle\">\n<td>7<\/td>\n<td><strong>Mediterrane Paccheri<\/strong><br \/>\nGragnano-Pasta mit knusprigen Zucchini und Garnelen*.<\/td>\n<td>\u20ac 16.00<\/td>\n<\/tr>\n<tr valign=\"middle\">\n<td>8<\/td>\n<td><strong>Calamarata mit Meeresfr\u00fcchten<\/strong><br \/>\nPasta mit Meeresfr\u00fcchten*, Krustentieren* und Kirschtomaten.<\/td>\n<td>\u20ac 20.00<\/td>\n<\/tr>\n<tr>\n<td>9<\/td>\n<td><strong>Trofie mit Genueser Pesto<\/strong><br \/>\nMit gr\u00fcnen Bohnen und Kartoffeln nach altem ligurischem Rezept.<\/td>\n<td>\u20ac 14.00<\/td>\n<\/tr>\n<tr>\n<td>10<\/td>\n<td><strong>Spaghettoni Carbonara<\/strong><br \/>\nKnuspriger Guanciale, Pecorino Romano und schwarzer Pfeffer.<\/td>\n<td>\u20ac 14.00<\/td>\n<\/tr>\n<\/tbody>\n<\/table>\n<h3>Hauptgerichte<\/h3>\n<table style=\"width: 100%;\" cellspacing=\"0\" cellpadding=\"4\">\n<colgroup>\n<col width=\"10%\" \/>\n<col width=\"80%\" \/>\n<col width=\"20%\" \/> <\/colgroup>\n<tbody>\n<tr valign=\"middle\">\n<td>11<\/td>\n<td><strong>Fang des Tages<\/strong><br \/>\nGegrilltes frisches Fischfilet, serviert mit gegrillten Auberginen und nativem Oliven\u00f6l extra aus der Riviera.<\/td>\n<td>\u20ac 28.00<\/td>\n<\/tr>\n<tr valign=\"middle\">\n<td>12<\/td>\n<td><strong>Adlerfischfilet (Umbrina)<\/strong><br \/>\nAuf Zucchinicreme aus dem Garten.<\/td>\n<td>\u20ac 28.00<\/td>\n<\/tr>\n<tr valign=\"middle\">\n<td>13<\/td>\n<td><strong>Gro\u00dfes Fritto Misto aus dem Golf<\/strong><br \/>\nKnusprige Calamari* und Garnelen*, serviert mit frittiertem Gem\u00fcse.<\/td>\n<td>\u20ac 26.00<\/td>\n<\/tr>\n<tr valign=\"middle\">\n<td>14<\/td>\n<td><strong>Rinder-Tagliata<\/strong><br \/>\nAuf einem Bett aus wildem Rucola und Kirschtomaten.<\/td>\n<td>\u20ac 28.00<\/td>\n<\/tr>\n<tr valign=\"middle\">\n<td>15<\/td>\n<td><strong>Cheeseburger<\/strong><br \/>\nAusgew\u00e4hltes Rindfleisch, geschmolzener K\u00e4se und hausgemachte Saucen, serviert mit Pommes frites.<\/td>\n<td>\u20ac 16.00<\/td>\n<\/tr>\n<tr valign=\"middle\">\n<td>16<\/td>\n<td><strong>Salade Ni\u00e7oise<\/strong><br \/>\nDas Original mit Thunfisch, Eiern, gr\u00fcnen Bohnen, Kirschtomaten, Sardellen, Eisbergsalat, roten Zwiebeln und Taggiasca-Oliven.<\/td>\n<td>\u20ac 22.00<\/td>\n<\/tr>\n<\/tbody>\n<\/table>\n<h3>Beilagen<\/h3>\n<table style=\"width: 100%;\" cellspacing=\"0\" cellpadding=\"4\">\n<tbody>\n<tr valign=\"middle\">\n<td>17<\/td>\n<td><strong>Gartensymphonie<\/strong><br \/>\nBouquet aus saisonalem Grillgem\u00fcse, verfeinert mit Kr\u00e4utern der Riviera.<\/td>\n<td>\u20ac 8.00<\/td>\n<\/tr>\n<tr valign=\"middle\">\n<td>18<\/td>\n<td><strong>Samtene Harmonie<\/strong><br \/>\nCremiges Kartoffelp\u00fcree aus gelbfleischigen Kartoffeln, verfeinert mit Almbutter und einer Prise Muskatnuss.<\/td>\n<td>\u20ac 6.00<\/td>\n<\/tr>\n<tr valign=\"middle\">\n<td>19<\/td>\n<td><strong>Provenzalische Ratatouille<\/strong><br \/>\nGew\u00fcrfeltes saisonales Gem\u00fcse.<\/td>\n<td>\u20ac 8.00<\/td>\n<\/tr>\n<tr valign=\"middle\">\n<td>20<\/td>\n<td><strong>Knuspriger Akzent<\/strong><br \/>\nGoldene Pommes frites, hei\u00df und leicht gesalzen serviert.<\/td>\n<td>\u20ac 6.00<\/td>\n<\/tr>\n<\/tbody>\n<\/table>\n<h3>Desserts<\/h3>\n<table style=\"width: 100%;\" cellspacing=\"0\" cellpadding=\"4\">\n<tbody>\n<tr valign=\"middle\">\n<td>21<\/td>\n<td><strong>Klassisches Tiramisu<\/strong><br \/>\nMit Espresso und hausgemachtem Mascarpone.<\/td>\n<td>\u20ac 7.00<\/td>\n<\/tr>\n<tr valign=\"middle\">\n<td>22<\/td>\n<td><strong>Tiramisu mit Waldbeeren<\/strong><br \/>\nLeichte Variante mit frischen Beeren.<\/td>\n<td>\u20ac 7.00<\/td>\n<\/tr>\n<tr valign=\"middle\">\n<td>23<\/td>\n<td><strong>Panna Cotta<\/strong><br \/>\nIn traditionellen Geschmacksrichtungen (Karamell, Schokolade oder Waldbeeren).<\/td>\n<td>\u20ac 7.00<\/td>\n<\/tr>\n<tr valign=\"middle\">\n<td>24<\/td>\n<td><strong>Schokoladenmousse der Riviera<\/strong><br \/>\nDer gro\u00dfe Klassiker der franz\u00f6sischen Patisserie.<\/td>\n<td>\u20ac 7.00<\/td>\n<\/tr>\n<\/tbody>\n<\/table>\n<p><\/br><br \/>\n<strong>DIE VERKAUFTEN UND\/ODER VERABREICHTEN LEBENSMITTEL K\u00d6NNEN FOLGENDE SUBSTANZEN ENTHALTEN, DIE ALLERGIEN UND UNVERTR\u00c4GLICHKEITEN AUSL\u00d6SEN K\u00d6NNEN:<\/strong><\/p>\n<p><\/br><\/p>\n<table>\n<tbody>\n<tr>\n<td><strong>N\u00b0<\/strong><\/td>\n<td><strong>Allergen<\/strong><\/td>\n<td><strong>Kennzeichen, das das Allergen enth\u00e4lt<\/strong><\/td>\n<\/tr>\n<tr>\n<td>1<\/td>\n<td>Glutenhaltiges Getreide: Weizen, Roggen, Gerste, Hafer, Dinkel, Kamut oder deren hybridisierte St\u00e4mme und Folgeerzeugnisse<\/td>\n<td>3 &#8211; 6 &#8211; 7 &#8211; 8 &#8211; 9 &#8211; 10 &#8211; 13 &#8211; 15 &#8211; 21 &#8211; 22<\/td>\n<\/tr>\n<tr>\n<td>2<\/td>\n<td>Krebstiere und Krustentiererzeugnisse<\/td>\n<td>7 &#8211; 8 &#8211; 13<\/td>\n<\/tr>\n<tr>\n<td>3<\/td>\n<td>Eier und Eiprodukte<\/td>\n<td>1 &#8211; 10 &#8211; 15 &#8211; 16 &#8211; 21 &#8211; 22 &#8211; 24<\/td>\n<\/tr>\n<tr>\n<td>4<\/td>\n<td>Fisch und Fischerzeugnisse<\/td>\n<td>2 &#8211; 5 &#8211; 8 &#8211; 11 &#8211; 12 &#8211; 13 &#8211; 16<\/td>\n<\/tr>\n<tr>\n<td>5<\/td>\n<td>Erdn\u00fcsse und Erdnussprodukte<\/td>\n<td><\/td>\n<\/tr>\n<tr>\n<td>6<\/td>\n<td>Sojabohnen und Sojabohnenerzeugnisse<\/td>\n<td><\/td>\n<\/tr>\n<tr>\n<td>7<\/td>\n<td>Milch und Milcherzeugnisse (einschlie\u00dflich Laktose)<\/td>\n<td>1 &#8211; 4 &#8211; 9 &#8211; 10 &#8211; 15 &#8211; 18 &#8211; 21 &#8211; 22 &#8211; 23 &#8211; 24<\/td>\n<\/tr>\n<tr>\n<td>8<\/td>\n<td>N\u00fcsse und Nussprodukte: Mandeln, Haseln\u00fcsse, Waln\u00fcsse, Cashewn\u00fcsse, Pekann\u00fcsse, Paran\u00fcsse, Pistazien, Macadamian\u00fcsse<\/td>\n<td>2 &#8211; 9<\/td>\n<\/tr>\n<tr>\n<td>9<\/td>\n<td>Sellerie und Sellerieprodukte<\/td>\n<td><\/td>\n<\/tr>\n<tr>\n<td>10<\/td>\n<td>Senf und Senferzeugnisse<\/td>\n<td><\/td>\n<\/tr>\n<tr>\n<td>11<\/td>\n<td>Sesam und daraus gewonnene Erzeugnisse<\/td>\n<td>5<\/td>\n<\/tr>\n<tr>\n<td>12<\/td>\n<td>Schwefeldioxid und Sulfite in Konzentrationen von mehr als 10 mg\/kg oder 10 mg\/l Gesamt-SO2, zu berechnen f\u00fcr Erzeugnisse, die verzehrfertig angeboten oder nach Herstellerangaben rekonstituiert werden<\/td>\n<td><\/td>\n<\/tr>\n<tr>\n<td>13<\/td>\n<td>Lupinen und Lupinenprodukte<\/td>\n<td><\/td>\n<\/tr>\n<tr>\n<td>14<\/td>\n<td>Weichtiere und Schalentiere<\/td>\n<td>3 &#8211; 8 &#8211; 13<\/td>\n<\/tr>\n<\/tbody>\n<\/table>\n<p><\/br><br \/>\nDER VERANTWORTLICHE STEHT F\u00dcR SPEZIFISCHE INFORMATIONEN \u00dcBER DAS VORHANDENSEIN IN EINZELNEN LEBENSMITTELN UND\/ODER ZUBEREITUNGEN ZUR VERF\u00dcGUNG<\/p>\n","protected":false},"excerpt":{"rendered":"<p>Das Restaurant ist t\u00e4glich von 19:30 bis 21:30 Uhr ge\u00f6ffnet Vorspeisen 1 Gem\u00fcseflan aus dem Garten Saisonales Gem\u00fcseflan auf milder K\u00e4secreme. \u20ac 12.00 2 Traditionelles Brandacujun Stockfisch nach ligurischer Art mit Kartoffeln, Pinienkernen und Taggiasca-Oliven. \u20ac 14.00 3 Saut\u00e8 aus dem Golf Miesmuscheln und Venusmuscheln mit goldenen Cro\u00fbtons. \u20ac 16.00 4 Rindertatar vom Messer Rindertatar [&hellip;]<\/p>\n","protected":false},"author":3,"featured_media":7847,"parent":8122,"menu_order":0,"comment_status":"closed","ping_status":"closed","template":"","meta":{"_acf_changed":false,"footnotes":""},"class_list":["post-8031","page","type-page","status-publish","has-post-thumbnail","hentry"],"acf":[],"yoast_head":"<!-- This site is optimized with the Yoast SEO plugin v25.6 - https:\/\/yoast.com\/wordpress\/plugins\/seo\/ -->\n<title>Menu | Nyala Suite Hotel 4-Sterne-Hotel in San Remo<\/title>\n<meta name=\"description\" content=\"Menu - Nyala Suite Hotel\" \/>\n<meta name=\"robots\" content=\"noindex, follow, max-snippet:-1, max-image-preview:large, max-video-preview:-1\" \/>\n<meta property=\"og:locale\" content=\"de_DE\" \/>\n<meta property=\"og:type\" content=\"article\" \/>\n<meta property=\"og:title\" content=\"Menu | Nyala Suite Hotel 4-Sterne-Hotel in San Remo\" \/>\n<meta property=\"og:description\" content=\"Menu - Nyala Suite Hotel\" \/>\n<meta property=\"og:url\" content=\"https:\/\/nyala.info\/de\/asmara-restaurant\/menu\/\" \/>\n<meta property=\"og:site_name\" content=\"Nyala Suite Hotel\" \/>\n<meta property=\"article:modified_time\" content=\"2026-02-20T10:17:36+00:00\" \/>\n<meta property=\"og:image\" content=\"http:\/\/nyala.info\/wp-content\/uploads\/2019\/09\/logo-asmara.jpg\" \/>\n\t<meta property=\"og:image:width\" content=\"489\" \/>\n\t<meta property=\"og:image:height\" content=\"436\" \/>\n\t<meta property=\"og:image:type\" content=\"image\/jpeg\" \/>\n<meta name=\"twitter:card\" content=\"summary_large_image\" \/>\n<meta name=\"twitter:label1\" content=\"Est. reading time\" \/>\n\t<meta name=\"twitter:data1\" content=\"2 minutes\" \/>\n<script type=\"application\/ld+json\" class=\"yoast-schema-graph\">{\"@context\":\"https:\/\/schema.org\",\"@graph\":[{\"@type\":\"WebPage\",\"@id\":\"https:\/\/nyala.info\/de\/asmara-restaurant\/menu\/\",\"url\":\"https:\/\/nyala.info\/de\/asmara-restaurant\/menu\/\",\"name\":\"Menu | Nyala Suite Hotel 4-Sterne-Hotel in San Remo\",\"isPartOf\":{\"@id\":\"https:\/\/nyala.info\/de\/#website\"},\"primaryImageOfPage\":{\"@id\":\"https:\/\/nyala.info\/de\/asmara-restaurant\/menu\/#primaryimage\"},\"image\":{\"@id\":\"https:\/\/nyala.info\/de\/asmara-restaurant\/menu\/#primaryimage\"},\"thumbnailUrl\":\"https:\/\/nyala.info\/wp-content\/uploads\/2019\/09\/logo-asmara.jpg\",\"datePublished\":\"2019-09-25T17:58:39+00:00\",\"dateModified\":\"2026-02-20T10:17:36+00:00\",\"description\":\"Menu - Nyala Suite Hotel\",\"breadcrumb\":{\"@id\":\"https:\/\/nyala.info\/de\/asmara-restaurant\/menu\/#breadcrumb\"},\"inLanguage\":\"de-DE\",\"potentialAction\":[{\"@type\":\"ReadAction\",\"target\":[\"https:\/\/nyala.info\/de\/asmara-restaurant\/menu\/\"]}]},{\"@type\":\"ImageObject\",\"inLanguage\":\"de-DE\",\"@id\":\"https:\/\/nyala.info\/de\/asmara-restaurant\/menu\/#primaryimage\",\"url\":\"https:\/\/nyala.info\/wp-content\/uploads\/2019\/09\/logo-asmara.jpg\",\"contentUrl\":\"https:\/\/nyala.info\/wp-content\/uploads\/2019\/09\/logo-asmara.jpg\",\"width\":489,\"height\":436},{\"@type\":\"BreadcrumbList\",\"@id\":\"https:\/\/nyala.info\/de\/asmara-restaurant\/menu\/#breadcrumb\",\"itemListElement\":[{\"@type\":\"ListItem\",\"position\":1,\"name\":\"Home\",\"item\":\"https:\/\/nyala.info\/de\/\"},{\"@type\":\"ListItem\",\"position\":2,\"name\":\"Asmara Restaurant\",\"item\":\"https:\/\/nyala.info\/de\/asmara-restaurant\/\"},{\"@type\":\"ListItem\",\"position\":3,\"name\":\"Menu\"}]},{\"@type\":\"WebSite\",\"@id\":\"https:\/\/nyala.info\/de\/#website\",\"url\":\"https:\/\/nyala.info\/de\/\",\"name\":\"Nyala Suite Hotel\",\"description\":\"4-Sterne-Hotel in San Remo\",\"potentialAction\":[{\"@type\":\"SearchAction\",\"target\":{\"@type\":\"EntryPoint\",\"urlTemplate\":\"https:\/\/nyala.info\/de\/?s={search_term_string}\"},\"query-input\":{\"@type\":\"PropertyValueSpecification\",\"valueRequired\":true,\"valueName\":\"search_term_string\"}}],\"inLanguage\":\"de-DE\"}]}<\/script>\n<!-- \/ Yoast SEO plugin. -->","yoast_head_json":{"title":"Menu | Nyala Suite Hotel 4-Sterne-Hotel in San Remo","description":"Menu - Nyala Suite Hotel","robots":{"index":"noindex","follow":"follow","max-snippet":"max-snippet:-1","max-image-preview":"max-image-preview:large","max-video-preview":"max-video-preview:-1"},"og_locale":"de_DE","og_type":"article","og_title":"Menu | Nyala Suite Hotel 4-Sterne-Hotel in San Remo","og_description":"Menu - Nyala Suite Hotel","og_url":"https:\/\/nyala.info\/de\/asmara-restaurant\/menu\/","og_site_name":"Nyala Suite Hotel","article_modified_time":"2026-02-20T10:17:36+00:00","og_image":[{"width":489,"height":436,"url":"http:\/\/nyala.info\/wp-content\/uploads\/2019\/09\/logo-asmara.jpg","type":"image\/jpeg"}],"twitter_card":"summary_large_image","twitter_misc":{"Est. reading time":"2 minutes"},"schema":{"@context":"https:\/\/schema.org","@graph":[{"@type":"WebPage","@id":"https:\/\/nyala.info\/de\/asmara-restaurant\/menu\/","url":"https:\/\/nyala.info\/de\/asmara-restaurant\/menu\/","name":"Menu | Nyala Suite Hotel 4-Sterne-Hotel in San Remo","isPartOf":{"@id":"https:\/\/nyala.info\/de\/#website"},"primaryImageOfPage":{"@id":"https:\/\/nyala.info\/de\/asmara-restaurant\/menu\/#primaryimage"},"image":{"@id":"https:\/\/nyala.info\/de\/asmara-restaurant\/menu\/#primaryimage"},"thumbnailUrl":"https:\/\/nyala.info\/wp-content\/uploads\/2019\/09\/logo-asmara.jpg","datePublished":"2019-09-25T17:58:39+00:00","dateModified":"2026-02-20T10:17:36+00:00","description":"Menu - Nyala Suite Hotel","breadcrumb":{"@id":"https:\/\/nyala.info\/de\/asmara-restaurant\/menu\/#breadcrumb"},"inLanguage":"de-DE","potentialAction":[{"@type":"ReadAction","target":["https:\/\/nyala.info\/de\/asmara-restaurant\/menu\/"]}]},{"@type":"ImageObject","inLanguage":"de-DE","@id":"https:\/\/nyala.info\/de\/asmara-restaurant\/menu\/#primaryimage","url":"https:\/\/nyala.info\/wp-content\/uploads\/2019\/09\/logo-asmara.jpg","contentUrl":"https:\/\/nyala.info\/wp-content\/uploads\/2019\/09\/logo-asmara.jpg","width":489,"height":436},{"@type":"BreadcrumbList","@id":"https:\/\/nyala.info\/de\/asmara-restaurant\/menu\/#breadcrumb","itemListElement":[{"@type":"ListItem","position":1,"name":"Home","item":"https:\/\/nyala.info\/de\/"},{"@type":"ListItem","position":2,"name":"Asmara Restaurant","item":"https:\/\/nyala.info\/de\/asmara-restaurant\/"},{"@type":"ListItem","position":3,"name":"Menu"}]},{"@type":"WebSite","@id":"https:\/\/nyala.info\/de\/#website","url":"https:\/\/nyala.info\/de\/","name":"Nyala Suite Hotel","description":"4-Sterne-Hotel in San Remo","potentialAction":[{"@type":"SearchAction","target":{"@type":"EntryPoint","urlTemplate":"https:\/\/nyala.info\/de\/?s={search_term_string}"},"query-input":{"@type":"PropertyValueSpecification","valueRequired":true,"valueName":"search_term_string"}}],"inLanguage":"de-DE"}]}},"_links":{"self":[{"href":"https:\/\/nyala.info\/de\/wp-json\/wp\/v2\/pages\/8031"}],"collection":[{"href":"https:\/\/nyala.info\/de\/wp-json\/wp\/v2\/pages"}],"about":[{"href":"https:\/\/nyala.info\/de\/wp-json\/wp\/v2\/types\/page"}],"author":[{"embeddable":true,"href":"https:\/\/nyala.info\/de\/wp-json\/wp\/v2\/users\/3"}],"replies":[{"embeddable":true,"href":"https:\/\/nyala.info\/de\/wp-json\/wp\/v2\/comments?post=8031"}],"version-history":[{"count":18,"href":"https:\/\/nyala.info\/de\/wp-json\/wp\/v2\/pages\/8031\/revisions"}],"predecessor-version":[{"id":8712,"href":"https:\/\/nyala.info\/de\/wp-json\/wp\/v2\/pages\/8031\/revisions\/8712"}],"up":[{"embeddable":true,"href":"https:\/\/nyala.info\/de\/wp-json\/wp\/v2\/pages\/8122"}],"wp:featuredmedia":[{"embeddable":true,"href":"https:\/\/nyala.info\/de\/wp-json\/wp\/v2\/media\/7847"}],"wp:attachment":[{"href":"https:\/\/nyala.info\/de\/wp-json\/wp\/v2\/media?parent=8031"}],"curies":[{"name":"wp","href":"https:\/\/api.w.org\/{rel}","templated":true}]}}