{"id":7968,"date":"2019-09-21T14:58:14","date_gmt":"2019-09-21T12:58:14","guid":{"rendered":"http:\/\/nyala.info\/?page_id=7968"},"modified":"2019-09-22T13:57:55","modified_gmt":"2019-09-22T11:57:55","slug":"%d1%83%d1%81%d0%bb%d1%83%d0%b3%d0%b8-%d0%bf%d1%80%d0%b5%d0%b4%d0%be%d1%81%d1%82%d0%b0%d0%b2%d0%bb%d1%8f%d0%b5%d0%bc%d1%8b%d0%b5-%d0%be%d1%82%d0%b5%d0%bb%d0%b5%d0%bc","status":"publish","type":"page","link":"https:\/\/nyala.info\/de\/services\/%d1%83%d1%81%d0%bb%d1%83%d0%b3%d0%b8-%d0%bf%d1%80%d0%b5%d0%b4%d0%be%d1%81%d1%82%d0%b0%d0%b2%d0%bb%d1%8f%d0%b5%d0%bc%d1%8b%d0%b5-%d0%be%d1%82%d0%b5%d0%bb%d0%b5%d0%bc\/","title":{"rendered":"Hotelservice"},"content":{"rendered":"<h3>Telefon<\/h3>\n<p>0 Externe Leitung<br \/>\n9 Rezeption, Zimmerservice, Information, Weckdienst<\/p>\n<h3>Abreise<\/h3>\n<p>Bitte r\u00e4umen Sie ihr Zimmer vor 12:00 Uhr Mittags. Falls Sie unseren Express-Check-Out nutzen m\u00f6chten, kontaktieren Sie bitte die Rezeption am Abend vor Ihrer Abreise. Die Abbuchung erfolgt hierbei automatisch von Ihrer Kreditkarte.<\/p>\n<h3>Apotheke<\/h3>\n<p>Bitte wenden Sie sich an die Rezeption, wenn Sie Hilfe bei der Suche nach der n\u00e4chstgelegenen Apotheke brauchen.<\/p>\n<h3>Arzt<\/h3>\n<p>Bitte wenden Sie sich an die Rezeption, wenn Sie einen Besuch eines Arztes oder einer Krankenschwester brauchen, oder um den nationalen Gesundheitsdienst zu nutzen.<\/p>\n<h3>Ausfl\u00fcge<\/h3>\n<p>Unser Reiseb\u00fcro hilft Ihnen gerne bei der Organisation von Ausfl\u00fcgen an die italienische oder franz\u00f6sische Riviera oder nach Piemont.<\/p>\n<h3>Autovermietung oder Taxi<\/h3>\n<p>Bitte kontaktieren Sie die Rezeption: unser Personal hilft Ihnen gerne bei der Reservierung eines Mietautos, mit oder ohne Fahrer, sowie beim Bestellen eines Taxis.<\/p>\n<h3>Babysitter<\/h3>\n<p>Auf Voranmeldung organisieren die Mitarbeiter unserer Rezeption gerne einen Babysitter f\u00fcr Sie.<\/p>\n<h3>Bar<\/h3>\n<p>Die Bar befindet sich in der Lobby und ist ganzj\u00e4hrig und rund um die Uhr ge\u00f6ffnet. Bitte bestellen Sie an der Rezeption.<br \/>\nZu Zeiten des Hochbetriebs \u00f6ffnen wir au\u00dferdem die Bar im Azimuth Raum.<\/p>\n<h3>Blumen<\/h3>\n<p>Die Mitarbeiter unserer Rezeption sind Ihnen gerne dabei behilflich, Blumen, egal f\u00fcr welchen Anlass, zu bestellen.<\/p>\n<h3>Business Center<\/h3>\n<p>Wir bieten Fotokopien, Fax, Email und Laserdruck Dienstleistungen f\u00fcr unsere Gesch\u00e4ftsleute an. Au\u00dferdem steht ein PC f\u00fcr ihre Nutzung bereit, der mit den g\u00e4ngigsten Programmen, sowie High Speed Internet ausgestattet ist. Bei Fragen wenden Sie sich bitte an die Rezeption.<\/p>\n<h3>Die Dalak Grillbar<\/h3>\n<p>Die Dalak Bar in den G\u00e4rten rund um den Pool ist w\u00e4hrend der Sommerzeit ge\u00f6ffnet.<br \/>\nDie Bar steht Ihnen zwischen 10:00 Uhr fr\u00fch und 19:00 Uhr abends, sowie zwischen 20:30 Uhr und 23:30 Uhr zur Verf\u00fcgung. Mittagessen wird von 12:45 Uhr bis 15:00 Uhr serviert.<\/p>\n<h3>Events und Privatfeiern<\/h3>\n<p>Unser Hotel verf\u00fcgt \u00fcber elegante Zimmer und exzellenten Service, welche dazu beitragen, dass Ihre Veranstaltung zu einem unvergesslichem Erlebnis wird, wie es nur eine Hochzeit an der Riviera sein kann. Unsere Reiseagentur bietet Ihnen auch eine Hochzeitsplanung an und ist Ihnen bei der Suche nach den exklusivsten Standorten in der Region behilflich. Bitte kontaktieren Sie das Hotel-Management f\u00fcr mehr Informationen zu diesem Service.<\/p>\n<h3>Fahrr\u00e4der<\/h3>\n<p>Das Hotel bietet Ihnen einen Fahrradverleih, einen Fahrradkeller komplett mit Wartungsbereich, und viele andere, spezielle Angebote f\u00fcr Radfahrer an. Dazu geh\u00f6ren unter anderem Routenkarten (f\u00fcr Stra\u00dfen- und Mountainbikes), Werkzeug Vermietung, medizinische und physiotherapeutische Leistungen, Tourguides, etc. Bitte wenden sie sich f\u00fcr Fragen an die Rezeption.<\/p>\n<h3>Fotokopien<\/h3>\n<p>F\u00fcr den Kopierservice wenden Sie sich bitte an die Rezeption.<\/p>\n<h3>Fr\u00fchst\u00fcck<\/h3>\n<p>Ein reichhaltiges Fr\u00fchst\u00fccksbuffet erwartet Sie jeden Tag von 07.30 Uhr bis 10.00 Uhr in unserem &#8216;Giardino d&#8217;Inverno&#8217;-Restaurant. Zudem bieten wir Ihnen ein \u00e0 la carte-Fr\u00fchst\u00fccks-Men\u00fc an. Wenn sie unseren Zimmerservice nutzen m\u00f6chten, kontaktieren sie bitte die Rezeption.<\/p>\n<h3>Geldwechsel<\/h3>\n<p>Das Hotel kann kein Geld umtauschen. Gerne zeigen Ihnen unsere Mitarbeiter wo sich die n\u00e4chstgelegene Bank befindet.<\/p>\n<h3>Gep\u00e4ck<\/h3>\n<p>Bitte kontaktieren Sie die Rezeption, wenn Sie Hilfe beim Transportieren oder Aufbewahren Ihrer Gep\u00e4ckst\u00fccke brauchen.<\/p>\n<h3>Hunde und Kleintiere<\/h3>\n<p>Hunde und Kleintiere sind generell erlaubt, au\u00dfer im Restaurantbereich, am Pool und den Bereichen zum Sonnenbaden. Auf den folgenden Seiten werden Sie weitere Informationen \u00fcber spezielle Angebote finden, die wir speziell f\u00fcr ihre vierbeinigen Freunde anbieten.<\/p>\n<h3>Hotel Reservierungen<\/h3>\n<p>Unser Reiseb\u00fcro ist Ihnen gerne bei der Buchung Ihres n\u00e4chsten Hotelaufenthalts in Italien oder im Ausland behilflich.<\/p>\n<h3>Internet<\/h3>\n<p>Wir verf\u00fcgen \u00fcber eine WLAN-Verbindung in allen Gemeinschaftsr\u00e4umen und Hotelzimmern. Bitte wenden Sie sich f\u00fcr Verbindungsdaten an die Rezeption. Dieser Service ist kostenlos.<\/p>\n<h3>Kreditkarten<\/h3>\n<p>Das Hotel akzeptiert folgende Kreditkarten: American Express, CartaSi, Mastercard und Visa.<\/p>\n<h3>L&#8217;Asmara &#8211; Restaurant<\/h3>\n<p>Im &#8220;L&#8217;Asmara&#8221; Restaurant werden neben einem \u00e1-la-carte-Men\u00fc mit italienischen und ligurischen Spezialit\u00e4ten auch vegetarische Speisen angeboten.<br \/>\nGerne bereitet unser Koch spezielle Gerichte f\u00fcr Allergiker und Gerichte f\u00fcr Menschen, die einer speziellen Di\u00e4t nachgehen, zu. Bitte teilen Sie der Rezeption dies mindestens 8 Stunden im Voraus mit.<br \/>\nDas Restaurant ist von 12:30 bis 13:30 Uhr und von 19:30 bis 21:00 Uhr ge\u00f6ffnet.<br \/>\nAngemessene, elegante Kleidung ist erw\u00fcnscht.<\/p>\n<h3>Leistungen F\u00fcr Kinder<\/h3>\n<p>Unser Hotel bietet ein viele Angebote f\u00fcr Kinder: ein Spielplatz im Freien, ein Spielzimmer, Kindermen\u00fcs in den Restaurants, und eine kleine K\u00fcche f\u00fcr die Vorbereitung von Babynahrung. Ausserdem stellen wir Ihnen kostenfreie Kinderbetten, Wickeltische, Flaschenw\u00e4rmer und Nachtlichter zur Verf\u00fcgung. Auf den folgenden Seiten finden Sie mehr Informationen zu unseren Leistungen zur Unterhaltung von Familien mit kleinen Kindern.<\/p>\n<h3>Minibar<\/h3>\n<p>Jedes Hotelzimmer verf\u00fcgt \u00fcber eine Minibar. Bitten denken Sie daran, dass die Minibar f\u00fcr Produkte, die in diesem Hotel verkauft werden, vorbehalten ist.<\/p>\n<h3>Parken<\/h3>\n<p>Unser Hotel verf\u00fcgt \u00fcber zwei Parkpl\u00e4tze: einen in der N\u00e4he der Rezeption und einen weiteren in der N\u00e4he des Pools. Das Parken ist kostenfrei und die Parkpl\u00e4tze werden nicht \u00fcberwacht. Wir m\u00f6chten Sie darauf hinweisen, dass wir den \u00f6rtlichen Gesetzen ( CC 1785 \/ 5) zufolge keine Haftung f\u00fcr die Fahrzeuge oder deren Inhalte \u00fcbernehmen.<\/p>\n<h3>Pool<\/h3>\n<p>Unser Hotel verf\u00fcgt \u00fcber einen gro\u00dfen Pool , der von Mitte Mai bis Oktober ge\u00f6ffnet ist, und \u00fcber eine mit Liegen und St\u00fchlen ausgestattete Sonnenterrasse.<\/p>\n<h3>Post<\/h3>\n<p>Bitte kontaktieren Sie die Rezeption um Postkarten, Briefe, oder P\u00e4ckchen durch den italienischen Postdienst oder einen internationalen Kurier zu verschicken.<\/p>\n<h3>Reiseagentur<\/h3>\n<p>Die Mitarbeiter der Nyala Wonder Reiseagentur sind Ihnen gerne dabei behilflich, Ausfl\u00fcge in die italienische oder franz\u00f6sische Riviera, nach Piemont oder andere Ausfl\u00fcge innerhalb Italiens, oder ins Ausland, zu planen.<\/p>\n<h3>Reisef\u00fchrer oder Dolmetscher<\/h3>\n<p>Bitte kontaktieren Sie die Rezeption, falls Sie einen Reisef\u00fchrer oder Dolmetscher brauchen.<\/p>\n<h3>Restaurant: Sommer Service<\/h3>\n<p>Die direkt am Pool gelegene Grillbar &#8220;Dalak&#8221; bietet ein Tagesmen\u00fc mit Gerichten wie Salaten, Nudelgerichten, gegrilltes Fleisch, Fisch und Sandwiches von 12:30 Uhr bis 14:30 Uhr an.<br \/>\nIm \u201cGiardino d\u2019Inverno\u201d-Restaurant wird von 19:30 Uhr bis 21:30 Uhr ein Buffet angeboten.<br \/>\nUnser Restaurant \u201cAsmara\u201d bietet t\u00e4glich von 19:30 Uhr bis 21:30 Uhr einen traditionellen \u00e1-la-carte-Service an.<\/p>\n<h3>Schecks<\/h3>\n<p>Das Hotel akzpetiert nur pers\u00f6nliche Schecks von einem laufenden Konto, wenn der Kunde einer \u00dcberpr\u00fcfung der Zahlungsf\u00e4higkeit durch den Centax Service zustimmt, wof\u00fcr eine Service-Geb\u00fchr f\u00e4llig wird.<\/p>\n<h3>Schlie\u00dff\u00e4cher<\/h3>\n<p>Leider k\u00f6nnen wir selbst keine Wertgegenst\u00e4nde oder Geld f\u00fcr Sie verwahren. Ihr Zimmer verf\u00fcgt \u00fcber ein kostenloses Schlie\u00dffach f\u00fcr begrenzt wertvolle Gegenst\u00e4nde. Wertgegenst\u00e4nde und Geld unter 2500,00 Euro gibt es einen kostenfreien Schubladen-Safe Service an der Rezeption. F\u00fcr alles, was \u00fcber diesem Betrag liegt, k\u00f6nnen wir ein Schlie\u00dffach bei einer \u00f6rtlichen Bank f\u00fcr Sie arrangieren.<\/p>\n<h3>Shuttle Service<\/h3>\n<p>Unser Hotel bietet einen fahrplanm\u00e4\u00dfigen und vorbestellten Shuttle Service zu den Str\u00e4nden, in die Innenstadt, zum Bahnhof und Bushaltestellen kostenlos an. Sie k\u00f6nnen diesen Service auch, gegen Geb\u00fchr, f\u00fcr die Fahrt zu den Flugh\u00e4fen in Nizza, Villanova d\u2019Albenga und Genua reservieren.<\/p>\n<h3>Sport<\/h3>\n<p>Unser Hotel verf\u00fcgt \u00fcber Vereinbarungen mit den gr\u00f6\u00dften Sporteinrichtungen der Stadt. Bitte kontaktieren Sie f\u00fcr weitere Informationen die Rezeption.<\/p>\n<h3>Strand<\/h3>\n<p>Unser Hotel verf\u00fcgt \u00fcber gute Beziehungen zu den besten Strandb\u00e4dern der Stadt, die unseren G\u00e4sten einen Rabatt bieten. Bitte kontaktieren Sie f\u00fcr weitere Informationen unsere Rezeption. Au\u00dferdem bieten wir einen Shuttle Service zu und von den Str\u00e4nden an.<\/p>\n<h3>Strom<\/h3>\n<p>Die elektrische Spannung unseres Hotels betr\u00e4gt 220V. Wir haben an der Rezeption Adapter f\u00fcr die g\u00e4ngigsten Stecker erh\u00e4ltlich.<\/p>\n<h3>Tagungsr\u00e4ume<\/h3>\n<p>Unser Hotel verf\u00fcgt \u00fcber elegante und gut ausgestattete Konferenzr\u00e4ume, welche f\u00fcr bis zu 150 Personen Platz bieten. Au\u00dferdem bieten wir Ihnen effiziente Betreuung an, um Ihr Meeting zu einem echten Erfolg werden zu lassen. Eine charmante \u00fcberdachte Ausstellungsfl\u00e4che mit direktem Zugang ins Freie unterst\u00fctzt Sie bei der Pr\u00e4sentation Ihres Produktes &#8211; von Haushaltselektronik bis hin zu Automobilen. Bitte kontaktieren Sie die Rezeption f\u00fcr weitere Informationen.<\/p>\n<h3>Telefax<\/h3>\n<p>Bitte kontaktieren Sie die Rezeption f\u00fcr den Fax-Service.<\/p>\n<h3>Tickets<\/h3>\n<p>Um Flug- und Bahntickets, sowie Tickets zu Veranstaltungen und Shows, Theaterkarten oder Kasino-Karten in der Stadt zu reservieren oder kaufen, wenden Sie sich bitte an die Rezeption.<\/p>\n<h3>W\u00e4sche<\/h3>\n<p>Unser Hotel bietet einen externen, angegliederten W\u00e4scheservice an, welcher Ihre Auftr\u00e4ge an Wochentagen innerhalb von 48 Stunden erf\u00fcllen kann. Wir stellen unseren G\u00e4sten kostenfrei ein B\u00fcgelbrett und B\u00fcgeleisen zur Verf\u00fcgung. Bitte kontaktieren sie f\u00fcr diesen Service die Rezeption.<\/p>\n<h3>Weckrufe<\/h3>\n<p>Bitte kontaktieren Sie die Rezeption um einen Weckruf zu vereinbaren.<\/p>\n<h3>Zeitungen und Zeitschriften<\/h3>\n<p>Gerne bieten wir Ihnen unseren Zeitungsdienst an: teilen Sie unserem Personal einfach Ihre Zeitungs- und Zeitschriften Vorlieben vor 22:00 Uhr mit, um sie am n\u00e4chsten Morgen zu empfangen.<\/p>\n<h3>Zimmerservice<\/h3>\n<p>Unser Zimmerservice ist t\u00e4glich zwischen 7:30 Uhr bis 13:00 Uhr und von 18:00 Uhr bis 21:00 Uhr f\u00fcr Sie da. Bitte wenden Sie sich f\u00fcr Bestellungen an die Rezeption.<\/p>\n","protected":false},"excerpt":{"rendered":"<p>Telefon 0 Externe Leitung 9 Rezeption, Zimmerservice, Information, Weckdienst Abreise Bitte r\u00e4umen Sie ihr Zimmer vor 12:00 Uhr Mittags. Falls Sie unseren Express-Check-Out nutzen m\u00f6chten, kontaktieren Sie bitte die Rezeption am Abend vor Ihrer Abreise. Die Abbuchung erfolgt hierbei automatisch von Ihrer Kreditkarte. Apotheke Bitte wenden Sie sich an die Rezeption, wenn Sie Hilfe bei [&hellip;]<\/p>\n","protected":false},"author":3,"featured_media":7895,"parent":8061,"menu_order":0,"comment_status":"closed","ping_status":"closed","template":"","meta":{"_acf_changed":false,"footnotes":""},"class_list":["post-7968","page","type-page","status-publish","has-post-thumbnail","hentry"],"acf":[],"yoast_head":"<!-- This site is optimized with the Yoast SEO plugin v25.6 - https:\/\/yoast.com\/wordpress\/plugins\/seo\/ -->\n<title>Hotelservice | Nyala Suite Hotel 4-Sterne-Hotel in San Remo<\/title>\n<meta name=\"robots\" content=\"noindex, follow, max-snippet:-1, max-image-preview:large, max-video-preview:-1\" \/>\n<meta property=\"og:locale\" content=\"de_DE\" \/>\n<meta property=\"og:type\" content=\"article\" \/>\n<meta property=\"og:title\" content=\"Hotelservice | Nyala Suite Hotel 4-Sterne-Hotel in San Remo\" \/>\n<meta property=\"og:description\" content=\"Telefon 0 Externe Leitung 9 Rezeption, Zimmerservice, Information, Weckdienst Abreise Bitte r\u00e4umen Sie ihr Zimmer vor 12:00 Uhr Mittags. Falls Sie unseren Express-Check-Out nutzen m\u00f6chten, kontaktieren Sie bitte die Rezeption am Abend vor Ihrer Abreise. Die Abbuchung erfolgt hierbei automatisch von Ihrer Kreditkarte. Apotheke Bitte wenden Sie sich an die Rezeption, wenn Sie Hilfe bei [&hellip;]\" \/>\n<meta property=\"og:url\" content=\"https:\/\/nyala.info\/de\/services\/%d1%83%d1%81%d0%bb%d1%83%d0%b3%d0%b8-%d0%bf%d1%80%d0%b5%d0%b4%d0%be%d1%81%d1%82%d0%b0%d0%b2%d0%bb%d1%8f%d0%b5%d0%bc%d1%8b%d0%b5-%d0%be%d1%82%d0%b5%d0%bb%d0%b5%d0%bc\/\" \/>\n<meta property=\"og:site_name\" content=\"Nyala Suite Hotel\" \/>\n<meta property=\"article:modified_time\" content=\"2019-09-22T11:57:55+00:00\" \/>\n<meta property=\"og:image\" content=\"https:\/\/nyala.info\/wp-content\/uploads\/2019\/09\/nyala-suite-hotel-room-key-768x1024.jpeg\" \/>\n\t<meta property=\"og:image:width\" content=\"768\" \/>\n\t<meta property=\"og:image:height\" content=\"1024\" \/>\n\t<meta property=\"og:image:type\" content=\"image\/jpeg\" \/>\n<meta name=\"twitter:card\" content=\"summary_large_image\" \/>\n<meta name=\"twitter:label1\" content=\"Est. reading time\" \/>\n\t<meta name=\"twitter:data1\" content=\"7 minutes\" \/>\n<script type=\"application\/ld+json\" class=\"yoast-schema-graph\">{\"@context\":\"https:\/\/schema.org\",\"@graph\":[{\"@type\":\"WebPage\",\"@id\":\"https:\/\/nyala.info\/de\/services\/%d1%83%d1%81%d0%bb%d1%83%d0%b3%d0%b8-%d0%bf%d1%80%d0%b5%d0%b4%d0%be%d1%81%d1%82%d0%b0%d0%b2%d0%bb%d1%8f%d0%b5%d0%bc%d1%8b%d0%b5-%d0%be%d1%82%d0%b5%d0%bb%d0%b5%d0%bc\/\",\"url\":\"https:\/\/nyala.info\/de\/services\/%d1%83%d1%81%d0%bb%d1%83%d0%b3%d0%b8-%d0%bf%d1%80%d0%b5%d0%b4%d0%be%d1%81%d1%82%d0%b0%d0%b2%d0%bb%d1%8f%d0%b5%d0%bc%d1%8b%d0%b5-%d0%be%d1%82%d0%b5%d0%bb%d0%b5%d0%bc\/\",\"name\":\"Hotelservice | Nyala Suite Hotel 4-Sterne-Hotel in San Remo\",\"isPartOf\":{\"@id\":\"https:\/\/nyala.info\/de\/#website\"},\"primaryImageOfPage\":{\"@id\":\"https:\/\/nyala.info\/de\/services\/%d1%83%d1%81%d0%bb%d1%83%d0%b3%d0%b8-%d0%bf%d1%80%d0%b5%d0%b4%d0%be%d1%81%d1%82%d0%b0%d0%b2%d0%bb%d1%8f%d0%b5%d0%bc%d1%8b%d0%b5-%d0%be%d1%82%d0%b5%d0%bb%d0%b5%d0%bc\/#primaryimage\"},\"image\":{\"@id\":\"https:\/\/nyala.info\/de\/services\/%d1%83%d1%81%d0%bb%d1%83%d0%b3%d0%b8-%d0%bf%d1%80%d0%b5%d0%b4%d0%be%d1%81%d1%82%d0%b0%d0%b2%d0%bb%d1%8f%d0%b5%d0%bc%d1%8b%d0%b5-%d0%be%d1%82%d0%b5%d0%bb%d0%b5%d0%bc\/#primaryimage\"},\"thumbnailUrl\":\"https:\/\/nyala.info\/wp-content\/uploads\/2019\/09\/nyala-suite-hotel-room-key.jpeg\",\"datePublished\":\"2019-09-21T12:58:14+00:00\",\"dateModified\":\"2019-09-22T11:57:55+00:00\",\"breadcrumb\":{\"@id\":\"https:\/\/nyala.info\/de\/services\/%d1%83%d1%81%d0%bb%d1%83%d0%b3%d0%b8-%d0%bf%d1%80%d0%b5%d0%b4%d0%be%d1%81%d1%82%d0%b0%d0%b2%d0%bb%d1%8f%d0%b5%d0%bc%d1%8b%d0%b5-%d0%be%d1%82%d0%b5%d0%bb%d0%b5%d0%bc\/#breadcrumb\"},\"inLanguage\":\"de-DE\",\"potentialAction\":[{\"@type\":\"ReadAction\",\"target\":[\"https:\/\/nyala.info\/de\/services\/%d1%83%d1%81%d0%bb%d1%83%d0%b3%d0%b8-%d0%bf%d1%80%d0%b5%d0%b4%d0%be%d1%81%d1%82%d0%b0%d0%b2%d0%bb%d1%8f%d0%b5%d0%bc%d1%8b%d0%b5-%d0%be%d1%82%d0%b5%d0%bb%d0%b5%d0%bc\/\"]}]},{\"@type\":\"ImageObject\",\"inLanguage\":\"de-DE\",\"@id\":\"https:\/\/nyala.info\/de\/services\/%d1%83%d1%81%d0%bb%d1%83%d0%b3%d0%b8-%d0%bf%d1%80%d0%b5%d0%b4%d0%be%d1%81%d1%82%d0%b0%d0%b2%d0%bb%d1%8f%d0%b5%d0%bc%d1%8b%d0%b5-%d0%be%d1%82%d0%b5%d0%bb%d0%b5%d0%bc\/#primaryimage\",\"url\":\"https:\/\/nyala.info\/wp-content\/uploads\/2019\/09\/nyala-suite-hotel-room-key.jpeg\",\"contentUrl\":\"https:\/\/nyala.info\/wp-content\/uploads\/2019\/09\/nyala-suite-hotel-room-key.jpeg\",\"width\":3024,\"height\":4032},{\"@type\":\"BreadcrumbList\",\"@id\":\"https:\/\/nyala.info\/de\/services\/%d1%83%d1%81%d0%bb%d1%83%d0%b3%d0%b8-%d0%bf%d1%80%d0%b5%d0%b4%d0%be%d1%81%d1%82%d0%b0%d0%b2%d0%bb%d1%8f%d0%b5%d0%bc%d1%8b%d0%b5-%d0%be%d1%82%d0%b5%d0%bb%d0%b5%d0%bc\/#breadcrumb\",\"itemListElement\":[{\"@type\":\"ListItem\",\"position\":1,\"name\":\"Home\",\"item\":\"https:\/\/nyala.info\/de\/\"},{\"@type\":\"ListItem\",\"position\":2,\"name\":\"Dienstleistungen\",\"item\":\"https:\/\/nyala.info\/de\/services\/\"},{\"@type\":\"ListItem\",\"position\":3,\"name\":\"Hotelservice\"}]},{\"@type\":\"WebSite\",\"@id\":\"https:\/\/nyala.info\/de\/#website\",\"url\":\"https:\/\/nyala.info\/de\/\",\"name\":\"Nyala Suite Hotel\",\"description\":\"4-Sterne-Hotel in San Remo\",\"potentialAction\":[{\"@type\":\"SearchAction\",\"target\":{\"@type\":\"EntryPoint\",\"urlTemplate\":\"https:\/\/nyala.info\/de\/?s={search_term_string}\"},\"query-input\":{\"@type\":\"PropertyValueSpecification\",\"valueRequired\":true,\"valueName\":\"search_term_string\"}}],\"inLanguage\":\"de-DE\"}]}<\/script>\n<!-- \/ Yoast SEO plugin. -->","yoast_head_json":{"title":"Hotelservice | Nyala Suite Hotel 4-Sterne-Hotel in San Remo","robots":{"index":"noindex","follow":"follow","max-snippet":"max-snippet:-1","max-image-preview":"max-image-preview:large","max-video-preview":"max-video-preview:-1"},"og_locale":"de_DE","og_type":"article","og_title":"Hotelservice | Nyala Suite Hotel 4-Sterne-Hotel in San Remo","og_description":"Telefon 0 Externe Leitung 9 Rezeption, Zimmerservice, Information, Weckdienst Abreise Bitte r\u00e4umen Sie ihr Zimmer vor 12:00 Uhr Mittags. Falls Sie unseren Express-Check-Out nutzen m\u00f6chten, kontaktieren Sie bitte die Rezeption am Abend vor Ihrer Abreise. Die Abbuchung erfolgt hierbei automatisch von Ihrer Kreditkarte. Apotheke Bitte wenden Sie sich an die Rezeption, wenn Sie Hilfe bei [&hellip;]","og_url":"https:\/\/nyala.info\/de\/services\/%d1%83%d1%81%d0%bb%d1%83%d0%b3%d0%b8-%d0%bf%d1%80%d0%b5%d0%b4%d0%be%d1%81%d1%82%d0%b0%d0%b2%d0%bb%d1%8f%d0%b5%d0%bc%d1%8b%d0%b5-%d0%be%d1%82%d0%b5%d0%bb%d0%b5%d0%bc\/","og_site_name":"Nyala Suite Hotel","article_modified_time":"2019-09-22T11:57:55+00:00","og_image":[{"width":768,"height":1024,"url":"https:\/\/nyala.info\/wp-content\/uploads\/2019\/09\/nyala-suite-hotel-room-key-768x1024.jpeg","type":"image\/jpeg"}],"twitter_card":"summary_large_image","twitter_misc":{"Est. reading time":"7 minutes"},"schema":{"@context":"https:\/\/schema.org","@graph":[{"@type":"WebPage","@id":"https:\/\/nyala.info\/de\/services\/%d1%83%d1%81%d0%bb%d1%83%d0%b3%d0%b8-%d0%bf%d1%80%d0%b5%d0%b4%d0%be%d1%81%d1%82%d0%b0%d0%b2%d0%bb%d1%8f%d0%b5%d0%bc%d1%8b%d0%b5-%d0%be%d1%82%d0%b5%d0%bb%d0%b5%d0%bc\/","url":"https:\/\/nyala.info\/de\/services\/%d1%83%d1%81%d0%bb%d1%83%d0%b3%d0%b8-%d0%bf%d1%80%d0%b5%d0%b4%d0%be%d1%81%d1%82%d0%b0%d0%b2%d0%bb%d1%8f%d0%b5%d0%bc%d1%8b%d0%b5-%d0%be%d1%82%d0%b5%d0%bb%d0%b5%d0%bc\/","name":"Hotelservice | Nyala Suite Hotel 4-Sterne-Hotel in San Remo","isPartOf":{"@id":"https:\/\/nyala.info\/de\/#website"},"primaryImageOfPage":{"@id":"https:\/\/nyala.info\/de\/services\/%d1%83%d1%81%d0%bb%d1%83%d0%b3%d0%b8-%d0%bf%d1%80%d0%b5%d0%b4%d0%be%d1%81%d1%82%d0%b0%d0%b2%d0%bb%d1%8f%d0%b5%d0%bc%d1%8b%d0%b5-%d0%be%d1%82%d0%b5%d0%bb%d0%b5%d0%bc\/#primaryimage"},"image":{"@id":"https:\/\/nyala.info\/de\/services\/%d1%83%d1%81%d0%bb%d1%83%d0%b3%d0%b8-%d0%bf%d1%80%d0%b5%d0%b4%d0%be%d1%81%d1%82%d0%b0%d0%b2%d0%bb%d1%8f%d0%b5%d0%bc%d1%8b%d0%b5-%d0%be%d1%82%d0%b5%d0%bb%d0%b5%d0%bc\/#primaryimage"},"thumbnailUrl":"https:\/\/nyala.info\/wp-content\/uploads\/2019\/09\/nyala-suite-hotel-room-key.jpeg","datePublished":"2019-09-21T12:58:14+00:00","dateModified":"2019-09-22T11:57:55+00:00","breadcrumb":{"@id":"https:\/\/nyala.info\/de\/services\/%d1%83%d1%81%d0%bb%d1%83%d0%b3%d0%b8-%d0%bf%d1%80%d0%b5%d0%b4%d0%be%d1%81%d1%82%d0%b0%d0%b2%d0%bb%d1%8f%d0%b5%d0%bc%d1%8b%d0%b5-%d0%be%d1%82%d0%b5%d0%bb%d0%b5%d0%bc\/#breadcrumb"},"inLanguage":"de-DE","potentialAction":[{"@type":"ReadAction","target":["https:\/\/nyala.info\/de\/services\/%d1%83%d1%81%d0%bb%d1%83%d0%b3%d0%b8-%d0%bf%d1%80%d0%b5%d0%b4%d0%be%d1%81%d1%82%d0%b0%d0%b2%d0%bb%d1%8f%d0%b5%d0%bc%d1%8b%d0%b5-%d0%be%d1%82%d0%b5%d0%bb%d0%b5%d0%bc\/"]}]},{"@type":"ImageObject","inLanguage":"de-DE","@id":"https:\/\/nyala.info\/de\/services\/%d1%83%d1%81%d0%bb%d1%83%d0%b3%d0%b8-%d0%bf%d1%80%d0%b5%d0%b4%d0%be%d1%81%d1%82%d0%b0%d0%b2%d0%bb%d1%8f%d0%b5%d0%bc%d1%8b%d0%b5-%d0%be%d1%82%d0%b5%d0%bb%d0%b5%d0%bc\/#primaryimage","url":"https:\/\/nyala.info\/wp-content\/uploads\/2019\/09\/nyala-suite-hotel-room-key.jpeg","contentUrl":"https:\/\/nyala.info\/wp-content\/uploads\/2019\/09\/nyala-suite-hotel-room-key.jpeg","width":3024,"height":4032},{"@type":"BreadcrumbList","@id":"https:\/\/nyala.info\/de\/services\/%d1%83%d1%81%d0%bb%d1%83%d0%b3%d0%b8-%d0%bf%d1%80%d0%b5%d0%b4%d0%be%d1%81%d1%82%d0%b0%d0%b2%d0%bb%d1%8f%d0%b5%d0%bc%d1%8b%d0%b5-%d0%be%d1%82%d0%b5%d0%bb%d0%b5%d0%bc\/#breadcrumb","itemListElement":[{"@type":"ListItem","position":1,"name":"Home","item":"https:\/\/nyala.info\/de\/"},{"@type":"ListItem","position":2,"name":"Dienstleistungen","item":"https:\/\/nyala.info\/de\/services\/"},{"@type":"ListItem","position":3,"name":"Hotelservice"}]},{"@type":"WebSite","@id":"https:\/\/nyala.info\/de\/#website","url":"https:\/\/nyala.info\/de\/","name":"Nyala Suite Hotel","description":"4-Sterne-Hotel in San Remo","potentialAction":[{"@type":"SearchAction","target":{"@type":"EntryPoint","urlTemplate":"https:\/\/nyala.info\/de\/?s={search_term_string}"},"query-input":{"@type":"PropertyValueSpecification","valueRequired":true,"valueName":"search_term_string"}}],"inLanguage":"de-DE"}]}},"_links":{"self":[{"href":"https:\/\/nyala.info\/de\/wp-json\/wp\/v2\/pages\/7968"}],"collection":[{"href":"https:\/\/nyala.info\/de\/wp-json\/wp\/v2\/pages"}],"about":[{"href":"https:\/\/nyala.info\/de\/wp-json\/wp\/v2\/types\/page"}],"author":[{"embeddable":true,"href":"https:\/\/nyala.info\/de\/wp-json\/wp\/v2\/users\/3"}],"replies":[{"embeddable":true,"href":"https:\/\/nyala.info\/de\/wp-json\/wp\/v2\/comments?post=7968"}],"version-history":[{"count":4,"href":"https:\/\/nyala.info\/de\/wp-json\/wp\/v2\/pages\/7968\/revisions"}],"predecessor-version":[{"id":8004,"href":"https:\/\/nyala.info\/de\/wp-json\/wp\/v2\/pages\/7968\/revisions\/8004"}],"up":[{"embeddable":true,"href":"https:\/\/nyala.info\/de\/wp-json\/wp\/v2\/pages\/8061"}],"wp:featuredmedia":[{"embeddable":true,"href":"https:\/\/nyala.info\/de\/wp-json\/wp\/v2\/media\/7895"}],"wp:attachment":[{"href":"https:\/\/nyala.info\/de\/wp-json\/wp\/v2\/media?parent=7968"}],"curies":[{"name":"wp","href":"https:\/\/api.w.org\/{rel}","templated":true}]}}