{"id":7937,"date":"2019-09-20T16:40:58","date_gmt":"2019-09-20T14:40:58","guid":{"rendered":"http:\/\/nyala.info\/?page_id=7937"},"modified":"2024-06-26T11:37:09","modified_gmt":"2024-06-26T09:37:09","slug":"ausflug-bussana-vecchia-das-kuenstler-dorf","status":"publish","type":"page","link":"https:\/\/nyala.info\/de\/tagesausfluege\/ausflug-bussana-vecchia-das-kuenstler-dorf\/","title":{"rendered":"Ausflug: Bussana Vecchia, das K\u00fcnstler-Dorf"},"content":{"rendered":"<h4>Bussana Vecchia\u00a0 ist schon seit der 60er Jahre bekannt, als K\u00fcnstler und Hippies aus Nordeuropa beschlossen, sich in diesem verlassenen Dorf niederzulassen. Das Dorf wurde 1887 von einem Erdbeben zerst\u00f6rt und wurde von da ab als unbewohnbar erkl\u00e4rt. Die letzten Jahre\u00a0 befand sich dieses Dorfes quasi in der Schwebe, es bedarf viel Restaurierungsarbeiten von Seiten der Bewohner und der Oberintendantur, um aus diesem zerst\u00f6rten Dorf einen Ort, der \u00e4u\u00dferst interessant und auf alle F\u00e4lle einen Besuch wert ist zu schaffen.<\/h4>\n<p>AUSFLUGSPROGRAMM<\/p>\n<ul>\n<li>Transfer von San Remo nach\u00a0<strong>Bussana Vecchia<\/strong>\u00a0via Minibus. Der Zustand der Stra\u00dfe macht es unm\u00f6glich das Dorf per Touristenbus zu erreichen und es gibt keinen \u00f6rtlichen Busservice.<\/li>\n<li><strong>Gef\u00fchrte Tour durch das Dorf\u00a0<\/strong>bei dem Sie die M\u00f6glichkeit haben die Ruinen der gro\u00dfen Kirche zu bestaunen und durch die typisch ligurischen Aleen, auch \u201ecarrugi\u201c genannt zu schlendern.<\/li>\n<li>Nat\u00fcrlich haben Sie auch die M\u00f6glichkeit die<strong>\u00a0Kunst-Boutiquen des Dorfes<\/strong>\u00a0zu besuchen und die Spezialit\u00e4ten der \u00f6rtlichen K\u00fcche San Remo\u2019s in einem der kleinen Restaurants zu auszukosten.<\/li>\n<li>Am Ende des Besuchs R\u00fcckkehr per Minibus nach San Remo.<\/li>\n<li>Diejenigen, die gerne spazieren gehen k\u00f6nnen den Ausflug dazu nutzen vom Dorf entland des\u00a0<strong>alten Pfades<\/strong>, der einst die Dorfeinwohner zu ihren Booten am Strand von Bussana brachte, zu spazieren. Der Minibus wird hier auf sie warten.<\/li>\n<\/ul>\n<p>IM ANGEBOT ENTHALTEN<\/p>\n<ul>\n<li>Transfer via Minibus inklusive Fahrer\/F\u00fchrer.<\/li>\n<\/ul>\n<p>A LA CARTE SERVICES<\/p>\n<ul>\n<li>Mittagessen in einem lokalen Restaurant, wo Sie Gelegenheit dazu haben die authentische K\u00fcche San Remo\u2019s zu entdecken.<\/li>\n<\/ul>\n<p>NICHT IM ANGEBOT ENTHALTEN<\/p>\n<ul>\n<li>Mahlzeiten<\/li>\n<li>alles was nicht ausdr\u00fccklich unter \u201eim Angebot enthalten\u201c aufgef\u00fchrt ist.<\/li>\n<\/ul>\n<p><a href=\"https:\/\/www.itourriviera.it\/wordpress\/wp-content\/uploads\/2011\/11\/bambini.png\"><img loading=\"lazy\" decoding=\"async\" class=\"size-full wp-image-6079 alignleft\" src=\"https:\/\/www.itourriviera.it\/wordpress\/wp-content\/uploads\/2011\/11\/bambini.png\" alt=\"Escursioni per i bambini\" width=\"250\" height=\"122\" \/><\/a>Ihr Besuch in Bussana Vecchia wird mit Kindern zu einem lehrreichen Erlebnis, der demonstriert, wie\u00a0 nat\u00fcrliche Gewalten, wie ein Erdbeben unser Leben beeinflussen k\u00f6nnen.<\/p>\n<div class=\"clear\"><\/div>\n<p>&nbsp;<\/p>\n<div id=\"tags\">Schlagw\u00f6rter:\u00a0<a href=\"https:\/\/www.itourriviera.it\/de\/tag\/bussana-vecchie-de\/\" rel=\"tag\">bussana vecchie @de<\/a>,\u00a0<a href=\"https:\/\/www.itourriviera.it\/de\/tag\/san-remo-de\/\" rel=\"tag\">san remo @de<\/a><\/div>\n","protected":false},"excerpt":{"rendered":"<p>Bussana Vecchia\u00a0 ist schon seit der 60er Jahre bekannt, als K\u00fcnstler und Hippies aus Nordeuropa beschlossen, sich in diesem verlassenen Dorf niederzulassen. Das Dorf wurde 1887 von einem Erdbeben zerst\u00f6rt und wurde von da ab als unbewohnbar erkl\u00e4rt. Die letzten Jahre\u00a0 befand sich dieses Dorfes quasi in der Schwebe, es bedarf viel Restaurierungsarbeiten von Seiten [&hellip;]<\/p>\n","protected":false},"author":3,"featured_media":8425,"parent":5805,"menu_order":0,"comment_status":"closed","ping_status":"closed","template":"","meta":{"_acf_changed":false,"footnotes":""},"class_list":["post-7937","page","type-page","status-publish","has-post-thumbnail","hentry"],"acf":[],"yoast_head":"<!-- This site is optimized with the Yoast SEO plugin v25.6 - https:\/\/yoast.com\/wordpress\/plugins\/seo\/ -->\n<title>Ausflug: Bussana Vecchia, das K\u00fcnstler-Dorf | Nyala Suite Hotel 4-Sterne-Hotel in San Remo<\/title>\n<meta name=\"robots\" content=\"noindex, follow, max-snippet:-1, max-image-preview:large, max-video-preview:-1\" \/>\n<meta property=\"og:locale\" content=\"de_DE\" \/>\n<meta property=\"og:type\" content=\"article\" \/>\n<meta property=\"og:title\" content=\"Ausflug: Bussana Vecchia, das K\u00fcnstler-Dorf | Nyala Suite Hotel 4-Sterne-Hotel in San Remo\" \/>\n<meta property=\"og:description\" content=\"Bussana Vecchia\u00a0 ist schon seit der 60er Jahre bekannt, als K\u00fcnstler und Hippies aus Nordeuropa beschlossen, sich in diesem verlassenen Dorf niederzulassen. Das Dorf wurde 1887 von einem Erdbeben zerst\u00f6rt und wurde von da ab als unbewohnbar erkl\u00e4rt. Die letzten Jahre\u00a0 befand sich dieses Dorfes quasi in der Schwebe, es bedarf viel Restaurierungsarbeiten von Seiten [&hellip;]\" \/>\n<meta property=\"og:url\" content=\"https:\/\/nyala.info\/de\/tagesausfluege\/ausflug-bussana-vecchia-das-kuenstler-dorf\/\" \/>\n<meta property=\"og:site_name\" content=\"Nyala Suite Hotel\" \/>\n<meta property=\"article:modified_time\" content=\"2024-06-26T09:37:09+00:00\" \/>\n<meta property=\"og:image\" content=\"http:\/\/nyala.info\/wp-content\/uploads\/2024\/06\/IMG-9826-1-min-scaled-e1673865217348.jpg\" \/>\n\t<meta property=\"og:image:width\" content=\"1920\" \/>\n\t<meta property=\"og:image:height\" content=\"1715\" \/>\n\t<meta property=\"og:image:type\" content=\"image\/jpeg\" \/>\n<meta name=\"twitter:card\" content=\"summary_large_image\" \/>\n<meta name=\"twitter:label1\" content=\"Est. reading time\" \/>\n\t<meta name=\"twitter:data1\" content=\"2 minutes\" \/>\n<script type=\"application\/ld+json\" class=\"yoast-schema-graph\">{\"@context\":\"https:\/\/schema.org\",\"@graph\":[{\"@type\":\"WebPage\",\"@id\":\"https:\/\/nyala.info\/de\/tagesausfluege\/ausflug-bussana-vecchia-das-kuenstler-dorf\/\",\"url\":\"https:\/\/nyala.info\/de\/tagesausfluege\/ausflug-bussana-vecchia-das-kuenstler-dorf\/\",\"name\":\"Ausflug: Bussana Vecchia, das K\u00fcnstler-Dorf | Nyala Suite Hotel 4-Sterne-Hotel in San Remo\",\"isPartOf\":{\"@id\":\"https:\/\/nyala.info\/de\/#website\"},\"primaryImageOfPage\":{\"@id\":\"https:\/\/nyala.info\/de\/tagesausfluege\/ausflug-bussana-vecchia-das-kuenstler-dorf\/#primaryimage\"},\"image\":{\"@id\":\"https:\/\/nyala.info\/de\/tagesausfluege\/ausflug-bussana-vecchia-das-kuenstler-dorf\/#primaryimage\"},\"thumbnailUrl\":\"https:\/\/nyala.info\/wp-content\/uploads\/2024\/06\/IMG-9826-1-min-scaled-e1673865217348.jpg\",\"datePublished\":\"2019-09-20T14:40:58+00:00\",\"dateModified\":\"2024-06-26T09:37:09+00:00\",\"breadcrumb\":{\"@id\":\"https:\/\/nyala.info\/de\/tagesausfluege\/ausflug-bussana-vecchia-das-kuenstler-dorf\/#breadcrumb\"},\"inLanguage\":\"de-DE\",\"potentialAction\":[{\"@type\":\"ReadAction\",\"target\":[\"https:\/\/nyala.info\/de\/tagesausfluege\/ausflug-bussana-vecchia-das-kuenstler-dorf\/\"]}]},{\"@type\":\"ImageObject\",\"inLanguage\":\"de-DE\",\"@id\":\"https:\/\/nyala.info\/de\/tagesausfluege\/ausflug-bussana-vecchia-das-kuenstler-dorf\/#primaryimage\",\"url\":\"https:\/\/nyala.info\/wp-content\/uploads\/2024\/06\/IMG-9826-1-min-scaled-e1673865217348.jpg\",\"contentUrl\":\"https:\/\/nyala.info\/wp-content\/uploads\/2024\/06\/IMG-9826-1-min-scaled-e1673865217348.jpg\",\"width\":1920,\"height\":1715,\"caption\":\"Bussana\"},{\"@type\":\"BreadcrumbList\",\"@id\":\"https:\/\/nyala.info\/de\/tagesausfluege\/ausflug-bussana-vecchia-das-kuenstler-dorf\/#breadcrumb\",\"itemListElement\":[{\"@type\":\"ListItem\",\"position\":1,\"name\":\"Home\",\"item\":\"https:\/\/nyala.info\/de\/\"},{\"@type\":\"ListItem\",\"position\":2,\"name\":\"Tagesausfl\u00fcge: Die Riviera in 7 Tage\",\"item\":\"https:\/\/nyala.info\/de\/tagesausfluege\/\"},{\"@type\":\"ListItem\",\"position\":3,\"name\":\"Ausflug: Bussana Vecchia, das K\u00fcnstler-Dorf\"}]},{\"@type\":\"WebSite\",\"@id\":\"https:\/\/nyala.info\/de\/#website\",\"url\":\"https:\/\/nyala.info\/de\/\",\"name\":\"Nyala Suite Hotel\",\"description\":\"4-Sterne-Hotel in San Remo\",\"potentialAction\":[{\"@type\":\"SearchAction\",\"target\":{\"@type\":\"EntryPoint\",\"urlTemplate\":\"https:\/\/nyala.info\/de\/?s={search_term_string}\"},\"query-input\":{\"@type\":\"PropertyValueSpecification\",\"valueRequired\":true,\"valueName\":\"search_term_string\"}}],\"inLanguage\":\"de-DE\"}]}<\/script>\n<!-- \/ Yoast SEO plugin. -->","yoast_head_json":{"title":"Ausflug: Bussana Vecchia, das K\u00fcnstler-Dorf | Nyala Suite Hotel 4-Sterne-Hotel in San Remo","robots":{"index":"noindex","follow":"follow","max-snippet":"max-snippet:-1","max-image-preview":"max-image-preview:large","max-video-preview":"max-video-preview:-1"},"og_locale":"de_DE","og_type":"article","og_title":"Ausflug: Bussana Vecchia, das K\u00fcnstler-Dorf | Nyala Suite Hotel 4-Sterne-Hotel in San Remo","og_description":"Bussana Vecchia\u00a0 ist schon seit der 60er Jahre bekannt, als K\u00fcnstler und Hippies aus Nordeuropa beschlossen, sich in diesem verlassenen Dorf niederzulassen. Das Dorf wurde 1887 von einem Erdbeben zerst\u00f6rt und wurde von da ab als unbewohnbar erkl\u00e4rt. Die letzten Jahre\u00a0 befand sich dieses Dorfes quasi in der Schwebe, es bedarf viel Restaurierungsarbeiten von Seiten [&hellip;]","og_url":"https:\/\/nyala.info\/de\/tagesausfluege\/ausflug-bussana-vecchia-das-kuenstler-dorf\/","og_site_name":"Nyala Suite Hotel","article_modified_time":"2024-06-26T09:37:09+00:00","og_image":[{"width":1920,"height":1715,"url":"http:\/\/nyala.info\/wp-content\/uploads\/2024\/06\/IMG-9826-1-min-scaled-e1673865217348.jpg","type":"image\/jpeg"}],"twitter_card":"summary_large_image","twitter_misc":{"Est. reading time":"2 minutes"},"schema":{"@context":"https:\/\/schema.org","@graph":[{"@type":"WebPage","@id":"https:\/\/nyala.info\/de\/tagesausfluege\/ausflug-bussana-vecchia-das-kuenstler-dorf\/","url":"https:\/\/nyala.info\/de\/tagesausfluege\/ausflug-bussana-vecchia-das-kuenstler-dorf\/","name":"Ausflug: Bussana Vecchia, das K\u00fcnstler-Dorf | Nyala Suite Hotel 4-Sterne-Hotel in San Remo","isPartOf":{"@id":"https:\/\/nyala.info\/de\/#website"},"primaryImageOfPage":{"@id":"https:\/\/nyala.info\/de\/tagesausfluege\/ausflug-bussana-vecchia-das-kuenstler-dorf\/#primaryimage"},"image":{"@id":"https:\/\/nyala.info\/de\/tagesausfluege\/ausflug-bussana-vecchia-das-kuenstler-dorf\/#primaryimage"},"thumbnailUrl":"https:\/\/nyala.info\/wp-content\/uploads\/2024\/06\/IMG-9826-1-min-scaled-e1673865217348.jpg","datePublished":"2019-09-20T14:40:58+00:00","dateModified":"2024-06-26T09:37:09+00:00","breadcrumb":{"@id":"https:\/\/nyala.info\/de\/tagesausfluege\/ausflug-bussana-vecchia-das-kuenstler-dorf\/#breadcrumb"},"inLanguage":"de-DE","potentialAction":[{"@type":"ReadAction","target":["https:\/\/nyala.info\/de\/tagesausfluege\/ausflug-bussana-vecchia-das-kuenstler-dorf\/"]}]},{"@type":"ImageObject","inLanguage":"de-DE","@id":"https:\/\/nyala.info\/de\/tagesausfluege\/ausflug-bussana-vecchia-das-kuenstler-dorf\/#primaryimage","url":"https:\/\/nyala.info\/wp-content\/uploads\/2024\/06\/IMG-9826-1-min-scaled-e1673865217348.jpg","contentUrl":"https:\/\/nyala.info\/wp-content\/uploads\/2024\/06\/IMG-9826-1-min-scaled-e1673865217348.jpg","width":1920,"height":1715,"caption":"Bussana"},{"@type":"BreadcrumbList","@id":"https:\/\/nyala.info\/de\/tagesausfluege\/ausflug-bussana-vecchia-das-kuenstler-dorf\/#breadcrumb","itemListElement":[{"@type":"ListItem","position":1,"name":"Home","item":"https:\/\/nyala.info\/de\/"},{"@type":"ListItem","position":2,"name":"Tagesausfl\u00fcge: Die Riviera in 7 Tage","item":"https:\/\/nyala.info\/de\/tagesausfluege\/"},{"@type":"ListItem","position":3,"name":"Ausflug: Bussana Vecchia, das K\u00fcnstler-Dorf"}]},{"@type":"WebSite","@id":"https:\/\/nyala.info\/de\/#website","url":"https:\/\/nyala.info\/de\/","name":"Nyala Suite Hotel","description":"4-Sterne-Hotel in San Remo","potentialAction":[{"@type":"SearchAction","target":{"@type":"EntryPoint","urlTemplate":"https:\/\/nyala.info\/de\/?s={search_term_string}"},"query-input":{"@type":"PropertyValueSpecification","valueRequired":true,"valueName":"search_term_string"}}],"inLanguage":"de-DE"}]}},"_links":{"self":[{"href":"https:\/\/nyala.info\/de\/wp-json\/wp\/v2\/pages\/7937"}],"collection":[{"href":"https:\/\/nyala.info\/de\/wp-json\/wp\/v2\/pages"}],"about":[{"href":"https:\/\/nyala.info\/de\/wp-json\/wp\/v2\/types\/page"}],"author":[{"embeddable":true,"href":"https:\/\/nyala.info\/de\/wp-json\/wp\/v2\/users\/3"}],"replies":[{"embeddable":true,"href":"https:\/\/nyala.info\/de\/wp-json\/wp\/v2\/comments?post=7937"}],"version-history":[{"count":1,"href":"https:\/\/nyala.info\/de\/wp-json\/wp\/v2\/pages\/7937\/revisions"}],"predecessor-version":[{"id":7938,"href":"https:\/\/nyala.info\/de\/wp-json\/wp\/v2\/pages\/7937\/revisions\/7938"}],"up":[{"embeddable":true,"href":"https:\/\/nyala.info\/de\/wp-json\/wp\/v2\/pages\/5805"}],"wp:featuredmedia":[{"embeddable":true,"href":"https:\/\/nyala.info\/de\/wp-json\/wp\/v2\/media\/8425"}],"wp:attachment":[{"href":"https:\/\/nyala.info\/de\/wp-json\/wp\/v2\/media?parent=7937"}],"curies":[{"name":"wp","href":"https:\/\/api.w.org\/{rel}","templated":true}]}}