{"id":5859,"date":"2017-08-02T20:55:03","date_gmt":"2017-08-02T18:55:03","guid":{"rendered":"http:\/\/www.nyalahotel.com\/jetzt-buchen\/preise-hotel\/"},"modified":"2018-01-05T12:28:29","modified_gmt":"2018-01-05T11:28:29","slug":"preise-hotel","status":"publish","type":"page","link":"https:\/\/nyala.info\/de\/jetzt-buchen\/preise-hotel\/","title":{"rendered":"HOTELPREISEN"},"content":{"rendered":"<h3>ENTSCHEIDEN SIE SICH F\u00dcR EINE DIREKTE BUCHUNG ZU BESTEN HOTELPREISEN<\/h3>\n<p>&nbsp;<\/p>\n<h4>Wir garantieren, Ihnen immer den zu diesem Zeitpunkt im Internet bestm\u00f6glichen Preis zu bieten.<\/h4>\n<p>Mit einer direkten Hotelbuchung sparen Sie dank des neuen italienischem Gesetztes, das die vertraglichen Einschr\u00e4nkungen von Portalen f\u00fcr illegal erkl\u00e4rt, sodass Hotels die gleichen Preise anbieten k\u00f6nnen.<\/p>\n<h4>Falls Sie, wie auch immer, einen besseren Preis auf einer anderen Webseite entdecken, werden wir Ihnen sofort einen Rabatt geben.<\/h4>\n<p>F\u00fcr mehr Informationen lesen Sie unsere Richtlinien f\u00fcr die Bestm\u00f6glichen Tarife.<\/p>\n<div align=\"center\">\n<div style=\"width: 800px;\" class=\"wp-video\"><!--[if lt IE 9]><script>document.createElement('video');<\/script><![endif]-->\n<video class=\"wp-video-shortcode\" id=\"video-5859-1\" width=\"800\" height=\"450\" autoplay=\"1\" preload=\"metadata\" controls=\"controls\"><source type=\"video\/mp4\" src=\"http:\/\/www.nyalahotel.com\/wp-content\/uploads\/2017\/07\/contatta-direttamente-il-tuo-albergo.-fatti-furbo.mp4?_=1\" \/><a href=\"http:\/\/www.nyalahotel.com\/wp-content\/uploads\/2017\/07\/contatta-direttamente-il-tuo-albergo.-fatti-furbo.mp4\">http:\/\/www.nyalahotel.com\/wp-content\/uploads\/2017\/07\/contatta-direttamente-il-tuo-albergo.-fatti-furbo.mp4<\/a><\/video><\/div>\n<\/div>\n<p>&nbsp;<\/p>\n<h4>Was nun folgt ist eine Darstellung der Preise, die Sie auf unserer Webseite finden.<\/h4>\n<p>&nbsp;<\/p>\n<div align=\"center\"><img loading=\"lazy\" decoding=\"async\" class=\"alignnone size-full wp-image-5755\" src=\"http:\/\/www.nyalahotel.com\/wp-content\/uploads\/2017\/07\/tariffe-hotel.png\" alt=\"tariffe hotel\" width=\"800\" height=\"400\" srcset=\"https:\/\/nyala.info\/wp-content\/uploads\/2017\/07\/tariffe-hotel.png 800w, https:\/\/nyala.info\/wp-content\/uploads\/2017\/07\/tariffe-hotel-300x150.png 300w, https:\/\/nyala.info\/wp-content\/uploads\/2017\/07\/tariffe-hotel-768x384.png 768w, https:\/\/nyala.info\/wp-content\/uploads\/2017\/07\/tariffe-hotel-2x1.png 2w\" sizes=\"(max-width: 800px) 100vw, 800px\" \/><\/div>\n<p>&nbsp;<\/p>\n<table style=\"width: 1142px;\">\n<tbody>\n<tr>\n<td style=\"width: 152px; text-align: left;\"><strong>\u00a0<\/strong><\/td>\n<td style=\"width: 145px; text-align: left;\"><strong>\u00a0<\/strong><\/td>\n<td style=\"width: 251px; text-align: left;\"><strong>Wo kann ich buchen?<\/strong><\/td>\n<td style=\"width: 311px; text-align: left;\"><strong>Wie viel und wann muss ich zahlen?<br \/>\n<\/strong><\/td>\n<td style=\"width: 399px; text-align: left;\"><strong>Kann ich stornieren ohne eine Geb\u00fchr zu zahlen?<br \/>\n<\/strong><\/td>\n<td style=\"width: 399px; text-align: left;\"><strong>Wie hoch ist die Geb\u00fchr?<\/strong><\/td>\n<\/tr>\n<tr>\n<td style=\"width: 152px; text-align: left;\"><b>F<\/b><b>lexibler Tarif<\/b><strong><br \/>\n<\/strong><\/td>\n<td style=\"width: 145px; text-align: left;\"><\/td>\n<td style=\"width: 251px; text-align: left;\"><\/td>\n<td style=\"width: 311px; text-align: left;\"><\/td>\n<td style=\"width: 399px; text-align: left;\"><\/td>\n<td style=\"width: 399px; text-align: left;\"><\/td>\n<\/tr>\n<tr>\n<td style=\"width: 152px; text-align: left;\"><strong>BESTER TARIF<\/strong><\/td>\n<td style=\"width: 145px; text-align: left;\"><strong>Immer reduziert im Vergleich zu normalen Internet-preisen<\/strong><\/td>\n<td style=\"width: 251px; text-align: left;\">Immer verf\u00fcgbar<\/td>\n<td style=\"width: 311px; text-align: left;\">Eine Anzahlung von 30%, mit einem Minimum des Wertes einer Nacht, wird zum Zeitpunkt der Buchung berechnet<\/p>\n<p>Die Differenz wird direkt bei Eintreffen am Hotel ben\u00f6tigt<\/td>\n<td style=\"width: 399px; text-align: left;\"><b>JA<\/b><br \/>\n<strong>wenn Sie innerhalb von 7 Tagen vor Ankunft stornieren<\/strong><br \/>\nAngerechnete Bankgeb\u00fchren f\u00fcr R\u00fcckbuchung: 5%.<\/td>\n<td style=\"width: 399px; text-align: left;\">F\u00fcr Stornierungen au\u00dferhalb der Fristen werden folgende Fristen gelten:<br \/>\nvon 6 bis zu 3 Tagen vor Ankunft: der gesamte Betrag der Buchung;<br \/>\ninnerhalb von\u00a03 Tagen vor Ankunft: der gesamte Betrag der Buchung;<br \/>\nNichtanreise: der gesamte Betrag der Buchung; fr\u00fche Abreise: der gesamte Betrag der Buchung<\/td>\n<\/tr>\n<tr>\n<td style=\"width: 152px; text-align: left;\"><b>Nicht erstattbare Tarife<\/b><\/td>\n<td style=\"width: 145px; text-align: left;\"><\/td>\n<td style=\"width: 251px; text-align: left;\"><\/td>\n<td style=\"width: 311px; text-align: left;\"><\/td>\n<td style=\"width: 399px; text-align: left;\"><\/td>\n<td style=\"width: 399px; text-align: left;\"><\/td>\n<\/tr>\n<tr>\n<td style=\"width: 152px; text-align: left;\"><strong>FIRST-MINUTE<\/strong><\/td>\n<td style=\"width: 145px; text-align: left;\"><strong>20% mehr Ersparnis im Vergleich zu<\/strong>\u00a0<strong>BESTER TARIF<\/strong><\/td>\n<td style=\"width: 251px; text-align: left;\">Bis zu 60 Tagen vor der Ankunft<\/td>\n<td style=\"width: 311px; text-align: left;\">Der gesamte Betrag wird zum Zeitpunkt der Buchung berechnet<\/td>\n<td style=\"width: 399px; text-align: left;\"><strong>NEIN<\/strong><br \/>\nes wird im Fall einer Stornierung keine R\u00fcckerstattung angeboten<\/td>\n<td style=\"width: 399px; text-align: left;\">Der gesamte Betrag der Buchung<\/td>\n<\/tr>\n<tr>\n<td style=\"width: 152px; text-align: left;\"><strong>\u00a0PREPAID<\/strong><\/td>\n<td style=\"width: 145px; text-align: left;\"><strong>10% mehr Ersparnis im Vergleich zu BESTER TARIF<\/strong><\/td>\n<td style=\"width: 251px; text-align: left;\">Von 59 bis zu 7 Tagen vor Ankunft<\/td>\n<td style=\"width: 311px; text-align: left;\">Der komplette Betrag wird zum Zeitpunkt der Buchung berechnet<\/td>\n<td style=\"width: 399px; text-align: left;\"><strong>NEIN<\/strong><br \/>\nZahlung zur Zeit der Buchung<\/td>\n<td style=\"width: 399px; text-align: left;\">\u00a0Der gesamte Betrag der Buchung<\/td>\n<\/tr>\n<tr>\n<td style=\"width: 152px; text-align: left;\"><strong>LAST-MINUTE<\/strong><\/td>\n<td style=\"width: 145px; text-align: left;\"><strong>5% mehr Ersparnis im Vergleich zu BESTE TARIFE<\/strong><\/td>\n<td style=\"width: 251px; text-align: left;\">Eine Woche vor Ankunft<\/td>\n<td style=\"width: 311px; text-align: left;\">Der gesamte Betrag wird zum Zeitpunkt der Buchung berechnet<\/td>\n<td style=\"width: 399px; text-align: left;\"><strong>NEIN<\/strong><br \/>\nZahlung zum Zeitpunkt der Buchung<\/td>\n<td style=\"width: 399px; text-align: left;\">\u00a0Der gesamte Betrag der Buchung<\/td>\n<\/tr>\n<\/tbody>\n<\/table>\n","protected":false},"excerpt":{"rendered":"<p>ENTSCHEIDEN SIE SICH F\u00dcR EINE DIREKTE BUCHUNG ZU BESTEN HOTELPREISEN &nbsp; Wir garantieren, Ihnen immer den zu diesem Zeitpunkt im Internet bestm\u00f6glichen Preis zu bieten. Mit einer direkten Hotelbuchung sparen Sie dank des neuen italienischem Gesetztes, das die vertraglichen Einschr\u00e4nkungen von Portalen f\u00fcr illegal erkl\u00e4rt, sodass Hotels die gleichen Preise anbieten k\u00f6nnen. Falls Sie, wie [&hellip;]<\/p>\n","protected":false},"author":3,"featured_media":5797,"parent":3607,"menu_order":0,"comment_status":"closed","ping_status":"closed","template":"","meta":{"_acf_changed":false,"footnotes":""},"class_list":["post-5859","page","type-page","status-publish","has-post-thumbnail","hentry"],"acf":[],"yoast_head":"<!-- This site is optimized with the Yoast SEO plugin v25.6 - https:\/\/yoast.com\/wordpress\/plugins\/seo\/ -->\n<title>HOTELPREISEN | Nyala Suite Hotel 4-Sterne-Hotel in San Remo<\/title>\n<meta name=\"description\" content=\"Entscheiden Sie sich f\u00fcr eine direkte Buchung mit unseren Hotelpreisen und wir garantieren Ihnen immer, dass wir Ihnen die zu diesem Zeitpunkt besten Preise anzubieten.\" \/>\n<meta name=\"robots\" content=\"noindex, follow, max-snippet:-1, max-image-preview:large, max-video-preview:-1\" \/>\n<meta property=\"og:locale\" content=\"de_DE\" \/>\n<meta property=\"og:type\" content=\"article\" \/>\n<meta property=\"og:title\" content=\"HOTELPREISEN | Nyala Suite Hotel 4-Sterne-Hotel in San Remo\" \/>\n<meta property=\"og:description\" content=\"Entscheiden Sie sich f\u00fcr eine direkte Buchung mit unseren Hotelpreisen und wir garantieren Ihnen immer, dass wir Ihnen die zu diesem Zeitpunkt besten Preise anzubieten.\" \/>\n<meta property=\"og:url\" content=\"https:\/\/nyala.info\/de\/jetzt-buchen\/preise-hotel\/\" \/>\n<meta property=\"og:site_name\" content=\"Nyala Suite Hotel\" \/>\n<meta property=\"article:modified_time\" content=\"2018-01-05T11:28:29+00:00\" \/>\n<meta property=\"og:image\" content=\"https:\/\/nyala.info\/wp-content\/uploads\/2017\/07\/prenotare-migliore-tariffa-hotel.jpg\" \/>\n\t<meta property=\"og:image:width\" content=\"320\" \/>\n\t<meta property=\"og:image:height\" content=\"214\" \/>\n\t<meta property=\"og:image:type\" content=\"image\/jpeg\" \/>\n<meta name=\"twitter:card\" content=\"summary_large_image\" \/>\n<meta name=\"twitter:label1\" content=\"Est. reading time\" \/>\n\t<meta name=\"twitter:data1\" content=\"2 minutes\" \/>\n<script type=\"application\/ld+json\" class=\"yoast-schema-graph\">{\"@context\":\"https:\/\/schema.org\",\"@graph\":[{\"@type\":\"WebPage\",\"@id\":\"https:\/\/nyala.info\/de\/jetzt-buchen\/preise-hotel\/\",\"url\":\"https:\/\/nyala.info\/de\/jetzt-buchen\/preise-hotel\/\",\"name\":\"HOTELPREISEN | Nyala Suite Hotel 4-Sterne-Hotel in San Remo\",\"isPartOf\":{\"@id\":\"https:\/\/nyala.info\/de\/#website\"},\"primaryImageOfPage\":{\"@id\":\"https:\/\/nyala.info\/de\/jetzt-buchen\/preise-hotel\/#primaryimage\"},\"image\":{\"@id\":\"https:\/\/nyala.info\/de\/jetzt-buchen\/preise-hotel\/#primaryimage\"},\"thumbnailUrl\":\"https:\/\/nyala.info\/wp-content\/uploads\/2017\/07\/prenotare-migliore-tariffa-hotel.jpg\",\"datePublished\":\"2017-08-02T18:55:03+00:00\",\"dateModified\":\"2018-01-05T11:28:29+00:00\",\"description\":\"Entscheiden Sie sich f\u00fcr eine direkte Buchung mit unseren Hotelpreisen und wir garantieren Ihnen immer, dass wir Ihnen die zu diesem Zeitpunkt besten Preise anzubieten.\",\"breadcrumb\":{\"@id\":\"https:\/\/nyala.info\/de\/jetzt-buchen\/preise-hotel\/#breadcrumb\"},\"inLanguage\":\"de-DE\",\"potentialAction\":[{\"@type\":\"ReadAction\",\"target\":[\"https:\/\/nyala.info\/de\/jetzt-buchen\/preise-hotel\/\"]}]},{\"@type\":\"ImageObject\",\"inLanguage\":\"de-DE\",\"@id\":\"https:\/\/nyala.info\/de\/jetzt-buchen\/preise-hotel\/#primaryimage\",\"url\":\"https:\/\/nyala.info\/wp-content\/uploads\/2017\/07\/prenotare-migliore-tariffa-hotel.jpg\",\"contentUrl\":\"https:\/\/nyala.info\/wp-content\/uploads\/2017\/07\/prenotare-migliore-tariffa-hotel.jpg\",\"width\":320,\"height\":214},{\"@type\":\"BreadcrumbList\",\"@id\":\"https:\/\/nyala.info\/de\/jetzt-buchen\/preise-hotel\/#breadcrumb\",\"itemListElement\":[{\"@type\":\"ListItem\",\"position\":1,\"name\":\"Home\",\"item\":\"https:\/\/nyala.info\/de\/\"},{\"@type\":\"ListItem\",\"position\":2,\"name\":\"Hotelbuchung\",\"item\":\"https:\/\/nyala.info\/de\/jetzt-buchen\/\"},{\"@type\":\"ListItem\",\"position\":3,\"name\":\"HOTELPREISEN\"}]},{\"@type\":\"WebSite\",\"@id\":\"https:\/\/nyala.info\/de\/#website\",\"url\":\"https:\/\/nyala.info\/de\/\",\"name\":\"Nyala Suite Hotel\",\"description\":\"4-Sterne-Hotel in San Remo\",\"potentialAction\":[{\"@type\":\"SearchAction\",\"target\":{\"@type\":\"EntryPoint\",\"urlTemplate\":\"https:\/\/nyala.info\/de\/?s={search_term_string}\"},\"query-input\":{\"@type\":\"PropertyValueSpecification\",\"valueRequired\":true,\"valueName\":\"search_term_string\"}}],\"inLanguage\":\"de-DE\"}]}<\/script>\n<!-- \/ Yoast SEO plugin. -->","yoast_head_json":{"title":"HOTELPREISEN | Nyala Suite Hotel 4-Sterne-Hotel in San Remo","description":"Entscheiden Sie sich f\u00fcr eine direkte Buchung mit unseren Hotelpreisen und wir garantieren Ihnen immer, dass wir Ihnen die zu diesem Zeitpunkt besten Preise anzubieten.","robots":{"index":"noindex","follow":"follow","max-snippet":"max-snippet:-1","max-image-preview":"max-image-preview:large","max-video-preview":"max-video-preview:-1"},"og_locale":"de_DE","og_type":"article","og_title":"HOTELPREISEN | Nyala Suite Hotel 4-Sterne-Hotel in San Remo","og_description":"Entscheiden Sie sich f\u00fcr eine direkte Buchung mit unseren Hotelpreisen und wir garantieren Ihnen immer, dass wir Ihnen die zu diesem Zeitpunkt besten Preise anzubieten.","og_url":"https:\/\/nyala.info\/de\/jetzt-buchen\/preise-hotel\/","og_site_name":"Nyala Suite Hotel","article_modified_time":"2018-01-05T11:28:29+00:00","og_image":[{"width":320,"height":214,"url":"https:\/\/nyala.info\/wp-content\/uploads\/2017\/07\/prenotare-migliore-tariffa-hotel.jpg","type":"image\/jpeg"}],"twitter_card":"summary_large_image","twitter_misc":{"Est. reading time":"2 minutes"},"schema":{"@context":"https:\/\/schema.org","@graph":[{"@type":"WebPage","@id":"https:\/\/nyala.info\/de\/jetzt-buchen\/preise-hotel\/","url":"https:\/\/nyala.info\/de\/jetzt-buchen\/preise-hotel\/","name":"HOTELPREISEN | Nyala Suite Hotel 4-Sterne-Hotel in San Remo","isPartOf":{"@id":"https:\/\/nyala.info\/de\/#website"},"primaryImageOfPage":{"@id":"https:\/\/nyala.info\/de\/jetzt-buchen\/preise-hotel\/#primaryimage"},"image":{"@id":"https:\/\/nyala.info\/de\/jetzt-buchen\/preise-hotel\/#primaryimage"},"thumbnailUrl":"https:\/\/nyala.info\/wp-content\/uploads\/2017\/07\/prenotare-migliore-tariffa-hotel.jpg","datePublished":"2017-08-02T18:55:03+00:00","dateModified":"2018-01-05T11:28:29+00:00","description":"Entscheiden Sie sich f\u00fcr eine direkte Buchung mit unseren Hotelpreisen und wir garantieren Ihnen immer, dass wir Ihnen die zu diesem Zeitpunkt besten Preise anzubieten.","breadcrumb":{"@id":"https:\/\/nyala.info\/de\/jetzt-buchen\/preise-hotel\/#breadcrumb"},"inLanguage":"de-DE","potentialAction":[{"@type":"ReadAction","target":["https:\/\/nyala.info\/de\/jetzt-buchen\/preise-hotel\/"]}]},{"@type":"ImageObject","inLanguage":"de-DE","@id":"https:\/\/nyala.info\/de\/jetzt-buchen\/preise-hotel\/#primaryimage","url":"https:\/\/nyala.info\/wp-content\/uploads\/2017\/07\/prenotare-migliore-tariffa-hotel.jpg","contentUrl":"https:\/\/nyala.info\/wp-content\/uploads\/2017\/07\/prenotare-migliore-tariffa-hotel.jpg","width":320,"height":214},{"@type":"BreadcrumbList","@id":"https:\/\/nyala.info\/de\/jetzt-buchen\/preise-hotel\/#breadcrumb","itemListElement":[{"@type":"ListItem","position":1,"name":"Home","item":"https:\/\/nyala.info\/de\/"},{"@type":"ListItem","position":2,"name":"Hotelbuchung","item":"https:\/\/nyala.info\/de\/jetzt-buchen\/"},{"@type":"ListItem","position":3,"name":"HOTELPREISEN"}]},{"@type":"WebSite","@id":"https:\/\/nyala.info\/de\/#website","url":"https:\/\/nyala.info\/de\/","name":"Nyala Suite Hotel","description":"4-Sterne-Hotel in San Remo","potentialAction":[{"@type":"SearchAction","target":{"@type":"EntryPoint","urlTemplate":"https:\/\/nyala.info\/de\/?s={search_term_string}"},"query-input":{"@type":"PropertyValueSpecification","valueRequired":true,"valueName":"search_term_string"}}],"inLanguage":"de-DE"}]}},"_links":{"self":[{"href":"https:\/\/nyala.info\/de\/wp-json\/wp\/v2\/pages\/5859"}],"collection":[{"href":"https:\/\/nyala.info\/de\/wp-json\/wp\/v2\/pages"}],"about":[{"href":"https:\/\/nyala.info\/de\/wp-json\/wp\/v2\/types\/page"}],"author":[{"embeddable":true,"href":"https:\/\/nyala.info\/de\/wp-json\/wp\/v2\/users\/3"}],"replies":[{"embeddable":true,"href":"https:\/\/nyala.info\/de\/wp-json\/wp\/v2\/comments?post=5859"}],"version-history":[{"count":2,"href":"https:\/\/nyala.info\/de\/wp-json\/wp\/v2\/pages\/5859\/revisions"}],"predecessor-version":[{"id":7040,"href":"https:\/\/nyala.info\/de\/wp-json\/wp\/v2\/pages\/5859\/revisions\/7040"}],"up":[{"embeddable":true,"href":"https:\/\/nyala.info\/de\/wp-json\/wp\/v2\/pages\/3607"}],"wp:featuredmedia":[{"embeddable":true,"href":"https:\/\/nyala.info\/de\/wp-json\/wp\/v2\/media\/5797"}],"wp:attachment":[{"href":"https:\/\/nyala.info\/de\/wp-json\/wp\/v2\/media?parent=5859"}],"curies":[{"name":"wp","href":"https:\/\/api.w.org\/{rel}","templated":true}]}}