{"id":5805,"date":"2017-07-27T11:28:54","date_gmt":"2017-07-27T09:28:54","guid":{"rendered":"http:\/\/www.nyalahotel.com\/?page_id=5805\/"},"modified":"2019-09-04T14:03:37","modified_gmt":"2019-09-04T12:03:37","slug":"tagesausfluege","status":"publish","type":"page","link":"https:\/\/nyala.info\/de\/tagesausfluege\/","title":{"rendered":"Tagesausfl\u00fcge: Die Riviera in 7 Tage"},"content":{"rendered":"<h1 style=\"text-align: center;\">Die Riviera in 7 Tage<\/h1>\n<h2 style=\"text-align: center;\">Sieben Tagesausfl\u00fcge, dass Sie die vielen Aspekte, die die au\u00dfergew\u00f6hnliche Vielfalt an Freizeit-und Gastfreundschaft unserer Region machen zu sch\u00e4tzen lassen.<\/h2>\n<p style=\"text-align: center;\">Ein Urlaub in Sanremo hei\u00dft es, im Zentrum der gr\u00f6\u00dften und erfolgreichsten Skigebiet im Mittelmeer, an der Wende der ligurischen Riviera und die Cote d&#8217;Azur, darunter Orte wie:<\/p>\n<p style=\"text-align: center;\"><strong>Portofino, Alassio, San Remo, Monte Carlo, Nizza, Cannes und Saint Tropez.<\/strong><\/p>\n<p style=\"text-align: center;\">In Zusammenarbeit mit unserem Reiseb\u00fcro, Nyala Wonder Travel, freuen wir uns <strong>7 Tage Reise Angebo<\/strong>t erm\u00f6glicht es Ihnen, die vielen Aspekte, die die au\u00dfergew\u00f6hnliche Vielfalt an Freizeit-und Gastfreundschaft unserer Region machen zu sch\u00e4tzen wissen.<\/p>\n<p style=\"text-align: center;\">Wenn dann die thematischen Tourismus ist Ihr Hauptinteresse wir Sie, die G\u00f6ttliche Programm Riviera, Ligurien f\u00fcr Genie\u00dfer zu entdecken einladen, haben wir gerade f\u00fcr die mehr neugierige Touristen geschaffen.<\/p>\n","protected":false},"excerpt":{"rendered":"<p>Die Riviera in 7 Tage Sieben Tagesausfl\u00fcge, dass Sie die vielen Aspekte, die die au\u00dfergew\u00f6hnliche Vielfalt an Freizeit-und Gastfreundschaft unserer Region machen zu sch\u00e4tzen lassen. Ein Urlaub in Sanremo hei\u00dft es, im Zentrum der gr\u00f6\u00dften und erfolgreichsten Skigebiet im Mittelmeer, an der Wende der ligurischen Riviera und die Cote d&#8217;Azur, darunter Orte wie: Portofino, Alassio, [&hellip;]<\/p>\n","protected":false},"author":3,"featured_media":0,"parent":0,"menu_order":30,"comment_status":"closed","ping_status":"closed","template":"offer_one_column.php","meta":{"_acf_changed":false,"footnotes":""},"class_list":["post-5805","page","type-page","status-publish","hentry"],"acf":[],"yoast_head":"<!-- This site is optimized with the Yoast SEO plugin v25.6 - https:\/\/yoast.com\/wordpress\/plugins\/seo\/ -->\n<title>Sieben Tagesausfl\u00fcge: Portofino, Alassio, San Remo, Monte Carlo, Nizza...<\/title>\n<meta name=\"description\" content=\"Sieben Tagesausfl\u00fcge, dass Sie die vielen Aspekte, die die au\u00dfergew\u00f6hnliche Vielfalt an Freizeit-und Gastfreundschaft unserer Region machen zu sch\u00e4tzen..\" \/>\n<meta name=\"robots\" content=\"noindex, follow, max-snippet:-1, max-image-preview:large, max-video-preview:-1\" \/>\n<meta property=\"og:locale\" content=\"de_DE\" \/>\n<meta property=\"og:type\" content=\"article\" \/>\n<meta property=\"og:title\" content=\"Sieben Tagesausfl\u00fcge: Portofino, Alassio, San Remo, Monte Carlo, Nizza...\" \/>\n<meta property=\"og:description\" content=\"Sieben Tagesausfl\u00fcge, dass Sie die vielen Aspekte, die die au\u00dfergew\u00f6hnliche Vielfalt an Freizeit-und Gastfreundschaft unserer Region machen zu sch\u00e4tzen..\" \/>\n<meta property=\"og:url\" content=\"https:\/\/nyala.info\/de\/tagesausfluege\/\" \/>\n<meta property=\"og:site_name\" content=\"Nyala Suite Hotel\" \/>\n<meta property=\"article:modified_time\" content=\"2019-09-04T12:03:37+00:00\" \/>\n<meta name=\"twitter:card\" content=\"summary_large_image\" \/>\n<meta name=\"twitter:label1\" content=\"Est. reading time\" \/>\n\t<meta name=\"twitter:data1\" content=\"1 minute\" \/>\n<script type=\"application\/ld+json\" class=\"yoast-schema-graph\">{\"@context\":\"https:\/\/schema.org\",\"@graph\":[{\"@type\":\"WebPage\",\"@id\":\"https:\/\/nyala.info\/de\/tagesausfluege\/\",\"url\":\"https:\/\/nyala.info\/de\/tagesausfluege\/\",\"name\":\"Sieben Tagesausfl\u00fcge: Portofino, Alassio, San Remo, Monte Carlo, Nizza...\",\"isPartOf\":{\"@id\":\"https:\/\/nyala.info\/de\/#website\"},\"datePublished\":\"2017-07-27T09:28:54+00:00\",\"dateModified\":\"2019-09-04T12:03:37+00:00\",\"description\":\"Sieben Tagesausfl\u00fcge, dass Sie die vielen Aspekte, die die au\u00dfergew\u00f6hnliche Vielfalt an Freizeit-und Gastfreundschaft unserer Region machen zu sch\u00e4tzen..\",\"breadcrumb\":{\"@id\":\"https:\/\/nyala.info\/de\/tagesausfluege\/#breadcrumb\"},\"inLanguage\":\"de-DE\",\"potentialAction\":[{\"@type\":\"ReadAction\",\"target\":[\"https:\/\/nyala.info\/de\/tagesausfluege\/\"]}]},{\"@type\":\"BreadcrumbList\",\"@id\":\"https:\/\/nyala.info\/de\/tagesausfluege\/#breadcrumb\",\"itemListElement\":[{\"@type\":\"ListItem\",\"position\":1,\"name\":\"Home\",\"item\":\"https:\/\/nyala.info\/de\/\"},{\"@type\":\"ListItem\",\"position\":2,\"name\":\"Tagesausfl\u00fcge: Die Riviera in 7 Tage\"}]},{\"@type\":\"WebSite\",\"@id\":\"https:\/\/nyala.info\/de\/#website\",\"url\":\"https:\/\/nyala.info\/de\/\",\"name\":\"Nyala Suite Hotel\",\"description\":\"4-Sterne-Hotel in San Remo\",\"potentialAction\":[{\"@type\":\"SearchAction\",\"target\":{\"@type\":\"EntryPoint\",\"urlTemplate\":\"https:\/\/nyala.info\/de\/?s={search_term_string}\"},\"query-input\":{\"@type\":\"PropertyValueSpecification\",\"valueRequired\":true,\"valueName\":\"search_term_string\"}}],\"inLanguage\":\"de-DE\"}]}<\/script>\n<!-- \/ Yoast SEO plugin. -->","yoast_head_json":{"title":"Sieben Tagesausfl\u00fcge: Portofino, Alassio, San Remo, Monte Carlo, Nizza...","description":"Sieben Tagesausfl\u00fcge, dass Sie die vielen Aspekte, die die au\u00dfergew\u00f6hnliche Vielfalt an Freizeit-und Gastfreundschaft unserer Region machen zu sch\u00e4tzen..","robots":{"index":"noindex","follow":"follow","max-snippet":"max-snippet:-1","max-image-preview":"max-image-preview:large","max-video-preview":"max-video-preview:-1"},"og_locale":"de_DE","og_type":"article","og_title":"Sieben Tagesausfl\u00fcge: Portofino, Alassio, San Remo, Monte Carlo, Nizza...","og_description":"Sieben Tagesausfl\u00fcge, dass Sie die vielen Aspekte, die die au\u00dfergew\u00f6hnliche Vielfalt an Freizeit-und Gastfreundschaft unserer Region machen zu sch\u00e4tzen..","og_url":"https:\/\/nyala.info\/de\/tagesausfluege\/","og_site_name":"Nyala Suite Hotel","article_modified_time":"2019-09-04T12:03:37+00:00","twitter_card":"summary_large_image","twitter_misc":{"Est. reading time":"1 minute"},"schema":{"@context":"https:\/\/schema.org","@graph":[{"@type":"WebPage","@id":"https:\/\/nyala.info\/de\/tagesausfluege\/","url":"https:\/\/nyala.info\/de\/tagesausfluege\/","name":"Sieben Tagesausfl\u00fcge: Portofino, Alassio, San Remo, Monte Carlo, Nizza...","isPartOf":{"@id":"https:\/\/nyala.info\/de\/#website"},"datePublished":"2017-07-27T09:28:54+00:00","dateModified":"2019-09-04T12:03:37+00:00","description":"Sieben Tagesausfl\u00fcge, dass Sie die vielen Aspekte, die die au\u00dfergew\u00f6hnliche Vielfalt an Freizeit-und Gastfreundschaft unserer Region machen zu sch\u00e4tzen..","breadcrumb":{"@id":"https:\/\/nyala.info\/de\/tagesausfluege\/#breadcrumb"},"inLanguage":"de-DE","potentialAction":[{"@type":"ReadAction","target":["https:\/\/nyala.info\/de\/tagesausfluege\/"]}]},{"@type":"BreadcrumbList","@id":"https:\/\/nyala.info\/de\/tagesausfluege\/#breadcrumb","itemListElement":[{"@type":"ListItem","position":1,"name":"Home","item":"https:\/\/nyala.info\/de\/"},{"@type":"ListItem","position":2,"name":"Tagesausfl\u00fcge: Die Riviera in 7 Tage"}]},{"@type":"WebSite","@id":"https:\/\/nyala.info\/de\/#website","url":"https:\/\/nyala.info\/de\/","name":"Nyala Suite Hotel","description":"4-Sterne-Hotel in San Remo","potentialAction":[{"@type":"SearchAction","target":{"@type":"EntryPoint","urlTemplate":"https:\/\/nyala.info\/de\/?s={search_term_string}"},"query-input":{"@type":"PropertyValueSpecification","valueRequired":true,"valueName":"search_term_string"}}],"inLanguage":"de-DE"}]}},"_links":{"self":[{"href":"https:\/\/nyala.info\/de\/wp-json\/wp\/v2\/pages\/5805"}],"collection":[{"href":"https:\/\/nyala.info\/de\/wp-json\/wp\/v2\/pages"}],"about":[{"href":"https:\/\/nyala.info\/de\/wp-json\/wp\/v2\/types\/page"}],"author":[{"embeddable":true,"href":"https:\/\/nyala.info\/de\/wp-json\/wp\/v2\/users\/3"}],"replies":[{"embeddable":true,"href":"https:\/\/nyala.info\/de\/wp-json\/wp\/v2\/comments?post=5805"}],"version-history":[{"count":3,"href":"https:\/\/nyala.info\/de\/wp-json\/wp\/v2\/pages\/5805\/revisions"}],"predecessor-version":[{"id":7051,"href":"https:\/\/nyala.info\/de\/wp-json\/wp\/v2\/pages\/5805\/revisions\/7051"}],"wp:attachment":[{"href":"https:\/\/nyala.info\/de\/wp-json\/wp\/v2\/media?parent=5805"}],"curies":[{"name":"wp","href":"https:\/\/api.w.org\/{rel}","templated":true}]}}