{"id":5607,"date":"2017-07-22T11:15:07","date_gmt":"2017-07-22T09:15:07","guid":{"rendered":"http:\/\/www.nyalahotel.com\/angebote\/urlaub\/august-in-san-remo\/"},"modified":"2018-12-27T18:55:34","modified_gmt":"2018-12-27T17:55:34","slug":"august-in-san-remo","status":"publish","type":"page","link":"https:\/\/nyala.info\/de\/angebote\/urlaub\/august-in-san-remo\/","title":{"rendered":"August in San Remo"},"content":{"rendered":"<h2 style=\"text-align: center;\">August in San Remo mit Tagen totaler Entspannung neben dem Swimmingpool und Feiern in der Nacht in Ihrem Strandurlaub in Ligurien<\/h2>\n<p style=\"text-align: center;\">Wenn Sie einen <strong> August oder Ferragosto (lange Wochenende Mitte August) -Urlaub <\/strong>verbringen wollen, der Entspannung und Spa\u00df verbindet, k\u00f6nnen Sie mit der Wahl unseres Hotels faule Tage am Pool verleben, w\u00e4hrend Sie einen Drink und Mittagessen beim Dalak Grill genie\u00dfen, und Ihre Kinder in absoluter Sicherheit auf dem benachbarten Spielplatz spielen.<br \/>\nAlternativ k\u00f6nnen Sie Tage mit der Entdeckung der K\u00fcste der Blumenriviera und der Cote d&#8217;Azur oder des faszinierenden Inlandsgebiet der ligurischen Riviera verbringen.<\/p>\n<ul class=\"tabs\">\n<li class=\"tab-link current\" data-tab=\"tab-1\">Buchen<\/li>\n<li class=\"tab-link\" data-tab=\"tab-2\">Unser Angebot umfasst<\/li>\n<li class=\"tab-link\" data-tab=\"tab-3\">Buchungsrichtlinien<\/li>\n<\/ul>\n<div id=\"tab-1\" class=\"tab-content current\">\n<p>Unser Programm <b>Sommern\u00e4chte<\/b> wird Ihre Sommerabende mit musikalischen und kulinarischen Gen\u00fcssen auf der Terrasse des Hotels mit sch\u00f6ner Aussicht oder in dem Restaurant, oder aber auch neben dem Swimmingpool mit Barservice im Kerzenlicht bereichern. Unser abendlicher <b>Miniclub-Service<\/b> mit Betreuung f\u00fcr die Kleinen, wird Ihnen ein ruhiges Abendessen erm\u00f6glichen, in Juli und August jeden Tag von 17:00 Uhr bis ungef\u00e4hr 21:00 Uhr.<\/p>\n<p>Das angebotene Entertainment ist immer dezent und nicht aufdringlich, und au\u00dferdem weit weg vom Stress der Touristend\u00f6rfer.<\/p>\n<a class=\"maxbutton-16 maxbutton maxbutton-buchen\" target=\"_blank\" rel=\"noopener\" href=\"http:\/\/www.nyalahotel.com\/de\/jetzt-buchen\/\"><span class='mb-text'>Buchen<\/span><\/a>\n<\/div>\n<div id=\"tab-2\" class=\"tab-content\">\n<p>Das Angebot umfasst<\/p>\n<ul>\n<li><b>Formel 14 x12 <\/b>= 14 N\u00e4chte schlafen und f\u00fcr 12 bezahlen<\/li>\n<li>Unterbringung mit <b>Halbpension<\/b> mit Tagesmen\u00fc, Getr\u00e4nke nicht inkludiert, mit einer Wahl zwischen\n<ul>\n<li>Buffet-Service mit Antipasti, Wahl des ersten Ganges, Wahl des zweiten Ganges, Salat und Desserts<\/li>\n<li>Traditioneller Tischservice in \u00dcbereinstimmung mit dem Men\u00fc auf der kleinen Karte<\/li>\n<\/ul>\n<\/li>\n<li>Benutzung des Swimmingpools, ausgestattet mit Liegen und Sonnenschirmen, nach Verf\u00fcgbarkeit.<\/li>\n<li>Entertainment-Programm <b>Sommern\u00e4chte<\/b> angemessen f\u00fcr jedes Alter.<\/li>\n<\/ul>\n<p>Das Angebot umfasst:<\/p>\n<ul>\n<li>VIP-Willkommen: eine Flasche Spumante in Ihrem Zimmer bei Ankunft.<\/li>\n<li>Privates Parken, nach Verf\u00fcgbarkeit.<\/li>\n<li>Ein Gutschein, der in Geldmarken umgewandelt werden kann, damit Sie Ihr Gl\u00fcck im Casino von San Remo versuchen k\u00f6nnen.<\/li>\n<\/ul>\n<p>Familien-Plan:<\/p>\n<ul>\n<li>Eine Baby-Ausstattung(Kinderbett, Wickeltisch, Babywanne, etc.) auf Ihre Anfrage geb\u00fchrenfrei (bei vorhergehender Buchung).<\/li>\n<li>Das erste Kind bis zu einem Alter von 13 schl\u00e4ft umsonst, wenn es sich das Zimmer mit den Eltern teilt<\/li>\n<li>Bis zu 2 Kindern, die unter 18 Jahren alt sind, zahlen nur 50%, wenn sie sich ein Zimmer mit den Eltern teilen.<\/li>\n<\/ul>\n<ul>\n<li>Kinderspielplatz ganztags verf\u00fcgbar<\/li>\n<li>K\u00fcchenzeile f\u00fcr die Zubereitung von Mahlzeiten 24 Stunden am Tag verf\u00fcgbar<\/li>\n<li>Miniclub mit Betreuung von 17:00 Uhr bis 21:00 Uhr, Juli und August<\/li>\n<\/ul>\n<\/div>\n<div id=\"tab-3\" class=\"tab-content\">\n<p>BUCHUNGSRICHTLINIEN<\/p>\n<ul>\n<li>Minimal m\u00f6glicher Aufenthalt: 3 N\u00e4chte.<\/li>\n<li>Dieses Angebot ist nur \u00fcber Onlinebuchung verf\u00fcgbar, f\u00fcr eine begrenzte Anzahl an Pl\u00e4tzen.<\/li>\n<li>Alle angebotenen Rabatte werden automatisch von unserem Buchungssystem berechnet.<\/li>\n<li>Das Angebot kann \u00fcber den Lauf des Jahres ohne vorangegangene Benachrichtigung ge\u00e4ndert werden.<\/li>\n<li>In jedem Fall werden die von dem Buchungssystem angebotenen Tarif g\u00fcltig seiny.<\/li>\n<li>Anzahlung: 25% (min. 1 Nacht).<\/li>\n<li>Freie Stornierung bis zu 7 Tage vor Ankunft.<\/li>\n<li>Strafe f\u00fcr Stornierung au\u00dferhalb dieser Grenzen, Nichterscheinen oder Abfahrt vor gebuchtem Datum: 100%.<\/li>\n<\/ul>\n<\/div>\n<p><!-- container --><br \/>\n<script type=\"text\/javascript\">\n\tjQuery(document).ready(function(){\t\n\tjQuery('ul.tabs li').click(function(){\n\t\tvar tab_id = jQuery(this).attr('data-tab');\n\t\tjQuery('ul.tabs li').removeClass('current');\n\t\tjQuery('.tab-content').removeClass('current');\n\t\tjQuery(this).addClass('current');\n\t\tjQuery(\"#\"+tab_id).addClass('current');\n\t})\n})\n<\/script><\/p>\n","protected":false},"excerpt":{"rendered":"<p>August in San Remo mit Tagen totaler Entspannung neben dem Swimmingpool und Feiern in der Nacht in Ihrem Strandurlaub in Ligurien Wenn Sie einen August oder Ferragosto (lange Wochenende Mitte August) -Urlaub verbringen wollen, der Entspannung und Spa\u00df verbindet, k\u00f6nnen Sie mit der Wahl unseres Hotels faule Tage am Pool verleben, w\u00e4hrend Sie einen Drink [&hellip;]<\/p>\n","protected":false},"author":3,"featured_media":2765,"parent":4987,"menu_order":0,"comment_status":"closed","ping_status":"closed","template":"","meta":{"_acf_changed":false,"footnotes":""},"class_list":["post-5607","page","type-page","status-publish","has-post-thumbnail","hentry"],"acf":[],"yoast_head":"<!-- This site is optimized with the Yoast SEO plugin v25.6 - https:\/\/yoast.com\/wordpress\/plugins\/seo\/ -->\n<title>August in San Remo | Nyala Suite Hotel 4-Sterne-Hotel in San Remo<\/title>\n<meta name=\"robots\" content=\"noindex, follow, max-snippet:-1, max-image-preview:large, max-video-preview:-1\" \/>\n<meta property=\"og:locale\" content=\"de_DE\" \/>\n<meta property=\"og:type\" content=\"article\" \/>\n<meta property=\"og:title\" content=\"August in San Remo | Nyala Suite Hotel 4-Sterne-Hotel in San Remo\" \/>\n<meta property=\"og:description\" content=\"August in San Remo mit Tagen totaler Entspannung neben dem Swimmingpool und Feiern in der Nacht in Ihrem Strandurlaub in Ligurien Wenn Sie einen August oder Ferragosto (lange Wochenende Mitte August) -Urlaub verbringen wollen, der Entspannung und Spa\u00df verbindet, k\u00f6nnen Sie mit der Wahl unseres Hotels faule Tage am Pool verleben, w\u00e4hrend Sie einen Drink [&hellip;]\" \/>\n<meta property=\"og:url\" content=\"https:\/\/nyala.info\/de\/angebote\/urlaub\/august-in-san-remo\/\" \/>\n<meta property=\"og:site_name\" content=\"Nyala Suite Hotel\" \/>\n<meta property=\"article:modified_time\" content=\"2018-12-27T17:55:34+00:00\" \/>\n<meta property=\"og:image\" content=\"https:\/\/nyala.info\/wp-content\/uploads\/2015\/04\/Nyala_Pool-1024x683-1.jpg\" \/>\n\t<meta property=\"og:image:width\" content=\"500\" \/>\n\t<meta property=\"og:image:height\" content=\"350\" \/>\n\t<meta property=\"og:image:type\" content=\"image\/jpeg\" \/>\n<meta name=\"twitter:card\" content=\"summary_large_image\" \/>\n<meta name=\"twitter:label1\" content=\"Est. reading time\" \/>\n\t<meta name=\"twitter:data1\" content=\"2 minutes\" \/>\n<script type=\"application\/ld+json\" class=\"yoast-schema-graph\">{\"@context\":\"https:\/\/schema.org\",\"@graph\":[{\"@type\":\"WebPage\",\"@id\":\"https:\/\/nyala.info\/de\/angebote\/urlaub\/august-in-san-remo\/\",\"url\":\"https:\/\/nyala.info\/de\/angebote\/urlaub\/august-in-san-remo\/\",\"name\":\"August in San Remo | Nyala Suite Hotel 4-Sterne-Hotel in San Remo\",\"isPartOf\":{\"@id\":\"https:\/\/nyala.info\/de\/#website\"},\"primaryImageOfPage\":{\"@id\":\"https:\/\/nyala.info\/de\/angebote\/urlaub\/august-in-san-remo\/#primaryimage\"},\"image\":{\"@id\":\"https:\/\/nyala.info\/de\/angebote\/urlaub\/august-in-san-remo\/#primaryimage\"},\"thumbnailUrl\":\"https:\/\/nyala.info\/wp-content\/uploads\/2015\/04\/Nyala_Pool-1024x683-1.jpg\",\"datePublished\":\"2017-07-22T09:15:07+00:00\",\"dateModified\":\"2018-12-27T17:55:34+00:00\",\"breadcrumb\":{\"@id\":\"https:\/\/nyala.info\/de\/angebote\/urlaub\/august-in-san-remo\/#breadcrumb\"},\"inLanguage\":\"de-DE\",\"potentialAction\":[{\"@type\":\"ReadAction\",\"target\":[\"https:\/\/nyala.info\/de\/angebote\/urlaub\/august-in-san-remo\/\"]}]},{\"@type\":\"ImageObject\",\"inLanguage\":\"de-DE\",\"@id\":\"https:\/\/nyala.info\/de\/angebote\/urlaub\/august-in-san-remo\/#primaryimage\",\"url\":\"https:\/\/nyala.info\/wp-content\/uploads\/2015\/04\/Nyala_Pool-1024x683-1.jpg\",\"contentUrl\":\"https:\/\/nyala.info\/wp-content\/uploads\/2015\/04\/Nyala_Pool-1024x683-1.jpg\",\"width\":500,\"height\":350},{\"@type\":\"BreadcrumbList\",\"@id\":\"https:\/\/nyala.info\/de\/angebote\/urlaub\/august-in-san-remo\/#breadcrumb\",\"itemListElement\":[{\"@type\":\"ListItem\",\"position\":1,\"name\":\"Home\",\"item\":\"https:\/\/nyala.info\/de\/\"},{\"@type\":\"ListItem\",\"position\":2,\"name\":\"ANGEBOTE\",\"item\":\"https:\/\/nyala.info\/de\/angebote\/\"},{\"@type\":\"ListItem\",\"position\":3,\"name\":\"Urlaub in San Remo\",\"item\":\"https:\/\/nyala.info\/de\/angebote\/urlaub\/\"},{\"@type\":\"ListItem\",\"position\":4,\"name\":\"August in San Remo\"}]},{\"@type\":\"WebSite\",\"@id\":\"https:\/\/nyala.info\/de\/#website\",\"url\":\"https:\/\/nyala.info\/de\/\",\"name\":\"Nyala Suite Hotel\",\"description\":\"4-Sterne-Hotel in San Remo\",\"potentialAction\":[{\"@type\":\"SearchAction\",\"target\":{\"@type\":\"EntryPoint\",\"urlTemplate\":\"https:\/\/nyala.info\/de\/?s={search_term_string}\"},\"query-input\":{\"@type\":\"PropertyValueSpecification\",\"valueRequired\":true,\"valueName\":\"search_term_string\"}}],\"inLanguage\":\"de-DE\"}]}<\/script>\n<!-- \/ Yoast SEO plugin. -->","yoast_head_json":{"title":"August in San Remo | Nyala Suite Hotel 4-Sterne-Hotel in San Remo","robots":{"index":"noindex","follow":"follow","max-snippet":"max-snippet:-1","max-image-preview":"max-image-preview:large","max-video-preview":"max-video-preview:-1"},"og_locale":"de_DE","og_type":"article","og_title":"August in San Remo | Nyala Suite Hotel 4-Sterne-Hotel in San Remo","og_description":"August in San Remo mit Tagen totaler Entspannung neben dem Swimmingpool und Feiern in der Nacht in Ihrem Strandurlaub in Ligurien Wenn Sie einen August oder Ferragosto (lange Wochenende Mitte August) -Urlaub verbringen wollen, der Entspannung und Spa\u00df verbindet, k\u00f6nnen Sie mit der Wahl unseres Hotels faule Tage am Pool verleben, w\u00e4hrend Sie einen Drink [&hellip;]","og_url":"https:\/\/nyala.info\/de\/angebote\/urlaub\/august-in-san-remo\/","og_site_name":"Nyala Suite Hotel","article_modified_time":"2018-12-27T17:55:34+00:00","og_image":[{"width":500,"height":350,"url":"https:\/\/nyala.info\/wp-content\/uploads\/2015\/04\/Nyala_Pool-1024x683-1.jpg","type":"image\/jpeg"}],"twitter_card":"summary_large_image","twitter_misc":{"Est. reading time":"2 minutes"},"schema":{"@context":"https:\/\/schema.org","@graph":[{"@type":"WebPage","@id":"https:\/\/nyala.info\/de\/angebote\/urlaub\/august-in-san-remo\/","url":"https:\/\/nyala.info\/de\/angebote\/urlaub\/august-in-san-remo\/","name":"August in San Remo | Nyala Suite Hotel 4-Sterne-Hotel in San Remo","isPartOf":{"@id":"https:\/\/nyala.info\/de\/#website"},"primaryImageOfPage":{"@id":"https:\/\/nyala.info\/de\/angebote\/urlaub\/august-in-san-remo\/#primaryimage"},"image":{"@id":"https:\/\/nyala.info\/de\/angebote\/urlaub\/august-in-san-remo\/#primaryimage"},"thumbnailUrl":"https:\/\/nyala.info\/wp-content\/uploads\/2015\/04\/Nyala_Pool-1024x683-1.jpg","datePublished":"2017-07-22T09:15:07+00:00","dateModified":"2018-12-27T17:55:34+00:00","breadcrumb":{"@id":"https:\/\/nyala.info\/de\/angebote\/urlaub\/august-in-san-remo\/#breadcrumb"},"inLanguage":"de-DE","potentialAction":[{"@type":"ReadAction","target":["https:\/\/nyala.info\/de\/angebote\/urlaub\/august-in-san-remo\/"]}]},{"@type":"ImageObject","inLanguage":"de-DE","@id":"https:\/\/nyala.info\/de\/angebote\/urlaub\/august-in-san-remo\/#primaryimage","url":"https:\/\/nyala.info\/wp-content\/uploads\/2015\/04\/Nyala_Pool-1024x683-1.jpg","contentUrl":"https:\/\/nyala.info\/wp-content\/uploads\/2015\/04\/Nyala_Pool-1024x683-1.jpg","width":500,"height":350},{"@type":"BreadcrumbList","@id":"https:\/\/nyala.info\/de\/angebote\/urlaub\/august-in-san-remo\/#breadcrumb","itemListElement":[{"@type":"ListItem","position":1,"name":"Home","item":"https:\/\/nyala.info\/de\/"},{"@type":"ListItem","position":2,"name":"ANGEBOTE","item":"https:\/\/nyala.info\/de\/angebote\/"},{"@type":"ListItem","position":3,"name":"Urlaub in San Remo","item":"https:\/\/nyala.info\/de\/angebote\/urlaub\/"},{"@type":"ListItem","position":4,"name":"August in San Remo"}]},{"@type":"WebSite","@id":"https:\/\/nyala.info\/de\/#website","url":"https:\/\/nyala.info\/de\/","name":"Nyala Suite Hotel","description":"4-Sterne-Hotel in San Remo","potentialAction":[{"@type":"SearchAction","target":{"@type":"EntryPoint","urlTemplate":"https:\/\/nyala.info\/de\/?s={search_term_string}"},"query-input":{"@type":"PropertyValueSpecification","valueRequired":true,"valueName":"search_term_string"}}],"inLanguage":"de-DE"}]}},"_links":{"self":[{"href":"https:\/\/nyala.info\/de\/wp-json\/wp\/v2\/pages\/5607"}],"collection":[{"href":"https:\/\/nyala.info\/de\/wp-json\/wp\/v2\/pages"}],"about":[{"href":"https:\/\/nyala.info\/de\/wp-json\/wp\/v2\/types\/page"}],"author":[{"embeddable":true,"href":"https:\/\/nyala.info\/de\/wp-json\/wp\/v2\/users\/3"}],"replies":[{"embeddable":true,"href":"https:\/\/nyala.info\/de\/wp-json\/wp\/v2\/comments?post=5607"}],"version-history":[{"count":3,"href":"https:\/\/nyala.info\/de\/wp-json\/wp\/v2\/pages\/5607\/revisions"}],"predecessor-version":[{"id":7433,"href":"https:\/\/nyala.info\/de\/wp-json\/wp\/v2\/pages\/5607\/revisions\/7433"}],"up":[{"embeddable":true,"href":"https:\/\/nyala.info\/de\/wp-json\/wp\/v2\/pages\/4987"}],"wp:featuredmedia":[{"embeddable":true,"href":"https:\/\/nyala.info\/de\/wp-json\/wp\/v2\/media\/2765"}],"wp:attachment":[{"href":"https:\/\/nyala.info\/de\/wp-json\/wp\/v2\/media?parent=5607"}],"curies":[{"name":"wp","href":"https:\/\/api.w.org\/{rel}","templated":true}]}}