{"id":5276,"date":"2017-06-29T10:42:13","date_gmt":"2017-06-29T08:42:13","guid":{"rendered":"http:\/\/www.nyalahotel.com\/?page_id=5276\/"},"modified":"2018-01-05T11:59:04","modified_gmt":"2018-01-05T10:59:04","slug":"fruehbucherbonus","status":"publish","type":"page","link":"https:\/\/nyala.info\/de\/jetzt-buchen\/fruehbucherbonus\/","title":{"rendered":"Fr\u00fchbucherbonus &#8211; W\u00e4hlen Sie die flexiblen Preise First Minute"},"content":{"rendered":"<h1 style=\"text-align: center;\">W\u00e4hlen Sie die flexiblen Preise First Minute unseres Hotels in San Remo, Ligurien und vermeiden sie jegliche Risiken f\u00fcr Stornogeb\u00fchren.<\/h1>\n<p lang=\"de-DE\" style=\"text-align: center;\">Ein Urlaub in San Remo an der wundersch\u00f6nen italienischen Riviera verdient eine fr\u00fche Buchung. Fr\u00fchbucher haben au\u00dferdem genug Zeit ihre Ausfl\u00fcge entlang der italienischen Riviera und Costa Azzurra ausgiebig zu planen.<\/p>\n<p>&nbsp;<\/p>\n<ul class=\"tabs\">\n<li class=\"tab-link current\" data-tab=\"tab-1\">Info e prenotazioni<\/li>\n<li class=\"tab-link\" data-tab=\"tab-2\">Unser Sonderangebote f\u00fcr Fr\u00fchbucher<\/li>\n<li class=\"tab-link\" data-tab=\"tab-3\">Buchungsbedingungen<\/li>\n<\/ul>\n<div id=\"tab-1\" class=\"tab-content current\">Book your stay in San Remo directly through our site<br \/>\nto be sure of finding the best solution for you, at an economical price.Choose the FIRST MINUTE tariff, comparing the offers, and book!<br \/>\n<a class=\"maxbutton-16 maxbutton maxbutton-buchen\" target=\"_blank\" rel=\"noopener\" href=\"http:\/\/www.nyalahotel.com\/de\/jetzt-buchen\/\"><span class='mb-text'>Buchen<\/span><\/a><\/p>\n<\/div>\n<div id=\"tab-2\" class=\"tab-content\">\n<ul>\n<li>Reservationen m\u00fcssen mindestens 90 Tage vor Ihrer Ankunft gebucht werden<\/li>\n<li>\n<p lang=\"de-DE\">Besonders g\u00fcnstige Tarife f\u00fcr eine begrenzte Anzahl von Zimmern<\/p>\n<\/li>\n<li>\n<p lang=\"de-DE\">Fr\u00fchst\u00fcck inklusive<\/p>\n<\/li>\n<li>\n<p lang=\"de-DE\">Halbpension oder Vollpension w\u00e4hlbar<\/p>\n<\/li>\n<li>\n<p lang=\"de-DE\">Kinder genie\u00dfen Sonderkonditionen, wenn sie ein Zimmer mit ihren Eltern teilen<\/p>\n<\/li>\n<li>\n<p lang=\"de-DE\">Haustiere sind gegen eine kleine Geb\u00fchr willkommen<\/p>\n<\/li>\n<\/ul>\n<\/div>\n<div id=\"tab-3\" class=\"tab-content\">\n<ul>\n<li>Mindestaufenthalt: 2 N\u00e4chte.<\/li>\n<li>Maximale Aufenthaltsdauer: unbegrenzt<\/li>\n<li>Minimale Vorank\u00fcndigung f\u00fcr die Reservierung: 90 Tage<\/li>\n<li>Dieses Angebot gilt nur f\u00fcr Online-Reservierungen, und f\u00fcr eine begrenzte Anzahl von G\u00e4sten.<\/li>\n<li>Dieses Angebot gilt ganzj\u00e4hrig, au\u00dfer f\u00fcr einige der verkehrsreichsten Zeiten des Jahres.<\/li>\n<li>Alle vorgeschlagenen Rabatte werden automatisch von unserem Reservierungssystem berechnet.<\/li>\n<li>Dieses Angebot kann jederzeit ohne Ank\u00fcndigung ge\u00e4ndert werden.<\/li>\n<li>Die Preise, die von unserem Reservierungssystem aufgef\u00fchrt sind, sind in allen F\u00e4llen korrekt.<\/li>\n<li>Reservierungen werden nicht r\u00fcckerstattet. Der gesamte Betrag ist zum Zeitpunkt der Reservierung zu bezahlen und kann nicht erstattet werden, egal aus welchem Grund.<\/li>\n<\/ul>\n<\/div>\n<p><!-- container --><br \/>\n<script type=\"text\/javascript\">\n\tjQuery(document).ready(function(){\t\n\tjQuery('ul.tabs li').click(function(){\n\t\tvar tab_id = jQuery(this).attr('data-tab');\n\t\tjQuery('ul.tabs li').removeClass('current');\n\t\tjQuery('.tab-content').removeClass('current');\n\t\tjQuery(this).addClass('current');\n\t\tjQuery(\"#\"+tab_id).addClass('current');\n\t})\n})\n<\/script><\/p>\n","protected":false},"excerpt":{"rendered":"<p>W\u00e4hlen Sie die flexiblen Preise First Minute unseres Hotels in San Remo, Ligurien und vermeiden sie jegliche Risiken f\u00fcr Stornogeb\u00fchren. Ein Urlaub in San Remo an der wundersch\u00f6nen italienischen Riviera verdient eine fr\u00fche Buchung. Fr\u00fchbucher haben au\u00dferdem genug Zeit ihre Ausfl\u00fcge entlang der italienischen Riviera und Costa Azzurra ausgiebig zu planen. &nbsp; Info e prenotazioni [&hellip;]<\/p>\n","protected":false},"author":3,"featured_media":4172,"parent":3607,"menu_order":0,"comment_status":"closed","ping_status":"closed","template":"","meta":{"_acf_changed":false,"footnotes":""},"class_list":["post-5276","page","type-page","status-publish","has-post-thumbnail","hentry"],"acf":[],"yoast_head":"<!-- This site is optimized with the Yoast SEO plugin v25.6 - https:\/\/yoast.com\/wordpress\/plugins\/seo\/ -->\n<title>Fr\u00fchbucherbonus - W\u00e4hlen Sie die flexiblen Preise First Minute | Nyala Suite Hotel 4-Sterne-Hotel in San Remo<\/title>\n<meta name=\"robots\" content=\"noindex, follow, max-snippet:-1, max-image-preview:large, max-video-preview:-1\" \/>\n<meta property=\"og:locale\" content=\"de_DE\" \/>\n<meta property=\"og:type\" content=\"article\" \/>\n<meta property=\"og:title\" content=\"Fr\u00fchbucherbonus - W\u00e4hlen Sie die flexiblen Preise First Minute | Nyala Suite Hotel 4-Sterne-Hotel in San Remo\" \/>\n<meta property=\"og:description\" content=\"W\u00e4hlen Sie die flexiblen Preise First Minute unseres Hotels in San Remo, Ligurien und vermeiden sie jegliche Risiken f\u00fcr Stornogeb\u00fchren. Ein Urlaub in San Remo an der wundersch\u00f6nen italienischen Riviera verdient eine fr\u00fche Buchung. Fr\u00fchbucher haben au\u00dferdem genug Zeit ihre Ausfl\u00fcge entlang der italienischen Riviera und Costa Azzurra ausgiebig zu planen. &nbsp; Info e prenotazioni [&hellip;]\" \/>\n<meta property=\"og:url\" content=\"https:\/\/nyala.info\/de\/jetzt-buchen\/fruehbucherbonus\/\" \/>\n<meta property=\"og:site_name\" content=\"Nyala Suite Hotel\" \/>\n<meta property=\"article:modified_time\" content=\"2018-01-05T10:59:04+00:00\" \/>\n<meta property=\"og:image\" content=\"https:\/\/nyala.info\/wp-content\/uploads\/2017\/03\/first-minute.png\" \/>\n\t<meta property=\"og:image:width\" content=\"320\" \/>\n\t<meta property=\"og:image:height\" content=\"214\" \/>\n\t<meta property=\"og:image:type\" content=\"image\/png\" \/>\n<meta name=\"twitter:card\" content=\"summary_large_image\" \/>\n<meta name=\"twitter:label1\" content=\"Est. reading time\" \/>\n\t<meta name=\"twitter:data1\" content=\"1 minute\" \/>\n<script type=\"application\/ld+json\" class=\"yoast-schema-graph\">{\"@context\":\"https:\/\/schema.org\",\"@graph\":[{\"@type\":\"WebPage\",\"@id\":\"https:\/\/nyala.info\/de\/jetzt-buchen\/fruehbucherbonus\/\",\"url\":\"https:\/\/nyala.info\/de\/jetzt-buchen\/fruehbucherbonus\/\",\"name\":\"Fr\u00fchbucherbonus - W\u00e4hlen Sie die flexiblen Preise First Minute | Nyala Suite Hotel 4-Sterne-Hotel in San Remo\",\"isPartOf\":{\"@id\":\"https:\/\/nyala.info\/de\/#website\"},\"primaryImageOfPage\":{\"@id\":\"https:\/\/nyala.info\/de\/jetzt-buchen\/fruehbucherbonus\/#primaryimage\"},\"image\":{\"@id\":\"https:\/\/nyala.info\/de\/jetzt-buchen\/fruehbucherbonus\/#primaryimage\"},\"thumbnailUrl\":\"https:\/\/nyala.info\/wp-content\/uploads\/2017\/03\/first-minute.png\",\"datePublished\":\"2017-06-29T08:42:13+00:00\",\"dateModified\":\"2018-01-05T10:59:04+00:00\",\"breadcrumb\":{\"@id\":\"https:\/\/nyala.info\/de\/jetzt-buchen\/fruehbucherbonus\/#breadcrumb\"},\"inLanguage\":\"de-DE\",\"potentialAction\":[{\"@type\":\"ReadAction\",\"target\":[\"https:\/\/nyala.info\/de\/jetzt-buchen\/fruehbucherbonus\/\"]}]},{\"@type\":\"ImageObject\",\"inLanguage\":\"de-DE\",\"@id\":\"https:\/\/nyala.info\/de\/jetzt-buchen\/fruehbucherbonus\/#primaryimage\",\"url\":\"https:\/\/nyala.info\/wp-content\/uploads\/2017\/03\/first-minute.png\",\"contentUrl\":\"https:\/\/nyala.info\/wp-content\/uploads\/2017\/03\/first-minute.png\",\"width\":320,\"height\":214,\"caption\":\"first-minute\"},{\"@type\":\"BreadcrumbList\",\"@id\":\"https:\/\/nyala.info\/de\/jetzt-buchen\/fruehbucherbonus\/#breadcrumb\",\"itemListElement\":[{\"@type\":\"ListItem\",\"position\":1,\"name\":\"Home\",\"item\":\"https:\/\/nyala.info\/de\/\"},{\"@type\":\"ListItem\",\"position\":2,\"name\":\"Hotelbuchung\",\"item\":\"https:\/\/nyala.info\/de\/jetzt-buchen\/\"},{\"@type\":\"ListItem\",\"position\":3,\"name\":\"Fr\u00fchbucherbonus &#8211; W\u00e4hlen Sie die flexiblen Preise First Minute\"}]},{\"@type\":\"WebSite\",\"@id\":\"https:\/\/nyala.info\/de\/#website\",\"url\":\"https:\/\/nyala.info\/de\/\",\"name\":\"Nyala Suite Hotel\",\"description\":\"4-Sterne-Hotel in San Remo\",\"potentialAction\":[{\"@type\":\"SearchAction\",\"target\":{\"@type\":\"EntryPoint\",\"urlTemplate\":\"https:\/\/nyala.info\/de\/?s={search_term_string}\"},\"query-input\":{\"@type\":\"PropertyValueSpecification\",\"valueRequired\":true,\"valueName\":\"search_term_string\"}}],\"inLanguage\":\"de-DE\"}]}<\/script>\n<!-- \/ Yoast SEO plugin. -->","yoast_head_json":{"title":"Fr\u00fchbucherbonus - W\u00e4hlen Sie die flexiblen Preise First Minute | Nyala Suite Hotel 4-Sterne-Hotel in San Remo","robots":{"index":"noindex","follow":"follow","max-snippet":"max-snippet:-1","max-image-preview":"max-image-preview:large","max-video-preview":"max-video-preview:-1"},"og_locale":"de_DE","og_type":"article","og_title":"Fr\u00fchbucherbonus - W\u00e4hlen Sie die flexiblen Preise First Minute | Nyala Suite Hotel 4-Sterne-Hotel in San Remo","og_description":"W\u00e4hlen Sie die flexiblen Preise First Minute unseres Hotels in San Remo, Ligurien und vermeiden sie jegliche Risiken f\u00fcr Stornogeb\u00fchren. Ein Urlaub in San Remo an der wundersch\u00f6nen italienischen Riviera verdient eine fr\u00fche Buchung. Fr\u00fchbucher haben au\u00dferdem genug Zeit ihre Ausfl\u00fcge entlang der italienischen Riviera und Costa Azzurra ausgiebig zu planen. &nbsp; Info e prenotazioni [&hellip;]","og_url":"https:\/\/nyala.info\/de\/jetzt-buchen\/fruehbucherbonus\/","og_site_name":"Nyala Suite Hotel","article_modified_time":"2018-01-05T10:59:04+00:00","og_image":[{"width":320,"height":214,"url":"https:\/\/nyala.info\/wp-content\/uploads\/2017\/03\/first-minute.png","type":"image\/png"}],"twitter_card":"summary_large_image","twitter_misc":{"Est. reading time":"1 minute"},"schema":{"@context":"https:\/\/schema.org","@graph":[{"@type":"WebPage","@id":"https:\/\/nyala.info\/de\/jetzt-buchen\/fruehbucherbonus\/","url":"https:\/\/nyala.info\/de\/jetzt-buchen\/fruehbucherbonus\/","name":"Fr\u00fchbucherbonus - W\u00e4hlen Sie die flexiblen Preise First Minute | Nyala Suite Hotel 4-Sterne-Hotel in San Remo","isPartOf":{"@id":"https:\/\/nyala.info\/de\/#website"},"primaryImageOfPage":{"@id":"https:\/\/nyala.info\/de\/jetzt-buchen\/fruehbucherbonus\/#primaryimage"},"image":{"@id":"https:\/\/nyala.info\/de\/jetzt-buchen\/fruehbucherbonus\/#primaryimage"},"thumbnailUrl":"https:\/\/nyala.info\/wp-content\/uploads\/2017\/03\/first-minute.png","datePublished":"2017-06-29T08:42:13+00:00","dateModified":"2018-01-05T10:59:04+00:00","breadcrumb":{"@id":"https:\/\/nyala.info\/de\/jetzt-buchen\/fruehbucherbonus\/#breadcrumb"},"inLanguage":"de-DE","potentialAction":[{"@type":"ReadAction","target":["https:\/\/nyala.info\/de\/jetzt-buchen\/fruehbucherbonus\/"]}]},{"@type":"ImageObject","inLanguage":"de-DE","@id":"https:\/\/nyala.info\/de\/jetzt-buchen\/fruehbucherbonus\/#primaryimage","url":"https:\/\/nyala.info\/wp-content\/uploads\/2017\/03\/first-minute.png","contentUrl":"https:\/\/nyala.info\/wp-content\/uploads\/2017\/03\/first-minute.png","width":320,"height":214,"caption":"first-minute"},{"@type":"BreadcrumbList","@id":"https:\/\/nyala.info\/de\/jetzt-buchen\/fruehbucherbonus\/#breadcrumb","itemListElement":[{"@type":"ListItem","position":1,"name":"Home","item":"https:\/\/nyala.info\/de\/"},{"@type":"ListItem","position":2,"name":"Hotelbuchung","item":"https:\/\/nyala.info\/de\/jetzt-buchen\/"},{"@type":"ListItem","position":3,"name":"Fr\u00fchbucherbonus &#8211; W\u00e4hlen Sie die flexiblen Preise First Minute"}]},{"@type":"WebSite","@id":"https:\/\/nyala.info\/de\/#website","url":"https:\/\/nyala.info\/de\/","name":"Nyala Suite Hotel","description":"4-Sterne-Hotel in San Remo","potentialAction":[{"@type":"SearchAction","target":{"@type":"EntryPoint","urlTemplate":"https:\/\/nyala.info\/de\/?s={search_term_string}"},"query-input":{"@type":"PropertyValueSpecification","valueRequired":true,"valueName":"search_term_string"}}],"inLanguage":"de-DE"}]}},"_links":{"self":[{"href":"https:\/\/nyala.info\/de\/wp-json\/wp\/v2\/pages\/5276"}],"collection":[{"href":"https:\/\/nyala.info\/de\/wp-json\/wp\/v2\/pages"}],"about":[{"href":"https:\/\/nyala.info\/de\/wp-json\/wp\/v2\/types\/page"}],"author":[{"embeddable":true,"href":"https:\/\/nyala.info\/de\/wp-json\/wp\/v2\/users\/3"}],"replies":[{"embeddable":true,"href":"https:\/\/nyala.info\/de\/wp-json\/wp\/v2\/comments?post=5276"}],"version-history":[{"count":6,"href":"https:\/\/nyala.info\/de\/wp-json\/wp\/v2\/pages\/5276\/revisions"}],"predecessor-version":[{"id":7030,"href":"https:\/\/nyala.info\/de\/wp-json\/wp\/v2\/pages\/5276\/revisions\/7030"}],"up":[{"embeddable":true,"href":"https:\/\/nyala.info\/de\/wp-json\/wp\/v2\/pages\/3607"}],"wp:featuredmedia":[{"embeddable":true,"href":"https:\/\/nyala.info\/de\/wp-json\/wp\/v2\/media\/4172"}],"wp:attachment":[{"href":"https:\/\/nyala.info\/de\/wp-json\/wp\/v2\/media?parent=5276"}],"curies":[{"name":"wp","href":"https:\/\/api.w.org\/{rel}","templated":true}]}}