{"id":5208,"date":"2017-06-26T12:43:40","date_gmt":"2017-06-26T10:43:40","guid":{"rendered":"http:\/\/www.nyalahotel.com\/?page_id=5208\/"},"modified":"2017-09-28T11:14:38","modified_gmt":"2017-09-28T09:14:38","slug":"familien","status":"publish","type":"page","link":"https:\/\/nyala.info\/de\/angebote\/familien\/","title":{"rendered":"Familien"},"content":{"rendered":"<h2 style=\"text-align: center;\">Book your Family Holiday in San Remo<\/h2>\n<p style=\"text-align: center; font-size: 16px;\">\u00abMama, schenk mir einen Urlaub in den Farben des Regenbogens!\u00bb<em><br \/>\n<\/em><\/p>\n<p style=\"text-align: center;\">San Remo ist das perfekte Urlaubsziel f\u00fcr Familien mit Kindern. In unserem Familienhotel finden sie alles, was Kinderherzen h\u00f6her schlagen l\u00e4sst.<\/p>\n<p style=\"text-align: center;\">Lassen sie den tristen Alltag hinter sich, und g\u00f6nnen Sie sich eine entspannende Pause unter den Farben des Regenbogens. Geniessen sie das strahlende blau unseres Meeres, das satte gr\u00fcn der tropischen G\u00e4rten, das warme gelb der Sonne und mittendrin unser kinderfreundlicher Spielplatz ganz in rot.<\/p>\n<p style=\"text-align: center;\">Das Nyala Suite Hotel in San Remo bietet Entspannung, Genuss und Sicherheit, weit weg von L\u00e4rm, Verkehr und Verschmutzung f\u00fcr einen kompletten Familienurlaub.<\/p>\n<p style=\"text-align: center;\">Auch f\u00fcr Mama und Papa ist hier, in einem der wichtigsten touristischen Orte viel geboten: von leidenschaftlichen Shows bis hin zu exklusivsen Einkaufsstra\u00dfen; von Outdoorsport-Aktivit\u00e4ten bis hin zum Reiz des Gl\u00fccksspiels.<\/p>\n<p>&nbsp;<\/p>\n","protected":false},"excerpt":{"rendered":"<p>Book your Family Holiday in San Remo \u00abMama, schenk mir einen Urlaub in den Farben des Regenbogens!\u00bb San Remo ist das perfekte Urlaubsziel f\u00fcr Familien mit Kindern. In unserem Familienhotel finden sie alles, was Kinderherzen h\u00f6her schlagen l\u00e4sst. Lassen sie den tristen Alltag hinter sich, und g\u00f6nnen Sie sich eine entspannende Pause unter den Farben [&hellip;]<\/p>\n","protected":false},"author":3,"featured_media":0,"parent":3827,"menu_order":10,"comment_status":"open","ping_status":"closed","template":"offer_one_column.php","meta":{"_acf_changed":false,"footnotes":""},"class_list":["post-5208","page","type-page","status-publish","hentry"],"acf":[],"yoast_head":"<!-- This site is optimized with the Yoast SEO plugin v25.6 - https:\/\/yoast.com\/wordpress\/plugins\/seo\/ -->\n<title>Familien | Nyala Suite Hotel 4-Sterne-Hotel in San Remo<\/title>\n<meta name=\"robots\" content=\"noindex, follow, max-snippet:-1, max-image-preview:large, max-video-preview:-1\" \/>\n<meta property=\"og:locale\" content=\"de_DE\" \/>\n<meta property=\"og:type\" content=\"article\" \/>\n<meta property=\"og:title\" content=\"Familien | Nyala Suite Hotel 4-Sterne-Hotel in San Remo\" \/>\n<meta property=\"og:description\" content=\"Book your Family Holiday in San Remo \u00abMama, schenk mir einen Urlaub in den Farben des Regenbogens!\u00bb San Remo ist das perfekte Urlaubsziel f\u00fcr Familien mit Kindern. In unserem Familienhotel finden sie alles, was Kinderherzen h\u00f6her schlagen l\u00e4sst. Lassen sie den tristen Alltag hinter sich, und g\u00f6nnen Sie sich eine entspannende Pause unter den Farben [&hellip;]\" \/>\n<meta property=\"og:url\" content=\"https:\/\/nyala.info\/de\/angebote\/familien\/\" \/>\n<meta property=\"og:site_name\" content=\"Nyala Suite Hotel\" \/>\n<meta property=\"article:modified_time\" content=\"2017-09-28T09:14:38+00:00\" \/>\n<meta name=\"twitter:card\" content=\"summary_large_image\" \/>\n<meta name=\"twitter:label1\" content=\"Est. reading time\" \/>\n\t<meta name=\"twitter:data1\" content=\"1 minute\" \/>\n<script type=\"application\/ld+json\" class=\"yoast-schema-graph\">{\"@context\":\"https:\/\/schema.org\",\"@graph\":[{\"@type\":\"WebPage\",\"@id\":\"https:\/\/nyala.info\/de\/angebote\/familien\/\",\"url\":\"https:\/\/nyala.info\/de\/angebote\/familien\/\",\"name\":\"Familien | Nyala Suite Hotel 4-Sterne-Hotel in San Remo\",\"isPartOf\":{\"@id\":\"https:\/\/nyala.info\/de\/#website\"},\"datePublished\":\"2017-06-26T10:43:40+00:00\",\"dateModified\":\"2017-09-28T09:14:38+00:00\",\"breadcrumb\":{\"@id\":\"https:\/\/nyala.info\/de\/angebote\/familien\/#breadcrumb\"},\"inLanguage\":\"de-DE\",\"potentialAction\":[{\"@type\":\"ReadAction\",\"target\":[\"https:\/\/nyala.info\/de\/angebote\/familien\/\"]}]},{\"@type\":\"BreadcrumbList\",\"@id\":\"https:\/\/nyala.info\/de\/angebote\/familien\/#breadcrumb\",\"itemListElement\":[{\"@type\":\"ListItem\",\"position\":1,\"name\":\"Home\",\"item\":\"https:\/\/nyala.info\/de\/\"},{\"@type\":\"ListItem\",\"position\":2,\"name\":\"ANGEBOTE\",\"item\":\"https:\/\/nyala.info\/de\/angebote\/\"},{\"@type\":\"ListItem\",\"position\":3,\"name\":\"Familien\"}]},{\"@type\":\"WebSite\",\"@id\":\"https:\/\/nyala.info\/de\/#website\",\"url\":\"https:\/\/nyala.info\/de\/\",\"name\":\"Nyala Suite Hotel\",\"description\":\"4-Sterne-Hotel in San Remo\",\"potentialAction\":[{\"@type\":\"SearchAction\",\"target\":{\"@type\":\"EntryPoint\",\"urlTemplate\":\"https:\/\/nyala.info\/de\/?s={search_term_string}\"},\"query-input\":{\"@type\":\"PropertyValueSpecification\",\"valueRequired\":true,\"valueName\":\"search_term_string\"}}],\"inLanguage\":\"de-DE\"}]}<\/script>\n<!-- \/ Yoast SEO plugin. -->","yoast_head_json":{"title":"Familien | Nyala Suite Hotel 4-Sterne-Hotel in San Remo","robots":{"index":"noindex","follow":"follow","max-snippet":"max-snippet:-1","max-image-preview":"max-image-preview:large","max-video-preview":"max-video-preview:-1"},"og_locale":"de_DE","og_type":"article","og_title":"Familien | Nyala Suite Hotel 4-Sterne-Hotel in San Remo","og_description":"Book your Family Holiday in San Remo \u00abMama, schenk mir einen Urlaub in den Farben des Regenbogens!\u00bb San Remo ist das perfekte Urlaubsziel f\u00fcr Familien mit Kindern. In unserem Familienhotel finden sie alles, was Kinderherzen h\u00f6her schlagen l\u00e4sst. Lassen sie den tristen Alltag hinter sich, und g\u00f6nnen Sie sich eine entspannende Pause unter den Farben [&hellip;]","og_url":"https:\/\/nyala.info\/de\/angebote\/familien\/","og_site_name":"Nyala Suite Hotel","article_modified_time":"2017-09-28T09:14:38+00:00","twitter_card":"summary_large_image","twitter_misc":{"Est. reading time":"1 minute"},"schema":{"@context":"https:\/\/schema.org","@graph":[{"@type":"WebPage","@id":"https:\/\/nyala.info\/de\/angebote\/familien\/","url":"https:\/\/nyala.info\/de\/angebote\/familien\/","name":"Familien | Nyala Suite Hotel 4-Sterne-Hotel in San Remo","isPartOf":{"@id":"https:\/\/nyala.info\/de\/#website"},"datePublished":"2017-06-26T10:43:40+00:00","dateModified":"2017-09-28T09:14:38+00:00","breadcrumb":{"@id":"https:\/\/nyala.info\/de\/angebote\/familien\/#breadcrumb"},"inLanguage":"de-DE","potentialAction":[{"@type":"ReadAction","target":["https:\/\/nyala.info\/de\/angebote\/familien\/"]}]},{"@type":"BreadcrumbList","@id":"https:\/\/nyala.info\/de\/angebote\/familien\/#breadcrumb","itemListElement":[{"@type":"ListItem","position":1,"name":"Home","item":"https:\/\/nyala.info\/de\/"},{"@type":"ListItem","position":2,"name":"ANGEBOTE","item":"https:\/\/nyala.info\/de\/angebote\/"},{"@type":"ListItem","position":3,"name":"Familien"}]},{"@type":"WebSite","@id":"https:\/\/nyala.info\/de\/#website","url":"https:\/\/nyala.info\/de\/","name":"Nyala Suite Hotel","description":"4-Sterne-Hotel in San Remo","potentialAction":[{"@type":"SearchAction","target":{"@type":"EntryPoint","urlTemplate":"https:\/\/nyala.info\/de\/?s={search_term_string}"},"query-input":{"@type":"PropertyValueSpecification","valueRequired":true,"valueName":"search_term_string"}}],"inLanguage":"de-DE"}]}},"_links":{"self":[{"href":"https:\/\/nyala.info\/de\/wp-json\/wp\/v2\/pages\/5208"}],"collection":[{"href":"https:\/\/nyala.info\/de\/wp-json\/wp\/v2\/pages"}],"about":[{"href":"https:\/\/nyala.info\/de\/wp-json\/wp\/v2\/types\/page"}],"author":[{"embeddable":true,"href":"https:\/\/nyala.info\/de\/wp-json\/wp\/v2\/users\/3"}],"replies":[{"embeddable":true,"href":"https:\/\/nyala.info\/de\/wp-json\/wp\/v2\/comments?post=5208"}],"version-history":[{"count":2,"href":"https:\/\/nyala.info\/de\/wp-json\/wp\/v2\/pages\/5208\/revisions"}],"predecessor-version":[{"id":6061,"href":"https:\/\/nyala.info\/de\/wp-json\/wp\/v2\/pages\/5208\/revisions\/6061"}],"up":[{"embeddable":true,"href":"https:\/\/nyala.info\/de\/wp-json\/wp\/v2\/pages\/3827"}],"wp:attachment":[{"href":"https:\/\/nyala.info\/de\/wp-json\/wp\/v2\/media?parent=5208"}],"curies":[{"name":"wp","href":"https:\/\/api.w.org\/{rel}","templated":true}]}}