{"id":4993,"date":"2017-06-14T12:45:52","date_gmt":"2017-06-14T10:45:52","guid":{"rendered":"http:\/\/www.nyalahotel.biz\/?page_id=4993\/"},"modified":"2017-06-14T12:47:01","modified_gmt":"2017-06-14T10:47:01","slug":"paare","status":"publish","type":"page","link":"https:\/\/nyala.info\/de\/angebote\/paare\/","title":{"rendered":"Paare"},"content":{"rendered":"<h2 style=\"text-align: center;\">San Remo zeigt sich das ganze Jahr \u00fcber von seiner besten Seite<\/h2>\n<p style=\"text-align: center; font-size: 18px;\">Mit seinen vielen Veranstaltungen, Shopping-M\u00f6glichkeiten und der vielf\u00e4ltigen Kultur, bietet San Remo mehr als nur einen Badeurlaub. <\/p>\n<p style=\"text-align: center; font-size: 18px;\">San Remo bietet ihnen einen erholsamen, sowie unterhaltsamen Urlaub. Wir haben einige Angebote speziell f\u00fcr Paare zusammengestellt.<\/p>\n","protected":false},"excerpt":{"rendered":"<p>San Remo zeigt sich das ganze Jahr \u00fcber von seiner besten Seite Mit seinen vielen Veranstaltungen, Shopping-M\u00f6glichkeiten und der vielf\u00e4ltigen Kultur, bietet San Remo mehr als nur einen Badeurlaub. San Remo bietet ihnen einen erholsamen, sowie unterhaltsamen Urlaub. Wir haben einige Angebote speziell f\u00fcr Paare zusammengestellt.<\/p>\n","protected":false},"author":3,"featured_media":0,"parent":3827,"menu_order":0,"comment_status":"open","ping_status":"closed","template":"offer_one_column.php","meta":{"_acf_changed":false,"footnotes":""},"class_list":["post-4993","page","type-page","status-publish","hentry"],"acf":[],"yoast_head":"<!-- This site is optimized with the Yoast SEO plugin v25.6 - https:\/\/yoast.com\/wordpress\/plugins\/seo\/ -->\n<title>Paare | Nyala Suite Hotel 4-Sterne-Hotel in San Remo<\/title>\n<meta name=\"robots\" content=\"noindex, follow, max-snippet:-1, max-image-preview:large, max-video-preview:-1\" \/>\n<meta property=\"og:locale\" content=\"de_DE\" \/>\n<meta property=\"og:type\" content=\"article\" \/>\n<meta property=\"og:title\" content=\"Paare | Nyala Suite Hotel 4-Sterne-Hotel in San Remo\" \/>\n<meta property=\"og:description\" content=\"San Remo zeigt sich das ganze Jahr \u00fcber von seiner besten Seite Mit seinen vielen Veranstaltungen, Shopping-M\u00f6glichkeiten und der vielf\u00e4ltigen Kultur, bietet San Remo mehr als nur einen Badeurlaub. San Remo bietet ihnen einen erholsamen, sowie unterhaltsamen Urlaub. Wir haben einige Angebote speziell f\u00fcr Paare zusammengestellt.\" \/>\n<meta property=\"og:url\" content=\"https:\/\/nyala.info\/de\/angebote\/paare\/\" \/>\n<meta property=\"og:site_name\" content=\"Nyala Suite Hotel\" \/>\n<meta property=\"article:modified_time\" content=\"2017-06-14T10:47:01+00:00\" \/>\n<meta name=\"twitter:card\" content=\"summary_large_image\" \/>\n<script type=\"application\/ld+json\" class=\"yoast-schema-graph\">{\"@context\":\"https:\/\/schema.org\",\"@graph\":[{\"@type\":\"WebPage\",\"@id\":\"https:\/\/nyala.info\/de\/angebote\/paare\/\",\"url\":\"https:\/\/nyala.info\/de\/angebote\/paare\/\",\"name\":\"Paare | Nyala Suite Hotel 4-Sterne-Hotel in San Remo\",\"isPartOf\":{\"@id\":\"https:\/\/nyala.info\/de\/#website\"},\"datePublished\":\"2017-06-14T10:45:52+00:00\",\"dateModified\":\"2017-06-14T10:47:01+00:00\",\"breadcrumb\":{\"@id\":\"https:\/\/nyala.info\/de\/angebote\/paare\/#breadcrumb\"},\"inLanguage\":\"de-DE\",\"potentialAction\":[{\"@type\":\"ReadAction\",\"target\":[\"https:\/\/nyala.info\/de\/angebote\/paare\/\"]}]},{\"@type\":\"BreadcrumbList\",\"@id\":\"https:\/\/nyala.info\/de\/angebote\/paare\/#breadcrumb\",\"itemListElement\":[{\"@type\":\"ListItem\",\"position\":1,\"name\":\"Home\",\"item\":\"https:\/\/nyala.info\/de\/\"},{\"@type\":\"ListItem\",\"position\":2,\"name\":\"ANGEBOTE\",\"item\":\"https:\/\/nyala.info\/de\/angebote\/\"},{\"@type\":\"ListItem\",\"position\":3,\"name\":\"Paare\"}]},{\"@type\":\"WebSite\",\"@id\":\"https:\/\/nyala.info\/de\/#website\",\"url\":\"https:\/\/nyala.info\/de\/\",\"name\":\"Nyala Suite Hotel\",\"description\":\"4-Sterne-Hotel in San Remo\",\"potentialAction\":[{\"@type\":\"SearchAction\",\"target\":{\"@type\":\"EntryPoint\",\"urlTemplate\":\"https:\/\/nyala.info\/de\/?s={search_term_string}\"},\"query-input\":{\"@type\":\"PropertyValueSpecification\",\"valueRequired\":true,\"valueName\":\"search_term_string\"}}],\"inLanguage\":\"de-DE\"}]}<\/script>\n<!-- \/ Yoast SEO plugin. -->","yoast_head_json":{"title":"Paare | Nyala Suite Hotel 4-Sterne-Hotel in San Remo","robots":{"index":"noindex","follow":"follow","max-snippet":"max-snippet:-1","max-image-preview":"max-image-preview:large","max-video-preview":"max-video-preview:-1"},"og_locale":"de_DE","og_type":"article","og_title":"Paare | Nyala Suite Hotel 4-Sterne-Hotel in San Remo","og_description":"San Remo zeigt sich das ganze Jahr \u00fcber von seiner besten Seite Mit seinen vielen Veranstaltungen, Shopping-M\u00f6glichkeiten und der vielf\u00e4ltigen Kultur, bietet San Remo mehr als nur einen Badeurlaub. San Remo bietet ihnen einen erholsamen, sowie unterhaltsamen Urlaub. Wir haben einige Angebote speziell f\u00fcr Paare zusammengestellt.","og_url":"https:\/\/nyala.info\/de\/angebote\/paare\/","og_site_name":"Nyala Suite Hotel","article_modified_time":"2017-06-14T10:47:01+00:00","twitter_card":"summary_large_image","schema":{"@context":"https:\/\/schema.org","@graph":[{"@type":"WebPage","@id":"https:\/\/nyala.info\/de\/angebote\/paare\/","url":"https:\/\/nyala.info\/de\/angebote\/paare\/","name":"Paare | Nyala Suite Hotel 4-Sterne-Hotel in San Remo","isPartOf":{"@id":"https:\/\/nyala.info\/de\/#website"},"datePublished":"2017-06-14T10:45:52+00:00","dateModified":"2017-06-14T10:47:01+00:00","breadcrumb":{"@id":"https:\/\/nyala.info\/de\/angebote\/paare\/#breadcrumb"},"inLanguage":"de-DE","potentialAction":[{"@type":"ReadAction","target":["https:\/\/nyala.info\/de\/angebote\/paare\/"]}]},{"@type":"BreadcrumbList","@id":"https:\/\/nyala.info\/de\/angebote\/paare\/#breadcrumb","itemListElement":[{"@type":"ListItem","position":1,"name":"Home","item":"https:\/\/nyala.info\/de\/"},{"@type":"ListItem","position":2,"name":"ANGEBOTE","item":"https:\/\/nyala.info\/de\/angebote\/"},{"@type":"ListItem","position":3,"name":"Paare"}]},{"@type":"WebSite","@id":"https:\/\/nyala.info\/de\/#website","url":"https:\/\/nyala.info\/de\/","name":"Nyala Suite Hotel","description":"4-Sterne-Hotel in San Remo","potentialAction":[{"@type":"SearchAction","target":{"@type":"EntryPoint","urlTemplate":"https:\/\/nyala.info\/de\/?s={search_term_string}"},"query-input":{"@type":"PropertyValueSpecification","valueRequired":true,"valueName":"search_term_string"}}],"inLanguage":"de-DE"}]}},"_links":{"self":[{"href":"https:\/\/nyala.info\/de\/wp-json\/wp\/v2\/pages\/4993"}],"collection":[{"href":"https:\/\/nyala.info\/de\/wp-json\/wp\/v2\/pages"}],"about":[{"href":"https:\/\/nyala.info\/de\/wp-json\/wp\/v2\/types\/page"}],"author":[{"embeddable":true,"href":"https:\/\/nyala.info\/de\/wp-json\/wp\/v2\/users\/3"}],"replies":[{"embeddable":true,"href":"https:\/\/nyala.info\/de\/wp-json\/wp\/v2\/comments?post=4993"}],"version-history":[{"count":4,"href":"https:\/\/nyala.info\/de\/wp-json\/wp\/v2\/pages\/4993\/revisions"}],"predecessor-version":[{"id":5000,"href":"https:\/\/nyala.info\/de\/wp-json\/wp\/v2\/pages\/4993\/revisions\/5000"}],"up":[{"embeddable":true,"href":"https:\/\/nyala.info\/de\/wp-json\/wp\/v2\/pages\/3827"}],"wp:attachment":[{"href":"https:\/\/nyala.info\/de\/wp-json\/wp\/v2\/media?parent=4993"}],"curies":[{"name":"wp","href":"https:\/\/api.w.org\/{rel}","templated":true}]}}