{"id":4987,"date":"2017-06-14T12:29:54","date_gmt":"2017-06-14T10:29:54","guid":{"rendered":"http:\/\/www.nyalahotel.biz\/?page_id=4987\/"},"modified":"2018-12-27T19:12:22","modified_gmt":"2018-12-27T18:12:22","slug":"urlaub","status":"publish","type":"page","link":"https:\/\/nyala.info\/de\/angebote\/urlaub\/","title":{"rendered":"Urlaub in San Remo"},"content":{"rendered":"<h2 style=\"text-align: center;\">Buchen Sie Ihren Urlaub in San Remo<\/h2>\n<p style=\"text-align: center;\">Nehmen sie eines unserer besonderen Sommer Angebote wahr und buchen sie ein Zimmer in unserem modernen Hotel in San Remo,<br \/>\ndas mit seinen vielen\u00a0<a href=\"http:\/\/www.nyalahotel.com\/de\/angebote\/grossen-events\/\" target=\"_blank\" rel=\"noopener\">Veranstaltungen<\/a>\u00a0das perfekte Urlaubsziel bietet.<\/p>\n<p style=\"text-align: center;\">Mit seiner breiten Pallette an Kultur, Shoppen und Festivit\u00e4ten ist San Remo das perfekte Ziel f\u00fcr Ihren Sommerurlaub.<\/p>\n<div class=\"col-md-6\">\n<h3 style=\"text-align: center;\">Verbringen Sie Ihren Urlaub in San Remo<\/h3>\n<p style=\"text-align: center;\">Unsere traditionellen Feste sind einer der vielen Gr\u00fcnde einen Urlaub an der Riviera zu verbringen und zusammen mit den Sonderangeboten unseres Hotels m\u00f6chten wir Ihnen weitere M\u00f6glichkeiten in San Remo und Ligurien empfehlen:<\/p>\n<ul style=\"text-align: justify;\">\n<li style=\"text-align: center;\">zur\u00a0<strong>Weihnachtszeit<\/strong> bietet\u00a0San Remo ein mildes Klima, bei dem man angenehm am Meer spazieren und die romantischen ligurischen D\u00f6rfer entdecken kann<\/li>\n<li style=\"text-align: center;\">am\u00a0<strong>Neujahrsabend\u00a0<\/strong>bietet\u00a0San Remo ein lebendiges Programm mit Veranstaltungen und unser Hotel feiert die traditionelle Silvesterfeier<\/li>\n<li style=\"text-align: center;\">an\u00a0<strong>Ostern <\/strong>l\u00e4dt\u00a0San Remo Sie ein die herrliche Fr\u00fchlingssaison willkommen zu hei\u00dfen<\/li>\n<\/ul>\n<\/div>\n<div class=\"col-md-6\">\n<h3 style=\"text-align: center;\">Urlaub am ligurischen Meer<\/h3>\n<p style=\"text-align: center;\">\u00a0Die ligurische See ist ein klassisches Ziel f\u00fcr den Sommerurlaub in San Remo.<\/p>\n<p style=\"text-align: center;\">Sie werden die M\u00f6glichkeit haben Zeit an unserem Swimmingpool und den Str\u00e4nden der italienischen Riviera zu verbringen.<\/p>\n<p style=\"text-align: center;\">Der mit Veranstaltungen gef\u00fcllte Kalender zusammen mit den L\u00e4den und Sehensw\u00fcrdigkeiten helfen dabei, die Stadt unglaublich belebt zu machen.<\/p>\n<p style=\"text-align: center;\"><strong>Urlaubsideen<\/strong><\/p>\n<p style=\"text-align: center;\">Finden Sie das passende Urlaubspaket in unserem speziellen Bereich\u00a0<a href=\"http:\/\/www.nyalahotel.com\/de\/angebote\/kurzurlaub\/\" target=\"_blank\" rel=\"noopener\">Wochenende in San Remo<\/a>.<\/p>\n<\/div>\n<p style=\"text-align: center;\"><a class=\"maxbutton-16 maxbutton maxbutton-buchen\" target=\"_blank\" rel=\"noopener\" href=\"http:\/\/www.nyalahotel.com\/de\/jetzt-buchen\/\"><span class='mb-text'>Buchen<\/span><\/a><\/p>\n<p>&nbsp;<\/p>\n","protected":false},"excerpt":{"rendered":"<p>Buchen Sie Ihren Urlaub in San Remo Nehmen sie eines unserer besonderen Sommer Angebote wahr und buchen sie ein Zimmer in unserem modernen Hotel in San Remo, das mit seinen vielen\u00a0Veranstaltungen\u00a0das perfekte Urlaubsziel bietet. Mit seiner breiten Pallette an Kultur, Shoppen und Festivit\u00e4ten ist San Remo das perfekte Ziel f\u00fcr Ihren Sommerurlaub. &nbsp;<\/p>\n","protected":false},"author":3,"featured_media":4638,"parent":3827,"menu_order":0,"comment_status":"open","ping_status":"closed","template":"offer_one_column.php","meta":{"_acf_changed":false,"footnotes":""},"class_list":["post-4987","page","type-page","status-publish","has-post-thumbnail","hentry"],"acf":[],"yoast_head":"<!-- This site is optimized with the Yoast SEO plugin v25.6 - https:\/\/yoast.com\/wordpress\/plugins\/seo\/ -->\n<title>Urlaub in San Remo | Nyala Suite Hotel 4-Sterne-Hotel in San Remo<\/title>\n<meta name=\"robots\" content=\"noindex, follow, max-snippet:-1, max-image-preview:large, max-video-preview:-1\" \/>\n<meta property=\"og:locale\" content=\"de_DE\" \/>\n<meta property=\"og:type\" content=\"article\" \/>\n<meta property=\"og:title\" content=\"Urlaub in San Remo | Nyala Suite Hotel 4-Sterne-Hotel in San Remo\" \/>\n<meta property=\"og:description\" content=\"Buchen Sie Ihren Urlaub in San Remo Nehmen sie eines unserer besonderen Sommer Angebote wahr und buchen sie ein Zimmer in unserem modernen Hotel in San Remo, das mit seinen vielen\u00a0Veranstaltungen\u00a0das perfekte Urlaubsziel bietet. Mit seiner breiten Pallette an Kultur, Shoppen und Festivit\u00e4ten ist San Remo das perfekte Ziel f\u00fcr Ihren Sommerurlaub. &nbsp;\" \/>\n<meta property=\"og:url\" content=\"https:\/\/nyala.info\/de\/angebote\/urlaub\/\" \/>\n<meta property=\"og:site_name\" content=\"Nyala Suite Hotel\" \/>\n<meta property=\"article:modified_time\" content=\"2018-12-27T18:12:22+00:00\" \/>\n<meta property=\"og:image\" content=\"https:\/\/nyala.info\/wp-content\/uploads\/2017\/05\/vacanze-a-sanremo.jpg\" \/>\n\t<meta property=\"og:image:width\" content=\"2716\" \/>\n\t<meta property=\"og:image:height\" content=\"1810\" \/>\n\t<meta property=\"og:image:type\" content=\"image\/jpeg\" \/>\n<meta name=\"twitter:card\" content=\"summary_large_image\" \/>\n<meta name=\"twitter:label1\" content=\"Est. reading time\" \/>\n\t<meta name=\"twitter:data1\" content=\"1 minute\" \/>\n<script type=\"application\/ld+json\" class=\"yoast-schema-graph\">{\"@context\":\"https:\/\/schema.org\",\"@graph\":[{\"@type\":\"WebPage\",\"@id\":\"https:\/\/nyala.info\/de\/angebote\/urlaub\/\",\"url\":\"https:\/\/nyala.info\/de\/angebote\/urlaub\/\",\"name\":\"Urlaub in San Remo | Nyala Suite Hotel 4-Sterne-Hotel in San Remo\",\"isPartOf\":{\"@id\":\"https:\/\/nyala.info\/de\/#website\"},\"primaryImageOfPage\":{\"@id\":\"https:\/\/nyala.info\/de\/angebote\/urlaub\/#primaryimage\"},\"image\":{\"@id\":\"https:\/\/nyala.info\/de\/angebote\/urlaub\/#primaryimage\"},\"thumbnailUrl\":\"https:\/\/nyala.info\/wp-content\/uploads\/2017\/05\/vacanze-a-sanremo.jpg\",\"datePublished\":\"2017-06-14T10:29:54+00:00\",\"dateModified\":\"2018-12-27T18:12:22+00:00\",\"breadcrumb\":{\"@id\":\"https:\/\/nyala.info\/de\/angebote\/urlaub\/#breadcrumb\"},\"inLanguage\":\"de-DE\",\"potentialAction\":[{\"@type\":\"ReadAction\",\"target\":[\"https:\/\/nyala.info\/de\/angebote\/urlaub\/\"]}]},{\"@type\":\"ImageObject\",\"inLanguage\":\"de-DE\",\"@id\":\"https:\/\/nyala.info\/de\/angebote\/urlaub\/#primaryimage\",\"url\":\"https:\/\/nyala.info\/wp-content\/uploads\/2017\/05\/vacanze-a-sanremo.jpg\",\"contentUrl\":\"https:\/\/nyala.info\/wp-content\/uploads\/2017\/05\/vacanze-a-sanremo.jpg\",\"width\":2716,\"height\":1810,\"caption\":\"Close-up of a rear view woman into the swimming pool on Maldivian resort.\"},{\"@type\":\"BreadcrumbList\",\"@id\":\"https:\/\/nyala.info\/de\/angebote\/urlaub\/#breadcrumb\",\"itemListElement\":[{\"@type\":\"ListItem\",\"position\":1,\"name\":\"Home\",\"item\":\"https:\/\/nyala.info\/de\/\"},{\"@type\":\"ListItem\",\"position\":2,\"name\":\"ANGEBOTE\",\"item\":\"https:\/\/nyala.info\/de\/angebote\/\"},{\"@type\":\"ListItem\",\"position\":3,\"name\":\"Urlaub in San Remo\"}]},{\"@type\":\"WebSite\",\"@id\":\"https:\/\/nyala.info\/de\/#website\",\"url\":\"https:\/\/nyala.info\/de\/\",\"name\":\"Nyala Suite Hotel\",\"description\":\"4-Sterne-Hotel in San Remo\",\"potentialAction\":[{\"@type\":\"SearchAction\",\"target\":{\"@type\":\"EntryPoint\",\"urlTemplate\":\"https:\/\/nyala.info\/de\/?s={search_term_string}\"},\"query-input\":{\"@type\":\"PropertyValueSpecification\",\"valueRequired\":true,\"valueName\":\"search_term_string\"}}],\"inLanguage\":\"de-DE\"}]}<\/script>\n<!-- \/ Yoast SEO plugin. -->","yoast_head_json":{"title":"Urlaub in San Remo | Nyala Suite Hotel 4-Sterne-Hotel in San Remo","robots":{"index":"noindex","follow":"follow","max-snippet":"max-snippet:-1","max-image-preview":"max-image-preview:large","max-video-preview":"max-video-preview:-1"},"og_locale":"de_DE","og_type":"article","og_title":"Urlaub in San Remo | Nyala Suite Hotel 4-Sterne-Hotel in San Remo","og_description":"Buchen Sie Ihren Urlaub in San Remo Nehmen sie eines unserer besonderen Sommer Angebote wahr und buchen sie ein Zimmer in unserem modernen Hotel in San Remo, das mit seinen vielen\u00a0Veranstaltungen\u00a0das perfekte Urlaubsziel bietet. Mit seiner breiten Pallette an Kultur, Shoppen und Festivit\u00e4ten ist San Remo das perfekte Ziel f\u00fcr Ihren Sommerurlaub. &nbsp;","og_url":"https:\/\/nyala.info\/de\/angebote\/urlaub\/","og_site_name":"Nyala Suite Hotel","article_modified_time":"2018-12-27T18:12:22+00:00","og_image":[{"width":2716,"height":1810,"url":"https:\/\/nyala.info\/wp-content\/uploads\/2017\/05\/vacanze-a-sanremo.jpg","type":"image\/jpeg"}],"twitter_card":"summary_large_image","twitter_misc":{"Est. reading time":"1 minute"},"schema":{"@context":"https:\/\/schema.org","@graph":[{"@type":"WebPage","@id":"https:\/\/nyala.info\/de\/angebote\/urlaub\/","url":"https:\/\/nyala.info\/de\/angebote\/urlaub\/","name":"Urlaub in San Remo | Nyala Suite Hotel 4-Sterne-Hotel in San Remo","isPartOf":{"@id":"https:\/\/nyala.info\/de\/#website"},"primaryImageOfPage":{"@id":"https:\/\/nyala.info\/de\/angebote\/urlaub\/#primaryimage"},"image":{"@id":"https:\/\/nyala.info\/de\/angebote\/urlaub\/#primaryimage"},"thumbnailUrl":"https:\/\/nyala.info\/wp-content\/uploads\/2017\/05\/vacanze-a-sanremo.jpg","datePublished":"2017-06-14T10:29:54+00:00","dateModified":"2018-12-27T18:12:22+00:00","breadcrumb":{"@id":"https:\/\/nyala.info\/de\/angebote\/urlaub\/#breadcrumb"},"inLanguage":"de-DE","potentialAction":[{"@type":"ReadAction","target":["https:\/\/nyala.info\/de\/angebote\/urlaub\/"]}]},{"@type":"ImageObject","inLanguage":"de-DE","@id":"https:\/\/nyala.info\/de\/angebote\/urlaub\/#primaryimage","url":"https:\/\/nyala.info\/wp-content\/uploads\/2017\/05\/vacanze-a-sanremo.jpg","contentUrl":"https:\/\/nyala.info\/wp-content\/uploads\/2017\/05\/vacanze-a-sanremo.jpg","width":2716,"height":1810,"caption":"Close-up of a rear view woman into the swimming pool on Maldivian resort."},{"@type":"BreadcrumbList","@id":"https:\/\/nyala.info\/de\/angebote\/urlaub\/#breadcrumb","itemListElement":[{"@type":"ListItem","position":1,"name":"Home","item":"https:\/\/nyala.info\/de\/"},{"@type":"ListItem","position":2,"name":"ANGEBOTE","item":"https:\/\/nyala.info\/de\/angebote\/"},{"@type":"ListItem","position":3,"name":"Urlaub in San Remo"}]},{"@type":"WebSite","@id":"https:\/\/nyala.info\/de\/#website","url":"https:\/\/nyala.info\/de\/","name":"Nyala Suite Hotel","description":"4-Sterne-Hotel in San Remo","potentialAction":[{"@type":"SearchAction","target":{"@type":"EntryPoint","urlTemplate":"https:\/\/nyala.info\/de\/?s={search_term_string}"},"query-input":{"@type":"PropertyValueSpecification","valueRequired":true,"valueName":"search_term_string"}}],"inLanguage":"de-DE"}]}},"_links":{"self":[{"href":"https:\/\/nyala.info\/de\/wp-json\/wp\/v2\/pages\/4987"}],"collection":[{"href":"https:\/\/nyala.info\/de\/wp-json\/wp\/v2\/pages"}],"about":[{"href":"https:\/\/nyala.info\/de\/wp-json\/wp\/v2\/types\/page"}],"author":[{"embeddable":true,"href":"https:\/\/nyala.info\/de\/wp-json\/wp\/v2\/users\/3"}],"replies":[{"embeddable":true,"href":"https:\/\/nyala.info\/de\/wp-json\/wp\/v2\/comments?post=4987"}],"version-history":[{"count":11,"href":"https:\/\/nyala.info\/de\/wp-json\/wp\/v2\/pages\/4987\/revisions"}],"predecessor-version":[{"id":7461,"href":"https:\/\/nyala.info\/de\/wp-json\/wp\/v2\/pages\/4987\/revisions\/7461"}],"up":[{"embeddable":true,"href":"https:\/\/nyala.info\/de\/wp-json\/wp\/v2\/pages\/3827"}],"wp:featuredmedia":[{"embeddable":true,"href":"https:\/\/nyala.info\/de\/wp-json\/wp\/v2\/media\/4638"}],"wp:attachment":[{"href":"https:\/\/nyala.info\/de\/wp-json\/wp\/v2\/media?parent=4987"}],"curies":[{"name":"wp","href":"https:\/\/api.w.org\/{rel}","templated":true}]}}