{"id":4983,"date":"2017-06-14T12:23:59","date_gmt":"2017-06-14T10:23:59","guid":{"rendered":"http:\/\/www.nyalahotel.biz\/?page_id=4983\/"},"modified":"2017-06-21T15:05:08","modified_gmt":"2017-06-21T13:05:08","slug":"sportlich","status":"publish","type":"page","link":"https:\/\/nyala.info\/de\/angebote\/sportlich\/","title":{"rendered":"Sportlich"},"content":{"rendered":"<h2 style=\"text-align: center;\">Die Riviera: ein fitnessstudio unter freiem himmel<\/h2>\n<p>Das ganzj\u00e4hrig milde Klima macht es unseren G\u00e4sten m\u00f6glich, Ihrem Lieblingssport das ganze Jahr vor einer malerischen Kulisse nachzugehen. Da macht das Workout doch gleich noch viel mehr Spass!<\/p>\n<p>Freuen Sie sich auf ausgezeichnete Golf-und Tennispl\u00e4tze und eine Vielzahl von Aktivit\u00e4ten am mehr. Egal ob Segeln, Rudern, oder Tauchen. Zudem l\u00e4sst es sich in der Berglandschaft wunderbar wandern gehen.<\/p>\n<p>In San Remo k\u00f6nnen Sie auf der ber\u00fchmt ber\u00fcchtigten Strecke Mailand-San Remo in die Fu\u00dfstapfen, oder die R\u00e4dern Ihrer Radfahr Idole treten. Auch f\u00fcr Mountainbike Begeisterte hat San Remo viel zu bieten.<\/p>\n<p>Das Nyala Suite Hotel bietet seinen Sport begeisterten G\u00e4sten einige gro\u00dfe Auswahl an ma\u00dfgeschneiderten Paketen.<\/p>\n","protected":false},"excerpt":{"rendered":"<p>Die Riviera: ein fitnessstudio unter freiem himmel Das ganzj\u00e4hrig milde Klima macht es unseren G\u00e4sten m\u00f6glich, Ihrem Lieblingssport das ganze Jahr vor einer malerischen Kulisse nachzugehen. Da macht das Workout doch gleich noch viel mehr Spass! Freuen Sie sich auf ausgezeichnete Golf-und Tennispl\u00e4tze und eine Vielzahl von Aktivit\u00e4ten am mehr. Egal ob Segeln, Rudern, oder [&hellip;]<\/p>\n","protected":false},"author":3,"featured_media":0,"parent":3827,"menu_order":25,"comment_status":"open","ping_status":"closed","template":"offer_one_column.php","meta":{"_acf_changed":false,"footnotes":""},"class_list":["post-4983","page","type-page","status-publish","hentry"],"acf":[],"yoast_head":"<!-- This site is optimized with the Yoast SEO plugin v25.6 - https:\/\/yoast.com\/wordpress\/plugins\/seo\/ -->\n<title>Sportlich | Nyala Suite Hotel 4-Sterne-Hotel in San Remo<\/title>\n<meta name=\"robots\" content=\"noindex, follow, max-snippet:-1, max-image-preview:large, max-video-preview:-1\" \/>\n<meta property=\"og:locale\" content=\"de_DE\" \/>\n<meta property=\"og:type\" content=\"article\" \/>\n<meta property=\"og:title\" content=\"Sportlich | Nyala Suite Hotel 4-Sterne-Hotel in San Remo\" \/>\n<meta property=\"og:description\" content=\"Die Riviera: ein fitnessstudio unter freiem himmel Das ganzj\u00e4hrig milde Klima macht es unseren G\u00e4sten m\u00f6glich, Ihrem Lieblingssport das ganze Jahr vor einer malerischen Kulisse nachzugehen. Da macht das Workout doch gleich noch viel mehr Spass! Freuen Sie sich auf ausgezeichnete Golf-und Tennispl\u00e4tze und eine Vielzahl von Aktivit\u00e4ten am mehr. Egal ob Segeln, Rudern, oder [&hellip;]\" \/>\n<meta property=\"og:url\" content=\"https:\/\/nyala.info\/de\/angebote\/sportlich\/\" \/>\n<meta property=\"og:site_name\" content=\"Nyala Suite Hotel\" \/>\n<meta property=\"article:modified_time\" content=\"2017-06-21T13:05:08+00:00\" \/>\n<meta name=\"twitter:card\" content=\"summary_large_image\" \/>\n<meta name=\"twitter:label1\" content=\"Est. reading time\" \/>\n\t<meta name=\"twitter:data1\" content=\"1 minute\" \/>\n<script type=\"application\/ld+json\" class=\"yoast-schema-graph\">{\"@context\":\"https:\/\/schema.org\",\"@graph\":[{\"@type\":\"WebPage\",\"@id\":\"https:\/\/nyala.info\/de\/angebote\/sportlich\/\",\"url\":\"https:\/\/nyala.info\/de\/angebote\/sportlich\/\",\"name\":\"Sportlich | Nyala Suite Hotel 4-Sterne-Hotel in San Remo\",\"isPartOf\":{\"@id\":\"https:\/\/nyala.info\/de\/#website\"},\"datePublished\":\"2017-06-14T10:23:59+00:00\",\"dateModified\":\"2017-06-21T13:05:08+00:00\",\"breadcrumb\":{\"@id\":\"https:\/\/nyala.info\/de\/angebote\/sportlich\/#breadcrumb\"},\"inLanguage\":\"de-DE\",\"potentialAction\":[{\"@type\":\"ReadAction\",\"target\":[\"https:\/\/nyala.info\/de\/angebote\/sportlich\/\"]}]},{\"@type\":\"BreadcrumbList\",\"@id\":\"https:\/\/nyala.info\/de\/angebote\/sportlich\/#breadcrumb\",\"itemListElement\":[{\"@type\":\"ListItem\",\"position\":1,\"name\":\"Home\",\"item\":\"https:\/\/nyala.info\/de\/\"},{\"@type\":\"ListItem\",\"position\":2,\"name\":\"ANGEBOTE\",\"item\":\"https:\/\/nyala.info\/de\/angebote\/\"},{\"@type\":\"ListItem\",\"position\":3,\"name\":\"Sportlich\"}]},{\"@type\":\"WebSite\",\"@id\":\"https:\/\/nyala.info\/de\/#website\",\"url\":\"https:\/\/nyala.info\/de\/\",\"name\":\"Nyala Suite Hotel\",\"description\":\"4-Sterne-Hotel in San Remo\",\"potentialAction\":[{\"@type\":\"SearchAction\",\"target\":{\"@type\":\"EntryPoint\",\"urlTemplate\":\"https:\/\/nyala.info\/de\/?s={search_term_string}\"},\"query-input\":{\"@type\":\"PropertyValueSpecification\",\"valueRequired\":true,\"valueName\":\"search_term_string\"}}],\"inLanguage\":\"de-DE\"}]}<\/script>\n<!-- \/ Yoast SEO plugin. -->","yoast_head_json":{"title":"Sportlich | Nyala Suite Hotel 4-Sterne-Hotel in San Remo","robots":{"index":"noindex","follow":"follow","max-snippet":"max-snippet:-1","max-image-preview":"max-image-preview:large","max-video-preview":"max-video-preview:-1"},"og_locale":"de_DE","og_type":"article","og_title":"Sportlich | Nyala Suite Hotel 4-Sterne-Hotel in San Remo","og_description":"Die Riviera: ein fitnessstudio unter freiem himmel Das ganzj\u00e4hrig milde Klima macht es unseren G\u00e4sten m\u00f6glich, Ihrem Lieblingssport das ganze Jahr vor einer malerischen Kulisse nachzugehen. Da macht das Workout doch gleich noch viel mehr Spass! Freuen Sie sich auf ausgezeichnete Golf-und Tennispl\u00e4tze und eine Vielzahl von Aktivit\u00e4ten am mehr. Egal ob Segeln, Rudern, oder [&hellip;]","og_url":"https:\/\/nyala.info\/de\/angebote\/sportlich\/","og_site_name":"Nyala Suite Hotel","article_modified_time":"2017-06-21T13:05:08+00:00","twitter_card":"summary_large_image","twitter_misc":{"Est. reading time":"1 minute"},"schema":{"@context":"https:\/\/schema.org","@graph":[{"@type":"WebPage","@id":"https:\/\/nyala.info\/de\/angebote\/sportlich\/","url":"https:\/\/nyala.info\/de\/angebote\/sportlich\/","name":"Sportlich | Nyala Suite Hotel 4-Sterne-Hotel in San Remo","isPartOf":{"@id":"https:\/\/nyala.info\/de\/#website"},"datePublished":"2017-06-14T10:23:59+00:00","dateModified":"2017-06-21T13:05:08+00:00","breadcrumb":{"@id":"https:\/\/nyala.info\/de\/angebote\/sportlich\/#breadcrumb"},"inLanguage":"de-DE","potentialAction":[{"@type":"ReadAction","target":["https:\/\/nyala.info\/de\/angebote\/sportlich\/"]}]},{"@type":"BreadcrumbList","@id":"https:\/\/nyala.info\/de\/angebote\/sportlich\/#breadcrumb","itemListElement":[{"@type":"ListItem","position":1,"name":"Home","item":"https:\/\/nyala.info\/de\/"},{"@type":"ListItem","position":2,"name":"ANGEBOTE","item":"https:\/\/nyala.info\/de\/angebote\/"},{"@type":"ListItem","position":3,"name":"Sportlich"}]},{"@type":"WebSite","@id":"https:\/\/nyala.info\/de\/#website","url":"https:\/\/nyala.info\/de\/","name":"Nyala Suite Hotel","description":"4-Sterne-Hotel in San Remo","potentialAction":[{"@type":"SearchAction","target":{"@type":"EntryPoint","urlTemplate":"https:\/\/nyala.info\/de\/?s={search_term_string}"},"query-input":{"@type":"PropertyValueSpecification","valueRequired":true,"valueName":"search_term_string"}}],"inLanguage":"de-DE"}]}},"_links":{"self":[{"href":"https:\/\/nyala.info\/de\/wp-json\/wp\/v2\/pages\/4983"}],"collection":[{"href":"https:\/\/nyala.info\/de\/wp-json\/wp\/v2\/pages"}],"about":[{"href":"https:\/\/nyala.info\/de\/wp-json\/wp\/v2\/types\/page"}],"author":[{"embeddable":true,"href":"https:\/\/nyala.info\/de\/wp-json\/wp\/v2\/users\/3"}],"replies":[{"embeddable":true,"href":"https:\/\/nyala.info\/de\/wp-json\/wp\/v2\/comments?post=4983"}],"version-history":[{"count":3,"href":"https:\/\/nyala.info\/de\/wp-json\/wp\/v2\/pages\/4983\/revisions"}],"predecessor-version":[{"id":4986,"href":"https:\/\/nyala.info\/de\/wp-json\/wp\/v2\/pages\/4983\/revisions\/4986"}],"up":[{"embeddable":true,"href":"https:\/\/nyala.info\/de\/wp-json\/wp\/v2\/pages\/3827"}],"wp:attachment":[{"href":"https:\/\/nyala.info\/de\/wp-json\/wp\/v2\/media?parent=4983"}],"curies":[{"name":"wp","href":"https:\/\/api.w.org\/{rel}","templated":true}]}}