{"id":4973,"date":"2017-06-14T11:49:24","date_gmt":"2017-06-14T09:49:24","guid":{"rendered":"http:\/\/www.nyalahotel.biz\/?page_id=4973\/"},"modified":"2017-08-02T21:32:32","modified_gmt":"2017-08-02T19:32:32","slug":"senior","status":"publish","type":"page","link":"https:\/\/nyala.info\/de\/senior\/","title":{"rendered":"Seniorenurlaub"},"content":{"rendered":"<h2 style=\"text-align: center;\">Seniorenurlaub<\/h2>\n<h3 style=\"text-align: center;\">Buchen Sie Ihren Aufenthalt in San Reo um sich eines sch\u00f6nen Winters sicher zu sein &#8211; w\u00e4hlen Sie unser 4-Sterne-Hotel und verbringen Sie einen wunderbaren Seniorenurlaub im milden Klima der Blumenriviera.<\/h3>\n<p style=\"text-align: center;\">[huge_it_slider id=&#8221;10&#8243;]<\/p>\n<div class=\"col-md-6\">Die Blumenriviera und San Remo liegen in der subtropischen Klimazone mit \u00fcber 2900 Sonnenstunden pro Jahr.<br \/>\nDer Einfluss des Meeres garantiert einen ewigen Fr\u00fchling mit milden Temperaturen im Winter niedrigeren Temperaturen w\u00e4hrend des Sommers.<\/p>\n<p>Das offensichtlichste Resultat unseres warmen Klimas sind die \u00fcppigen Blumen, die in zahlreichen G\u00e4rten und Parks entlang der K\u00fcste bl\u00fchen. Es gibt nicht nur ortsans\u00e4ssige Pflanzen, sondern auch exotische, orientalische und afrikanische Arten, die ohne Probleme unter der Sonne gedeihen.<\/div>\n<div class=\"col-md-6\">Aufgrund des Klimas ist San Remo der ideale Ort zum Entspannen und Aufladen f\u00fcr einen kurzen oder langen Aufenthalt zu jeder Zeit des Jahres.<\/p>\n<p>Die Stadt bietet hunderte Entspannungsm\u00f6glichkeiten: Einkaufen in unserem farbenreichen Wochenmarkt unter freiem Himmel oder die exklusivsten Boutiquen, musikalische Unterhaltung mit dem Symphonie Orchester, Kino und Theater, und viele kulturelle und literarischen Veranstaltungen.<\/div>\n<ul class=\"tabs\">\n<li class=\"tab-link current\" data-tab=\"tab-1\">Buchen<\/li>\n<li class=\"tab-link\" data-tab=\"tab-2\">Unser Angebot enth\u00e4lt<\/li>\n<li class=\"tab-link\" data-tab=\"tab-3\">Buchungsbedingungen<\/li>\n<\/ul>\n<div id=\"tab-1\" class=\"tab-content current\">\n<p>\u00a0<\/p>\n<h4>Das milde Klima von San Remo l\u00e4dt zum Verbringen eines friedlichen und lustigen Urlaubs ein.<\/h4>\n<p>Die Blumenriviera, gesch\u00fctzt von den maritimen Alpen, bietet rund um das Jahr ein mildes Klima: mild im Winter und niemals schw\u00fcl im Sommer.<br \/>\nEs ist ein idealer Ort zum Entspannen bei einer kurzen Pause oder sogar bei einem l\u00e4ngeren Urlaub.<br \/>\nLesen Sie alle Informationen im &#8220;Sonne der Riviera&#8221;-Paket nach und buchen Sie direkt auf unserer Seite!<\/p>\n<p style=\"text-align: center;\"><a class=\"maxbutton-2 maxbutton maxbutton-book\" target=\"_blank\" rel=\"noopener\" href=\"http:\/\/www.nyalahotel.com\/book\/\"><span class='mb-text'>Book<\/span><\/a><\/p>\n<\/div>\n<div id=\"tab-2\" class=\"tab-content\">\n<p>Unser Angebot enth\u00e4lt:<\/p>\n<ul>\n<li><span id=\"result_box\" class=\"\" lang=\"en\"><span class=\"\"><strong>Formula 7&#215;5<\/strong> = 7 N\u00e4chte schlafen, nur 5 bezahlen!<\/span><\/span><\/li>\n<li><strong>Vollpension<\/strong> mit Mahlzeiten in unserem Restaurant, dem Asmara, entsprechend dem Tagesmen\u00fc mit Getr\u00e4nken inklusive (1\/2 Mineralwasser und 1\/4 Wein).<\/li>\n<li>Wenn Sie von Ihren Enkeln begleitet werden wollen &#8211; Kinder bis zum Alter von 12 Jahren schlafen gratis, wenn Sie sich eine Junior-Familien-Suite mit Ihnen teilen.<\/li>\n<li>Your <strong>Haustiere<\/strong> sind willkommen und sind kostenfrei.<\/li>\n<\/ul>\n<p>Eingeschlossene Leistungen:<\/p>\n<ul style=\"text-align: justify;\">\n<li>Transfer von\/zu dem Bahnhof bei Ankunft und Abreise<\/li>\n<li>Kostenloser Shuttle-Bus zum Stadtzentrum nach Reservierung<\/li>\n<li>In Chips eintauschbarer Gutschein, damit Sie Ihr Gl\u00fcck im Casino San Remo probieren k\u00f6nnen<\/li>\n<\/ul>\n<p>Besonderheiten an dem Angebot:<\/p>\n<ul>\n<li>Angebot ist f\u00fcr Menschen \u00fcber 60<\/li>\n<\/ul>\n<\/div>\n<div id=\"tab-3\" class=\"tab-content\">\n<p>Buchungsrichtlinien des Sonne der Riviera-Pakets<\/p>\n<p>Minimaler Aufenthalt: 3 N\u00e4chte<br \/>\nMaximaler Aufenthalt: unbegrenzt.<br \/>\nDieses Angebot ist nur \u00fcber Onlinebuchung verf\u00fcgbar, und f\u00fcr eine begrenzte Anzahl an Zimmern.<br \/>\nDieses Angebot ist \u00fcber das ganze Jahr erh\u00e4ltlich, au\u00dfer in Zeiten hoher Nachfrage.<br \/>\nAlle besonderen Erm\u00e4\u00dfigungen werden automatisch von unserem Buchungssystem berechnet.<br \/>\nDieses Angebot kann ohne Beratung variieren.<br \/>\nIn jedem Fall sind die von dem Onlinebuchungssystem vorgeschlagenen Preise g\u00fcltig.<br \/>\nAnzahlung: 25%, mit einem Minimum vom Wert einer \u00dcbernachtung.<br \/>\nKostenlose Stornierung und \u00c4nderung bis zu 7 Tage vor dem Anfang Ihres Aufenthaltes.<br \/>\nGeb\u00fchren f\u00fcr sp\u00e4te Stornierung und \u00c4nderung, Nichtanreise, fr\u00fche Abreise: 100%.<\/p>\n<\/div>\n<p>\u00a0<\/p>\n<p><!-- container --><br \/>\n<script type=\"text\/javascript\">\n\tjQuery(document).ready(function(){\t\n\tjQuery('ul.tabs li').click(function(){\n\t\tvar tab_id = jQuery(this).attr('data-tab');\n\t\tjQuery('ul.tabs li').removeClass('current');\n\t\tjQuery('.tab-content').removeClass('current');\n\t\tjQuery(this).addClass('current');\n\t\tjQuery(\"#\"+tab_id).addClass('current');\n\t})\n})\n<\/script><\/p>\n","protected":false},"excerpt":{"rendered":"<p>Seniorenurlaub Buchen Sie Ihren Aufenthalt in San Reo um sich eines sch\u00f6nen Winters sicher zu sein &#8211; w\u00e4hlen Sie unser 4-Sterne-Hotel und verbringen Sie einen wunderbaren Seniorenurlaub im milden Klima der Blumenriviera. [huge_it_slider id=&#8221;10&#8243;] Buchen Unser Angebot enth\u00e4lt Buchungsbedingungen \u00a0 Das milde Klima von San Remo l\u00e4dt zum Verbringen eines friedlichen und lustigen Urlaubs ein. [&hellip;]<\/p>\n","protected":false},"author":3,"featured_media":0,"parent":0,"menu_order":7,"comment_status":"open","ping_status":"open","template":"","meta":{"_acf_changed":false,"footnotes":""},"class_list":["post-4973","page","type-page","status-publish","hentry"],"acf":[],"yoast_head":"<!-- This site is optimized with the Yoast SEO plugin v25.6 - https:\/\/yoast.com\/wordpress\/plugins\/seo\/ -->\n<title>Seniorenurlaub | Nyala Suite Hotel 4-Sterne-Hotel in San Remo<\/title>\n<meta name=\"description\" content=\"Verbringen Sie einen gro\u00dfartigen Seniorenurlaub an der Blumenriviera mit wohltuendem, mildem Klima. Buchen Sie Ihren Aufenthalt im Nyala 4-Sterne-Hotel mit Blick \u00fcber das Meer.\" \/>\n<meta name=\"robots\" content=\"noindex, follow, max-snippet:-1, max-image-preview:large, max-video-preview:-1\" \/>\n<meta property=\"og:locale\" content=\"de_DE\" \/>\n<meta property=\"og:type\" content=\"article\" \/>\n<meta property=\"og:title\" content=\"Seniorenurlaub | Nyala Suite Hotel 4-Sterne-Hotel in San Remo\" \/>\n<meta property=\"og:description\" content=\"Verbringen Sie einen gro\u00dfartigen Seniorenurlaub an der Blumenriviera mit wohltuendem, mildem Klima. Buchen Sie Ihren Aufenthalt im Nyala 4-Sterne-Hotel mit Blick \u00fcber das Meer.\" \/>\n<meta property=\"og:url\" content=\"https:\/\/nyala.info\/de\/senior\/\" \/>\n<meta property=\"og:site_name\" content=\"Nyala Suite Hotel\" \/>\n<meta property=\"article:modified_time\" content=\"2017-08-02T19:32:32+00:00\" \/>\n<meta name=\"twitter:card\" content=\"summary_large_image\" \/>\n<meta name=\"twitter:label1\" content=\"Est. reading time\" \/>\n\t<meta name=\"twitter:data1\" content=\"2 minutes\" \/>\n<script type=\"application\/ld+json\" class=\"yoast-schema-graph\">{\"@context\":\"https:\/\/schema.org\",\"@graph\":[{\"@type\":\"WebPage\",\"@id\":\"https:\/\/nyala.info\/de\/senior\/\",\"url\":\"https:\/\/nyala.info\/de\/senior\/\",\"name\":\"Seniorenurlaub | Nyala Suite Hotel 4-Sterne-Hotel in San Remo\",\"isPartOf\":{\"@id\":\"https:\/\/nyala.info\/de\/#website\"},\"datePublished\":\"2017-06-14T09:49:24+00:00\",\"dateModified\":\"2017-08-02T19:32:32+00:00\",\"description\":\"Verbringen Sie einen gro\u00dfartigen Seniorenurlaub an der Blumenriviera mit wohltuendem, mildem Klima. Buchen Sie Ihren Aufenthalt im Nyala 4-Sterne-Hotel mit Blick \u00fcber das Meer.\",\"breadcrumb\":{\"@id\":\"https:\/\/nyala.info\/de\/senior\/#breadcrumb\"},\"inLanguage\":\"de-DE\",\"potentialAction\":[{\"@type\":\"ReadAction\",\"target\":[\"https:\/\/nyala.info\/de\/senior\/\"]}]},{\"@type\":\"BreadcrumbList\",\"@id\":\"https:\/\/nyala.info\/de\/senior\/#breadcrumb\",\"itemListElement\":[{\"@type\":\"ListItem\",\"position\":1,\"name\":\"Home\",\"item\":\"https:\/\/nyala.info\/de\/\"},{\"@type\":\"ListItem\",\"position\":2,\"name\":\"Seniorenurlaub\"}]},{\"@type\":\"WebSite\",\"@id\":\"https:\/\/nyala.info\/de\/#website\",\"url\":\"https:\/\/nyala.info\/de\/\",\"name\":\"Nyala Suite Hotel\",\"description\":\"4-Sterne-Hotel in San Remo\",\"potentialAction\":[{\"@type\":\"SearchAction\",\"target\":{\"@type\":\"EntryPoint\",\"urlTemplate\":\"https:\/\/nyala.info\/de\/?s={search_term_string}\"},\"query-input\":{\"@type\":\"PropertyValueSpecification\",\"valueRequired\":true,\"valueName\":\"search_term_string\"}}],\"inLanguage\":\"de-DE\"}]}<\/script>\n<!-- \/ Yoast SEO plugin. -->","yoast_head_json":{"title":"Seniorenurlaub | Nyala Suite Hotel 4-Sterne-Hotel in San Remo","description":"Verbringen Sie einen gro\u00dfartigen Seniorenurlaub an der Blumenriviera mit wohltuendem, mildem Klima. Buchen Sie Ihren Aufenthalt im Nyala 4-Sterne-Hotel mit Blick \u00fcber das Meer.","robots":{"index":"noindex","follow":"follow","max-snippet":"max-snippet:-1","max-image-preview":"max-image-preview:large","max-video-preview":"max-video-preview:-1"},"og_locale":"de_DE","og_type":"article","og_title":"Seniorenurlaub | Nyala Suite Hotel 4-Sterne-Hotel in San Remo","og_description":"Verbringen Sie einen gro\u00dfartigen Seniorenurlaub an der Blumenriviera mit wohltuendem, mildem Klima. Buchen Sie Ihren Aufenthalt im Nyala 4-Sterne-Hotel mit Blick \u00fcber das Meer.","og_url":"https:\/\/nyala.info\/de\/senior\/","og_site_name":"Nyala Suite Hotel","article_modified_time":"2017-08-02T19:32:32+00:00","twitter_card":"summary_large_image","twitter_misc":{"Est. reading time":"2 minutes"},"schema":{"@context":"https:\/\/schema.org","@graph":[{"@type":"WebPage","@id":"https:\/\/nyala.info\/de\/senior\/","url":"https:\/\/nyala.info\/de\/senior\/","name":"Seniorenurlaub | Nyala Suite Hotel 4-Sterne-Hotel in San Remo","isPartOf":{"@id":"https:\/\/nyala.info\/de\/#website"},"datePublished":"2017-06-14T09:49:24+00:00","dateModified":"2017-08-02T19:32:32+00:00","description":"Verbringen Sie einen gro\u00dfartigen Seniorenurlaub an der Blumenriviera mit wohltuendem, mildem Klima. Buchen Sie Ihren Aufenthalt im Nyala 4-Sterne-Hotel mit Blick \u00fcber das Meer.","breadcrumb":{"@id":"https:\/\/nyala.info\/de\/senior\/#breadcrumb"},"inLanguage":"de-DE","potentialAction":[{"@type":"ReadAction","target":["https:\/\/nyala.info\/de\/senior\/"]}]},{"@type":"BreadcrumbList","@id":"https:\/\/nyala.info\/de\/senior\/#breadcrumb","itemListElement":[{"@type":"ListItem","position":1,"name":"Home","item":"https:\/\/nyala.info\/de\/"},{"@type":"ListItem","position":2,"name":"Seniorenurlaub"}]},{"@type":"WebSite","@id":"https:\/\/nyala.info\/de\/#website","url":"https:\/\/nyala.info\/de\/","name":"Nyala Suite Hotel","description":"4-Sterne-Hotel in San Remo","potentialAction":[{"@type":"SearchAction","target":{"@type":"EntryPoint","urlTemplate":"https:\/\/nyala.info\/de\/?s={search_term_string}"},"query-input":{"@type":"PropertyValueSpecification","valueRequired":true,"valueName":"search_term_string"}}],"inLanguage":"de-DE"}]}},"_links":{"self":[{"href":"https:\/\/nyala.info\/de\/wp-json\/wp\/v2\/pages\/4973"}],"collection":[{"href":"https:\/\/nyala.info\/de\/wp-json\/wp\/v2\/pages"}],"about":[{"href":"https:\/\/nyala.info\/de\/wp-json\/wp\/v2\/types\/page"}],"author":[{"embeddable":true,"href":"https:\/\/nyala.info\/de\/wp-json\/wp\/v2\/users\/3"}],"replies":[{"embeddable":true,"href":"https:\/\/nyala.info\/de\/wp-json\/wp\/v2\/comments?post=4973"}],"version-history":[{"count":4,"href":"https:\/\/nyala.info\/de\/wp-json\/wp\/v2\/pages\/4973\/revisions"}],"predecessor-version":[{"id":5860,"href":"https:\/\/nyala.info\/de\/wp-json\/wp\/v2\/pages\/4973\/revisions\/5860"}],"wp:attachment":[{"href":"https:\/\/nyala.info\/de\/wp-json\/wp\/v2\/media?parent=4973"}],"curies":[{"name":"wp","href":"https:\/\/api.w.org\/{rel}","templated":true}]}}