{"id":4942,"date":"2017-06-05T15:01:43","date_gmt":"2017-06-05T13:01:43","guid":{"rendered":"http:\/\/www.nyalahotel.biz\/valentinstag-in-san-remo\/"},"modified":"2018-12-27T18:20:54","modified_gmt":"2018-12-27T17:20:54","slug":"valentinstag-in-san-remo","status":"publish","type":"page","link":"https:\/\/nyala.info\/de\/angebote\/kurzurlaub\/valentinstag-in-san-remo\/","title":{"rendered":"Valentinstag in San Remo"},"content":{"rendered":"<h2 style=\"text-align: center;\">Buchen Sie jetzt f\u00fcr das Wochenende am Valentinstag in unserem 4 Sterne-Hotel<\/h2>\n<p style=\"text-align: center;\">Sie werden von der Magie der D\u00f6rfer an der Blumenriviera begeistert sein.<\/p>\n<ul class=\"tabs\">\n<li class=\"tab-link current\" data-tab=\"tab-1\">Info und Buchung<\/li>\n<li class=\"tab-link\" data-tab=\"tab-2\">Unser Angebot enth\u00e4lt<\/li>\n<li class=\"tab-link\" data-tab=\"tab-3\">Buchungsvorgang<\/li>\n<\/ul>\n<div id=\"tab-1\" class=\"tab-content current\">\n<p>Der Zauber der Blumen von San Remo und die Romantik<br \/>\nder D\u00f6rfer an der Riviera f\u00fcr ein magisches Wochenende.<\/p>\n<p>Die Romantik des Landstriches entlang der Riviera, wo die maritimen Alpen das ligurische Meer treffen f\u00fcr einen kurzen, aber zauberhaften Urlaub.<br \/>\n<a class=\"maxbutton-16 maxbutton maxbutton-buchen\" target=\"_blank\" rel=\"noopener\" href=\"http:\/\/www.nyalahotel.com\/de\/jetzt-buchen\/\"><span class='mb-text'>Buchen<\/span><\/a><\/p>\n<\/div>\n<div id=\"tab-2\" class=\"tab-content\">\n<p>Unser Angebot enth\u00e4lt:<\/p>\n<ul>\n<li>4&#215;3 Formel = 4 N\u00e4chte bleiben und nur 3 bezahlen!<\/li>\n<li>Ihre Haustiere sind willkommen und k\u00f6nnen kostenlos bleiben!<\/li>\n<li>Preis umfasst Zimmer und Fr\u00fchst\u00fccksbuffet.<\/li>\n<li>Valentinstag Gala: den vorigen Samstagabend bieten wir ein au\u00dfergew\u00f6hnliches Abendmahl mit einem von der K\u00fcche der Blumen von San Remo inspirierten Men\u00fc mit musikalischer Begleitung.<\/li>\n<li>Ein typisches Mittagessen in einem Restaurant in einem der entz\u00fcckendsten und romantischsten mittelalterlichen D\u00f6rfer im inl\u00e4ndischen Gebiet von San Remo.<\/li>\n<li>Ein Bouquet mit pr\u00e4chtigen\u00a0Blumen aus San Remo f\u00fcr Ihre Feier.<\/li>\n<\/ul>\n<p>Zus\u00e4tzlich umfasst das Angebot:<\/p>\n<ul>\n<li>Transfer zu und von der Bahnstation f\u00fcr Ankunft und Abfahrt.<\/li>\n<li>Privates Parken, nach Verf\u00fcgbarkeit.<\/li>\n<li>Ein Gutschein, der in Wertmarken umgewandelt werden kann, damit Sie Ihr Gl\u00fcck im Casino von San Remo versuchen k\u00f6nnen.<\/li>\n<\/ul>\n<\/div>\n<div id=\"tab-3\" class=\"tab-content\">\n<p><strong>BUCHUNGSVORGANG<\/strong><\/p>\n<ul>\n<li>Mindestdauer: 1 Nacht.<\/li>\n<li>Maximaldauer: 7 N\u00e4chte.<\/li>\n<li>Dieses Angebot ist nur bei Online-Buchung verf\u00fcgbar, mit limitierter Platzanzahl.<\/li>\n<li>Das Angebot ist nur w\u00e4hrend der Zeit der Veranstaltung g\u00fcltig.<\/li>\n<li>Alle angebotenen Erm\u00e4\u00dfigungen werden automatisch von unserem Buchungssystem berechnet.<\/li>\n<li>Das Angebot wird m\u00f6glicherweise \u00fcber den Lauf des Jahres ohne vorherige Benachrichtigung ge\u00e4ndert.<\/li>\n<li>In jedem m\u00f6glichen Fall gelten die vom Buchungssystem angebotenen Preise.<\/li>\n<li>Anzahlung: 25% (min. 1 Nacht).<\/li>\n<li>Eine Stornierung ist bis 3 Tage vor Ankunft kostenlos.<\/li>\n<li>Stornierungsgeb\u00fchr f\u00fcr nicht eingehaltene Frist, Nichtanreise, vorzeitige Abreise: 100%.<\/li>\n<\/ul>\n<\/div>\n<p><!-- container --><br \/>\n<script type=\"text\/javascript\">\n\tjQuery(document).ready(function(){\t\n\tjQuery('ul.tabs li').click(function(){\n\t\tvar tab_id = jQuery(this).attr('data-tab');\n\t\tjQuery('ul.tabs li').removeClass('current');\n\t\tjQuery('.tab-content').removeClass('current');\n\t\tjQuery(this).addClass('current');\n\t\tjQuery(\"#\"+tab_id).addClass('current');\n\t})\n})\n<\/script><\/p>\n","protected":false},"excerpt":{"rendered":"<p>Buchen Sie jetzt f\u00fcr das Wochenende am Valentinstag in unserem 4 Sterne-Hotel Sie werden von der Magie der D\u00f6rfer an der Blumenriviera begeistert sein. Info und Buchung Unser Angebot enth\u00e4lt Buchungsvorgang Der Zauber der Blumen von San Remo und die Romantik der D\u00f6rfer an der Riviera f\u00fcr ein magisches Wochenende. Die Romantik des Landstriches entlang [&hellip;]<\/p>\n","protected":false},"author":3,"featured_media":5425,"parent":5003,"menu_order":0,"comment_status":"closed","ping_status":"closed","template":"","meta":{"_acf_changed":false,"footnotes":""},"class_list":["post-4942","page","type-page","status-publish","has-post-thumbnail","hentry"],"acf":[],"yoast_head":"<!-- This site is optimized with the Yoast SEO plugin v25.6 - https:\/\/yoast.com\/wordpress\/plugins\/seo\/ -->\n<title>Valentinstag in San Remo | Nyala Suite Hotel 4-Sterne-Hotel in San Remo<\/title>\n<meta name=\"robots\" content=\"noindex, follow, max-snippet:-1, max-image-preview:large, max-video-preview:-1\" \/>\n<meta property=\"og:locale\" content=\"de_DE\" \/>\n<meta property=\"og:type\" content=\"article\" \/>\n<meta property=\"og:title\" content=\"Valentinstag in San Remo | Nyala Suite Hotel 4-Sterne-Hotel in San Remo\" \/>\n<meta property=\"og:description\" content=\"Buchen Sie jetzt f\u00fcr das Wochenende am Valentinstag in unserem 4 Sterne-Hotel Sie werden von der Magie der D\u00f6rfer an der Blumenriviera begeistert sein. Info und Buchung Unser Angebot enth\u00e4lt Buchungsvorgang Der Zauber der Blumen von San Remo und die Romantik der D\u00f6rfer an der Riviera f\u00fcr ein magisches Wochenende. Die Romantik des Landstriches entlang [&hellip;]\" \/>\n<meta property=\"og:url\" content=\"https:\/\/nyala.info\/de\/angebote\/kurzurlaub\/valentinstag-in-san-remo\/\" \/>\n<meta property=\"og:site_name\" content=\"Nyala Suite Hotel\" \/>\n<meta property=\"article:modified_time\" content=\"2018-12-27T17:20:54+00:00\" \/>\n<meta property=\"og:image\" content=\"https:\/\/nyala.info\/wp-content\/uploads\/2017\/06\/vacanze-coppia-san-valentino-sanremo314-1.jpg\" \/>\n\t<meta property=\"og:image:width\" content=\"400\" \/>\n\t<meta property=\"og:image:height\" content=\"240\" \/>\n\t<meta property=\"og:image:type\" content=\"image\/jpeg\" \/>\n<meta name=\"twitter:card\" content=\"summary_large_image\" \/>\n<meta name=\"twitter:label1\" content=\"Est. reading time\" \/>\n\t<meta name=\"twitter:data1\" content=\"2 minutes\" \/>\n<script type=\"application\/ld+json\" class=\"yoast-schema-graph\">{\"@context\":\"https:\/\/schema.org\",\"@graph\":[{\"@type\":\"WebPage\",\"@id\":\"https:\/\/nyala.info\/de\/angebote\/kurzurlaub\/valentinstag-in-san-remo\/\",\"url\":\"https:\/\/nyala.info\/de\/angebote\/kurzurlaub\/valentinstag-in-san-remo\/\",\"name\":\"Valentinstag in San Remo | Nyala Suite Hotel 4-Sterne-Hotel in San Remo\",\"isPartOf\":{\"@id\":\"https:\/\/nyala.info\/de\/#website\"},\"primaryImageOfPage\":{\"@id\":\"https:\/\/nyala.info\/de\/angebote\/kurzurlaub\/valentinstag-in-san-remo\/#primaryimage\"},\"image\":{\"@id\":\"https:\/\/nyala.info\/de\/angebote\/kurzurlaub\/valentinstag-in-san-remo\/#primaryimage\"},\"thumbnailUrl\":\"https:\/\/nyala.info\/wp-content\/uploads\/2017\/06\/vacanze-coppia-san-valentino-sanremo314-1.jpg\",\"datePublished\":\"2017-06-05T13:01:43+00:00\",\"dateModified\":\"2018-12-27T17:20:54+00:00\",\"breadcrumb\":{\"@id\":\"https:\/\/nyala.info\/de\/angebote\/kurzurlaub\/valentinstag-in-san-remo\/#breadcrumb\"},\"inLanguage\":\"de-DE\",\"potentialAction\":[{\"@type\":\"ReadAction\",\"target\":[\"https:\/\/nyala.info\/de\/angebote\/kurzurlaub\/valentinstag-in-san-remo\/\"]}]},{\"@type\":\"ImageObject\",\"inLanguage\":\"de-DE\",\"@id\":\"https:\/\/nyala.info\/de\/angebote\/kurzurlaub\/valentinstag-in-san-remo\/#primaryimage\",\"url\":\"https:\/\/nyala.info\/wp-content\/uploads\/2017\/06\/vacanze-coppia-san-valentino-sanremo314-1.jpg\",\"contentUrl\":\"https:\/\/nyala.info\/wp-content\/uploads\/2017\/06\/vacanze-coppia-san-valentino-sanremo314-1.jpg\",\"width\":400,\"height\":240},{\"@type\":\"BreadcrumbList\",\"@id\":\"https:\/\/nyala.info\/de\/angebote\/kurzurlaub\/valentinstag-in-san-remo\/#breadcrumb\",\"itemListElement\":[{\"@type\":\"ListItem\",\"position\":1,\"name\":\"Home\",\"item\":\"https:\/\/nyala.info\/de\/\"},{\"@type\":\"ListItem\",\"position\":2,\"name\":\"ANGEBOTE\",\"item\":\"https:\/\/nyala.info\/de\/angebote\/\"},{\"@type\":\"ListItem\",\"position\":3,\"name\":\"Wochenende in San Remo\",\"item\":\"https:\/\/nyala.info\/de\/angebote\/kurzurlaub\/\"},{\"@type\":\"ListItem\",\"position\":4,\"name\":\"Valentinstag in San Remo\"}]},{\"@type\":\"WebSite\",\"@id\":\"https:\/\/nyala.info\/de\/#website\",\"url\":\"https:\/\/nyala.info\/de\/\",\"name\":\"Nyala Suite Hotel\",\"description\":\"4-Sterne-Hotel in San Remo\",\"potentialAction\":[{\"@type\":\"SearchAction\",\"target\":{\"@type\":\"EntryPoint\",\"urlTemplate\":\"https:\/\/nyala.info\/de\/?s={search_term_string}\"},\"query-input\":{\"@type\":\"PropertyValueSpecification\",\"valueRequired\":true,\"valueName\":\"search_term_string\"}}],\"inLanguage\":\"de-DE\"}]}<\/script>\n<!-- \/ Yoast SEO plugin. -->","yoast_head_json":{"title":"Valentinstag in San Remo | Nyala Suite Hotel 4-Sterne-Hotel in San Remo","robots":{"index":"noindex","follow":"follow","max-snippet":"max-snippet:-1","max-image-preview":"max-image-preview:large","max-video-preview":"max-video-preview:-1"},"og_locale":"de_DE","og_type":"article","og_title":"Valentinstag in San Remo | Nyala Suite Hotel 4-Sterne-Hotel in San Remo","og_description":"Buchen Sie jetzt f\u00fcr das Wochenende am Valentinstag in unserem 4 Sterne-Hotel Sie werden von der Magie der D\u00f6rfer an der Blumenriviera begeistert sein. Info und Buchung Unser Angebot enth\u00e4lt Buchungsvorgang Der Zauber der Blumen von San Remo und die Romantik der D\u00f6rfer an der Riviera f\u00fcr ein magisches Wochenende. Die Romantik des Landstriches entlang [&hellip;]","og_url":"https:\/\/nyala.info\/de\/angebote\/kurzurlaub\/valentinstag-in-san-remo\/","og_site_name":"Nyala Suite Hotel","article_modified_time":"2018-12-27T17:20:54+00:00","og_image":[{"width":400,"height":240,"url":"https:\/\/nyala.info\/wp-content\/uploads\/2017\/06\/vacanze-coppia-san-valentino-sanremo314-1.jpg","type":"image\/jpeg"}],"twitter_card":"summary_large_image","twitter_misc":{"Est. reading time":"2 minutes"},"schema":{"@context":"https:\/\/schema.org","@graph":[{"@type":"WebPage","@id":"https:\/\/nyala.info\/de\/angebote\/kurzurlaub\/valentinstag-in-san-remo\/","url":"https:\/\/nyala.info\/de\/angebote\/kurzurlaub\/valentinstag-in-san-remo\/","name":"Valentinstag in San Remo | Nyala Suite Hotel 4-Sterne-Hotel in San Remo","isPartOf":{"@id":"https:\/\/nyala.info\/de\/#website"},"primaryImageOfPage":{"@id":"https:\/\/nyala.info\/de\/angebote\/kurzurlaub\/valentinstag-in-san-remo\/#primaryimage"},"image":{"@id":"https:\/\/nyala.info\/de\/angebote\/kurzurlaub\/valentinstag-in-san-remo\/#primaryimage"},"thumbnailUrl":"https:\/\/nyala.info\/wp-content\/uploads\/2017\/06\/vacanze-coppia-san-valentino-sanremo314-1.jpg","datePublished":"2017-06-05T13:01:43+00:00","dateModified":"2018-12-27T17:20:54+00:00","breadcrumb":{"@id":"https:\/\/nyala.info\/de\/angebote\/kurzurlaub\/valentinstag-in-san-remo\/#breadcrumb"},"inLanguage":"de-DE","potentialAction":[{"@type":"ReadAction","target":["https:\/\/nyala.info\/de\/angebote\/kurzurlaub\/valentinstag-in-san-remo\/"]}]},{"@type":"ImageObject","inLanguage":"de-DE","@id":"https:\/\/nyala.info\/de\/angebote\/kurzurlaub\/valentinstag-in-san-remo\/#primaryimage","url":"https:\/\/nyala.info\/wp-content\/uploads\/2017\/06\/vacanze-coppia-san-valentino-sanremo314-1.jpg","contentUrl":"https:\/\/nyala.info\/wp-content\/uploads\/2017\/06\/vacanze-coppia-san-valentino-sanremo314-1.jpg","width":400,"height":240},{"@type":"BreadcrumbList","@id":"https:\/\/nyala.info\/de\/angebote\/kurzurlaub\/valentinstag-in-san-remo\/#breadcrumb","itemListElement":[{"@type":"ListItem","position":1,"name":"Home","item":"https:\/\/nyala.info\/de\/"},{"@type":"ListItem","position":2,"name":"ANGEBOTE","item":"https:\/\/nyala.info\/de\/angebote\/"},{"@type":"ListItem","position":3,"name":"Wochenende in San Remo","item":"https:\/\/nyala.info\/de\/angebote\/kurzurlaub\/"},{"@type":"ListItem","position":4,"name":"Valentinstag in San Remo"}]},{"@type":"WebSite","@id":"https:\/\/nyala.info\/de\/#website","url":"https:\/\/nyala.info\/de\/","name":"Nyala Suite Hotel","description":"4-Sterne-Hotel in San Remo","potentialAction":[{"@type":"SearchAction","target":{"@type":"EntryPoint","urlTemplate":"https:\/\/nyala.info\/de\/?s={search_term_string}"},"query-input":{"@type":"PropertyValueSpecification","valueRequired":true,"valueName":"search_term_string"}}],"inLanguage":"de-DE"}]}},"_links":{"self":[{"href":"https:\/\/nyala.info\/de\/wp-json\/wp\/v2\/pages\/4942"}],"collection":[{"href":"https:\/\/nyala.info\/de\/wp-json\/wp\/v2\/pages"}],"about":[{"href":"https:\/\/nyala.info\/de\/wp-json\/wp\/v2\/types\/page"}],"author":[{"embeddable":true,"href":"https:\/\/nyala.info\/de\/wp-json\/wp\/v2\/users\/3"}],"replies":[{"embeddable":true,"href":"https:\/\/nyala.info\/de\/wp-json\/wp\/v2\/comments?post=4942"}],"version-history":[{"count":4,"href":"https:\/\/nyala.info\/de\/wp-json\/wp\/v2\/pages\/4942\/revisions"}],"predecessor-version":[{"id":7413,"href":"https:\/\/nyala.info\/de\/wp-json\/wp\/v2\/pages\/4942\/revisions\/7413"}],"up":[{"embeddable":true,"href":"https:\/\/nyala.info\/de\/wp-json\/wp\/v2\/pages\/5003"}],"wp:featuredmedia":[{"embeddable":true,"href":"https:\/\/nyala.info\/de\/wp-json\/wp\/v2\/media\/5425"}],"wp:attachment":[{"href":"https:\/\/nyala.info\/de\/wp-json\/wp\/v2\/media?parent=4942"}],"curies":[{"name":"wp","href":"https:\/\/api.w.org\/{rel}","templated":true}]}}