{"id":4941,"date":"2017-06-05T14:39:55","date_gmt":"2017-06-05T12:39:55","guid":{"rendered":"http:\/\/www.nyalahotel.biz\/frauentag-in-san-remo-italien\/"},"modified":"2018-12-27T18:22:57","modified_gmt":"2018-12-27T17:22:57","slug":"frauentag-in-san-remo-italien","status":"publish","type":"page","link":"https:\/\/nyala.info\/de\/angebote\/kurzurlaub\/frauentag-in-san-remo-italien\/","title":{"rendered":"Frauentag in San Remo, Italien"},"content":{"rendered":"<h2 style=\"text-align: center;\">Buchen Sie jetzt zum Anlass des Frauentages am 8. M\u00e4rz ein Wochenende in San Remo\u00a0in unserem 4 Sterne-Hotel<\/h2>\n<h2 style=\"text-align: center;\">Sie werden von der Magie der Orte an der Blumenriviera erstaunt sein.<\/h2>\n<p>&nbsp;<\/p>\n<ul class=\"tabs\">\n<li class=\"tab-link current\" data-tab=\"tab-1\">Info und Buchungen<\/li>\n<li class=\"tab-link\" data-tab=\"tab-2\">Unser Angebot enth\u00e4lt<\/li>\n<li class=\"tab-link\" data-tab=\"tab-3\">Buchungsvorgang<\/li>\n<\/ul>\n<div id=\"tab-1\" class=\"tab-content current\">\n<p>Die Mimosa ist typisch f\u00fcr die an der Blumenriviera hervorgebrachten Vortrefflichkeiten &#8211; gibt es einen besseren Weg den Frauentag zu feiern?<\/p>\n<a class=\"maxbutton-16 maxbutton maxbutton-buchen\" target=\"_blank\" rel=\"noopener\" href=\"http:\/\/www.nyalahotel.com\/de\/jetzt-buchen\/\"><span class='mb-text'>Buchen<\/span><\/a>\n<\/div>\n<div id=\"tab-2\" class=\"tab-content\">\n<p>Unser Sonderangebot umfasst:<\/p>\n<ul>\n<li>4&#215;3 Formel = 4 N\u00e4chte bleiben und nur f\u00fcr 3 bezahlen!<\/li>\n<li>Ihre Haustiere sind willkommen und bleiben kostenlos!<\/li>\n<li>Der Preis umfasst Zimmer und Fr\u00fchst\u00fccksbuffet.<\/li>\n<li>Die Mimosa Gala: den Samstagabend vorher bieten wir Ihnen ein au\u00dfergew\u00f6hnliches Abendmahl mit einem von den K\u00fcche der Blumen von San Remo inspirierten Men\u00fc mit musikalischer Begleitung.<\/li>\n<li>Ein typisches Mittagessen in einem Restaurant in einem der entz\u00fcckendsten und romantischsten mittelalterlichen D\u00f6rfer im inl\u00e4ndischen Gebiet von San Remo.<\/li>\n<li>Ein Bouquet der ber\u00fchmten Mimosa von San Remo.<\/li>\n<\/ul>\n<p>Zus\u00e4tzlich enth\u00e4lt das Angebot:<\/p>\n<ul>\n<li>Transfer zu und von der Bahnstation f\u00fcr Ankunft und Abfahrt.<\/li>\n<li>Privates Parken,\u00a0nach Verf\u00fcgbarkeit.<\/li>\n<li>Ein Gutschein, der in Wertmarken umgetauscht werden kann, damit Sie Ihr Gl\u00fcck im Casino von San Remo versuchen k\u00f6nnen.<\/li>\n<\/ul>\n<\/div>\n<div id=\"tab-3\" class=\"tab-content\">\n<p><strong>BUCHUNGSVORGANG<\/strong><br \/>\nMindestdauer: 1 Nacht<br \/>\nMaximaldauer: 7 N\u00e4chte<br \/>\nDieses Angebot ist nur \u00fcber Online-Buchung verf\u00fcgbar, mit begrenzter Platzanzahl.<br \/>\nDas Angebot ist nur w\u00e4hrend der Dauer der Veranstaltung g\u00fcltig.<br \/>\nAlle angebotenen Erm\u00e4\u00dfigungen werden automatisch von unserem Buchungssystem berechnet.<br \/>\nDas Angebot wird m\u00f6glicherweise im Laufe des Jahres ohne vorherige Warnung ge\u00e4ndert.<br \/>\nIn jedem m\u00f6glichen Fall gelten die von unserem Buchungssystem angebotenen Preise.<br \/>\nAnzahlung: 25% (min. 1 Nacht).<br \/>\nKostenlose Stornierung bis zu 3 Tagen f\u00fcr Ankunft.<br \/>\nStornierungsgeb\u00fchr f\u00fcr nicht eingehaltene Frist, Nichtanreise, vorzeitige Abreise: 100%.<\/p>\n<\/div>\n<p><!-- container --><br \/>\n<script type=\"text\/javascript\">\n\tjQuery(document).ready(function(){\t\n\tjQuery('ul.tabs li').click(function(){\n\t\tvar tab_id = jQuery(this).attr('data-tab');\n\t\tjQuery('ul.tabs li').removeClass('current');\n\t\tjQuery('.tab-content').removeClass('current');\n\t\tjQuery(this).addClass('current');\n\t\tjQuery(\"#\"+tab_id).addClass('current');\n\t})\n})\n<\/script><\/p>\n","protected":false},"excerpt":{"rendered":"<p>Buchen Sie jetzt zum Anlass des Frauentages am 8. M\u00e4rz ein Wochenende in San Remo\u00a0in unserem 4 Sterne-Hotel Sie werden von der Magie der Orte an der Blumenriviera erstaunt sein. &nbsp; Info und Buchungen Unser Angebot enth\u00e4lt Buchungsvorgang Die Mimosa ist typisch f\u00fcr die an der Blumenriviera hervorgebrachten Vortrefflichkeiten &#8211; gibt es einen besseren Weg [&hellip;]<\/p>\n","protected":false},"author":3,"featured_media":4515,"parent":5003,"menu_order":0,"comment_status":"closed","ping_status":"closed","template":"","meta":{"_acf_changed":false,"footnotes":""},"class_list":["post-4941","page","type-page","status-publish","has-post-thumbnail","hentry"],"acf":[],"yoast_head":"<!-- This site is optimized with the Yoast SEO plugin v25.6 - https:\/\/yoast.com\/wordpress\/plugins\/seo\/ -->\n<title>Frauentag in San Remo, Italien | Nyala Suite Hotel 4-Sterne-Hotel in San Remo<\/title>\n<meta name=\"robots\" content=\"noindex, follow, max-snippet:-1, max-image-preview:large, max-video-preview:-1\" \/>\n<meta property=\"og:locale\" content=\"de_DE\" \/>\n<meta property=\"og:type\" content=\"article\" \/>\n<meta property=\"og:title\" content=\"Frauentag in San Remo, Italien | Nyala Suite Hotel 4-Sterne-Hotel in San Remo\" \/>\n<meta property=\"og:description\" content=\"Buchen Sie jetzt zum Anlass des Frauentages am 8. M\u00e4rz ein Wochenende in San Remo\u00a0in unserem 4 Sterne-Hotel Sie werden von der Magie der Orte an der Blumenriviera erstaunt sein. &nbsp; Info und Buchungen Unser Angebot enth\u00e4lt Buchungsvorgang Die Mimosa ist typisch f\u00fcr die an der Blumenriviera hervorgebrachten Vortrefflichkeiten &#8211; gibt es einen besseren Weg [&hellip;]\" \/>\n<meta property=\"og:url\" content=\"https:\/\/nyala.info\/de\/angebote\/kurzurlaub\/frauentag-in-san-remo-italien\/\" \/>\n<meta property=\"og:site_name\" content=\"Nyala Suite Hotel\" \/>\n<meta property=\"article:modified_time\" content=\"2018-12-27T17:22:57+00:00\" \/>\n<meta property=\"og:image\" content=\"https:\/\/nyala.info\/wp-content\/uploads\/2017\/04\/8marzo.jpg\" \/>\n\t<meta property=\"og:image:width\" content=\"400\" \/>\n\t<meta property=\"og:image:height\" content=\"240\" \/>\n\t<meta property=\"og:image:type\" content=\"image\/jpeg\" \/>\n<meta name=\"twitter:card\" content=\"summary_large_image\" \/>\n<meta name=\"twitter:label1\" content=\"Est. reading time\" \/>\n\t<meta name=\"twitter:data1\" content=\"1 minute\" \/>\n<script type=\"application\/ld+json\" class=\"yoast-schema-graph\">{\"@context\":\"https:\/\/schema.org\",\"@graph\":[{\"@type\":\"WebPage\",\"@id\":\"https:\/\/nyala.info\/de\/angebote\/kurzurlaub\/frauentag-in-san-remo-italien\/\",\"url\":\"https:\/\/nyala.info\/de\/angebote\/kurzurlaub\/frauentag-in-san-remo-italien\/\",\"name\":\"Frauentag in San Remo, Italien | Nyala Suite Hotel 4-Sterne-Hotel in San Remo\",\"isPartOf\":{\"@id\":\"https:\/\/nyala.info\/de\/#website\"},\"primaryImageOfPage\":{\"@id\":\"https:\/\/nyala.info\/de\/angebote\/kurzurlaub\/frauentag-in-san-remo-italien\/#primaryimage\"},\"image\":{\"@id\":\"https:\/\/nyala.info\/de\/angebote\/kurzurlaub\/frauentag-in-san-remo-italien\/#primaryimage\"},\"thumbnailUrl\":\"https:\/\/nyala.info\/wp-content\/uploads\/2017\/04\/8marzo.jpg\",\"datePublished\":\"2017-06-05T12:39:55+00:00\",\"dateModified\":\"2018-12-27T17:22:57+00:00\",\"breadcrumb\":{\"@id\":\"https:\/\/nyala.info\/de\/angebote\/kurzurlaub\/frauentag-in-san-remo-italien\/#breadcrumb\"},\"inLanguage\":\"de-DE\",\"potentialAction\":[{\"@type\":\"ReadAction\",\"target\":[\"https:\/\/nyala.info\/de\/angebote\/kurzurlaub\/frauentag-in-san-remo-italien\/\"]}]},{\"@type\":\"ImageObject\",\"inLanguage\":\"de-DE\",\"@id\":\"https:\/\/nyala.info\/de\/angebote\/kurzurlaub\/frauentag-in-san-remo-italien\/#primaryimage\",\"url\":\"https:\/\/nyala.info\/wp-content\/uploads\/2017\/04\/8marzo.jpg\",\"contentUrl\":\"https:\/\/nyala.info\/wp-content\/uploads\/2017\/04\/8marzo.jpg\",\"width\":400,\"height\":240},{\"@type\":\"BreadcrumbList\",\"@id\":\"https:\/\/nyala.info\/de\/angebote\/kurzurlaub\/frauentag-in-san-remo-italien\/#breadcrumb\",\"itemListElement\":[{\"@type\":\"ListItem\",\"position\":1,\"name\":\"Home\",\"item\":\"https:\/\/nyala.info\/de\/\"},{\"@type\":\"ListItem\",\"position\":2,\"name\":\"ANGEBOTE\",\"item\":\"https:\/\/nyala.info\/de\/angebote\/\"},{\"@type\":\"ListItem\",\"position\":3,\"name\":\"Wochenende in San Remo\",\"item\":\"https:\/\/nyala.info\/de\/angebote\/kurzurlaub\/\"},{\"@type\":\"ListItem\",\"position\":4,\"name\":\"Frauentag in San Remo, Italien\"}]},{\"@type\":\"WebSite\",\"@id\":\"https:\/\/nyala.info\/de\/#website\",\"url\":\"https:\/\/nyala.info\/de\/\",\"name\":\"Nyala Suite Hotel\",\"description\":\"4-Sterne-Hotel in San Remo\",\"potentialAction\":[{\"@type\":\"SearchAction\",\"target\":{\"@type\":\"EntryPoint\",\"urlTemplate\":\"https:\/\/nyala.info\/de\/?s={search_term_string}\"},\"query-input\":{\"@type\":\"PropertyValueSpecification\",\"valueRequired\":true,\"valueName\":\"search_term_string\"}}],\"inLanguage\":\"de-DE\"}]}<\/script>\n<!-- \/ Yoast SEO plugin. -->","yoast_head_json":{"title":"Frauentag in San Remo, Italien | Nyala Suite Hotel 4-Sterne-Hotel in San Remo","robots":{"index":"noindex","follow":"follow","max-snippet":"max-snippet:-1","max-image-preview":"max-image-preview:large","max-video-preview":"max-video-preview:-1"},"og_locale":"de_DE","og_type":"article","og_title":"Frauentag in San Remo, Italien | Nyala Suite Hotel 4-Sterne-Hotel in San Remo","og_description":"Buchen Sie jetzt zum Anlass des Frauentages am 8. M\u00e4rz ein Wochenende in San Remo\u00a0in unserem 4 Sterne-Hotel Sie werden von der Magie der Orte an der Blumenriviera erstaunt sein. &nbsp; Info und Buchungen Unser Angebot enth\u00e4lt Buchungsvorgang Die Mimosa ist typisch f\u00fcr die an der Blumenriviera hervorgebrachten Vortrefflichkeiten &#8211; gibt es einen besseren Weg [&hellip;]","og_url":"https:\/\/nyala.info\/de\/angebote\/kurzurlaub\/frauentag-in-san-remo-italien\/","og_site_name":"Nyala Suite Hotel","article_modified_time":"2018-12-27T17:22:57+00:00","og_image":[{"width":400,"height":240,"url":"https:\/\/nyala.info\/wp-content\/uploads\/2017\/04\/8marzo.jpg","type":"image\/jpeg"}],"twitter_card":"summary_large_image","twitter_misc":{"Est. reading time":"1 minute"},"schema":{"@context":"https:\/\/schema.org","@graph":[{"@type":"WebPage","@id":"https:\/\/nyala.info\/de\/angebote\/kurzurlaub\/frauentag-in-san-remo-italien\/","url":"https:\/\/nyala.info\/de\/angebote\/kurzurlaub\/frauentag-in-san-remo-italien\/","name":"Frauentag in San Remo, Italien | Nyala Suite Hotel 4-Sterne-Hotel in San Remo","isPartOf":{"@id":"https:\/\/nyala.info\/de\/#website"},"primaryImageOfPage":{"@id":"https:\/\/nyala.info\/de\/angebote\/kurzurlaub\/frauentag-in-san-remo-italien\/#primaryimage"},"image":{"@id":"https:\/\/nyala.info\/de\/angebote\/kurzurlaub\/frauentag-in-san-remo-italien\/#primaryimage"},"thumbnailUrl":"https:\/\/nyala.info\/wp-content\/uploads\/2017\/04\/8marzo.jpg","datePublished":"2017-06-05T12:39:55+00:00","dateModified":"2018-12-27T17:22:57+00:00","breadcrumb":{"@id":"https:\/\/nyala.info\/de\/angebote\/kurzurlaub\/frauentag-in-san-remo-italien\/#breadcrumb"},"inLanguage":"de-DE","potentialAction":[{"@type":"ReadAction","target":["https:\/\/nyala.info\/de\/angebote\/kurzurlaub\/frauentag-in-san-remo-italien\/"]}]},{"@type":"ImageObject","inLanguage":"de-DE","@id":"https:\/\/nyala.info\/de\/angebote\/kurzurlaub\/frauentag-in-san-remo-italien\/#primaryimage","url":"https:\/\/nyala.info\/wp-content\/uploads\/2017\/04\/8marzo.jpg","contentUrl":"https:\/\/nyala.info\/wp-content\/uploads\/2017\/04\/8marzo.jpg","width":400,"height":240},{"@type":"BreadcrumbList","@id":"https:\/\/nyala.info\/de\/angebote\/kurzurlaub\/frauentag-in-san-remo-italien\/#breadcrumb","itemListElement":[{"@type":"ListItem","position":1,"name":"Home","item":"https:\/\/nyala.info\/de\/"},{"@type":"ListItem","position":2,"name":"ANGEBOTE","item":"https:\/\/nyala.info\/de\/angebote\/"},{"@type":"ListItem","position":3,"name":"Wochenende in San Remo","item":"https:\/\/nyala.info\/de\/angebote\/kurzurlaub\/"},{"@type":"ListItem","position":4,"name":"Frauentag in San Remo, Italien"}]},{"@type":"WebSite","@id":"https:\/\/nyala.info\/de\/#website","url":"https:\/\/nyala.info\/de\/","name":"Nyala Suite Hotel","description":"4-Sterne-Hotel in San Remo","potentialAction":[{"@type":"SearchAction","target":{"@type":"EntryPoint","urlTemplate":"https:\/\/nyala.info\/de\/?s={search_term_string}"},"query-input":{"@type":"PropertyValueSpecification","valueRequired":true,"valueName":"search_term_string"}}],"inLanguage":"de-DE"}]}},"_links":{"self":[{"href":"https:\/\/nyala.info\/de\/wp-json\/wp\/v2\/pages\/4941"}],"collection":[{"href":"https:\/\/nyala.info\/de\/wp-json\/wp\/v2\/pages"}],"about":[{"href":"https:\/\/nyala.info\/de\/wp-json\/wp\/v2\/types\/page"}],"author":[{"embeddable":true,"href":"https:\/\/nyala.info\/de\/wp-json\/wp\/v2\/users\/3"}],"replies":[{"embeddable":true,"href":"https:\/\/nyala.info\/de\/wp-json\/wp\/v2\/comments?post=4941"}],"version-history":[{"count":4,"href":"https:\/\/nyala.info\/de\/wp-json\/wp\/v2\/pages\/4941\/revisions"}],"predecessor-version":[{"id":7414,"href":"https:\/\/nyala.info\/de\/wp-json\/wp\/v2\/pages\/4941\/revisions\/7414"}],"up":[{"embeddable":true,"href":"https:\/\/nyala.info\/de\/wp-json\/wp\/v2\/pages\/5003"}],"wp:featuredmedia":[{"embeddable":true,"href":"https:\/\/nyala.info\/de\/wp-json\/wp\/v2\/media\/4515"}],"wp:attachment":[{"href":"https:\/\/nyala.info\/de\/wp-json\/wp\/v2\/media?parent=4941"}],"curies":[{"name":"wp","href":"https:\/\/api.w.org\/{rel}","templated":true}]}}