{"id":4758,"date":"2017-05-24T12:39:50","date_gmt":"2017-05-24T10:39:50","guid":{"rendered":"http:\/\/www.nyalahotel.biz\/?page_id=4758\/"},"modified":"2017-06-21T15:04:35","modified_gmt":"2017-06-21T13:04:35","slug":"radurlaub","status":"publish","type":"page","link":"https:\/\/nyala.info\/de\/angebote\/sportlich\/radurlaub\/","title":{"rendered":"Radurlaub"},"content":{"rendered":"<h2 style=\"text-align: center;\">Radfahren in\u00a0San Remo und in Liguria<\/h2>\n<p style=\"text-align: center;\">Das Nyala Suite Hotel, welches auch als Bike Hotel betrachtet wird, hat den Vorzug, dass es einen ad hoc-<strong>Service f\u00fcr Radfahrer und Radtouristen<\/strong>\u00a0bietet. Zus\u00e4tzlich bietet die ligurische Riviera eine abwechslungsreiche Landschaft, die hervorragend f\u00fcr diese Sportart geeignet ist.<\/p>\n<p style=\"text-align: center;\">Wir k\u00f6nnen das beste Angebot f\u00fcr Ihren Aufenthalt w\u00e4hlen f\u00fcr sowohl Radfahren, als auch f\u00fcr jede andere Arten von <strong>Sportereignissen<\/strong>. Wir m\u00f6chten Sie zudem dazu einladen, sich unsere individuell angepassten\u00a0<strong>Urlaubspakete<\/strong>\u00a0zu Nutzen zu machen.<\/p>\n","protected":false},"excerpt":{"rendered":"<p>Radfahren in\u00a0San Remo und in Liguria Das Nyala Suite Hotel, welches auch als Bike Hotel betrachtet wird, hat den Vorzug, dass es einen ad hoc-Service f\u00fcr Radfahrer und Radtouristen\u00a0bietet. Zus\u00e4tzlich bietet die ligurische Riviera eine abwechslungsreiche Landschaft, die hervorragend f\u00fcr diese Sportart geeignet ist. Wir k\u00f6nnen das beste Angebot f\u00fcr Ihren Aufenthalt w\u00e4hlen f\u00fcr sowohl [&hellip;]<\/p>\n","protected":false},"author":3,"featured_media":1141,"parent":4983,"menu_order":0,"comment_status":"open","ping_status":"closed","template":"page_territory.php","meta":{"_acf_changed":false,"footnotes":""},"class_list":["post-4758","page","type-page","status-publish","has-post-thumbnail","hentry"],"acf":[],"yoast_head":"<!-- This site is optimized with the Yoast SEO plugin v25.6 - https:\/\/yoast.com\/wordpress\/plugins\/seo\/ -->\n<title>Radurlaub | Nyala Suite Hotel 4-Sterne-Hotel in San Remo<\/title>\n<meta name=\"robots\" content=\"noindex, follow, max-snippet:-1, max-image-preview:large, max-video-preview:-1\" \/>\n<meta property=\"og:locale\" content=\"de_DE\" \/>\n<meta property=\"og:type\" content=\"article\" \/>\n<meta property=\"og:title\" content=\"Radurlaub | Nyala Suite Hotel 4-Sterne-Hotel in San Remo\" \/>\n<meta property=\"og:description\" content=\"Radfahren in\u00a0San Remo und in Liguria Das Nyala Suite Hotel, welches auch als Bike Hotel betrachtet wird, hat den Vorzug, dass es einen ad hoc-Service f\u00fcr Radfahrer und Radtouristen\u00a0bietet. Zus\u00e4tzlich bietet die ligurische Riviera eine abwechslungsreiche Landschaft, die hervorragend f\u00fcr diese Sportart geeignet ist. Wir k\u00f6nnen das beste Angebot f\u00fcr Ihren Aufenthalt w\u00e4hlen f\u00fcr sowohl [&hellip;]\" \/>\n<meta property=\"og:url\" content=\"https:\/\/nyala.info\/de\/angebote\/sportlich\/radurlaub\/\" \/>\n<meta property=\"og:site_name\" content=\"Nyala Suite Hotel\" \/>\n<meta property=\"article:modified_time\" content=\"2017-06-21T13:04:35+00:00\" \/>\n<meta property=\"og:image\" content=\"https:\/\/nyala.info\/wp-content\/uploads\/2015\/04\/serviziciclisti.jpg\" \/>\n\t<meta property=\"og:image:width\" content=\"1620\" \/>\n\t<meta property=\"og:image:height\" content=\"1080\" \/>\n\t<meta property=\"og:image:type\" content=\"image\/jpeg\" \/>\n<meta name=\"twitter:card\" content=\"summary_large_image\" \/>\n<script type=\"application\/ld+json\" class=\"yoast-schema-graph\">{\"@context\":\"https:\/\/schema.org\",\"@graph\":[{\"@type\":\"WebPage\",\"@id\":\"https:\/\/nyala.info\/de\/angebote\/sportlich\/radurlaub\/\",\"url\":\"https:\/\/nyala.info\/de\/angebote\/sportlich\/radurlaub\/\",\"name\":\"Radurlaub | Nyala Suite Hotel 4-Sterne-Hotel in San Remo\",\"isPartOf\":{\"@id\":\"https:\/\/nyala.info\/de\/#website\"},\"primaryImageOfPage\":{\"@id\":\"https:\/\/nyala.info\/de\/angebote\/sportlich\/radurlaub\/#primaryimage\"},\"image\":{\"@id\":\"https:\/\/nyala.info\/de\/angebote\/sportlich\/radurlaub\/#primaryimage\"},\"thumbnailUrl\":\"https:\/\/nyala.info\/wp-content\/uploads\/2015\/04\/serviziciclisti.jpg\",\"datePublished\":\"2017-05-24T10:39:50+00:00\",\"dateModified\":\"2017-06-21T13:04:35+00:00\",\"breadcrumb\":{\"@id\":\"https:\/\/nyala.info\/de\/angebote\/sportlich\/radurlaub\/#breadcrumb\"},\"inLanguage\":\"de-DE\",\"potentialAction\":[{\"@type\":\"ReadAction\",\"target\":[\"https:\/\/nyala.info\/de\/angebote\/sportlich\/radurlaub\/\"]}]},{\"@type\":\"ImageObject\",\"inLanguage\":\"de-DE\",\"@id\":\"https:\/\/nyala.info\/de\/angebote\/sportlich\/radurlaub\/#primaryimage\",\"url\":\"https:\/\/nyala.info\/wp-content\/uploads\/2015\/04\/serviziciclisti.jpg\",\"contentUrl\":\"https:\/\/nyala.info\/wp-content\/uploads\/2015\/04\/serviziciclisti.jpg\",\"width\":1620,\"height\":1080,\"caption\":\"servizi ciclisti, F\u00fcr Fahrradfahrer, \u0423\u0441\u043b\u0443\u0433\u0438 \u0434\u043b\u044f \u043b\u044e\u0431\u0438\u0442\u0435\u043b\u0435\u0439 \u0432\u0435\u043b\u043e\u0441\u043f\u043e\u0440\u0442\u0430\"},{\"@type\":\"BreadcrumbList\",\"@id\":\"https:\/\/nyala.info\/de\/angebote\/sportlich\/radurlaub\/#breadcrumb\",\"itemListElement\":[{\"@type\":\"ListItem\",\"position\":1,\"name\":\"Home\",\"item\":\"https:\/\/nyala.info\/de\/\"},{\"@type\":\"ListItem\",\"position\":2,\"name\":\"ANGEBOTE\",\"item\":\"https:\/\/nyala.info\/de\/angebote\/\"},{\"@type\":\"ListItem\",\"position\":3,\"name\":\"Sportlich\",\"item\":\"https:\/\/nyala.info\/de\/angebote\/sportlich\/\"},{\"@type\":\"ListItem\",\"position\":4,\"name\":\"Radurlaub\"}]},{\"@type\":\"WebSite\",\"@id\":\"https:\/\/nyala.info\/de\/#website\",\"url\":\"https:\/\/nyala.info\/de\/\",\"name\":\"Nyala Suite Hotel\",\"description\":\"4-Sterne-Hotel in San Remo\",\"potentialAction\":[{\"@type\":\"SearchAction\",\"target\":{\"@type\":\"EntryPoint\",\"urlTemplate\":\"https:\/\/nyala.info\/de\/?s={search_term_string}\"},\"query-input\":{\"@type\":\"PropertyValueSpecification\",\"valueRequired\":true,\"valueName\":\"search_term_string\"}}],\"inLanguage\":\"de-DE\"}]}<\/script>\n<!-- \/ Yoast SEO plugin. -->","yoast_head_json":{"title":"Radurlaub | Nyala Suite Hotel 4-Sterne-Hotel in San Remo","robots":{"index":"noindex","follow":"follow","max-snippet":"max-snippet:-1","max-image-preview":"max-image-preview:large","max-video-preview":"max-video-preview:-1"},"og_locale":"de_DE","og_type":"article","og_title":"Radurlaub | Nyala Suite Hotel 4-Sterne-Hotel in San Remo","og_description":"Radfahren in\u00a0San Remo und in Liguria Das Nyala Suite Hotel, welches auch als Bike Hotel betrachtet wird, hat den Vorzug, dass es einen ad hoc-Service f\u00fcr Radfahrer und Radtouristen\u00a0bietet. Zus\u00e4tzlich bietet die ligurische Riviera eine abwechslungsreiche Landschaft, die hervorragend f\u00fcr diese Sportart geeignet ist. Wir k\u00f6nnen das beste Angebot f\u00fcr Ihren Aufenthalt w\u00e4hlen f\u00fcr sowohl [&hellip;]","og_url":"https:\/\/nyala.info\/de\/angebote\/sportlich\/radurlaub\/","og_site_name":"Nyala Suite Hotel","article_modified_time":"2017-06-21T13:04:35+00:00","og_image":[{"width":1620,"height":1080,"url":"https:\/\/nyala.info\/wp-content\/uploads\/2015\/04\/serviziciclisti.jpg","type":"image\/jpeg"}],"twitter_card":"summary_large_image","schema":{"@context":"https:\/\/schema.org","@graph":[{"@type":"WebPage","@id":"https:\/\/nyala.info\/de\/angebote\/sportlich\/radurlaub\/","url":"https:\/\/nyala.info\/de\/angebote\/sportlich\/radurlaub\/","name":"Radurlaub | Nyala Suite Hotel 4-Sterne-Hotel in San Remo","isPartOf":{"@id":"https:\/\/nyala.info\/de\/#website"},"primaryImageOfPage":{"@id":"https:\/\/nyala.info\/de\/angebote\/sportlich\/radurlaub\/#primaryimage"},"image":{"@id":"https:\/\/nyala.info\/de\/angebote\/sportlich\/radurlaub\/#primaryimage"},"thumbnailUrl":"https:\/\/nyala.info\/wp-content\/uploads\/2015\/04\/serviziciclisti.jpg","datePublished":"2017-05-24T10:39:50+00:00","dateModified":"2017-06-21T13:04:35+00:00","breadcrumb":{"@id":"https:\/\/nyala.info\/de\/angebote\/sportlich\/radurlaub\/#breadcrumb"},"inLanguage":"de-DE","potentialAction":[{"@type":"ReadAction","target":["https:\/\/nyala.info\/de\/angebote\/sportlich\/radurlaub\/"]}]},{"@type":"ImageObject","inLanguage":"de-DE","@id":"https:\/\/nyala.info\/de\/angebote\/sportlich\/radurlaub\/#primaryimage","url":"https:\/\/nyala.info\/wp-content\/uploads\/2015\/04\/serviziciclisti.jpg","contentUrl":"https:\/\/nyala.info\/wp-content\/uploads\/2015\/04\/serviziciclisti.jpg","width":1620,"height":1080,"caption":"servizi ciclisti, F\u00fcr Fahrradfahrer, \u0423\u0441\u043b\u0443\u0433\u0438 \u0434\u043b\u044f \u043b\u044e\u0431\u0438\u0442\u0435\u043b\u0435\u0439 \u0432\u0435\u043b\u043e\u0441\u043f\u043e\u0440\u0442\u0430"},{"@type":"BreadcrumbList","@id":"https:\/\/nyala.info\/de\/angebote\/sportlich\/radurlaub\/#breadcrumb","itemListElement":[{"@type":"ListItem","position":1,"name":"Home","item":"https:\/\/nyala.info\/de\/"},{"@type":"ListItem","position":2,"name":"ANGEBOTE","item":"https:\/\/nyala.info\/de\/angebote\/"},{"@type":"ListItem","position":3,"name":"Sportlich","item":"https:\/\/nyala.info\/de\/angebote\/sportlich\/"},{"@type":"ListItem","position":4,"name":"Radurlaub"}]},{"@type":"WebSite","@id":"https:\/\/nyala.info\/de\/#website","url":"https:\/\/nyala.info\/de\/","name":"Nyala Suite Hotel","description":"4-Sterne-Hotel in San Remo","potentialAction":[{"@type":"SearchAction","target":{"@type":"EntryPoint","urlTemplate":"https:\/\/nyala.info\/de\/?s={search_term_string}"},"query-input":{"@type":"PropertyValueSpecification","valueRequired":true,"valueName":"search_term_string"}}],"inLanguage":"de-DE"}]}},"_links":{"self":[{"href":"https:\/\/nyala.info\/de\/wp-json\/wp\/v2\/pages\/4758"}],"collection":[{"href":"https:\/\/nyala.info\/de\/wp-json\/wp\/v2\/pages"}],"about":[{"href":"https:\/\/nyala.info\/de\/wp-json\/wp\/v2\/types\/page"}],"author":[{"embeddable":true,"href":"https:\/\/nyala.info\/de\/wp-json\/wp\/v2\/users\/3"}],"replies":[{"embeddable":true,"href":"https:\/\/nyala.info\/de\/wp-json\/wp\/v2\/comments?post=4758"}],"version-history":[{"count":3,"href":"https:\/\/nyala.info\/de\/wp-json\/wp\/v2\/pages\/4758\/revisions"}],"predecessor-version":[{"id":5131,"href":"https:\/\/nyala.info\/de\/wp-json\/wp\/v2\/pages\/4758\/revisions\/5131"}],"up":[{"embeddable":true,"href":"https:\/\/nyala.info\/de\/wp-json\/wp\/v2\/pages\/4983"}],"wp:featuredmedia":[{"embeddable":true,"href":"https:\/\/nyala.info\/de\/wp-json\/wp\/v2\/media\/1141"}],"wp:attachment":[{"href":"https:\/\/nyala.info\/de\/wp-json\/wp\/v2\/media?parent=4758"}],"curies":[{"name":"wp","href":"https:\/\/api.w.org\/{rel}","templated":true}]}}