{"id":3827,"date":"2017-03-10T17:00:43","date_gmt":"2017-03-10T16:00:43","guid":{"rendered":"http:\/\/www.nyalahotel.biz\/?page_id=3827\/"},"modified":"2017-09-28T19:38:43","modified_gmt":"2017-09-28T17:38:43","slug":"angebote","status":"publish","type":"page","link":"https:\/\/nyala.info\/de\/angebote\/","title":{"rendered":"ANGEBOTE"},"content":{"rendered":"<h2 style=\"text-align: center;\">Entdecken Sie unsere speziellen Angebote und Services f\u00fcr Ihren n\u00e4chsten Urlaub in San Remo!<\/h2>\n<p style=\"text-align: center;\"><div class=\"col-md-12\"><div class=\"de_divider div-single\"><span><\/span><\/div><\/div><\/p>\n<h2 style=\"text-align: center;\">Sagen Sie mir, welche Art von Reisender Sie sind, und ich verrate Ihnen, welche Art von Urlaub Sie haben werden!<\/h2>\n<p style=\"text-align: justify;\"><div class=\"col-md-4\"><div class=\"featured\"><h4 class=\"f_title\">Paar<\/h4><img loading=\"lazy\" decoding=\"async\" class=\"aligncenter size-full wp-image-4520\" src=\"http:\/\/www.nyalahotel.com\/wp-content\/uploads\/2017\/04\/vacanza-coppia-sanremo.jpg\" alt=\"vacanze a sanremo pacchetto per coppie\" width=\"350\" height=\"300\" srcset=\"https:\/\/nyala.info\/wp-content\/uploads\/2017\/04\/vacanza-coppia-sanremo.jpg 350w, https:\/\/nyala.info\/wp-content\/uploads\/2017\/04\/vacanza-coppia-sanremo-300x257.jpg 300w, https:\/\/nyala.info\/wp-content\/uploads\/2017\/04\/vacanza-coppia-sanremo-1x1.jpg 1w\" sizes=\"(max-width: 350px) 100vw, 350px\" \/><div>Ob es Ihre Flitterwochen, Ihr Jahrestag oder einfach der Wunsch Ihren Urlaub an der Blumen-Riviera zu genie\u00dfen ist, es ist sch\u00f6n jeden Anlass in der entspannenden Atmosph\u00e4re des Nyala Suite Hotel zu feiern.<\/p>\n<p style=\"text-align: center;\"><a href=\"http:\/\/www.nyalahotel.com\/de\/angebote\/paare\/\" class=\"btn btn-success default\" target=\"blank\">Angebote ansehen<\/a><\/div><\/div><\/div>\n<p style=\"text-align: justify;\"><div class=\"col-md-4\"><div class=\"featured\"><h4 class=\"f_title\">Familie<\/h4><img loading=\"lazy\" decoding=\"async\" class=\"aligncenter size-full wp-image-4523\" src=\"http:\/\/www.nyalahotel.com\/wp-content\/uploads\/2017\/04\/vacanze-famiglia-sanremo.jpg\" alt=\"vacanze famiglia sanremo\" width=\"350\" height=\"300\" srcset=\"https:\/\/nyala.info\/wp-content\/uploads\/2017\/04\/vacanze-famiglia-sanremo.jpg 350w, https:\/\/nyala.info\/wp-content\/uploads\/2017\/04\/vacanze-famiglia-sanremo-300x257.jpg 300w, https:\/\/nyala.info\/wp-content\/uploads\/2017\/04\/vacanze-famiglia-sanremo-1x1.jpg 1w\" sizes=\"(max-width: 350px) 100vw, 350px\" \/><div> In San Remo gibt es optimale Orte f\u00fcr einen Urlaub mit den Kindern und f\u00fcr die Kinder<br \/>\nin einem Familien-Hotel, das sich ihre W\u00fcnsche zu Herzen nimmt, aber nicht vergisst die Erwachsenen zu verw\u00f6hnen.<\/p>\n<p style=\"text-align: center;\"><a href=\"http:\/\/www.nyalahotel.com\/de\/angebote\/familien\/\" class=\"btn btn-success default\" target=\"blank\">Angebote ansehen<\/a><\/div><\/div><\/div>\n<p style=\"text-align: justify;\"><div class=\"col-md-4\"><div class=\"featured\"><h4 class=\"f_title\">Senioren<\/h4><img loading=\"lazy\" decoding=\"async\" class=\"aligncenter size-full wp-image-4524\" src=\"http:\/\/www.nyalahotel.com\/wp-content\/uploads\/2017\/04\/vacanze-senior-liguria-sanremo.jpg\" alt=\"vacanze senior liguria sanremo\" width=\"350\" height=\"300\" srcset=\"https:\/\/nyala.info\/wp-content\/uploads\/2017\/04\/vacanze-senior-liguria-sanremo.jpg 350w, https:\/\/nyala.info\/wp-content\/uploads\/2017\/04\/vacanze-senior-liguria-sanremo-300x257.jpg 300w, https:\/\/nyala.info\/wp-content\/uploads\/2017\/04\/vacanze-senior-liguria-sanremo-1x1.jpg 1w\" sizes=\"(max-width: 350px) 100vw, 350px\" \/><div>Buchen Sie Ihren Aufenthalt in San Remo in unserem 4 Sterne-Hotel und verbringen Sie einen wundervollen Urlaub w\u00e4hrend Sie das milde Klima der Blumenriviera genie\u00dfen!<\/p>\n<p>&nbsp;<\/p>\n<p style=\"text-align: center;\"><a href=\"http:\/\/www.nyalahotel.com\/de\/senior\/\" class=\"btn btn-success default\" target=\"blank\">Angebote ansehen<\/a><\/div><\/div><\/div>\n<p style=\"text-align: center;\"><div class=\"col-md-12\"><div class=\"de_divider div-single\"><span><\/span><\/div><\/div><\/p>\n<h2 style=\"text-align: center;\">Momente der totalen Entspannung<\/h2>\n<div class=\"col-md-6\"><img loading=\"lazy\" decoding=\"async\" class=\"alignright size-full wp-image-4698\" src=\"http:\/\/www.nyalahotel.com\/wp-content\/uploads\/2017\/04\/happy-weekend-nyala-suite-hotel-sanremo.png\" alt=\"happy weekend nyala suite hotel sanremo\" width=\"236\" height=\"276\" srcset=\"https:\/\/nyala.info\/wp-content\/uploads\/2017\/04\/happy-weekend-nyala-suite-hotel-sanremo.png 236w, https:\/\/nyala.info\/wp-content\/uploads\/2017\/04\/happy-weekend-nyala-suite-hotel-sanremo-1x1.png 1w\" sizes=\"(max-width: 236px) 100vw, 236px\" \/><\/div>\n<div class=\"col-md-6\">\n<p style=\"font-size: 16px; text-align: left;\">Klinken Sie sich aus, gelangen Sie zu unserem Hotel an der Blumenriviera.<\/p>\n<p style=\"font-size: 16px; text-align: left;\">Wandeln Sie Ihr Wochenende in eine Gelegenheit f\u00fcr Freizeit um, sodass Sie wieder<br \/>\nenergiegeladen starten k\u00f6nnen!<\/p>\n<p style=\"font-size: 16px; text-align: left;\">Finden Sie Ihre bevorzugtes Paket<br \/>\nin unserer speziellen Themenwelt.<\/p>\n<p>&nbsp;<\/p>\n<p style=\"text-align: left;\"><a href=\"http:\/\/www.nyalahotel.com\/de\/angebote\/kurzurlaub\/\" class=\"btn btn-warning default\" target=\"blank\">Angebote ansehen<\/a><\/p>\n<\/div>\n<div class=\"col-md-12\"><div class=\"de_divider div-single\"><span><\/span><\/div><\/div>\n<h2 style=\"text-align: center;\">&nbsp;<\/h2>\n<h2 style=\"text-align: center;\">Wann wollen Sie San Remo besuchen?<\/h2>\n<p><img loading=\"lazy\" decoding=\"async\" class=\"aligncenter size-full wp-image-4596\" src=\"http:\/\/www.nyalahotel.com\/wp-content\/uploads\/2017\/04\/pacchetti-vacanze-sanremo.jpg\" alt=\"pacchetti vacanze sanremo\" width=\"920\" height=\"350\" srcset=\"https:\/\/nyala.info\/wp-content\/uploads\/2017\/04\/pacchetti-vacanze-sanremo.jpg 920w, https:\/\/nyala.info\/wp-content\/uploads\/2017\/04\/pacchetti-vacanze-sanremo-300x114.jpg 300w, https:\/\/nyala.info\/wp-content\/uploads\/2017\/04\/pacchetti-vacanze-sanremo-768x292.jpg 768w, https:\/\/nyala.info\/wp-content\/uploads\/2017\/04\/pacchetti-vacanze-sanremo-3x1.jpg 3w\" sizes=\"(max-width: 920px) 100vw, 920px\" \/><\/p>\n<p style=\"text-align: center;\">Feiern Sie Weihnachten, Ostern oder die Sommerferien an der Blumenriviera.<br \/>\nEntfliehen Sie dem Alltag f\u00fcr ein langes Wochenende, eine kurze Auszeit oder einen langen Urlaub.<br \/>\nSuchen Sie aus unseren vielen Urlaubspaketen die Variante, die Sie bevorzugen.<\/p>\n<p style=\"text-align: center;\"><a href=\"http:\/\/www.nyalahotel.com\/de\/angebote\/urlaub\/\" class=\"btn btn-warning btn-lg\" target=\"blank\">Angebote ansehen<\/a><\/p>\n<p style=\"text-align: center;\"><div class=\"col-md-12\"><div class=\"de_divider div-single\"><span><\/span><\/div><\/div><\/p>\n<p>&nbsp;<\/p>\n<h2 style=\"text-align: center;\">Was wollen Sie in San Remo machen?<\/h2>\n<p style=\"text-align: center;\"><strong>Machen Sie Urlaub wenn die gro\u00dfen Riviera Veranstaltungen stattfinden<\/strong><\/p>\n<p style=\"text-align: center;\">Sie k\u00f6nnen sowohl Hotelpakete, als auch Zug\u00e4nge zu Ihren Lieblingsveranstaltungen bei uns buchen.<br \/>\nSehen Sie sich unsere Angebote und individuell angepasste Pakete f\u00fcr bedeutende Anl\u00e4sse an.<\/p>\n<p style=\"text-align: center;\"><img loading=\"lazy\" decoding=\"async\" class=\"aligncenter size-full wp-image-4506\" src=\"http:\/\/www.nyalahotel.com\/wp-content\/uploads\/2017\/04\/grandi-eventi-liguria.png\" alt=\"book the great riviera events package\" width=\"800\" height=\"241\" srcset=\"https:\/\/nyala.info\/wp-content\/uploads\/2017\/04\/grandi-eventi-liguria.png 800w, https:\/\/nyala.info\/wp-content\/uploads\/2017\/04\/grandi-eventi-liguria-300x90.png 300w, https:\/\/nyala.info\/wp-content\/uploads\/2017\/04\/grandi-eventi-liguria-768x231.png 768w, https:\/\/nyala.info\/wp-content\/uploads\/2017\/04\/grandi-eventi-liguria-3x1.png 3w\" sizes=\"(max-width: 800px) 100vw, 800px\" \/><\/p>\n<p style=\"text-align: center;\"><a href=\"http:\/\/www.nyalahotel.com\/de\/angebote\/grossen-events\/\" class=\"btn btn-warning btn-lg\" target=\"blank\">Angebote ansehen<\/a><\/p>\n<p style=\"text-align: center;\"><div class=\"col-md-12\"><div class=\"de_divider div-single\"><span><\/span><\/div><\/div><\/p>\n<h2 style=\"text-align: center;\">Sport an der Riviera<\/h2>\n<p style=\"text-align: center;\"><strong>Von Trekking bis Segeln, bis hin zu Fahrradtouren auf dem Fu\u00dfg\u00e4nger- und Radweg des K\u00fcstenparks an der Blumenriviera<\/strong><\/p>\n<p style=\"text-align: center;\">Das milde Klima der Riviera erlaubt es unseren G\u00e4sten ihre Lieblingssportarten \u00fcber das ganze Jahr unter freiem Himmel zu betreiben,<br \/>\nw\u00e4hrend Sie zur selben Zeit eine Vielzahl von hochqualitativen Anlagen nutzen k\u00f6nnen, ganz zu schweigen von der unvergleichbaren Naturkulisse.<\/p>\n<p><img loading=\"lazy\" decoding=\"async\" class=\"aligncenter size-full wp-image-4544\" src=\"http:\/\/www.nyalahotel.com\/wp-content\/uploads\/2017\/04\/coppia-trekking-liguria-sanremo.jpg\" alt=\"coppia trekking liguria sanremo\" width=\"800\" height=\"240\" srcset=\"https:\/\/nyala.info\/wp-content\/uploads\/2017\/04\/coppia-trekking-liguria-sanremo.jpg 800w, https:\/\/nyala.info\/wp-content\/uploads\/2017\/04\/coppia-trekking-liguria-sanremo-300x90.jpg 300w, https:\/\/nyala.info\/wp-content\/uploads\/2017\/04\/coppia-trekking-liguria-sanremo-768x230.jpg 768w, https:\/\/nyala.info\/wp-content\/uploads\/2017\/04\/coppia-trekking-liguria-sanremo-3x1.jpg 3w\" sizes=\"(max-width: 800px) 100vw, 800px\" \/><\/p>\n<p style=\"text-align: center;\"><a href=\"http:\/\/www.nyalahotel.com\/de\/angebote\/sportlich\/\" class=\"btn btn-warning btn-lg\" target=\"blank\">Angebote ansehen<\/a><\/p>\n<p style=\"text-align: center;\"><div class=\"col-md-12\"><div class=\"de_divider div-single\"><span><\/span><\/div><\/div><\/p>\n<h2 style=\"text-align: center;\">Zimmer<\/h2>\n<p style=\"text-align: center;\"><strong>Unser Hotel bietet 36 Junior-Suiten und 40 traditionelle Zimmer mit Balkon oder Terrasse<\/strong><\/p>\n<p style=\"text-align: justify;\"><div class=\"col-md-6\">[huge_it_slider id=&#8221;13&#8243;]<\/div><div class=\"col-md-6\">\n<p>&nbsp;<\/p>\n<p style=\"font-size: 18px;\">Die bemerkenswerte Vielzahl der M\u00f6glichkeiten, die unser Hotel bietet, wird Sie das Programm finden lassen, das Ihren W\u00fcnschen entspricht.<\/p>\n<a href=\"http:\/\/www.nyalahotel.com\/de\/zimmer\/\" class=\"btn btn-success default\" target=\"blank\">Zimmer ansehen<\/a>\n<\/div>\n<p style=\"text-align: center;\"><div class=\"col-md-12\"><div class=\"de_divider div-single\"><span><\/span><\/div><\/div><\/p>\n<div class=\"col-md-4\">\n<p><strong>Tierfreundliches Hotel<\/strong><\/p>\n<p>Hunde und Katzen sind in unserem Hotel willkommen. Das Nyala Suite Hotel k\u00fcmmert sich w\u00e4hrend Ihres Aufenthaltes an der Riviera um Ihre Haustiere.<\/p>\n<p><a href=\"http:\/\/www.nyalahotel.com\/de\/angebote\/pet-hospitality\/\" class=\"btn btn-info btn-sm\" target=\"blank\">Mehr erfahren<\/a><\/div>\n<div class=\"col-md-4\"><strong>D.M.C.<\/strong><\/p>\n<p>Au\u00dfer dass wir R\u00e4ume in San Remo bieten, die f\u00fcr Ihre <a href=\"http:\/\/www.nyalahotel.com\/de\/konferenzen\/\" target=\"_blank\">Konferenzen <\/a> oder Gesch\u00e4ftstreffen ausger\u00fcstet sind,<br \/>\nk\u00f6nnen wir interessante Workshops und Aktivit\u00e4ten empfehlen, die Ihr komplettes Team einbeziehen.<\/p>\n<p><a href=\"http:\/\/www.nyalahotel.com\/de\/konferenzen\/aktivitaeten-fuer-die-begleitung\/\" class=\"btn btn-info btn-sm\" target=\"blank\">Mehr erfahren<\/a><\/div>\n<div class=\"col-md-4\"><strong>Direkte Buchung<\/strong><\/p>\n<p>Wir k\u00f6nnen verschieden Arten von Angeboten f\u00fcr Einzelne, Gruppen und Reisevermittlungen vorschlagen. Sie k\u00f6nnen direkt \u00fcber unsere Plattform buchen und sparen.<\/p>\n<p><a href=\"http:\/\/www.nyalahotel.com\/de\/jetzt-buchen\/\" class=\"btn btn-info btn-sm\" target=\"blank\">Mehr erfahren<\/a><\/div>\n","protected":false},"excerpt":{"rendered":"<p>Entdecken Sie unsere speziellen Angebote und Services f\u00fcr Ihren n\u00e4chsten Urlaub in San Remo! Sagen Sie mir, welche Art von Reisender Sie sind, und ich verrate Ihnen, welche Art von Urlaub Sie haben werden! Momente der totalen Entspannung &nbsp; Wann wollen Sie San Remo besuchen? Feiern Sie Weihnachten, Ostern oder die Sommerferien an der Blumenriviera. [&hellip;]<\/p>\n","protected":false},"author":3,"featured_media":0,"parent":0,"menu_order":30,"comment_status":"open","ping_status":"open","template":"page_slider_extended.php","meta":{"_acf_changed":false,"footnotes":""},"class_list":["post-3827","page","type-page","status-publish","hentry"],"acf":[],"yoast_head":"<!-- This site is optimized with the Yoast SEO plugin v25.6 - https:\/\/yoast.com\/wordpress\/plugins\/seo\/ -->\n<title>ANGEBOTE | Nyala Suite Hotel 4-Sterne-Hotel in San Remo<\/title>\n<meta name=\"robots\" content=\"noindex, follow, max-snippet:-1, max-image-preview:large, max-video-preview:-1\" \/>\n<meta property=\"og:locale\" content=\"de_DE\" \/>\n<meta property=\"og:type\" content=\"article\" \/>\n<meta property=\"og:title\" content=\"ANGEBOTE | Nyala Suite Hotel 4-Sterne-Hotel in San Remo\" \/>\n<meta property=\"og:description\" content=\"Entdecken Sie unsere speziellen Angebote und Services f\u00fcr Ihren n\u00e4chsten Urlaub in San Remo! Sagen Sie mir, welche Art von Reisender Sie sind, und ich verrate Ihnen, welche Art von Urlaub Sie haben werden! Momente der totalen Entspannung &nbsp; Wann wollen Sie San Remo besuchen? Feiern Sie Weihnachten, Ostern oder die Sommerferien an der Blumenriviera. [&hellip;]\" \/>\n<meta property=\"og:url\" content=\"https:\/\/nyala.info\/de\/angebote\/\" \/>\n<meta property=\"og:site_name\" content=\"Nyala Suite Hotel\" \/>\n<meta property=\"article:modified_time\" content=\"2017-09-28T17:38:43+00:00\" \/>\n<meta property=\"og:image\" content=\"http:\/\/www.nyalahotel.com\/wp-content\/uploads\/2017\/04\/vacanza-coppia-sanremo.jpg\" \/>\n<meta name=\"twitter:card\" content=\"summary_large_image\" \/>\n<meta name=\"twitter:label1\" content=\"Est. reading time\" \/>\n\t<meta name=\"twitter:data1\" content=\"4 minutes\" \/>\n<script type=\"application\/ld+json\" class=\"yoast-schema-graph\">{\"@context\":\"https:\/\/schema.org\",\"@graph\":[{\"@type\":\"WebPage\",\"@id\":\"https:\/\/nyala.info\/de\/angebote\/\",\"url\":\"https:\/\/nyala.info\/de\/angebote\/\",\"name\":\"ANGEBOTE | Nyala Suite Hotel 4-Sterne-Hotel in San Remo\",\"isPartOf\":{\"@id\":\"https:\/\/nyala.info\/de\/#website\"},\"primaryImageOfPage\":{\"@id\":\"https:\/\/nyala.info\/de\/angebote\/#primaryimage\"},\"image\":{\"@id\":\"https:\/\/nyala.info\/de\/angebote\/#primaryimage\"},\"thumbnailUrl\":\"http:\/\/www.nyalahotel.com\/wp-content\/uploads\/2017\/04\/vacanza-coppia-sanremo.jpg\",\"datePublished\":\"2017-03-10T16:00:43+00:00\",\"dateModified\":\"2017-09-28T17:38:43+00:00\",\"breadcrumb\":{\"@id\":\"https:\/\/nyala.info\/de\/angebote\/#breadcrumb\"},\"inLanguage\":\"de-DE\",\"potentialAction\":[{\"@type\":\"ReadAction\",\"target\":[\"https:\/\/nyala.info\/de\/angebote\/\"]}]},{\"@type\":\"ImageObject\",\"inLanguage\":\"de-DE\",\"@id\":\"https:\/\/nyala.info\/de\/angebote\/#primaryimage\",\"url\":\"http:\/\/www.nyalahotel.com\/wp-content\/uploads\/2017\/04\/vacanza-coppia-sanremo.jpg\",\"contentUrl\":\"http:\/\/www.nyalahotel.com\/wp-content\/uploads\/2017\/04\/vacanza-coppia-sanremo.jpg\"},{\"@type\":\"BreadcrumbList\",\"@id\":\"https:\/\/nyala.info\/de\/angebote\/#breadcrumb\",\"itemListElement\":[{\"@type\":\"ListItem\",\"position\":1,\"name\":\"Home\",\"item\":\"https:\/\/nyala.info\/de\/\"},{\"@type\":\"ListItem\",\"position\":2,\"name\":\"ANGEBOTE\"}]},{\"@type\":\"WebSite\",\"@id\":\"https:\/\/nyala.info\/de\/#website\",\"url\":\"https:\/\/nyala.info\/de\/\",\"name\":\"Nyala Suite Hotel\",\"description\":\"4-Sterne-Hotel in San Remo\",\"potentialAction\":[{\"@type\":\"SearchAction\",\"target\":{\"@type\":\"EntryPoint\",\"urlTemplate\":\"https:\/\/nyala.info\/de\/?s={search_term_string}\"},\"query-input\":{\"@type\":\"PropertyValueSpecification\",\"valueRequired\":true,\"valueName\":\"search_term_string\"}}],\"inLanguage\":\"de-DE\"}]}<\/script>\n<!-- \/ Yoast SEO plugin. -->","yoast_head_json":{"title":"ANGEBOTE | Nyala Suite Hotel 4-Sterne-Hotel in San Remo","robots":{"index":"noindex","follow":"follow","max-snippet":"max-snippet:-1","max-image-preview":"max-image-preview:large","max-video-preview":"max-video-preview:-1"},"og_locale":"de_DE","og_type":"article","og_title":"ANGEBOTE | Nyala Suite Hotel 4-Sterne-Hotel in San Remo","og_description":"Entdecken Sie unsere speziellen Angebote und Services f\u00fcr Ihren n\u00e4chsten Urlaub in San Remo! Sagen Sie mir, welche Art von Reisender Sie sind, und ich verrate Ihnen, welche Art von Urlaub Sie haben werden! Momente der totalen Entspannung &nbsp; Wann wollen Sie San Remo besuchen? Feiern Sie Weihnachten, Ostern oder die Sommerferien an der Blumenriviera. [&hellip;]","og_url":"https:\/\/nyala.info\/de\/angebote\/","og_site_name":"Nyala Suite Hotel","article_modified_time":"2017-09-28T17:38:43+00:00","og_image":[{"url":"http:\/\/www.nyalahotel.com\/wp-content\/uploads\/2017\/04\/vacanza-coppia-sanremo.jpg","type":"","width":"","height":""}],"twitter_card":"summary_large_image","twitter_misc":{"Est. reading time":"4 minutes"},"schema":{"@context":"https:\/\/schema.org","@graph":[{"@type":"WebPage","@id":"https:\/\/nyala.info\/de\/angebote\/","url":"https:\/\/nyala.info\/de\/angebote\/","name":"ANGEBOTE | Nyala Suite Hotel 4-Sterne-Hotel in San Remo","isPartOf":{"@id":"https:\/\/nyala.info\/de\/#website"},"primaryImageOfPage":{"@id":"https:\/\/nyala.info\/de\/angebote\/#primaryimage"},"image":{"@id":"https:\/\/nyala.info\/de\/angebote\/#primaryimage"},"thumbnailUrl":"http:\/\/www.nyalahotel.com\/wp-content\/uploads\/2017\/04\/vacanza-coppia-sanremo.jpg","datePublished":"2017-03-10T16:00:43+00:00","dateModified":"2017-09-28T17:38:43+00:00","breadcrumb":{"@id":"https:\/\/nyala.info\/de\/angebote\/#breadcrumb"},"inLanguage":"de-DE","potentialAction":[{"@type":"ReadAction","target":["https:\/\/nyala.info\/de\/angebote\/"]}]},{"@type":"ImageObject","inLanguage":"de-DE","@id":"https:\/\/nyala.info\/de\/angebote\/#primaryimage","url":"http:\/\/www.nyalahotel.com\/wp-content\/uploads\/2017\/04\/vacanza-coppia-sanremo.jpg","contentUrl":"http:\/\/www.nyalahotel.com\/wp-content\/uploads\/2017\/04\/vacanza-coppia-sanremo.jpg"},{"@type":"BreadcrumbList","@id":"https:\/\/nyala.info\/de\/angebote\/#breadcrumb","itemListElement":[{"@type":"ListItem","position":1,"name":"Home","item":"https:\/\/nyala.info\/de\/"},{"@type":"ListItem","position":2,"name":"ANGEBOTE"}]},{"@type":"WebSite","@id":"https:\/\/nyala.info\/de\/#website","url":"https:\/\/nyala.info\/de\/","name":"Nyala Suite Hotel","description":"4-Sterne-Hotel in San Remo","potentialAction":[{"@type":"SearchAction","target":{"@type":"EntryPoint","urlTemplate":"https:\/\/nyala.info\/de\/?s={search_term_string}"},"query-input":{"@type":"PropertyValueSpecification","valueRequired":true,"valueName":"search_term_string"}}],"inLanguage":"de-DE"}]}},"_links":{"self":[{"href":"https:\/\/nyala.info\/de\/wp-json\/wp\/v2\/pages\/3827"}],"collection":[{"href":"https:\/\/nyala.info\/de\/wp-json\/wp\/v2\/pages"}],"about":[{"href":"https:\/\/nyala.info\/de\/wp-json\/wp\/v2\/types\/page"}],"author":[{"embeddable":true,"href":"https:\/\/nyala.info\/de\/wp-json\/wp\/v2\/users\/3"}],"replies":[{"embeddable":true,"href":"https:\/\/nyala.info\/de\/wp-json\/wp\/v2\/comments?post=3827"}],"version-history":[{"count":11,"href":"https:\/\/nyala.info\/de\/wp-json\/wp\/v2\/pages\/3827\/revisions"}],"predecessor-version":[{"id":6179,"href":"https:\/\/nyala.info\/de\/wp-json\/wp\/v2\/pages\/3827\/revisions\/6179"}],"wp:attachment":[{"href":"https:\/\/nyala.info\/de\/wp-json\/wp\/v2\/media?parent=3827"}],"curies":[{"name":"wp","href":"https:\/\/api.w.org\/{rel}","templated":true}]}}