{"id":3664,"date":"2017-02-28T12:11:21","date_gmt":"2017-02-28T11:11:21","guid":{"rendered":"http:\/\/www.nyalahotel.biz\/?page_id=3664\/"},"modified":"2018-01-05T12:39:25","modified_gmt":"2018-01-05T11:39:25","slug":"gruppen","status":"publish","type":"page","link":"https:\/\/nyala.info\/de\/jetzt-buchen\/gruppen\/","title":{"rendered":"Gruppenbuchungen"},"content":{"rendered":"<h2>Bitte tragen Sie alle Einzelheiten ein, um ein Angebot f\u00fcr Ihre Gruppe zu erhalten.<\/h2>\n<p>In diesem Bereich k\u00f6nnen Sie Ihre Anfrage f\u00fcr eine Gruppenbuchung machen, die unser Reservierungsb\u00fcro mit gr\u00f6\u00dfter Sorgfalt bearbeiten wird.<\/p>\n<div class=\"col-md-8\"><\/p>\n<p>\n<div class=\"wpcf7 no-js\" id=\"wpcf7-f3634-o1\" lang=\"it-IT\" dir=\"ltr\" data-wpcf7-id=\"3634\">\n<div class=\"screen-reader-response\"><p role=\"status\" aria-live=\"polite\" aria-atomic=\"true\"><\/p> <ul><\/ul><\/div>\n<form action=\"\/de\/wp-json\/wp\/v2\/pages\/3664#wpcf7-f3634-o1\" method=\"post\" class=\"wpcf7-form init\" aria-label=\"Contact form\" novalidate=\"novalidate\" data-status=\"init\">\n<div style=\"display: none;\">\n<input type=\"hidden\" name=\"_wpcf7\" value=\"3634\" \/>\n<input type=\"hidden\" name=\"_wpcf7_version\" value=\"6.0.6\" \/>\n<input type=\"hidden\" name=\"_wpcf7_locale\" value=\"it_IT\" \/>\n<input type=\"hidden\" name=\"_wpcf7_unit_tag\" value=\"wpcf7-f3634-o1\" \/>\n<input type=\"hidden\" name=\"_wpcf7_container_post\" value=\"0\" \/>\n<input type=\"hidden\" name=\"_wpcf7_posted_data_hash\" value=\"\" \/>\n<input type=\"hidden\" name=\"_wpcf7_recaptcha_response\" value=\"\" \/>\n<\/div>\n<p><strong>PERS\u00d6NLICHE DATEN EINTRAGEN<\/strong>\n<\/p>\n<p>Vorname und Familienname (Pflichtfeld)<br \/>\n<span class=\"wpcf7-form-control-wrap\" data-name=\"your-name\"><input size=\"40\" maxlength=\"400\" class=\"wpcf7-form-control wpcf7-text wpcf7-validates-as-required\" aria-required=\"true\" aria-invalid=\"false\" value=\"\" type=\"text\" name=\"your-name\" \/><\/span>\n<\/p>\n<p>Agentur \/ Verein (Pflichtfeld)<br \/>\n<span class=\"wpcf7-form-control-wrap\" data-name=\"your-agency\"><input size=\"40\" maxlength=\"400\" class=\"wpcf7-form-control wpcf7-text wpcf7-validates-as-required\" aria-required=\"true\" aria-invalid=\"false\" value=\"\" type=\"text\" name=\"your-agency\" \/><\/span>\n<\/p>\n<p>Adresse (Pflichtfeld)<br \/>\n<span class=\"wpcf7-form-control-wrap\" data-name=\"your-address\"><input size=\"40\" maxlength=\"400\" class=\"wpcf7-form-control wpcf7-text wpcf7-validates-as-required\" aria-required=\"true\" aria-invalid=\"false\" value=\"\" type=\"text\" name=\"your-address\" \/><\/span>\n<\/p>\n<p>Urlaubsort\u00a0\u00a0(Pflichtfeld)<br \/>\n<span class=\"wpcf7-form-control-wrap\" data-name=\"your-city\"><input size=\"40\" maxlength=\"400\" class=\"wpcf7-form-control wpcf7-text wpcf7-validates-as-required\" aria-required=\"true\" aria-invalid=\"false\" value=\"\" type=\"text\" name=\"your-city\" \/><\/span>\n<\/p>\n<p>Postleitzahl (Pflichtfeld)<br \/>\n<span class=\"wpcf7-form-control-wrap\" data-name=\"your-postcode\"><input size=\"40\" maxlength=\"400\" class=\"wpcf7-form-control wpcf7-text wpcf7-validates-as-required\" aria-required=\"true\" aria-invalid=\"false\" value=\"\" type=\"text\" name=\"your-postcode\" \/><\/span>\n<\/p>\n<p>Nation (Pflichtfeld)<br \/>\n<span class=\"wpcf7-form-control-wrap\" data-name=\"your-country\"><input size=\"40\" maxlength=\"400\" class=\"wpcf7-form-control wpcf7-text wpcf7-validates-as-required\" aria-required=\"true\" aria-invalid=\"false\" value=\"\" type=\"text\" name=\"your-country\" \/><\/span>\n<\/p>\n<p>Email\u00a0(Pflichtfeld)<br \/>\n<span class=\"wpcf7-form-control-wrap\" data-name=\"your-email\"><input size=\"40\" maxlength=\"400\" class=\"wpcf7-form-control wpcf7-email wpcf7-validates-as-required wpcf7-text wpcf7-validates-as-email\" aria-required=\"true\" aria-invalid=\"false\" value=\"\" type=\"email\" name=\"your-email\" \/><\/span>\n<\/p>\n<p>Telefon \/ Mobil (Pflichtfeld)<br \/>\n<span class=\"wpcf7-form-control-wrap\" data-name=\"your-number\"><input size=\"40\" maxlength=\"400\" class=\"wpcf7-form-control wpcf7-text wpcf7-validates-as-required\" aria-required=\"true\" aria-invalid=\"false\" value=\"\" type=\"text\" name=\"your-number\" \/><\/span>\n<\/p>\n<p>&nbsp;\n<\/p>\n<p><strong>GRUPPENDATEN EINTRAGEN<\/strong>\n<\/p>\n<p>Ankunft (Pflichtfeld)<br \/>\n<span class=\"wpcf7-form-control-wrap date-arrival\"><input size=\"40\" class=\"wpcf7-form-control wpcf7-date wpcf7-validates-as-required\" type=\"text\" aria-required=\"true\" value=\"\" name=\"date-arrival\" \/> <\/span>\n<\/p>\n<p>Abfahrt (Pflichtfeld)<br \/>\n<span class=\"wpcf7-form-control-wrap date-departure\"><input size=\"40\" class=\"wpcf7-form-control wpcf7-date wpcf7-validates-as-required\" type=\"text\" aria-required=\"true\" value=\"\" name=\"date-departure\" \/> <\/span>\n<\/p>\n<p>Anzahl von Erwachsenen \u00fcber 16 (erforderlich)<br \/>\n<span class=\"wpcf7-form-control-wrap\" data-name=\"number-adults\"><input class=\"wpcf7-form-control wpcf7-number wpcf7-validates-as-required wpcf7-validates-as-number\" min=\"10\" max=\"500\" aria-required=\"true\" aria-invalid=\"false\" value=\"\" type=\"number\" name=\"number-adults\" \/><\/span>\n<\/p>\n<p>Anzahl der Kinder unter 15 (erforderlich)<br \/>\n<span class=\"wpcf7-form-control-wrap\" data-name=\"number-kids\"><input class=\"wpcf7-form-control wpcf7-number wpcf7-validates-as-number\" min=\"0\" max=\"20\" aria-invalid=\"false\" value=\"\" type=\"number\" name=\"number-kids\" \/><\/span>\n<\/p>\n<p>Anzahl der Kinder unter 6 (erforderlich)<br \/>\n<span class=\"wpcf7-form-control-wrap\" data-name=\"number-children\"><input class=\"wpcf7-form-control wpcf7-number wpcf7-validates-as-number\" min=\"0\" max=\"20\" aria-invalid=\"false\" value=\"\" type=\"number\" name=\"number-children\" \/><\/span>\n<\/p>\n<p>Essensplanung (ben\u00f6tigt)<br \/>\n[select* menu-mealplan multiple \" \"Bed &amp; Breakfast\" \"Halbpension\" \"Vollpension\"]\n<\/p>\n<p>Gruppenart (erforderlich)<br \/>\n<span class=\"wpcf7-form-control-wrap\" data-name=\"menu-type\"><select class=\"wpcf7-form-control wpcf7-select wpcf7-validates-as-required\" aria-required=\"true\" aria-invalid=\"false\" multiple=\"multiple\" name=\"menu-type[]\"><option value=\"erwachsene Reisende\">erwachsene Reisende<\/option><option value=\"Sch\u00fcler\">Sch\u00fcler<\/option><option value=\"Meeting\">Meeting<\/option><option value=\"Motivationsreisen\">Motivationsreisen<\/option><\/select><\/span>\n<\/p>\n<p>Notizen<br \/>\n<span class=\"wpcf7-form-control-wrap\" data-name=\"your-message\"><textarea cols=\"60\" rows=\"10\" maxlength=\"2000\" class=\"wpcf7-form-control wpcf7-textarea\" aria-invalid=\"false\" name=\"your-message\"><\/textarea><\/span>\n<\/p>\n<span class=\"wpcf7-form-control-wrap recaptcha\" data-name=\"recaptcha\"><span data-sitekey=\"6LckrcMUAAAAALGfM-fu_QqkFbrup26Om7DwFfBd\" class=\"wpcf7-form-control wpcf7-recaptcha g-recaptcha\"><\/span>\r\n<noscript>\r\n\t<div class=\"grecaptcha-noscript\">\r\n\t\t<iframe loading=\"lazy\" src=\"https:\/\/www.google.com\/recaptcha\/api\/fallback?k=6LckrcMUAAAAALGfM-fu_QqkFbrup26Om7DwFfBd\" frameborder=\"0\" scrolling=\"no\" width=\"310\" height=\"430\">\r\n\t\t<\/iframe>\r\n\t\t<textarea name=\"g-recaptcha-response\" rows=\"3\" cols=\"40\" placeholder=\"reCaptcha Response Here\">\r\n\t\t<\/textarea>\r\n\t<\/div>\r\n<\/noscript>\r\n<\/span>\n<p><span class=\"wpcf7-form-control-wrap\" data-name=\"acceptance-345\"><span class=\"wpcf7-form-control wpcf7-acceptance\"><span class=\"wpcf7-list-item\"><input type=\"checkbox\" name=\"acceptance-345\" value=\"1\" aria-invalid=\"false\" \/><\/span><\/span><\/span> Hiermit erkl\u00e4re ich, die <a href=\"http:\/\/www.nyalahotel.com\/de\/privacy-policy\/\" target=\"_blank\" rel=\"noopener\">Privacy Policy<\/a> des Nyala Suite Hotels gelesen und akteptiert zu haben.\n<\/p>\n<p><input class=\"wpcf7-form-control wpcf7-submit has-spinner\" type=\"submit\" value=\"Anfrage abschicken\" \/>\n<\/p><p style=\"display: none !important;\" class=\"akismet-fields-container\" data-prefix=\"_wpcf7_ak_\"><label>&#916;<textarea name=\"_wpcf7_ak_hp_textarea\" cols=\"45\" rows=\"8\" maxlength=\"100\"><\/textarea><\/label><input type=\"hidden\" id=\"ak_js_1\" name=\"_wpcf7_ak_js\" value=\"203\"\/><script>document.getElementById( \"ak_js_1\" ).setAttribute( \"value\", ( new Date() ).getTime() );<\/script><\/p><div class=\"wpcf7-response-output\" aria-hidden=\"true\"><\/div>\n<\/form>\n<\/div>\n<\/p>\n<p><\/div>\n<div class=\"col-md-4\">\n<p><a href=\"http:\/\/www.nyalahotel.com\/wp-content\/uploads\/2015\/04\/mail-e-telefono-300x300.jpg\"><img loading=\"lazy\" decoding=\"async\" class=\"alignnone wp-image-1251\" src=\"http:\/\/www.nyalahotel.com\/wp-content\/uploads\/2015\/04\/mail-e-telefono-300x300.jpg\" alt=\"mail-e-telefono-300x300\" width=\"193\" height=\"193\" srcset=\"https:\/\/nyala.info\/wp-content\/uploads\/2015\/04\/mail-e-telefono-300x300.jpg 300w, https:\/\/nyala.info\/wp-content\/uploads\/2015\/04\/mail-e-telefono-300x300-150x150.jpg 150w, https:\/\/nyala.info\/wp-content\/uploads\/2015\/04\/mail-e-telefono-300x300-1x1.jpg 1w, https:\/\/nyala.info\/wp-content\/uploads\/2015\/04\/mail-e-telefono-300x300-200x200.jpg 200w\" sizes=\"(max-width: 193px) 100vw, 193px\" \/><\/a><\/p>\n<p><strong>NYALA SUITE HOTEL<\/strong><br \/>\nvia Solaro 134<br \/>\n18038 Sanremo<br \/>\nItalien<br \/>\n<strong>Tel: +39 0184 667 668<\/strong><br \/>\nFax: +39 0184 666 059<br \/>\nE-Mail: info@nyalahotel.com<\/p>\n<\/div>\n<p>&nbsp;<\/p>\n","protected":false},"excerpt":{"rendered":"<p>Bitte tragen Sie alle Einzelheiten ein, um ein Angebot f\u00fcr Ihre Gruppe zu erhalten. In diesem Bereich k\u00f6nnen Sie Ihre Anfrage f\u00fcr eine Gruppenbuchung machen, die unser Reservierungsb\u00fcro mit gr\u00f6\u00dfter Sorgfalt bearbeiten wird. &nbsp;<\/p>\n","protected":false},"author":3,"featured_media":3105,"parent":3607,"menu_order":5,"comment_status":"closed","ping_status":"closed","template":"","meta":{"_acf_changed":false,"footnotes":""},"class_list":["post-3664","page","type-page","status-publish","has-post-thumbnail","hentry"],"acf":[],"yoast_head":"<!-- This site is optimized with the Yoast SEO plugin v25.6 - https:\/\/yoast.com\/wordpress\/plugins\/seo\/ -->\n<title>K\u00f6nnen Sie Ihre Anfrage f\u00fcr eine Gruppenbuchung machen<\/title>\n<meta name=\"description\" content=\"In diesem Bereich k\u00f6nnen Sie Ihre Anfrage f\u00fcr eine Gruppenbuchung machen, die unser Reservierungsb\u00fcro mit gr\u00f6\u00dfter Sorgfalt bearbeiten wird.\" \/>\n<meta name=\"robots\" content=\"noindex, follow, max-snippet:-1, max-image-preview:large, max-video-preview:-1\" \/>\n<meta property=\"og:locale\" content=\"de_DE\" \/>\n<meta property=\"og:type\" content=\"article\" \/>\n<meta property=\"og:title\" content=\"K\u00f6nnen Sie Ihre Anfrage f\u00fcr eine Gruppenbuchung machen\" \/>\n<meta property=\"og:description\" content=\"In diesem Bereich k\u00f6nnen Sie Ihre Anfrage f\u00fcr eine Gruppenbuchung machen, die unser Reservierungsb\u00fcro mit gr\u00f6\u00dfter Sorgfalt bearbeiten wird.\" \/>\n<meta property=\"og:url\" content=\"https:\/\/nyala.info\/de\/jetzt-buchen\/gruppen\/\" \/>\n<meta property=\"og:site_name\" content=\"Nyala Suite Hotel\" \/>\n<meta property=\"article:modified_time\" content=\"2018-01-05T11:39:25+00:00\" \/>\n<meta property=\"og:image\" content=\"https:\/\/nyala.info\/wp-content\/uploads\/2017\/02\/viaggi-gruppo-sanremo.jpg\" \/>\n\t<meta property=\"og:image:width\" content=\"418\" \/>\n\t<meta property=\"og:image:height\" content=\"288\" \/>\n\t<meta property=\"og:image:type\" content=\"image\/jpeg\" \/>\n<meta name=\"twitter:card\" content=\"summary_large_image\" \/>\n<script type=\"application\/ld+json\" class=\"yoast-schema-graph\">{\"@context\":\"https:\/\/schema.org\",\"@graph\":[{\"@type\":\"WebPage\",\"@id\":\"https:\/\/nyala.info\/de\/jetzt-buchen\/gruppen\/\",\"url\":\"https:\/\/nyala.info\/de\/jetzt-buchen\/gruppen\/\",\"name\":\"K\u00f6nnen Sie Ihre Anfrage f\u00fcr eine Gruppenbuchung machen\",\"isPartOf\":{\"@id\":\"https:\/\/nyala.info\/de\/#website\"},\"primaryImageOfPage\":{\"@id\":\"https:\/\/nyala.info\/de\/jetzt-buchen\/gruppen\/#primaryimage\"},\"image\":{\"@id\":\"https:\/\/nyala.info\/de\/jetzt-buchen\/gruppen\/#primaryimage\"},\"thumbnailUrl\":\"https:\/\/nyala.info\/wp-content\/uploads\/2017\/02\/viaggi-gruppo-sanremo.jpg\",\"datePublished\":\"2017-02-28T11:11:21+00:00\",\"dateModified\":\"2018-01-05T11:39:25+00:00\",\"description\":\"In diesem Bereich k\u00f6nnen Sie Ihre Anfrage f\u00fcr eine Gruppenbuchung machen, die unser Reservierungsb\u00fcro mit gr\u00f6\u00dfter Sorgfalt bearbeiten wird.\",\"breadcrumb\":{\"@id\":\"https:\/\/nyala.info\/de\/jetzt-buchen\/gruppen\/#breadcrumb\"},\"inLanguage\":\"de-DE\",\"potentialAction\":[{\"@type\":\"ReadAction\",\"target\":[\"https:\/\/nyala.info\/de\/jetzt-buchen\/gruppen\/\"]}]},{\"@type\":\"ImageObject\",\"inLanguage\":\"de-DE\",\"@id\":\"https:\/\/nyala.info\/de\/jetzt-buchen\/gruppen\/#primaryimage\",\"url\":\"https:\/\/nyala.info\/wp-content\/uploads\/2017\/02\/viaggi-gruppo-sanremo.jpg\",\"contentUrl\":\"https:\/\/nyala.info\/wp-content\/uploads\/2017\/02\/viaggi-gruppo-sanremo.jpg\",\"width\":418,\"height\":288},{\"@type\":\"BreadcrumbList\",\"@id\":\"https:\/\/nyala.info\/de\/jetzt-buchen\/gruppen\/#breadcrumb\",\"itemListElement\":[{\"@type\":\"ListItem\",\"position\":1,\"name\":\"Home\",\"item\":\"https:\/\/nyala.info\/de\/\"},{\"@type\":\"ListItem\",\"position\":2,\"name\":\"Hotelbuchung\",\"item\":\"https:\/\/nyala.info\/de\/jetzt-buchen\/\"},{\"@type\":\"ListItem\",\"position\":3,\"name\":\"Gruppenbuchungen\"}]},{\"@type\":\"WebSite\",\"@id\":\"https:\/\/nyala.info\/de\/#website\",\"url\":\"https:\/\/nyala.info\/de\/\",\"name\":\"Nyala Suite Hotel\",\"description\":\"4-Sterne-Hotel in San Remo\",\"potentialAction\":[{\"@type\":\"SearchAction\",\"target\":{\"@type\":\"EntryPoint\",\"urlTemplate\":\"https:\/\/nyala.info\/de\/?s={search_term_string}\"},\"query-input\":{\"@type\":\"PropertyValueSpecification\",\"valueRequired\":true,\"valueName\":\"search_term_string\"}}],\"inLanguage\":\"de-DE\"}]}<\/script>\n<!-- \/ Yoast SEO plugin. -->","yoast_head_json":{"title":"K\u00f6nnen Sie Ihre Anfrage f\u00fcr eine Gruppenbuchung machen","description":"In diesem Bereich k\u00f6nnen Sie Ihre Anfrage f\u00fcr eine Gruppenbuchung machen, die unser Reservierungsb\u00fcro mit gr\u00f6\u00dfter Sorgfalt bearbeiten wird.","robots":{"index":"noindex","follow":"follow","max-snippet":"max-snippet:-1","max-image-preview":"max-image-preview:large","max-video-preview":"max-video-preview:-1"},"og_locale":"de_DE","og_type":"article","og_title":"K\u00f6nnen Sie Ihre Anfrage f\u00fcr eine Gruppenbuchung machen","og_description":"In diesem Bereich k\u00f6nnen Sie Ihre Anfrage f\u00fcr eine Gruppenbuchung machen, die unser Reservierungsb\u00fcro mit gr\u00f6\u00dfter Sorgfalt bearbeiten wird.","og_url":"https:\/\/nyala.info\/de\/jetzt-buchen\/gruppen\/","og_site_name":"Nyala Suite Hotel","article_modified_time":"2018-01-05T11:39:25+00:00","og_image":[{"width":418,"height":288,"url":"https:\/\/nyala.info\/wp-content\/uploads\/2017\/02\/viaggi-gruppo-sanremo.jpg","type":"image\/jpeg"}],"twitter_card":"summary_large_image","schema":{"@context":"https:\/\/schema.org","@graph":[{"@type":"WebPage","@id":"https:\/\/nyala.info\/de\/jetzt-buchen\/gruppen\/","url":"https:\/\/nyala.info\/de\/jetzt-buchen\/gruppen\/","name":"K\u00f6nnen Sie Ihre Anfrage f\u00fcr eine Gruppenbuchung machen","isPartOf":{"@id":"https:\/\/nyala.info\/de\/#website"},"primaryImageOfPage":{"@id":"https:\/\/nyala.info\/de\/jetzt-buchen\/gruppen\/#primaryimage"},"image":{"@id":"https:\/\/nyala.info\/de\/jetzt-buchen\/gruppen\/#primaryimage"},"thumbnailUrl":"https:\/\/nyala.info\/wp-content\/uploads\/2017\/02\/viaggi-gruppo-sanremo.jpg","datePublished":"2017-02-28T11:11:21+00:00","dateModified":"2018-01-05T11:39:25+00:00","description":"In diesem Bereich k\u00f6nnen Sie Ihre Anfrage f\u00fcr eine Gruppenbuchung machen, die unser Reservierungsb\u00fcro mit gr\u00f6\u00dfter Sorgfalt bearbeiten wird.","breadcrumb":{"@id":"https:\/\/nyala.info\/de\/jetzt-buchen\/gruppen\/#breadcrumb"},"inLanguage":"de-DE","potentialAction":[{"@type":"ReadAction","target":["https:\/\/nyala.info\/de\/jetzt-buchen\/gruppen\/"]}]},{"@type":"ImageObject","inLanguage":"de-DE","@id":"https:\/\/nyala.info\/de\/jetzt-buchen\/gruppen\/#primaryimage","url":"https:\/\/nyala.info\/wp-content\/uploads\/2017\/02\/viaggi-gruppo-sanremo.jpg","contentUrl":"https:\/\/nyala.info\/wp-content\/uploads\/2017\/02\/viaggi-gruppo-sanremo.jpg","width":418,"height":288},{"@type":"BreadcrumbList","@id":"https:\/\/nyala.info\/de\/jetzt-buchen\/gruppen\/#breadcrumb","itemListElement":[{"@type":"ListItem","position":1,"name":"Home","item":"https:\/\/nyala.info\/de\/"},{"@type":"ListItem","position":2,"name":"Hotelbuchung","item":"https:\/\/nyala.info\/de\/jetzt-buchen\/"},{"@type":"ListItem","position":3,"name":"Gruppenbuchungen"}]},{"@type":"WebSite","@id":"https:\/\/nyala.info\/de\/#website","url":"https:\/\/nyala.info\/de\/","name":"Nyala Suite Hotel","description":"4-Sterne-Hotel in San Remo","potentialAction":[{"@type":"SearchAction","target":{"@type":"EntryPoint","urlTemplate":"https:\/\/nyala.info\/de\/?s={search_term_string}"},"query-input":{"@type":"PropertyValueSpecification","valueRequired":true,"valueName":"search_term_string"}}],"inLanguage":"de-DE"}]}},"_links":{"self":[{"href":"https:\/\/nyala.info\/de\/wp-json\/wp\/v2\/pages\/3664"}],"collection":[{"href":"https:\/\/nyala.info\/de\/wp-json\/wp\/v2\/pages"}],"about":[{"href":"https:\/\/nyala.info\/de\/wp-json\/wp\/v2\/types\/page"}],"author":[{"embeddable":true,"href":"https:\/\/nyala.info\/de\/wp-json\/wp\/v2\/users\/3"}],"replies":[{"embeddable":true,"href":"https:\/\/nyala.info\/de\/wp-json\/wp\/v2\/comments?post=3664"}],"version-history":[{"count":3,"href":"https:\/\/nyala.info\/de\/wp-json\/wp\/v2\/pages\/3664\/revisions"}],"predecessor-version":[{"id":5509,"href":"https:\/\/nyala.info\/de\/wp-json\/wp\/v2\/pages\/3664\/revisions\/5509"}],"up":[{"embeddable":true,"href":"https:\/\/nyala.info\/de\/wp-json\/wp\/v2\/pages\/3607"}],"wp:featuredmedia":[{"embeddable":true,"href":"https:\/\/nyala.info\/de\/wp-json\/wp\/v2\/media\/3105"}],"wp:attachment":[{"href":"https:\/\/nyala.info\/de\/wp-json\/wp\/v2\/media?parent=3664"}],"curies":[{"name":"wp","href":"https:\/\/api.w.org\/{rel}","templated":true}]}}