{"id":3591,"date":"2017-02-23T12:03:07","date_gmt":"2017-02-23T11:03:07","guid":{"rendered":"http:\/\/www.nyalahotel.biz\/?page_id=3591\/"},"modified":"2017-07-25T12:36:58","modified_gmt":"2017-07-25T10:36:58","slug":"tagungsraeume-fuer-konferenzen","status":"publish","type":"page","link":"https:\/\/nyala.info\/de\/konferenzen\/tagungsraeume-fuer-konferenzen\/","title":{"rendered":"Tagungsr\u00e4ume f\u00fcr Konferenzen"},"content":{"rendered":"<h2>Tagungsr\u00e4ume<strong> f\u00fcr Konferenzen<\/strong><\/h2>\n<p>Das Nyala Suite Hotel San Remo hat vier voll ausgestattete und elegante Tagungsr\u00e4ume, von 40 bis 150 Pl\u00e4tzen, Ausstellungsfl\u00e4chen und ca.. 100 Quadratmetern sowie ein B\u00fcro ausgestattetes B\u00fcro.<\/p>\n<p>Unsere Zimmer wurden im Herbst 2009 komplett renoviert, mit neuer Parkettboden, Beleuchtung und Pflanzen.<\/p>\n","protected":false},"excerpt":{"rendered":"<p>Tagungsr\u00e4ume f\u00fcr Konferenzen Das Nyala Suite Hotel San Remo hat vier voll ausgestattete und elegante Tagungsr\u00e4ume, von 40 bis 150 Pl\u00e4tzen, Ausstellungsfl\u00e4chen und ca.. 100 Quadratmetern sowie ein B\u00fcro ausgestattetes B\u00fcro. Unsere Zimmer wurden im Herbst 2009 komplett renoviert, mit neuer Parkettboden, Beleuchtung und Pflanzen.<\/p>\n","protected":false},"author":3,"featured_media":1056,"parent":3589,"menu_order":0,"comment_status":"closed","ping_status":"closed","template":"offer_one_column.php","meta":{"_acf_changed":false,"footnotes":""},"class_list":["post-3591","page","type-page","status-publish","has-post-thumbnail","hentry"],"acf":[],"yoast_head":"<!-- This site is optimized with the Yoast SEO plugin v25.6 - https:\/\/yoast.com\/wordpress\/plugins\/seo\/ -->\n<title>Tagungsr\u00e4ume f\u00fcr Konferenzen | Nyala Suite Hotel 4-Sterne-Hotel in San Remo<\/title>\n<meta name=\"robots\" content=\"noindex, follow, max-snippet:-1, max-image-preview:large, max-video-preview:-1\" \/>\n<meta property=\"og:locale\" content=\"de_DE\" \/>\n<meta property=\"og:type\" content=\"article\" \/>\n<meta property=\"og:title\" content=\"Tagungsr\u00e4ume f\u00fcr Konferenzen | Nyala Suite Hotel 4-Sterne-Hotel in San Remo\" \/>\n<meta property=\"og:description\" content=\"Tagungsr\u00e4ume f\u00fcr Konferenzen Das Nyala Suite Hotel San Remo hat vier voll ausgestattete und elegante Tagungsr\u00e4ume, von 40 bis 150 Pl\u00e4tzen, Ausstellungsfl\u00e4chen und ca.. 100 Quadratmetern sowie ein B\u00fcro ausgestattetes B\u00fcro. Unsere Zimmer wurden im Herbst 2009 komplett renoviert, mit neuer Parkettboden, Beleuchtung und Pflanzen.\" \/>\n<meta property=\"og:url\" content=\"https:\/\/nyala.info\/de\/konferenzen\/tagungsraeume-fuer-konferenzen\/\" \/>\n<meta property=\"og:site_name\" content=\"Nyala Suite Hotel\" \/>\n<meta property=\"article:modified_time\" content=\"2017-07-25T10:36:58+00:00\" \/>\n<meta property=\"og:image\" content=\"https:\/\/nyala.info\/wp-content\/uploads\/2015\/04\/conferenze.jpg\" \/>\n\t<meta property=\"og:image:width\" content=\"1620\" \/>\n\t<meta property=\"og:image:height\" content=\"1080\" \/>\n\t<meta property=\"og:image:type\" content=\"image\/jpeg\" \/>\n<meta name=\"twitter:card\" content=\"summary_large_image\" \/>\n<script type=\"application\/ld+json\" class=\"yoast-schema-graph\">{\"@context\":\"https:\/\/schema.org\",\"@graph\":[{\"@type\":\"WebPage\",\"@id\":\"https:\/\/nyala.info\/de\/konferenzen\/tagungsraeume-fuer-konferenzen\/\",\"url\":\"https:\/\/nyala.info\/de\/konferenzen\/tagungsraeume-fuer-konferenzen\/\",\"name\":\"Tagungsr\u00e4ume f\u00fcr Konferenzen | Nyala Suite Hotel 4-Sterne-Hotel in San Remo\",\"isPartOf\":{\"@id\":\"https:\/\/nyala.info\/de\/#website\"},\"primaryImageOfPage\":{\"@id\":\"https:\/\/nyala.info\/de\/konferenzen\/tagungsraeume-fuer-konferenzen\/#primaryimage\"},\"image\":{\"@id\":\"https:\/\/nyala.info\/de\/konferenzen\/tagungsraeume-fuer-konferenzen\/#primaryimage\"},\"thumbnailUrl\":\"https:\/\/nyala.info\/wp-content\/uploads\/2015\/04\/conferenze.jpg\",\"datePublished\":\"2017-02-23T11:03:07+00:00\",\"dateModified\":\"2017-07-25T10:36:58+00:00\",\"breadcrumb\":{\"@id\":\"https:\/\/nyala.info\/de\/konferenzen\/tagungsraeume-fuer-konferenzen\/#breadcrumb\"},\"inLanguage\":\"de-DE\",\"potentialAction\":[{\"@type\":\"ReadAction\",\"target\":[\"https:\/\/nyala.info\/de\/konferenzen\/tagungsraeume-fuer-konferenzen\/\"]}]},{\"@type\":\"ImageObject\",\"inLanguage\":\"de-DE\",\"@id\":\"https:\/\/nyala.info\/de\/konferenzen\/tagungsraeume-fuer-konferenzen\/#primaryimage\",\"url\":\"https:\/\/nyala.info\/wp-content\/uploads\/2015\/04\/conferenze.jpg\",\"contentUrl\":\"https:\/\/nyala.info\/wp-content\/uploads\/2015\/04\/conferenze.jpg\",\"width\":1620,\"height\":1080,\"caption\":\"conference, Konferenzen, azimuth\"},{\"@type\":\"BreadcrumbList\",\"@id\":\"https:\/\/nyala.info\/de\/konferenzen\/tagungsraeume-fuer-konferenzen\/#breadcrumb\",\"itemListElement\":[{\"@type\":\"ListItem\",\"position\":1,\"name\":\"Home\",\"item\":\"https:\/\/nyala.info\/de\/\"},{\"@type\":\"ListItem\",\"position\":2,\"name\":\"Meetings\",\"item\":\"https:\/\/nyala.info\/de\/konferenzen\/\"},{\"@type\":\"ListItem\",\"position\":3,\"name\":\"Tagungsr\u00e4ume f\u00fcr Konferenzen\"}]},{\"@type\":\"WebSite\",\"@id\":\"https:\/\/nyala.info\/de\/#website\",\"url\":\"https:\/\/nyala.info\/de\/\",\"name\":\"Nyala Suite Hotel\",\"description\":\"4-Sterne-Hotel in San Remo\",\"potentialAction\":[{\"@type\":\"SearchAction\",\"target\":{\"@type\":\"EntryPoint\",\"urlTemplate\":\"https:\/\/nyala.info\/de\/?s={search_term_string}\"},\"query-input\":{\"@type\":\"PropertyValueSpecification\",\"valueRequired\":true,\"valueName\":\"search_term_string\"}}],\"inLanguage\":\"de-DE\"}]}<\/script>\n<!-- \/ Yoast SEO plugin. -->","yoast_head_json":{"title":"Tagungsr\u00e4ume f\u00fcr Konferenzen | Nyala Suite Hotel 4-Sterne-Hotel in San Remo","robots":{"index":"noindex","follow":"follow","max-snippet":"max-snippet:-1","max-image-preview":"max-image-preview:large","max-video-preview":"max-video-preview:-1"},"og_locale":"de_DE","og_type":"article","og_title":"Tagungsr\u00e4ume f\u00fcr Konferenzen | Nyala Suite Hotel 4-Sterne-Hotel in San Remo","og_description":"Tagungsr\u00e4ume f\u00fcr Konferenzen Das Nyala Suite Hotel San Remo hat vier voll ausgestattete und elegante Tagungsr\u00e4ume, von 40 bis 150 Pl\u00e4tzen, Ausstellungsfl\u00e4chen und ca.. 100 Quadratmetern sowie ein B\u00fcro ausgestattetes B\u00fcro. Unsere Zimmer wurden im Herbst 2009 komplett renoviert, mit neuer Parkettboden, Beleuchtung und Pflanzen.","og_url":"https:\/\/nyala.info\/de\/konferenzen\/tagungsraeume-fuer-konferenzen\/","og_site_name":"Nyala Suite Hotel","article_modified_time":"2017-07-25T10:36:58+00:00","og_image":[{"width":1620,"height":1080,"url":"https:\/\/nyala.info\/wp-content\/uploads\/2015\/04\/conferenze.jpg","type":"image\/jpeg"}],"twitter_card":"summary_large_image","schema":{"@context":"https:\/\/schema.org","@graph":[{"@type":"WebPage","@id":"https:\/\/nyala.info\/de\/konferenzen\/tagungsraeume-fuer-konferenzen\/","url":"https:\/\/nyala.info\/de\/konferenzen\/tagungsraeume-fuer-konferenzen\/","name":"Tagungsr\u00e4ume f\u00fcr Konferenzen | Nyala Suite Hotel 4-Sterne-Hotel in San Remo","isPartOf":{"@id":"https:\/\/nyala.info\/de\/#website"},"primaryImageOfPage":{"@id":"https:\/\/nyala.info\/de\/konferenzen\/tagungsraeume-fuer-konferenzen\/#primaryimage"},"image":{"@id":"https:\/\/nyala.info\/de\/konferenzen\/tagungsraeume-fuer-konferenzen\/#primaryimage"},"thumbnailUrl":"https:\/\/nyala.info\/wp-content\/uploads\/2015\/04\/conferenze.jpg","datePublished":"2017-02-23T11:03:07+00:00","dateModified":"2017-07-25T10:36:58+00:00","breadcrumb":{"@id":"https:\/\/nyala.info\/de\/konferenzen\/tagungsraeume-fuer-konferenzen\/#breadcrumb"},"inLanguage":"de-DE","potentialAction":[{"@type":"ReadAction","target":["https:\/\/nyala.info\/de\/konferenzen\/tagungsraeume-fuer-konferenzen\/"]}]},{"@type":"ImageObject","inLanguage":"de-DE","@id":"https:\/\/nyala.info\/de\/konferenzen\/tagungsraeume-fuer-konferenzen\/#primaryimage","url":"https:\/\/nyala.info\/wp-content\/uploads\/2015\/04\/conferenze.jpg","contentUrl":"https:\/\/nyala.info\/wp-content\/uploads\/2015\/04\/conferenze.jpg","width":1620,"height":1080,"caption":"conference, Konferenzen, azimuth"},{"@type":"BreadcrumbList","@id":"https:\/\/nyala.info\/de\/konferenzen\/tagungsraeume-fuer-konferenzen\/#breadcrumb","itemListElement":[{"@type":"ListItem","position":1,"name":"Home","item":"https:\/\/nyala.info\/de\/"},{"@type":"ListItem","position":2,"name":"Meetings","item":"https:\/\/nyala.info\/de\/konferenzen\/"},{"@type":"ListItem","position":3,"name":"Tagungsr\u00e4ume f\u00fcr Konferenzen"}]},{"@type":"WebSite","@id":"https:\/\/nyala.info\/de\/#website","url":"https:\/\/nyala.info\/de\/","name":"Nyala Suite Hotel","description":"4-Sterne-Hotel in San Remo","potentialAction":[{"@type":"SearchAction","target":{"@type":"EntryPoint","urlTemplate":"https:\/\/nyala.info\/de\/?s={search_term_string}"},"query-input":{"@type":"PropertyValueSpecification","valueRequired":true,"valueName":"search_term_string"}}],"inLanguage":"de-DE"}]}},"_links":{"self":[{"href":"https:\/\/nyala.info\/de\/wp-json\/wp\/v2\/pages\/3591"}],"collection":[{"href":"https:\/\/nyala.info\/de\/wp-json\/wp\/v2\/pages"}],"about":[{"href":"https:\/\/nyala.info\/de\/wp-json\/wp\/v2\/types\/page"}],"author":[{"embeddable":true,"href":"https:\/\/nyala.info\/de\/wp-json\/wp\/v2\/users\/3"}],"replies":[{"embeddable":true,"href":"https:\/\/nyala.info\/de\/wp-json\/wp\/v2\/comments?post=3591"}],"version-history":[{"count":1,"href":"https:\/\/nyala.info\/de\/wp-json\/wp\/v2\/pages\/3591\/revisions"}],"predecessor-version":[{"id":3592,"href":"https:\/\/nyala.info\/de\/wp-json\/wp\/v2\/pages\/3591\/revisions\/3592"}],"up":[{"embeddable":true,"href":"https:\/\/nyala.info\/de\/wp-json\/wp\/v2\/pages\/3589"}],"wp:featuredmedia":[{"embeddable":true,"href":"https:\/\/nyala.info\/de\/wp-json\/wp\/v2\/media\/1056"}],"wp:attachment":[{"href":"https:\/\/nyala.info\/de\/wp-json\/wp\/v2\/media?parent=3591"}],"curies":[{"name":"wp","href":"https:\/\/api.w.org\/{rel}","templated":true}]}}