{"id":3584,"date":"2017-02-23T11:09:22","date_gmt":"2017-02-23T10:09:22","guid":{"rendered":"http:\/\/www.nyalahotel.biz\/?page_id=3584\/"},"modified":"2017-08-02T20:03:31","modified_gmt":"2017-08-02T18:03:31","slug":"das-restaurant","status":"publish","type":"page","link":"https:\/\/nyala.info\/de\/das-restaurant\/","title":{"rendered":"Das Restaurant"},"content":{"rendered":"<h2 style=\"text-align: center;\">Das Restaurant L&#8217;Asmara in San Remo<\/h2>\n<p style=\"text-align: center;\">Sie werden in einem eleganten Umfeld willkommen gehei\u00dfen, welches Ihnen das Beste der italienischen K\u00fcche und typisch lingurische Gerichte, zusammen mit einer Auswahl der feinsten Weine bietet.<\/p>\n<p style=\"text-align: center;\">[huge_it_slider id=&#8221;7&#8243;]<\/p>\n<div class=\"col-md-3\">Das Restaurant bietet Platz f\u00fcr 40 G\u00e4ste in seinem eleganten Speisesaal Asmara, 120 in dem hellen Wintergarten-Raum und 80 im auf der Veranda mit gro\u00dfen Fenstern mit Blick auf den tropischen Garten des Hotels.<\/div>\n<div class=\"col-md-3\">Das Restaurant beherbergt auch alle besonderen Ereignisse, die w\u00e4hrend des Jahres, vor allem in wichtigen Feiertagen oder bei Hochzeiten, Bankette und Feiern, stattfinden.<\/div>\n<div class=\"col-md-3\">Das Restaurant ist nach der Hauptstadt von Eritrea benannt, wo unsere Familie \u00fcber drei Generationen gelebt hat: aus diesem Grund wollen wir unserem zweiten Zuhause Anerkennung zollen, indem wir die W\u00e4nde mit traditioneller koptischer Kunst in Harmonie mit einem modernen italienischem Stil gestalten.<\/div>\n<div class=\"col-md-3\">Wir hoffen, dass diese Wahl f\u00fcr Sie akzeptabel ist und laden Sie ein, unsere K\u00fcche zu probieren.<\/div>\n<p><em>Die Familie Varnero<\/em><\/p>\n","protected":false},"excerpt":{"rendered":"<p>Das Restaurant L&#8217;Asmara in San Remo Sie werden in einem eleganten Umfeld willkommen gehei\u00dfen, welches Ihnen das Beste der italienischen K\u00fcche und typisch lingurische Gerichte, zusammen mit einer Auswahl der feinsten Weine bietet. [huge_it_slider id=&#8221;7&#8243;] Die Familie Varnero<\/p>\n","protected":false},"author":3,"featured_media":2928,"parent":0,"menu_order":0,"comment_status":"closed","ping_status":"closed","template":"","meta":{"_acf_changed":false,"footnotes":""},"class_list":["post-3584","page","type-page","status-publish","has-post-thumbnail","hentry"],"acf":[],"yoast_head":"<!-- This site is optimized with the Yoast SEO plugin v25.6 - https:\/\/yoast.com\/wordpress\/plugins\/seo\/ -->\n<title>Das Restaurant | Nyala Suite Hotel 4-Sterne-Hotel in San Remo<\/title>\n<meta name=\"description\" content=\"Suchen Sie nach einem Hotel in San Remo? Buchen Sie Ihren Aufenthalt in San Remo im Nyala Hotel mit Restaurant, in einer eleganten Kulisse mit Gartenblick.\" \/>\n<meta name=\"robots\" content=\"noindex, follow, max-snippet:-1, max-image-preview:large, max-video-preview:-1\" \/>\n<meta property=\"og:locale\" content=\"de_DE\" \/>\n<meta property=\"og:type\" content=\"article\" \/>\n<meta property=\"og:title\" content=\"Das Restaurant | Nyala Suite Hotel 4-Sterne-Hotel in San Remo\" \/>\n<meta property=\"og:description\" content=\"Suchen Sie nach einem Hotel in San Remo? Buchen Sie Ihren Aufenthalt in San Remo im Nyala Hotel mit Restaurant, in einer eleganten Kulisse mit Gartenblick.\" \/>\n<meta property=\"og:url\" content=\"https:\/\/nyala.info\/de\/das-restaurant\/\" \/>\n<meta property=\"og:site_name\" content=\"Nyala Suite Hotel\" \/>\n<meta property=\"article:modified_time\" content=\"2017-08-02T18:03:31+00:00\" \/>\n<meta property=\"og:image\" content=\"https:\/\/nyala.info\/wp-content\/uploads\/2017\/01\/ristorante-asmara-sanremo.jpeg\" \/>\n\t<meta property=\"og:image:width\" content=\"1280\" \/>\n\t<meta property=\"og:image:height\" content=\"853\" \/>\n\t<meta property=\"og:image:type\" content=\"image\/jpeg\" \/>\n<meta name=\"twitter:card\" content=\"summary_large_image\" \/>\n<meta name=\"twitter:label1\" content=\"Est. reading time\" \/>\n\t<meta name=\"twitter:data1\" content=\"1 minute\" \/>\n<script type=\"application\/ld+json\" class=\"yoast-schema-graph\">{\"@context\":\"https:\/\/schema.org\",\"@graph\":[{\"@type\":\"WebPage\",\"@id\":\"https:\/\/nyala.info\/de\/das-restaurant\/\",\"url\":\"https:\/\/nyala.info\/de\/das-restaurant\/\",\"name\":\"Das Restaurant | Nyala Suite Hotel 4-Sterne-Hotel in San Remo\",\"isPartOf\":{\"@id\":\"https:\/\/nyala.info\/de\/#website\"},\"primaryImageOfPage\":{\"@id\":\"https:\/\/nyala.info\/de\/das-restaurant\/#primaryimage\"},\"image\":{\"@id\":\"https:\/\/nyala.info\/de\/das-restaurant\/#primaryimage\"},\"thumbnailUrl\":\"https:\/\/nyala.info\/wp-content\/uploads\/2017\/01\/ristorante-asmara-sanremo.jpeg\",\"datePublished\":\"2017-02-23T10:09:22+00:00\",\"dateModified\":\"2017-08-02T18:03:31+00:00\",\"description\":\"Suchen Sie nach einem Hotel in San Remo? Buchen Sie Ihren Aufenthalt in San Remo im Nyala Hotel mit Restaurant, in einer eleganten Kulisse mit Gartenblick.\",\"breadcrumb\":{\"@id\":\"https:\/\/nyala.info\/de\/das-restaurant\/#breadcrumb\"},\"inLanguage\":\"de-DE\",\"potentialAction\":[{\"@type\":\"ReadAction\",\"target\":[\"https:\/\/nyala.info\/de\/das-restaurant\/\"]}]},{\"@type\":\"ImageObject\",\"inLanguage\":\"de-DE\",\"@id\":\"https:\/\/nyala.info\/de\/das-restaurant\/#primaryimage\",\"url\":\"https:\/\/nyala.info\/wp-content\/uploads\/2017\/01\/ristorante-asmara-sanremo.jpeg\",\"contentUrl\":\"https:\/\/nyala.info\/wp-content\/uploads\/2017\/01\/ristorante-asmara-sanremo.jpeg\",\"width\":1280,\"height\":853,\"caption\":\"ristorante a sanremo cucina ligure\"},{\"@type\":\"BreadcrumbList\",\"@id\":\"https:\/\/nyala.info\/de\/das-restaurant\/#breadcrumb\",\"itemListElement\":[{\"@type\":\"ListItem\",\"position\":1,\"name\":\"Home\",\"item\":\"https:\/\/nyala.info\/de\/\"},{\"@type\":\"ListItem\",\"position\":2,\"name\":\"Das Restaurant\"}]},{\"@type\":\"WebSite\",\"@id\":\"https:\/\/nyala.info\/de\/#website\",\"url\":\"https:\/\/nyala.info\/de\/\",\"name\":\"Nyala Suite Hotel\",\"description\":\"4-Sterne-Hotel in San Remo\",\"potentialAction\":[{\"@type\":\"SearchAction\",\"target\":{\"@type\":\"EntryPoint\",\"urlTemplate\":\"https:\/\/nyala.info\/de\/?s={search_term_string}\"},\"query-input\":{\"@type\":\"PropertyValueSpecification\",\"valueRequired\":true,\"valueName\":\"search_term_string\"}}],\"inLanguage\":\"de-DE\"}]}<\/script>\n<!-- \/ Yoast SEO plugin. -->","yoast_head_json":{"title":"Das Restaurant | Nyala Suite Hotel 4-Sterne-Hotel in San Remo","description":"Suchen Sie nach einem Hotel in San Remo? Buchen Sie Ihren Aufenthalt in San Remo im Nyala Hotel mit Restaurant, in einer eleganten Kulisse mit Gartenblick.","robots":{"index":"noindex","follow":"follow","max-snippet":"max-snippet:-1","max-image-preview":"max-image-preview:large","max-video-preview":"max-video-preview:-1"},"og_locale":"de_DE","og_type":"article","og_title":"Das Restaurant | Nyala Suite Hotel 4-Sterne-Hotel in San Remo","og_description":"Suchen Sie nach einem Hotel in San Remo? Buchen Sie Ihren Aufenthalt in San Remo im Nyala Hotel mit Restaurant, in einer eleganten Kulisse mit Gartenblick.","og_url":"https:\/\/nyala.info\/de\/das-restaurant\/","og_site_name":"Nyala Suite Hotel","article_modified_time":"2017-08-02T18:03:31+00:00","og_image":[{"width":1280,"height":853,"url":"https:\/\/nyala.info\/wp-content\/uploads\/2017\/01\/ristorante-asmara-sanremo.jpeg","type":"image\/jpeg"}],"twitter_card":"summary_large_image","twitter_misc":{"Est. reading time":"1 minute"},"schema":{"@context":"https:\/\/schema.org","@graph":[{"@type":"WebPage","@id":"https:\/\/nyala.info\/de\/das-restaurant\/","url":"https:\/\/nyala.info\/de\/das-restaurant\/","name":"Das Restaurant | Nyala Suite Hotel 4-Sterne-Hotel in San Remo","isPartOf":{"@id":"https:\/\/nyala.info\/de\/#website"},"primaryImageOfPage":{"@id":"https:\/\/nyala.info\/de\/das-restaurant\/#primaryimage"},"image":{"@id":"https:\/\/nyala.info\/de\/das-restaurant\/#primaryimage"},"thumbnailUrl":"https:\/\/nyala.info\/wp-content\/uploads\/2017\/01\/ristorante-asmara-sanremo.jpeg","datePublished":"2017-02-23T10:09:22+00:00","dateModified":"2017-08-02T18:03:31+00:00","description":"Suchen Sie nach einem Hotel in San Remo? Buchen Sie Ihren Aufenthalt in San Remo im Nyala Hotel mit Restaurant, in einer eleganten Kulisse mit Gartenblick.","breadcrumb":{"@id":"https:\/\/nyala.info\/de\/das-restaurant\/#breadcrumb"},"inLanguage":"de-DE","potentialAction":[{"@type":"ReadAction","target":["https:\/\/nyala.info\/de\/das-restaurant\/"]}]},{"@type":"ImageObject","inLanguage":"de-DE","@id":"https:\/\/nyala.info\/de\/das-restaurant\/#primaryimage","url":"https:\/\/nyala.info\/wp-content\/uploads\/2017\/01\/ristorante-asmara-sanremo.jpeg","contentUrl":"https:\/\/nyala.info\/wp-content\/uploads\/2017\/01\/ristorante-asmara-sanremo.jpeg","width":1280,"height":853,"caption":"ristorante a sanremo cucina ligure"},{"@type":"BreadcrumbList","@id":"https:\/\/nyala.info\/de\/das-restaurant\/#breadcrumb","itemListElement":[{"@type":"ListItem","position":1,"name":"Home","item":"https:\/\/nyala.info\/de\/"},{"@type":"ListItem","position":2,"name":"Das Restaurant"}]},{"@type":"WebSite","@id":"https:\/\/nyala.info\/de\/#website","url":"https:\/\/nyala.info\/de\/","name":"Nyala Suite Hotel","description":"4-Sterne-Hotel in San Remo","potentialAction":[{"@type":"SearchAction","target":{"@type":"EntryPoint","urlTemplate":"https:\/\/nyala.info\/de\/?s={search_term_string}"},"query-input":{"@type":"PropertyValueSpecification","valueRequired":true,"valueName":"search_term_string"}}],"inLanguage":"de-DE"}]}},"_links":{"self":[{"href":"https:\/\/nyala.info\/de\/wp-json\/wp\/v2\/pages\/3584"}],"collection":[{"href":"https:\/\/nyala.info\/de\/wp-json\/wp\/v2\/pages"}],"about":[{"href":"https:\/\/nyala.info\/de\/wp-json\/wp\/v2\/types\/page"}],"author":[{"embeddable":true,"href":"https:\/\/nyala.info\/de\/wp-json\/wp\/v2\/users\/3"}],"replies":[{"embeddable":true,"href":"https:\/\/nyala.info\/de\/wp-json\/wp\/v2\/comments?post=3584"}],"version-history":[{"count":6,"href":"https:\/\/nyala.info\/de\/wp-json\/wp\/v2\/pages\/3584\/revisions"}],"predecessor-version":[{"id":5854,"href":"https:\/\/nyala.info\/de\/wp-json\/wp\/v2\/pages\/3584\/revisions\/5854"}],"wp:featuredmedia":[{"embeddable":true,"href":"https:\/\/nyala.info\/de\/wp-json\/wp\/v2\/media\/2928"}],"wp:attachment":[{"href":"https:\/\/nyala.info\/de\/wp-json\/wp\/v2\/media?parent=3584"}],"curies":[{"name":"wp","href":"https:\/\/api.w.org\/{rel}","templated":true}]}}