{"id":3582,"date":"2017-02-23T11:05:24","date_gmt":"2017-02-23T10:05:24","guid":{"rendered":"http:\/\/www.nyalahotel.biz\/?page_id=3582\/"},"modified":"2017-08-02T20:07:26","modified_gmt":"2017-08-02T18:07:26","slug":"restaurant","status":"publish","type":"page","link":"https:\/\/nyala.info\/de\/restaurant\/","title":{"rendered":"Restaurant"},"content":{"rendered":"<h2><strong><span style=\"color: #003366;\">Asmara Restaurant<\/span><\/strong><\/h2>\n<p>&nbsp;<\/p>\n<p><span class=\"hps\">Willkommen in unserem &#8220;Asmara&#8221; Restaurant<\/span>, wo wir uns dar\u00fcber freuen<span class=\"hps\">,<\/span> <span class=\"hps\">Ihnen neben<\/span>\u00a0<span class=\"hps\">einem traditionellen<\/span> <span class=\"hps\">Men\u00fc des Tages ein A-la-Carte Men\u00fc<\/span>, angereichert mit\u00a0<span class=\"hps\">einer breiten Palette von<\/span>\u00a0regionalen\u00a0<span class=\"hps\">Speisen zu bieten<\/span>, nach der selben Philosophie, die Sie vielleicht auf in der Auswahl unserer Weine wiedererkennen.<\/p>\n<p><span class=\"hps\">All das aus Liebe zu unserem wundervollen Land, Ligurien, \u00fcberall bekannt als die italienische Reviera, Zuhause der authentischsten mediterranen K\u00fcche.<\/span><\/p>\n","protected":false},"excerpt":{"rendered":"<p>Asmara Restaurant &nbsp; Willkommen in unserem &#8220;Asmara&#8221; Restaurant, wo wir uns dar\u00fcber freuen, Ihnen neben\u00a0einem traditionellen Men\u00fc des Tages ein A-la-Carte Men\u00fc, angereichert mit\u00a0einer breiten Palette von\u00a0regionalen\u00a0Speisen zu bieten, nach der selben Philosophie, die Sie vielleicht auf in der Auswahl unserer Weine wiedererkennen. All das aus Liebe zu unserem wundervollen Land, Ligurien, \u00fcberall bekannt als [&hellip;]<\/p>\n","protected":false},"author":3,"featured_media":0,"parent":0,"menu_order":30,"comment_status":"open","ping_status":"open","template":"page_territory.php","meta":{"_acf_changed":false,"footnotes":""},"class_list":["post-3582","page","type-page","status-publish","hentry"],"acf":[],"yoast_head":"<!-- This site is optimized with the Yoast SEO plugin v25.6 - https:\/\/yoast.com\/wordpress\/plugins\/seo\/ -->\n<title>Restaurant | Nyala Suite Hotel 4-Sterne-Hotel in San Remo<\/title>\n<meta name=\"description\" content=\"Eines der besten Restaurants in Sanremo, regionale Spezialit\u00e4ten und Qualit\u00e4tsweine. Auch f\u00fcr Veranstaltungen, Empf\u00e4nge, Weihnachts- und Neujahrsdinner ge\u00f6ffnet.\" \/>\n<meta name=\"robots\" content=\"noindex, follow, max-snippet:-1, max-image-preview:large, max-video-preview:-1\" \/>\n<meta property=\"og:locale\" content=\"de_DE\" \/>\n<meta property=\"og:type\" content=\"article\" \/>\n<meta property=\"og:title\" content=\"Restaurant | Nyala Suite Hotel 4-Sterne-Hotel in San Remo\" \/>\n<meta property=\"og:description\" content=\"Eines der besten Restaurants in Sanremo, regionale Spezialit\u00e4ten und Qualit\u00e4tsweine. Auch f\u00fcr Veranstaltungen, Empf\u00e4nge, Weihnachts- und Neujahrsdinner ge\u00f6ffnet.\" \/>\n<meta property=\"og:url\" content=\"https:\/\/nyala.info\/de\/restaurant\/\" \/>\n<meta property=\"og:site_name\" content=\"Nyala Suite Hotel\" \/>\n<meta property=\"article:modified_time\" content=\"2017-08-02T18:07:26+00:00\" \/>\n<meta name=\"twitter:card\" content=\"summary_large_image\" \/>\n<script type=\"application\/ld+json\" class=\"yoast-schema-graph\">{\"@context\":\"https:\/\/schema.org\",\"@graph\":[{\"@type\":\"WebPage\",\"@id\":\"https:\/\/nyala.info\/de\/restaurant\/\",\"url\":\"https:\/\/nyala.info\/de\/restaurant\/\",\"name\":\"Restaurant | Nyala Suite Hotel 4-Sterne-Hotel in San Remo\",\"isPartOf\":{\"@id\":\"https:\/\/nyala.info\/de\/#website\"},\"datePublished\":\"2017-02-23T10:05:24+00:00\",\"dateModified\":\"2017-08-02T18:07:26+00:00\",\"description\":\"Eines der besten Restaurants in Sanremo, regionale Spezialit\u00e4ten und Qualit\u00e4tsweine. Auch f\u00fcr Veranstaltungen, Empf\u00e4nge, Weihnachts- und Neujahrsdinner ge\u00f6ffnet.\",\"breadcrumb\":{\"@id\":\"https:\/\/nyala.info\/de\/restaurant\/#breadcrumb\"},\"inLanguage\":\"de-DE\",\"potentialAction\":[{\"@type\":\"ReadAction\",\"target\":[\"https:\/\/nyala.info\/de\/restaurant\/\"]}]},{\"@type\":\"BreadcrumbList\",\"@id\":\"https:\/\/nyala.info\/de\/restaurant\/#breadcrumb\",\"itemListElement\":[{\"@type\":\"ListItem\",\"position\":1,\"name\":\"Home\",\"item\":\"https:\/\/nyala.info\/de\/\"},{\"@type\":\"ListItem\",\"position\":2,\"name\":\"Restaurant\"}]},{\"@type\":\"WebSite\",\"@id\":\"https:\/\/nyala.info\/de\/#website\",\"url\":\"https:\/\/nyala.info\/de\/\",\"name\":\"Nyala Suite Hotel\",\"description\":\"4-Sterne-Hotel in San Remo\",\"potentialAction\":[{\"@type\":\"SearchAction\",\"target\":{\"@type\":\"EntryPoint\",\"urlTemplate\":\"https:\/\/nyala.info\/de\/?s={search_term_string}\"},\"query-input\":{\"@type\":\"PropertyValueSpecification\",\"valueRequired\":true,\"valueName\":\"search_term_string\"}}],\"inLanguage\":\"de-DE\"}]}<\/script>\n<!-- \/ Yoast SEO plugin. -->","yoast_head_json":{"title":"Restaurant | Nyala Suite Hotel 4-Sterne-Hotel in San Remo","description":"Eines der besten Restaurants in Sanremo, regionale Spezialit\u00e4ten und Qualit\u00e4tsweine. Auch f\u00fcr Veranstaltungen, Empf\u00e4nge, Weihnachts- und Neujahrsdinner ge\u00f6ffnet.","robots":{"index":"noindex","follow":"follow","max-snippet":"max-snippet:-1","max-image-preview":"max-image-preview:large","max-video-preview":"max-video-preview:-1"},"og_locale":"de_DE","og_type":"article","og_title":"Restaurant | Nyala Suite Hotel 4-Sterne-Hotel in San Remo","og_description":"Eines der besten Restaurants in Sanremo, regionale Spezialit\u00e4ten und Qualit\u00e4tsweine. Auch f\u00fcr Veranstaltungen, Empf\u00e4nge, Weihnachts- und Neujahrsdinner ge\u00f6ffnet.","og_url":"https:\/\/nyala.info\/de\/restaurant\/","og_site_name":"Nyala Suite Hotel","article_modified_time":"2017-08-02T18:07:26+00:00","twitter_card":"summary_large_image","schema":{"@context":"https:\/\/schema.org","@graph":[{"@type":"WebPage","@id":"https:\/\/nyala.info\/de\/restaurant\/","url":"https:\/\/nyala.info\/de\/restaurant\/","name":"Restaurant | Nyala Suite Hotel 4-Sterne-Hotel in San Remo","isPartOf":{"@id":"https:\/\/nyala.info\/de\/#website"},"datePublished":"2017-02-23T10:05:24+00:00","dateModified":"2017-08-02T18:07:26+00:00","description":"Eines der besten Restaurants in Sanremo, regionale Spezialit\u00e4ten und Qualit\u00e4tsweine. Auch f\u00fcr Veranstaltungen, Empf\u00e4nge, Weihnachts- und Neujahrsdinner ge\u00f6ffnet.","breadcrumb":{"@id":"https:\/\/nyala.info\/de\/restaurant\/#breadcrumb"},"inLanguage":"de-DE","potentialAction":[{"@type":"ReadAction","target":["https:\/\/nyala.info\/de\/restaurant\/"]}]},{"@type":"BreadcrumbList","@id":"https:\/\/nyala.info\/de\/restaurant\/#breadcrumb","itemListElement":[{"@type":"ListItem","position":1,"name":"Home","item":"https:\/\/nyala.info\/de\/"},{"@type":"ListItem","position":2,"name":"Restaurant"}]},{"@type":"WebSite","@id":"https:\/\/nyala.info\/de\/#website","url":"https:\/\/nyala.info\/de\/","name":"Nyala Suite Hotel","description":"4-Sterne-Hotel in San Remo","potentialAction":[{"@type":"SearchAction","target":{"@type":"EntryPoint","urlTemplate":"https:\/\/nyala.info\/de\/?s={search_term_string}"},"query-input":{"@type":"PropertyValueSpecification","valueRequired":true,"valueName":"search_term_string"}}],"inLanguage":"de-DE"}]}},"_links":{"self":[{"href":"https:\/\/nyala.info\/de\/wp-json\/wp\/v2\/pages\/3582"}],"collection":[{"href":"https:\/\/nyala.info\/de\/wp-json\/wp\/v2\/pages"}],"about":[{"href":"https:\/\/nyala.info\/de\/wp-json\/wp\/v2\/types\/page"}],"author":[{"embeddable":true,"href":"https:\/\/nyala.info\/de\/wp-json\/wp\/v2\/users\/3"}],"replies":[{"embeddable":true,"href":"https:\/\/nyala.info\/de\/wp-json\/wp\/v2\/comments?post=3582"}],"version-history":[{"count":4,"href":"https:\/\/nyala.info\/de\/wp-json\/wp\/v2\/pages\/3582\/revisions"}],"predecessor-version":[{"id":5855,"href":"https:\/\/nyala.info\/de\/wp-json\/wp\/v2\/pages\/3582\/revisions\/5855"}],"wp:attachment":[{"href":"https:\/\/nyala.info\/de\/wp-json\/wp\/v2\/media?parent=3582"}],"curies":[{"name":"wp","href":"https:\/\/api.w.org\/{rel}","templated":true}]}}