{"id":3550,"date":"2017-02-22T11:07:50","date_gmt":"2017-02-22T10:07:50","guid":{"rendered":"http:\/\/www.nyalahotel.biz\/?page_id=3550\/"},"modified":"2018-01-05T12:59:51","modified_gmt":"2018-01-05T11:59:51","slug":"zimmer","status":"publish","type":"page","link":"https:\/\/nyala.info\/de\/zimmer\/","title":{"rendered":"Zimmer Hotel"},"content":{"rendered":"<h1>Unsere Zimmer Hotel und Junior-Suiten<\/h1>\n<h2>W\u00e4hlen Sie Ihr bevorzugte Zimmer Hotel und buchen Sie es online<\/h2>\n<p style=\"text-align: justify;\"><strong>W\u00e4hlen Sie, ob Sie sich lieber in einem der traditionellen Zimmern oder lieber in einem richtigen Apartment, wie es unsere Junior-Suiten sind, einrichten wollen. Sie k\u00f6nnen es sich mit unserem hochqualitativen Service zu Ihrem vollen Komfort gut gehen lassen.<\/strong><\/p>\n<p style=\"text-align: justify;\">Unser Hotel bietet h\u00f6chste Professionalit\u00e4t, Unterst\u00fctzung und Verpflegung all Ihrer W\u00fcnsche; ob Sie bei uns auf einer Gesch\u00e4ftsreise oder einem Wochenendtrip vorbeikommen. Wenn wir unseren Verpflichtungen Ihnen gegen\u00fcber nicht nachkommen, oder Sie Anliegen, welcher Art auch immer, in unserem Hotel haben, werden wir unser Bestes tun, um es Ihnen Recht zu machen.<\/p>\n<p>Das Anwesen bietet\u00a0<strong>36 Junior-Suiten<\/strong>\u00a0und\u00a0<strong>40 Zimmer\u00a0<\/strong>mit Klimaanlage, F\u00f6hn, Minibar, Safe, Satelliten-TV, freies Wi-Fi\u00a0Internet.<\/p>\n<p style=\"text-align: justify;\">Au\u00dferdem verf\u00fcgbar sind Zimmer mit Einrichtungen f\u00fcr Behinderte: 4 Zimmer mit Rollstuhlzugang.<\/p>\n<p style=\"text-align: justify;\">Check-In: 15:00 Uhr<br \/>\nCheck-Out:\u00a012:00 Uhr<\/p>\n<p>&nbsp;<\/p>\n","protected":false},"excerpt":{"rendered":"<p>Unsere Zimmer Hotel und Junior-Suiten W\u00e4hlen Sie Ihr bevorzugte Zimmer Hotel und buchen Sie es online W\u00e4hlen Sie, ob Sie sich lieber in einem der traditionellen Zimmern oder lieber in einem richtigen Apartment, wie es unsere Junior-Suiten sind, einrichten wollen. Sie k\u00f6nnen es sich mit unserem hochqualitativen Service zu Ihrem vollen Komfort gut gehen lassen. [&hellip;]<\/p>\n","protected":false},"author":3,"featured_media":0,"parent":0,"menu_order":30,"comment_status":"open","ping_status":"open","template":"page_rooms.php","meta":{"_acf_changed":false,"footnotes":""},"class_list":["post-3550","page","type-page","status-publish","hentry"],"acf":[],"yoast_head":"<!-- This site is optimized with the Yoast SEO plugin v25.6 - https:\/\/yoast.com\/wordpress\/plugins\/seo\/ -->\n<title>Zimmer Hotel Blummenriviera mit Klimaanlag, wifi,...<\/title>\n<meta name=\"description\" content=\"Das Anwesen bietet 36 Junior-Suiten und 40 Zimmer mit Klimaanlage, F\u00f6hn, Minibar, Safe, Satelliten-TV, freies Wi-Fi Internet.\" \/>\n<meta name=\"robots\" content=\"noindex, follow, max-snippet:-1, max-image-preview:large, max-video-preview:-1\" \/>\n<meta property=\"og:locale\" content=\"de_DE\" \/>\n<meta property=\"og:type\" content=\"article\" \/>\n<meta property=\"og:title\" content=\"Zimmer Hotel Blummenriviera mit Klimaanlag, wifi,...\" \/>\n<meta property=\"og:description\" content=\"Das Anwesen bietet 36 Junior-Suiten und 40 Zimmer mit Klimaanlage, F\u00f6hn, Minibar, Safe, Satelliten-TV, freies Wi-Fi Internet.\" \/>\n<meta property=\"og:url\" content=\"https:\/\/nyala.info\/de\/zimmer\/\" \/>\n<meta property=\"og:site_name\" content=\"Nyala Suite Hotel\" \/>\n<meta property=\"article:modified_time\" content=\"2018-01-05T11:59:51+00:00\" \/>\n<meta name=\"twitter:card\" content=\"summary_large_image\" \/>\n<meta name=\"twitter:label1\" content=\"Est. reading time\" \/>\n\t<meta name=\"twitter:data1\" content=\"1 minute\" \/>\n<script type=\"application\/ld+json\" class=\"yoast-schema-graph\">{\"@context\":\"https:\/\/schema.org\",\"@graph\":[{\"@type\":\"WebPage\",\"@id\":\"https:\/\/nyala.info\/de\/zimmer\/\",\"url\":\"https:\/\/nyala.info\/de\/zimmer\/\",\"name\":\"Zimmer Hotel Blummenriviera mit Klimaanlag, wifi,...\",\"isPartOf\":{\"@id\":\"https:\/\/nyala.info\/de\/#website\"},\"datePublished\":\"2017-02-22T10:07:50+00:00\",\"dateModified\":\"2018-01-05T11:59:51+00:00\",\"description\":\"Das Anwesen bietet 36 Junior-Suiten und 40 Zimmer mit Klimaanlage, F\u00f6hn, Minibar, Safe, Satelliten-TV, freies Wi-Fi Internet.\",\"breadcrumb\":{\"@id\":\"https:\/\/nyala.info\/de\/zimmer\/#breadcrumb\"},\"inLanguage\":\"de-DE\",\"potentialAction\":[{\"@type\":\"ReadAction\",\"target\":[\"https:\/\/nyala.info\/de\/zimmer\/\"]}]},{\"@type\":\"BreadcrumbList\",\"@id\":\"https:\/\/nyala.info\/de\/zimmer\/#breadcrumb\",\"itemListElement\":[{\"@type\":\"ListItem\",\"position\":1,\"name\":\"Home\",\"item\":\"https:\/\/nyala.info\/de\/\"},{\"@type\":\"ListItem\",\"position\":2,\"name\":\"Zimmer Hotel\"}]},{\"@type\":\"WebSite\",\"@id\":\"https:\/\/nyala.info\/de\/#website\",\"url\":\"https:\/\/nyala.info\/de\/\",\"name\":\"Nyala Suite Hotel\",\"description\":\"4-Sterne-Hotel in San Remo\",\"potentialAction\":[{\"@type\":\"SearchAction\",\"target\":{\"@type\":\"EntryPoint\",\"urlTemplate\":\"https:\/\/nyala.info\/de\/?s={search_term_string}\"},\"query-input\":{\"@type\":\"PropertyValueSpecification\",\"valueRequired\":true,\"valueName\":\"search_term_string\"}}],\"inLanguage\":\"de-DE\"}]}<\/script>\n<!-- \/ Yoast SEO plugin. -->","yoast_head_json":{"title":"Zimmer Hotel Blummenriviera mit Klimaanlag, wifi,...","description":"Das Anwesen bietet 36 Junior-Suiten und 40 Zimmer mit Klimaanlage, F\u00f6hn, Minibar, Safe, Satelliten-TV, freies Wi-Fi Internet.","robots":{"index":"noindex","follow":"follow","max-snippet":"max-snippet:-1","max-image-preview":"max-image-preview:large","max-video-preview":"max-video-preview:-1"},"og_locale":"de_DE","og_type":"article","og_title":"Zimmer Hotel Blummenriviera mit Klimaanlag, wifi,...","og_description":"Das Anwesen bietet 36 Junior-Suiten und 40 Zimmer mit Klimaanlage, F\u00f6hn, Minibar, Safe, Satelliten-TV, freies Wi-Fi Internet.","og_url":"https:\/\/nyala.info\/de\/zimmer\/","og_site_name":"Nyala Suite Hotel","article_modified_time":"2018-01-05T11:59:51+00:00","twitter_card":"summary_large_image","twitter_misc":{"Est. reading time":"1 minute"},"schema":{"@context":"https:\/\/schema.org","@graph":[{"@type":"WebPage","@id":"https:\/\/nyala.info\/de\/zimmer\/","url":"https:\/\/nyala.info\/de\/zimmer\/","name":"Zimmer Hotel Blummenriviera mit Klimaanlag, wifi,...","isPartOf":{"@id":"https:\/\/nyala.info\/de\/#website"},"datePublished":"2017-02-22T10:07:50+00:00","dateModified":"2018-01-05T11:59:51+00:00","description":"Das Anwesen bietet 36 Junior-Suiten und 40 Zimmer mit Klimaanlage, F\u00f6hn, Minibar, Safe, Satelliten-TV, freies Wi-Fi Internet.","breadcrumb":{"@id":"https:\/\/nyala.info\/de\/zimmer\/#breadcrumb"},"inLanguage":"de-DE","potentialAction":[{"@type":"ReadAction","target":["https:\/\/nyala.info\/de\/zimmer\/"]}]},{"@type":"BreadcrumbList","@id":"https:\/\/nyala.info\/de\/zimmer\/#breadcrumb","itemListElement":[{"@type":"ListItem","position":1,"name":"Home","item":"https:\/\/nyala.info\/de\/"},{"@type":"ListItem","position":2,"name":"Zimmer Hotel"}]},{"@type":"WebSite","@id":"https:\/\/nyala.info\/de\/#website","url":"https:\/\/nyala.info\/de\/","name":"Nyala Suite Hotel","description":"4-Sterne-Hotel in San Remo","potentialAction":[{"@type":"SearchAction","target":{"@type":"EntryPoint","urlTemplate":"https:\/\/nyala.info\/de\/?s={search_term_string}"},"query-input":{"@type":"PropertyValueSpecification","valueRequired":true,"valueName":"search_term_string"}}],"inLanguage":"de-DE"}]}},"_links":{"self":[{"href":"https:\/\/nyala.info\/de\/wp-json\/wp\/v2\/pages\/3550"}],"collection":[{"href":"https:\/\/nyala.info\/de\/wp-json\/wp\/v2\/pages"}],"about":[{"href":"https:\/\/nyala.info\/de\/wp-json\/wp\/v2\/types\/page"}],"author":[{"embeddable":true,"href":"https:\/\/nyala.info\/de\/wp-json\/wp\/v2\/users\/3"}],"replies":[{"embeddable":true,"href":"https:\/\/nyala.info\/de\/wp-json\/wp\/v2\/comments?post=3550"}],"version-history":[{"count":6,"href":"https:\/\/nyala.info\/de\/wp-json\/wp\/v2\/pages\/3550\/revisions"}],"predecessor-version":[{"id":7049,"href":"https:\/\/nyala.info\/de\/wp-json\/wp\/v2\/pages\/3550\/revisions\/7049"}],"wp:attachment":[{"href":"https:\/\/nyala.info\/de\/wp-json\/wp\/v2\/media?parent=3550"}],"curies":[{"name":"wp","href":"https:\/\/api.w.org\/{rel}","templated":true}]}}