{"id":3546,"date":"2016-02-22T10:56:59","date_gmt":"2016-02-22T09:56:59","guid":{"rendered":"http:\/\/www.nyalahotel.biz\/?page_id=3546\/"},"modified":"2017-07-22T11:54:07","modified_gmt":"2017-07-22T09:54:07","slug":"3546-2","status":"publish","type":"page","link":"https:\/\/nyala.info\/de\/hotel\/3546-2\/","title":{"rendered":"Hotel mit Swimmingpool"},"content":{"rendered":"<h1 style=\"text-align: center;\">Hotel mit Swimmingpool und&#8230;<\/h1>\n<p style=\"text-align: center;\">Am Fu\u00dfe von hoch aufragenden, Jahrhunderte alter Palmen gelegen, ist unser fantastischer Swimmingpool ein absolut erholsamer Ort. Verbringen Sie in Ruhe und Friedlichkeit eine gro\u00dfartige Zeit mit der Familie, w\u00e4hrend das wohltuende Wasser Ihren K\u00f6rper und Ihren Geist entspannt.<\/p>\n<p style=\"text-align: center;\">[huge_it_slider id=&#8221;4&#8243;]<\/p>\n<p style=\"text-align: left;\"><div class=\"col-md-4\">\n<h3>\u00d6ffnungszeiten<\/h3>\n<p>Nutzungszeitraum: von Ostern bis Oktober; das Solarium ist das ganze Jahr \u00fcber zug\u00e4nglich.<\/p>\n<ul>\n<li>Wassertiefe: 160 cm, Nichtschwimmer-Bereich: 70 cm.<\/li>\n<\/ul>\n<p>Der Zugang zum Pool ist nur Hotelg\u00e4sten vorbehalten.<br \/>\nDer Swimmingpool ist nicht beheizt, liegt aber in der perfekten Position, in der das Sonnenlicht das Wasser reichlich durchdringt.<\/div>\n<div class=\"col-md-4\">\n<h3>Das Solarium<\/h3>\n<p>Das Solarium ist das ganze Jahr \u00fcber zug\u00e4nglich und erlaubt auch im milden Winter der Riviera regelm\u00e4\u00dfige Heliotherapie.<\/p>\n<ul>\n<li>Ge\u00f6ffnet von 10:00 Uhr bis 18:00 Uhr<\/li>\n<\/ul>\n<\/div><div class=\"col-md-4\">\n<h3>Die Dalak Grillbar<\/h3>\n<p>Im Sommer ist am Pool der Dalak-Grill von 10 bis 19 Uhr ge\u00f6ffnet; Genie\u00dfen Sie unsere Auswahl an Sandwiches\u00a0und Eissorten, von 12.30 bis 15.00 Uhr.<\/p>\n<p>Auf Wunsch ist im Bereich des Solariums Barservice erh\u00e4ltlich.<\/div>\n","protected":false},"excerpt":{"rendered":"<p>Hotel mit Swimmingpool und&#8230; Am Fu\u00dfe von hoch aufragenden, Jahrhunderte alter Palmen gelegen, ist unser fantastischer Swimmingpool ein absolut erholsamer Ort. Verbringen Sie in Ruhe und Friedlichkeit eine gro\u00dfartige Zeit mit der Familie, w\u00e4hrend das wohltuende Wasser Ihren K\u00f6rper und Ihren Geist entspannt. [huge_it_slider id=&#8221;4&#8243;]<\/p>\n","protected":false},"author":3,"featured_media":1026,"parent":3536,"menu_order":0,"comment_status":"open","ping_status":"open","template":"","meta":{"_acf_changed":false,"footnotes":""},"class_list":["post-3546","page","type-page","status-publish","has-post-thumbnail","hentry"],"acf":[],"yoast_head":"<!-- This site is optimized with the Yoast SEO plugin v25.6 - https:\/\/yoast.com\/wordpress\/plugins\/seo\/ -->\n<title>Hotel mit Swimmingpool | Nyala Suite Hotel 4-Sterne-Hotel in San Remo<\/title>\n<meta name=\"description\" content=\"Hotel mit Swimmingpool, Solarium, Garten, Bar. Nyala Hotel in Sanremo online buchen, toll f\u00fcr Familien mit Kindern, Paare, Senioren, im Urlaub in San Remo\" \/>\n<meta name=\"robots\" content=\"noindex, follow, max-snippet:-1, max-image-preview:large, max-video-preview:-1\" \/>\n<meta property=\"og:locale\" content=\"de_DE\" \/>\n<meta property=\"og:type\" content=\"article\" \/>\n<meta property=\"og:title\" content=\"Hotel mit Swimmingpool | Nyala Suite Hotel 4-Sterne-Hotel in San Remo\" \/>\n<meta property=\"og:description\" content=\"Hotel mit Swimmingpool, Solarium, Garten, Bar. Nyala Hotel in Sanremo online buchen, toll f\u00fcr Familien mit Kindern, Paare, Senioren, im Urlaub in San Remo\" \/>\n<meta property=\"og:url\" content=\"https:\/\/nyala.info\/de\/hotel\/3546-2\/\" \/>\n<meta property=\"og:site_name\" content=\"Nyala Suite Hotel\" \/>\n<meta property=\"article:modified_time\" content=\"2017-07-22T09:54:07+00:00\" \/>\n<meta property=\"og:image\" content=\"https:\/\/nyala.info\/wp-content\/uploads\/2015\/04\/IMG_3681.jpg\" \/>\n\t<meta property=\"og:image:width\" content=\"1620\" \/>\n\t<meta property=\"og:image:height\" content=\"1080\" \/>\n\t<meta property=\"og:image:type\" content=\"image\/jpeg\" \/>\n<meta name=\"twitter:card\" content=\"summary_large_image\" \/>\n<meta name=\"twitter:label1\" content=\"Est. reading time\" \/>\n\t<meta name=\"twitter:data1\" content=\"1 minute\" \/>\n<script type=\"application\/ld+json\" class=\"yoast-schema-graph\">{\"@context\":\"https:\/\/schema.org\",\"@graph\":[{\"@type\":\"WebPage\",\"@id\":\"https:\/\/nyala.info\/de\/hotel\/3546-2\/\",\"url\":\"https:\/\/nyala.info\/de\/hotel\/3546-2\/\",\"name\":\"Hotel mit Swimmingpool | Nyala Suite Hotel 4-Sterne-Hotel in San Remo\",\"isPartOf\":{\"@id\":\"https:\/\/nyala.info\/de\/#website\"},\"primaryImageOfPage\":{\"@id\":\"https:\/\/nyala.info\/de\/hotel\/3546-2\/#primaryimage\"},\"image\":{\"@id\":\"https:\/\/nyala.info\/de\/hotel\/3546-2\/#primaryimage\"},\"thumbnailUrl\":\"https:\/\/nyala.info\/wp-content\/uploads\/2015\/04\/IMG_3681.jpg\",\"datePublished\":\"2016-02-22T09:56:59+00:00\",\"dateModified\":\"2017-07-22T09:54:07+00:00\",\"description\":\"Hotel mit Swimmingpool, Solarium, Garten, Bar. Nyala Hotel in Sanremo online buchen, toll f\u00fcr Familien mit Kindern, Paare, Senioren, im Urlaub in San Remo\",\"breadcrumb\":{\"@id\":\"https:\/\/nyala.info\/de\/hotel\/3546-2\/#breadcrumb\"},\"inLanguage\":\"de-DE\",\"potentialAction\":[{\"@type\":\"ReadAction\",\"target\":[\"https:\/\/nyala.info\/de\/hotel\/3546-2\/\"]}]},{\"@type\":\"ImageObject\",\"inLanguage\":\"de-DE\",\"@id\":\"https:\/\/nyala.info\/de\/hotel\/3546-2\/#primaryimage\",\"url\":\"https:\/\/nyala.info\/wp-content\/uploads\/2015\/04\/IMG_3681.jpg\",\"contentUrl\":\"https:\/\/nyala.info\/wp-content\/uploads\/2015\/04\/IMG_3681.jpg\",\"width\":1620,\"height\":1080,\"caption\":\"piscina\"},{\"@type\":\"BreadcrumbList\",\"@id\":\"https:\/\/nyala.info\/de\/hotel\/3546-2\/#breadcrumb\",\"itemListElement\":[{\"@type\":\"ListItem\",\"position\":1,\"name\":\"Home\",\"item\":\"https:\/\/nyala.info\/de\/\"},{\"@type\":\"ListItem\",\"position\":2,\"name\":\"Hotel\",\"item\":\"https:\/\/nyala.info\/de\/hotel\/\"},{\"@type\":\"ListItem\",\"position\":3,\"name\":\"Hotel mit Swimmingpool\"}]},{\"@type\":\"WebSite\",\"@id\":\"https:\/\/nyala.info\/de\/#website\",\"url\":\"https:\/\/nyala.info\/de\/\",\"name\":\"Nyala Suite Hotel\",\"description\":\"4-Sterne-Hotel in San Remo\",\"potentialAction\":[{\"@type\":\"SearchAction\",\"target\":{\"@type\":\"EntryPoint\",\"urlTemplate\":\"https:\/\/nyala.info\/de\/?s={search_term_string}\"},\"query-input\":{\"@type\":\"PropertyValueSpecification\",\"valueRequired\":true,\"valueName\":\"search_term_string\"}}],\"inLanguage\":\"de-DE\"}]}<\/script>\n<!-- \/ Yoast SEO plugin. -->","yoast_head_json":{"title":"Hotel mit Swimmingpool | Nyala Suite Hotel 4-Sterne-Hotel in San Remo","description":"Hotel mit Swimmingpool, Solarium, Garten, Bar. Nyala Hotel in Sanremo online buchen, toll f\u00fcr Familien mit Kindern, Paare, Senioren, im Urlaub in San Remo","robots":{"index":"noindex","follow":"follow","max-snippet":"max-snippet:-1","max-image-preview":"max-image-preview:large","max-video-preview":"max-video-preview:-1"},"og_locale":"de_DE","og_type":"article","og_title":"Hotel mit Swimmingpool | Nyala Suite Hotel 4-Sterne-Hotel in San Remo","og_description":"Hotel mit Swimmingpool, Solarium, Garten, Bar. Nyala Hotel in Sanremo online buchen, toll f\u00fcr Familien mit Kindern, Paare, Senioren, im Urlaub in San Remo","og_url":"https:\/\/nyala.info\/de\/hotel\/3546-2\/","og_site_name":"Nyala Suite Hotel","article_modified_time":"2017-07-22T09:54:07+00:00","og_image":[{"width":1620,"height":1080,"url":"https:\/\/nyala.info\/wp-content\/uploads\/2015\/04\/IMG_3681.jpg","type":"image\/jpeg"}],"twitter_card":"summary_large_image","twitter_misc":{"Est. reading time":"1 minute"},"schema":{"@context":"https:\/\/schema.org","@graph":[{"@type":"WebPage","@id":"https:\/\/nyala.info\/de\/hotel\/3546-2\/","url":"https:\/\/nyala.info\/de\/hotel\/3546-2\/","name":"Hotel mit Swimmingpool | Nyala Suite Hotel 4-Sterne-Hotel in San Remo","isPartOf":{"@id":"https:\/\/nyala.info\/de\/#website"},"primaryImageOfPage":{"@id":"https:\/\/nyala.info\/de\/hotel\/3546-2\/#primaryimage"},"image":{"@id":"https:\/\/nyala.info\/de\/hotel\/3546-2\/#primaryimage"},"thumbnailUrl":"https:\/\/nyala.info\/wp-content\/uploads\/2015\/04\/IMG_3681.jpg","datePublished":"2016-02-22T09:56:59+00:00","dateModified":"2017-07-22T09:54:07+00:00","description":"Hotel mit Swimmingpool, Solarium, Garten, Bar. Nyala Hotel in Sanremo online buchen, toll f\u00fcr Familien mit Kindern, Paare, Senioren, im Urlaub in San Remo","breadcrumb":{"@id":"https:\/\/nyala.info\/de\/hotel\/3546-2\/#breadcrumb"},"inLanguage":"de-DE","potentialAction":[{"@type":"ReadAction","target":["https:\/\/nyala.info\/de\/hotel\/3546-2\/"]}]},{"@type":"ImageObject","inLanguage":"de-DE","@id":"https:\/\/nyala.info\/de\/hotel\/3546-2\/#primaryimage","url":"https:\/\/nyala.info\/wp-content\/uploads\/2015\/04\/IMG_3681.jpg","contentUrl":"https:\/\/nyala.info\/wp-content\/uploads\/2015\/04\/IMG_3681.jpg","width":1620,"height":1080,"caption":"piscina"},{"@type":"BreadcrumbList","@id":"https:\/\/nyala.info\/de\/hotel\/3546-2\/#breadcrumb","itemListElement":[{"@type":"ListItem","position":1,"name":"Home","item":"https:\/\/nyala.info\/de\/"},{"@type":"ListItem","position":2,"name":"Hotel","item":"https:\/\/nyala.info\/de\/hotel\/"},{"@type":"ListItem","position":3,"name":"Hotel mit Swimmingpool"}]},{"@type":"WebSite","@id":"https:\/\/nyala.info\/de\/#website","url":"https:\/\/nyala.info\/de\/","name":"Nyala Suite Hotel","description":"4-Sterne-Hotel in San Remo","potentialAction":[{"@type":"SearchAction","target":{"@type":"EntryPoint","urlTemplate":"https:\/\/nyala.info\/de\/?s={search_term_string}"},"query-input":{"@type":"PropertyValueSpecification","valueRequired":true,"valueName":"search_term_string"}}],"inLanguage":"de-DE"}]}},"_links":{"self":[{"href":"https:\/\/nyala.info\/de\/wp-json\/wp\/v2\/pages\/3546"}],"collection":[{"href":"https:\/\/nyala.info\/de\/wp-json\/wp\/v2\/pages"}],"about":[{"href":"https:\/\/nyala.info\/de\/wp-json\/wp\/v2\/types\/page"}],"author":[{"embeddable":true,"href":"https:\/\/nyala.info\/de\/wp-json\/wp\/v2\/users\/3"}],"replies":[{"embeddable":true,"href":"https:\/\/nyala.info\/de\/wp-json\/wp\/v2\/comments?post=3546"}],"version-history":[{"count":4,"href":"https:\/\/nyala.info\/de\/wp-json\/wp\/v2\/pages\/3546\/revisions"}],"predecessor-version":[{"id":5610,"href":"https:\/\/nyala.info\/de\/wp-json\/wp\/v2\/pages\/3546\/revisions\/5610"}],"up":[{"embeddable":true,"href":"https:\/\/nyala.info\/de\/wp-json\/wp\/v2\/pages\/3536"}],"wp:featuredmedia":[{"embeddable":true,"href":"https:\/\/nyala.info\/de\/wp-json\/wp\/v2\/media\/1026"}],"wp:attachment":[{"href":"https:\/\/nyala.info\/de\/wp-json\/wp\/v2\/media?parent=3546"}],"curies":[{"name":"wp","href":"https:\/\/api.w.org\/{rel}","templated":true}]}}