{"id":3536,"date":"2017-02-21T12:34:20","date_gmt":"2017-02-21T11:34:20","guid":{"rendered":"http:\/\/www.nyalahotel.biz\/?page_id=3536\/"},"modified":"2017-07-22T11:40:38","modified_gmt":"2017-07-22T09:40:38","slug":"hotel","status":"publish","type":"page","link":"https:\/\/nyala.info\/de\/hotel\/","title":{"rendered":"Hotel"},"content":{"rendered":"<h1>Nyala Suite Hotel Sanremo: ein luxuri\u00f6ses 4-Sterne-Hotel<\/h1>\n<h2>Ein zeitgem\u00e4\u00dfer Hotelbetrieb mit einem herrlichem Swimmingpool inmitten eines Gartens mit Jahrhunderte alten Palmen<\/h2>\n<p>Mit der Wahl unseres Hauses k\u00f6nnen Sie sich auf Ruhe und Privatsph\u00e4re f\u00fcr eine vollst\u00e4ndige und gute Erholung verlassen. Umgeben von tropischen G\u00e4rten erf\u00fcllt unser Hotel Sie mit ultimativer Entspannung.<\/p>\n<p>Unabh\u00e4ngig davon, ob Sie eines der 40 modernen und gut ausgestatteten, traditionellen\u00a0<a href=\"http:\/\/www.nyalahotel.com\/de\/zimmer\/\" target=\"_blank\">Zimmer<\/a>\u00a0f\u00fcr ihren Aufenthalt w\u00e4hlen oder eine unserer 36 Junior Suiten zu Ihrem Zuhause machen. \u00a0Unsere Zimmer bieten Klimaanlage, Radio und Satellitenfernsehen, WiFi-Internetzugang, Direktwahltelefon, F\u00f6n und eine Minibar. Einigen Suiten sind mit einer Hydromassage-Wanne f\u00fcr Ihre totale Entspannung ausgestattet.<\/p>\n<p>Das kompetente Personal des eleganten Asmara <a href=\"http:\/\/www.nyalahotel.com\/en\/restaurant\/\" target=\"_blank\">Restaurants<\/a>\u00a0kann Ihnen die besten Weine und Spezialit\u00e4ten der ligurischen und nationalen K\u00fcche empfehlen. Zus\u00e4tzlich k\u00f6nnen sie dabei helfen, Ihr Festessen zu einem besonderem und unvergesslichen Ereignis zu machen.<\/p>\n<p>Unser\u00a0herrlicher <a href=\"http:\/\/www.nyalahotel.com\/de\/hotel\/3546-2\/\">Swimmingpool<\/a> ist umgeben von\u00a0<a href=\"http:\/\/www.nyalahotel.com\/de\/hotel\/der-garten\/\">tropischen G\u00e4rten<\/a>.\u00a0Genie\u00dfen Sie ein kaltes Getr\u00e4nk an der Dalak Pool-Bar und entz\u00fccken Sie Ihre Sinne am Duft unserer G\u00e4rten. Besondere Aufmerksamkeit kommt Familien zu und die Kinder werden es lieben, auf dem Kinderspielplatz zu spielen. Fahrradbegeisterte k\u00f6nnen Fahrr\u00e4der zu besonders reduzierten Preisen ausleihen und die atemberaubenden und malerischen Aussichten von unserem Ferienort und der Umgebung genie\u00dfen.<\/p>\n<p>Unser Hotel bietet mehrere gut ausgestattete <a href=\"http:\/\/www.nyalahotel.com\/de\/konferenzen\/tagungsraeume-fuer-konferenzen\/\">Kongressr\u00e4ume<\/a>, die zwischen 40 und 150 Personen aufnehmen k\u00f6nnen. Das Hotel verf\u00fcgt \u00fcber ein fest zugeordnetes Team, welches Sie dabei unterst\u00fctzt, Ihr Gesch\u00e4ftstreffen zu einem wahren Erfolg zu machen.<\/p>\n","protected":false},"excerpt":{"rendered":"<p>Nyala Suite Hotel Sanremo: ein luxuri\u00f6ses 4-Sterne-Hotel Ein zeitgem\u00e4\u00dfer Hotelbetrieb mit einem herrlichem Swimmingpool inmitten eines Gartens mit Jahrhunderte alten Palmen Mit der Wahl unseres Hauses k\u00f6nnen Sie sich auf Ruhe und Privatsph\u00e4re f\u00fcr eine vollst\u00e4ndige und gute Erholung verlassen. Umgeben von tropischen G\u00e4rten erf\u00fcllt unser Hotel Sie mit ultimativer Entspannung. Unabh\u00e4ngig davon, ob Sie [&hellip;]<\/p>\n","protected":false},"author":3,"featured_media":0,"parent":0,"menu_order":30,"comment_status":"open","ping_status":"open","template":"page_territory.php","meta":{"_acf_changed":false,"footnotes":""},"class_list":["post-3536","page","type-page","status-publish","hentry"],"acf":[],"yoast_head":"<!-- This site is optimized with the Yoast SEO plugin v25.6 - https:\/\/yoast.com\/wordpress\/plugins\/seo\/ -->\n<title>Hotel | Nyala Suite Hotel 4-Sterne-Hotel in San Remo<\/title>\n<meta name=\"description\" content=\"Hotel Sanremo Nyala Suite 4-Sterne-Hotel mit Swimmingpool, Garten, Restaurant, Panoramaausblick \u00fcber das Meer. Online buchen auf unserer Seite und sparen\" \/>\n<meta name=\"robots\" content=\"noindex, follow, max-snippet:-1, max-image-preview:large, max-video-preview:-1\" \/>\n<meta property=\"og:locale\" content=\"de_DE\" \/>\n<meta property=\"og:type\" content=\"article\" \/>\n<meta property=\"og:title\" content=\"Hotel | Nyala Suite Hotel 4-Sterne-Hotel in San Remo\" \/>\n<meta property=\"og:description\" content=\"Hotel Sanremo Nyala Suite 4-Sterne-Hotel mit Swimmingpool, Garten, Restaurant, Panoramaausblick \u00fcber das Meer. Online buchen auf unserer Seite und sparen\" \/>\n<meta property=\"og:url\" content=\"https:\/\/nyala.info\/de\/hotel\/\" \/>\n<meta property=\"og:site_name\" content=\"Nyala Suite Hotel\" \/>\n<meta property=\"article:modified_time\" content=\"2017-07-22T09:40:38+00:00\" \/>\n<meta name=\"twitter:card\" content=\"summary_large_image\" \/>\n<meta name=\"twitter:label1\" content=\"Est. reading time\" \/>\n\t<meta name=\"twitter:data1\" content=\"1 minute\" \/>\n<script type=\"application\/ld+json\" class=\"yoast-schema-graph\">{\"@context\":\"https:\/\/schema.org\",\"@graph\":[{\"@type\":\"WebPage\",\"@id\":\"https:\/\/nyala.info\/de\/hotel\/\",\"url\":\"https:\/\/nyala.info\/de\/hotel\/\",\"name\":\"Hotel | Nyala Suite Hotel 4-Sterne-Hotel in San Remo\",\"isPartOf\":{\"@id\":\"https:\/\/nyala.info\/de\/#website\"},\"datePublished\":\"2017-02-21T11:34:20+00:00\",\"dateModified\":\"2017-07-22T09:40:38+00:00\",\"description\":\"Hotel Sanremo Nyala Suite 4-Sterne-Hotel mit Swimmingpool, Garten, Restaurant, Panoramaausblick \u00fcber das Meer. Online buchen auf unserer Seite und sparen\",\"breadcrumb\":{\"@id\":\"https:\/\/nyala.info\/de\/hotel\/#breadcrumb\"},\"inLanguage\":\"de-DE\",\"potentialAction\":[{\"@type\":\"ReadAction\",\"target\":[\"https:\/\/nyala.info\/de\/hotel\/\"]}]},{\"@type\":\"BreadcrumbList\",\"@id\":\"https:\/\/nyala.info\/de\/hotel\/#breadcrumb\",\"itemListElement\":[{\"@type\":\"ListItem\",\"position\":1,\"name\":\"Home\",\"item\":\"https:\/\/nyala.info\/de\/\"},{\"@type\":\"ListItem\",\"position\":2,\"name\":\"Hotel\"}]},{\"@type\":\"WebSite\",\"@id\":\"https:\/\/nyala.info\/de\/#website\",\"url\":\"https:\/\/nyala.info\/de\/\",\"name\":\"Nyala Suite Hotel\",\"description\":\"4-Sterne-Hotel in San Remo\",\"potentialAction\":[{\"@type\":\"SearchAction\",\"target\":{\"@type\":\"EntryPoint\",\"urlTemplate\":\"https:\/\/nyala.info\/de\/?s={search_term_string}\"},\"query-input\":{\"@type\":\"PropertyValueSpecification\",\"valueRequired\":true,\"valueName\":\"search_term_string\"}}],\"inLanguage\":\"de-DE\"}]}<\/script>\n<!-- \/ Yoast SEO plugin. -->","yoast_head_json":{"title":"Hotel | Nyala Suite Hotel 4-Sterne-Hotel in San Remo","description":"Hotel Sanremo Nyala Suite 4-Sterne-Hotel mit Swimmingpool, Garten, Restaurant, Panoramaausblick \u00fcber das Meer. Online buchen auf unserer Seite und sparen","robots":{"index":"noindex","follow":"follow","max-snippet":"max-snippet:-1","max-image-preview":"max-image-preview:large","max-video-preview":"max-video-preview:-1"},"og_locale":"de_DE","og_type":"article","og_title":"Hotel | Nyala Suite Hotel 4-Sterne-Hotel in San Remo","og_description":"Hotel Sanremo Nyala Suite 4-Sterne-Hotel mit Swimmingpool, Garten, Restaurant, Panoramaausblick \u00fcber das Meer. Online buchen auf unserer Seite und sparen","og_url":"https:\/\/nyala.info\/de\/hotel\/","og_site_name":"Nyala Suite Hotel","article_modified_time":"2017-07-22T09:40:38+00:00","twitter_card":"summary_large_image","twitter_misc":{"Est. reading time":"1 minute"},"schema":{"@context":"https:\/\/schema.org","@graph":[{"@type":"WebPage","@id":"https:\/\/nyala.info\/de\/hotel\/","url":"https:\/\/nyala.info\/de\/hotel\/","name":"Hotel | Nyala Suite Hotel 4-Sterne-Hotel in San Remo","isPartOf":{"@id":"https:\/\/nyala.info\/de\/#website"},"datePublished":"2017-02-21T11:34:20+00:00","dateModified":"2017-07-22T09:40:38+00:00","description":"Hotel Sanremo Nyala Suite 4-Sterne-Hotel mit Swimmingpool, Garten, Restaurant, Panoramaausblick \u00fcber das Meer. Online buchen auf unserer Seite und sparen","breadcrumb":{"@id":"https:\/\/nyala.info\/de\/hotel\/#breadcrumb"},"inLanguage":"de-DE","potentialAction":[{"@type":"ReadAction","target":["https:\/\/nyala.info\/de\/hotel\/"]}]},{"@type":"BreadcrumbList","@id":"https:\/\/nyala.info\/de\/hotel\/#breadcrumb","itemListElement":[{"@type":"ListItem","position":1,"name":"Home","item":"https:\/\/nyala.info\/de\/"},{"@type":"ListItem","position":2,"name":"Hotel"}]},{"@type":"WebSite","@id":"https:\/\/nyala.info\/de\/#website","url":"https:\/\/nyala.info\/de\/","name":"Nyala Suite Hotel","description":"4-Sterne-Hotel in San Remo","potentialAction":[{"@type":"SearchAction","target":{"@type":"EntryPoint","urlTemplate":"https:\/\/nyala.info\/de\/?s={search_term_string}"},"query-input":{"@type":"PropertyValueSpecification","valueRequired":true,"valueName":"search_term_string"}}],"inLanguage":"de-DE"}]}},"_links":{"self":[{"href":"https:\/\/nyala.info\/de\/wp-json\/wp\/v2\/pages\/3536"}],"collection":[{"href":"https:\/\/nyala.info\/de\/wp-json\/wp\/v2\/pages"}],"about":[{"href":"https:\/\/nyala.info\/de\/wp-json\/wp\/v2\/types\/page"}],"author":[{"embeddable":true,"href":"https:\/\/nyala.info\/de\/wp-json\/wp\/v2\/users\/3"}],"replies":[{"embeddable":true,"href":"https:\/\/nyala.info\/de\/wp-json\/wp\/v2\/comments?post=3536"}],"version-history":[{"count":2,"href":"https:\/\/nyala.info\/de\/wp-json\/wp\/v2\/pages\/3536\/revisions"}],"predecessor-version":[{"id":5608,"href":"https:\/\/nyala.info\/de\/wp-json\/wp\/v2\/pages\/3536\/revisions\/5608"}],"wp:attachment":[{"href":"https:\/\/nyala.info\/de\/wp-json\/wp\/v2\/media?parent=3536"}],"curies":[{"name":"wp","href":"https:\/\/api.w.org\/{rel}","templated":true}]}}