{"id":2335,"date":"2016-11-03T20:14:10","date_gmt":"2016-11-03T19:14:10","guid":{"rendered":"http:\/\/www.nyalahotel.biz\/de\/?page_id=2335"},"modified":"2016-11-15T11:09:08","modified_gmt":"2016-11-15T10:09:08","slug":"hochzeitsreise-italienische-riviera","status":"publish","type":"page","link":"https:\/\/nyala.info\/de\/angebote\/paare\/hochzeitsreise-italienische-riviera\/","title":{"rendered":"Hochzeitsreise italienische Riviera"},"content":{"rendered":"<h2>Hochzeitsreise italienische Riviera<\/h2>\n<h4>Machen Sie Ihren Hochzeitstag zu etwas ganz besonderem, im Nyala Suite 4 Sterne\u00a0 Hotel in San Remo.<\/h4>\n<p>DIE ROMANTIK DER BLUMENRIVIERA UND DAS BLAU DER\u00a0 COSTA AZZURRA SIND WIE GESCHAFFEN F\u00dcR EINE ROMANTISCHE HOCHZEITSREISE<br \/>\nLassen Sie sich von der Magie der Riviera anstecken!<br \/>\nUnser Angebot enth\u00e4lt:<br \/>\nEin romantisches Abendessen in einem renommierten Restaurant der Stadt<br \/>\nEin Abendessen bei Kerzenschein im L&#8217;Asmara Restaurant des Hotels.<br \/>\nJunior Suite mit Blick aufs Meer und Jacuzzi Whirlpool.<br \/>\nBei ihrer Ankunft werden sie eine Sektflasche und ein duftendes Blumenbouqet vorfinden<br \/>\nPrivater Parkplatz, je nach Verf\u00fcgbarkeit.<br \/>\nTransfer vom und zum Bahnhof<br \/>\nEin Gutschein f\u00fcr Spielchips im \u00f6rtlichen Kasino.<\/p>\n<p>&nbsp;<\/p>\n<p class=\"small\">BUCHUNGSBEDINGUNGEN<br \/>\nMinimale Aufentaltsdauer: 3 N\u00e4chte.<br \/>\nMaximale Aufenthaltsdauer: unbegrenzt.<br \/>\nDieses Angebot gilt nur f\u00fcr Online-Buchungen und ist nur f\u00fcr eine begrenzte Anzahl von Zimmern verf\u00fcgbar.<br \/>\nDieses Angebot gilt ganzj\u00e4hrig, au\u00dfer zu Hauptverkehrzeiten. .<br \/>\nAlle vorgestellten Rabatte werden automatisch von unserem Buchungssystem berechnet.<br \/>\nDieses Angebot kann ohne Vorank\u00fcndigung ge\u00e4ndert werden.<br \/>\nKaution: 25%, Minimum, oder eine \u00dcbernachtung.<br \/>\nKostenlose Stornierung und Modifikation bis zu 7 Tage vor Beginn des Aufenthalts.<br \/>\nStrafe f\u00fcr die versp\u00e4tete Stornierung und \u00c4nderung, Nichterscheinen, vorzeitiger Abreise: 100%.<\/p>\n","protected":false},"excerpt":{"rendered":"<p>Hochzeitsreise italienische Riviera Machen Sie Ihren Hochzeitstag zu etwas ganz besonderem, im Nyala Suite 4 Sterne\u00a0 Hotel in San Remo. DIE ROMANTIK DER BLUMENRIVIERA UND DAS BLAU DER\u00a0 COSTA AZZURRA SIND WIE GESCHAFFEN F\u00dcR EINE ROMANTISCHE HOCHZEITSREISE Lassen Sie sich von der Magie der Riviera anstecken! Unser Angebot enth\u00e4lt: Ein romantisches Abendessen in einem renommierten [&hellip;]<\/p>\n","protected":false},"author":3,"featured_media":1167,"parent":4993,"menu_order":23,"comment_status":"open","ping_status":"open","template":"","meta":{"_acf_changed":false,"footnotes":""},"class_list":["post-2335","page","type-page","status-publish","has-post-thumbnail","hentry"],"acf":[],"yoast_head":"<!-- This site is optimized with the Yoast SEO plugin v25.6 - https:\/\/yoast.com\/wordpress\/plugins\/seo\/ -->\n<title>Hochzeitsreise italienische Riviera | Nyala Suite Hotel 4-Sterne-Hotel in San Remo<\/title>\n<meta name=\"description\" content=\"Hochzeitsreise italienische Riviera - Machen Sie Ihren Hochzeitstag zu etwas ganz besonderem, im Nyala Suite 4 Sterne Hotel in San Remo.\" \/>\n<meta name=\"robots\" content=\"noindex, follow, max-snippet:-1, max-image-preview:large, max-video-preview:-1\" \/>\n<meta property=\"og:locale\" content=\"de_DE\" \/>\n<meta property=\"og:type\" content=\"article\" \/>\n<meta property=\"og:title\" content=\"Hochzeitsreise italienische Riviera | Nyala Suite Hotel 4-Sterne-Hotel in San Remo\" \/>\n<meta property=\"og:description\" content=\"Hochzeitsreise italienische Riviera - Machen Sie Ihren Hochzeitstag zu etwas ganz besonderem, im Nyala Suite 4 Sterne Hotel in San Remo.\" \/>\n<meta property=\"og:url\" content=\"https:\/\/nyala.info\/de\/angebote\/paare\/hochzeitsreise-italienische-riviera\/\" \/>\n<meta property=\"og:site_name\" content=\"Nyala Suite Hotel\" \/>\n<meta property=\"article:modified_time\" content=\"2016-11-15T10:09:08+00:00\" \/>\n<meta property=\"og:image\" content=\"https:\/\/nyala.info\/wp-content\/uploads\/2015\/04\/honeymoon.jpg\" \/>\n\t<meta property=\"og:image:width\" content=\"1284\" \/>\n\t<meta property=\"og:image:height\" content=\"856\" \/>\n\t<meta property=\"og:image:type\" content=\"image\/jpeg\" \/>\n<meta name=\"twitter:card\" content=\"summary_large_image\" \/>\n<meta name=\"twitter:label1\" content=\"Est. reading time\" \/>\n\t<meta name=\"twitter:data1\" content=\"1 minute\" \/>\n<script type=\"application\/ld+json\" class=\"yoast-schema-graph\">{\"@context\":\"https:\/\/schema.org\",\"@graph\":[{\"@type\":\"WebPage\",\"@id\":\"https:\/\/nyala.info\/de\/angebote\/paare\/hochzeitsreise-italienische-riviera\/\",\"url\":\"https:\/\/nyala.info\/de\/angebote\/paare\/hochzeitsreise-italienische-riviera\/\",\"name\":\"Hochzeitsreise italienische Riviera | Nyala Suite Hotel 4-Sterne-Hotel in San Remo\",\"isPartOf\":{\"@id\":\"https:\/\/nyala.info\/de\/#website\"},\"primaryImageOfPage\":{\"@id\":\"https:\/\/nyala.info\/de\/angebote\/paare\/hochzeitsreise-italienische-riviera\/#primaryimage\"},\"image\":{\"@id\":\"https:\/\/nyala.info\/de\/angebote\/paare\/hochzeitsreise-italienische-riviera\/#primaryimage\"},\"thumbnailUrl\":\"https:\/\/nyala.info\/wp-content\/uploads\/2015\/04\/honeymoon.jpg\",\"datePublished\":\"2016-11-03T19:14:10+00:00\",\"dateModified\":\"2016-11-15T10:09:08+00:00\",\"description\":\"Hochzeitsreise italienische Riviera - Machen Sie Ihren Hochzeitstag zu etwas ganz besonderem, im Nyala Suite 4 Sterne Hotel in San Remo.\",\"breadcrumb\":{\"@id\":\"https:\/\/nyala.info\/de\/angebote\/paare\/hochzeitsreise-italienische-riviera\/#breadcrumb\"},\"inLanguage\":\"de-DE\",\"potentialAction\":[{\"@type\":\"ReadAction\",\"target\":[\"https:\/\/nyala.info\/de\/angebote\/paare\/hochzeitsreise-italienische-riviera\/\"]}]},{\"@type\":\"ImageObject\",\"inLanguage\":\"de-DE\",\"@id\":\"https:\/\/nyala.info\/de\/angebote\/paare\/hochzeitsreise-italienische-riviera\/#primaryimage\",\"url\":\"https:\/\/nyala.info\/wp-content\/uploads\/2015\/04\/honeymoon.jpg\",\"contentUrl\":\"https:\/\/nyala.info\/wp-content\/uploads\/2015\/04\/honeymoon.jpg\",\"width\":1284,\"height\":856,\"caption\":\"Luna di miele, voyage de noces, Hochzeitsreise, \u0413\u043e\u0434\u043e\u0432\u0449\u0438\u043d\u0430 \u0441\u0432\u0430\u0434\u044c\u0431\u044b\"},{\"@type\":\"BreadcrumbList\",\"@id\":\"https:\/\/nyala.info\/de\/angebote\/paare\/hochzeitsreise-italienische-riviera\/#breadcrumb\",\"itemListElement\":[{\"@type\":\"ListItem\",\"position\":1,\"name\":\"Home\",\"item\":\"https:\/\/nyala.info\/de\/\"},{\"@type\":\"ListItem\",\"position\":2,\"name\":\"ANGEBOTE\",\"item\":\"https:\/\/nyala.info\/de\/angebote\/\"},{\"@type\":\"ListItem\",\"position\":3,\"name\":\"Paare\",\"item\":\"https:\/\/nyala.info\/de\/angebote\/paare\/\"},{\"@type\":\"ListItem\",\"position\":4,\"name\":\"Hochzeitsreise italienische Riviera\"}]},{\"@type\":\"WebSite\",\"@id\":\"https:\/\/nyala.info\/de\/#website\",\"url\":\"https:\/\/nyala.info\/de\/\",\"name\":\"Nyala Suite Hotel\",\"description\":\"4-Sterne-Hotel in San Remo\",\"potentialAction\":[{\"@type\":\"SearchAction\",\"target\":{\"@type\":\"EntryPoint\",\"urlTemplate\":\"https:\/\/nyala.info\/de\/?s={search_term_string}\"},\"query-input\":{\"@type\":\"PropertyValueSpecification\",\"valueRequired\":true,\"valueName\":\"search_term_string\"}}],\"inLanguage\":\"de-DE\"}]}<\/script>\n<!-- \/ Yoast SEO plugin. -->","yoast_head_json":{"title":"Hochzeitsreise italienische Riviera | Nyala Suite Hotel 4-Sterne-Hotel in San Remo","description":"Hochzeitsreise italienische Riviera - Machen Sie Ihren Hochzeitstag zu etwas ganz besonderem, im Nyala Suite 4 Sterne Hotel in San Remo.","robots":{"index":"noindex","follow":"follow","max-snippet":"max-snippet:-1","max-image-preview":"max-image-preview:large","max-video-preview":"max-video-preview:-1"},"og_locale":"de_DE","og_type":"article","og_title":"Hochzeitsreise italienische Riviera | Nyala Suite Hotel 4-Sterne-Hotel in San Remo","og_description":"Hochzeitsreise italienische Riviera - Machen Sie Ihren Hochzeitstag zu etwas ganz besonderem, im Nyala Suite 4 Sterne Hotel in San Remo.","og_url":"https:\/\/nyala.info\/de\/angebote\/paare\/hochzeitsreise-italienische-riviera\/","og_site_name":"Nyala Suite Hotel","article_modified_time":"2016-11-15T10:09:08+00:00","og_image":[{"width":1284,"height":856,"url":"https:\/\/nyala.info\/wp-content\/uploads\/2015\/04\/honeymoon.jpg","type":"image\/jpeg"}],"twitter_card":"summary_large_image","twitter_misc":{"Est. reading time":"1 minute"},"schema":{"@context":"https:\/\/schema.org","@graph":[{"@type":"WebPage","@id":"https:\/\/nyala.info\/de\/angebote\/paare\/hochzeitsreise-italienische-riviera\/","url":"https:\/\/nyala.info\/de\/angebote\/paare\/hochzeitsreise-italienische-riviera\/","name":"Hochzeitsreise italienische Riviera | Nyala Suite Hotel 4-Sterne-Hotel in San Remo","isPartOf":{"@id":"https:\/\/nyala.info\/de\/#website"},"primaryImageOfPage":{"@id":"https:\/\/nyala.info\/de\/angebote\/paare\/hochzeitsreise-italienische-riviera\/#primaryimage"},"image":{"@id":"https:\/\/nyala.info\/de\/angebote\/paare\/hochzeitsreise-italienische-riviera\/#primaryimage"},"thumbnailUrl":"https:\/\/nyala.info\/wp-content\/uploads\/2015\/04\/honeymoon.jpg","datePublished":"2016-11-03T19:14:10+00:00","dateModified":"2016-11-15T10:09:08+00:00","description":"Hochzeitsreise italienische Riviera - Machen Sie Ihren Hochzeitstag zu etwas ganz besonderem, im Nyala Suite 4 Sterne Hotel in San Remo.","breadcrumb":{"@id":"https:\/\/nyala.info\/de\/angebote\/paare\/hochzeitsreise-italienische-riviera\/#breadcrumb"},"inLanguage":"de-DE","potentialAction":[{"@type":"ReadAction","target":["https:\/\/nyala.info\/de\/angebote\/paare\/hochzeitsreise-italienische-riviera\/"]}]},{"@type":"ImageObject","inLanguage":"de-DE","@id":"https:\/\/nyala.info\/de\/angebote\/paare\/hochzeitsreise-italienische-riviera\/#primaryimage","url":"https:\/\/nyala.info\/wp-content\/uploads\/2015\/04\/honeymoon.jpg","contentUrl":"https:\/\/nyala.info\/wp-content\/uploads\/2015\/04\/honeymoon.jpg","width":1284,"height":856,"caption":"Luna di miele, voyage de noces, Hochzeitsreise, \u0413\u043e\u0434\u043e\u0432\u0449\u0438\u043d\u0430 \u0441\u0432\u0430\u0434\u044c\u0431\u044b"},{"@type":"BreadcrumbList","@id":"https:\/\/nyala.info\/de\/angebote\/paare\/hochzeitsreise-italienische-riviera\/#breadcrumb","itemListElement":[{"@type":"ListItem","position":1,"name":"Home","item":"https:\/\/nyala.info\/de\/"},{"@type":"ListItem","position":2,"name":"ANGEBOTE","item":"https:\/\/nyala.info\/de\/angebote\/"},{"@type":"ListItem","position":3,"name":"Paare","item":"https:\/\/nyala.info\/de\/angebote\/paare\/"},{"@type":"ListItem","position":4,"name":"Hochzeitsreise italienische Riviera"}]},{"@type":"WebSite","@id":"https:\/\/nyala.info\/de\/#website","url":"https:\/\/nyala.info\/de\/","name":"Nyala Suite Hotel","description":"4-Sterne-Hotel in San Remo","potentialAction":[{"@type":"SearchAction","target":{"@type":"EntryPoint","urlTemplate":"https:\/\/nyala.info\/de\/?s={search_term_string}"},"query-input":{"@type":"PropertyValueSpecification","valueRequired":true,"valueName":"search_term_string"}}],"inLanguage":"de-DE"}]}},"_links":{"self":[{"href":"https:\/\/nyala.info\/de\/wp-json\/wp\/v2\/pages\/2335"}],"collection":[{"href":"https:\/\/nyala.info\/de\/wp-json\/wp\/v2\/pages"}],"about":[{"href":"https:\/\/nyala.info\/de\/wp-json\/wp\/v2\/types\/page"}],"author":[{"embeddable":true,"href":"https:\/\/nyala.info\/de\/wp-json\/wp\/v2\/users\/3"}],"replies":[{"embeddable":true,"href":"https:\/\/nyala.info\/de\/wp-json\/wp\/v2\/comments?post=2335"}],"version-history":[{"count":3,"href":"https:\/\/nyala.info\/de\/wp-json\/wp\/v2\/pages\/2335\/revisions"}],"predecessor-version":[{"id":2442,"href":"https:\/\/nyala.info\/de\/wp-json\/wp\/v2\/pages\/2335\/revisions\/2442"}],"up":[{"embeddable":true,"href":"https:\/\/nyala.info\/de\/wp-json\/wp\/v2\/pages\/4993"}],"wp:featuredmedia":[{"embeddable":true,"href":"https:\/\/nyala.info\/de\/wp-json\/wp\/v2\/media\/1167"}],"wp:attachment":[{"href":"https:\/\/nyala.info\/de\/wp-json\/wp\/v2\/media?parent=2335"}],"curies":[{"name":"wp","href":"https:\/\/api.w.org\/{rel}","templated":true}]}}