{"id":2331,"date":"2016-11-03T20:12:40","date_gmt":"2016-11-03T19:12:40","guid":{"rendered":"http:\/\/www.nyalahotel.biz\/de\/?page_id=2331"},"modified":"2016-11-15T12:18:00","modified_gmt":"2016-11-15T11:18:00","slug":"segeln-und-bootfahren-der-kueste","status":"publish","type":"page","link":"https:\/\/nyala.info\/de\/angebote\/sportlich\/segeln-und-bootfahren-der-kueste\/","title":{"rendered":"Segeln und Bootfahren an der K\u00fcste"},"content":{"rendered":"<h2>San Remo Yachting Club<\/h2>\n<p>Segelschule f\u00fcr Jugendliche und Erwachsene. Es ist auch m\u00f6glich Boote und Segelboote mit\u00a0Motoren zu mieten.<br \/>\n<b><\/b><\/p>\n<p><b>Distanz vom Hotel<\/b>: 2.5 km<br \/>\n<b><\/b><\/p>\n<p><b>Verf\u00fcgbar f\u00fcr die Posten<\/b>:<br \/>\nWindsurfen<br \/>\nRudern<br \/>\nKajak<\/p>\n","protected":false},"excerpt":{"rendered":"<p>San Remo Yachting Club Segelschule f\u00fcr Jugendliche und Erwachsene. Es ist auch m\u00f6glich Boote und Segelboote mit\u00a0Motoren zu mieten. Distanz vom Hotel: 2.5 km Verf\u00fcgbar f\u00fcr die Posten: Windsurfen Rudern Kajak<\/p>\n","protected":false},"author":3,"featured_media":1132,"parent":4983,"menu_order":23,"comment_status":"open","ping_status":"closed","template":"","meta":{"_acf_changed":false,"footnotes":""},"class_list":["post-2331","page","type-page","status-publish","has-post-thumbnail","hentry"],"acf":[],"yoast_head":"<!-- This site is optimized with the Yoast SEO plugin v25.6 - https:\/\/yoast.com\/wordpress\/plugins\/seo\/ -->\n<title>Segeln und Bootfahren an der K\u00fcste | Nyala Suite Hotel 4-Sterne-Hotel in San Remo<\/title>\n<meta name=\"description\" content=\"San Remo Yachting Club - Segelschule f\u00fcr Jugendliche und Erwachsene. Es ist auch m\u00f6glich Boote und Segelboote mit Motoren zu mieten.\" \/>\n<meta name=\"robots\" content=\"noindex, follow, max-snippet:-1, max-image-preview:large, max-video-preview:-1\" \/>\n<meta property=\"og:locale\" content=\"de_DE\" \/>\n<meta property=\"og:type\" content=\"article\" \/>\n<meta property=\"og:title\" content=\"Segeln und Bootfahren an der K\u00fcste | Nyala Suite Hotel 4-Sterne-Hotel in San Remo\" \/>\n<meta property=\"og:description\" content=\"San Remo Yachting Club - Segelschule f\u00fcr Jugendliche und Erwachsene. Es ist auch m\u00f6glich Boote und Segelboote mit Motoren zu mieten.\" \/>\n<meta property=\"og:url\" content=\"https:\/\/nyala.info\/de\/angebote\/sportlich\/segeln-und-bootfahren-der-kueste\/\" \/>\n<meta property=\"og:site_name\" content=\"Nyala Suite Hotel\" \/>\n<meta property=\"article:modified_time\" content=\"2016-11-15T11:18:00+00:00\" \/>\n<meta property=\"og:image\" content=\"https:\/\/nyala.info\/wp-content\/uploads\/2015\/04\/yachtsanremo.jpg\" \/>\n\t<meta property=\"og:image:width\" content=\"1620\" \/>\n\t<meta property=\"og:image:height\" content=\"1080\" \/>\n\t<meta property=\"og:image:type\" content=\"image\/jpeg\" \/>\n<meta name=\"twitter:card\" content=\"summary_large_image\" \/>\n<script type=\"application\/ld+json\" class=\"yoast-schema-graph\">{\"@context\":\"https:\/\/schema.org\",\"@graph\":[{\"@type\":\"WebPage\",\"@id\":\"https:\/\/nyala.info\/de\/angebote\/sportlich\/segeln-und-bootfahren-der-kueste\/\",\"url\":\"https:\/\/nyala.info\/de\/angebote\/sportlich\/segeln-und-bootfahren-der-kueste\/\",\"name\":\"Segeln und Bootfahren an der K\u00fcste | Nyala Suite Hotel 4-Sterne-Hotel in San Remo\",\"isPartOf\":{\"@id\":\"https:\/\/nyala.info\/de\/#website\"},\"primaryImageOfPage\":{\"@id\":\"https:\/\/nyala.info\/de\/angebote\/sportlich\/segeln-und-bootfahren-der-kueste\/#primaryimage\"},\"image\":{\"@id\":\"https:\/\/nyala.info\/de\/angebote\/sportlich\/segeln-und-bootfahren-der-kueste\/#primaryimage\"},\"thumbnailUrl\":\"https:\/\/nyala.info\/wp-content\/uploads\/2015\/04\/yachtsanremo.jpg\",\"datePublished\":\"2016-11-03T19:12:40+00:00\",\"dateModified\":\"2016-11-15T11:18:00+00:00\",\"description\":\"San Remo Yachting Club - Segelschule f\u00fcr Jugendliche und Erwachsene. Es ist auch m\u00f6glich Boote und Segelboote mit Motoren zu mieten.\",\"breadcrumb\":{\"@id\":\"https:\/\/nyala.info\/de\/angebote\/sportlich\/segeln-und-bootfahren-der-kueste\/#breadcrumb\"},\"inLanguage\":\"de-DE\",\"potentialAction\":[{\"@type\":\"ReadAction\",\"target\":[\"https:\/\/nyala.info\/de\/angebote\/sportlich\/segeln-und-bootfahren-der-kueste\/\"]}]},{\"@type\":\"ImageObject\",\"inLanguage\":\"de-DE\",\"@id\":\"https:\/\/nyala.info\/de\/angebote\/sportlich\/segeln-und-bootfahren-der-kueste\/#primaryimage\",\"url\":\"https:\/\/nyala.info\/wp-content\/uploads\/2015\/04\/yachtsanremo.jpg\",\"contentUrl\":\"https:\/\/nyala.info\/wp-content\/uploads\/2015\/04\/yachtsanremo.jpg\",\"width\":1620,\"height\":1080,\"caption\":\"yacht club sanremo, segelschule, \u041f\u0430\u0440\u0443\u0441\u043d\u044b\u0439\"},{\"@type\":\"BreadcrumbList\",\"@id\":\"https:\/\/nyala.info\/de\/angebote\/sportlich\/segeln-und-bootfahren-der-kueste\/#breadcrumb\",\"itemListElement\":[{\"@type\":\"ListItem\",\"position\":1,\"name\":\"Home\",\"item\":\"https:\/\/nyala.info\/de\/\"},{\"@type\":\"ListItem\",\"position\":2,\"name\":\"ANGEBOTE\",\"item\":\"https:\/\/nyala.info\/de\/angebote\/\"},{\"@type\":\"ListItem\",\"position\":3,\"name\":\"Sportlich\",\"item\":\"https:\/\/nyala.info\/de\/angebote\/sportlich\/\"},{\"@type\":\"ListItem\",\"position\":4,\"name\":\"Segeln und Bootfahren an der K\u00fcste\"}]},{\"@type\":\"WebSite\",\"@id\":\"https:\/\/nyala.info\/de\/#website\",\"url\":\"https:\/\/nyala.info\/de\/\",\"name\":\"Nyala Suite Hotel\",\"description\":\"4-Sterne-Hotel in San Remo\",\"potentialAction\":[{\"@type\":\"SearchAction\",\"target\":{\"@type\":\"EntryPoint\",\"urlTemplate\":\"https:\/\/nyala.info\/de\/?s={search_term_string}\"},\"query-input\":{\"@type\":\"PropertyValueSpecification\",\"valueRequired\":true,\"valueName\":\"search_term_string\"}}],\"inLanguage\":\"de-DE\"}]}<\/script>\n<!-- \/ Yoast SEO plugin. -->","yoast_head_json":{"title":"Segeln und Bootfahren an der K\u00fcste | Nyala Suite Hotel 4-Sterne-Hotel in San Remo","description":"San Remo Yachting Club - Segelschule f\u00fcr Jugendliche und Erwachsene. Es ist auch m\u00f6glich Boote und Segelboote mit Motoren zu mieten.","robots":{"index":"noindex","follow":"follow","max-snippet":"max-snippet:-1","max-image-preview":"max-image-preview:large","max-video-preview":"max-video-preview:-1"},"og_locale":"de_DE","og_type":"article","og_title":"Segeln und Bootfahren an der K\u00fcste | Nyala Suite Hotel 4-Sterne-Hotel in San Remo","og_description":"San Remo Yachting Club - Segelschule f\u00fcr Jugendliche und Erwachsene. Es ist auch m\u00f6glich Boote und Segelboote mit Motoren zu mieten.","og_url":"https:\/\/nyala.info\/de\/angebote\/sportlich\/segeln-und-bootfahren-der-kueste\/","og_site_name":"Nyala Suite Hotel","article_modified_time":"2016-11-15T11:18:00+00:00","og_image":[{"width":1620,"height":1080,"url":"https:\/\/nyala.info\/wp-content\/uploads\/2015\/04\/yachtsanremo.jpg","type":"image\/jpeg"}],"twitter_card":"summary_large_image","schema":{"@context":"https:\/\/schema.org","@graph":[{"@type":"WebPage","@id":"https:\/\/nyala.info\/de\/angebote\/sportlich\/segeln-und-bootfahren-der-kueste\/","url":"https:\/\/nyala.info\/de\/angebote\/sportlich\/segeln-und-bootfahren-der-kueste\/","name":"Segeln und Bootfahren an der K\u00fcste | Nyala Suite Hotel 4-Sterne-Hotel in San Remo","isPartOf":{"@id":"https:\/\/nyala.info\/de\/#website"},"primaryImageOfPage":{"@id":"https:\/\/nyala.info\/de\/angebote\/sportlich\/segeln-und-bootfahren-der-kueste\/#primaryimage"},"image":{"@id":"https:\/\/nyala.info\/de\/angebote\/sportlich\/segeln-und-bootfahren-der-kueste\/#primaryimage"},"thumbnailUrl":"https:\/\/nyala.info\/wp-content\/uploads\/2015\/04\/yachtsanremo.jpg","datePublished":"2016-11-03T19:12:40+00:00","dateModified":"2016-11-15T11:18:00+00:00","description":"San Remo Yachting Club - Segelschule f\u00fcr Jugendliche und Erwachsene. Es ist auch m\u00f6glich Boote und Segelboote mit Motoren zu mieten.","breadcrumb":{"@id":"https:\/\/nyala.info\/de\/angebote\/sportlich\/segeln-und-bootfahren-der-kueste\/#breadcrumb"},"inLanguage":"de-DE","potentialAction":[{"@type":"ReadAction","target":["https:\/\/nyala.info\/de\/angebote\/sportlich\/segeln-und-bootfahren-der-kueste\/"]}]},{"@type":"ImageObject","inLanguage":"de-DE","@id":"https:\/\/nyala.info\/de\/angebote\/sportlich\/segeln-und-bootfahren-der-kueste\/#primaryimage","url":"https:\/\/nyala.info\/wp-content\/uploads\/2015\/04\/yachtsanremo.jpg","contentUrl":"https:\/\/nyala.info\/wp-content\/uploads\/2015\/04\/yachtsanremo.jpg","width":1620,"height":1080,"caption":"yacht club sanremo, segelschule, \u041f\u0430\u0440\u0443\u0441\u043d\u044b\u0439"},{"@type":"BreadcrumbList","@id":"https:\/\/nyala.info\/de\/angebote\/sportlich\/segeln-und-bootfahren-der-kueste\/#breadcrumb","itemListElement":[{"@type":"ListItem","position":1,"name":"Home","item":"https:\/\/nyala.info\/de\/"},{"@type":"ListItem","position":2,"name":"ANGEBOTE","item":"https:\/\/nyala.info\/de\/angebote\/"},{"@type":"ListItem","position":3,"name":"Sportlich","item":"https:\/\/nyala.info\/de\/angebote\/sportlich\/"},{"@type":"ListItem","position":4,"name":"Segeln und Bootfahren an der K\u00fcste"}]},{"@type":"WebSite","@id":"https:\/\/nyala.info\/de\/#website","url":"https:\/\/nyala.info\/de\/","name":"Nyala Suite Hotel","description":"4-Sterne-Hotel in San Remo","potentialAction":[{"@type":"SearchAction","target":{"@type":"EntryPoint","urlTemplate":"https:\/\/nyala.info\/de\/?s={search_term_string}"},"query-input":{"@type":"PropertyValueSpecification","valueRequired":true,"valueName":"search_term_string"}}],"inLanguage":"de-DE"}]}},"_links":{"self":[{"href":"https:\/\/nyala.info\/de\/wp-json\/wp\/v2\/pages\/2331"}],"collection":[{"href":"https:\/\/nyala.info\/de\/wp-json\/wp\/v2\/pages"}],"about":[{"href":"https:\/\/nyala.info\/de\/wp-json\/wp\/v2\/types\/page"}],"author":[{"embeddable":true,"href":"https:\/\/nyala.info\/de\/wp-json\/wp\/v2\/users\/3"}],"replies":[{"embeddable":true,"href":"https:\/\/nyala.info\/de\/wp-json\/wp\/v2\/comments?post=2331"}],"version-history":[{"count":1,"href":"https:\/\/nyala.info\/de\/wp-json\/wp\/v2\/pages\/2331\/revisions"}],"predecessor-version":[{"id":2332,"href":"https:\/\/nyala.info\/de\/wp-json\/wp\/v2\/pages\/2331\/revisions\/2332"}],"up":[{"embeddable":true,"href":"https:\/\/nyala.info\/de\/wp-json\/wp\/v2\/pages\/4983"}],"wp:featuredmedia":[{"embeddable":true,"href":"https:\/\/nyala.info\/de\/wp-json\/wp\/v2\/media\/1132"}],"wp:attachment":[{"href":"https:\/\/nyala.info\/de\/wp-json\/wp\/v2\/media?parent=2331"}],"curies":[{"name":"wp","href":"https:\/\/api.w.org\/{rel}","templated":true}]}}