{"id":2329,"date":"2016-11-03T20:11:57","date_gmt":"2016-11-03T19:11:57","guid":{"rendered":"http:\/\/www.nyalahotel.biz\/de\/?page_id=2329"},"modified":"2018-12-27T17:57:13","modified_gmt":"2018-12-27T16:57:13","slug":"sommerurlaub-san-remo","status":"publish","type":"page","link":"https:\/\/nyala.info\/de\/angebote\/urlaub\/sommerurlaub-san-remo\/","title":{"rendered":"Sommerurlaub in San Remo"},"content":{"rendered":"<h2>Sommerurlaub in San Remo<\/h2>\n<p>Ein standurlaub in Ligurien bietet absolut entspannte tage am pool und unterhaltsame abende.<\/p>\n<p>Falls sie einen erlebnisreichen Sommer verbringen m\u00f6chten, ist ein Aufenthalt in unserem Hotel an der Riviera genau das richtige. Hier k\u00f6nnen sie ruhige, relaxte Stunden am Pool vebringen und sich zur Mittagszeit in unserem Dalak Restaurant verw\u00f6hnen lassen. Ihre Kinder werden sich auf dem nahegelenen Spielplatz am\u00fcsieren k\u00f6nnen oder die Sch\u00e4tze des Hinterlands entdecken k\u00f6nnen.<\/p>\n<p><b>Unser sommerliches Abendprogramm <\/b>am Pool und auf unserer sch\u00f6n angelegten Terasse wird ihre Abende mit musikalischen Veranstaltungen sowie gastronomischen Gaumenfreuden bereichern.<\/p>\n<p>Dank unseres <b>Mini Clubs<\/b> k\u00f6nnen sie Ihr Abendessen in Ruhe geniessen, w\u00e4hrend ihre Kleinen betreut werden.<\/p>\n<p>[huge_it_slider id=&#8221;4&#8243;]<br \/>\n&nbsp;<\/p>\n<ul class=\"tabs\">\n<li class=\"tab-link current\" data-tab=\"tab-1\">Buchen<\/li>\n<li class=\"tab-link\" data-tab=\"tab-2\">Im Angebot enthalten<\/li>\n<li class=\"tab-link\" data-tab=\"tab-3\">Buchungsbedingungen<\/li>\n<\/ul>\n<div id=\"tab-1\" class=\"tab-content current\">\n<p>Im Angebot enthalten:<\/p>\n<ul style=\"text-align: justify;\">\n<li>Halbpension<br \/>\nHierbei k\u00f6nnen sie zwischen Buffet oder Abendessen nach Karte w\u00e4hlen<\/li>\n<li>Freitag Abend haben wir ein Buffett auf unserer Dachterasse aufgebaut<\/li>\n<li>Am 14. August veranstalten wir nach dem Abendessen auch der Dachterrasse ein Feuerwerk<\/li>\n<\/ul>\n<ul style=\"text-align: justify;\">\n<li><strong>Swimming pool, <\/strong><strong>Liegen und Strandt\u00fccher nach Verf\u00fcgbarkeit<\/strong> \u00d6ffnungszeiten: 10 Uhr bis 18 Uhr t\u00e4glich, mit Bademeister<\/li>\n<li><strong>L\u00e4nger bleiben, weniger zahlen<\/strong><strong>!&#8221;<\/strong>:ab einer bestimmten Aufenthaltsdauer gibt es eine gratis \u00dcbernachtung<\/li>\n<li><b>VIP Begr\u00fcssung<\/b>: Bei ihrer Ankunft werden sie eine Sektflasche und ein duftendes Blumenbouqet vorfinden.<\/li>\n<li><b>Privater Parkplatz<\/b>, je nach Verf\u00fcgbarkeit.<\/li>\n<li>Ein Gutschein f\u00fcr Spielchips im \u00f6rtlichen Kasino.<\/li>\n<\/ul>\n<a class=\"maxbutton-16 maxbutton maxbutton-buchen\" target=\"_blank\" rel=\"noopener\" href=\"http:\/\/www.nyalahotel.com\/de\/jetzt-buchen\/\"><span class='mb-text'>Buchen<\/span><\/a>\n<\/div>\n<div id=\"tab-2\" class=\"tab-content\">FAMILIEN UND KINDER SPEZIAL:<\/p>\n<ul style=\"text-align: justify;\">\n<li>Kinder bis zum Alter von 2 Jahren \u00fcbernachten kostenlos im Zimmer ihrer Eltern und essen bei uns kostenfrei.<\/li>\n<li>Die Babyausstattung (Kinderbett, Wickeltisch, Baby-Badewanne, etc.) ist kostenlos verf\u00fcgbar.<\/li>\n<li>Kinder und Jugendliche bis 17 Jahre zahlen bei \u00dcbernachtung im Zimmer ihrer Eltern den halben Preis<\/li>\n<li>Der Mini Club f\u00fcr Kinder im Alter zwischen 2 und 12 Jahren, der t\u00e4glich von 18:00 bis 22:00 Uhr ge\u00f6ffnet ist. Hier k\u00f6nnen ihre Kinder internationale Freundschaften schliessen w\u00e4hrend sie ein entspanntes Abendessen zu sich nehmen.<\/li>\n<\/ul>\n<p>STRAND<\/p>\n<ul style=\"text-align: justify;\">\n<li>Der Strand ist nur 1km entfernt vom Hotel entfernt<\/li>\n<li>Kostenloser Shuttle Service w\u00e4hrend der sommermonate<\/li>\n<li>20% Rabatt am \u00f6rtlichen Strandbad<\/li>\n<\/ul>\n<\/div>\n<div id=\"tab-3\" class=\"tab-content\">\n<p style=\"text-align: justify;\">BUCHUNGSBEDINGUNGEN<\/p>\n<ul>\n<li style=\"text-align: justify;\">Minimale Aufentaltsdauer: 3 N\u00e4chte.<\/li>\n<li style=\"text-align: justify;\">Maximale Aufenthaltsdauer: unbegrenzt.<\/li>\n<li style=\"text-align: justify;\">Dieses Angebot gilt nur f\u00fcr Online-Buchungen und ist nur f\u00fcr eine begrenzte Anzahl von Zimmern verf\u00fcgbar.<\/li>\n<li style=\"text-align: justify;\">Dieses Angebot gilt ganzj\u00e4hrig, au\u00dfer zu Hauptverkehrzeiten.<\/li>\n<li style=\"text-align: justify;\">Alle vorgestellten Rabatte werden automatisch von unserem Buchungssystem berechnet.<\/li>\n<li style=\"text-align: justify;\">Dieses Angebot kann ohne Vorank\u00fcndigung ge\u00e4ndert werden.<\/li>\n<li style=\"text-align: justify;\">Kaution: 25%, Minimum, oder eine \u00dcbernachtung.<\/li>\n<li style=\"text-align: justify;\">Kostenlose Stornierung und Modifikation bis zu 7 Tage vor Beginn des Aufenthalts.<\/li>\n<li style=\"text-align: justify;\">Strafe f\u00fcr die versp\u00e4tete Stornierung und \u00c4nderung, Nichterscheinen, vorzeitiger Abreise: 100%.<\/li>\n<\/ul>\n<\/div>\n<p><!-- container --><br \/>\n<script type=\"text\/javascript\">\n\tjQuery(document).ready(function(){\t\n\tjQuery('ul.tabs li').click(function(){\n\t\tvar tab_id = jQuery(this).attr('data-tab');\n\t\tjQuery('ul.tabs li').removeClass('current');\n\t\tjQuery('.tab-content').removeClass('current');\n\t\tjQuery(this).addClass('current');\n\t\tjQuery(\"#\"+tab_id).addClass('current');\n\t})\n})\n<\/script><\/p>\n","protected":false},"excerpt":{"rendered":"<p>Sommerurlaub in San Remo Ein standurlaub in Ligurien bietet absolut entspannte tage am pool und unterhaltsame abende. Falls sie einen erlebnisreichen Sommer verbringen m\u00f6chten, ist ein Aufenthalt in unserem Hotel an der Riviera genau das richtige. Hier k\u00f6nnen sie ruhige, relaxte Stunden am Pool vebringen und sich zur Mittagszeit in unserem Dalak Restaurant verw\u00f6hnen lassen. [&hellip;]<\/p>\n","protected":false},"author":3,"featured_media":611,"parent":4987,"menu_order":23,"comment_status":"open","ping_status":"open","template":"","meta":{"_acf_changed":false,"footnotes":""},"class_list":["post-2329","page","type-page","status-publish","has-post-thumbnail","hentry"],"acf":[],"yoast_head":"<!-- This site is optimized with the Yoast SEO plugin v25.6 - https:\/\/yoast.com\/wordpress\/plugins\/seo\/ -->\n<title>Sommerurlaub in San Remo | Nyala Suite Hotel 4-Sterne-Hotel in San Remo<\/title>\n<meta name=\"description\" content=\"Sommerurlaub in San Remo - sommerurlaub Falls sie einen erlebnisreichen Sommer verbringen m\u00f6chten, ist ein Aufenthalt in unserem Hotel an der Riviera...\" \/>\n<meta name=\"robots\" content=\"noindex, follow, max-snippet:-1, max-image-preview:large, max-video-preview:-1\" \/>\n<meta property=\"og:locale\" content=\"de_DE\" \/>\n<meta property=\"og:type\" content=\"article\" \/>\n<meta property=\"og:title\" content=\"Sommerurlaub in San Remo | Nyala Suite Hotel 4-Sterne-Hotel in San Remo\" \/>\n<meta property=\"og:description\" content=\"Sommerurlaub in San Remo - sommerurlaub Falls sie einen erlebnisreichen Sommer verbringen m\u00f6chten, ist ein Aufenthalt in unserem Hotel an der Riviera...\" \/>\n<meta property=\"og:url\" content=\"https:\/\/nyala.info\/de\/angebote\/urlaub\/sommerurlaub-san-remo\/\" \/>\n<meta property=\"og:site_name\" content=\"Nyala Suite Hotel\" \/>\n<meta property=\"article:modified_time\" content=\"2018-12-27T16:57:13+00:00\" \/>\n<meta property=\"og:image\" content=\"https:\/\/nyala.info\/wp-content\/uploads\/2015\/03\/nyala_pool2.jpg\" \/>\n\t<meta property=\"og:image:width\" content=\"1500\" \/>\n\t<meta property=\"og:image:height\" content=\"1000\" \/>\n\t<meta property=\"og:image:type\" content=\"image\/jpeg\" \/>\n<meta name=\"twitter:card\" content=\"summary_large_image\" \/>\n<meta name=\"twitter:label1\" content=\"Est. reading time\" \/>\n\t<meta name=\"twitter:data1\" content=\"2 minutes\" \/>\n<script type=\"application\/ld+json\" class=\"yoast-schema-graph\">{\"@context\":\"https:\/\/schema.org\",\"@graph\":[{\"@type\":\"WebPage\",\"@id\":\"https:\/\/nyala.info\/de\/angebote\/urlaub\/sommerurlaub-san-remo\/\",\"url\":\"https:\/\/nyala.info\/de\/angebote\/urlaub\/sommerurlaub-san-remo\/\",\"name\":\"Sommerurlaub in San Remo | Nyala Suite Hotel 4-Sterne-Hotel in San Remo\",\"isPartOf\":{\"@id\":\"https:\/\/nyala.info\/de\/#website\"},\"primaryImageOfPage\":{\"@id\":\"https:\/\/nyala.info\/de\/angebote\/urlaub\/sommerurlaub-san-remo\/#primaryimage\"},\"image\":{\"@id\":\"https:\/\/nyala.info\/de\/angebote\/urlaub\/sommerurlaub-san-remo\/#primaryimage\"},\"thumbnailUrl\":\"https:\/\/nyala.info\/wp-content\/uploads\/2015\/03\/nyala_pool2.jpg\",\"datePublished\":\"2016-11-03T19:11:57+00:00\",\"dateModified\":\"2018-12-27T16:57:13+00:00\",\"description\":\"Sommerurlaub in San Remo - sommerurlaub Falls sie einen erlebnisreichen Sommer verbringen m\u00f6chten, ist ein Aufenthalt in unserem Hotel an der Riviera...\",\"breadcrumb\":{\"@id\":\"https:\/\/nyala.info\/de\/angebote\/urlaub\/sommerurlaub-san-remo\/#breadcrumb\"},\"inLanguage\":\"de-DE\",\"potentialAction\":[{\"@type\":\"ReadAction\",\"target\":[\"https:\/\/nyala.info\/de\/angebote\/urlaub\/sommerurlaub-san-remo\/\"]}]},{\"@type\":\"ImageObject\",\"inLanguage\":\"de-DE\",\"@id\":\"https:\/\/nyala.info\/de\/angebote\/urlaub\/sommerurlaub-san-remo\/#primaryimage\",\"url\":\"https:\/\/nyala.info\/wp-content\/uploads\/2015\/03\/nyala_pool2.jpg\",\"contentUrl\":\"https:\/\/nyala.info\/wp-content\/uploads\/2015\/03\/nyala_pool2.jpg\",\"width\":1500,\"height\":1000,\"caption\":\"piscina, vacanze estive, vacances d'\u00e9t\u00e9, sommerurlaub, \u041b\u0435\u0442\u043d\u0438\u0439 \u043e\u0442\u0434\u044b\u0445\"},{\"@type\":\"BreadcrumbList\",\"@id\":\"https:\/\/nyala.info\/de\/angebote\/urlaub\/sommerurlaub-san-remo\/#breadcrumb\",\"itemListElement\":[{\"@type\":\"ListItem\",\"position\":1,\"name\":\"Home\",\"item\":\"https:\/\/nyala.info\/de\/\"},{\"@type\":\"ListItem\",\"position\":2,\"name\":\"ANGEBOTE\",\"item\":\"https:\/\/nyala.info\/de\/angebote\/\"},{\"@type\":\"ListItem\",\"position\":3,\"name\":\"Urlaub in San Remo\",\"item\":\"https:\/\/nyala.info\/de\/angebote\/urlaub\/\"},{\"@type\":\"ListItem\",\"position\":4,\"name\":\"Sommerurlaub in San Remo\"}]},{\"@type\":\"WebSite\",\"@id\":\"https:\/\/nyala.info\/de\/#website\",\"url\":\"https:\/\/nyala.info\/de\/\",\"name\":\"Nyala Suite Hotel\",\"description\":\"4-Sterne-Hotel in San Remo\",\"potentialAction\":[{\"@type\":\"SearchAction\",\"target\":{\"@type\":\"EntryPoint\",\"urlTemplate\":\"https:\/\/nyala.info\/de\/?s={search_term_string}\"},\"query-input\":{\"@type\":\"PropertyValueSpecification\",\"valueRequired\":true,\"valueName\":\"search_term_string\"}}],\"inLanguage\":\"de-DE\"}]}<\/script>\n<!-- \/ Yoast SEO plugin. -->","yoast_head_json":{"title":"Sommerurlaub in San Remo | Nyala Suite Hotel 4-Sterne-Hotel in San Remo","description":"Sommerurlaub in San Remo - sommerurlaub Falls sie einen erlebnisreichen Sommer verbringen m\u00f6chten, ist ein Aufenthalt in unserem Hotel an der Riviera...","robots":{"index":"noindex","follow":"follow","max-snippet":"max-snippet:-1","max-image-preview":"max-image-preview:large","max-video-preview":"max-video-preview:-1"},"og_locale":"de_DE","og_type":"article","og_title":"Sommerurlaub in San Remo | Nyala Suite Hotel 4-Sterne-Hotel in San Remo","og_description":"Sommerurlaub in San Remo - sommerurlaub Falls sie einen erlebnisreichen Sommer verbringen m\u00f6chten, ist ein Aufenthalt in unserem Hotel an der Riviera...","og_url":"https:\/\/nyala.info\/de\/angebote\/urlaub\/sommerurlaub-san-remo\/","og_site_name":"Nyala Suite Hotel","article_modified_time":"2018-12-27T16:57:13+00:00","og_image":[{"width":1500,"height":1000,"url":"https:\/\/nyala.info\/wp-content\/uploads\/2015\/03\/nyala_pool2.jpg","type":"image\/jpeg"}],"twitter_card":"summary_large_image","twitter_misc":{"Est. reading time":"2 minutes"},"schema":{"@context":"https:\/\/schema.org","@graph":[{"@type":"WebPage","@id":"https:\/\/nyala.info\/de\/angebote\/urlaub\/sommerurlaub-san-remo\/","url":"https:\/\/nyala.info\/de\/angebote\/urlaub\/sommerurlaub-san-remo\/","name":"Sommerurlaub in San Remo | Nyala Suite Hotel 4-Sterne-Hotel in San Remo","isPartOf":{"@id":"https:\/\/nyala.info\/de\/#website"},"primaryImageOfPage":{"@id":"https:\/\/nyala.info\/de\/angebote\/urlaub\/sommerurlaub-san-remo\/#primaryimage"},"image":{"@id":"https:\/\/nyala.info\/de\/angebote\/urlaub\/sommerurlaub-san-remo\/#primaryimage"},"thumbnailUrl":"https:\/\/nyala.info\/wp-content\/uploads\/2015\/03\/nyala_pool2.jpg","datePublished":"2016-11-03T19:11:57+00:00","dateModified":"2018-12-27T16:57:13+00:00","description":"Sommerurlaub in San Remo - sommerurlaub Falls sie einen erlebnisreichen Sommer verbringen m\u00f6chten, ist ein Aufenthalt in unserem Hotel an der Riviera...","breadcrumb":{"@id":"https:\/\/nyala.info\/de\/angebote\/urlaub\/sommerurlaub-san-remo\/#breadcrumb"},"inLanguage":"de-DE","potentialAction":[{"@type":"ReadAction","target":["https:\/\/nyala.info\/de\/angebote\/urlaub\/sommerurlaub-san-remo\/"]}]},{"@type":"ImageObject","inLanguage":"de-DE","@id":"https:\/\/nyala.info\/de\/angebote\/urlaub\/sommerurlaub-san-remo\/#primaryimage","url":"https:\/\/nyala.info\/wp-content\/uploads\/2015\/03\/nyala_pool2.jpg","contentUrl":"https:\/\/nyala.info\/wp-content\/uploads\/2015\/03\/nyala_pool2.jpg","width":1500,"height":1000,"caption":"piscina, vacanze estive, vacances d'\u00e9t\u00e9, sommerurlaub, \u041b\u0435\u0442\u043d\u0438\u0439 \u043e\u0442\u0434\u044b\u0445"},{"@type":"BreadcrumbList","@id":"https:\/\/nyala.info\/de\/angebote\/urlaub\/sommerurlaub-san-remo\/#breadcrumb","itemListElement":[{"@type":"ListItem","position":1,"name":"Home","item":"https:\/\/nyala.info\/de\/"},{"@type":"ListItem","position":2,"name":"ANGEBOTE","item":"https:\/\/nyala.info\/de\/angebote\/"},{"@type":"ListItem","position":3,"name":"Urlaub in San Remo","item":"https:\/\/nyala.info\/de\/angebote\/urlaub\/"},{"@type":"ListItem","position":4,"name":"Sommerurlaub in San Remo"}]},{"@type":"WebSite","@id":"https:\/\/nyala.info\/de\/#website","url":"https:\/\/nyala.info\/de\/","name":"Nyala Suite Hotel","description":"4-Sterne-Hotel in San Remo","potentialAction":[{"@type":"SearchAction","target":{"@type":"EntryPoint","urlTemplate":"https:\/\/nyala.info\/de\/?s={search_term_string}"},"query-input":{"@type":"PropertyValueSpecification","valueRequired":true,"valueName":"search_term_string"}}],"inLanguage":"de-DE"}]}},"_links":{"self":[{"href":"https:\/\/nyala.info\/de\/wp-json\/wp\/v2\/pages\/2329"}],"collection":[{"href":"https:\/\/nyala.info\/de\/wp-json\/wp\/v2\/pages"}],"about":[{"href":"https:\/\/nyala.info\/de\/wp-json\/wp\/v2\/types\/page"}],"author":[{"embeddable":true,"href":"https:\/\/nyala.info\/de\/wp-json\/wp\/v2\/users\/3"}],"replies":[{"embeddable":true,"href":"https:\/\/nyala.info\/de\/wp-json\/wp\/v2\/comments?post=2329"}],"version-history":[{"count":8,"href":"https:\/\/nyala.info\/de\/wp-json\/wp\/v2\/pages\/2329\/revisions"}],"predecessor-version":[{"id":7394,"href":"https:\/\/nyala.info\/de\/wp-json\/wp\/v2\/pages\/2329\/revisions\/7394"}],"up":[{"embeddable":true,"href":"https:\/\/nyala.info\/de\/wp-json\/wp\/v2\/pages\/4987"}],"wp:featuredmedia":[{"embeddable":true,"href":"https:\/\/nyala.info\/de\/wp-json\/wp\/v2\/media\/611"}],"wp:attachment":[{"href":"https:\/\/nyala.info\/de\/wp-json\/wp\/v2\/media?parent=2329"}],"curies":[{"name":"wp","href":"https:\/\/api.w.org\/{rel}","templated":true}]}}