{"id":2321,"date":"2016-11-03T20:07:59","date_gmt":"2016-11-03T19:07:59","guid":{"rendered":"http:\/\/www.nyalahotel.biz\/de\/?page_id=2321"},"modified":"2016-11-15T10:33:59","modified_gmt":"2016-11-15T09:33:59","slug":"das-ideale-hotel-fuer-familien-mit-kindern","status":"publish","type":"page","link":"https:\/\/nyala.info\/de\/angebote\/familien\/das-ideale-hotel-fuer-familien-mit-kindern\/","title":{"rendered":"Das ideale Hotel f\u00fcr Familien mit Kindern"},"content":{"rendered":"<h2>Das ideale Hotel f\u00fcr Familien mit Kindern<\/h2>\n<h5><em>Unser modernes 4-Sterne-Hotel liegt in ruhiger Panoramalage \u00fcber Sanremo und bietet jedweden Service f\u00fcr Familien, die mit Kindern Urlaub machen. Unser kinderfreundliches Team ist jederzeit bereit, Ihre W\u00fcnsche zu erf\u00fcllen, damit Ihr Urlaub in Ligurien besonders angenehm wird.<\/em><\/h5>\n<h5><strong><a href=\"http:\/\/www.nyalahotel.com\/wp-content\/uploads\/2015\/04\/nyala-19.jpg\"><img loading=\"lazy\" decoding=\"async\" class=\"alignleft  wp-image-1163\" src=\"http:\/\/www.nyalahotel.com\/wp-content\/uploads\/2015\/04\/nyala-19.jpg\" alt=\"Suite Junior\" width=\"272\" height=\"181\" srcset=\"https:\/\/nyala.info\/wp-content\/uploads\/2015\/04\/nyala-19.jpg 1620w, https:\/\/nyala.info\/wp-content\/uploads\/2015\/04\/nyala-19-300x200.jpg 300w, https:\/\/nyala.info\/wp-content\/uploads\/2015\/04\/nyala-19-768x512.jpg 768w, https:\/\/nyala.info\/wp-content\/uploads\/2015\/04\/nyala-19-1024x683.jpg 1024w, https:\/\/nyala.info\/wp-content\/uploads\/2015\/04\/nyala-19-600x400.jpg 600w, https:\/\/nyala.info\/wp-content\/uploads\/2015\/04\/nyala-19-2x1.jpg 2w\" sizes=\"(max-width: 272px) 100vw, 272px\" \/><\/a>TRADITIONELLE ZIMMER UND JUNIOR SUITEN: KOMFORTABLE UNTERK\u00dcNFTE F\u00dcR FAMILIEN<\/strong><\/h5>\n<p>Unabh\u00e4ngig davon, ob Sie eines der traditionellen Zimmer f\u00fcr ihren Aufenthalt w\u00e4hlen oder ein echtes Apartment, n\u00e4mlich eine der Junior Suiten, werden Sie mehr Platz als hier in der Gegend \u00fcblich zur Verf\u00fcgung haben, dazu jedweden Komfort. Insbesondere unsere hellen, gro\u00dfz\u00fcgigen Zimmer k\u00f6nnen bequem um ein Kinder- oder Zustellbett erweitert werden, w\u00e4hrend man in unseren Junior Suiten mit Blick auf die H\u00fcgel oder aufs Meer zwei Betten oder alternativ zwei Kinderbetten unterbringen kann, ohne auf die Bequemlichkeit zu verzichten, zwei getrennte R\u00e4ume zu haben.<\/p>\n<p>&nbsp;<\/p>\n<h5><strong>RESTAURANT L&#8217;ASMARA UND WINTERGARTEN:KINDERFREUNDLICHES RESTAURANT UND KINDER-SERVICE <\/strong><\/h5>\n<p>Was unsere K\u00fcche betrifft, so steht immer ein \u201cKinder-Menu\u201d zu Verf\u00fcgung, das sowohl mittags als auch abends serviert wird und t\u00e4glich wechselt, um eine ausgeglichene Ern\u00e4hrung zu gew\u00e4hrleisten. Wenn Sie w\u00fcnschen, k\u00f6nnen auch besondere Menus, die den Anspr\u00fcchen Ihrer Kinder entgegen kommen, vereinbart werden. Und f\u00fcr die Bed\u00fcrfnisse der ganz Kleinen existiert eine Kochnische, in der die Eltern den von zu Hause gewohnten Brei zubereiten k\u00f6nnen. In den Monaten Juli und August haben Sie abends die Wahl zwischen dem traditionellen Service im Speisesaal Asmara oder einem Buffet im Wintergarten (ohne Aufpreis).<\/p>\n<p>&nbsp;<\/p>\n<h5><strong>UNSER GROSSER SWIMMINGPOOL <\/strong><\/h5>\n<p>Zu F\u00fc\u00dfen Jahrhunderte alter Palmen befindet sich unser S\u00fc\u00dfwasserschwimmbecken. Es ist von April bis Oktober ge\u00f6ffnet und hat eine Fl\u00e4che von etwa 250 Quadratmetern sowie einen weitl\u00e4ufigen Bereich zum Sonnenbaden. F\u00fcr unsere kleinen G\u00e4ste gibt es eigens einen flachen Nichtschwimmerbereich (60-70 cm Wassertiefe).<\/p>\n<p>&nbsp;<\/p>\n<h5><strong>DER KINDERSPIEPLATZ<\/strong><\/h5>\n<p>Im Schatten der Jahrhunderte alten Palmen in unserem subtropischen Garten befindet sich ein Platz, der f\u00fcr Erwachsene verboten ist&#8230; Rutschbahn, Schaukel, Kletterseile und Wippger\u00e4te auf Federn entsprechen den europ\u00e4ischen Sicherheitsvorschriften und garantieren Ihren Kindern unbeschwertes Spiel und Spa\u00df. Und f\u00fcr Spiele f\u00fcr die ganze Familie gibt es au\u00dferdem Tischfu\u00dfball, Tischtennis sowie Riesenschach und -dame.<\/p>\n<p>&nbsp;<\/p>\n<h5><strong>SPIELZIMMER UND MINICLUB<\/strong><\/h5>\n<p>Im 15 m\u00b2 gro\u00dfen Spielzimmer unseres Hotels finden Sie Holzspielzeug, eine Tafel, Malutensilien, ein Fernsehger\u00e4t mit Cartoons und eine kleine Bibliothek. Der mehrsprachige Miniclub steht in der Hauptsaison, n\u00e4mlich in den Oster- und Weihnachtsferien sowie in den Monaten Juli und August, t\u00e4glich von 18 bis 22 Uhr zur Verf\u00fcgung.<\/p>\n","protected":false},"excerpt":{"rendered":"<p>Das ideale Hotel f\u00fcr Familien mit Kindern Unser modernes 4-Sterne-Hotel liegt in ruhiger Panoramalage \u00fcber Sanremo und bietet jedweden Service f\u00fcr Familien, die mit Kindern Urlaub machen. Unser kinderfreundliches Team ist jederzeit bereit, Ihre W\u00fcnsche zu erf\u00fcllen, damit Ihr Urlaub in Ligurien besonders angenehm wird. TRADITIONELLE ZIMMER UND JUNIOR SUITEN: KOMFORTABLE UNTERK\u00dcNFTE F\u00dcR FAMILIEN Unabh\u00e4ngig [&hellip;]<\/p>\n","protected":false},"author":3,"featured_media":1163,"parent":5208,"menu_order":30,"comment_status":"open","ping_status":"open","template":"","meta":{"_acf_changed":false,"footnotes":""},"class_list":["post-2321","page","type-page","status-publish","has-post-thumbnail","hentry"],"acf":[],"yoast_head":"<!-- This site is optimized with the Yoast SEO plugin v25.6 - https:\/\/yoast.com\/wordpress\/plugins\/seo\/ -->\n<title>Das ideale Hotel f\u00fcr Familien mit Kindern | Nyala Suite Hotel 4-Sterne-Hotel in San Remo<\/title>\n<meta name=\"robots\" content=\"noindex, follow, max-snippet:-1, max-image-preview:large, max-video-preview:-1\" \/>\n<meta property=\"og:locale\" content=\"de_DE\" \/>\n<meta property=\"og:type\" content=\"article\" \/>\n<meta property=\"og:title\" content=\"Das ideale Hotel f\u00fcr Familien mit Kindern | Nyala Suite Hotel 4-Sterne-Hotel in San Remo\" \/>\n<meta property=\"og:description\" content=\"Das ideale Hotel f\u00fcr Familien mit Kindern Unser modernes 4-Sterne-Hotel liegt in ruhiger Panoramalage \u00fcber Sanremo und bietet jedweden Service f\u00fcr Familien, die mit Kindern Urlaub machen. Unser kinderfreundliches Team ist jederzeit bereit, Ihre W\u00fcnsche zu erf\u00fcllen, damit Ihr Urlaub in Ligurien besonders angenehm wird. TRADITIONELLE ZIMMER UND JUNIOR SUITEN: KOMFORTABLE UNTERK\u00dcNFTE F\u00dcR FAMILIEN Unabh\u00e4ngig [&hellip;]\" \/>\n<meta property=\"og:url\" content=\"https:\/\/nyala.info\/de\/angebote\/familien\/das-ideale-hotel-fuer-familien-mit-kindern\/\" \/>\n<meta property=\"og:site_name\" content=\"Nyala Suite Hotel\" \/>\n<meta property=\"article:modified_time\" content=\"2016-11-15T09:33:59+00:00\" \/>\n<meta property=\"og:image\" content=\"https:\/\/nyala.info\/wp-content\/uploads\/2015\/04\/nyala-19.jpg\" \/>\n\t<meta property=\"og:image:width\" content=\"1620\" \/>\n\t<meta property=\"og:image:height\" content=\"1080\" \/>\n\t<meta property=\"og:image:type\" content=\"image\/jpeg\" \/>\n<meta name=\"twitter:card\" content=\"summary_large_image\" \/>\n<meta name=\"twitter:label1\" content=\"Est. reading time\" \/>\n\t<meta name=\"twitter:data1\" content=\"2 minutes\" \/>\n<script type=\"application\/ld+json\" class=\"yoast-schema-graph\">{\"@context\":\"https:\/\/schema.org\",\"@graph\":[{\"@type\":\"WebPage\",\"@id\":\"https:\/\/nyala.info\/de\/angebote\/familien\/das-ideale-hotel-fuer-familien-mit-kindern\/\",\"url\":\"https:\/\/nyala.info\/de\/angebote\/familien\/das-ideale-hotel-fuer-familien-mit-kindern\/\",\"name\":\"Das ideale Hotel f\u00fcr Familien mit Kindern | Nyala Suite Hotel 4-Sterne-Hotel in San Remo\",\"isPartOf\":{\"@id\":\"https:\/\/nyala.info\/de\/#website\"},\"primaryImageOfPage\":{\"@id\":\"https:\/\/nyala.info\/de\/angebote\/familien\/das-ideale-hotel-fuer-familien-mit-kindern\/#primaryimage\"},\"image\":{\"@id\":\"https:\/\/nyala.info\/de\/angebote\/familien\/das-ideale-hotel-fuer-familien-mit-kindern\/#primaryimage\"},\"thumbnailUrl\":\"https:\/\/nyala.info\/wp-content\/uploads\/2015\/04\/nyala-19.jpg\",\"datePublished\":\"2016-11-03T19:07:59+00:00\",\"dateModified\":\"2016-11-15T09:33:59+00:00\",\"breadcrumb\":{\"@id\":\"https:\/\/nyala.info\/de\/angebote\/familien\/das-ideale-hotel-fuer-familien-mit-kindern\/#breadcrumb\"},\"inLanguage\":\"de-DE\",\"potentialAction\":[{\"@type\":\"ReadAction\",\"target\":[\"https:\/\/nyala.info\/de\/angebote\/familien\/das-ideale-hotel-fuer-familien-mit-kindern\/\"]}]},{\"@type\":\"ImageObject\",\"inLanguage\":\"de-DE\",\"@id\":\"https:\/\/nyala.info\/de\/angebote\/familien\/das-ideale-hotel-fuer-familien-mit-kindern\/#primaryimage\",\"url\":\"https:\/\/nyala.info\/wp-content\/uploads\/2015\/04\/nyala-19.jpg\",\"contentUrl\":\"https:\/\/nyala.info\/wp-content\/uploads\/2015\/04\/nyala-19.jpg\",\"width\":1620,\"height\":1080,\"caption\":\"Suite Junior, famiglie, familien\"},{\"@type\":\"BreadcrumbList\",\"@id\":\"https:\/\/nyala.info\/de\/angebote\/familien\/das-ideale-hotel-fuer-familien-mit-kindern\/#breadcrumb\",\"itemListElement\":[{\"@type\":\"ListItem\",\"position\":1,\"name\":\"Home\",\"item\":\"https:\/\/nyala.info\/de\/\"},{\"@type\":\"ListItem\",\"position\":2,\"name\":\"ANGEBOTE\",\"item\":\"https:\/\/nyala.info\/de\/angebote\/\"},{\"@type\":\"ListItem\",\"position\":3,\"name\":\"Familien\",\"item\":\"https:\/\/nyala.info\/de\/angebote\/familien\/\"},{\"@type\":\"ListItem\",\"position\":4,\"name\":\"Das ideale Hotel f\u00fcr Familien mit Kindern\"}]},{\"@type\":\"WebSite\",\"@id\":\"https:\/\/nyala.info\/de\/#website\",\"url\":\"https:\/\/nyala.info\/de\/\",\"name\":\"Nyala Suite Hotel\",\"description\":\"4-Sterne-Hotel in San Remo\",\"potentialAction\":[{\"@type\":\"SearchAction\",\"target\":{\"@type\":\"EntryPoint\",\"urlTemplate\":\"https:\/\/nyala.info\/de\/?s={search_term_string}\"},\"query-input\":{\"@type\":\"PropertyValueSpecification\",\"valueRequired\":true,\"valueName\":\"search_term_string\"}}],\"inLanguage\":\"de-DE\"}]}<\/script>\n<!-- \/ Yoast SEO plugin. -->","yoast_head_json":{"title":"Das ideale Hotel f\u00fcr Familien mit Kindern | Nyala Suite Hotel 4-Sterne-Hotel in San Remo","robots":{"index":"noindex","follow":"follow","max-snippet":"max-snippet:-1","max-image-preview":"max-image-preview:large","max-video-preview":"max-video-preview:-1"},"og_locale":"de_DE","og_type":"article","og_title":"Das ideale Hotel f\u00fcr Familien mit Kindern | Nyala Suite Hotel 4-Sterne-Hotel in San Remo","og_description":"Das ideale Hotel f\u00fcr Familien mit Kindern Unser modernes 4-Sterne-Hotel liegt in ruhiger Panoramalage \u00fcber Sanremo und bietet jedweden Service f\u00fcr Familien, die mit Kindern Urlaub machen. Unser kinderfreundliches Team ist jederzeit bereit, Ihre W\u00fcnsche zu erf\u00fcllen, damit Ihr Urlaub in Ligurien besonders angenehm wird. TRADITIONELLE ZIMMER UND JUNIOR SUITEN: KOMFORTABLE UNTERK\u00dcNFTE F\u00dcR FAMILIEN Unabh\u00e4ngig [&hellip;]","og_url":"https:\/\/nyala.info\/de\/angebote\/familien\/das-ideale-hotel-fuer-familien-mit-kindern\/","og_site_name":"Nyala Suite Hotel","article_modified_time":"2016-11-15T09:33:59+00:00","og_image":[{"width":1620,"height":1080,"url":"https:\/\/nyala.info\/wp-content\/uploads\/2015\/04\/nyala-19.jpg","type":"image\/jpeg"}],"twitter_card":"summary_large_image","twitter_misc":{"Est. reading time":"2 minutes"},"schema":{"@context":"https:\/\/schema.org","@graph":[{"@type":"WebPage","@id":"https:\/\/nyala.info\/de\/angebote\/familien\/das-ideale-hotel-fuer-familien-mit-kindern\/","url":"https:\/\/nyala.info\/de\/angebote\/familien\/das-ideale-hotel-fuer-familien-mit-kindern\/","name":"Das ideale Hotel f\u00fcr Familien mit Kindern | Nyala Suite Hotel 4-Sterne-Hotel in San Remo","isPartOf":{"@id":"https:\/\/nyala.info\/de\/#website"},"primaryImageOfPage":{"@id":"https:\/\/nyala.info\/de\/angebote\/familien\/das-ideale-hotel-fuer-familien-mit-kindern\/#primaryimage"},"image":{"@id":"https:\/\/nyala.info\/de\/angebote\/familien\/das-ideale-hotel-fuer-familien-mit-kindern\/#primaryimage"},"thumbnailUrl":"https:\/\/nyala.info\/wp-content\/uploads\/2015\/04\/nyala-19.jpg","datePublished":"2016-11-03T19:07:59+00:00","dateModified":"2016-11-15T09:33:59+00:00","breadcrumb":{"@id":"https:\/\/nyala.info\/de\/angebote\/familien\/das-ideale-hotel-fuer-familien-mit-kindern\/#breadcrumb"},"inLanguage":"de-DE","potentialAction":[{"@type":"ReadAction","target":["https:\/\/nyala.info\/de\/angebote\/familien\/das-ideale-hotel-fuer-familien-mit-kindern\/"]}]},{"@type":"ImageObject","inLanguage":"de-DE","@id":"https:\/\/nyala.info\/de\/angebote\/familien\/das-ideale-hotel-fuer-familien-mit-kindern\/#primaryimage","url":"https:\/\/nyala.info\/wp-content\/uploads\/2015\/04\/nyala-19.jpg","contentUrl":"https:\/\/nyala.info\/wp-content\/uploads\/2015\/04\/nyala-19.jpg","width":1620,"height":1080,"caption":"Suite Junior, famiglie, familien"},{"@type":"BreadcrumbList","@id":"https:\/\/nyala.info\/de\/angebote\/familien\/das-ideale-hotel-fuer-familien-mit-kindern\/#breadcrumb","itemListElement":[{"@type":"ListItem","position":1,"name":"Home","item":"https:\/\/nyala.info\/de\/"},{"@type":"ListItem","position":2,"name":"ANGEBOTE","item":"https:\/\/nyala.info\/de\/angebote\/"},{"@type":"ListItem","position":3,"name":"Familien","item":"https:\/\/nyala.info\/de\/angebote\/familien\/"},{"@type":"ListItem","position":4,"name":"Das ideale Hotel f\u00fcr Familien mit Kindern"}]},{"@type":"WebSite","@id":"https:\/\/nyala.info\/de\/#website","url":"https:\/\/nyala.info\/de\/","name":"Nyala Suite Hotel","description":"4-Sterne-Hotel in San Remo","potentialAction":[{"@type":"SearchAction","target":{"@type":"EntryPoint","urlTemplate":"https:\/\/nyala.info\/de\/?s={search_term_string}"},"query-input":{"@type":"PropertyValueSpecification","valueRequired":true,"valueName":"search_term_string"}}],"inLanguage":"de-DE"}]}},"_links":{"self":[{"href":"https:\/\/nyala.info\/de\/wp-json\/wp\/v2\/pages\/2321"}],"collection":[{"href":"https:\/\/nyala.info\/de\/wp-json\/wp\/v2\/pages"}],"about":[{"href":"https:\/\/nyala.info\/de\/wp-json\/wp\/v2\/types\/page"}],"author":[{"embeddable":true,"href":"https:\/\/nyala.info\/de\/wp-json\/wp\/v2\/users\/3"}],"replies":[{"embeddable":true,"href":"https:\/\/nyala.info\/de\/wp-json\/wp\/v2\/comments?post=2321"}],"version-history":[{"count":3,"href":"https:\/\/nyala.info\/de\/wp-json\/wp\/v2\/pages\/2321\/revisions"}],"predecessor-version":[{"id":2437,"href":"https:\/\/nyala.info\/de\/wp-json\/wp\/v2\/pages\/2321\/revisions\/2437"}],"up":[{"embeddable":true,"href":"https:\/\/nyala.info\/de\/wp-json\/wp\/v2\/pages\/5208"}],"wp:featuredmedia":[{"embeddable":true,"href":"https:\/\/nyala.info\/de\/wp-json\/wp\/v2\/media\/1163"}],"wp:attachment":[{"href":"https:\/\/nyala.info\/de\/wp-json\/wp\/v2\/media?parent=2321"}],"curies":[{"name":"wp","href":"https:\/\/api.w.org\/{rel}","templated":true}]}}