{"id":2319,"date":"2016-11-03T20:07:12","date_gmt":"2016-11-03T19:07:12","guid":{"rendered":"http:\/\/www.nyalahotel.biz\/de\/?page_id=2319"},"modified":"2016-11-15T12:22:45","modified_gmt":"2016-11-15T11:22:45","slug":"tennis","status":"publish","type":"page","link":"https:\/\/nyala.info\/de\/angebote\/sportlich\/tennis\/","title":{"rendered":"Tennis"},"content":{"rendered":"<h2>Tennis &#8211; Sporting Club &#8220;Solaro&#8221;<\/h2>\n<p>Eine reizende Enrichtung im echten mediteranen Stiel aus den Siebzigern. Es hatte Italien in einem h\u00e4uslichen\u00a0Zusammentreffen des Davis Pokals zu Gast, die europ\u00e4ischen Champions unter 14 und im Jahre 1999 das australische Team zum Training f\u00fcr den Davis Pokal,\u00a0das dann in Nizza in Frankreich gewann.<br \/>\n12 Tennispl\u00e4tze (6 in\u00a0Erde &#8211; 6 in Zement), 3 Fu\u00dfballpl\u00e4tze, Sauna, Turnhalle mit Ger\u00e4ten f\u00fcr das Bodybuilding, Aerobik und Cardio-vaskolare Gymnastik.<br \/>\n<b>Distanz vom Hotel<\/b>: 400 m.<\/p>\n","protected":false},"excerpt":{"rendered":"<p>Tennis &#8211; Sporting Club &#8220;Solaro&#8221; Eine reizende Enrichtung im echten mediteranen Stiel aus den Siebzigern. Es hatte Italien in einem h\u00e4uslichen\u00a0Zusammentreffen des Davis Pokals zu Gast, die europ\u00e4ischen Champions unter 14 und im Jahre 1999 das australische Team zum Training f\u00fcr den Davis Pokal,\u00a0das dann in Nizza in Frankreich gewann. 12 Tennispl\u00e4tze (6 in\u00a0Erde &#8211; [&hellip;]<\/p>\n","protected":false},"author":3,"featured_media":1134,"parent":4983,"menu_order":23,"comment_status":"open","ping_status":"closed","template":"","meta":{"_acf_changed":false,"footnotes":""},"class_list":["post-2319","page","type-page","status-publish","has-post-thumbnail","hentry"],"acf":[],"yoast_head":"<!-- This site is optimized with the Yoast SEO plugin v25.6 - https:\/\/yoast.com\/wordpress\/plugins\/seo\/ -->\n<title>Tennis | Nyala Suite Hotel 4-Sterne-Hotel in San Remo<\/title>\n<meta name=\"robots\" content=\"noindex, follow, max-snippet:-1, max-image-preview:large, max-video-preview:-1\" \/>\n<meta property=\"og:locale\" content=\"de_DE\" \/>\n<meta property=\"og:type\" content=\"article\" \/>\n<meta property=\"og:title\" content=\"Tennis | Nyala Suite Hotel 4-Sterne-Hotel in San Remo\" \/>\n<meta property=\"og:description\" content=\"Tennis &#8211; Sporting Club &#8220;Solaro&#8221; Eine reizende Enrichtung im echten mediteranen Stiel aus den Siebzigern. Es hatte Italien in einem h\u00e4uslichen\u00a0Zusammentreffen des Davis Pokals zu Gast, die europ\u00e4ischen Champions unter 14 und im Jahre 1999 das australische Team zum Training f\u00fcr den Davis Pokal,\u00a0das dann in Nizza in Frankreich gewann. 12 Tennispl\u00e4tze (6 in\u00a0Erde &#8211; [&hellip;]\" \/>\n<meta property=\"og:url\" content=\"https:\/\/nyala.info\/de\/angebote\/sportlich\/tennis\/\" \/>\n<meta property=\"og:site_name\" content=\"Nyala Suite Hotel\" \/>\n<meta property=\"article:modified_time\" content=\"2016-11-15T11:22:45+00:00\" \/>\n<meta property=\"og:image\" content=\"https:\/\/nyala.info\/wp-content\/uploads\/2015\/04\/tennissanremo.jpg\" \/>\n\t<meta property=\"og:image:width\" content=\"1620\" \/>\n\t<meta property=\"og:image:height\" content=\"1080\" \/>\n\t<meta property=\"og:image:type\" content=\"image\/jpeg\" \/>\n<meta name=\"twitter:card\" content=\"summary_large_image\" \/>\n<script type=\"application\/ld+json\" class=\"yoast-schema-graph\">{\"@context\":\"https:\/\/schema.org\",\"@graph\":[{\"@type\":\"WebPage\",\"@id\":\"https:\/\/nyala.info\/de\/angebote\/sportlich\/tennis\/\",\"url\":\"https:\/\/nyala.info\/de\/angebote\/sportlich\/tennis\/\",\"name\":\"Tennis | Nyala Suite Hotel 4-Sterne-Hotel in San Remo\",\"isPartOf\":{\"@id\":\"https:\/\/nyala.info\/de\/#website\"},\"primaryImageOfPage\":{\"@id\":\"https:\/\/nyala.info\/de\/angebote\/sportlich\/tennis\/#primaryimage\"},\"image\":{\"@id\":\"https:\/\/nyala.info\/de\/angebote\/sportlich\/tennis\/#primaryimage\"},\"thumbnailUrl\":\"https:\/\/nyala.info\/wp-content\/uploads\/2015\/04\/tennissanremo.jpg\",\"datePublished\":\"2016-11-03T19:07:12+00:00\",\"dateModified\":\"2016-11-15T11:22:45+00:00\",\"breadcrumb\":{\"@id\":\"https:\/\/nyala.info\/de\/angebote\/sportlich\/tennis\/#breadcrumb\"},\"inLanguage\":\"de-DE\",\"potentialAction\":[{\"@type\":\"ReadAction\",\"target\":[\"https:\/\/nyala.info\/de\/angebote\/sportlich\/tennis\/\"]}]},{\"@type\":\"ImageObject\",\"inLanguage\":\"de-DE\",\"@id\":\"https:\/\/nyala.info\/de\/angebote\/sportlich\/tennis\/#primaryimage\",\"url\":\"https:\/\/nyala.info\/wp-content\/uploads\/2015\/04\/tennissanremo.jpg\",\"contentUrl\":\"https:\/\/nyala.info\/wp-content\/uploads\/2015\/04\/tennissanremo.jpg\",\"width\":1620,\"height\":1080,\"caption\":\"Tennis a Sanremo, T\u0435\u043d\u043d\u0438\u0441\"},{\"@type\":\"BreadcrumbList\",\"@id\":\"https:\/\/nyala.info\/de\/angebote\/sportlich\/tennis\/#breadcrumb\",\"itemListElement\":[{\"@type\":\"ListItem\",\"position\":1,\"name\":\"Home\",\"item\":\"https:\/\/nyala.info\/de\/\"},{\"@type\":\"ListItem\",\"position\":2,\"name\":\"ANGEBOTE\",\"item\":\"https:\/\/nyala.info\/de\/angebote\/\"},{\"@type\":\"ListItem\",\"position\":3,\"name\":\"Sportlich\",\"item\":\"https:\/\/nyala.info\/de\/angebote\/sportlich\/\"},{\"@type\":\"ListItem\",\"position\":4,\"name\":\"Tennis\"}]},{\"@type\":\"WebSite\",\"@id\":\"https:\/\/nyala.info\/de\/#website\",\"url\":\"https:\/\/nyala.info\/de\/\",\"name\":\"Nyala Suite Hotel\",\"description\":\"4-Sterne-Hotel in San Remo\",\"potentialAction\":[{\"@type\":\"SearchAction\",\"target\":{\"@type\":\"EntryPoint\",\"urlTemplate\":\"https:\/\/nyala.info\/de\/?s={search_term_string}\"},\"query-input\":{\"@type\":\"PropertyValueSpecification\",\"valueRequired\":true,\"valueName\":\"search_term_string\"}}],\"inLanguage\":\"de-DE\"}]}<\/script>\n<!-- \/ Yoast SEO plugin. -->","yoast_head_json":{"title":"Tennis | Nyala Suite Hotel 4-Sterne-Hotel in San Remo","robots":{"index":"noindex","follow":"follow","max-snippet":"max-snippet:-1","max-image-preview":"max-image-preview:large","max-video-preview":"max-video-preview:-1"},"og_locale":"de_DE","og_type":"article","og_title":"Tennis | Nyala Suite Hotel 4-Sterne-Hotel in San Remo","og_description":"Tennis &#8211; Sporting Club &#8220;Solaro&#8221; Eine reizende Enrichtung im echten mediteranen Stiel aus den Siebzigern. Es hatte Italien in einem h\u00e4uslichen\u00a0Zusammentreffen des Davis Pokals zu Gast, die europ\u00e4ischen Champions unter 14 und im Jahre 1999 das australische Team zum Training f\u00fcr den Davis Pokal,\u00a0das dann in Nizza in Frankreich gewann. 12 Tennispl\u00e4tze (6 in\u00a0Erde &#8211; [&hellip;]","og_url":"https:\/\/nyala.info\/de\/angebote\/sportlich\/tennis\/","og_site_name":"Nyala Suite Hotel","article_modified_time":"2016-11-15T11:22:45+00:00","og_image":[{"width":1620,"height":1080,"url":"https:\/\/nyala.info\/wp-content\/uploads\/2015\/04\/tennissanremo.jpg","type":"image\/jpeg"}],"twitter_card":"summary_large_image","schema":{"@context":"https:\/\/schema.org","@graph":[{"@type":"WebPage","@id":"https:\/\/nyala.info\/de\/angebote\/sportlich\/tennis\/","url":"https:\/\/nyala.info\/de\/angebote\/sportlich\/tennis\/","name":"Tennis | Nyala Suite Hotel 4-Sterne-Hotel in San Remo","isPartOf":{"@id":"https:\/\/nyala.info\/de\/#website"},"primaryImageOfPage":{"@id":"https:\/\/nyala.info\/de\/angebote\/sportlich\/tennis\/#primaryimage"},"image":{"@id":"https:\/\/nyala.info\/de\/angebote\/sportlich\/tennis\/#primaryimage"},"thumbnailUrl":"https:\/\/nyala.info\/wp-content\/uploads\/2015\/04\/tennissanremo.jpg","datePublished":"2016-11-03T19:07:12+00:00","dateModified":"2016-11-15T11:22:45+00:00","breadcrumb":{"@id":"https:\/\/nyala.info\/de\/angebote\/sportlich\/tennis\/#breadcrumb"},"inLanguage":"de-DE","potentialAction":[{"@type":"ReadAction","target":["https:\/\/nyala.info\/de\/angebote\/sportlich\/tennis\/"]}]},{"@type":"ImageObject","inLanguage":"de-DE","@id":"https:\/\/nyala.info\/de\/angebote\/sportlich\/tennis\/#primaryimage","url":"https:\/\/nyala.info\/wp-content\/uploads\/2015\/04\/tennissanremo.jpg","contentUrl":"https:\/\/nyala.info\/wp-content\/uploads\/2015\/04\/tennissanremo.jpg","width":1620,"height":1080,"caption":"Tennis a Sanremo, T\u0435\u043d\u043d\u0438\u0441"},{"@type":"BreadcrumbList","@id":"https:\/\/nyala.info\/de\/angebote\/sportlich\/tennis\/#breadcrumb","itemListElement":[{"@type":"ListItem","position":1,"name":"Home","item":"https:\/\/nyala.info\/de\/"},{"@type":"ListItem","position":2,"name":"ANGEBOTE","item":"https:\/\/nyala.info\/de\/angebote\/"},{"@type":"ListItem","position":3,"name":"Sportlich","item":"https:\/\/nyala.info\/de\/angebote\/sportlich\/"},{"@type":"ListItem","position":4,"name":"Tennis"}]},{"@type":"WebSite","@id":"https:\/\/nyala.info\/de\/#website","url":"https:\/\/nyala.info\/de\/","name":"Nyala Suite Hotel","description":"4-Sterne-Hotel in San Remo","potentialAction":[{"@type":"SearchAction","target":{"@type":"EntryPoint","urlTemplate":"https:\/\/nyala.info\/de\/?s={search_term_string}"},"query-input":{"@type":"PropertyValueSpecification","valueRequired":true,"valueName":"search_term_string"}}],"inLanguage":"de-DE"}]}},"_links":{"self":[{"href":"https:\/\/nyala.info\/de\/wp-json\/wp\/v2\/pages\/2319"}],"collection":[{"href":"https:\/\/nyala.info\/de\/wp-json\/wp\/v2\/pages"}],"about":[{"href":"https:\/\/nyala.info\/de\/wp-json\/wp\/v2\/types\/page"}],"author":[{"embeddable":true,"href":"https:\/\/nyala.info\/de\/wp-json\/wp\/v2\/users\/3"}],"replies":[{"embeddable":true,"href":"https:\/\/nyala.info\/de\/wp-json\/wp\/v2\/comments?post=2319"}],"version-history":[{"count":2,"href":"https:\/\/nyala.info\/de\/wp-json\/wp\/v2\/pages\/2319\/revisions"}],"predecessor-version":[{"id":2462,"href":"https:\/\/nyala.info\/de\/wp-json\/wp\/v2\/pages\/2319\/revisions\/2462"}],"up":[{"embeddable":true,"href":"https:\/\/nyala.info\/de\/wp-json\/wp\/v2\/pages\/4983"}],"wp:featuredmedia":[{"embeddable":true,"href":"https:\/\/nyala.info\/de\/wp-json\/wp\/v2\/media\/1134"}],"wp:attachment":[{"href":"https:\/\/nyala.info\/de\/wp-json\/wp\/v2\/media?parent=2319"}],"curies":[{"name":"wp","href":"https:\/\/api.w.org\/{rel}","templated":true}]}}