{"id":2313,"date":"2016-11-03T20:00:32","date_gmt":"2016-11-03T19:00:32","guid":{"rendered":"http:\/\/www.nyalahotel.biz\/de\/?page_id=2313"},"modified":"2017-02-23T12:09:06","modified_gmt":"2017-02-23T11:09:06","slug":"konferenzraeume-azimuth","status":"publish","type":"page","link":"https:\/\/nyala.info\/de\/konferenzen\/tagungsraeume-fuer-konferenzen\/konferenzraeume-azimuth\/","title":{"rendered":"Konferenzr\u00e4ume AZIMUTH"},"content":{"rendered":"<h2 style=\"text-align: center;\">Konferenzen in San Remo?<\/h2>\n<p>&nbsp;<\/p>\n<div class=\"col-md-4\">\n<p><strong>Das Nyala Suite Hotel San Remo bietet mehrere Veranstaltungsr\u00e4ume und Konferenzservices f\u00fcr Ihre Veranstaltungen in San Remo in Ligurien.<\/strong><\/p>\n<p>Die Azimuth Halle besticht durch viel nat\u00fcrliches Licht. Die Halle ist gro\u00df und kann gesch\u00e4ftliche Zusammenk\u00fcnfte, Rundgespr\u00e4che, Workshops und Veranstaltungen beherbergen \u2013\u00a0 mit der M\u00f6glichkeit eines Dolmetscher- und Sekreteriats-Services zu Ihrer Verf\u00fcgung.<\/p>\n<p>Diese gro\u00dfz\u00fcgige R\u00e4umlichkeit ist auch f\u00fcr Banketts und Empf\u00e4nge, Gesch\u00e4ftsessen und Firmenjubil\u00e4en eingeschlossen, geeignet. Ausserdem ideal als R\u00e4umlichkeit f\u00fcr aufsteigende Ausstellungen oder Shows.<\/p>\n<p>Eine Vielfalt an Equipment ist verf\u00fcgbar, gem\u00e4\u00df des folgenden Formulars, welches alle Details beinhaltet. Jeder weitere Service oder weiteres Equipment, welches Sie gebrauchen k\u00f6nnten, ist auf Anfrage erh\u00e4ltlich.<\/p>\n<p>Kontaktieren Sie uns f\u00fcr mehr Informationen.<\/p>\n<h2>Konferenzr\u00e4ume Azimuth<\/h2>\n<\/div><div class=\"col-md-8\">[huge_it_slider id=&#8221;8&#8243;]<\/div><\/p>\n<table border=\"0\" width=\"100%\" cellspacing=\"0\" cellpadding=\"0\">\n<tbody>\n<tr>\n<td valign=\"top\" width=\"50%\">\n<table border=\"0\" width=\"100%\" cellspacing=\"1\" cellpadding=\"5\">\n<tbody>\n<tr>\n<td colspan=\"3\" bgcolor=\"#CBE3EE\">\n<div align=\"center\">Eigenschaften<\/div>\n<\/td>\n<\/tr>\n<tr>\n<td bgcolor=\"#FFFFFF\" width=\"42\"><img loading=\"lazy\" decoding=\"async\" src=\"img\/icone_meeting\/meetin1.gif\" alt=\"Meeting\" width=\"41\" height=\"35\" \/><\/td>\n<td bgcolor=\"#BFC4DC\">Sunlight<\/td>\n<td bgcolor=\"#E1E4EB\">Yes<\/td>\n<\/tr>\n<tr>\n<td bgcolor=\"#FFFFFF\"><img loading=\"lazy\" decoding=\"async\" src=\"img\/icone_meeting\/meetin2.gif\" alt=\"Meeting\" width=\"42\" height=\"35\" \/><\/td>\n<td bgcolor=\"#BFC4DC\">Fl\u00e4che m\u00b2<\/td>\n<td bgcolor=\"#E1E4EB\">77<\/td>\n<\/tr>\n<tr>\n<td bgcolor=\"#FFFFFF\"><img loading=\"lazy\" decoding=\"async\" src=\"img\/icone_meeting\/meetin3.gif\" alt=\"Meeting\" width=\"42\" height=\"35\" \/><\/td>\n<td bgcolor=\"#BFC4DC\">Ma\u00dfe (m)<\/td>\n<td bgcolor=\"#E1E4EB\">11 x 7<\/td>\n<\/tr>\n<tr>\n<td bgcolor=\"#FFFFFF\"><img loading=\"lazy\" decoding=\"async\" src=\"img\/icone_meeting\/meetin4.gif\" alt=\"Meeting\" width=\"42\" height=\"35\" \/><\/td>\n<td bgcolor=\"#BFC4DC\">H\u00f6he (m)<\/td>\n<td bgcolor=\"#E1E4EB\">3<\/td>\n<\/tr>\n<tr>\n<td bgcolor=\"#FFFFFF\"><img loading=\"lazy\" decoding=\"async\" src=\"img\/icone_meeting\/meetin6.gif\" alt=\"Meeting\" width=\"41\" height=\"35\" \/><\/td>\n<td bgcolor=\"#BFC4DC\">Kapazit\u00e4t Theater<\/td>\n<td bgcolor=\"#E1E4EB\">100<\/td>\n<\/tr>\n<tr>\n<td bgcolor=\"#FFFFFF\"><img loading=\"lazy\" decoding=\"async\" src=\"img\/icone_meeting\/meetin5.gif\" alt=\"Meeting\" width=\"42\" height=\"35\" \/><\/td>\n<td bgcolor=\"#BFC4DC\">Klassenr\u00e4ume<\/td>\n<td bgcolor=\"#E1E4EB\">40<\/td>\n<\/tr>\n<tr>\n<td bgcolor=\"#FFFFFF\"><img loading=\"lazy\" decoding=\"async\" src=\"img\/icone_meeting\/meetin7.gif\" alt=\"Meeting\" width=\"42\" height=\"35\" \/><\/td>\n<td bgcolor=\"#BFC4DC\">Schr\u00e4g Stellung<\/td>\n<td bgcolor=\"#E1E4EB\">40<\/td>\n<\/tr>\n<tr>\n<td bgcolor=\"#FFFFFF\"><img loading=\"lazy\" decoding=\"async\" src=\"img\/icone_meeting\/meetin8.gif\" alt=\"Meeting\" width=\"42\" height=\"35\" \/><\/td>\n<td bgcolor=\"#BFC4DC\">U Aufstellung<\/td>\n<td bgcolor=\"#E1E4EB\">60<\/td>\n<\/tr>\n<tr>\n<td bgcolor=\"#FFFFFF\"><img loading=\"lazy\" decoding=\"async\" src=\"img\/icone_meeting\/meetin9.gif\" alt=\"Meeting\" width=\"42\" height=\"35\" \/><\/td>\n<td bgcolor=\"#BFC4DC\">Round Table<\/td>\n<td bgcolor=\"#E1E4EB\">60<\/td>\n<\/tr>\n<tr>\n<td bgcolor=\"#FFFFFF\"><img loading=\"lazy\" decoding=\"async\" src=\"img\/icone_meeting\/meetin10.gif\" alt=\"Meeting\" width=\"42\" height=\"35\" \/><\/td>\n<td bgcolor=\"#BFC4DC\">Exhibitions Stand 2,5 x 3<\/td>\n<td bgcolor=\"#E1E4EB\">8<\/td>\n<\/tr>\n<tr>\n<td bgcolor=\"#FFFFFF\"><img loading=\"lazy\" decoding=\"async\" src=\"img\/icone_meeting\/meetin11.gif\" alt=\"Meeting\" width=\"42\" height=\"35\" \/><\/td>\n<td bgcolor=\"#BFC4DC\">Banquets<\/td>\n<td bgcolor=\"#E1E4EB\">70<\/td>\n<\/tr>\n<tr>\n<td bgcolor=\"#FFFFFF\"><img loading=\"lazy\" decoding=\"async\" src=\"img\/icone_meeting\/meetin12.gif\" alt=\"Meeting\" width=\"42\" height=\"35\" \/><\/td>\n<td bgcolor=\"#BFC4DC\">Receptions<\/td>\n<td bgcolor=\"#E1E4EB\">115<\/td>\n<\/tr>\n<\/tbody>\n<\/table>\n<\/td>\n<td valign=\"top\" width=\"50%\">\n<table border=\"0\" width=\"100%\" cellspacing=\"1\" cellpadding=\"5\">\n<tbody>\n<tr>\n<td colspan=\"2\" bgcolor=\"#CBE3EE\">\n<div align=\"center\">Services<\/div>\n<\/td>\n<\/tr>\n<tr>\n<td bgcolor=\"#BFC4DC\">Klimaanlage<\/td>\n<td bgcolor=\"#E1E4EB\">Ja<\/td>\n<\/tr>\n<tr>\n<td bgcolor=\"#BFC4DC\">\u00a0TV + Video-Rekorder<\/td>\n<td bgcolor=\"#E1E4EB\">Ja<\/td>\n<\/tr>\n<tr>\n<td bgcolor=\"#BFC4DC\">\u00a0Dia- Projektor<\/td>\n<td bgcolor=\"#E1E4EB\">Ja<\/td>\n<\/tr>\n<tr>\n<td bgcolor=\"#BFC4DC\">LCD Video-Projektor<\/td>\n<td bgcolor=\"#E1E4EB\">Ja<\/td>\n<\/tr>\n<tr>\n<td bgcolor=\"#BFC4DC\">Microphone<\/td>\n<td bgcolor=\"#E1E4EB\">Ja<\/td>\n<\/tr>\n<tr>\n<td bgcolor=\"#BFC4DC\">HDSL line 2 Mbit\/s<\/td>\n<td bgcolor=\"#E1E4EB\">Ja<\/td>\n<\/tr>\n<tr>\n<td bgcolor=\"#BFC4DC\">WI-FI connection<\/td>\n<td bgcolor=\"#E1E4EB\">Ja<\/td>\n<\/tr>\n<tr>\n<td colspan=\"2\" bgcolor=\"#CBE3EE\">\n<div align=\"center\">B\u00fcromaschinen Services<\/div>\n<\/td>\n<\/tr>\n<tr>\n<td bgcolor=\"#BFC4DC\">Telefax<\/td>\n<td bgcolor=\"#E1E4EB\">Ja<\/td>\n<\/tr>\n<tr>\n<td bgcolor=\"#BFC4DC\">\u00a0Fotokopierer<\/td>\n<td bgcolor=\"#E1E4EB\">Ja<\/td>\n<\/tr>\n<tr>\n<td bgcolor=\"#BFC4DC\">Word Processing<\/td>\n<td bgcolor=\"#E1E4EB\">Ja<\/td>\n<\/tr>\n<tr>\n<td bgcolor=\"#BFC4DC\">Analog Modems<\/td>\n<td bgcolor=\"#E1E4EB\">Ja<\/td>\n<\/tr>\n<tr>\n<td bgcolor=\"#BFC4DC\">\u00a0Segret\u00e4rinnen Service<\/td>\n<td bgcolor=\"#E1E4EB\">Nach anfrage<\/td>\n<\/tr>\n<tr>\n<td bgcolor=\"#BFC4DC\">\u00dcbersetzer<\/td>\n<td bgcolor=\"#E1E4EB\">Nach anfrage<\/td>\n<\/tr>\n<\/tbody>\n<\/table>\n<\/td>\n<\/tr>\n<\/tbody>\n<\/table>\n","protected":false},"excerpt":{"rendered":"<p>Konferenzen in San Remo? &nbsp; Eigenschaften Sunlight Yes Fl\u00e4che m\u00b2 77 Ma\u00dfe (m) 11 x 7 H\u00f6he (m) 3 Kapazit\u00e4t Theater 100 Klassenr\u00e4ume 40 Schr\u00e4g Stellung 40 U Aufstellung 60 Round Table 60 Exhibitions Stand 2,5 x 3 8 Banquets 70 Receptions 115 Services Klimaanlage Ja \u00a0TV + Video-Rekorder Ja \u00a0Dia- Projektor Ja LCD Video-Projektor [&hellip;]<\/p>\n","protected":false},"author":3,"featured_media":1056,"parent":3591,"menu_order":23,"comment_status":"open","ping_status":"closed","template":"","meta":{"_acf_changed":false,"footnotes":""},"class_list":["post-2313","page","type-page","status-publish","has-post-thumbnail","hentry"],"acf":[],"yoast_head":"<!-- This site is optimized with the Yoast SEO plugin v25.6 - https:\/\/yoast.com\/wordpress\/plugins\/seo\/ -->\n<title>Konferenzr\u00e4ume AZIMUTH | Nyala Suite Hotel 4-Sterne-Hotel in San Remo<\/title>\n<meta name=\"robots\" content=\"noindex, follow, max-snippet:-1, max-image-preview:large, max-video-preview:-1\" \/>\n<meta property=\"og:locale\" content=\"de_DE\" \/>\n<meta property=\"og:type\" content=\"article\" \/>\n<meta property=\"og:title\" content=\"Konferenzr\u00e4ume AZIMUTH | Nyala Suite Hotel 4-Sterne-Hotel in San Remo\" \/>\n<meta property=\"og:description\" content=\"Konferenzen in San Remo? &nbsp; Eigenschaften Sunlight Yes Fl\u00e4che m\u00b2 77 Ma\u00dfe (m) 11 x 7 H\u00f6he (m) 3 Kapazit\u00e4t Theater 100 Klassenr\u00e4ume 40 Schr\u00e4g Stellung 40 U Aufstellung 60 Round Table 60 Exhibitions Stand 2,5 x 3 8 Banquets 70 Receptions 115 Services Klimaanlage Ja \u00a0TV + Video-Rekorder Ja \u00a0Dia- Projektor Ja LCD Video-Projektor [&hellip;]\" \/>\n<meta property=\"og:url\" content=\"https:\/\/nyala.info\/de\/konferenzen\/tagungsraeume-fuer-konferenzen\/konferenzraeume-azimuth\/\" \/>\n<meta property=\"og:site_name\" content=\"Nyala Suite Hotel\" \/>\n<meta property=\"article:modified_time\" content=\"2017-02-23T11:09:06+00:00\" \/>\n<meta property=\"og:image\" content=\"https:\/\/nyala.info\/wp-content\/uploads\/2015\/04\/conferenze.jpg\" \/>\n\t<meta property=\"og:image:width\" content=\"1620\" \/>\n\t<meta property=\"og:image:height\" content=\"1080\" \/>\n\t<meta property=\"og:image:type\" content=\"image\/jpeg\" \/>\n<meta name=\"twitter:card\" content=\"summary_large_image\" \/>\n<meta name=\"twitter:label1\" content=\"Est. reading time\" \/>\n\t<meta name=\"twitter:data1\" content=\"1 minute\" \/>\n<script type=\"application\/ld+json\" class=\"yoast-schema-graph\">{\"@context\":\"https:\/\/schema.org\",\"@graph\":[{\"@type\":\"WebPage\",\"@id\":\"https:\/\/nyala.info\/de\/konferenzen\/tagungsraeume-fuer-konferenzen\/konferenzraeume-azimuth\/\",\"url\":\"https:\/\/nyala.info\/de\/konferenzen\/tagungsraeume-fuer-konferenzen\/konferenzraeume-azimuth\/\",\"name\":\"Konferenzr\u00e4ume AZIMUTH | Nyala Suite Hotel 4-Sterne-Hotel in San Remo\",\"isPartOf\":{\"@id\":\"https:\/\/nyala.info\/de\/#website\"},\"primaryImageOfPage\":{\"@id\":\"https:\/\/nyala.info\/de\/konferenzen\/tagungsraeume-fuer-konferenzen\/konferenzraeume-azimuth\/#primaryimage\"},\"image\":{\"@id\":\"https:\/\/nyala.info\/de\/konferenzen\/tagungsraeume-fuer-konferenzen\/konferenzraeume-azimuth\/#primaryimage\"},\"thumbnailUrl\":\"https:\/\/nyala.info\/wp-content\/uploads\/2015\/04\/conferenze.jpg\",\"datePublished\":\"2016-11-03T19:00:32+00:00\",\"dateModified\":\"2017-02-23T11:09:06+00:00\",\"breadcrumb\":{\"@id\":\"https:\/\/nyala.info\/de\/konferenzen\/tagungsraeume-fuer-konferenzen\/konferenzraeume-azimuth\/#breadcrumb\"},\"inLanguage\":\"de-DE\",\"potentialAction\":[{\"@type\":\"ReadAction\",\"target\":[\"https:\/\/nyala.info\/de\/konferenzen\/tagungsraeume-fuer-konferenzen\/konferenzraeume-azimuth\/\"]}]},{\"@type\":\"ImageObject\",\"inLanguage\":\"de-DE\",\"@id\":\"https:\/\/nyala.info\/de\/konferenzen\/tagungsraeume-fuer-konferenzen\/konferenzraeume-azimuth\/#primaryimage\",\"url\":\"https:\/\/nyala.info\/wp-content\/uploads\/2015\/04\/conferenze.jpg\",\"contentUrl\":\"https:\/\/nyala.info\/wp-content\/uploads\/2015\/04\/conferenze.jpg\",\"width\":1620,\"height\":1080,\"caption\":\"conference, Konferenzen, azimuth\"},{\"@type\":\"BreadcrumbList\",\"@id\":\"https:\/\/nyala.info\/de\/konferenzen\/tagungsraeume-fuer-konferenzen\/konferenzraeume-azimuth\/#breadcrumb\",\"itemListElement\":[{\"@type\":\"ListItem\",\"position\":1,\"name\":\"Home\",\"item\":\"https:\/\/nyala.info\/de\/\"},{\"@type\":\"ListItem\",\"position\":2,\"name\":\"Meetings\",\"item\":\"https:\/\/nyala.info\/de\/konferenzen\/\"},{\"@type\":\"ListItem\",\"position\":3,\"name\":\"Tagungsr\u00e4ume f\u00fcr Konferenzen\",\"item\":\"https:\/\/nyala.info\/de\/konferenzen\/tagungsraeume-fuer-konferenzen\/\"},{\"@type\":\"ListItem\",\"position\":4,\"name\":\"Konferenzr\u00e4ume AZIMUTH\"}]},{\"@type\":\"WebSite\",\"@id\":\"https:\/\/nyala.info\/de\/#website\",\"url\":\"https:\/\/nyala.info\/de\/\",\"name\":\"Nyala Suite Hotel\",\"description\":\"4-Sterne-Hotel in San Remo\",\"potentialAction\":[{\"@type\":\"SearchAction\",\"target\":{\"@type\":\"EntryPoint\",\"urlTemplate\":\"https:\/\/nyala.info\/de\/?s={search_term_string}\"},\"query-input\":{\"@type\":\"PropertyValueSpecification\",\"valueRequired\":true,\"valueName\":\"search_term_string\"}}],\"inLanguage\":\"de-DE\"}]}<\/script>\n<!-- \/ Yoast SEO plugin. -->","yoast_head_json":{"title":"Konferenzr\u00e4ume AZIMUTH | Nyala Suite Hotel 4-Sterne-Hotel in San Remo","robots":{"index":"noindex","follow":"follow","max-snippet":"max-snippet:-1","max-image-preview":"max-image-preview:large","max-video-preview":"max-video-preview:-1"},"og_locale":"de_DE","og_type":"article","og_title":"Konferenzr\u00e4ume AZIMUTH | Nyala Suite Hotel 4-Sterne-Hotel in San Remo","og_description":"Konferenzen in San Remo? &nbsp; Eigenschaften Sunlight Yes Fl\u00e4che m\u00b2 77 Ma\u00dfe (m) 11 x 7 H\u00f6he (m) 3 Kapazit\u00e4t Theater 100 Klassenr\u00e4ume 40 Schr\u00e4g Stellung 40 U Aufstellung 60 Round Table 60 Exhibitions Stand 2,5 x 3 8 Banquets 70 Receptions 115 Services Klimaanlage Ja \u00a0TV + Video-Rekorder Ja \u00a0Dia- Projektor Ja LCD Video-Projektor [&hellip;]","og_url":"https:\/\/nyala.info\/de\/konferenzen\/tagungsraeume-fuer-konferenzen\/konferenzraeume-azimuth\/","og_site_name":"Nyala Suite Hotel","article_modified_time":"2017-02-23T11:09:06+00:00","og_image":[{"width":1620,"height":1080,"url":"https:\/\/nyala.info\/wp-content\/uploads\/2015\/04\/conferenze.jpg","type":"image\/jpeg"}],"twitter_card":"summary_large_image","twitter_misc":{"Est. reading time":"1 minute"},"schema":{"@context":"https:\/\/schema.org","@graph":[{"@type":"WebPage","@id":"https:\/\/nyala.info\/de\/konferenzen\/tagungsraeume-fuer-konferenzen\/konferenzraeume-azimuth\/","url":"https:\/\/nyala.info\/de\/konferenzen\/tagungsraeume-fuer-konferenzen\/konferenzraeume-azimuth\/","name":"Konferenzr\u00e4ume AZIMUTH | Nyala Suite Hotel 4-Sterne-Hotel in San Remo","isPartOf":{"@id":"https:\/\/nyala.info\/de\/#website"},"primaryImageOfPage":{"@id":"https:\/\/nyala.info\/de\/konferenzen\/tagungsraeume-fuer-konferenzen\/konferenzraeume-azimuth\/#primaryimage"},"image":{"@id":"https:\/\/nyala.info\/de\/konferenzen\/tagungsraeume-fuer-konferenzen\/konferenzraeume-azimuth\/#primaryimage"},"thumbnailUrl":"https:\/\/nyala.info\/wp-content\/uploads\/2015\/04\/conferenze.jpg","datePublished":"2016-11-03T19:00:32+00:00","dateModified":"2017-02-23T11:09:06+00:00","breadcrumb":{"@id":"https:\/\/nyala.info\/de\/konferenzen\/tagungsraeume-fuer-konferenzen\/konferenzraeume-azimuth\/#breadcrumb"},"inLanguage":"de-DE","potentialAction":[{"@type":"ReadAction","target":["https:\/\/nyala.info\/de\/konferenzen\/tagungsraeume-fuer-konferenzen\/konferenzraeume-azimuth\/"]}]},{"@type":"ImageObject","inLanguage":"de-DE","@id":"https:\/\/nyala.info\/de\/konferenzen\/tagungsraeume-fuer-konferenzen\/konferenzraeume-azimuth\/#primaryimage","url":"https:\/\/nyala.info\/wp-content\/uploads\/2015\/04\/conferenze.jpg","contentUrl":"https:\/\/nyala.info\/wp-content\/uploads\/2015\/04\/conferenze.jpg","width":1620,"height":1080,"caption":"conference, Konferenzen, azimuth"},{"@type":"BreadcrumbList","@id":"https:\/\/nyala.info\/de\/konferenzen\/tagungsraeume-fuer-konferenzen\/konferenzraeume-azimuth\/#breadcrumb","itemListElement":[{"@type":"ListItem","position":1,"name":"Home","item":"https:\/\/nyala.info\/de\/"},{"@type":"ListItem","position":2,"name":"Meetings","item":"https:\/\/nyala.info\/de\/konferenzen\/"},{"@type":"ListItem","position":3,"name":"Tagungsr\u00e4ume f\u00fcr Konferenzen","item":"https:\/\/nyala.info\/de\/konferenzen\/tagungsraeume-fuer-konferenzen\/"},{"@type":"ListItem","position":4,"name":"Konferenzr\u00e4ume AZIMUTH"}]},{"@type":"WebSite","@id":"https:\/\/nyala.info\/de\/#website","url":"https:\/\/nyala.info\/de\/","name":"Nyala Suite Hotel","description":"4-Sterne-Hotel in San Remo","potentialAction":[{"@type":"SearchAction","target":{"@type":"EntryPoint","urlTemplate":"https:\/\/nyala.info\/de\/?s={search_term_string}"},"query-input":{"@type":"PropertyValueSpecification","valueRequired":true,"valueName":"search_term_string"}}],"inLanguage":"de-DE"}]}},"_links":{"self":[{"href":"https:\/\/nyala.info\/de\/wp-json\/wp\/v2\/pages\/2313"}],"collection":[{"href":"https:\/\/nyala.info\/de\/wp-json\/wp\/v2\/pages"}],"about":[{"href":"https:\/\/nyala.info\/de\/wp-json\/wp\/v2\/types\/page"}],"author":[{"embeddable":true,"href":"https:\/\/nyala.info\/de\/wp-json\/wp\/v2\/users\/3"}],"replies":[{"embeddable":true,"href":"https:\/\/nyala.info\/de\/wp-json\/wp\/v2\/comments?post=2313"}],"version-history":[{"count":6,"href":"https:\/\/nyala.info\/de\/wp-json\/wp\/v2\/pages\/2313\/revisions"}],"predecessor-version":[{"id":3597,"href":"https:\/\/nyala.info\/de\/wp-json\/wp\/v2\/pages\/2313\/revisions\/3597"}],"up":[{"embeddable":true,"href":"https:\/\/nyala.info\/de\/wp-json\/wp\/v2\/pages\/3591"}],"wp:featuredmedia":[{"embeddable":true,"href":"https:\/\/nyala.info\/de\/wp-json\/wp\/v2\/media\/1056"}],"wp:attachment":[{"href":"https:\/\/nyala.info\/de\/wp-json\/wp\/v2\/media?parent=2313"}],"curies":[{"name":"wp","href":"https:\/\/api.w.org\/{rel}","templated":true}]}}