{"id":2311,"date":"2016-11-03T19:59:38","date_gmt":"2016-11-03T18:59:38","guid":{"rendered":"http:\/\/www.nyalahotel.biz\/de\/?page_id=2311"},"modified":"2017-09-28T15:13:33","modified_gmt":"2017-09-28T13:13:33","slug":"san-remo-rally-10-12-oktober","status":"publish","type":"page","link":"https:\/\/nyala.info\/de\/angebote\/grossen-events\/san-remo-rally-10-12-oktober\/","title":{"rendered":"San Remo Rally"},"content":{"rendered":"<h2 style=\"margin-bottom: 0cm;\">San Remo Rally<\/h2>\n<h5 style=\"margin-bottom: 0cm;\"><em><strong>Reservieren sie jetzt ein Zimmer in unserem 4 Sterne Hotel in San Remo um an der mythischen Rallye Veranstaltung teilzuhaben. Eine exzellente Gelengehit um an der Riviera zu entspannen.<\/strong><\/em><\/h5>\n<p>&nbsp;<\/p>\n<p style=\"margin-bottom: 0cm;\"><a href=\"http:\/\/www.nyalahotel.com\/wp-content\/uploads\/2015\/04\/sanremorally.jpg\"><img loading=\"lazy\" decoding=\"async\" class=\"wp-image-1078 alignright\" src=\"http:\/\/www.nyalahotel.com\/wp-content\/uploads\/2015\/04\/sanremorally.jpg\" alt=\"rally sanremo, rallye de sanremo\" width=\"380\" height=\"253\" srcset=\"https:\/\/nyala.info\/wp-content\/uploads\/2015\/04\/sanremorally.jpg 654w, https:\/\/nyala.info\/wp-content\/uploads\/2015\/04\/sanremorally-300x200.jpg 300w, https:\/\/nyala.info\/wp-content\/uploads\/2015\/04\/sanremorally-600x400.jpg 600w, https:\/\/nyala.info\/wp-content\/uploads\/2015\/04\/sanremorally-2x1.jpg 2w\" sizes=\"(max-width: 380px) 100vw, 380px\" \/><\/a>Im Angebot enthalten:<\/p>\n<ul>\n<li>\n<p style=\"margin-bottom: 0cm;\"><strong>Ha<\/strong><strong>lbpension<\/strong><\/p>\n<\/li>\n<li>\n<p style=\"margin-bottom: 0cm;\"><strong>L\u00e4nger bleiben<\/strong><strong> \u2013 <\/strong><strong>weniger zahlen<\/strong><strong>!&#8221;<\/strong>:ab einer bestimmten Aufenthaltsdauer erhalten Sie eine kostenlose \u00dcbernachtung<\/p>\n<\/li>\n<li>\n<p style=\"margin-bottom: 0cm;\"><strong>Privat<\/strong><strong>parkplatz je nach Verf\u00fcgbarkeit<\/strong><\/p>\n<\/li>\n<\/ul>\n<ul>\n<li>\n<p style=\"margin-bottom: 0cm;\"><strong>Kostenloser Shuttleservice <\/strong><strong><span style=\"font-weight: normal;\">auf Voranfrage<\/span><\/strong><\/p>\n<\/li>\n<li>\n<p lang=\"de-DE\" style=\"margin-bottom: 0cm;\">Ein Coupon f\u00fcr Spielchips im st\u00e4dtischen Kasino. Fordern Sie Fortuna herraus!<\/p>\n<\/li>\n<\/ul>\n<p class=\"small\">BUCHUNGSBEDINGUNGEN<br \/>\nMinimale Aufentaltsdauer: 1 Nacht.<br \/>\nMaximale Aufenthaltsdauer: 9 N\u00e4chte.<br \/>\nieses Angebot gilt nur f\u00fcr Online-Buchungen und ist nur f\u00fcr eine begrenzte Anzahl von Zimmern verf\u00fcgbar.<br \/>\nDieses Angebot gilt nur w\u00e4hrend der Veranstaltungszeit.<br \/>\nAlle vorgestellten Rabatte werden automatisch von unserem Buchungssystem berechnet.<br \/>\nDieses Angebot kann ohne Vorank\u00fcndigung ge\u00e4ndert werden.<br \/>\nKaution: 25%, Minimum, oder eine \u00dcbernachtung.<br \/>\nKostenlose Stornierung und Modifikation bis zu 3 Tage vor Beginn des Aufenthalts.<br \/>\nStrafe f\u00fcr die versp\u00e4tete Stornierung und \u00c4nderung, Nichterscheinen, vorzeitiger Abreise: 100%. .<\/p>\n","protected":false},"excerpt":{"rendered":"<p>San Remo Rally Reservieren sie jetzt ein Zimmer in unserem 4 Sterne Hotel in San Remo um an der mythischen Rallye Veranstaltung teilzuhaben. Eine exzellente Gelengehit um an der Riviera zu entspannen. &nbsp; Im Angebot enthalten: Halbpension L\u00e4nger bleiben \u2013 weniger zahlen!&#8221;:ab einer bestimmten Aufenthaltsdauer erhalten Sie eine kostenlose \u00dcbernachtung Privatparkplatz je nach Verf\u00fcgbarkeit Kostenloser [&hellip;]<\/p>\n","protected":false},"author":3,"featured_media":1078,"parent":4968,"menu_order":23,"comment_status":"open","ping_status":"closed","template":"","meta":{"_acf_changed":false,"footnotes":""},"class_list":["post-2311","page","type-page","status-publish","has-post-thumbnail","hentry"],"acf":[],"yoast_head":"<!-- This site is optimized with the Yoast SEO plugin v25.6 - https:\/\/yoast.com\/wordpress\/plugins\/seo\/ -->\n<title>San Remo Rally | Nyala Suite Hotel 4-Sterne-Hotel in San Remo<\/title>\n<meta name=\"robots\" content=\"noindex, follow, max-snippet:-1, max-image-preview:large, max-video-preview:-1\" \/>\n<meta property=\"og:locale\" content=\"de_DE\" \/>\n<meta property=\"og:type\" content=\"article\" \/>\n<meta property=\"og:title\" content=\"San Remo Rally | Nyala Suite Hotel 4-Sterne-Hotel in San Remo\" \/>\n<meta property=\"og:description\" content=\"San Remo Rally Reservieren sie jetzt ein Zimmer in unserem 4 Sterne Hotel in San Remo um an der mythischen Rallye Veranstaltung teilzuhaben. Eine exzellente Gelengehit um an der Riviera zu entspannen. &nbsp; Im Angebot enthalten: Halbpension L\u00e4nger bleiben \u2013 weniger zahlen!&#8221;:ab einer bestimmten Aufenthaltsdauer erhalten Sie eine kostenlose \u00dcbernachtung Privatparkplatz je nach Verf\u00fcgbarkeit Kostenloser [&hellip;]\" \/>\n<meta property=\"og:url\" content=\"https:\/\/nyala.info\/de\/angebote\/grossen-events\/san-remo-rally-10-12-oktober\/\" \/>\n<meta property=\"og:site_name\" content=\"Nyala Suite Hotel\" \/>\n<meta property=\"article:modified_time\" content=\"2017-09-28T13:13:33+00:00\" \/>\n<meta property=\"og:image\" content=\"https:\/\/nyala.info\/wp-content\/uploads\/2015\/04\/sanremorally.jpg\" \/>\n\t<meta property=\"og:image:width\" content=\"654\" \/>\n\t<meta property=\"og:image:height\" content=\"436\" \/>\n\t<meta property=\"og:image:type\" content=\"image\/jpeg\" \/>\n<meta name=\"twitter:card\" content=\"summary_large_image\" \/>\n<meta name=\"twitter:label1\" content=\"Est. reading time\" \/>\n\t<meta name=\"twitter:data1\" content=\"1 minute\" \/>\n<script type=\"application\/ld+json\" class=\"yoast-schema-graph\">{\"@context\":\"https:\/\/schema.org\",\"@graph\":[{\"@type\":\"WebPage\",\"@id\":\"https:\/\/nyala.info\/de\/angebote\/grossen-events\/san-remo-rally-10-12-oktober\/\",\"url\":\"https:\/\/nyala.info\/de\/angebote\/grossen-events\/san-remo-rally-10-12-oktober\/\",\"name\":\"San Remo Rally | Nyala Suite Hotel 4-Sterne-Hotel in San Remo\",\"isPartOf\":{\"@id\":\"https:\/\/nyala.info\/de\/#website\"},\"primaryImageOfPage\":{\"@id\":\"https:\/\/nyala.info\/de\/angebote\/grossen-events\/san-remo-rally-10-12-oktober\/#primaryimage\"},\"image\":{\"@id\":\"https:\/\/nyala.info\/de\/angebote\/grossen-events\/san-remo-rally-10-12-oktober\/#primaryimage\"},\"thumbnailUrl\":\"https:\/\/nyala.info\/wp-content\/uploads\/2015\/04\/sanremorally.jpg\",\"datePublished\":\"2016-11-03T18:59:38+00:00\",\"dateModified\":\"2017-09-28T13:13:33+00:00\",\"breadcrumb\":{\"@id\":\"https:\/\/nyala.info\/de\/angebote\/grossen-events\/san-remo-rally-10-12-oktober\/#breadcrumb\"},\"inLanguage\":\"de-DE\",\"potentialAction\":[{\"@type\":\"ReadAction\",\"target\":[\"https:\/\/nyala.info\/de\/angebote\/grossen-events\/san-remo-rally-10-12-oktober\/\"]}]},{\"@type\":\"ImageObject\",\"inLanguage\":\"de-DE\",\"@id\":\"https:\/\/nyala.info\/de\/angebote\/grossen-events\/san-remo-rally-10-12-oktober\/#primaryimage\",\"url\":\"https:\/\/nyala.info\/wp-content\/uploads\/2015\/04\/sanremorally.jpg\",\"contentUrl\":\"https:\/\/nyala.info\/wp-content\/uploads\/2015\/04\/sanremorally.jpg\",\"width\":654,\"height\":436,\"caption\":\"rally sanremo, rallye de sanremo, \u0420\u0430\u043b\u043b\u0438 \u0421\u0430\u043d-\u0420\u0435\u043c\u043e\"},{\"@type\":\"BreadcrumbList\",\"@id\":\"https:\/\/nyala.info\/de\/angebote\/grossen-events\/san-remo-rally-10-12-oktober\/#breadcrumb\",\"itemListElement\":[{\"@type\":\"ListItem\",\"position\":1,\"name\":\"Home\",\"item\":\"https:\/\/nyala.info\/de\/\"},{\"@type\":\"ListItem\",\"position\":2,\"name\":\"ANGEBOTE\",\"item\":\"https:\/\/nyala.info\/de\/angebote\/\"},{\"@type\":\"ListItem\",\"position\":3,\"name\":\"Gro\u00dfe Veranstaltungen\",\"item\":\"https:\/\/nyala.info\/de\/angebote\/grossen-events\/\"},{\"@type\":\"ListItem\",\"position\":4,\"name\":\"San Remo Rally\"}]},{\"@type\":\"WebSite\",\"@id\":\"https:\/\/nyala.info\/de\/#website\",\"url\":\"https:\/\/nyala.info\/de\/\",\"name\":\"Nyala Suite Hotel\",\"description\":\"4-Sterne-Hotel in San Remo\",\"potentialAction\":[{\"@type\":\"SearchAction\",\"target\":{\"@type\":\"EntryPoint\",\"urlTemplate\":\"https:\/\/nyala.info\/de\/?s={search_term_string}\"},\"query-input\":{\"@type\":\"PropertyValueSpecification\",\"valueRequired\":true,\"valueName\":\"search_term_string\"}}],\"inLanguage\":\"de-DE\"}]}<\/script>\n<!-- \/ Yoast SEO plugin. -->","yoast_head_json":{"title":"San Remo Rally | Nyala Suite Hotel 4-Sterne-Hotel in San Remo","robots":{"index":"noindex","follow":"follow","max-snippet":"max-snippet:-1","max-image-preview":"max-image-preview:large","max-video-preview":"max-video-preview:-1"},"og_locale":"de_DE","og_type":"article","og_title":"San Remo Rally | Nyala Suite Hotel 4-Sterne-Hotel in San Remo","og_description":"San Remo Rally Reservieren sie jetzt ein Zimmer in unserem 4 Sterne Hotel in San Remo um an der mythischen Rallye Veranstaltung teilzuhaben. Eine exzellente Gelengehit um an der Riviera zu entspannen. &nbsp; Im Angebot enthalten: Halbpension L\u00e4nger bleiben \u2013 weniger zahlen!&#8221;:ab einer bestimmten Aufenthaltsdauer erhalten Sie eine kostenlose \u00dcbernachtung Privatparkplatz je nach Verf\u00fcgbarkeit Kostenloser [&hellip;]","og_url":"https:\/\/nyala.info\/de\/angebote\/grossen-events\/san-remo-rally-10-12-oktober\/","og_site_name":"Nyala Suite Hotel","article_modified_time":"2017-09-28T13:13:33+00:00","og_image":[{"width":654,"height":436,"url":"https:\/\/nyala.info\/wp-content\/uploads\/2015\/04\/sanremorally.jpg","type":"image\/jpeg"}],"twitter_card":"summary_large_image","twitter_misc":{"Est. reading time":"1 minute"},"schema":{"@context":"https:\/\/schema.org","@graph":[{"@type":"WebPage","@id":"https:\/\/nyala.info\/de\/angebote\/grossen-events\/san-remo-rally-10-12-oktober\/","url":"https:\/\/nyala.info\/de\/angebote\/grossen-events\/san-remo-rally-10-12-oktober\/","name":"San Remo Rally | Nyala Suite Hotel 4-Sterne-Hotel in San Remo","isPartOf":{"@id":"https:\/\/nyala.info\/de\/#website"},"primaryImageOfPage":{"@id":"https:\/\/nyala.info\/de\/angebote\/grossen-events\/san-remo-rally-10-12-oktober\/#primaryimage"},"image":{"@id":"https:\/\/nyala.info\/de\/angebote\/grossen-events\/san-remo-rally-10-12-oktober\/#primaryimage"},"thumbnailUrl":"https:\/\/nyala.info\/wp-content\/uploads\/2015\/04\/sanremorally.jpg","datePublished":"2016-11-03T18:59:38+00:00","dateModified":"2017-09-28T13:13:33+00:00","breadcrumb":{"@id":"https:\/\/nyala.info\/de\/angebote\/grossen-events\/san-remo-rally-10-12-oktober\/#breadcrumb"},"inLanguage":"de-DE","potentialAction":[{"@type":"ReadAction","target":["https:\/\/nyala.info\/de\/angebote\/grossen-events\/san-remo-rally-10-12-oktober\/"]}]},{"@type":"ImageObject","inLanguage":"de-DE","@id":"https:\/\/nyala.info\/de\/angebote\/grossen-events\/san-remo-rally-10-12-oktober\/#primaryimage","url":"https:\/\/nyala.info\/wp-content\/uploads\/2015\/04\/sanremorally.jpg","contentUrl":"https:\/\/nyala.info\/wp-content\/uploads\/2015\/04\/sanremorally.jpg","width":654,"height":436,"caption":"rally sanremo, rallye de sanremo, \u0420\u0430\u043b\u043b\u0438 \u0421\u0430\u043d-\u0420\u0435\u043c\u043e"},{"@type":"BreadcrumbList","@id":"https:\/\/nyala.info\/de\/angebote\/grossen-events\/san-remo-rally-10-12-oktober\/#breadcrumb","itemListElement":[{"@type":"ListItem","position":1,"name":"Home","item":"https:\/\/nyala.info\/de\/"},{"@type":"ListItem","position":2,"name":"ANGEBOTE","item":"https:\/\/nyala.info\/de\/angebote\/"},{"@type":"ListItem","position":3,"name":"Gro\u00dfe Veranstaltungen","item":"https:\/\/nyala.info\/de\/angebote\/grossen-events\/"},{"@type":"ListItem","position":4,"name":"San Remo Rally"}]},{"@type":"WebSite","@id":"https:\/\/nyala.info\/de\/#website","url":"https:\/\/nyala.info\/de\/","name":"Nyala Suite Hotel","description":"4-Sterne-Hotel in San Remo","potentialAction":[{"@type":"SearchAction","target":{"@type":"EntryPoint","urlTemplate":"https:\/\/nyala.info\/de\/?s={search_term_string}"},"query-input":{"@type":"PropertyValueSpecification","valueRequired":true,"valueName":"search_term_string"}}],"inLanguage":"de-DE"}]}},"_links":{"self":[{"href":"https:\/\/nyala.info\/de\/wp-json\/wp\/v2\/pages\/2311"}],"collection":[{"href":"https:\/\/nyala.info\/de\/wp-json\/wp\/v2\/pages"}],"about":[{"href":"https:\/\/nyala.info\/de\/wp-json\/wp\/v2\/types\/page"}],"author":[{"embeddable":true,"href":"https:\/\/nyala.info\/de\/wp-json\/wp\/v2\/users\/3"}],"replies":[{"embeddable":true,"href":"https:\/\/nyala.info\/de\/wp-json\/wp\/v2\/comments?post=2311"}],"version-history":[{"count":4,"href":"https:\/\/nyala.info\/de\/wp-json\/wp\/v2\/pages\/2311\/revisions"}],"predecessor-version":[{"id":6075,"href":"https:\/\/nyala.info\/de\/wp-json\/wp\/v2\/pages\/2311\/revisions\/6075"}],"up":[{"embeddable":true,"href":"https:\/\/nyala.info\/de\/wp-json\/wp\/v2\/pages\/4968"}],"wp:featuredmedia":[{"embeddable":true,"href":"https:\/\/nyala.info\/de\/wp-json\/wp\/v2\/media\/1078"}],"wp:attachment":[{"href":"https:\/\/nyala.info\/de\/wp-json\/wp\/v2\/media?parent=2311"}],"curies":[{"name":"wp","href":"https:\/\/api.w.org\/{rel}","templated":true}]}}