{"id":2309,"date":"2016-11-03T19:32:46","date_gmt":"2016-11-03T18:32:46","guid":{"rendered":"http:\/\/www.nyalahotel.biz\/de\/?page_id=2309"},"modified":"2016-11-14T18:27:25","modified_gmt":"2016-11-14T17:27:25","slug":"fahrradrouten","status":"publish","type":"page","link":"https:\/\/nyala.info\/de\/angebote\/sportlich\/radurlaub\/fahrradrouten\/","title":{"rendered":"Fahrradrouten"},"content":{"rendered":"<h2>RADTOUR DURCH SAN REMO&#8217;S K\u00dcSTENPARK<\/h2>\n<h5>San Remo&#8217;s Fahrradroute f\u00fchrt direkt Sie direkt durch das Herz des K\u00fcstenparks. Fahrrad Begeisterte k\u00f6nnen das milde Klima und die traumhafte Kulisse der Blumenriviera das ganze Jahr \u00fcber geniessen.<\/h5>\n<p style=\"text-align: justify;\"><a href=\"http:\/\/www.nyalahotel.com\/wp-content\/uploads\/2015\/04\/sanremoholiday.jpg\"><img loading=\"lazy\" decoding=\"async\" class=\"alignleft wp-image-1066\" src=\"http:\/\/www.nyalahotel.com\/wp-content\/uploads\/2015\/04\/sanremoholiday.jpg\" alt=\"sanremo, Fahrradrouten\" width=\"422\" height=\"281\" srcset=\"https:\/\/nyala.info\/wp-content\/uploads\/2015\/04\/sanremoholiday.jpg 912w, https:\/\/nyala.info\/wp-content\/uploads\/2015\/04\/sanremoholiday-300x200.jpg 300w, https:\/\/nyala.info\/wp-content\/uploads\/2015\/04\/sanremoholiday-768x512.jpg 768w, https:\/\/nyala.info\/wp-content\/uploads\/2015\/04\/sanremoholiday-600x400.jpg 600w, https:\/\/nyala.info\/wp-content\/uploads\/2015\/04\/sanremoholiday-2x1.jpg 2w\" sizes=\"(max-width: 422px) 100vw, 422px\" \/><\/a>Der K\u00fcstenpark in Ligurien hat 2008 seine Tore ge\u00f6ffnet und liegt direkt \u00fcber der alten Eisenbahnstrecke, die die Riviera einst (um 1800) mit den n\u00f6rdlichen europ\u00e4ischen St\u00e4dten verbunden hat. Die Route ist momentan 24km lang und f\u00fchrt sie von San Remo \u00fcber Riva Ligure und Santo Stefano al Mare bis hin zu Arma di Taggia. Es ist geplant, die Route noch weiter auszubauen \u2013 auf stattliche 70km, dazu muss aber erst der Rest der Eisenbahnstrecke weiter ins Landesinnere verlegt werden.<br \/>\nDie Fahrradroute ist von einem einzigartigen \u00f6kologischem Kontext ummantelt. Der Gro\u00dfteil der Route blickt direkt auf das Meer und ist von den wundersch\u00f6nen G\u00e4rten der Riviera und der mediterranen Vegetation umgeben.\u00a0 Die Route eignet sich perfekt f\u00fcr einen Familienspaziergang, oder als Aufw\u00e4rm Route f\u00fcr motivierte Fahrer, die sich in den\u00a0 H\u00fcgeln und T\u00e4lern im Landesinneren herausfordern wollen.<br \/>\nDas Nyala Bike Hotel befindet sich in etwa 1km vom n\u00e4chsten Fahrradweg entfernt. Es eignet sich damit perfekt f\u00fcr Rad-oder Mountainbike Fahrer. Auf Anfrage stellen wir Ihnen auch den Transport per Minibus von und zur Radstrecke bereit.<\/p>\n","protected":false},"excerpt":{"rendered":"<p>RADTOUR DURCH SAN REMO&#8217;S K\u00dcSTENPARK San Remo&#8217;s Fahrradroute f\u00fchrt direkt Sie direkt durch das Herz des K\u00fcstenparks. Fahrrad Begeisterte k\u00f6nnen das milde Klima und die traumhafte Kulisse der Blumenriviera das ganze Jahr \u00fcber geniessen. Der K\u00fcstenpark in Ligurien hat 2008 seine Tore ge\u00f6ffnet und liegt direkt \u00fcber der alten Eisenbahnstrecke, die die Riviera einst (um [&hellip;]<\/p>\n","protected":false},"author":3,"featured_media":1066,"parent":4758,"menu_order":24,"comment_status":"open","ping_status":"closed","template":"","meta":{"_acf_changed":false,"footnotes":""},"class_list":["post-2309","page","type-page","status-publish","has-post-thumbnail","hentry"],"acf":[],"yoast_head":"<!-- This site is optimized with the Yoast SEO plugin v25.6 - https:\/\/yoast.com\/wordpress\/plugins\/seo\/ -->\n<title>Fahrradrouten | Nyala Suite Hotel 4-Sterne-Hotel in San Remo<\/title>\n<meta name=\"description\" content=\"San Remo&#039;s Fahrradroute f\u00fchrt direkt Sie direkt durch das Herz des K\u00fcstenparks. Fahrrad Begeisterte k\u00f6nnen das milde Klima und die traumhafte Kulisse der..\" \/>\n<meta name=\"robots\" content=\"noindex, follow, max-snippet:-1, max-image-preview:large, max-video-preview:-1\" \/>\n<meta property=\"og:locale\" content=\"de_DE\" \/>\n<meta property=\"og:type\" content=\"article\" \/>\n<meta property=\"og:title\" content=\"Fahrradrouten | Nyala Suite Hotel 4-Sterne-Hotel in San Remo\" \/>\n<meta property=\"og:description\" content=\"San Remo&#039;s Fahrradroute f\u00fchrt direkt Sie direkt durch das Herz des K\u00fcstenparks. Fahrrad Begeisterte k\u00f6nnen das milde Klima und die traumhafte Kulisse der..\" \/>\n<meta property=\"og:url\" content=\"https:\/\/nyala.info\/de\/angebote\/sportlich\/radurlaub\/fahrradrouten\/\" \/>\n<meta property=\"og:site_name\" content=\"Nyala Suite Hotel\" \/>\n<meta property=\"article:modified_time\" content=\"2016-11-14T17:27:25+00:00\" \/>\n<meta property=\"og:image\" content=\"https:\/\/nyala.info\/wp-content\/uploads\/2015\/04\/sanremoholiday.jpg\" \/>\n\t<meta property=\"og:image:width\" content=\"912\" \/>\n\t<meta property=\"og:image:height\" content=\"608\" \/>\n\t<meta property=\"og:image:type\" content=\"image\/jpeg\" \/>\n<meta name=\"twitter:card\" content=\"summary_large_image\" \/>\n<meta name=\"twitter:label1\" content=\"Est. reading time\" \/>\n\t<meta name=\"twitter:data1\" content=\"1 minute\" \/>\n<script type=\"application\/ld+json\" class=\"yoast-schema-graph\">{\"@context\":\"https:\/\/schema.org\",\"@graph\":[{\"@type\":\"WebPage\",\"@id\":\"https:\/\/nyala.info\/de\/angebote\/sportlich\/radurlaub\/fahrradrouten\/\",\"url\":\"https:\/\/nyala.info\/de\/angebote\/sportlich\/radurlaub\/fahrradrouten\/\",\"name\":\"Fahrradrouten | Nyala Suite Hotel 4-Sterne-Hotel in San Remo\",\"isPartOf\":{\"@id\":\"https:\/\/nyala.info\/de\/#website\"},\"primaryImageOfPage\":{\"@id\":\"https:\/\/nyala.info\/de\/angebote\/sportlich\/radurlaub\/fahrradrouten\/#primaryimage\"},\"image\":{\"@id\":\"https:\/\/nyala.info\/de\/angebote\/sportlich\/radurlaub\/fahrradrouten\/#primaryimage\"},\"thumbnailUrl\":\"https:\/\/nyala.info\/wp-content\/uploads\/2015\/04\/sanremoholiday.jpg\",\"datePublished\":\"2016-11-03T18:32:46+00:00\",\"dateModified\":\"2016-11-14T17:27:25+00:00\",\"description\":\"San Remo's Fahrradroute f\u00fchrt direkt Sie direkt durch das Herz des K\u00fcstenparks. Fahrrad Begeisterte k\u00f6nnen das milde Klima und die traumhafte Kulisse der..\",\"breadcrumb\":{\"@id\":\"https:\/\/nyala.info\/de\/angebote\/sportlich\/radurlaub\/fahrradrouten\/#breadcrumb\"},\"inLanguage\":\"de-DE\",\"potentialAction\":[{\"@type\":\"ReadAction\",\"target\":[\"https:\/\/nyala.info\/de\/angebote\/sportlich\/radurlaub\/fahrradrouten\/\"]}]},{\"@type\":\"ImageObject\",\"inLanguage\":\"de-DE\",\"@id\":\"https:\/\/nyala.info\/de\/angebote\/sportlich\/radurlaub\/fahrradrouten\/#primaryimage\",\"url\":\"https:\/\/nyala.info\/wp-content\/uploads\/2015\/04\/sanremoholiday.jpg\",\"contentUrl\":\"https:\/\/nyala.info\/wp-content\/uploads\/2015\/04\/sanremoholiday.jpg\",\"width\":912,\"height\":608,\"caption\":\"sanremo, Fahrradrouten\"},{\"@type\":\"BreadcrumbList\",\"@id\":\"https:\/\/nyala.info\/de\/angebote\/sportlich\/radurlaub\/fahrradrouten\/#breadcrumb\",\"itemListElement\":[{\"@type\":\"ListItem\",\"position\":1,\"name\":\"Home\",\"item\":\"https:\/\/nyala.info\/de\/\"},{\"@type\":\"ListItem\",\"position\":2,\"name\":\"ANGEBOTE\",\"item\":\"https:\/\/nyala.info\/de\/angebote\/\"},{\"@type\":\"ListItem\",\"position\":3,\"name\":\"Sportlich\",\"item\":\"https:\/\/nyala.info\/de\/angebote\/sportlich\/\"},{\"@type\":\"ListItem\",\"position\":4,\"name\":\"Radurlaub\",\"item\":\"https:\/\/nyala.info\/de\/angebote\/sportlich\/radurlaub\/\"},{\"@type\":\"ListItem\",\"position\":5,\"name\":\"Fahrradrouten\"}]},{\"@type\":\"WebSite\",\"@id\":\"https:\/\/nyala.info\/de\/#website\",\"url\":\"https:\/\/nyala.info\/de\/\",\"name\":\"Nyala Suite Hotel\",\"description\":\"4-Sterne-Hotel in San Remo\",\"potentialAction\":[{\"@type\":\"SearchAction\",\"target\":{\"@type\":\"EntryPoint\",\"urlTemplate\":\"https:\/\/nyala.info\/de\/?s={search_term_string}\"},\"query-input\":{\"@type\":\"PropertyValueSpecification\",\"valueRequired\":true,\"valueName\":\"search_term_string\"}}],\"inLanguage\":\"de-DE\"}]}<\/script>\n<!-- \/ Yoast SEO plugin. -->","yoast_head_json":{"title":"Fahrradrouten | Nyala Suite Hotel 4-Sterne-Hotel in San Remo","description":"San Remo's Fahrradroute f\u00fchrt direkt Sie direkt durch das Herz des K\u00fcstenparks. Fahrrad Begeisterte k\u00f6nnen das milde Klima und die traumhafte Kulisse der..","robots":{"index":"noindex","follow":"follow","max-snippet":"max-snippet:-1","max-image-preview":"max-image-preview:large","max-video-preview":"max-video-preview:-1"},"og_locale":"de_DE","og_type":"article","og_title":"Fahrradrouten | Nyala Suite Hotel 4-Sterne-Hotel in San Remo","og_description":"San Remo's Fahrradroute f\u00fchrt direkt Sie direkt durch das Herz des K\u00fcstenparks. Fahrrad Begeisterte k\u00f6nnen das milde Klima und die traumhafte Kulisse der..","og_url":"https:\/\/nyala.info\/de\/angebote\/sportlich\/radurlaub\/fahrradrouten\/","og_site_name":"Nyala Suite Hotel","article_modified_time":"2016-11-14T17:27:25+00:00","og_image":[{"width":912,"height":608,"url":"https:\/\/nyala.info\/wp-content\/uploads\/2015\/04\/sanremoholiday.jpg","type":"image\/jpeg"}],"twitter_card":"summary_large_image","twitter_misc":{"Est. reading time":"1 minute"},"schema":{"@context":"https:\/\/schema.org","@graph":[{"@type":"WebPage","@id":"https:\/\/nyala.info\/de\/angebote\/sportlich\/radurlaub\/fahrradrouten\/","url":"https:\/\/nyala.info\/de\/angebote\/sportlich\/radurlaub\/fahrradrouten\/","name":"Fahrradrouten | Nyala Suite Hotel 4-Sterne-Hotel in San Remo","isPartOf":{"@id":"https:\/\/nyala.info\/de\/#website"},"primaryImageOfPage":{"@id":"https:\/\/nyala.info\/de\/angebote\/sportlich\/radurlaub\/fahrradrouten\/#primaryimage"},"image":{"@id":"https:\/\/nyala.info\/de\/angebote\/sportlich\/radurlaub\/fahrradrouten\/#primaryimage"},"thumbnailUrl":"https:\/\/nyala.info\/wp-content\/uploads\/2015\/04\/sanremoholiday.jpg","datePublished":"2016-11-03T18:32:46+00:00","dateModified":"2016-11-14T17:27:25+00:00","description":"San Remo's Fahrradroute f\u00fchrt direkt Sie direkt durch das Herz des K\u00fcstenparks. Fahrrad Begeisterte k\u00f6nnen das milde Klima und die traumhafte Kulisse der..","breadcrumb":{"@id":"https:\/\/nyala.info\/de\/angebote\/sportlich\/radurlaub\/fahrradrouten\/#breadcrumb"},"inLanguage":"de-DE","potentialAction":[{"@type":"ReadAction","target":["https:\/\/nyala.info\/de\/angebote\/sportlich\/radurlaub\/fahrradrouten\/"]}]},{"@type":"ImageObject","inLanguage":"de-DE","@id":"https:\/\/nyala.info\/de\/angebote\/sportlich\/radurlaub\/fahrradrouten\/#primaryimage","url":"https:\/\/nyala.info\/wp-content\/uploads\/2015\/04\/sanremoholiday.jpg","contentUrl":"https:\/\/nyala.info\/wp-content\/uploads\/2015\/04\/sanremoholiday.jpg","width":912,"height":608,"caption":"sanremo, Fahrradrouten"},{"@type":"BreadcrumbList","@id":"https:\/\/nyala.info\/de\/angebote\/sportlich\/radurlaub\/fahrradrouten\/#breadcrumb","itemListElement":[{"@type":"ListItem","position":1,"name":"Home","item":"https:\/\/nyala.info\/de\/"},{"@type":"ListItem","position":2,"name":"ANGEBOTE","item":"https:\/\/nyala.info\/de\/angebote\/"},{"@type":"ListItem","position":3,"name":"Sportlich","item":"https:\/\/nyala.info\/de\/angebote\/sportlich\/"},{"@type":"ListItem","position":4,"name":"Radurlaub","item":"https:\/\/nyala.info\/de\/angebote\/sportlich\/radurlaub\/"},{"@type":"ListItem","position":5,"name":"Fahrradrouten"}]},{"@type":"WebSite","@id":"https:\/\/nyala.info\/de\/#website","url":"https:\/\/nyala.info\/de\/","name":"Nyala Suite Hotel","description":"4-Sterne-Hotel in San Remo","potentialAction":[{"@type":"SearchAction","target":{"@type":"EntryPoint","urlTemplate":"https:\/\/nyala.info\/de\/?s={search_term_string}"},"query-input":{"@type":"PropertyValueSpecification","valueRequired":true,"valueName":"search_term_string"}}],"inLanguage":"de-DE"}]}},"_links":{"self":[{"href":"https:\/\/nyala.info\/de\/wp-json\/wp\/v2\/pages\/2309"}],"collection":[{"href":"https:\/\/nyala.info\/de\/wp-json\/wp\/v2\/pages"}],"about":[{"href":"https:\/\/nyala.info\/de\/wp-json\/wp\/v2\/types\/page"}],"author":[{"embeddable":true,"href":"https:\/\/nyala.info\/de\/wp-json\/wp\/v2\/users\/3"}],"replies":[{"embeddable":true,"href":"https:\/\/nyala.info\/de\/wp-json\/wp\/v2\/comments?post=2309"}],"version-history":[{"count":3,"href":"https:\/\/nyala.info\/de\/wp-json\/wp\/v2\/pages\/2309\/revisions"}],"predecessor-version":[{"id":2435,"href":"https:\/\/nyala.info\/de\/wp-json\/wp\/v2\/pages\/2309\/revisions\/2435"}],"up":[{"embeddable":true,"href":"https:\/\/nyala.info\/de\/wp-json\/wp\/v2\/pages\/4758"}],"wp:featuredmedia":[{"embeddable":true,"href":"https:\/\/nyala.info\/de\/wp-json\/wp\/v2\/media\/1066"}],"wp:attachment":[{"href":"https:\/\/nyala.info\/de\/wp-json\/wp\/v2\/media?parent=2309"}],"curies":[{"name":"wp","href":"https:\/\/api.w.org\/{rel}","templated":true}]}}