{"id":2303,"date":"2016-11-03T19:29:54","date_gmt":"2016-11-03T18:29:54","guid":{"rendered":"http:\/\/www.nyalahotel.biz\/de\/?page_id=2303"},"modified":"2018-12-27T19:05:08","modified_gmt":"2018-12-27T18:05:08","slug":"ostern-san-remo","status":"publish","type":"page","link":"https:\/\/nyala.info\/de\/angebote\/urlaub\/ostern-san-remo\/","title":{"rendered":"Ostern in San Remo"},"content":{"rendered":"<h2>Ostern in San Remo<\/h2>\n<p>Reservieren sie ein Zimmer f\u00fcr ihren Osterurlaub in unserem modernen 4 Sterne Hotel in ruhiger Lage in San Remo.<\/p>\n<h4 lang=\"de-DE\" style=\"text-align: justify;\">Erleben sie die ewige Pracht der Riviera und verbringen sie ein unvergessliches Osterfest in San Remo.<\/h4>\n<ul class=\"tabs\">\n<li class=\"tab-link current\" data-tab=\"tab-1\">Buchen<\/li>\n<li class=\"tab-link\" data-tab=\"tab-2\">Im Angebot enthalten<\/li>\n<li class=\"tab-link\" data-tab=\"tab-3\">Buchungsbedingungen<\/li>\n<\/ul>\n<div id=\"tab-1\" class=\"tab-content current\">\n<p lang=\"de-DE\" style=\"margin-bottom: 0cm; text-align: justify;\">Hier stellen wir ihnen unser Osterprogramm vor:<\/p>\n<p lang=\"de-DE\" style=\"margin-left: 1.25cm; text-indent: -0.5cm; text-align: justify;\">Karfreitag: fleischloses Abendessen.<\/p>\n<p lang=\"de-DE\" style=\"margin-left: 1.25cm; text-indent: -0.5cm; text-align: justify;\">Ostersamstag: Abendessen bei Kerzenschein mit Live Musik.<\/p>\n<p lang=\"de-DE\" style=\"margin-left: 1.25cm; text-indent: -0.5cm; text-align: justify;\">Ostersonntag: Gro\u00dfes Ostermittagessen mit musikalischer Begleitung.<\/p>\n<a class=\"maxbutton-16 maxbutton maxbutton-buchen\" target=\"_blank\" rel=\"noopener\" href=\"http:\/\/www.nyalahotel.com\/de\/jetzt-buchen\/\"><span class='mb-text'>Buchen<\/span><\/a>\n<\/div>\n<div id=\"tab-2\" class=\"tab-content\">\n<p style=\"margin-bottom: 0cm; text-align: justify;\">Im Angebot enthalten:<\/p>\n<ul style=\"text-align: justify;\">\n<li>\n<p lang=\"de-DE\" style=\"margin-bottom: 0cm;\"><b>Halbpension<\/b><\/p>\n<\/li>\n<\/ul>\n<ul style=\"text-align: justify;\">\n<li>\n<p style=\"margin-bottom: 0cm;\"><strong>&#8220;<\/strong><strong>L\u00e4nger bleiben, weniger zahlen<\/strong><strong>!&#8221;<\/strong>:ab einer bestimmten Aufenthaltsdauer gibt es eine gratis \u00dcbernachtung<\/p>\n<\/li>\n<li>\n<p lang=\"de-DE\"><b>VIP Begr\u00fcssung<\/b>: Bei ihrer Ankunft werden sie eine Sektflasche und ein duftendes Blumenbouqet vorfinden.<\/p>\n<\/li>\n<li><b>Privater Parkplatz<\/b>, je nach Verf\u00fcgbarkeit.<\/li>\n<li>Ein Gutschein f\u00fcr Spielchips im \u00f6rtlichen Kasino.<\/li>\n<\/ul>\n<\/div>\n<div id=\"tab-3\" class=\"tab-content\">\n<p class=\"small\" style=\"text-align: justify;\">Buchungsbedingungen<\/p>\n<ul>\n<li class=\"small\" style=\"text-align: justify;\">Minimale Aufentaltsdauer:2 N\u00e4chte.<\/li>\n<li class=\"small\" style=\"text-align: justify;\">Maximale Aufenthaltsdauer: unbegrenzt.<\/li>\n<li class=\"small\" style=\"text-align: justify;\">Dieses Angebot gilt nur f\u00fcr Online-Buchungen und ist nur f\u00fcr eine begrenzte Anzahl von Zimmern verf\u00fcgbar.<\/li>\n<li class=\"small\" style=\"text-align: justify;\">Dieses Angebot gilt ganzj\u00e4hrig, au\u00dfer zu Hauptverkehrzeiten.<\/li>\n<li class=\"small\" style=\"text-align: justify;\">Alle vorgestellten Rabatte werden automatisch von unserem Buchungssystem berechnet.<\/li>\n<li class=\"small\" style=\"text-align: justify;\">Dieses Angebot kann ohne Vorank\u00fcndigung ge\u00e4ndert werden.<\/li>\n<li class=\"small\" style=\"text-align: justify;\">Kaution: 25%, Minimum, oder eine \u00dcbernachtung.<\/li>\n<li class=\"small\" style=\"text-align: justify;\">Kostenlose Stornierung und Modifikation bis zu 7 Tage vor Beginn des Aufenthalts.<\/li>\n<li class=\"small\" style=\"text-align: justify;\">Strafe f\u00fcr die versp\u00e4tete Stornierung und \u00c4nderung, Nichterscheinen, vorzeitiger Abreise: 100%.<\/li>\n<\/ul>\n<\/div>\n<p><!-- container --><br \/>\n<script type=\"text\/javascript\">\n\tjQuery(document).ready(function(){\t\n\tjQuery('ul.tabs li').click(function(){\n\t\tvar tab_id = jQuery(this).attr('data-tab');\n\t\tjQuery('ul.tabs li').removeClass('current');\n\t\tjQuery('.tab-content').removeClass('current');\n\t\tjQuery(this).addClass('current');\n\t\tjQuery(\"#\"+tab_id).addClass('current');\n\t})\n})\n<\/script><\/p>\n","protected":false},"excerpt":{"rendered":"<p>Ostern in San Remo Reservieren sie ein Zimmer f\u00fcr ihren Osterurlaub in unserem modernen 4 Sterne Hotel in ruhiger Lage in San Remo. Erleben sie die ewige Pracht der Riviera und verbringen sie ein unvergessliches Osterfest in San Remo. Buchen Im Angebot enthalten Buchungsbedingungen Hier stellen wir ihnen unser Osterprogramm vor: Karfreitag: fleischloses Abendessen. Ostersamstag: [&hellip;]<\/p>\n","protected":false},"author":3,"featured_media":1649,"parent":4987,"menu_order":23,"comment_status":"open","ping_status":"open","template":"","meta":{"_acf_changed":false,"footnotes":""},"class_list":["post-2303","page","type-page","status-publish","has-post-thumbnail","hentry"],"acf":[],"yoast_head":"<!-- This site is optimized with the Yoast SEO plugin v25.6 - https:\/\/yoast.com\/wordpress\/plugins\/seo\/ -->\n<title>Ostern in San Remo | Nyala Suite Hotel 4-Sterne-Hotel in San Remo<\/title>\n<meta name=\"robots\" content=\"noindex, follow, max-snippet:-1, max-image-preview:large, max-video-preview:-1\" \/>\n<meta property=\"og:locale\" content=\"de_DE\" \/>\n<meta property=\"og:type\" content=\"article\" \/>\n<meta property=\"og:title\" content=\"Ostern in San Remo | Nyala Suite Hotel 4-Sterne-Hotel in San Remo\" \/>\n<meta property=\"og:description\" content=\"Ostern in San Remo Reservieren sie ein Zimmer f\u00fcr ihren Osterurlaub in unserem modernen 4 Sterne Hotel in ruhiger Lage in San Remo. Erleben sie die ewige Pracht der Riviera und verbringen sie ein unvergessliches Osterfest in San Remo. Buchen Im Angebot enthalten Buchungsbedingungen Hier stellen wir ihnen unser Osterprogramm vor: Karfreitag: fleischloses Abendessen. Ostersamstag: [&hellip;]\" \/>\n<meta property=\"og:url\" content=\"https:\/\/nyala.info\/de\/angebote\/urlaub\/ostern-san-remo\/\" \/>\n<meta property=\"og:site_name\" content=\"Nyala Suite Hotel\" \/>\n<meta property=\"article:modified_time\" content=\"2018-12-27T18:05:08+00:00\" \/>\n<meta property=\"og:image\" content=\"https:\/\/nyala.info\/wp-content\/uploads\/2015\/04\/pasqua.jpg\" \/>\n\t<meta property=\"og:image:width\" content=\"363\" \/>\n\t<meta property=\"og:image:height\" content=\"242\" \/>\n\t<meta property=\"og:image:type\" content=\"image\/jpeg\" \/>\n<meta name=\"twitter:card\" content=\"summary_large_image\" \/>\n<meta name=\"twitter:label1\" content=\"Est. reading time\" \/>\n\t<meta name=\"twitter:data1\" content=\"1 minute\" \/>\n<script type=\"application\/ld+json\" class=\"yoast-schema-graph\">{\"@context\":\"https:\/\/schema.org\",\"@graph\":[{\"@type\":\"WebPage\",\"@id\":\"https:\/\/nyala.info\/de\/angebote\/urlaub\/ostern-san-remo\/\",\"url\":\"https:\/\/nyala.info\/de\/angebote\/urlaub\/ostern-san-remo\/\",\"name\":\"Ostern in San Remo | Nyala Suite Hotel 4-Sterne-Hotel in San Remo\",\"isPartOf\":{\"@id\":\"https:\/\/nyala.info\/de\/#website\"},\"primaryImageOfPage\":{\"@id\":\"https:\/\/nyala.info\/de\/angebote\/urlaub\/ostern-san-remo\/#primaryimage\"},\"image\":{\"@id\":\"https:\/\/nyala.info\/de\/angebote\/urlaub\/ostern-san-remo\/#primaryimage\"},\"thumbnailUrl\":\"https:\/\/nyala.info\/wp-content\/uploads\/2015\/04\/pasqua.jpg\",\"datePublished\":\"2016-11-03T18:29:54+00:00\",\"dateModified\":\"2018-12-27T18:05:08+00:00\",\"breadcrumb\":{\"@id\":\"https:\/\/nyala.info\/de\/angebote\/urlaub\/ostern-san-remo\/#breadcrumb\"},\"inLanguage\":\"de-DE\",\"potentialAction\":[{\"@type\":\"ReadAction\",\"target\":[\"https:\/\/nyala.info\/de\/angebote\/urlaub\/ostern-san-remo\/\"]}]},{\"@type\":\"ImageObject\",\"inLanguage\":\"de-DE\",\"@id\":\"https:\/\/nyala.info\/de\/angebote\/urlaub\/ostern-san-remo\/#primaryimage\",\"url\":\"https:\/\/nyala.info\/wp-content\/uploads\/2015\/04\/pasqua.jpg\",\"contentUrl\":\"https:\/\/nyala.info\/wp-content\/uploads\/2015\/04\/pasqua.jpg\",\"width\":363,\"height\":242,\"caption\":\"Pasqua, Vacances de P\u00e2ques, ostern in san remo, \u041f\u0430\u0441\u0445\u0430\"},{\"@type\":\"BreadcrumbList\",\"@id\":\"https:\/\/nyala.info\/de\/angebote\/urlaub\/ostern-san-remo\/#breadcrumb\",\"itemListElement\":[{\"@type\":\"ListItem\",\"position\":1,\"name\":\"Home\",\"item\":\"https:\/\/nyala.info\/de\/\"},{\"@type\":\"ListItem\",\"position\":2,\"name\":\"ANGEBOTE\",\"item\":\"https:\/\/nyala.info\/de\/angebote\/\"},{\"@type\":\"ListItem\",\"position\":3,\"name\":\"Urlaub in San Remo\",\"item\":\"https:\/\/nyala.info\/de\/angebote\/urlaub\/\"},{\"@type\":\"ListItem\",\"position\":4,\"name\":\"Ostern in San Remo\"}]},{\"@type\":\"WebSite\",\"@id\":\"https:\/\/nyala.info\/de\/#website\",\"url\":\"https:\/\/nyala.info\/de\/\",\"name\":\"Nyala Suite Hotel\",\"description\":\"4-Sterne-Hotel in San Remo\",\"potentialAction\":[{\"@type\":\"SearchAction\",\"target\":{\"@type\":\"EntryPoint\",\"urlTemplate\":\"https:\/\/nyala.info\/de\/?s={search_term_string}\"},\"query-input\":{\"@type\":\"PropertyValueSpecification\",\"valueRequired\":true,\"valueName\":\"search_term_string\"}}],\"inLanguage\":\"de-DE\"}]}<\/script>\n<!-- \/ Yoast SEO plugin. -->","yoast_head_json":{"title":"Ostern in San Remo | Nyala Suite Hotel 4-Sterne-Hotel in San Remo","robots":{"index":"noindex","follow":"follow","max-snippet":"max-snippet:-1","max-image-preview":"max-image-preview:large","max-video-preview":"max-video-preview:-1"},"og_locale":"de_DE","og_type":"article","og_title":"Ostern in San Remo | Nyala Suite Hotel 4-Sterne-Hotel in San Remo","og_description":"Ostern in San Remo Reservieren sie ein Zimmer f\u00fcr ihren Osterurlaub in unserem modernen 4 Sterne Hotel in ruhiger Lage in San Remo. Erleben sie die ewige Pracht der Riviera und verbringen sie ein unvergessliches Osterfest in San Remo. Buchen Im Angebot enthalten Buchungsbedingungen Hier stellen wir ihnen unser Osterprogramm vor: Karfreitag: fleischloses Abendessen. Ostersamstag: [&hellip;]","og_url":"https:\/\/nyala.info\/de\/angebote\/urlaub\/ostern-san-remo\/","og_site_name":"Nyala Suite Hotel","article_modified_time":"2018-12-27T18:05:08+00:00","og_image":[{"width":363,"height":242,"url":"https:\/\/nyala.info\/wp-content\/uploads\/2015\/04\/pasqua.jpg","type":"image\/jpeg"}],"twitter_card":"summary_large_image","twitter_misc":{"Est. reading time":"1 minute"},"schema":{"@context":"https:\/\/schema.org","@graph":[{"@type":"WebPage","@id":"https:\/\/nyala.info\/de\/angebote\/urlaub\/ostern-san-remo\/","url":"https:\/\/nyala.info\/de\/angebote\/urlaub\/ostern-san-remo\/","name":"Ostern in San Remo | Nyala Suite Hotel 4-Sterne-Hotel in San Remo","isPartOf":{"@id":"https:\/\/nyala.info\/de\/#website"},"primaryImageOfPage":{"@id":"https:\/\/nyala.info\/de\/angebote\/urlaub\/ostern-san-remo\/#primaryimage"},"image":{"@id":"https:\/\/nyala.info\/de\/angebote\/urlaub\/ostern-san-remo\/#primaryimage"},"thumbnailUrl":"https:\/\/nyala.info\/wp-content\/uploads\/2015\/04\/pasqua.jpg","datePublished":"2016-11-03T18:29:54+00:00","dateModified":"2018-12-27T18:05:08+00:00","breadcrumb":{"@id":"https:\/\/nyala.info\/de\/angebote\/urlaub\/ostern-san-remo\/#breadcrumb"},"inLanguage":"de-DE","potentialAction":[{"@type":"ReadAction","target":["https:\/\/nyala.info\/de\/angebote\/urlaub\/ostern-san-remo\/"]}]},{"@type":"ImageObject","inLanguage":"de-DE","@id":"https:\/\/nyala.info\/de\/angebote\/urlaub\/ostern-san-remo\/#primaryimage","url":"https:\/\/nyala.info\/wp-content\/uploads\/2015\/04\/pasqua.jpg","contentUrl":"https:\/\/nyala.info\/wp-content\/uploads\/2015\/04\/pasqua.jpg","width":363,"height":242,"caption":"Pasqua, Vacances de P\u00e2ques, ostern in san remo, \u041f\u0430\u0441\u0445\u0430"},{"@type":"BreadcrumbList","@id":"https:\/\/nyala.info\/de\/angebote\/urlaub\/ostern-san-remo\/#breadcrumb","itemListElement":[{"@type":"ListItem","position":1,"name":"Home","item":"https:\/\/nyala.info\/de\/"},{"@type":"ListItem","position":2,"name":"ANGEBOTE","item":"https:\/\/nyala.info\/de\/angebote\/"},{"@type":"ListItem","position":3,"name":"Urlaub in San Remo","item":"https:\/\/nyala.info\/de\/angebote\/urlaub\/"},{"@type":"ListItem","position":4,"name":"Ostern in San Remo"}]},{"@type":"WebSite","@id":"https:\/\/nyala.info\/de\/#website","url":"https:\/\/nyala.info\/de\/","name":"Nyala Suite Hotel","description":"4-Sterne-Hotel in San Remo","potentialAction":[{"@type":"SearchAction","target":{"@type":"EntryPoint","urlTemplate":"https:\/\/nyala.info\/de\/?s={search_term_string}"},"query-input":{"@type":"PropertyValueSpecification","valueRequired":true,"valueName":"search_term_string"}}],"inLanguage":"de-DE"}]}},"_links":{"self":[{"href":"https:\/\/nyala.info\/de\/wp-json\/wp\/v2\/pages\/2303"}],"collection":[{"href":"https:\/\/nyala.info\/de\/wp-json\/wp\/v2\/pages"}],"about":[{"href":"https:\/\/nyala.info\/de\/wp-json\/wp\/v2\/types\/page"}],"author":[{"embeddable":true,"href":"https:\/\/nyala.info\/de\/wp-json\/wp\/v2\/users\/3"}],"replies":[{"embeddable":true,"href":"https:\/\/nyala.info\/de\/wp-json\/wp\/v2\/comments?post=2303"}],"version-history":[{"count":7,"href":"https:\/\/nyala.info\/de\/wp-json\/wp\/v2\/pages\/2303\/revisions"}],"predecessor-version":[{"id":7453,"href":"https:\/\/nyala.info\/de\/wp-json\/wp\/v2\/pages\/2303\/revisions\/7453"}],"up":[{"embeddable":true,"href":"https:\/\/nyala.info\/de\/wp-json\/wp\/v2\/pages\/4987"}],"wp:featuredmedia":[{"embeddable":true,"href":"https:\/\/nyala.info\/de\/wp-json\/wp\/v2\/media\/1649"}],"wp:attachment":[{"href":"https:\/\/nyala.info\/de\/wp-json\/wp\/v2\/media?parent=2303"}],"curies":[{"name":"wp","href":"https:\/\/api.w.org\/{rel}","templated":true}]}}