{"id":2301,"date":"2016-11-03T19:28:10","date_gmt":"2016-11-03T18:28:10","guid":{"rendered":"http:\/\/www.nyalahotel.biz\/de\/?page_id=2301"},"modified":"2016-11-15T11:46:35","modified_gmt":"2016-11-15T10:46:35","slug":"pauschalangebote-fuer-familien-mit-kindern","status":"publish","type":"page","link":"https:\/\/nyala.info\/de\/angebote\/familien\/pauschalangebote-fuer-familien-mit-kindern\/","title":{"rendered":"Pauschalangebote f\u00fcr Familien mit Kindern"},"content":{"rendered":"<h2>FAMILIENURLAUBE IN SAN REMO<\/h2>\n<h4>Nachfolgend stellen wir Ihnen unsere Leistungen f\u00fcr Familien mit Kindern in San Remo vor.<\/h4>\n<p><a href=\"http:\/\/www.nyalahotel.com\/wp-content\/uploads\/2015\/04\/famiglie.jpg\"><img loading=\"lazy\" decoding=\"async\" class=\"alignright wp-image-1159\" src=\"http:\/\/www.nyalahotel.com\/wp-content\/uploads\/2015\/04\/famiglie.jpg\" alt=\"Famiglie, familles, familienrlaube\" width=\"375\" height=\"250\" srcset=\"https:\/\/nyala.info\/wp-content\/uploads\/2015\/04\/famiglie.jpg 1620w, https:\/\/nyala.info\/wp-content\/uploads\/2015\/04\/famiglie-300x200.jpg 300w, https:\/\/nyala.info\/wp-content\/uploads\/2015\/04\/famiglie-768x512.jpg 768w, https:\/\/nyala.info\/wp-content\/uploads\/2015\/04\/famiglie-1024x683.jpg 1024w, https:\/\/nyala.info\/wp-content\/uploads\/2015\/04\/famiglie-600x400.jpg 600w, https:\/\/nyala.info\/wp-content\/uploads\/2015\/04\/famiglie-2x1.jpg 2w\" sizes=\"(max-width: 375px) 100vw, 375px\" \/><\/a>SO WIRD DER FAMILIENURLAUB ZUM VERGN\u00dcGEN!<br \/>\nEntspannung pur f\u00fcr Sie uns Ihre Kleinen.<br \/>\nEin Familienurlaub in San Remo mus nicht nur Entspannung und Unterhaltung hei\u00dfen. Ihr Urlaub kann auch Ihrer Gesundheit und der Ihrer Kinder dienen. Weit weg vom Smog und anderen Verschmutzungen l\u00e4sst es sich in San Remo und der Riviera richtig gut durchatmen.<br \/>\nIm Angebot enthalten:<br \/>\nDie kostenlose Nutzung des Baby-Kit (Kinderbettchen, Wickelauflage, Babybadewanne etc.)<br \/>\nKinder unter 13 Jahre schlafen und essen gratis, wenn sie im Zimmer der Eltern \u00fcbernachten. (max 2)<br \/>\nJugendliche unter 17 Jahre zahlen nur 50%, wenn sie im Zimmer der Eltern schlafen.<br \/>\n&#8220;L\u00e4nger bleiben = Weniger zahlen!&#8221;: ab einer bestimmten Aufenthaltsdauer erhalten Sie eine kostenlose \u00dcbernachtung<br \/>\nAlleinerziehenden-Special: Die Erm\u00e4\u00dfigungen gelten auch, wenn die Kinder nur von einem Elternteil begleitet werden.<\/p>\n<p class=\"small\">BUCHUNGSBEDINGUNGEN<br \/>\nMinimale Aufentaltsdauer: 2 N\u00e4chte.<br \/>\nMaximale Aufenthaltsdauer: unbegrenzt.<br \/>\nDieses Angebot gilt nur f\u00fcr Online-Buchungen und ist nur f\u00fcr eine begrenzte Anzahl von Zimmern verf\u00fcgbar.<br \/>\nDieses Angebot gilt ganzj\u00e4hrig, au\u00dfer zu Hauptverkehrzeiten. .<br \/>\nAlle vorgestellten Rabatte werden automatisch von unserem Buchungssystem berechnet.<br \/>\nDieses Angebot kann ohne Vorank\u00fcndigung ge\u00e4ndert werden.<br \/>\nKaution: 25%, Minimum, oder eine \u00dcbernachtung.<br \/>\nKostenlose Stornierung und Modifikation bis zu 7 Tage vor Beginn des Aufenthalts.<br \/>\nStrafe f\u00fcr die versp\u00e4tete Stornierung und \u00c4nderung, Nichterscheinen, vorzeitiger Abreise: 100%.<\/p>\n","protected":false},"excerpt":{"rendered":"<p>FAMILIENURLAUBE IN SAN REMO Nachfolgend stellen wir Ihnen unsere Leistungen f\u00fcr Familien mit Kindern in San Remo vor. SO WIRD DER FAMILIENURLAUB ZUM VERGN\u00dcGEN! Entspannung pur f\u00fcr Sie uns Ihre Kleinen. Ein Familienurlaub in San Remo mus nicht nur Entspannung und Unterhaltung hei\u00dfen. Ihr Urlaub kann auch Ihrer Gesundheit und der Ihrer Kinder dienen. Weit [&hellip;]<\/p>\n","protected":false},"author":3,"featured_media":1159,"parent":5208,"menu_order":30,"comment_status":"open","ping_status":"open","template":"","meta":{"_acf_changed":false,"footnotes":""},"class_list":["post-2301","page","type-page","status-publish","has-post-thumbnail","hentry"],"acf":[],"yoast_head":"<!-- This site is optimized with the Yoast SEO plugin v25.6 - https:\/\/yoast.com\/wordpress\/plugins\/seo\/ -->\n<title>Pauschalangebote f\u00fcr Familien mit Kindern | Nyala Suite Hotel 4-Sterne-Hotel in San Remo<\/title>\n<meta name=\"description\" content=\"Nachfolgend stellen wir Ihnen unsere Leistungen f\u00fcr Familien mit Kindern in San Remo vor. Famiglie, familles, familienrlaube\" \/>\n<meta name=\"robots\" content=\"noindex, follow, max-snippet:-1, max-image-preview:large, max-video-preview:-1\" \/>\n<meta property=\"og:locale\" content=\"de_DE\" \/>\n<meta property=\"og:type\" content=\"article\" \/>\n<meta property=\"og:title\" content=\"Pauschalangebote f\u00fcr Familien mit Kindern | Nyala Suite Hotel 4-Sterne-Hotel in San Remo\" \/>\n<meta property=\"og:description\" content=\"Nachfolgend stellen wir Ihnen unsere Leistungen f\u00fcr Familien mit Kindern in San Remo vor. Famiglie, familles, familienrlaube\" \/>\n<meta property=\"og:url\" content=\"https:\/\/nyala.info\/de\/angebote\/familien\/pauschalangebote-fuer-familien-mit-kindern\/\" \/>\n<meta property=\"og:site_name\" content=\"Nyala Suite Hotel\" \/>\n<meta property=\"article:modified_time\" content=\"2016-11-15T10:46:35+00:00\" \/>\n<meta property=\"og:image\" content=\"https:\/\/nyala.info\/wp-content\/uploads\/2015\/04\/famiglie.jpg\" \/>\n\t<meta property=\"og:image:width\" content=\"1620\" \/>\n\t<meta property=\"og:image:height\" content=\"1080\" \/>\n\t<meta property=\"og:image:type\" content=\"image\/jpeg\" \/>\n<meta name=\"twitter:card\" content=\"summary_large_image\" \/>\n<meta name=\"twitter:label1\" content=\"Est. reading time\" \/>\n\t<meta name=\"twitter:data1\" content=\"1 minute\" \/>\n<script type=\"application\/ld+json\" class=\"yoast-schema-graph\">{\"@context\":\"https:\/\/schema.org\",\"@graph\":[{\"@type\":\"WebPage\",\"@id\":\"https:\/\/nyala.info\/de\/angebote\/familien\/pauschalangebote-fuer-familien-mit-kindern\/\",\"url\":\"https:\/\/nyala.info\/de\/angebote\/familien\/pauschalangebote-fuer-familien-mit-kindern\/\",\"name\":\"Pauschalangebote f\u00fcr Familien mit Kindern | Nyala Suite Hotel 4-Sterne-Hotel in San Remo\",\"isPartOf\":{\"@id\":\"https:\/\/nyala.info\/de\/#website\"},\"primaryImageOfPage\":{\"@id\":\"https:\/\/nyala.info\/de\/angebote\/familien\/pauschalangebote-fuer-familien-mit-kindern\/#primaryimage\"},\"image\":{\"@id\":\"https:\/\/nyala.info\/de\/angebote\/familien\/pauschalangebote-fuer-familien-mit-kindern\/#primaryimage\"},\"thumbnailUrl\":\"https:\/\/nyala.info\/wp-content\/uploads\/2015\/04\/famiglie.jpg\",\"datePublished\":\"2016-11-03T18:28:10+00:00\",\"dateModified\":\"2016-11-15T10:46:35+00:00\",\"description\":\"Nachfolgend stellen wir Ihnen unsere Leistungen f\u00fcr Familien mit Kindern in San Remo vor. Famiglie, familles, familienrlaube\",\"breadcrumb\":{\"@id\":\"https:\/\/nyala.info\/de\/angebote\/familien\/pauschalangebote-fuer-familien-mit-kindern\/#breadcrumb\"},\"inLanguage\":\"de-DE\",\"potentialAction\":[{\"@type\":\"ReadAction\",\"target\":[\"https:\/\/nyala.info\/de\/angebote\/familien\/pauschalangebote-fuer-familien-mit-kindern\/\"]}]},{\"@type\":\"ImageObject\",\"inLanguage\":\"de-DE\",\"@id\":\"https:\/\/nyala.info\/de\/angebote\/familien\/pauschalangebote-fuer-familien-mit-kindern\/#primaryimage\",\"url\":\"https:\/\/nyala.info\/wp-content\/uploads\/2015\/04\/famiglie.jpg\",\"contentUrl\":\"https:\/\/nyala.info\/wp-content\/uploads\/2015\/04\/famiglie.jpg\",\"width\":1620,\"height\":1080,\"caption\":\"Famiglie, familles, familienrlaube, \u041e\u0442\u043f\u0443\u0441\u043a \u0441\u0435\u043c\u044c\u0435\u0439\"},{\"@type\":\"BreadcrumbList\",\"@id\":\"https:\/\/nyala.info\/de\/angebote\/familien\/pauschalangebote-fuer-familien-mit-kindern\/#breadcrumb\",\"itemListElement\":[{\"@type\":\"ListItem\",\"position\":1,\"name\":\"Home\",\"item\":\"https:\/\/nyala.info\/de\/\"},{\"@type\":\"ListItem\",\"position\":2,\"name\":\"ANGEBOTE\",\"item\":\"https:\/\/nyala.info\/de\/angebote\/\"},{\"@type\":\"ListItem\",\"position\":3,\"name\":\"Familien\",\"item\":\"https:\/\/nyala.info\/de\/angebote\/familien\/\"},{\"@type\":\"ListItem\",\"position\":4,\"name\":\"Pauschalangebote f\u00fcr Familien mit Kindern\"}]},{\"@type\":\"WebSite\",\"@id\":\"https:\/\/nyala.info\/de\/#website\",\"url\":\"https:\/\/nyala.info\/de\/\",\"name\":\"Nyala Suite Hotel\",\"description\":\"4-Sterne-Hotel in San Remo\",\"potentialAction\":[{\"@type\":\"SearchAction\",\"target\":{\"@type\":\"EntryPoint\",\"urlTemplate\":\"https:\/\/nyala.info\/de\/?s={search_term_string}\"},\"query-input\":{\"@type\":\"PropertyValueSpecification\",\"valueRequired\":true,\"valueName\":\"search_term_string\"}}],\"inLanguage\":\"de-DE\"}]}<\/script>\n<!-- \/ Yoast SEO plugin. -->","yoast_head_json":{"title":"Pauschalangebote f\u00fcr Familien mit Kindern | Nyala Suite Hotel 4-Sterne-Hotel in San Remo","description":"Nachfolgend stellen wir Ihnen unsere Leistungen f\u00fcr Familien mit Kindern in San Remo vor. Famiglie, familles, familienrlaube","robots":{"index":"noindex","follow":"follow","max-snippet":"max-snippet:-1","max-image-preview":"max-image-preview:large","max-video-preview":"max-video-preview:-1"},"og_locale":"de_DE","og_type":"article","og_title":"Pauschalangebote f\u00fcr Familien mit Kindern | Nyala Suite Hotel 4-Sterne-Hotel in San Remo","og_description":"Nachfolgend stellen wir Ihnen unsere Leistungen f\u00fcr Familien mit Kindern in San Remo vor. Famiglie, familles, familienrlaube","og_url":"https:\/\/nyala.info\/de\/angebote\/familien\/pauschalangebote-fuer-familien-mit-kindern\/","og_site_name":"Nyala Suite Hotel","article_modified_time":"2016-11-15T10:46:35+00:00","og_image":[{"width":1620,"height":1080,"url":"https:\/\/nyala.info\/wp-content\/uploads\/2015\/04\/famiglie.jpg","type":"image\/jpeg"}],"twitter_card":"summary_large_image","twitter_misc":{"Est. reading time":"1 minute"},"schema":{"@context":"https:\/\/schema.org","@graph":[{"@type":"WebPage","@id":"https:\/\/nyala.info\/de\/angebote\/familien\/pauschalangebote-fuer-familien-mit-kindern\/","url":"https:\/\/nyala.info\/de\/angebote\/familien\/pauschalangebote-fuer-familien-mit-kindern\/","name":"Pauschalangebote f\u00fcr Familien mit Kindern | Nyala Suite Hotel 4-Sterne-Hotel in San Remo","isPartOf":{"@id":"https:\/\/nyala.info\/de\/#website"},"primaryImageOfPage":{"@id":"https:\/\/nyala.info\/de\/angebote\/familien\/pauschalangebote-fuer-familien-mit-kindern\/#primaryimage"},"image":{"@id":"https:\/\/nyala.info\/de\/angebote\/familien\/pauschalangebote-fuer-familien-mit-kindern\/#primaryimage"},"thumbnailUrl":"https:\/\/nyala.info\/wp-content\/uploads\/2015\/04\/famiglie.jpg","datePublished":"2016-11-03T18:28:10+00:00","dateModified":"2016-11-15T10:46:35+00:00","description":"Nachfolgend stellen wir Ihnen unsere Leistungen f\u00fcr Familien mit Kindern in San Remo vor. Famiglie, familles, familienrlaube","breadcrumb":{"@id":"https:\/\/nyala.info\/de\/angebote\/familien\/pauschalangebote-fuer-familien-mit-kindern\/#breadcrumb"},"inLanguage":"de-DE","potentialAction":[{"@type":"ReadAction","target":["https:\/\/nyala.info\/de\/angebote\/familien\/pauschalangebote-fuer-familien-mit-kindern\/"]}]},{"@type":"ImageObject","inLanguage":"de-DE","@id":"https:\/\/nyala.info\/de\/angebote\/familien\/pauschalangebote-fuer-familien-mit-kindern\/#primaryimage","url":"https:\/\/nyala.info\/wp-content\/uploads\/2015\/04\/famiglie.jpg","contentUrl":"https:\/\/nyala.info\/wp-content\/uploads\/2015\/04\/famiglie.jpg","width":1620,"height":1080,"caption":"Famiglie, familles, familienrlaube, \u041e\u0442\u043f\u0443\u0441\u043a \u0441\u0435\u043c\u044c\u0435\u0439"},{"@type":"BreadcrumbList","@id":"https:\/\/nyala.info\/de\/angebote\/familien\/pauschalangebote-fuer-familien-mit-kindern\/#breadcrumb","itemListElement":[{"@type":"ListItem","position":1,"name":"Home","item":"https:\/\/nyala.info\/de\/"},{"@type":"ListItem","position":2,"name":"ANGEBOTE","item":"https:\/\/nyala.info\/de\/angebote\/"},{"@type":"ListItem","position":3,"name":"Familien","item":"https:\/\/nyala.info\/de\/angebote\/familien\/"},{"@type":"ListItem","position":4,"name":"Pauschalangebote f\u00fcr Familien mit Kindern"}]},{"@type":"WebSite","@id":"https:\/\/nyala.info\/de\/#website","url":"https:\/\/nyala.info\/de\/","name":"Nyala Suite Hotel","description":"4-Sterne-Hotel in San Remo","potentialAction":[{"@type":"SearchAction","target":{"@type":"EntryPoint","urlTemplate":"https:\/\/nyala.info\/de\/?s={search_term_string}"},"query-input":{"@type":"PropertyValueSpecification","valueRequired":true,"valueName":"search_term_string"}}],"inLanguage":"de-DE"}]}},"_links":{"self":[{"href":"https:\/\/nyala.info\/de\/wp-json\/wp\/v2\/pages\/2301"}],"collection":[{"href":"https:\/\/nyala.info\/de\/wp-json\/wp\/v2\/pages"}],"about":[{"href":"https:\/\/nyala.info\/de\/wp-json\/wp\/v2\/types\/page"}],"author":[{"embeddable":true,"href":"https:\/\/nyala.info\/de\/wp-json\/wp\/v2\/users\/3"}],"replies":[{"embeddable":true,"href":"https:\/\/nyala.info\/de\/wp-json\/wp\/v2\/comments?post=2301"}],"version-history":[{"count":4,"href":"https:\/\/nyala.info\/de\/wp-json\/wp\/v2\/pages\/2301\/revisions"}],"predecessor-version":[{"id":2457,"href":"https:\/\/nyala.info\/de\/wp-json\/wp\/v2\/pages\/2301\/revisions\/2457"}],"up":[{"embeddable":true,"href":"https:\/\/nyala.info\/de\/wp-json\/wp\/v2\/pages\/5208"}],"wp:featuredmedia":[{"embeddable":true,"href":"https:\/\/nyala.info\/de\/wp-json\/wp\/v2\/media\/1159"}],"wp:attachment":[{"href":"https:\/\/nyala.info\/de\/wp-json\/wp\/v2\/media?parent=2301"}],"curies":[{"name":"wp","href":"https:\/\/api.w.org\/{rel}","templated":true}]}}