{"id":2293,"date":"2016-11-03T19:23:03","date_gmt":"2016-11-03T18:23:03","guid":{"rendered":"http:\/\/www.nyalahotel.biz\/de\/?page_id=2293"},"modified":"2018-12-27T17:53:11","modified_gmt":"2018-12-27T16:53:11","slug":"weihnachten-san-remo","status":"publish","type":"page","link":"https:\/\/nyala.info\/de\/angebote\/urlaub\/weihnachten-san-remo\/","title":{"rendered":"Weihnachten in San Remo"},"content":{"rendered":"<h2 style=\"text-align: center;\">Weihnachten in San Remo<\/h2>\n<p style=\"text-align: center;\">Reservieren Sie Ihren Aufenthalt zur Weihnachtszeit in San Remo und profitieren Sie von unseren Sonderangeboten und Angebotspaketen, die von unserem Hotel angeboten werden<\/p>\n<ul class=\"tabs\">\n<li class=\"tab-link current\" data-tab=\"tab-1\">Buchen<\/li>\n<li class=\"tab-link\" data-tab=\"tab-2\">Im Angebot enthalten<\/li>\n<li class=\"tab-link\" data-tab=\"tab-3\">Buchungsbedingungen<\/li>\n<\/ul>\n<div id=\"tab-1\" class=\"tab-content current\">\n<p>Hier stellen wir ihnen Weihnachtsprogramm vor:<\/p>\n<p style=\"margin-bottom: 0cm;\">* 24. Dezember:<br \/>\nWeihnachtsabendessen mit musikalischer Begleitung.<\/p>\n<p style=\"margin-bottom: 0cm;\">* 25. Dezember:<br \/>\nGro\u00dfes Weihnachtsmittagessen<\/p>\n<p style=\"margin-bottom: 0cm;\">* 31. Dezember:<br \/>\nSilvester Party mit musikalischer Begleitung und Ball.<\/p>\n<p style=\"margin-bottom: 0cm;\">* 1. Januar:<br \/>\nNeujahrs-Abendessen mit musikalischer Begleitung<\/p>\n<p style=\"margin-bottom: 0cm;\">* 5. Januar:<br \/>\nEphanians-Abend Abendessen mit besonderem Men\u00fc<\/p>\n<p style=\"margin-bottom: 0cm;\">* 6. Januar:<br \/>\nMittagessen am Dreik\u00f6nigstag<\/p>\n<a class=\"maxbutton-16 maxbutton maxbutton-buchen\" target=\"_blank\" rel=\"noopener\" href=\"http:\/\/www.nyalahotel.com\/de\/jetzt-buchen\/\"><span class='mb-text'>Buchen<\/span><\/a>\n<\/div>\n<div id=\"tab-2\" class=\"tab-content\">\n<p style=\"margin-bottom: 0cm;\">Im Angebot enthalten:<\/p>\n<ul>\n<li>\n<p lang=\"de-DE\" style=\"margin-bottom: 0cm;\">Halbpension<\/p>\n<\/li>\n<\/ul>\n<ul>\n<li>\n<p style=\"margin-bottom: 0cm;\">Formel 4&#215;3: Bleiben Sie 4 N\u00e4chte, zahlen aber nur 3!<\/p>\n<\/li>\n<li><span id=\"result_box\" class=\"\" lang=\"en\"><span class=\"\">Familienangebot: Bis zu 2 Kinder k\u00f6nnen kostenlos im Raum mit Ihren Eltern schlafen.<\/span><\/span><\/li>\n<li>\n<p lang=\"de-DE\">VIP-Willkommensgeschenk: Bei Ihrer Ankunft werden Sie eine Flasche Spumante (italienischer Sekt) und ein duftendes Bouquet von wundersch\u00f6nen Blumen aus San Remo in Ihrem Zimmer vorfinden.<\/p>\n<\/li>\n<li>\n<p lang=\"de-DE\">Privater Parkplatz, je nach Verf\u00fcgbarkeit.<\/p>\n<\/li>\n<\/ul>\n<ul>\n<li>\n<p lang=\"de-DE\">Ein Gutschein f\u00fcr Spielchips, damit Sie im \u00f6rtlichen Kasino Ihr Gl\u00fcck versuchen k\u00f6nnen.<\/p>\n<\/li>\n<\/ul>\n<\/div>\n<div id=\"tab-3\" class=\"tab-content\">\n<p>Buchungsbedingungen<\/p>\n<ul>\n<li>Minimale Aufenthaltsdauer: 2 N\u00e4chte.<\/li>\n<li>Maximale Aufenthaltsdauer: unbegrenzt.<\/li>\n<li>Dieses Angebot gilt nur f\u00fcr Online-Buchungen und nur f\u00fcr eine begrenzte Anzahl von Zimmern verf\u00fcgbar.<\/li>\n<li>Alle vorgeschlagenen Rabatte werden automatisch von unserem Buchungssystem verrechnet.<\/li>\n<li>Dieses Angebot kann ohne Vorank\u00fcndigung ge\u00e4ndert werden.<\/li>\n<li>In jedem Fall gelten die endg\u00fcltigen Preise, die von unserem Buchungssystem vorgeschlagen wurden.<\/li>\n<li>Anzahlung: 25%, Minimum, oder eine \u00dcbernachtung.<\/li>\n<li>Kostenlose Stornierung und Um\u00e4nderung bis zu 7 Tage vor Beginn des Aufenthalts.<\/li>\n<li>Strafe f\u00fcr die versp\u00e4tete Stornierung und \u00c4nderung, Nichterscheinen, vorzeitiger Abreise: 100%.<\/li>\n<\/ul>\n<\/div>\n<p><!-- container --><br \/>\n<script type=\"text\/javascript\">\n\tjQuery(document).ready(function(){\t\n\tjQuery('ul.tabs li').click(function(){\n\t\tvar tab_id = jQuery(this).attr('data-tab');\n\t\tjQuery('ul.tabs li').removeClass('current');\n\t\tjQuery('.tab-content').removeClass('current');\n\t\tjQuery(this).addClass('current');\n\t\tjQuery(\"#\"+tab_id).addClass('current');\n\t})\n})\n<\/script><\/p>\n","protected":false},"excerpt":{"rendered":"<p>Weihnachten in San Remo Reservieren Sie Ihren Aufenthalt zur Weihnachtszeit in San Remo und profitieren Sie von unseren Sonderangeboten und Angebotspaketen, die von unserem Hotel angeboten werden Buchen Im Angebot enthalten Buchungsbedingungen Hier stellen wir ihnen Weihnachtsprogramm vor: * 24. Dezember: Weihnachtsabendessen mit musikalischer Begleitung. * 25. Dezember: Gro\u00dfes Weihnachtsmittagessen * 31. Dezember: Silvester Party [&hellip;]<\/p>\n","protected":false},"author":3,"featured_media":1120,"parent":4987,"menu_order":0,"comment_status":"open","ping_status":"open","template":"","meta":{"_acf_changed":false,"footnotes":""},"class_list":["post-2293","page","type-page","status-publish","has-post-thumbnail","hentry"],"acf":[],"yoast_head":"<!-- This site is optimized with the Yoast SEO plugin v25.6 - https:\/\/yoast.com\/wordpress\/plugins\/seo\/ -->\n<title>Weihnachten in San Remo | Nyala Suite Hotel 4-Sterne-Hotel in San Remo<\/title>\n<meta name=\"description\" content=\"Weihnachten in San Remo - Reservieren sie ihren Aufenthalt zur Weihnachtszeit in unserem modernen 4 Sterne Hotel in San Remo, Ligurien.\" \/>\n<meta name=\"robots\" content=\"noindex, follow, max-snippet:-1, max-image-preview:large, max-video-preview:-1\" \/>\n<meta property=\"og:locale\" content=\"de_DE\" \/>\n<meta property=\"og:type\" content=\"article\" \/>\n<meta property=\"og:title\" content=\"Weihnachten in San Remo | Nyala Suite Hotel 4-Sterne-Hotel in San Remo\" \/>\n<meta property=\"og:description\" content=\"Weihnachten in San Remo - Reservieren sie ihren Aufenthalt zur Weihnachtszeit in unserem modernen 4 Sterne Hotel in San Remo, Ligurien.\" \/>\n<meta property=\"og:url\" content=\"https:\/\/nyala.info\/de\/angebote\/urlaub\/weihnachten-san-remo\/\" \/>\n<meta property=\"og:site_name\" content=\"Nyala Suite Hotel\" \/>\n<meta property=\"article:modified_time\" content=\"2018-12-27T16:53:11+00:00\" \/>\n<meta property=\"og:image\" content=\"https:\/\/nyala.info\/wp-content\/uploads\/2015\/04\/IMG_3623.jpg\" \/>\n\t<meta property=\"og:image:width\" content=\"1620\" \/>\n\t<meta property=\"og:image:height\" content=\"1080\" \/>\n\t<meta property=\"og:image:type\" content=\"image\/jpeg\" \/>\n<meta name=\"twitter:card\" content=\"summary_large_image\" \/>\n<meta name=\"twitter:label1\" content=\"Est. reading time\" \/>\n\t<meta name=\"twitter:data1\" content=\"1 minute\" \/>\n<script type=\"application\/ld+json\" class=\"yoast-schema-graph\">{\"@context\":\"https:\/\/schema.org\",\"@graph\":[{\"@type\":\"WebPage\",\"@id\":\"https:\/\/nyala.info\/de\/angebote\/urlaub\/weihnachten-san-remo\/\",\"url\":\"https:\/\/nyala.info\/de\/angebote\/urlaub\/weihnachten-san-remo\/\",\"name\":\"Weihnachten in San Remo | Nyala Suite Hotel 4-Sterne-Hotel in San Remo\",\"isPartOf\":{\"@id\":\"https:\/\/nyala.info\/de\/#website\"},\"primaryImageOfPage\":{\"@id\":\"https:\/\/nyala.info\/de\/angebote\/urlaub\/weihnachten-san-remo\/#primaryimage\"},\"image\":{\"@id\":\"https:\/\/nyala.info\/de\/angebote\/urlaub\/weihnachten-san-remo\/#primaryimage\"},\"thumbnailUrl\":\"https:\/\/nyala.info\/wp-content\/uploads\/2015\/04\/IMG_3623.jpg\",\"datePublished\":\"2016-11-03T18:23:03+00:00\",\"dateModified\":\"2018-12-27T16:53:11+00:00\",\"description\":\"Weihnachten in San Remo - Reservieren sie ihren Aufenthalt zur Weihnachtszeit in unserem modernen 4 Sterne Hotel in San Remo, Ligurien.\",\"breadcrumb\":{\"@id\":\"https:\/\/nyala.info\/de\/angebote\/urlaub\/weihnachten-san-remo\/#breadcrumb\"},\"inLanguage\":\"de-DE\",\"potentialAction\":[{\"@type\":\"ReadAction\",\"target\":[\"https:\/\/nyala.info\/de\/angebote\/urlaub\/weihnachten-san-remo\/\"]}]},{\"@type\":\"ImageObject\",\"inLanguage\":\"de-DE\",\"@id\":\"https:\/\/nyala.info\/de\/angebote\/urlaub\/weihnachten-san-remo\/#primaryimage\",\"url\":\"https:\/\/nyala.info\/wp-content\/uploads\/2015\/04\/IMG_3623.jpg\",\"contentUrl\":\"https:\/\/nyala.info\/wp-content\/uploads\/2015\/04\/IMG_3623.jpg\",\"width\":1620,\"height\":1080,\"caption\":\"Natale a Sanremo, No\u00ebl \u00e0 Sanremo, Weihnachten in San Remo, \u0420\u043e\u0436\u0434\u0435\u0441\u0442\u0432\u043e\"},{\"@type\":\"BreadcrumbList\",\"@id\":\"https:\/\/nyala.info\/de\/angebote\/urlaub\/weihnachten-san-remo\/#breadcrumb\",\"itemListElement\":[{\"@type\":\"ListItem\",\"position\":1,\"name\":\"Home\",\"item\":\"https:\/\/nyala.info\/de\/\"},{\"@type\":\"ListItem\",\"position\":2,\"name\":\"ANGEBOTE\",\"item\":\"https:\/\/nyala.info\/de\/angebote\/\"},{\"@type\":\"ListItem\",\"position\":3,\"name\":\"Urlaub in San Remo\",\"item\":\"https:\/\/nyala.info\/de\/angebote\/urlaub\/\"},{\"@type\":\"ListItem\",\"position\":4,\"name\":\"Weihnachten in San Remo\"}]},{\"@type\":\"WebSite\",\"@id\":\"https:\/\/nyala.info\/de\/#website\",\"url\":\"https:\/\/nyala.info\/de\/\",\"name\":\"Nyala Suite Hotel\",\"description\":\"4-Sterne-Hotel in San Remo\",\"potentialAction\":[{\"@type\":\"SearchAction\",\"target\":{\"@type\":\"EntryPoint\",\"urlTemplate\":\"https:\/\/nyala.info\/de\/?s={search_term_string}\"},\"query-input\":{\"@type\":\"PropertyValueSpecification\",\"valueRequired\":true,\"valueName\":\"search_term_string\"}}],\"inLanguage\":\"de-DE\"}]}<\/script>\n<!-- \/ Yoast SEO plugin. -->","yoast_head_json":{"title":"Weihnachten in San Remo | Nyala Suite Hotel 4-Sterne-Hotel in San Remo","description":"Weihnachten in San Remo - Reservieren sie ihren Aufenthalt zur Weihnachtszeit in unserem modernen 4 Sterne Hotel in San Remo, Ligurien.","robots":{"index":"noindex","follow":"follow","max-snippet":"max-snippet:-1","max-image-preview":"max-image-preview:large","max-video-preview":"max-video-preview:-1"},"og_locale":"de_DE","og_type":"article","og_title":"Weihnachten in San Remo | Nyala Suite Hotel 4-Sterne-Hotel in San Remo","og_description":"Weihnachten in San Remo - Reservieren sie ihren Aufenthalt zur Weihnachtszeit in unserem modernen 4 Sterne Hotel in San Remo, Ligurien.","og_url":"https:\/\/nyala.info\/de\/angebote\/urlaub\/weihnachten-san-remo\/","og_site_name":"Nyala Suite Hotel","article_modified_time":"2018-12-27T16:53:11+00:00","og_image":[{"width":1620,"height":1080,"url":"https:\/\/nyala.info\/wp-content\/uploads\/2015\/04\/IMG_3623.jpg","type":"image\/jpeg"}],"twitter_card":"summary_large_image","twitter_misc":{"Est. reading time":"1 minute"},"schema":{"@context":"https:\/\/schema.org","@graph":[{"@type":"WebPage","@id":"https:\/\/nyala.info\/de\/angebote\/urlaub\/weihnachten-san-remo\/","url":"https:\/\/nyala.info\/de\/angebote\/urlaub\/weihnachten-san-remo\/","name":"Weihnachten in San Remo | Nyala Suite Hotel 4-Sterne-Hotel in San Remo","isPartOf":{"@id":"https:\/\/nyala.info\/de\/#website"},"primaryImageOfPage":{"@id":"https:\/\/nyala.info\/de\/angebote\/urlaub\/weihnachten-san-remo\/#primaryimage"},"image":{"@id":"https:\/\/nyala.info\/de\/angebote\/urlaub\/weihnachten-san-remo\/#primaryimage"},"thumbnailUrl":"https:\/\/nyala.info\/wp-content\/uploads\/2015\/04\/IMG_3623.jpg","datePublished":"2016-11-03T18:23:03+00:00","dateModified":"2018-12-27T16:53:11+00:00","description":"Weihnachten in San Remo - Reservieren sie ihren Aufenthalt zur Weihnachtszeit in unserem modernen 4 Sterne Hotel in San Remo, Ligurien.","breadcrumb":{"@id":"https:\/\/nyala.info\/de\/angebote\/urlaub\/weihnachten-san-remo\/#breadcrumb"},"inLanguage":"de-DE","potentialAction":[{"@type":"ReadAction","target":["https:\/\/nyala.info\/de\/angebote\/urlaub\/weihnachten-san-remo\/"]}]},{"@type":"ImageObject","inLanguage":"de-DE","@id":"https:\/\/nyala.info\/de\/angebote\/urlaub\/weihnachten-san-remo\/#primaryimage","url":"https:\/\/nyala.info\/wp-content\/uploads\/2015\/04\/IMG_3623.jpg","contentUrl":"https:\/\/nyala.info\/wp-content\/uploads\/2015\/04\/IMG_3623.jpg","width":1620,"height":1080,"caption":"Natale a Sanremo, No\u00ebl \u00e0 Sanremo, Weihnachten in San Remo, \u0420\u043e\u0436\u0434\u0435\u0441\u0442\u0432\u043e"},{"@type":"BreadcrumbList","@id":"https:\/\/nyala.info\/de\/angebote\/urlaub\/weihnachten-san-remo\/#breadcrumb","itemListElement":[{"@type":"ListItem","position":1,"name":"Home","item":"https:\/\/nyala.info\/de\/"},{"@type":"ListItem","position":2,"name":"ANGEBOTE","item":"https:\/\/nyala.info\/de\/angebote\/"},{"@type":"ListItem","position":3,"name":"Urlaub in San Remo","item":"https:\/\/nyala.info\/de\/angebote\/urlaub\/"},{"@type":"ListItem","position":4,"name":"Weihnachten in San Remo"}]},{"@type":"WebSite","@id":"https:\/\/nyala.info\/de\/#website","url":"https:\/\/nyala.info\/de\/","name":"Nyala Suite Hotel","description":"4-Sterne-Hotel in San Remo","potentialAction":[{"@type":"SearchAction","target":{"@type":"EntryPoint","urlTemplate":"https:\/\/nyala.info\/de\/?s={search_term_string}"},"query-input":{"@type":"PropertyValueSpecification","valueRequired":true,"valueName":"search_term_string"}}],"inLanguage":"de-DE"}]}},"_links":{"self":[{"href":"https:\/\/nyala.info\/de\/wp-json\/wp\/v2\/pages\/2293"}],"collection":[{"href":"https:\/\/nyala.info\/de\/wp-json\/wp\/v2\/pages"}],"about":[{"href":"https:\/\/nyala.info\/de\/wp-json\/wp\/v2\/types\/page"}],"author":[{"embeddable":true,"href":"https:\/\/nyala.info\/de\/wp-json\/wp\/v2\/users\/3"}],"replies":[{"embeddable":true,"href":"https:\/\/nyala.info\/de\/wp-json\/wp\/v2\/comments?post=2293"}],"version-history":[{"count":10,"href":"https:\/\/nyala.info\/de\/wp-json\/wp\/v2\/pages\/2293\/revisions"}],"predecessor-version":[{"id":7395,"href":"https:\/\/nyala.info\/de\/wp-json\/wp\/v2\/pages\/2293\/revisions\/7395"}],"up":[{"embeddable":true,"href":"https:\/\/nyala.info\/de\/wp-json\/wp\/v2\/pages\/4987"}],"wp:featuredmedia":[{"embeddable":true,"href":"https:\/\/nyala.info\/de\/wp-json\/wp\/v2\/media\/1120"}],"wp:attachment":[{"href":"https:\/\/nyala.info\/de\/wp-json\/wp\/v2\/media?parent=2293"}],"curies":[{"name":"wp","href":"https:\/\/api.w.org\/{rel}","templated":true}]}}