{"id":2288,"date":"2016-11-03T19:21:07","date_gmt":"2016-11-03T18:21:07","guid":{"rendered":"http:\/\/www.nyalahotel.biz\/de\/?page_id=2288"},"modified":"2017-02-23T13:12:02","modified_gmt":"2017-02-23T12:12:02","slug":"bester-preise-garantiert","status":"publish","type":"page","link":"https:\/\/nyala.info\/de\/bester-preise-garantiert\/","title":{"rendered":"Garantiert beste Preise"},"content":{"rendered":"<h3 style=\"text-align: justify;\"><span style=\"color: #003366;\"><strong>F\u00fcr jede Reservierung, die \u00fcber unsere Webseite (www.nyalahotel.com) gebucht wird, werden die niedrigsten Preise, die \u00f6ffentlich im Internet verf\u00fcgbar sind, unter gleichen Bedingungen garantiert.<\/strong><\/span><\/h3>\n<p>Geeignete Reservierungen m\u00fcssen folgendes haben:<\/p>\n<ul>\n<li>gleiche Ankunfts- und Abfahrtstermine;<\/li>\n<li>gleiche Anzahl von Erwachsenen und Kindern;<\/li>\n<li>gleiche Zimmer- oder Suite-Kategorien und Bettkategorien;<\/li>\n<li>gleiche Annehmlichkeiten;<\/li>\n<li>gleiche Reservierungs- und Garantiebedingungen.<\/li>\n<\/ul>\n<p lang=\"de-DE\" style=\"text-align: justify;\"><b>Sollten Sie vorher oder innerhalb von 24 Stunden nach der Buchung Ihres Zimmers einen g\u00fcnstigeren Preis finden, reichen Sie uns einfach einen Garantiert-bester-Preis-Anspruch ein, indem Sie das Kontaktformular ausf\u00fcllen\u00a0und wir werden den geringeren Preis akzeptieren. Garantiert.<\/b><\/p>\n<p lang=\"de-DE\" style=\"text-align: justify;\">\n<p>Zul\u00e4ssige Anspr\u00fcche m\u00fcssen enthalten:<\/p>\n<ul>\n<li>Ihre Reservierungs-Nummer\u00a0(falls schon gemacht);<\/li>\n<li>Ankunfts- und Abfahrtsdatum;<\/li>\n<li>Anzahl von Erwachsenen und Kindern;<\/li>\n<li>bevorzugte Zimmer- oder Suite-Kategorie und Bett-Typ;<\/li>\n<li>Annehmlichkeiten;<\/li>\n<li>Adresse der Webseite, wo Sie die g\u00fcnstigeren Preise gefunden haben.<\/li>\n<\/ul>\n<p>Wir behalten uns vor, eingereichte Informationen zu \u00fcberpr\u00fcfen, und den Anspruch innerhalb von 48 Stunden zu akzeptieren oder abzulehnen.<\/p>\n","protected":false},"excerpt":{"rendered":"<p>F\u00fcr jede Reservierung, die \u00fcber unsere Webseite (www.nyalahotel.com) gebucht wird, werden die niedrigsten Preise, die \u00f6ffentlich im Internet verf\u00fcgbar sind, unter gleichen Bedingungen garantiert. Geeignete Reservierungen m\u00fcssen folgendes haben: gleiche Ankunfts- und Abfahrtstermine; gleiche Anzahl von Erwachsenen und Kindern; gleiche Zimmer- oder Suite-Kategorien und Bettkategorien; gleiche Annehmlichkeiten; gleiche Reservierungs- und Garantiebedingungen. Sollten Sie vorher oder [&hellip;]<\/p>\n","protected":false},"author":3,"featured_media":0,"parent":0,"menu_order":13,"comment_status":"closed","ping_status":"closed","template":"","meta":{"_acf_changed":false,"footnotes":""},"class_list":["post-2288","page","type-page","status-publish","hentry"],"acf":[],"yoast_head":"<!-- This site is optimized with the Yoast SEO plugin v25.6 - https:\/\/yoast.com\/wordpress\/plugins\/seo\/ -->\n<title>Garantiert beste Preise | Nyala Suite Hotel 4-Sterne-Hotel in San Remo<\/title>\n<meta name=\"description\" content=\"Bester Preise! Wir garantieren ihnen dass jede Buchung, die \u00fcber unsere Webseite gemacht wird, den besten f\u00fcr die \u00d6ffentlichkeit zug\u00e4nglichen Tarif...\" \/>\n<meta name=\"robots\" content=\"noindex, follow, max-snippet:-1, max-image-preview:large, max-video-preview:-1\" \/>\n<meta property=\"og:locale\" content=\"de_DE\" \/>\n<meta property=\"og:type\" content=\"article\" \/>\n<meta property=\"og:title\" content=\"Garantiert beste Preise | Nyala Suite Hotel 4-Sterne-Hotel in San Remo\" \/>\n<meta property=\"og:description\" content=\"Bester Preise! Wir garantieren ihnen dass jede Buchung, die \u00fcber unsere Webseite gemacht wird, den besten f\u00fcr die \u00d6ffentlichkeit zug\u00e4nglichen Tarif...\" \/>\n<meta property=\"og:url\" content=\"https:\/\/nyala.info\/de\/bester-preise-garantiert\/\" \/>\n<meta property=\"og:site_name\" content=\"Nyala Suite Hotel\" \/>\n<meta property=\"article:modified_time\" content=\"2017-02-23T12:12:02+00:00\" \/>\n<meta name=\"twitter:card\" content=\"summary_large_image\" \/>\n<meta name=\"twitter:label1\" content=\"Est. reading time\" \/>\n\t<meta name=\"twitter:data1\" content=\"1 minute\" \/>\n<script type=\"application\/ld+json\" class=\"yoast-schema-graph\">{\"@context\":\"https:\/\/schema.org\",\"@graph\":[{\"@type\":\"WebPage\",\"@id\":\"https:\/\/nyala.info\/de\/bester-preise-garantiert\/\",\"url\":\"https:\/\/nyala.info\/de\/bester-preise-garantiert\/\",\"name\":\"Garantiert beste Preise | Nyala Suite Hotel 4-Sterne-Hotel in San Remo\",\"isPartOf\":{\"@id\":\"https:\/\/nyala.info\/de\/#website\"},\"datePublished\":\"2016-11-03T18:21:07+00:00\",\"dateModified\":\"2017-02-23T12:12:02+00:00\",\"description\":\"Bester Preise! Wir garantieren ihnen dass jede Buchung, die \u00fcber unsere Webseite gemacht wird, den besten f\u00fcr die \u00d6ffentlichkeit zug\u00e4nglichen Tarif...\",\"breadcrumb\":{\"@id\":\"https:\/\/nyala.info\/de\/bester-preise-garantiert\/#breadcrumb\"},\"inLanguage\":\"de-DE\",\"potentialAction\":[{\"@type\":\"ReadAction\",\"target\":[\"https:\/\/nyala.info\/de\/bester-preise-garantiert\/\"]}]},{\"@type\":\"BreadcrumbList\",\"@id\":\"https:\/\/nyala.info\/de\/bester-preise-garantiert\/#breadcrumb\",\"itemListElement\":[{\"@type\":\"ListItem\",\"position\":1,\"name\":\"Home\",\"item\":\"https:\/\/nyala.info\/de\/\"},{\"@type\":\"ListItem\",\"position\":2,\"name\":\"Garantiert beste Preise\"}]},{\"@type\":\"WebSite\",\"@id\":\"https:\/\/nyala.info\/de\/#website\",\"url\":\"https:\/\/nyala.info\/de\/\",\"name\":\"Nyala Suite Hotel\",\"description\":\"4-Sterne-Hotel in San Remo\",\"potentialAction\":[{\"@type\":\"SearchAction\",\"target\":{\"@type\":\"EntryPoint\",\"urlTemplate\":\"https:\/\/nyala.info\/de\/?s={search_term_string}\"},\"query-input\":{\"@type\":\"PropertyValueSpecification\",\"valueRequired\":true,\"valueName\":\"search_term_string\"}}],\"inLanguage\":\"de-DE\"}]}<\/script>\n<!-- \/ Yoast SEO plugin. -->","yoast_head_json":{"title":"Garantiert beste Preise | Nyala Suite Hotel 4-Sterne-Hotel in San Remo","description":"Bester Preise! Wir garantieren ihnen dass jede Buchung, die \u00fcber unsere Webseite gemacht wird, den besten f\u00fcr die \u00d6ffentlichkeit zug\u00e4nglichen Tarif...","robots":{"index":"noindex","follow":"follow","max-snippet":"max-snippet:-1","max-image-preview":"max-image-preview:large","max-video-preview":"max-video-preview:-1"},"og_locale":"de_DE","og_type":"article","og_title":"Garantiert beste Preise | Nyala Suite Hotel 4-Sterne-Hotel in San Remo","og_description":"Bester Preise! Wir garantieren ihnen dass jede Buchung, die \u00fcber unsere Webseite gemacht wird, den besten f\u00fcr die \u00d6ffentlichkeit zug\u00e4nglichen Tarif...","og_url":"https:\/\/nyala.info\/de\/bester-preise-garantiert\/","og_site_name":"Nyala Suite Hotel","article_modified_time":"2017-02-23T12:12:02+00:00","twitter_card":"summary_large_image","twitter_misc":{"Est. reading time":"1 minute"},"schema":{"@context":"https:\/\/schema.org","@graph":[{"@type":"WebPage","@id":"https:\/\/nyala.info\/de\/bester-preise-garantiert\/","url":"https:\/\/nyala.info\/de\/bester-preise-garantiert\/","name":"Garantiert beste Preise | Nyala Suite Hotel 4-Sterne-Hotel in San Remo","isPartOf":{"@id":"https:\/\/nyala.info\/de\/#website"},"datePublished":"2016-11-03T18:21:07+00:00","dateModified":"2017-02-23T12:12:02+00:00","description":"Bester Preise! Wir garantieren ihnen dass jede Buchung, die \u00fcber unsere Webseite gemacht wird, den besten f\u00fcr die \u00d6ffentlichkeit zug\u00e4nglichen Tarif...","breadcrumb":{"@id":"https:\/\/nyala.info\/de\/bester-preise-garantiert\/#breadcrumb"},"inLanguage":"de-DE","potentialAction":[{"@type":"ReadAction","target":["https:\/\/nyala.info\/de\/bester-preise-garantiert\/"]}]},{"@type":"BreadcrumbList","@id":"https:\/\/nyala.info\/de\/bester-preise-garantiert\/#breadcrumb","itemListElement":[{"@type":"ListItem","position":1,"name":"Home","item":"https:\/\/nyala.info\/de\/"},{"@type":"ListItem","position":2,"name":"Garantiert beste Preise"}]},{"@type":"WebSite","@id":"https:\/\/nyala.info\/de\/#website","url":"https:\/\/nyala.info\/de\/","name":"Nyala Suite Hotel","description":"4-Sterne-Hotel in San Remo","potentialAction":[{"@type":"SearchAction","target":{"@type":"EntryPoint","urlTemplate":"https:\/\/nyala.info\/de\/?s={search_term_string}"},"query-input":{"@type":"PropertyValueSpecification","valueRequired":true,"valueName":"search_term_string"}}],"inLanguage":"de-DE"}]}},"_links":{"self":[{"href":"https:\/\/nyala.info\/de\/wp-json\/wp\/v2\/pages\/2288"}],"collection":[{"href":"https:\/\/nyala.info\/de\/wp-json\/wp\/v2\/pages"}],"about":[{"href":"https:\/\/nyala.info\/de\/wp-json\/wp\/v2\/types\/page"}],"author":[{"embeddable":true,"href":"https:\/\/nyala.info\/de\/wp-json\/wp\/v2\/users\/3"}],"replies":[{"embeddable":true,"href":"https:\/\/nyala.info\/de\/wp-json\/wp\/v2\/comments?post=2288"}],"version-history":[{"count":5,"href":"https:\/\/nyala.info\/de\/wp-json\/wp\/v2\/pages\/2288\/revisions"}],"predecessor-version":[{"id":3622,"href":"https:\/\/nyala.info\/de\/wp-json\/wp\/v2\/pages\/2288\/revisions\/3622"}],"wp:attachment":[{"href":"https:\/\/nyala.info\/de\/wp-json\/wp\/v2\/media?parent=2288"}],"curies":[{"name":"wp","href":"https:\/\/api.w.org\/{rel}","templated":true}]}}