{"id":2286,"date":"2016-11-03T19:19:55","date_gmt":"2016-11-03T18:19:55","guid":{"rendered":"http:\/\/www.nyalahotel.biz\/de\/?page_id=2286"},"modified":"2019-09-21T16:01:56","modified_gmt":"2019-09-21T14:01:56","slug":"die-schoene-epoche-der-riviera","status":"publish","type":"page","link":"https:\/\/nyala.info\/de\/tagesausfluege\/die-schoene-epoche-der-riviera\/","title":{"rendered":"DIE &#8220;SCH\u00d6NE EPOCHE&#8221; AN DER RIVIERA"},"content":{"rendered":"<h4>An diesem Tag laden wir Sie dazu ein,\u00a0 die Majest\u00e4t der beiden ber\u00fchmtesten Pl\u00e4tze der franz\u00f6sischen Riviera zu entdecken, mit einer Reise nach Cannes und Nizza.<\/h4>\n<p>&nbsp;<\/p>\n<p>Von San Remo:<\/p>\n<p>* \u00dcber die Autobahn nach\u00a0<strong>Cannes<\/strong>\u00a0(80km, ca. 1,5 Std.)<\/p>\n<p>* Entlang der\u00a0<strong>Croisette<\/strong>, Besuch des Kinopalast und Spaziergang auf der Promenade, entlang an eleganten Hotels. In der Altstadt, M\u00f6glichkeit zum Einkauf.<\/p>\n<p>* M\u00f6glichkeit zum Besuch des gesch\u00fctzten Marine Parks auf den Inseln \u201cdi Lerins\u201d.<\/p>\n<p>* Pause und Weiterfahrt nach Nizza, entlang der K\u00fcste, vorbei an Juan les Pins und Antibes. (30 km, ca. 40 Min.).<\/p>\n<p>* Stadtrundfahrt vorbei an der Russischen Kirche, dem sagenumschwebenden Hotel Negresco und der Promenade \u201cdes Anglais\u201d.<\/p>\n<p>* Halt am\u00a0<strong>Piazza Massena<\/strong>, M\u00f6glichkeit zum Spaziergang oder Einkauf. Blumenmarkt: Dienstags u. Samstags. Flohmarkt: Montags.<\/p>\n<p>* Zur\u00fcck \u00fcber die Panoramastra\u00dfe bis nach Monaco mit einem Zwischenstopp in dem\u00a0<strong>mittelalterlichen Dorf Eze<\/strong>. (50\u00a0km \u2013 ca. 1 Stunde)<\/p>\n<p>IM ANGEBOT ENTHALTEN<\/p>\n<ul>\n<li>Transfer via Minibus inkl. Fahrer<\/li>\n<\/ul>\n<p>A LA CARTE LEISTUNGEN<\/p>\n<ul>\n<li>Mittagessen in einem traditionellen Restaurant der Stadt oder in einem Trendlokal der franz\u00f6sischen Riviera.<\/li>\n<\/ul>\n<p>NICHT IM ANGEBOT ENTHALTEN<\/p>\n<ul>\n<li>Eintritt zu Museen und Attraktionen<\/li>\n<li>Speisen u. Getr\u00e4nke<\/li>\n<li>Alles was nicht ausf\u00fchrlich unter \u201cIm Angebot enthalten\u201d aufgef\u00fchrt ist<\/li>\n<\/ul>\n","protected":false},"excerpt":{"rendered":"<p>An diesem Tag laden wir Sie dazu ein,\u00a0 die Majest\u00e4t der beiden ber\u00fchmtesten Pl\u00e4tze der franz\u00f6sischen Riviera zu entdecken, mit einer Reise nach Cannes und Nizza. &nbsp; Von San Remo: * \u00dcber die Autobahn nach\u00a0Cannes\u00a0(80km, ca. 1,5 Std.) * Entlang der\u00a0Croisette, Besuch des Kinopalast und Spaziergang auf der Promenade, entlang an eleganten Hotels. In der [&hellip;]<\/p>\n","protected":false},"author":3,"featured_media":1153,"parent":5805,"menu_order":30,"comment_status":"open","ping_status":"open","template":"","meta":{"_acf_changed":false,"footnotes":""},"class_list":["post-2286","page","type-page","status-publish","has-post-thumbnail","hentry"],"acf":[],"yoast_head":"<!-- This site is optimized with the Yoast SEO plugin v25.6 - https:\/\/yoast.com\/wordpress\/plugins\/seo\/ -->\n<title>DIE &quot;SCH\u00d6NE EPOCHE&quot; AN DER RIVIERA | Nyala Suite Hotel 4-Sterne-Hotel in San Remo<\/title>\n<meta name=\"description\" content=\"DIE &quot;SCH\u00d6NE EPOCHE&quot; AN DER RIVIERA - \u00dcber die Autobahn nach Cannes (80km, ca. 2 Std.). Entlang der Croisette, Besuch des Kinopalast und Spaziergang...\" \/>\n<meta name=\"robots\" content=\"noindex, follow, max-snippet:-1, max-image-preview:large, max-video-preview:-1\" \/>\n<meta property=\"og:locale\" content=\"de_DE\" \/>\n<meta property=\"og:type\" content=\"article\" \/>\n<meta property=\"og:title\" content=\"DIE &quot;SCH\u00d6NE EPOCHE&quot; AN DER RIVIERA | Nyala Suite Hotel 4-Sterne-Hotel in San Remo\" \/>\n<meta property=\"og:description\" content=\"DIE &quot;SCH\u00d6NE EPOCHE&quot; AN DER RIVIERA - \u00dcber die Autobahn nach Cannes (80km, ca. 2 Std.). Entlang der Croisette, Besuch des Kinopalast und Spaziergang...\" \/>\n<meta property=\"og:url\" content=\"https:\/\/nyala.info\/de\/tagesausfluege\/die-schoene-epoche-der-riviera\/\" \/>\n<meta property=\"og:site_name\" content=\"Nyala Suite Hotel\" \/>\n<meta property=\"article:modified_time\" content=\"2019-09-21T14:01:56+00:00\" \/>\n<meta property=\"og:image\" content=\"https:\/\/nyala.info\/wp-content\/uploads\/2015\/04\/museo-oceanografico.jpg\" \/>\n\t<meta property=\"og:image:width\" content=\"900\" \/>\n\t<meta property=\"og:image:height\" content=\"600\" \/>\n\t<meta property=\"og:image:type\" content=\"image\/jpeg\" \/>\n<meta name=\"twitter:card\" content=\"summary_large_image\" \/>\n<meta name=\"twitter:label1\" content=\"Est. reading time\" \/>\n\t<meta name=\"twitter:data1\" content=\"1 minute\" \/>\n<script type=\"application\/ld+json\" class=\"yoast-schema-graph\">{\"@context\":\"https:\/\/schema.org\",\"@graph\":[{\"@type\":\"WebPage\",\"@id\":\"https:\/\/nyala.info\/de\/tagesausfluege\/die-schoene-epoche-der-riviera\/\",\"url\":\"https:\/\/nyala.info\/de\/tagesausfluege\/die-schoene-epoche-der-riviera\/\",\"name\":\"DIE \\\"SCH\u00d6NE EPOCHE\\\" AN DER RIVIERA | Nyala Suite Hotel 4-Sterne-Hotel in San Remo\",\"isPartOf\":{\"@id\":\"https:\/\/nyala.info\/de\/#website\"},\"primaryImageOfPage\":{\"@id\":\"https:\/\/nyala.info\/de\/tagesausfluege\/die-schoene-epoche-der-riviera\/#primaryimage\"},\"image\":{\"@id\":\"https:\/\/nyala.info\/de\/tagesausfluege\/die-schoene-epoche-der-riviera\/#primaryimage\"},\"thumbnailUrl\":\"https:\/\/nyala.info\/wp-content\/uploads\/2015\/04\/museo-oceanografico.jpg\",\"datePublished\":\"2016-11-03T18:19:55+00:00\",\"dateModified\":\"2019-09-21T14:01:56+00:00\",\"description\":\"DIE \\\"SCH\u00d6NE EPOCHE\\\" AN DER RIVIERA - \u00dcber die Autobahn nach Cannes (80km, ca. 2 Std.). Entlang der Croisette, Besuch des Kinopalast und Spaziergang...\",\"breadcrumb\":{\"@id\":\"https:\/\/nyala.info\/de\/tagesausfluege\/die-schoene-epoche-der-riviera\/#breadcrumb\"},\"inLanguage\":\"de-DE\",\"potentialAction\":[{\"@type\":\"ReadAction\",\"target\":[\"https:\/\/nyala.info\/de\/tagesausfluege\/die-schoene-epoche-der-riviera\/\"]}]},{\"@type\":\"ImageObject\",\"inLanguage\":\"de-DE\",\"@id\":\"https:\/\/nyala.info\/de\/tagesausfluege\/die-schoene-epoche-der-riviera\/#primaryimage\",\"url\":\"https:\/\/nyala.info\/wp-content\/uploads\/2015\/04\/museo-oceanografico.jpg\",\"contentUrl\":\"https:\/\/nyala.info\/wp-content\/uploads\/2015\/04\/museo-oceanografico.jpg\",\"width\":900,\"height\":600,\"caption\":\"riviera belle epoque, SCH\u00d6NE EPOCHE\"},{\"@type\":\"BreadcrumbList\",\"@id\":\"https:\/\/nyala.info\/de\/tagesausfluege\/die-schoene-epoche-der-riviera\/#breadcrumb\",\"itemListElement\":[{\"@type\":\"ListItem\",\"position\":1,\"name\":\"Home\",\"item\":\"https:\/\/nyala.info\/de\/\"},{\"@type\":\"ListItem\",\"position\":2,\"name\":\"Tagesausfl\u00fcge: Die Riviera in 7 Tage\",\"item\":\"https:\/\/nyala.info\/de\/tagesausfluege\/\"},{\"@type\":\"ListItem\",\"position\":3,\"name\":\"DIE &#8220;SCH\u00d6NE EPOCHE&#8221; AN DER RIVIERA\"}]},{\"@type\":\"WebSite\",\"@id\":\"https:\/\/nyala.info\/de\/#website\",\"url\":\"https:\/\/nyala.info\/de\/\",\"name\":\"Nyala Suite Hotel\",\"description\":\"4-Sterne-Hotel in San Remo\",\"potentialAction\":[{\"@type\":\"SearchAction\",\"target\":{\"@type\":\"EntryPoint\",\"urlTemplate\":\"https:\/\/nyala.info\/de\/?s={search_term_string}\"},\"query-input\":{\"@type\":\"PropertyValueSpecification\",\"valueRequired\":true,\"valueName\":\"search_term_string\"}}],\"inLanguage\":\"de-DE\"}]}<\/script>\n<!-- \/ Yoast SEO plugin. -->","yoast_head_json":{"title":"DIE \"SCH\u00d6NE EPOCHE\" AN DER RIVIERA | Nyala Suite Hotel 4-Sterne-Hotel in San Remo","description":"DIE \"SCH\u00d6NE EPOCHE\" AN DER RIVIERA - \u00dcber die Autobahn nach Cannes (80km, ca. 2 Std.). Entlang der Croisette, Besuch des Kinopalast und Spaziergang...","robots":{"index":"noindex","follow":"follow","max-snippet":"max-snippet:-1","max-image-preview":"max-image-preview:large","max-video-preview":"max-video-preview:-1"},"og_locale":"de_DE","og_type":"article","og_title":"DIE \"SCH\u00d6NE EPOCHE\" AN DER RIVIERA | Nyala Suite Hotel 4-Sterne-Hotel in San Remo","og_description":"DIE \"SCH\u00d6NE EPOCHE\" AN DER RIVIERA - \u00dcber die Autobahn nach Cannes (80km, ca. 2 Std.). Entlang der Croisette, Besuch des Kinopalast und Spaziergang...","og_url":"https:\/\/nyala.info\/de\/tagesausfluege\/die-schoene-epoche-der-riviera\/","og_site_name":"Nyala Suite Hotel","article_modified_time":"2019-09-21T14:01:56+00:00","og_image":[{"width":900,"height":600,"url":"https:\/\/nyala.info\/wp-content\/uploads\/2015\/04\/museo-oceanografico.jpg","type":"image\/jpeg"}],"twitter_card":"summary_large_image","twitter_misc":{"Est. reading time":"1 minute"},"schema":{"@context":"https:\/\/schema.org","@graph":[{"@type":"WebPage","@id":"https:\/\/nyala.info\/de\/tagesausfluege\/die-schoene-epoche-der-riviera\/","url":"https:\/\/nyala.info\/de\/tagesausfluege\/die-schoene-epoche-der-riviera\/","name":"DIE \"SCH\u00d6NE EPOCHE\" AN DER RIVIERA | Nyala Suite Hotel 4-Sterne-Hotel in San Remo","isPartOf":{"@id":"https:\/\/nyala.info\/de\/#website"},"primaryImageOfPage":{"@id":"https:\/\/nyala.info\/de\/tagesausfluege\/die-schoene-epoche-der-riviera\/#primaryimage"},"image":{"@id":"https:\/\/nyala.info\/de\/tagesausfluege\/die-schoene-epoche-der-riviera\/#primaryimage"},"thumbnailUrl":"https:\/\/nyala.info\/wp-content\/uploads\/2015\/04\/museo-oceanografico.jpg","datePublished":"2016-11-03T18:19:55+00:00","dateModified":"2019-09-21T14:01:56+00:00","description":"DIE \"SCH\u00d6NE EPOCHE\" AN DER RIVIERA - \u00dcber die Autobahn nach Cannes (80km, ca. 2 Std.). Entlang der Croisette, Besuch des Kinopalast und Spaziergang...","breadcrumb":{"@id":"https:\/\/nyala.info\/de\/tagesausfluege\/die-schoene-epoche-der-riviera\/#breadcrumb"},"inLanguage":"de-DE","potentialAction":[{"@type":"ReadAction","target":["https:\/\/nyala.info\/de\/tagesausfluege\/die-schoene-epoche-der-riviera\/"]}]},{"@type":"ImageObject","inLanguage":"de-DE","@id":"https:\/\/nyala.info\/de\/tagesausfluege\/die-schoene-epoche-der-riviera\/#primaryimage","url":"https:\/\/nyala.info\/wp-content\/uploads\/2015\/04\/museo-oceanografico.jpg","contentUrl":"https:\/\/nyala.info\/wp-content\/uploads\/2015\/04\/museo-oceanografico.jpg","width":900,"height":600,"caption":"riviera belle epoque, SCH\u00d6NE EPOCHE"},{"@type":"BreadcrumbList","@id":"https:\/\/nyala.info\/de\/tagesausfluege\/die-schoene-epoche-der-riviera\/#breadcrumb","itemListElement":[{"@type":"ListItem","position":1,"name":"Home","item":"https:\/\/nyala.info\/de\/"},{"@type":"ListItem","position":2,"name":"Tagesausfl\u00fcge: Die Riviera in 7 Tage","item":"https:\/\/nyala.info\/de\/tagesausfluege\/"},{"@type":"ListItem","position":3,"name":"DIE &#8220;SCH\u00d6NE EPOCHE&#8221; AN DER RIVIERA"}]},{"@type":"WebSite","@id":"https:\/\/nyala.info\/de\/#website","url":"https:\/\/nyala.info\/de\/","name":"Nyala Suite Hotel","description":"4-Sterne-Hotel in San Remo","potentialAction":[{"@type":"SearchAction","target":{"@type":"EntryPoint","urlTemplate":"https:\/\/nyala.info\/de\/?s={search_term_string}"},"query-input":{"@type":"PropertyValueSpecification","valueRequired":true,"valueName":"search_term_string"}}],"inLanguage":"de-DE"}]}},"_links":{"self":[{"href":"https:\/\/nyala.info\/de\/wp-json\/wp\/v2\/pages\/2286"}],"collection":[{"href":"https:\/\/nyala.info\/de\/wp-json\/wp\/v2\/pages"}],"about":[{"href":"https:\/\/nyala.info\/de\/wp-json\/wp\/v2\/types\/page"}],"author":[{"embeddable":true,"href":"https:\/\/nyala.info\/de\/wp-json\/wp\/v2\/users\/3"}],"replies":[{"embeddable":true,"href":"https:\/\/nyala.info\/de\/wp-json\/wp\/v2\/comments?post=2286"}],"version-history":[{"count":6,"href":"https:\/\/nyala.info\/de\/wp-json\/wp\/v2\/pages\/2286\/revisions"}],"predecessor-version":[{"id":7991,"href":"https:\/\/nyala.info\/de\/wp-json\/wp\/v2\/pages\/2286\/revisions\/7991"}],"up":[{"embeddable":true,"href":"https:\/\/nyala.info\/de\/wp-json\/wp\/v2\/pages\/5805"}],"wp:featuredmedia":[{"embeddable":true,"href":"https:\/\/nyala.info\/de\/wp-json\/wp\/v2\/media\/1153"}],"wp:attachment":[{"href":"https:\/\/nyala.info\/de\/wp-json\/wp\/v2\/media?parent=2286"}],"curies":[{"name":"wp","href":"https:\/\/api.w.org\/{rel}","templated":true}]}}