{"id":2217,"date":"2016-10-18T20:35:17","date_gmt":"2016-10-18T18:35:17","guid":{"rendered":"http:\/\/www.nyalahotel.biz\/de\/?page_id=2217"},"modified":"2017-11-02T11:51:02","modified_gmt":"2017-11-02T10:51:02","slug":"die-speisekarte","status":"publish","type":"page","link":"https:\/\/nyala.info\/de\/die-speisekarte\/","title":{"rendered":"Die Speisekarte"},"content":{"rendered":"<h2 style=\"text-align: left;\" align=\"right\">Die Speisekarte<\/h2>\n<p>Hier m\u00f6chten wir Ihnen die Speisen und Gerichte unserer Grande Carta vorstellen. Alle unsere Gerichte sind tief mit den kulinarischen Traditionen der Riviera, mit ihren Fisch- und Meeresspezialit\u00e4ten verwurzelt. Aber auch die K\u00e4se und Wurst Spezialit\u00e4ten des Hinterlandes kommen in unserem Men\u00fc nicht zu kurz. Asmara, die beste Wahl zum Essen in San Remo.<\/p>\n<p>[fdm-menu id=6694]<\/p>\n","protected":false},"excerpt":{"rendered":"<p>Die Speisekarte Hier m\u00f6chten wir Ihnen die Speisen und Gerichte unserer Grande Carta vorstellen. Alle unsere Gerichte sind tief mit den kulinarischen Traditionen der Riviera, mit ihren Fisch- und Meeresspezialit\u00e4ten verwurzelt. Aber auch die K\u00e4se und Wurst Spezialit\u00e4ten des Hinterlandes kommen in unserem Men\u00fc nicht zu kurz. Asmara, die beste Wahl zum Essen in San [&hellip;]<\/p>\n","protected":false},"author":3,"featured_media":5712,"parent":0,"menu_order":11,"comment_status":"open","ping_status":"closed","template":"","meta":{"_acf_changed":false,"footnotes":""},"class_list":["post-2217","page","type-page","status-publish","has-post-thumbnail","hentry"],"acf":[],"yoast_head":"<!-- This site is optimized with the Yoast SEO plugin v25.6 - https:\/\/yoast.com\/wordpress\/plugins\/seo\/ -->\n<title>Die Speisekarte | Nyala Suite Hotel 4-Sterne-Hotel in San Remo<\/title>\n<meta name=\"description\" content=\"Wo in San Remo regionale Gerichte aus Ligurien essen, im Restaurant in Sanremo, Asmara, im 4-Sterne-Hotel Nyala gelegen. Buchen Sie jetzt Ihren Aufenthalt\" \/>\n<meta name=\"robots\" content=\"noindex, follow, max-snippet:-1, max-image-preview:large, max-video-preview:-1\" \/>\n<meta property=\"og:locale\" content=\"de_DE\" \/>\n<meta property=\"og:type\" content=\"article\" \/>\n<meta property=\"og:title\" content=\"Die Speisekarte | Nyala Suite Hotel 4-Sterne-Hotel in San Remo\" \/>\n<meta property=\"og:description\" content=\"Wo in San Remo regionale Gerichte aus Ligurien essen, im Restaurant in Sanremo, Asmara, im 4-Sterne-Hotel Nyala gelegen. Buchen Sie jetzt Ihren Aufenthalt\" \/>\n<meta property=\"og:url\" content=\"https:\/\/nyala.info\/de\/die-speisekarte\/\" \/>\n<meta property=\"og:site_name\" content=\"Nyala Suite Hotel\" \/>\n<meta property=\"article:modified_time\" content=\"2017-11-02T10:51:02+00:00\" \/>\n<meta property=\"og:image\" content=\"https:\/\/nyala.info\/wp-content\/uploads\/2015\/04\/dove-mangiare-a-sanremo-ristorante-asmara350.jpg\" \/>\n\t<meta property=\"og:image:width\" content=\"350\" \/>\n\t<meta property=\"og:image:height\" content=\"234\" \/>\n\t<meta property=\"og:image:type\" content=\"image\/jpeg\" \/>\n<meta name=\"twitter:card\" content=\"summary_large_image\" \/>\n<script type=\"application\/ld+json\" class=\"yoast-schema-graph\">{\"@context\":\"https:\/\/schema.org\",\"@graph\":[{\"@type\":\"WebPage\",\"@id\":\"https:\/\/nyala.info\/de\/die-speisekarte\/\",\"url\":\"https:\/\/nyala.info\/de\/die-speisekarte\/\",\"name\":\"Die Speisekarte | Nyala Suite Hotel 4-Sterne-Hotel in San Remo\",\"isPartOf\":{\"@id\":\"https:\/\/nyala.info\/de\/#website\"},\"primaryImageOfPage\":{\"@id\":\"https:\/\/nyala.info\/de\/die-speisekarte\/#primaryimage\"},\"image\":{\"@id\":\"https:\/\/nyala.info\/de\/die-speisekarte\/#primaryimage\"},\"thumbnailUrl\":\"https:\/\/nyala.info\/wp-content\/uploads\/2015\/04\/dove-mangiare-a-sanremo-ristorante-asmara350.jpg\",\"datePublished\":\"2016-10-18T18:35:17+00:00\",\"dateModified\":\"2017-11-02T10:51:02+00:00\",\"description\":\"Wo in San Remo regionale Gerichte aus Ligurien essen, im Restaurant in Sanremo, Asmara, im 4-Sterne-Hotel Nyala gelegen. Buchen Sie jetzt Ihren Aufenthalt\",\"breadcrumb\":{\"@id\":\"https:\/\/nyala.info\/de\/die-speisekarte\/#breadcrumb\"},\"inLanguage\":\"de-DE\",\"potentialAction\":[{\"@type\":\"ReadAction\",\"target\":[\"https:\/\/nyala.info\/de\/die-speisekarte\/\"]}]},{\"@type\":\"ImageObject\",\"inLanguage\":\"de-DE\",\"@id\":\"https:\/\/nyala.info\/de\/die-speisekarte\/#primaryimage\",\"url\":\"https:\/\/nyala.info\/wp-content\/uploads\/2015\/04\/dove-mangiare-a-sanremo-ristorante-asmara350.jpg\",\"contentUrl\":\"https:\/\/nyala.info\/wp-content\/uploads\/2015\/04\/dove-mangiare-a-sanremo-ristorante-asmara350.jpg\",\"width\":350,\"height\":234},{\"@type\":\"BreadcrumbList\",\"@id\":\"https:\/\/nyala.info\/de\/die-speisekarte\/#breadcrumb\",\"itemListElement\":[{\"@type\":\"ListItem\",\"position\":1,\"name\":\"Home\",\"item\":\"https:\/\/nyala.info\/de\/\"},{\"@type\":\"ListItem\",\"position\":2,\"name\":\"Die Speisekarte\"}]},{\"@type\":\"WebSite\",\"@id\":\"https:\/\/nyala.info\/de\/#website\",\"url\":\"https:\/\/nyala.info\/de\/\",\"name\":\"Nyala Suite Hotel\",\"description\":\"4-Sterne-Hotel in San Remo\",\"potentialAction\":[{\"@type\":\"SearchAction\",\"target\":{\"@type\":\"EntryPoint\",\"urlTemplate\":\"https:\/\/nyala.info\/de\/?s={search_term_string}\"},\"query-input\":{\"@type\":\"PropertyValueSpecification\",\"valueRequired\":true,\"valueName\":\"search_term_string\"}}],\"inLanguage\":\"de-DE\"}]}<\/script>\n<!-- \/ Yoast SEO plugin. -->","yoast_head_json":{"title":"Die Speisekarte | Nyala Suite Hotel 4-Sterne-Hotel in San Remo","description":"Wo in San Remo regionale Gerichte aus Ligurien essen, im Restaurant in Sanremo, Asmara, im 4-Sterne-Hotel Nyala gelegen. Buchen Sie jetzt Ihren Aufenthalt","robots":{"index":"noindex","follow":"follow","max-snippet":"max-snippet:-1","max-image-preview":"max-image-preview:large","max-video-preview":"max-video-preview:-1"},"og_locale":"de_DE","og_type":"article","og_title":"Die Speisekarte | Nyala Suite Hotel 4-Sterne-Hotel in San Remo","og_description":"Wo in San Remo regionale Gerichte aus Ligurien essen, im Restaurant in Sanremo, Asmara, im 4-Sterne-Hotel Nyala gelegen. Buchen Sie jetzt Ihren Aufenthalt","og_url":"https:\/\/nyala.info\/de\/die-speisekarte\/","og_site_name":"Nyala Suite Hotel","article_modified_time":"2017-11-02T10:51:02+00:00","og_image":[{"width":350,"height":234,"url":"https:\/\/nyala.info\/wp-content\/uploads\/2015\/04\/dove-mangiare-a-sanremo-ristorante-asmara350.jpg","type":"image\/jpeg"}],"twitter_card":"summary_large_image","schema":{"@context":"https:\/\/schema.org","@graph":[{"@type":"WebPage","@id":"https:\/\/nyala.info\/de\/die-speisekarte\/","url":"https:\/\/nyala.info\/de\/die-speisekarte\/","name":"Die Speisekarte | Nyala Suite Hotel 4-Sterne-Hotel in San Remo","isPartOf":{"@id":"https:\/\/nyala.info\/de\/#website"},"primaryImageOfPage":{"@id":"https:\/\/nyala.info\/de\/die-speisekarte\/#primaryimage"},"image":{"@id":"https:\/\/nyala.info\/de\/die-speisekarte\/#primaryimage"},"thumbnailUrl":"https:\/\/nyala.info\/wp-content\/uploads\/2015\/04\/dove-mangiare-a-sanremo-ristorante-asmara350.jpg","datePublished":"2016-10-18T18:35:17+00:00","dateModified":"2017-11-02T10:51:02+00:00","description":"Wo in San Remo regionale Gerichte aus Ligurien essen, im Restaurant in Sanremo, Asmara, im 4-Sterne-Hotel Nyala gelegen. Buchen Sie jetzt Ihren Aufenthalt","breadcrumb":{"@id":"https:\/\/nyala.info\/de\/die-speisekarte\/#breadcrumb"},"inLanguage":"de-DE","potentialAction":[{"@type":"ReadAction","target":["https:\/\/nyala.info\/de\/die-speisekarte\/"]}]},{"@type":"ImageObject","inLanguage":"de-DE","@id":"https:\/\/nyala.info\/de\/die-speisekarte\/#primaryimage","url":"https:\/\/nyala.info\/wp-content\/uploads\/2015\/04\/dove-mangiare-a-sanremo-ristorante-asmara350.jpg","contentUrl":"https:\/\/nyala.info\/wp-content\/uploads\/2015\/04\/dove-mangiare-a-sanremo-ristorante-asmara350.jpg","width":350,"height":234},{"@type":"BreadcrumbList","@id":"https:\/\/nyala.info\/de\/die-speisekarte\/#breadcrumb","itemListElement":[{"@type":"ListItem","position":1,"name":"Home","item":"https:\/\/nyala.info\/de\/"},{"@type":"ListItem","position":2,"name":"Die Speisekarte"}]},{"@type":"WebSite","@id":"https:\/\/nyala.info\/de\/#website","url":"https:\/\/nyala.info\/de\/","name":"Nyala Suite Hotel","description":"4-Sterne-Hotel in San Remo","potentialAction":[{"@type":"SearchAction","target":{"@type":"EntryPoint","urlTemplate":"https:\/\/nyala.info\/de\/?s={search_term_string}"},"query-input":{"@type":"PropertyValueSpecification","valueRequired":true,"valueName":"search_term_string"}}],"inLanguage":"de-DE"}]}},"_links":{"self":[{"href":"https:\/\/nyala.info\/de\/wp-json\/wp\/v2\/pages\/2217"}],"collection":[{"href":"https:\/\/nyala.info\/de\/wp-json\/wp\/v2\/pages"}],"about":[{"href":"https:\/\/nyala.info\/de\/wp-json\/wp\/v2\/types\/page"}],"author":[{"embeddable":true,"href":"https:\/\/nyala.info\/de\/wp-json\/wp\/v2\/users\/3"}],"replies":[{"embeddable":true,"href":"https:\/\/nyala.info\/de\/wp-json\/wp\/v2\/comments?post=2217"}],"version-history":[{"count":6,"href":"https:\/\/nyala.info\/de\/wp-json\/wp\/v2\/pages\/2217\/revisions"}],"predecessor-version":[{"id":6761,"href":"https:\/\/nyala.info\/de\/wp-json\/wp\/v2\/pages\/2217\/revisions\/6761"}],"wp:featuredmedia":[{"embeddable":true,"href":"https:\/\/nyala.info\/de\/wp-json\/wp\/v2\/media\/5712"}],"wp:attachment":[{"href":"https:\/\/nyala.info\/de\/wp-json\/wp\/v2\/media?parent=2217"}],"curies":[{"name":"wp","href":"https:\/\/api.w.org\/{rel}","templated":true}]}}