{"id":2212,"date":"2016-10-18T20:32:23","date_gmt":"2016-10-18T18:32:23","guid":{"rendered":"http:\/\/www.nyalahotel.biz\/de\/?page_id=2212"},"modified":"2017-11-03T12:29:48","modified_gmt":"2017-11-03T11:29:48","slug":"weinliste","status":"publish","type":"page","link":"https:\/\/nyala.info\/de\/restaurant\/weinliste\/","title":{"rendered":"Weinliste"},"content":{"rendered":"<h2>Weinliste<\/h2>\n<p>Hier m\u00f6chten wir Ihnen unsere Weinliste pr\u00e4sentieren. Wir bieten eine gro\u00dfe Auswahl an typisch ligurischen Weinen an, \u2013 rot, wei\u00df und ros\u00e8.<\/p>\n<p>[fdm-menu id=6858]<\/p>\n","protected":false},"excerpt":{"rendered":"<p>Weinliste Hier m\u00f6chten wir Ihnen unsere Weinliste pr\u00e4sentieren. Wir bieten eine gro\u00dfe Auswahl an typisch ligurischen Weinen an, \u2013 rot, wei\u00df und ros\u00e8. [fdm-menu id=6858]<\/p>\n","protected":false},"author":3,"featured_media":1183,"parent":3582,"menu_order":13,"comment_status":"open","ping_status":"closed","template":"","meta":{"_acf_changed":false,"footnotes":""},"class_list":["post-2212","page","type-page","status-publish","has-post-thumbnail","hentry"],"acf":[],"yoast_head":"<!-- This site is optimized with the Yoast SEO plugin v25.6 - https:\/\/yoast.com\/wordpress\/plugins\/seo\/ -->\n<title>Weinliste | Nyala Suite Hotel 4-Sterne-Hotel in San Remo<\/title>\n<meta name=\"description\" content=\"Hier m\u00f6chten wir Ihnen unsere Weinliste pr\u00e4sentieren. Wir bieten eine gro\u00dfe Auswahl an typisch ligurischen Weinen an, \u2013 rot, wei\u00df und ros\u00e8.\" \/>\n<meta name=\"robots\" content=\"noindex, follow, max-snippet:-1, max-image-preview:large, max-video-preview:-1\" \/>\n<meta property=\"og:locale\" content=\"de_DE\" \/>\n<meta property=\"og:type\" content=\"article\" \/>\n<meta property=\"og:title\" content=\"Weinliste | Nyala Suite Hotel 4-Sterne-Hotel in San Remo\" \/>\n<meta property=\"og:description\" content=\"Hier m\u00f6chten wir Ihnen unsere Weinliste pr\u00e4sentieren. Wir bieten eine gro\u00dfe Auswahl an typisch ligurischen Weinen an, \u2013 rot, wei\u00df und ros\u00e8.\" \/>\n<meta property=\"og:url\" content=\"https:\/\/nyala.info\/de\/restaurant\/weinliste\/\" \/>\n<meta property=\"og:site_name\" content=\"Nyala Suite Hotel\" \/>\n<meta property=\"article:modified_time\" content=\"2017-11-03T11:29:48+00:00\" \/>\n<meta property=\"og:image\" content=\"https:\/\/nyala.info\/wp-content\/uploads\/2015\/04\/vini.jpg\" \/>\n\t<meta property=\"og:image:width\" content=\"1620\" \/>\n\t<meta property=\"og:image:height\" content=\"1080\" \/>\n\t<meta property=\"og:image:type\" content=\"image\/jpeg\" \/>\n<meta name=\"twitter:card\" content=\"summary_large_image\" \/>\n<script type=\"application\/ld+json\" class=\"yoast-schema-graph\">{\"@context\":\"https:\/\/schema.org\",\"@graph\":[{\"@type\":\"WebPage\",\"@id\":\"https:\/\/nyala.info\/de\/restaurant\/weinliste\/\",\"url\":\"https:\/\/nyala.info\/de\/restaurant\/weinliste\/\",\"name\":\"Weinliste | Nyala Suite Hotel 4-Sterne-Hotel in San Remo\",\"isPartOf\":{\"@id\":\"https:\/\/nyala.info\/de\/#website\"},\"primaryImageOfPage\":{\"@id\":\"https:\/\/nyala.info\/de\/restaurant\/weinliste\/#primaryimage\"},\"image\":{\"@id\":\"https:\/\/nyala.info\/de\/restaurant\/weinliste\/#primaryimage\"},\"thumbnailUrl\":\"https:\/\/nyala.info\/wp-content\/uploads\/2015\/04\/vini.jpg\",\"datePublished\":\"2016-10-18T18:32:23+00:00\",\"dateModified\":\"2017-11-03T11:29:48+00:00\",\"description\":\"Hier m\u00f6chten wir Ihnen unsere Weinliste pr\u00e4sentieren. Wir bieten eine gro\u00dfe Auswahl an typisch ligurischen Weinen an, \u2013 rot, wei\u00df und ros\u00e8.\",\"breadcrumb\":{\"@id\":\"https:\/\/nyala.info\/de\/restaurant\/weinliste\/#breadcrumb\"},\"inLanguage\":\"de-DE\",\"potentialAction\":[{\"@type\":\"ReadAction\",\"target\":[\"https:\/\/nyala.info\/de\/restaurant\/weinliste\/\"]}]},{\"@type\":\"ImageObject\",\"inLanguage\":\"de-DE\",\"@id\":\"https:\/\/nyala.info\/de\/restaurant\/weinliste\/#primaryimage\",\"url\":\"https:\/\/nyala.info\/wp-content\/uploads\/2015\/04\/vini.jpg\",\"contentUrl\":\"https:\/\/nyala.info\/wp-content\/uploads\/2015\/04\/vini.jpg\",\"width\":1620,\"height\":1080,\"caption\":\"Lista vini, vin, Weinliste, weine\"},{\"@type\":\"BreadcrumbList\",\"@id\":\"https:\/\/nyala.info\/de\/restaurant\/weinliste\/#breadcrumb\",\"itemListElement\":[{\"@type\":\"ListItem\",\"position\":1,\"name\":\"Home\",\"item\":\"https:\/\/nyala.info\/de\/\"},{\"@type\":\"ListItem\",\"position\":2,\"name\":\"Restaurant\",\"item\":\"https:\/\/nyala.info\/de\/restaurant\/\"},{\"@type\":\"ListItem\",\"position\":3,\"name\":\"Weinliste\"}]},{\"@type\":\"WebSite\",\"@id\":\"https:\/\/nyala.info\/de\/#website\",\"url\":\"https:\/\/nyala.info\/de\/\",\"name\":\"Nyala Suite Hotel\",\"description\":\"4-Sterne-Hotel in San Remo\",\"potentialAction\":[{\"@type\":\"SearchAction\",\"target\":{\"@type\":\"EntryPoint\",\"urlTemplate\":\"https:\/\/nyala.info\/de\/?s={search_term_string}\"},\"query-input\":{\"@type\":\"PropertyValueSpecification\",\"valueRequired\":true,\"valueName\":\"search_term_string\"}}],\"inLanguage\":\"de-DE\"}]}<\/script>\n<!-- \/ Yoast SEO plugin. -->","yoast_head_json":{"title":"Weinliste | Nyala Suite Hotel 4-Sterne-Hotel in San Remo","description":"Hier m\u00f6chten wir Ihnen unsere Weinliste pr\u00e4sentieren. Wir bieten eine gro\u00dfe Auswahl an typisch ligurischen Weinen an, \u2013 rot, wei\u00df und ros\u00e8.","robots":{"index":"noindex","follow":"follow","max-snippet":"max-snippet:-1","max-image-preview":"max-image-preview:large","max-video-preview":"max-video-preview:-1"},"og_locale":"de_DE","og_type":"article","og_title":"Weinliste | Nyala Suite Hotel 4-Sterne-Hotel in San Remo","og_description":"Hier m\u00f6chten wir Ihnen unsere Weinliste pr\u00e4sentieren. Wir bieten eine gro\u00dfe Auswahl an typisch ligurischen Weinen an, \u2013 rot, wei\u00df und ros\u00e8.","og_url":"https:\/\/nyala.info\/de\/restaurant\/weinliste\/","og_site_name":"Nyala Suite Hotel","article_modified_time":"2017-11-03T11:29:48+00:00","og_image":[{"width":1620,"height":1080,"url":"https:\/\/nyala.info\/wp-content\/uploads\/2015\/04\/vini.jpg","type":"image\/jpeg"}],"twitter_card":"summary_large_image","schema":{"@context":"https:\/\/schema.org","@graph":[{"@type":"WebPage","@id":"https:\/\/nyala.info\/de\/restaurant\/weinliste\/","url":"https:\/\/nyala.info\/de\/restaurant\/weinliste\/","name":"Weinliste | Nyala Suite Hotel 4-Sterne-Hotel in San Remo","isPartOf":{"@id":"https:\/\/nyala.info\/de\/#website"},"primaryImageOfPage":{"@id":"https:\/\/nyala.info\/de\/restaurant\/weinliste\/#primaryimage"},"image":{"@id":"https:\/\/nyala.info\/de\/restaurant\/weinliste\/#primaryimage"},"thumbnailUrl":"https:\/\/nyala.info\/wp-content\/uploads\/2015\/04\/vini.jpg","datePublished":"2016-10-18T18:32:23+00:00","dateModified":"2017-11-03T11:29:48+00:00","description":"Hier m\u00f6chten wir Ihnen unsere Weinliste pr\u00e4sentieren. Wir bieten eine gro\u00dfe Auswahl an typisch ligurischen Weinen an, \u2013 rot, wei\u00df und ros\u00e8.","breadcrumb":{"@id":"https:\/\/nyala.info\/de\/restaurant\/weinliste\/#breadcrumb"},"inLanguage":"de-DE","potentialAction":[{"@type":"ReadAction","target":["https:\/\/nyala.info\/de\/restaurant\/weinliste\/"]}]},{"@type":"ImageObject","inLanguage":"de-DE","@id":"https:\/\/nyala.info\/de\/restaurant\/weinliste\/#primaryimage","url":"https:\/\/nyala.info\/wp-content\/uploads\/2015\/04\/vini.jpg","contentUrl":"https:\/\/nyala.info\/wp-content\/uploads\/2015\/04\/vini.jpg","width":1620,"height":1080,"caption":"Lista vini, vin, Weinliste, weine"},{"@type":"BreadcrumbList","@id":"https:\/\/nyala.info\/de\/restaurant\/weinliste\/#breadcrumb","itemListElement":[{"@type":"ListItem","position":1,"name":"Home","item":"https:\/\/nyala.info\/de\/"},{"@type":"ListItem","position":2,"name":"Restaurant","item":"https:\/\/nyala.info\/de\/restaurant\/"},{"@type":"ListItem","position":3,"name":"Weinliste"}]},{"@type":"WebSite","@id":"https:\/\/nyala.info\/de\/#website","url":"https:\/\/nyala.info\/de\/","name":"Nyala Suite Hotel","description":"4-Sterne-Hotel in San Remo","potentialAction":[{"@type":"SearchAction","target":{"@type":"EntryPoint","urlTemplate":"https:\/\/nyala.info\/de\/?s={search_term_string}"},"query-input":{"@type":"PropertyValueSpecification","valueRequired":true,"valueName":"search_term_string"}}],"inLanguage":"de-DE"}]}},"_links":{"self":[{"href":"https:\/\/nyala.info\/de\/wp-json\/wp\/v2\/pages\/2212"}],"collection":[{"href":"https:\/\/nyala.info\/de\/wp-json\/wp\/v2\/pages"}],"about":[{"href":"https:\/\/nyala.info\/de\/wp-json\/wp\/v2\/types\/page"}],"author":[{"embeddable":true,"href":"https:\/\/nyala.info\/de\/wp-json\/wp\/v2\/users\/3"}],"replies":[{"embeddable":true,"href":"https:\/\/nyala.info\/de\/wp-json\/wp\/v2\/comments?post=2212"}],"version-history":[{"count":5,"href":"https:\/\/nyala.info\/de\/wp-json\/wp\/v2\/pages\/2212\/revisions"}],"predecessor-version":[{"id":6860,"href":"https:\/\/nyala.info\/de\/wp-json\/wp\/v2\/pages\/2212\/revisions\/6860"}],"up":[{"embeddable":true,"href":"https:\/\/nyala.info\/de\/wp-json\/wp\/v2\/pages\/3582"}],"wp:featuredmedia":[{"embeddable":true,"href":"https:\/\/nyala.info\/de\/wp-json\/wp\/v2\/media\/1183"}],"wp:attachment":[{"href":"https:\/\/nyala.info\/de\/wp-json\/wp\/v2\/media?parent=2212"}],"curies":[{"name":"wp","href":"https:\/\/api.w.org\/{rel}","templated":true}]}}