{"id":2209,"date":"2016-10-18T20:29:35","date_gmt":"2016-10-18T18:29:35","guid":{"rendered":"http:\/\/www.nyalahotel.biz\/de\/?page_id=2209"},"modified":"2017-10-02T08:09:04","modified_gmt":"2017-10-02T06:09:04","slug":"pet-hospitality","status":"publish","type":"page","link":"https:\/\/nyala.info\/de\/angebote\/pet-hospitality\/","title":{"rendered":"Mit Ihren geliebten Haustieren"},"content":{"rendered":"<h2 style=\"text-align: center;\">Hunde und Katzen sind an der Riviera herzlich willkommen<\/h2>\n<p><img loading=\"lazy\" decoding=\"async\" class=\"aligncenter size-full wp-image-1340\" src=\"http:\/\/www.nyalahotel.com\/wp-content\/uploads\/2016\/08\/Pets.jpg\" alt=\"pets, pet hospitality, in vacanza con gli animali\" width=\"614\" height=\"404\" srcset=\"https:\/\/nyala.info\/wp-content\/uploads\/2016\/08\/Pets.jpg 614w, https:\/\/nyala.info\/wp-content\/uploads\/2016\/08\/Pets-300x197.jpg 300w, https:\/\/nyala.info\/wp-content\/uploads\/2016\/08\/Pets-2x1.jpg 2w\" sizes=\"(max-width: 614px) 100vw, 614px\" \/><br \/>\n<div class=\"col-md-4\">\n<h3>Haustierbett<\/h3>\n<p>Das Nyala Suite Hotel k\u00fcmmert sich w\u00e4hrend Ihres Aufenthalts an der Riviera um Ihre vierbeinigen Freunde; Hunde und Katzen sind willkommene G\u00e4ste, denen jeglicher Komfort geboten wird, damit sie sich wie zu Hause f\u00fchlen! Um Bequemlichkeit und ein warmes Pl\u00e4tzchen zu garantieren, stellt das Hotel auf Anfrage eine komfortable Stoffliege zur Verf\u00fcgung&#8230;<\/div>\n<div class=\"col-md-4\">\n<h3>Begr\u00fc\u00dfung der Haustiere<\/h3>\n<p>Ihren vierbeinigen Freunden wird bei der Ankunft ein besonders herzlicher Empfang bereitet. Sie werden eine \u201cbeauty corner\u201d mit Kamm, B\u00fcrste, Feuchtt\u00fcchern und Pflegesets vorfinden, ein Set f\u00fcr die Pflege und Hygiene Ihrer kleinen Freunde.<\/div><div class=\"col-md-4\">\n<h3>Einkaufen auf vier Beinen<\/h3>\n<p>Im Zentrum von San Remo finden Sie einige Gesch\u00e4fte, die bequemerweise nahe unseres Hotels liegen, in denen Sie Geschenke f\u00fcr Ihre vierbeinigen Freunde kaufen k\u00f6nnen.<\/div>\n<p><div class=\"col-md-12\"><div class=\"de_divider div-dotted\"><span><\/span><\/div><\/div><br \/>\n&nbsp;<\/p>\n<div class=\"col-md-6\">\n<h3>Veterin\u00e4re Pflege<\/h3>\n<p>Wenige Meter vom Hotel entfernt befindet sich eine vertrauensw\u00fcrdige veterin\u00e4re Chirurgie, die sich, falls n\u00f6tig, medizinisch um Ihre Haustiere k\u00fcmmern kann. Wir erinnern daran, immer den Impfpass der Tiere bei sich zu haben.<\/div><div class=\"col-md-6\">\n<h3>Hunde- &amp; Katzensitter<\/h3>\n<p>Ihre kleinen Freunde m\u00fcssen nie allein sein: Auf Anfrage gibt es im Nyala Suite Hotel einen Hunde- und Katzensitter. Dieser Service wird direkt vom Hotel angeboten. Auf Anfrage ist es au\u00dferdem m\u00f6glich, dass wir die kleinen G\u00e4ste zu einem netten, erholsamen Spaziergang ausf\u00fchren.<\/div>\n<p><div class=\"col-md-12\"><div class=\"de_divider div-dotted\"><span><\/span><\/div><\/div><br \/>\n&nbsp;<\/p>\n<div class=\"row\">\n<div class=\"col-md-12\">\n<h3><em>Nyala Hinweise!<\/em><\/h3>\n<ul>\n<li>Im Nyala Hotel sind Ihre Haustiere sicher. Sollte eines trotz allem beim Ausf\u00fchren einmal verloren gehen, empfehlen wir Ihnen, ein neueres Foto Ihres Hundes oder Ihrer Katze bei sich zu haben.<\/li>\n<li>Legen Sie w\u00e4hrend des Urlaubs auch Ihrer Katze ein Halsband mit metallischer Kennmarke an.<\/li>\n<li>Es empfiehlt sich, eine Haftpflichtversicherung f\u00fcr Sch\u00e4den abzuschlie\u00dfen, die Dritten seitens der Tiere zugef\u00fcgt werden k\u00f6nnten.<\/li>\n<li>Vor langen Reisen nur leichte Mahlzeiten verabreichen um Reisekrankheiten zu vermeiden.<\/li>\n<li>Vergessen Sie w\u00e4hrend der Reise nicht Ihrem Haustier gen\u00fcgend Raum zu geben, damit es seine\/ihre Beine strecken kann<\/li>\n<\/ul>\n<\/div>\n<\/div>\n","protected":false},"excerpt":{"rendered":"<p>Hunde und Katzen sind an der Riviera herzlich willkommen &nbsp; &nbsp; Nyala Hinweise! Im Nyala Hotel sind Ihre Haustiere sicher. Sollte eines trotz allem beim Ausf\u00fchren einmal verloren gehen, empfehlen wir Ihnen, ein neueres Foto Ihres Hundes oder Ihrer Katze bei sich zu haben. Legen Sie w\u00e4hrend des Urlaubs auch Ihrer Katze ein Halsband mit [&hellip;]<\/p>\n","protected":false},"author":3,"featured_media":1340,"parent":3827,"menu_order":0,"comment_status":"closed","ping_status":"closed","template":"","meta":{"_acf_changed":false,"footnotes":""},"class_list":["post-2209","page","type-page","status-publish","has-post-thumbnail","hentry"],"acf":[],"yoast_head":"<!-- This site is optimized with the Yoast SEO plugin v25.6 - https:\/\/yoast.com\/wordpress\/plugins\/seo\/ -->\n<title>Mit Ihren geliebten Haustieren | Nyala Suite Hotel 4-Sterne-Hotel in San Remo<\/title>\n<meta name=\"description\" content=\"PET HOSPITALITY - Hunde und Katzen sind an der Riviera herzlich willkommen. Das Nyala Suite Hotel k\u00fcmmert sich w\u00e4hrend Ihres Aufenthalts an der Riviera..\" \/>\n<meta name=\"robots\" content=\"noindex, follow, max-snippet:-1, max-image-preview:large, max-video-preview:-1\" \/>\n<meta property=\"og:locale\" content=\"de_DE\" \/>\n<meta property=\"og:type\" content=\"article\" \/>\n<meta property=\"og:title\" content=\"Mit Ihren geliebten Haustieren | Nyala Suite Hotel 4-Sterne-Hotel in San Remo\" \/>\n<meta property=\"og:description\" content=\"PET HOSPITALITY - Hunde und Katzen sind an der Riviera herzlich willkommen. Das Nyala Suite Hotel k\u00fcmmert sich w\u00e4hrend Ihres Aufenthalts an der Riviera..\" \/>\n<meta property=\"og:url\" content=\"https:\/\/nyala.info\/de\/angebote\/pet-hospitality\/\" \/>\n<meta property=\"og:site_name\" content=\"Nyala Suite Hotel\" \/>\n<meta property=\"article:modified_time\" content=\"2017-10-02T06:09:04+00:00\" \/>\n<meta property=\"og:image\" content=\"https:\/\/nyala.info\/wp-content\/uploads\/2016\/08\/Pets.jpg\" \/>\n\t<meta property=\"og:image:width\" content=\"614\" \/>\n\t<meta property=\"og:image:height\" content=\"404\" \/>\n\t<meta property=\"og:image:type\" content=\"image\/jpeg\" \/>\n<meta name=\"twitter:card\" content=\"summary_large_image\" \/>\n<meta name=\"twitter:label1\" content=\"Est. reading time\" \/>\n\t<meta name=\"twitter:data1\" content=\"2 minutes\" \/>\n<script type=\"application\/ld+json\" class=\"yoast-schema-graph\">{\"@context\":\"https:\/\/schema.org\",\"@graph\":[{\"@type\":\"WebPage\",\"@id\":\"https:\/\/nyala.info\/de\/angebote\/pet-hospitality\/\",\"url\":\"https:\/\/nyala.info\/de\/angebote\/pet-hospitality\/\",\"name\":\"Mit Ihren geliebten Haustieren | Nyala Suite Hotel 4-Sterne-Hotel in San Remo\",\"isPartOf\":{\"@id\":\"https:\/\/nyala.info\/de\/#website\"},\"primaryImageOfPage\":{\"@id\":\"https:\/\/nyala.info\/de\/angebote\/pet-hospitality\/#primaryimage\"},\"image\":{\"@id\":\"https:\/\/nyala.info\/de\/angebote\/pet-hospitality\/#primaryimage\"},\"thumbnailUrl\":\"https:\/\/nyala.info\/wp-content\/uploads\/2016\/08\/Pets.jpg\",\"datePublished\":\"2016-10-18T18:29:35+00:00\",\"dateModified\":\"2017-10-02T06:09:04+00:00\",\"description\":\"PET HOSPITALITY - Hunde und Katzen sind an der Riviera herzlich willkommen. Das Nyala Suite Hotel k\u00fcmmert sich w\u00e4hrend Ihres Aufenthalts an der Riviera..\",\"breadcrumb\":{\"@id\":\"https:\/\/nyala.info\/de\/angebote\/pet-hospitality\/#breadcrumb\"},\"inLanguage\":\"de-DE\",\"potentialAction\":[{\"@type\":\"ReadAction\",\"target\":[\"https:\/\/nyala.info\/de\/angebote\/pet-hospitality\/\"]}]},{\"@type\":\"ImageObject\",\"inLanguage\":\"de-DE\",\"@id\":\"https:\/\/nyala.info\/de\/angebote\/pet-hospitality\/#primaryimage\",\"url\":\"https:\/\/nyala.info\/wp-content\/uploads\/2016\/08\/Pets.jpg\",\"contentUrl\":\"https:\/\/nyala.info\/wp-content\/uploads\/2016\/08\/Pets.jpg\",\"width\":614,\"height\":404,\"caption\":\"pets, pet hospitality, in vacanza con gli animali\"},{\"@type\":\"BreadcrumbList\",\"@id\":\"https:\/\/nyala.info\/de\/angebote\/pet-hospitality\/#breadcrumb\",\"itemListElement\":[{\"@type\":\"ListItem\",\"position\":1,\"name\":\"Home\",\"item\":\"https:\/\/nyala.info\/de\/\"},{\"@type\":\"ListItem\",\"position\":2,\"name\":\"ANGEBOTE\",\"item\":\"https:\/\/nyala.info\/de\/angebote\/\"},{\"@type\":\"ListItem\",\"position\":3,\"name\":\"Mit Ihren geliebten Haustieren\"}]},{\"@type\":\"WebSite\",\"@id\":\"https:\/\/nyala.info\/de\/#website\",\"url\":\"https:\/\/nyala.info\/de\/\",\"name\":\"Nyala Suite Hotel\",\"description\":\"4-Sterne-Hotel in San Remo\",\"potentialAction\":[{\"@type\":\"SearchAction\",\"target\":{\"@type\":\"EntryPoint\",\"urlTemplate\":\"https:\/\/nyala.info\/de\/?s={search_term_string}\"},\"query-input\":{\"@type\":\"PropertyValueSpecification\",\"valueRequired\":true,\"valueName\":\"search_term_string\"}}],\"inLanguage\":\"de-DE\"}]}<\/script>\n<!-- \/ Yoast SEO plugin. -->","yoast_head_json":{"title":"Mit Ihren geliebten Haustieren | Nyala Suite Hotel 4-Sterne-Hotel in San Remo","description":"PET HOSPITALITY - Hunde und Katzen sind an der Riviera herzlich willkommen. Das Nyala Suite Hotel k\u00fcmmert sich w\u00e4hrend Ihres Aufenthalts an der Riviera..","robots":{"index":"noindex","follow":"follow","max-snippet":"max-snippet:-1","max-image-preview":"max-image-preview:large","max-video-preview":"max-video-preview:-1"},"og_locale":"de_DE","og_type":"article","og_title":"Mit Ihren geliebten Haustieren | Nyala Suite Hotel 4-Sterne-Hotel in San Remo","og_description":"PET HOSPITALITY - Hunde und Katzen sind an der Riviera herzlich willkommen. Das Nyala Suite Hotel k\u00fcmmert sich w\u00e4hrend Ihres Aufenthalts an der Riviera..","og_url":"https:\/\/nyala.info\/de\/angebote\/pet-hospitality\/","og_site_name":"Nyala Suite Hotel","article_modified_time":"2017-10-02T06:09:04+00:00","og_image":[{"width":614,"height":404,"url":"https:\/\/nyala.info\/wp-content\/uploads\/2016\/08\/Pets.jpg","type":"image\/jpeg"}],"twitter_card":"summary_large_image","twitter_misc":{"Est. reading time":"2 minutes"},"schema":{"@context":"https:\/\/schema.org","@graph":[{"@type":"WebPage","@id":"https:\/\/nyala.info\/de\/angebote\/pet-hospitality\/","url":"https:\/\/nyala.info\/de\/angebote\/pet-hospitality\/","name":"Mit Ihren geliebten Haustieren | Nyala Suite Hotel 4-Sterne-Hotel in San Remo","isPartOf":{"@id":"https:\/\/nyala.info\/de\/#website"},"primaryImageOfPage":{"@id":"https:\/\/nyala.info\/de\/angebote\/pet-hospitality\/#primaryimage"},"image":{"@id":"https:\/\/nyala.info\/de\/angebote\/pet-hospitality\/#primaryimage"},"thumbnailUrl":"https:\/\/nyala.info\/wp-content\/uploads\/2016\/08\/Pets.jpg","datePublished":"2016-10-18T18:29:35+00:00","dateModified":"2017-10-02T06:09:04+00:00","description":"PET HOSPITALITY - Hunde und Katzen sind an der Riviera herzlich willkommen. Das Nyala Suite Hotel k\u00fcmmert sich w\u00e4hrend Ihres Aufenthalts an der Riviera..","breadcrumb":{"@id":"https:\/\/nyala.info\/de\/angebote\/pet-hospitality\/#breadcrumb"},"inLanguage":"de-DE","potentialAction":[{"@type":"ReadAction","target":["https:\/\/nyala.info\/de\/angebote\/pet-hospitality\/"]}]},{"@type":"ImageObject","inLanguage":"de-DE","@id":"https:\/\/nyala.info\/de\/angebote\/pet-hospitality\/#primaryimage","url":"https:\/\/nyala.info\/wp-content\/uploads\/2016\/08\/Pets.jpg","contentUrl":"https:\/\/nyala.info\/wp-content\/uploads\/2016\/08\/Pets.jpg","width":614,"height":404,"caption":"pets, pet hospitality, in vacanza con gli animali"},{"@type":"BreadcrumbList","@id":"https:\/\/nyala.info\/de\/angebote\/pet-hospitality\/#breadcrumb","itemListElement":[{"@type":"ListItem","position":1,"name":"Home","item":"https:\/\/nyala.info\/de\/"},{"@type":"ListItem","position":2,"name":"ANGEBOTE","item":"https:\/\/nyala.info\/de\/angebote\/"},{"@type":"ListItem","position":3,"name":"Mit Ihren geliebten Haustieren"}]},{"@type":"WebSite","@id":"https:\/\/nyala.info\/de\/#website","url":"https:\/\/nyala.info\/de\/","name":"Nyala Suite Hotel","description":"4-Sterne-Hotel in San Remo","potentialAction":[{"@type":"SearchAction","target":{"@type":"EntryPoint","urlTemplate":"https:\/\/nyala.info\/de\/?s={search_term_string}"},"query-input":{"@type":"PropertyValueSpecification","valueRequired":true,"valueName":"search_term_string"}}],"inLanguage":"de-DE"}]}},"_links":{"self":[{"href":"https:\/\/nyala.info\/de\/wp-json\/wp\/v2\/pages\/2209"}],"collection":[{"href":"https:\/\/nyala.info\/de\/wp-json\/wp\/v2\/pages"}],"about":[{"href":"https:\/\/nyala.info\/de\/wp-json\/wp\/v2\/types\/page"}],"author":[{"embeddable":true,"href":"https:\/\/nyala.info\/de\/wp-json\/wp\/v2\/users\/3"}],"replies":[{"embeddable":true,"href":"https:\/\/nyala.info\/de\/wp-json\/wp\/v2\/comments?post=2209"}],"version-history":[{"count":15,"href":"https:\/\/nyala.info\/de\/wp-json\/wp\/v2\/pages\/2209\/revisions"}],"predecessor-version":[{"id":6178,"href":"https:\/\/nyala.info\/de\/wp-json\/wp\/v2\/pages\/2209\/revisions\/6178"}],"up":[{"embeddable":true,"href":"https:\/\/nyala.info\/de\/wp-json\/wp\/v2\/pages\/3827"}],"wp:featuredmedia":[{"embeddable":true,"href":"https:\/\/nyala.info\/de\/wp-json\/wp\/v2\/media\/1340"}],"wp:attachment":[{"href":"https:\/\/nyala.info\/de\/wp-json\/wp\/v2\/media?parent=2209"}],"curies":[{"name":"wp","href":"https:\/\/api.w.org\/{rel}","templated":true}]}}