{"id":2200,"date":"2016-10-18T20:19:11","date_gmt":"2016-10-18T18:19:11","guid":{"rendered":"http:\/\/www.nyalahotel.biz\/de\/?page_id=2200"},"modified":"2017-07-24T12:40:06","modified_gmt":"2017-07-24T10:40:06","slug":"der-garten","status":"publish","type":"page","link":"https:\/\/nyala.info\/de\/hotel\/der-garten\/","title":{"rendered":"Hotel mit Garten"},"content":{"rendered":"<p style=\"text-align: justify;\"><div class=\"col-md-6\">\n<h1 style=\"text-align: center;\">&#8211; Hotel mit Garten &#8211;<\/h1>\n<h1 style=\"text-align: center;\">Der Botanische Garten des Hotels<\/h1>\n<h2 style=\"text-align: center;\">Dank der gro\u00dffl\u00e4chigen G\u00e4rten,<\/h2>\n<h2 style=\"text-align: center;\">die das Nyala Suite Hotel in San Remo umgeben,<\/h2>\n<h2 style=\"text-align: center;\">werden die G\u00e4ste in einem \u00e4u\u00dferst freundlichen<\/h2>\n<h2 style=\"text-align: center;\">und entspannendem Umfeld empfangen.<\/h2>\n<p style=\"text-align: justify;\"><\/div>\n<div class=\"col-md-6\">[huge_it_slider id=&#8221;5&#8243;]<\/div>\n<div class=\"col-md-6\">\n<p><div class=\"featured\"><h4 class=\"f_title\">Ein wirklich entspannender Empfang<\/h4><img loading=\"lazy\" decoding=\"async\" class=\"aligncenter size-full wp-image-2767\" src=\"http:\/\/www.nyalahotel.com\/wp-content\/uploads\/2015\/04\/hall-1.jpeg\" alt=\"hall\" width=\"500\" height=\"350\" srcset=\"https:\/\/nyala.info\/wp-content\/uploads\/2015\/04\/hall-1.jpeg 500w, https:\/\/nyala.info\/wp-content\/uploads\/2015\/04\/hall-1-300x210.jpeg 300w, https:\/\/nyala.info\/wp-content\/uploads\/2015\/04\/hall-1-1x1.jpeg 1w\" sizes=\"(max-width: 500px) 100vw, 500px\" \/><div><\/p>\n<p style=\"text-align: justify;\">Das au\u00dfergew\u00f6hnlich milde Klima von Sanremo beg\u00fcnstigt das Wachstum zahlreicher Pflanzenarten aus den Tropen<\/p>\n<p style=\"text-align: justify;\">Gleich bei Ihrer Ankunft im Hotel treffen Sie in unserer Empfangshalle auf zwei gro\u00dfe Monstera-Exemplare, die seitlich unter Glas wachsen; die Pflanze hat sehr gro\u00dfe Bl\u00e4tter und schwarze Luftwurzeln und ist typisch f\u00fcr das tropische Lateinamerika. Im Gew\u00e4chshaus gedeihen auch Philodedron, Howea forsteriana, die auch unter dem Namen Kentie bekannt ist und ein sch\u00f6ner Ficus lyrata.<\/p>\n<p>.<\/div><\/div><\/div>\n<div class=\"col-md-6\"><div class=\"featured\"><h4 class=\"f_title\">Orte f\u00fcr totale Entspannung<\/h4><img loading=\"lazy\" decoding=\"async\" class=\"aligncenter size-full wp-image-2766\" src=\"http:\/\/www.nyalahotel.com\/wp-content\/uploads\/2015\/04\/giardino.jpeg\" alt=\"giardino\" width=\"500\" height=\"350\" srcset=\"https:\/\/nyala.info\/wp-content\/uploads\/2015\/04\/giardino.jpeg 500w, https:\/\/nyala.info\/wp-content\/uploads\/2015\/04\/giardino-300x210.jpeg 300w, https:\/\/nyala.info\/wp-content\/uploads\/2015\/04\/giardino-1x1.jpeg 1w\" sizes=\"(max-width: 500px) 100vw, 500px\" \/><div><\/p>\n<p style=\"text-align: justify;\">Im Garten rund um das Hauptgeb\u00e4ude stehen einige Exemplare der kanarischen Dattelpalme Phoenix canariensis, die auf den Kanaren heimisch ist. Sie sind zirka 25 Jahre alt und 3 bis 5 Meter hoch. Au\u00dferdem wachsen hier Zwergpalmen der Art Chamaerops humilis, die typisch f\u00fcr den Mittelmeerraum ist, einige Trompetenblumen der Art Datura mit gro\u00dfen, bunten duftenden Bl\u00fcten, ein gro\u00dfer Ficus-Baum und eine amerikanische Magnolie, Magnolia grandiflora.<\/p>\n<p style=\"text-align: justify;\">Im Garten um den Brunnen stehen einige Palmen der Art Washingtonia filifera, die aus Mexiko und Kalifornien stammen und innerhalb von 15 Jahren \u00fcber 7 Meter H\u00f6he erreicht haben, dazu zahlreiche unterschiedliche Agavenarten, die in den W\u00fcstengebieten Nordamerikas heimisch sind.<\/p>\n<p style=\"text-align: justify;\">Liebhaber exotischer Pflanzen finden in unserem Garten auch einige Exemplare der Art Euphorbia eritrea, die fast 10 m hoch sind, gro\u00dfe Aloe vera-Pflanzen und zahlreiche Kakteenarten.<\/p>\n<p style=\"text-align: justify;\">Au\u00dferdem k\u00f6nnen Sie nat\u00fcrlich die mediterranen D\u00fcfte Liguriens genie\u00dfen, denn es gedeihen auch Rosmarin, Salbei, Lavendel, Minze&#8230; und viele, viele Rosen rund um den Brunnen.<\/p>\n<p><\/div><\/div><\/div>\n<div class=\"col-md-6\"><div class=\"featured\"><h4 class=\"f_title\">Mahlzeiten bei herrlicher Aussicht \u00fcber das weitreichende Gr\u00fcn<\/h4><img loading=\"lazy\" decoding=\"async\" class=\"aligncenter size-full wp-image-2770\" src=\"http:\/\/www.nyalahotel.com\/wp-content\/uploads\/2015\/04\/ristorante.jpg\" alt=\"ristorante\" width=\"500\" height=\"350\" srcset=\"https:\/\/nyala.info\/wp-content\/uploads\/2015\/04\/ristorante.jpg 500w, https:\/\/nyala.info\/wp-content\/uploads\/2015\/04\/ristorante-300x210.jpg 300w, https:\/\/nyala.info\/wp-content\/uploads\/2015\/04\/ristorante-1x1.jpg 1w\" sizes=\"(max-width: 500px) 100vw, 500px\" \/><div>Gegen\u00fcber vom Restauranteingang stehen diverse asiatische Zykas, Cicas revoluta, westafrikanische Bananen, Banano, Exemplare des mexikanischen Feigenkaktus, Opuntia ficus-indica, der im milden Rivieraklima sogar Fr\u00fcchte ausbildet.<\/p>\n<p><\/div><\/div><\/div>\n<div class=\"col-md-6\"><div class=\"featured\"><h4 class=\"f_title\">Die G\u00e4rten umgeben den Swimmingpool<\/h4><img loading=\"lazy\" decoding=\"async\" class=\"aligncenter size-full wp-image-2765\" src=\"http:\/\/www.nyalahotel.com\/wp-content\/uploads\/2015\/04\/Nyala_Pool-1024x683-1.jpg\" alt=\"Nyala_Pool-1024x683\" width=\"500\" height=\"350\" srcset=\"https:\/\/nyala.info\/wp-content\/uploads\/2015\/04\/Nyala_Pool-1024x683-1.jpg 500w, https:\/\/nyala.info\/wp-content\/uploads\/2015\/04\/Nyala_Pool-1024x683-1-300x210.jpg 300w, https:\/\/nyala.info\/wp-content\/uploads\/2015\/04\/Nyala_Pool-1024x683-1-1x1.jpg 1w\" sizes=\"(max-width: 500px) 100vw, 500px\" \/><div><\/p>\n<p style=\"text-align: justify;\">Die Hotelanlage erstreckt sich \u00fcber zwei nebeneinander liegende Grundst\u00fccke, die eine unterschiedliche Geschichte haben. Rund um den Swimmingpool erstreckt sich ein botanischer Garten, der um 1870 angelegt wurde und zur Villa eines englischen Ministers geh\u00f6rte.<\/p>\n<p style=\"text-align: justify;\">In diesem Garten stehen etwa zehn hundertj\u00e4hrige Prachtexemplare der Palmenart Phoenix canariensis, die zwischen 10 und 15 Meter hoch sind; in der Mitte des Swimmingpools w\u00e4chst eine kostbare Brahea armata, auch blaue Palme genannt, die aus Mittelamerika stammt und nur alle zwei Jahre bl\u00fcht.<\/p>\n<p style=\"text-align: justify;\">Der Kinderspielplatz wird von drei Eucalyptusb\u00e4umen eingerahmt; dieser Baum ist in Australien, Neuseeland und Neuguinea zu Hause.<\/p>\n<p style=\"text-align: justify;\">Neben den gro\u00dfen, alten B\u00e4umen wurden einige weitere seltene Pflanzen akklimatisiert, etwa ein herrliches Exemplar von Straelitia augusta, das inzwischen um die 3 Meter hoch ist und gro\u00dfe, wei\u00dfe Bl\u00fcten ausbildet, einige Stauden von Strelitia reginae, die aus S\u00fcdafrika stammen und wegen ihrer klassischen, orangen Bl\u00fcten auch den Namen Paradiesvogelblume tragen, und diverse Callistemon aus Australien mit ihren au\u00dfergew\u00f6hnlichen roten Bl\u00fctenst\u00e4nden.<\/div><\/div><\/div>\n<p>&nbsp;<\/p>\n","protected":false},"excerpt":{"rendered":"<p>&nbsp;<\/p>\n","protected":false},"author":3,"featured_media":1028,"parent":3536,"menu_order":23,"comment_status":"open","ping_status":"open","template":"","meta":{"_acf_changed":false,"footnotes":""},"class_list":["post-2200","page","type-page","status-publish","has-post-thumbnail","hentry"],"acf":[],"yoast_head":"<!-- This site is optimized with the Yoast SEO plugin v25.6 - https:\/\/yoast.com\/wordpress\/plugins\/seo\/ -->\n<title>Hotel mit Garten | Nyala Suite Hotel 4-Sterne-Hotel in San Remo<\/title>\n<meta name=\"description\" content=\"Hotel mit Garten: Dank der gro\u00dffl\u00e4chigen G\u00e4rten, die das Nyala Suite Hotel in San Remo umgeben, werden die G\u00e4ste in einem entspannendem Umfeld empfangen.\" \/>\n<meta name=\"robots\" content=\"noindex, follow, max-snippet:-1, max-image-preview:large, max-video-preview:-1\" \/>\n<meta property=\"og:locale\" content=\"de_DE\" \/>\n<meta property=\"og:type\" content=\"article\" \/>\n<meta property=\"og:title\" content=\"Hotel mit Garten | Nyala Suite Hotel 4-Sterne-Hotel in San Remo\" \/>\n<meta property=\"og:description\" content=\"Hotel mit Garten: Dank der gro\u00dffl\u00e4chigen G\u00e4rten, die das Nyala Suite Hotel in San Remo umgeben, werden die G\u00e4ste in einem entspannendem Umfeld empfangen.\" \/>\n<meta property=\"og:url\" content=\"https:\/\/nyala.info\/de\/hotel\/der-garten\/\" \/>\n<meta property=\"og:site_name\" content=\"Nyala Suite Hotel\" \/>\n<meta property=\"article:modified_time\" content=\"2017-07-24T10:40:06+00:00\" \/>\n<meta property=\"og:image\" content=\"https:\/\/nyala.info\/wp-content\/uploads\/2015\/04\/IMG_3727.jpg\" \/>\n\t<meta property=\"og:image:width\" content=\"1620\" \/>\n\t<meta property=\"og:image:height\" content=\"1080\" \/>\n\t<meta property=\"og:image:type\" content=\"image\/jpeg\" \/>\n<meta name=\"twitter:card\" content=\"summary_large_image\" \/>\n<meta name=\"twitter:label1\" content=\"Est. reading time\" \/>\n\t<meta name=\"twitter:data1\" content=\"3 minutes\" \/>\n<script type=\"application\/ld+json\" class=\"yoast-schema-graph\">{\"@context\":\"https:\/\/schema.org\",\"@graph\":[{\"@type\":\"WebPage\",\"@id\":\"https:\/\/nyala.info\/de\/hotel\/der-garten\/\",\"url\":\"https:\/\/nyala.info\/de\/hotel\/der-garten\/\",\"name\":\"Hotel mit Garten | Nyala Suite Hotel 4-Sterne-Hotel in San Remo\",\"isPartOf\":{\"@id\":\"https:\/\/nyala.info\/de\/#website\"},\"primaryImageOfPage\":{\"@id\":\"https:\/\/nyala.info\/de\/hotel\/der-garten\/#primaryimage\"},\"image\":{\"@id\":\"https:\/\/nyala.info\/de\/hotel\/der-garten\/#primaryimage\"},\"thumbnailUrl\":\"https:\/\/nyala.info\/wp-content\/uploads\/2015\/04\/IMG_3727.jpg\",\"datePublished\":\"2016-10-18T18:19:11+00:00\",\"dateModified\":\"2017-07-24T10:40:06+00:00\",\"description\":\"Hotel mit Garten: Dank der gro\u00dffl\u00e4chigen G\u00e4rten, die das Nyala Suite Hotel in San Remo umgeben, werden die G\u00e4ste in einem entspannendem Umfeld empfangen.\",\"breadcrumb\":{\"@id\":\"https:\/\/nyala.info\/de\/hotel\/der-garten\/#breadcrumb\"},\"inLanguage\":\"de-DE\",\"potentialAction\":[{\"@type\":\"ReadAction\",\"target\":[\"https:\/\/nyala.info\/de\/hotel\/der-garten\/\"]}]},{\"@type\":\"ImageObject\",\"inLanguage\":\"de-DE\",\"@id\":\"https:\/\/nyala.info\/de\/hotel\/der-garten\/#primaryimage\",\"url\":\"https:\/\/nyala.info\/wp-content\/uploads\/2015\/04\/IMG_3727.jpg\",\"contentUrl\":\"https:\/\/nyala.info\/wp-content\/uploads\/2015\/04\/IMG_3727.jpg\",\"width\":1620,\"height\":1080,\"caption\":\"giardino, garden, jardin, garten, \u0411\u041e\u0422\u0410\u041d\u0418\u0427\u0415\u0421\u041a\u0418\u0419 \u0421\u0410\u0414\"},{\"@type\":\"BreadcrumbList\",\"@id\":\"https:\/\/nyala.info\/de\/hotel\/der-garten\/#breadcrumb\",\"itemListElement\":[{\"@type\":\"ListItem\",\"position\":1,\"name\":\"Home\",\"item\":\"https:\/\/nyala.info\/de\/\"},{\"@type\":\"ListItem\",\"position\":2,\"name\":\"Hotel\",\"item\":\"https:\/\/nyala.info\/de\/hotel\/\"},{\"@type\":\"ListItem\",\"position\":3,\"name\":\"Hotel mit Garten\"}]},{\"@type\":\"WebSite\",\"@id\":\"https:\/\/nyala.info\/de\/#website\",\"url\":\"https:\/\/nyala.info\/de\/\",\"name\":\"Nyala Suite Hotel\",\"description\":\"4-Sterne-Hotel in San Remo\",\"potentialAction\":[{\"@type\":\"SearchAction\",\"target\":{\"@type\":\"EntryPoint\",\"urlTemplate\":\"https:\/\/nyala.info\/de\/?s={search_term_string}\"},\"query-input\":{\"@type\":\"PropertyValueSpecification\",\"valueRequired\":true,\"valueName\":\"search_term_string\"}}],\"inLanguage\":\"de-DE\"}]}<\/script>\n<!-- \/ Yoast SEO plugin. -->","yoast_head_json":{"title":"Hotel mit Garten | Nyala Suite Hotel 4-Sterne-Hotel in San Remo","description":"Hotel mit Garten: Dank der gro\u00dffl\u00e4chigen G\u00e4rten, die das Nyala Suite Hotel in San Remo umgeben, werden die G\u00e4ste in einem entspannendem Umfeld empfangen.","robots":{"index":"noindex","follow":"follow","max-snippet":"max-snippet:-1","max-image-preview":"max-image-preview:large","max-video-preview":"max-video-preview:-1"},"og_locale":"de_DE","og_type":"article","og_title":"Hotel mit Garten | Nyala Suite Hotel 4-Sterne-Hotel in San Remo","og_description":"Hotel mit Garten: Dank der gro\u00dffl\u00e4chigen G\u00e4rten, die das Nyala Suite Hotel in San Remo umgeben, werden die G\u00e4ste in einem entspannendem Umfeld empfangen.","og_url":"https:\/\/nyala.info\/de\/hotel\/der-garten\/","og_site_name":"Nyala Suite Hotel","article_modified_time":"2017-07-24T10:40:06+00:00","og_image":[{"width":1620,"height":1080,"url":"https:\/\/nyala.info\/wp-content\/uploads\/2015\/04\/IMG_3727.jpg","type":"image\/jpeg"}],"twitter_card":"summary_large_image","twitter_misc":{"Est. reading time":"3 minutes"},"schema":{"@context":"https:\/\/schema.org","@graph":[{"@type":"WebPage","@id":"https:\/\/nyala.info\/de\/hotel\/der-garten\/","url":"https:\/\/nyala.info\/de\/hotel\/der-garten\/","name":"Hotel mit Garten | Nyala Suite Hotel 4-Sterne-Hotel in San Remo","isPartOf":{"@id":"https:\/\/nyala.info\/de\/#website"},"primaryImageOfPage":{"@id":"https:\/\/nyala.info\/de\/hotel\/der-garten\/#primaryimage"},"image":{"@id":"https:\/\/nyala.info\/de\/hotel\/der-garten\/#primaryimage"},"thumbnailUrl":"https:\/\/nyala.info\/wp-content\/uploads\/2015\/04\/IMG_3727.jpg","datePublished":"2016-10-18T18:19:11+00:00","dateModified":"2017-07-24T10:40:06+00:00","description":"Hotel mit Garten: Dank der gro\u00dffl\u00e4chigen G\u00e4rten, die das Nyala Suite Hotel in San Remo umgeben, werden die G\u00e4ste in einem entspannendem Umfeld empfangen.","breadcrumb":{"@id":"https:\/\/nyala.info\/de\/hotel\/der-garten\/#breadcrumb"},"inLanguage":"de-DE","potentialAction":[{"@type":"ReadAction","target":["https:\/\/nyala.info\/de\/hotel\/der-garten\/"]}]},{"@type":"ImageObject","inLanguage":"de-DE","@id":"https:\/\/nyala.info\/de\/hotel\/der-garten\/#primaryimage","url":"https:\/\/nyala.info\/wp-content\/uploads\/2015\/04\/IMG_3727.jpg","contentUrl":"https:\/\/nyala.info\/wp-content\/uploads\/2015\/04\/IMG_3727.jpg","width":1620,"height":1080,"caption":"giardino, garden, jardin, garten, \u0411\u041e\u0422\u0410\u041d\u0418\u0427\u0415\u0421\u041a\u0418\u0419 \u0421\u0410\u0414"},{"@type":"BreadcrumbList","@id":"https:\/\/nyala.info\/de\/hotel\/der-garten\/#breadcrumb","itemListElement":[{"@type":"ListItem","position":1,"name":"Home","item":"https:\/\/nyala.info\/de\/"},{"@type":"ListItem","position":2,"name":"Hotel","item":"https:\/\/nyala.info\/de\/hotel\/"},{"@type":"ListItem","position":3,"name":"Hotel mit Garten"}]},{"@type":"WebSite","@id":"https:\/\/nyala.info\/de\/#website","url":"https:\/\/nyala.info\/de\/","name":"Nyala Suite Hotel","description":"4-Sterne-Hotel in San Remo","potentialAction":[{"@type":"SearchAction","target":{"@type":"EntryPoint","urlTemplate":"https:\/\/nyala.info\/de\/?s={search_term_string}"},"query-input":{"@type":"PropertyValueSpecification","valueRequired":true,"valueName":"search_term_string"}}],"inLanguage":"de-DE"}]}},"_links":{"self":[{"href":"https:\/\/nyala.info\/de\/wp-json\/wp\/v2\/pages\/2200"}],"collection":[{"href":"https:\/\/nyala.info\/de\/wp-json\/wp\/v2\/pages"}],"about":[{"href":"https:\/\/nyala.info\/de\/wp-json\/wp\/v2\/types\/page"}],"author":[{"embeddable":true,"href":"https:\/\/nyala.info\/de\/wp-json\/wp\/v2\/users\/3"}],"replies":[{"embeddable":true,"href":"https:\/\/nyala.info\/de\/wp-json\/wp\/v2\/comments?post=2200"}],"version-history":[{"count":7,"href":"https:\/\/nyala.info\/de\/wp-json\/wp\/v2\/pages\/2200\/revisions"}],"predecessor-version":[{"id":5656,"href":"https:\/\/nyala.info\/de\/wp-json\/wp\/v2\/pages\/2200\/revisions\/5656"}],"up":[{"embeddable":true,"href":"https:\/\/nyala.info\/de\/wp-json\/wp\/v2\/pages\/3536"}],"wp:featuredmedia":[{"embeddable":true,"href":"https:\/\/nyala.info\/de\/wp-json\/wp\/v2\/media\/1028"}],"wp:attachment":[{"href":"https:\/\/nyala.info\/de\/wp-json\/wp\/v2\/media?parent=2200"}],"curies":[{"name":"wp","href":"https:\/\/api.w.org\/{rel}","templated":true}]}}