{"id":2198,"date":"2016-10-18T20:16:42","date_gmt":"2016-10-18T18:16:42","guid":{"rendered":"http:\/\/www.nyalahotel.biz\/de\/?page_id=2198"},"modified":"2017-08-02T19:56:46","modified_gmt":"2017-08-02T17:56:46","slug":"komplex","status":"publish","type":"page","link":"https:\/\/nyala.info\/de\/hotel\/komplex\/","title":{"rendered":"Komplex"},"content":{"rendered":"<h1 style=\"text-align: center;\">Das Nyala Suite Hotel: ein modernes 4-Sterne-Hotel in Ligurien<\/h1>\n<p style=\"text-align: center;\">Ein zeitgem\u00e4\u00dfer Hotelbetrieb mit einem herrlichen Swimmingpool inmitten eines Gartens mit Jahrhunderten alten Palmen.<\/p>\n<p style=\"text-align: center;\">[huge_it_slider id=&#8221;6&#8243;]<\/p>\n<p>&nbsp;<\/p>\n<h3>Die Anlage<\/h3>\n<p>Das<a class=\"np7770pf TP6vz374GcdpU\" style=\"z-index: 2147483647;\" title=\"Klicken Sie hier um weiter mit Not set\" href=\"#56337150\"> Hotel<img decoding=\"async\" src=\"http:\/\/cdncache-a.akamaihd.net\/items\/it\/img\/arrow-10x10.png\" \/><\/a> befindet sich auf zwei Grundst\u00fccken, die durch einen unterirdischen Gang verbunden sind, der eine Stra\u00dfe unterquert. Auf dem ersten Grundst\u00fcck befinden sich zwei Geb\u00e4ude: Das Haupthaus mit dem <strong>Servicebereich<\/strong> des Hotels mit Empfang, Restaurant, Kongressr\u00e4umen und den Junior Suiten<\/p>\n<p>Das zweite Geb\u00e4ude das Zuhause unseres hundertj\u00e4hrigen Gartens mit pr\u00e4chtigen Palmen, Ansammlungen von Pinien\u00a0und Eukalyptusb\u00e4umen. Darin befinden sich unser\u00a0<strong>Swimmingpool\u00a0<\/strong>und ein zus\u00e4tzliches Geb\u00e4ude, welches \u00fcber 20 Zimmer verf\u00fcgt. Die Verteilung unserer 3 Geb\u00e4ude, welche von unserem gro\u00dfz\u00fcgigem <strong>Garten<\/strong> umgeben ist, hat unser Hotel zu der einzigen 4-Sterne-Hotel-Anlage der Stadt San Remo klassifiziert.<\/p>\n<div class=\"col-md-12\"><div class=\"de_divider div-dotted\"><span><\/span><\/div><\/div>\n<h3>Lage<\/h3>\n<p>80 Meter \u00fcber dem Meeresspiegel in ruhiger <strong>Wohnlage am Hang<\/strong>\u00a0gelegen, ist das Nyala Hotel malerisch und gelassen und in unmittelbarer N\u00e4he zum <strong>Strand<\/strong>, dem Stadtkern und der Autobahnabfahrt San Remo. Diese leicht erh\u00f6hte Lage macht es zu einem ruhigen Ort mit sauberer Luft und unber\u00fchrt von der Luftfeuchtigkeit des Meeres. Zudem sind zwei private und kostenlose\u00a0<strong>Parkzonen<\/strong> nach Verf\u00fcgbarkeit vorhanden.<\/p>\n<p>Der Transport ist nach Voranmeldung kostenlos und wird durch einen <strong>kostenlosen Shuttle-Service<\/strong> zum Strand und ins Stadtzentrum bereitgestellt. Eine Bushaltestelle ist nur bequeme 100 Meter entfernt.<\/p>\n<div class=\"col-md-12\"><div class=\"de_divider div-dotted\"><span><\/span><\/div><\/div>\n<h3>Unterbringung<\/h3>\n<p>Das Nyala Hotel verf\u00fcgt \u00fcber<strong> 40 traditionelle und gro\u00dfz\u00fcgige Zimmer<\/strong>, die alle mit dem\u00a0<strong>neusten Komfort<\/strong> gut ausgestattet sind; wie beispielsweise Klimaanlage, 32&#8243; HD LCD mit Digital- und Satelliten-TV, WLAN, Safe und Minibar.\u00a0Die M\u00f6blierung und Dekoration ist in jedem Zimmer klassisch-modern.<\/p>\n<p>Alle R\u00e4ume haben eigene Badezimmer &#8211; unsere traditionellen Zimmer sind mit Dusche und unsere Junior Suiten mit einer Badewanne ausgestattet. H\u00f6herklassige Zimmer haben Whirlpools. Alle\u00a0<strong>Junior Suiten<\/strong> und die meisten der anderen R\u00e4ume wurden im Fr\u00fchjahr 2011 komplett renoviert.<\/p>\n<div class=\"col-md-12\"><div class=\"de_divider div-dotted\"><span><\/span><\/div><\/div>\n<h3 style=\"text-align: justify;\"><span id=\"result_box\" class=\"long_text\">Catering<\/span><\/h3>\n<p style=\"text-align: justify;\">Zwei separate Zimmer\u00a0trennen unser <strong>Restaurant<\/strong>\u00a0von der wundersch\u00f6nen Veranda, die im Erdgeschoss mit gro\u00dfen Fenstern liegen, durch welche man den malerischen Garten \u00fcberschauen kann. \u00a0Serviert wird traditionelle lingurische K\u00fcche und italienische Gerichte in einem t\u00e4glichen Men\u00fc mit vier G\u00e4ngen mit halben oder vollen Portionen, wie auch ein A-la-Carte Men\u00fc mit Schwerpunkt auf Land- und See-Gerichten. Zus\u00e4tzlich bieten wir eine beeindruckende Weinauswahl.<\/p>\n<p style=\"text-align: justify;\">2010 renoviert; saisonabh\u00e4ngige Schlie\u00dfung vom 03.11 bis zum 23.12. \u00a0In Juli und August ist unser Grill am Pool f\u00fcr Mittagsessen und Abend-B\u00fcffetservice ge\u00f6ffnet, welcher besonders beliebt bei unseren Familien und Kindern ist. Wir k\u00f6nnen au\u00dferdem eine voll ausgestattete K\u00fcchenzeile aufweisen, die f\u00fcr Familien mit Jugendlichen und Kleinkindern verf\u00fcgbar ist.<\/p>\n<p style=\"text-align: justify;\"><div class=\"col-md-12\"><div class=\"de_divider div-dotted\"><span><\/span><\/div><\/div><\/p>\n<h3 style=\"text-align: justify;\">Komfort<\/h3>\n<p style=\"text-align: justify;\">Unser 4-Sterne-Hotel verf\u00fcgt \u00fcber einen unglaublichen\u00a0<strong>Au\u00dfenspielplatz f\u00fcr Kinder<\/strong>, der mit allem, was Kinder lieben und mehr, ausgestattet ist: Schaukeln, eine Rutsche, Federspielzeuge,\u00a0Tischfussball, Tischtennis und Schach \u2013 alles, wonach Kinder fragen k\u00f6nnten und mehr! F\u00fcr die\u00a0<strong>Familien mit jungen Kindern<\/strong>\u00a0bieten wir einen Kinderwagen, Wickelauflage, Flaschenw\u00e4rmer, Babyschale, etc. (auf Anfrage erh\u00e4ltlich.)<\/p>\n<p style=\"text-align: justify;\">F\u00fcr\u00a0<strong>Fahrradenthusiasten <\/strong>haben wir Fahrr\u00e4der zum Mieten (in \u00dcbereinstimmung mit Geb\u00fchr) und sichere Lagerung f\u00fcr Fahrr\u00e4der in unserem Laden an der Ecke. \u00a0Es gibt Vereinbarungen mit gro\u00dfen <b>Sportanlagen<\/b>\u00a0und Reiseleitungen in der Stadt und der Umgebung, sodass Sie viele Wassersportarten (Segeln, Kanufahren, Windsurfen), traditionelle Sportarten\u00a0(Golf, Tennis, Reiten, Fussball), und Bergsportarten\u00a0(Mountain Biking, Trekking, Walking) genie\u00dfen k\u00f6nnen.<\/p>\n<p style=\"text-align: justify;\">Zus\u00e4tzlich<strong> akzeptiert das Hotel\u00a0Haustiere <\/strong>jeder Gr\u00f6\u00dfe.<\/p>\n","protected":false},"excerpt":{"rendered":"<p>Das Nyala Suite Hotel: ein modernes 4-Sterne-Hotel in Ligurien Ein zeitgem\u00e4\u00dfer Hotelbetrieb mit einem herrlichen Swimmingpool inmitten eines Gartens mit Jahrhunderten alten Palmen. [huge_it_slider id=&#8221;6&#8243;] &nbsp; Die Anlage Das Hotel befindet sich auf zwei Grundst\u00fccken, die durch einen unterirdischen Gang verbunden sind, der eine Stra\u00dfe unterquert. Auf dem ersten Grundst\u00fcck befinden sich zwei Geb\u00e4ude: Das [&hellip;]<\/p>\n","protected":false},"author":3,"featured_media":610,"parent":3536,"menu_order":0,"comment_status":"open","ping_status":"open","template":"","meta":{"_acf_changed":false,"footnotes":""},"class_list":["post-2198","page","type-page","status-publish","has-post-thumbnail","hentry"],"acf":[],"yoast_head":"<!-- This site is optimized with the Yoast SEO plugin v25.6 - https:\/\/yoast.com\/wordpress\/plugins\/seo\/ -->\n<title>Komplex | Nyala Suite Hotel 4-Sterne-Hotel in San Remo<\/title>\n<meta name=\"description\" content=\"DAS NYALA SUITE HOTEL - Ein zeitgem\u00e4\u00dfer Hotelbetrieb mit einem herrlichem Swimmingpool inmitten eines Gartens mit Jahrhunderte alten Palmen\" \/>\n<meta name=\"robots\" content=\"noindex, follow, max-snippet:-1, max-image-preview:large, max-video-preview:-1\" \/>\n<meta property=\"og:locale\" content=\"de_DE\" \/>\n<meta property=\"og:type\" content=\"article\" \/>\n<meta property=\"og:title\" content=\"Komplex | Nyala Suite Hotel 4-Sterne-Hotel in San Remo\" \/>\n<meta property=\"og:description\" content=\"DAS NYALA SUITE HOTEL - Ein zeitgem\u00e4\u00dfer Hotelbetrieb mit einem herrlichem Swimmingpool inmitten eines Gartens mit Jahrhunderte alten Palmen\" \/>\n<meta property=\"og:url\" content=\"https:\/\/nyala.info\/de\/hotel\/komplex\/\" \/>\n<meta property=\"og:site_name\" content=\"Nyala Suite Hotel\" \/>\n<meta property=\"article:modified_time\" content=\"2017-08-02T17:56:46+00:00\" \/>\n<meta property=\"og:image\" content=\"https:\/\/nyala.info\/wp-content\/uploads\/2015\/03\/nyala_pool3.jpg\" \/>\n\t<meta property=\"og:image:width\" content=\"1500\" \/>\n\t<meta property=\"og:image:height\" content=\"1000\" \/>\n\t<meta property=\"og:image:type\" content=\"image\/jpeg\" \/>\n<meta name=\"twitter:card\" content=\"summary_large_image\" \/>\n<meta name=\"twitter:label1\" content=\"Est. reading time\" \/>\n\t<meta name=\"twitter:data1\" content=\"3 minutes\" \/>\n<script type=\"application\/ld+json\" class=\"yoast-schema-graph\">{\"@context\":\"https:\/\/schema.org\",\"@graph\":[{\"@type\":\"WebPage\",\"@id\":\"https:\/\/nyala.info\/de\/hotel\/komplex\/\",\"url\":\"https:\/\/nyala.info\/de\/hotel\/komplex\/\",\"name\":\"Komplex | Nyala Suite Hotel 4-Sterne-Hotel in San Remo\",\"isPartOf\":{\"@id\":\"https:\/\/nyala.info\/de\/#website\"},\"primaryImageOfPage\":{\"@id\":\"https:\/\/nyala.info\/de\/hotel\/komplex\/#primaryimage\"},\"image\":{\"@id\":\"https:\/\/nyala.info\/de\/hotel\/komplex\/#primaryimage\"},\"thumbnailUrl\":\"https:\/\/nyala.info\/wp-content\/uploads\/2015\/03\/nyala_pool3.jpg\",\"datePublished\":\"2016-10-18T18:16:42+00:00\",\"dateModified\":\"2017-08-02T17:56:46+00:00\",\"description\":\"DAS NYALA SUITE HOTEL - Ein zeitgem\u00e4\u00dfer Hotelbetrieb mit einem herrlichem Swimmingpool inmitten eines Gartens mit Jahrhunderte alten Palmen\",\"breadcrumb\":{\"@id\":\"https:\/\/nyala.info\/de\/hotel\/komplex\/#breadcrumb\"},\"inLanguage\":\"de-DE\",\"potentialAction\":[{\"@type\":\"ReadAction\",\"target\":[\"https:\/\/nyala.info\/de\/hotel\/komplex\/\"]}]},{\"@type\":\"ImageObject\",\"inLanguage\":\"de-DE\",\"@id\":\"https:\/\/nyala.info\/de\/hotel\/komplex\/#primaryimage\",\"url\":\"https:\/\/nyala.info\/wp-content\/uploads\/2015\/03\/nyala_pool3.jpg\",\"contentUrl\":\"https:\/\/nyala.info\/wp-content\/uploads\/2015\/03\/nyala_pool3.jpg\",\"width\":1500,\"height\":1000,\"caption\":\"nyala suite resort, \u043e\u043f\u0438\u0441\u0430\u043d\u0438\u0435\"},{\"@type\":\"BreadcrumbList\",\"@id\":\"https:\/\/nyala.info\/de\/hotel\/komplex\/#breadcrumb\",\"itemListElement\":[{\"@type\":\"ListItem\",\"position\":1,\"name\":\"Home\",\"item\":\"https:\/\/nyala.info\/de\/\"},{\"@type\":\"ListItem\",\"position\":2,\"name\":\"Hotel\",\"item\":\"https:\/\/nyala.info\/de\/hotel\/\"},{\"@type\":\"ListItem\",\"position\":3,\"name\":\"Komplex\"}]},{\"@type\":\"WebSite\",\"@id\":\"https:\/\/nyala.info\/de\/#website\",\"url\":\"https:\/\/nyala.info\/de\/\",\"name\":\"Nyala Suite Hotel\",\"description\":\"4-Sterne-Hotel in San Remo\",\"potentialAction\":[{\"@type\":\"SearchAction\",\"target\":{\"@type\":\"EntryPoint\",\"urlTemplate\":\"https:\/\/nyala.info\/de\/?s={search_term_string}\"},\"query-input\":{\"@type\":\"PropertyValueSpecification\",\"valueRequired\":true,\"valueName\":\"search_term_string\"}}],\"inLanguage\":\"de-DE\"}]}<\/script>\n<!-- \/ Yoast SEO plugin. -->","yoast_head_json":{"title":"Komplex | Nyala Suite Hotel 4-Sterne-Hotel in San Remo","description":"DAS NYALA SUITE HOTEL - Ein zeitgem\u00e4\u00dfer Hotelbetrieb mit einem herrlichem Swimmingpool inmitten eines Gartens mit Jahrhunderte alten Palmen","robots":{"index":"noindex","follow":"follow","max-snippet":"max-snippet:-1","max-image-preview":"max-image-preview:large","max-video-preview":"max-video-preview:-1"},"og_locale":"de_DE","og_type":"article","og_title":"Komplex | Nyala Suite Hotel 4-Sterne-Hotel in San Remo","og_description":"DAS NYALA SUITE HOTEL - Ein zeitgem\u00e4\u00dfer Hotelbetrieb mit einem herrlichem Swimmingpool inmitten eines Gartens mit Jahrhunderte alten Palmen","og_url":"https:\/\/nyala.info\/de\/hotel\/komplex\/","og_site_name":"Nyala Suite Hotel","article_modified_time":"2017-08-02T17:56:46+00:00","og_image":[{"width":1500,"height":1000,"url":"https:\/\/nyala.info\/wp-content\/uploads\/2015\/03\/nyala_pool3.jpg","type":"image\/jpeg"}],"twitter_card":"summary_large_image","twitter_misc":{"Est. reading time":"3 minutes"},"schema":{"@context":"https:\/\/schema.org","@graph":[{"@type":"WebPage","@id":"https:\/\/nyala.info\/de\/hotel\/komplex\/","url":"https:\/\/nyala.info\/de\/hotel\/komplex\/","name":"Komplex | Nyala Suite Hotel 4-Sterne-Hotel in San Remo","isPartOf":{"@id":"https:\/\/nyala.info\/de\/#website"},"primaryImageOfPage":{"@id":"https:\/\/nyala.info\/de\/hotel\/komplex\/#primaryimage"},"image":{"@id":"https:\/\/nyala.info\/de\/hotel\/komplex\/#primaryimage"},"thumbnailUrl":"https:\/\/nyala.info\/wp-content\/uploads\/2015\/03\/nyala_pool3.jpg","datePublished":"2016-10-18T18:16:42+00:00","dateModified":"2017-08-02T17:56:46+00:00","description":"DAS NYALA SUITE HOTEL - Ein zeitgem\u00e4\u00dfer Hotelbetrieb mit einem herrlichem Swimmingpool inmitten eines Gartens mit Jahrhunderte alten Palmen","breadcrumb":{"@id":"https:\/\/nyala.info\/de\/hotel\/komplex\/#breadcrumb"},"inLanguage":"de-DE","potentialAction":[{"@type":"ReadAction","target":["https:\/\/nyala.info\/de\/hotel\/komplex\/"]}]},{"@type":"ImageObject","inLanguage":"de-DE","@id":"https:\/\/nyala.info\/de\/hotel\/komplex\/#primaryimage","url":"https:\/\/nyala.info\/wp-content\/uploads\/2015\/03\/nyala_pool3.jpg","contentUrl":"https:\/\/nyala.info\/wp-content\/uploads\/2015\/03\/nyala_pool3.jpg","width":1500,"height":1000,"caption":"nyala suite resort, \u043e\u043f\u0438\u0441\u0430\u043d\u0438\u0435"},{"@type":"BreadcrumbList","@id":"https:\/\/nyala.info\/de\/hotel\/komplex\/#breadcrumb","itemListElement":[{"@type":"ListItem","position":1,"name":"Home","item":"https:\/\/nyala.info\/de\/"},{"@type":"ListItem","position":2,"name":"Hotel","item":"https:\/\/nyala.info\/de\/hotel\/"},{"@type":"ListItem","position":3,"name":"Komplex"}]},{"@type":"WebSite","@id":"https:\/\/nyala.info\/de\/#website","url":"https:\/\/nyala.info\/de\/","name":"Nyala Suite Hotel","description":"4-Sterne-Hotel in San Remo","potentialAction":[{"@type":"SearchAction","target":{"@type":"EntryPoint","urlTemplate":"https:\/\/nyala.info\/de\/?s={search_term_string}"},"query-input":{"@type":"PropertyValueSpecification","valueRequired":true,"valueName":"search_term_string"}}],"inLanguage":"de-DE"}]}},"_links":{"self":[{"href":"https:\/\/nyala.info\/de\/wp-json\/wp\/v2\/pages\/2198"}],"collection":[{"href":"https:\/\/nyala.info\/de\/wp-json\/wp\/v2\/pages"}],"about":[{"href":"https:\/\/nyala.info\/de\/wp-json\/wp\/v2\/types\/page"}],"author":[{"embeddable":true,"href":"https:\/\/nyala.info\/de\/wp-json\/wp\/v2\/users\/3"}],"replies":[{"embeddable":true,"href":"https:\/\/nyala.info\/de\/wp-json\/wp\/v2\/comments?post=2198"}],"version-history":[{"count":9,"href":"https:\/\/nyala.info\/de\/wp-json\/wp\/v2\/pages\/2198\/revisions"}],"predecessor-version":[{"id":5853,"href":"https:\/\/nyala.info\/de\/wp-json\/wp\/v2\/pages\/2198\/revisions\/5853"}],"up":[{"embeddable":true,"href":"https:\/\/nyala.info\/de\/wp-json\/wp\/v2\/pages\/3536"}],"wp:featuredmedia":[{"embeddable":true,"href":"https:\/\/nyala.info\/de\/wp-json\/wp\/v2\/media\/610"}],"wp:attachment":[{"href":"https:\/\/nyala.info\/de\/wp-json\/wp\/v2\/media?parent=2198"}],"curies":[{"name":"wp","href":"https:\/\/api.w.org\/{rel}","templated":true}]}}