{"id":2191,"date":"2016-10-18T20:12:41","date_gmt":"2016-10-18T18:12:41","guid":{"rendered":"http:\/\/www.nyalahotel.biz\/de\/?page_id=2191"},"modified":"2017-07-24T11:51:45","modified_gmt":"2017-07-24T09:51:45","slug":"services","status":"publish","type":"page","link":"https:\/\/nyala.info\/de\/hotel\/services\/","title":{"rendered":"Services"},"content":{"rendered":"<h1 style=\"text-align: center;\">Nyala Hotel Sanremo Services und Einrichtungen<\/h1>\n<p style=\"text-align: center;\">Unser Hotel bietet Ihnen eine breite Palette an Serviceleistungen und Einrichtungen, um Ihnen Ihren Urlaub oder Ihre Dienstreise so angenehm und erfolgreich wie m\u00f6glich zu gestalten.<\/p>\n<p style=\"text-align: left;\"><div class=\"col-md-3\"><div class=\"featured\"><h4 class=\"f_title\">Restaurant<\/h4><img loading=\"lazy\" decoding=\"async\" src=\"<img loading=\"lazy\" decoding=\"async\" class=\"alignnone wp-image-2703 size-full\" src=\"http:\/\/www.nyalahotel.com\/wp-content\/uploads\/2016\/03\/ristorante-asmara.jpeg\" alt=\"ristorante asmara - Nyala Hotel Sanremo Services\" width=\"240\" height=\"200\" \/>\" class=\"img-responsive\"><div><\/p>\n<p style=\"text-align: justify;\">Das <a href=\"http:\/\/www.nyalahotel.com\/de\/restaurant\/das-restaurant\/\">Asmara Restaurant<\/a>\u00a0im Nyala Hotel serviert ein amerikanisches Fr\u00fchst\u00fccksbuffet mit zus\u00e4tzlichem, traditionellem Tischservice. W\u00e4hlen zwischen unserem Tagesmen\u00fc oder a la carte. In den Sommermonaten\u00a0gibt es zur Mittagszeit die M\u00f6glichkeit im <a href=\"http:\/\/www.nyalahotel.com\/en\/hotel\/the-swimming-pool\/\" target=\"_blank\">Dalak Grill<\/a>\u00a0am Swimmingpool zu essen, und im Wintergarten gibt es umfangreiches Buffet.<\/p>\n<ul style=\"text-align: justify;\">\n<li>Restaurant Asmara<\/li>\n<li>Dalak Grill\u00a0am Swimmingpool<\/li>\n<li>Die Azimuth Bar<\/li>\n<\/ul>\n<p><\/div><\/div><\/p>\n<\/div>\n<div class=\"col-md-3\">\n<p><div class=\"featured\"><h4 class=\"f_title\">Freizeit und Unterhaltung<\/h4><img loading=\"lazy\" decoding=\"async\" class=\"alignnone wp-image-2706 size-full\" src=\"http:\/\/www.nyalahotel.com\/wp-content\/uploads\/2016\/03\/giardino.jpeg\" alt=\"giardino - Nyala Hotel Sanremo Services \" width=\"240\" height=\"200\" srcset=\"https:\/\/nyala.info\/wp-content\/uploads\/2016\/03\/giardino.jpeg 240w, https:\/\/nyala.info\/wp-content\/uploads\/2016\/03\/giardino-1x1.jpeg 1w\" sizes=\"(max-width: 240px) 100vw, 240px\" \/><div><\/p>\n<p style=\"text-align: justify;\">Das Hotel verf\u00fcgt \u00fcber einen sch\u00f6nen <a href=\"http:\/\/www.nyalahotel.com\/de\/hotel\/der-garten\/\">Garten<\/a> mit in dem man bestens entspannen kann. Au\u00dferdem \u00fcber einen Swimmingpool, einen Kinderspielplatz und ein Spielzimmer. Fahrr\u00e4der stehen zum Verleih zur Verf\u00fcgung. Unser Hotel kann Rabatte und vorteilhafte Bedingungen bei den besten Sporteinrichtungen der Stadt,\u00a0 Equipment-H\u00e4ndlern und spezialisierten Trainer f\u00fcr jede Disziplin bieten.<\/p>\n<ul style=\"text-align: justify;\">\n<li>Fitness-Studio<\/li>\n<li>Tennis<\/li>\n<li>Reiten<\/li>\n<li>Golf<\/li>\n<li>Segeln und Wassersport<\/li>\n<li>Trekking<\/li>\n<li>Fahrradfahren<\/li>\n<li>Mountainbike<\/li>\n<li>Swimmingpool<\/li>\n<li>Kinderspielplatz<\/li>\n<li>Spielzimmer<\/li>\n<li>Fahrradunterstellm\u00f6glichkeit<br \/>\n<h3><\/div><\/div><\/h3>\n<\/div><div class=\"col-md-3\">\n<p style=\"text-align: center;\"><div class=\"featured\"><h4 class=\"f_title\">Unterhaltung<\/h4><img loading=\"lazy\" decoding=\"async\" class=\"alignnone wp-image-2708 size-full\" src=\"http:\/\/www.nyalahotel.com\/wp-content\/uploads\/2016\/03\/casino.jpg\" alt=\"casino - Nyala Hotel Sanremo Services\" width=\"240\" height=\"200\" srcset=\"https:\/\/nyala.info\/wp-content\/uploads\/2016\/03\/casino.jpg 240w, https:\/\/nyala.info\/wp-content\/uploads\/2016\/03\/casino-1x1.jpg 1w\" sizes=\"(max-width: 240px) 100vw, 240px\" \/><div><\/p>\n<\/li>\n<\/ul>\n<p style=\"text-align: justify;\">Wenn Sie bereit f\u00fcr Spa\u00df und Unterhaltung sind, lassen Sie uns Vorschl\u00e4ge wie das bezaubernde San Remo Casino anbieten. Kinotheater, die die neusten Blockbuster vorf\u00fchren, sind nicht weit entfernt, wie auch das Sinfonieorchester San Remo, welches au\u00dfergew\u00f6hnliche Konzerte veranstaltet.<\/p>\n<ul>\n<li style=\"text-align: justify;\">Casino<\/li>\n<li style=\"text-align: justify;\">Theater<\/li>\n<li style=\"text-align: justify;\">Sinfonieorchester<\/div><\/div><\/li>\n<\/ul>\n<\/div><div class=\"col-md-3\">\n<ul style=\"text-align: justify;\">\n<li>\n<p style=\"text-align: justify;\"><div class=\"featured\"><h4 class=\"f_title\">Serviceleistungen f\u00fcrs Business<\/h4><img loading=\"lazy\" decoding=\"async\" class=\"alignnone wp-image-2711 size-full\" src=\"http:\/\/www.nyalahotel.com\/wp-content\/uploads\/2016\/03\/saletta.jpeg\" alt=\"Nyala Hotel Sanremo Services\" width=\"240\" height=\"200\" srcset=\"https:\/\/nyala.info\/wp-content\/uploads\/2016\/03\/saletta.jpeg 240w, https:\/\/nyala.info\/wp-content\/uploads\/2016\/03\/saletta-1x1.jpeg 1w\" sizes=\"(max-width: 240px) 100vw, 240px\" \/><div><\/p>\n<\/li>\n<\/ul>\n<p style=\"text-align: justify;\">Unser Hotel verf\u00fcgt \u00fcber drei gut ausgestattete <a href=\"http:\/\/www.nyalahotel.com\/de\/konferenzen\/\">Konferenzr\u00e4ume<\/a>, die 10 bis 150 Personen fassen k\u00f6nnen. WiFi-Internetzugang in allen Zimmern und im allgemeinen Hotelbereich, Business Center mit PC,<span class=\"hps\" title=\"Fai clic per visualizzare le traduzioni alternative\">\u00a0Drucker,<\/span>\u00a0<span class=\"hps\" title=\"Fai clic per visualizzare le traduzioni alternative\">Telefon<\/span>, Fax und\u00a0<span class=\"hps\" title=\"Fai clic per visualizzare le traduzioni alternative\">Kopierer<\/span>.<\/p>\n<ul>\n<li style=\"text-align: justify;\"><span class=\"hps\" title=\"Fai clic per visualizzare le traduzioni alternative\">Klimaanlage<\/span><\/li>\n<li style=\"text-align: justify;\"><span class=\"hps\" title=\"Fai clic per visualizzare le traduzioni alternative\">WiFi-Internet<\/span><\/li>\n<li style=\"text-align: justify;\"><span class=\"hps\" title=\"Fai clic per visualizzare le traduzioni alternative\">Meeting<\/span><\/li>\n<li style=\"text-align: justify;\"><span class=\"hps\" title=\"Fai clic per visualizzare le traduzioni alternative\"><span class=\"hps\" title=\"Fai clic per visualizzare le traduzioni alternative\">Kostenloses Parken<\/span><\/span><\/li>\n<\/ul>\n<p><\/div><\/div><\/p>\n<\/div>\n","protected":false},"excerpt":{"rendered":"<p>Nyala Hotel Sanremo Services und Einrichtungen Unser Hotel bietet Ihnen eine breite Palette an Serviceleistungen und Einrichtungen, um Ihnen Ihren Urlaub oder Ihre Dienstreise so angenehm und erfolgreich wie m\u00f6glich zu gestalten.<\/p>\n","protected":false},"author":3,"featured_media":612,"parent":3536,"menu_order":0,"comment_status":"open","ping_status":"open","template":"","meta":{"_acf_changed":false,"footnotes":""},"class_list":["post-2191","page","type-page","status-publish","has-post-thumbnail","hentry"],"acf":[],"yoast_head":"<!-- This site is optimized with the Yoast SEO plugin v25.6 - https:\/\/yoast.com\/wordpress\/plugins\/seo\/ -->\n<title>Services | Nyala Suite Hotel 4-Sterne-Hotel in San Remo<\/title>\n<meta name=\"description\" content=\"Nyala Hotel Sanremo Services - Unser Hotel bietet Ihnen eine breite Palette an Serviceleistungen, um Ihnen Ihren Urlaub oder Ihre Dienstreise so angenehm\" \/>\n<meta name=\"robots\" content=\"noindex, follow, max-snippet:-1, max-image-preview:large, max-video-preview:-1\" \/>\n<meta property=\"og:locale\" content=\"de_DE\" \/>\n<meta property=\"og:type\" content=\"article\" \/>\n<meta property=\"og:title\" content=\"Services | Nyala Suite Hotel 4-Sterne-Hotel in San Remo\" \/>\n<meta property=\"og:description\" content=\"Nyala Hotel Sanremo Services - Unser Hotel bietet Ihnen eine breite Palette an Serviceleistungen, um Ihnen Ihren Urlaub oder Ihre Dienstreise so angenehm\" \/>\n<meta property=\"og:url\" content=\"https:\/\/nyala.info\/de\/hotel\/services\/\" \/>\n<meta property=\"og:site_name\" content=\"Nyala Suite Hotel\" \/>\n<meta property=\"article:modified_time\" content=\"2017-07-24T09:51:45+00:00\" \/>\n<meta property=\"og:image\" content=\"https:\/\/nyala.info\/wp-content\/uploads\/2015\/03\/nyala_ristorante.jpg\" \/>\n\t<meta property=\"og:image:width\" content=\"1500\" \/>\n\t<meta property=\"og:image:height\" content=\"1000\" \/>\n\t<meta property=\"og:image:type\" content=\"image\/jpeg\" \/>\n<meta name=\"twitter:card\" content=\"summary_large_image\" \/>\n<meta name=\"twitter:label1\" content=\"Est. reading time\" \/>\n\t<meta name=\"twitter:data1\" content=\"2 minutes\" \/>\n<script type=\"application\/ld+json\" class=\"yoast-schema-graph\">{\"@context\":\"https:\/\/schema.org\",\"@graph\":[{\"@type\":\"WebPage\",\"@id\":\"https:\/\/nyala.info\/de\/hotel\/services\/\",\"url\":\"https:\/\/nyala.info\/de\/hotel\/services\/\",\"name\":\"Services | Nyala Suite Hotel 4-Sterne-Hotel in San Remo\",\"isPartOf\":{\"@id\":\"https:\/\/nyala.info\/de\/#website\"},\"primaryImageOfPage\":{\"@id\":\"https:\/\/nyala.info\/de\/hotel\/services\/#primaryimage\"},\"image\":{\"@id\":\"https:\/\/nyala.info\/de\/hotel\/services\/#primaryimage\"},\"thumbnailUrl\":\"https:\/\/nyala.info\/wp-content\/uploads\/2015\/03\/nyala_ristorante.jpg\",\"datePublished\":\"2016-10-18T18:12:41+00:00\",\"dateModified\":\"2017-07-24T09:51:45+00:00\",\"description\":\"Nyala Hotel Sanremo Services - Unser Hotel bietet Ihnen eine breite Palette an Serviceleistungen, um Ihnen Ihren Urlaub oder Ihre Dienstreise so angenehm\",\"breadcrumb\":{\"@id\":\"https:\/\/nyala.info\/de\/hotel\/services\/#breadcrumb\"},\"inLanguage\":\"de-DE\",\"potentialAction\":[{\"@type\":\"ReadAction\",\"target\":[\"https:\/\/nyala.info\/de\/hotel\/services\/\"]}]},{\"@type\":\"ImageObject\",\"inLanguage\":\"de-DE\",\"@id\":\"https:\/\/nyala.info\/de\/hotel\/services\/#primaryimage\",\"url\":\"https:\/\/nyala.info\/wp-content\/uploads\/2015\/03\/nyala_ristorante.jpg\",\"contentUrl\":\"https:\/\/nyala.info\/wp-content\/uploads\/2015\/03\/nyala_ristorante.jpg\",\"width\":1500,\"height\":1000,\"caption\":\"ristorante, restaurant, services\"},{\"@type\":\"BreadcrumbList\",\"@id\":\"https:\/\/nyala.info\/de\/hotel\/services\/#breadcrumb\",\"itemListElement\":[{\"@type\":\"ListItem\",\"position\":1,\"name\":\"Home\",\"item\":\"https:\/\/nyala.info\/de\/\"},{\"@type\":\"ListItem\",\"position\":2,\"name\":\"Hotel\",\"item\":\"https:\/\/nyala.info\/de\/hotel\/\"},{\"@type\":\"ListItem\",\"position\":3,\"name\":\"Services\"}]},{\"@type\":\"WebSite\",\"@id\":\"https:\/\/nyala.info\/de\/#website\",\"url\":\"https:\/\/nyala.info\/de\/\",\"name\":\"Nyala Suite Hotel\",\"description\":\"4-Sterne-Hotel in San Remo\",\"potentialAction\":[{\"@type\":\"SearchAction\",\"target\":{\"@type\":\"EntryPoint\",\"urlTemplate\":\"https:\/\/nyala.info\/de\/?s={search_term_string}\"},\"query-input\":{\"@type\":\"PropertyValueSpecification\",\"valueRequired\":true,\"valueName\":\"search_term_string\"}}],\"inLanguage\":\"de-DE\"}]}<\/script>\n<!-- \/ Yoast SEO plugin. -->","yoast_head_json":{"title":"Services | Nyala Suite Hotel 4-Sterne-Hotel in San Remo","description":"Nyala Hotel Sanremo Services - Unser Hotel bietet Ihnen eine breite Palette an Serviceleistungen, um Ihnen Ihren Urlaub oder Ihre Dienstreise so angenehm","robots":{"index":"noindex","follow":"follow","max-snippet":"max-snippet:-1","max-image-preview":"max-image-preview:large","max-video-preview":"max-video-preview:-1"},"og_locale":"de_DE","og_type":"article","og_title":"Services | Nyala Suite Hotel 4-Sterne-Hotel in San Remo","og_description":"Nyala Hotel Sanremo Services - Unser Hotel bietet Ihnen eine breite Palette an Serviceleistungen, um Ihnen Ihren Urlaub oder Ihre Dienstreise so angenehm","og_url":"https:\/\/nyala.info\/de\/hotel\/services\/","og_site_name":"Nyala Suite Hotel","article_modified_time":"2017-07-24T09:51:45+00:00","og_image":[{"width":1500,"height":1000,"url":"https:\/\/nyala.info\/wp-content\/uploads\/2015\/03\/nyala_ristorante.jpg","type":"image\/jpeg"}],"twitter_card":"summary_large_image","twitter_misc":{"Est. reading time":"2 minutes"},"schema":{"@context":"https:\/\/schema.org","@graph":[{"@type":"WebPage","@id":"https:\/\/nyala.info\/de\/hotel\/services\/","url":"https:\/\/nyala.info\/de\/hotel\/services\/","name":"Services | Nyala Suite Hotel 4-Sterne-Hotel in San Remo","isPartOf":{"@id":"https:\/\/nyala.info\/de\/#website"},"primaryImageOfPage":{"@id":"https:\/\/nyala.info\/de\/hotel\/services\/#primaryimage"},"image":{"@id":"https:\/\/nyala.info\/de\/hotel\/services\/#primaryimage"},"thumbnailUrl":"https:\/\/nyala.info\/wp-content\/uploads\/2015\/03\/nyala_ristorante.jpg","datePublished":"2016-10-18T18:12:41+00:00","dateModified":"2017-07-24T09:51:45+00:00","description":"Nyala Hotel Sanremo Services - Unser Hotel bietet Ihnen eine breite Palette an Serviceleistungen, um Ihnen Ihren Urlaub oder Ihre Dienstreise so angenehm","breadcrumb":{"@id":"https:\/\/nyala.info\/de\/hotel\/services\/#breadcrumb"},"inLanguage":"de-DE","potentialAction":[{"@type":"ReadAction","target":["https:\/\/nyala.info\/de\/hotel\/services\/"]}]},{"@type":"ImageObject","inLanguage":"de-DE","@id":"https:\/\/nyala.info\/de\/hotel\/services\/#primaryimage","url":"https:\/\/nyala.info\/wp-content\/uploads\/2015\/03\/nyala_ristorante.jpg","contentUrl":"https:\/\/nyala.info\/wp-content\/uploads\/2015\/03\/nyala_ristorante.jpg","width":1500,"height":1000,"caption":"ristorante, restaurant, services"},{"@type":"BreadcrumbList","@id":"https:\/\/nyala.info\/de\/hotel\/services\/#breadcrumb","itemListElement":[{"@type":"ListItem","position":1,"name":"Home","item":"https:\/\/nyala.info\/de\/"},{"@type":"ListItem","position":2,"name":"Hotel","item":"https:\/\/nyala.info\/de\/hotel\/"},{"@type":"ListItem","position":3,"name":"Services"}]},{"@type":"WebSite","@id":"https:\/\/nyala.info\/de\/#website","url":"https:\/\/nyala.info\/de\/","name":"Nyala Suite Hotel","description":"4-Sterne-Hotel in San Remo","potentialAction":[{"@type":"SearchAction","target":{"@type":"EntryPoint","urlTemplate":"https:\/\/nyala.info\/de\/?s={search_term_string}"},"query-input":{"@type":"PropertyValueSpecification","valueRequired":true,"valueName":"search_term_string"}}],"inLanguage":"de-DE"}]}},"_links":{"self":[{"href":"https:\/\/nyala.info\/de\/wp-json\/wp\/v2\/pages\/2191"}],"collection":[{"href":"https:\/\/nyala.info\/de\/wp-json\/wp\/v2\/pages"}],"about":[{"href":"https:\/\/nyala.info\/de\/wp-json\/wp\/v2\/types\/page"}],"author":[{"embeddable":true,"href":"https:\/\/nyala.info\/de\/wp-json\/wp\/v2\/users\/3"}],"replies":[{"embeddable":true,"href":"https:\/\/nyala.info\/de\/wp-json\/wp\/v2\/comments?post=2191"}],"version-history":[{"count":10,"href":"https:\/\/nyala.info\/de\/wp-json\/wp\/v2\/pages\/2191\/revisions"}],"predecessor-version":[{"id":5646,"href":"https:\/\/nyala.info\/de\/wp-json\/wp\/v2\/pages\/2191\/revisions\/5646"}],"up":[{"embeddable":true,"href":"https:\/\/nyala.info\/de\/wp-json\/wp\/v2\/pages\/3536"}],"wp:featuredmedia":[{"embeddable":true,"href":"https:\/\/nyala.info\/de\/wp-json\/wp\/v2\/media\/612"}],"wp:attachment":[{"href":"https:\/\/nyala.info\/de\/wp-json\/wp\/v2\/media?parent=2191"}],"curies":[{"name":"wp","href":"https:\/\/api.w.org\/{rel}","templated":true}]}}