{"id":2186,"date":"2016-10-18T20:08:08","date_gmt":"2016-10-18T18:08:08","guid":{"rendered":"http:\/\/www.nyalahotel.biz\/de\/?page_id=2186"},"modified":"2016-11-03T11:14:07","modified_gmt":"2016-11-03T10:14:07","slug":"fuer-fahrradfahrer","status":"publish","type":"page","link":"https:\/\/nyala.info\/de\/angebote\/sportlich\/radurlaub\/fuer-fahrradfahrer\/","title":{"rendered":"F\u00fcr Fahrradfahrer"},"content":{"rendered":"<h2>F\u00fcr Fahrradfahrer<\/h2>\n<h5>UNSERE LEISTUNGEN F\u00dcR RAD- UND MOUNTAINBIKEFAHRER<\/h5>\n<h5>Als Mitglied der ITALY BIKE HOTELS Gruppe, bieten wir Radf- und Mountainbikefahrern ein umfassendes Paket an.<\/h5>\n<p>&nbsp;<\/p>\n<p>Ganzj\u00e4hrig mildes Klima, das wunderbare Meer, die bunten Blumen und die Hundere Jahre alten Palmen machen San Remo zu einem der ber\u00fchmtesten Standorte am Meer.<\/p>\n<p><strong>FAHRRADDEPOT<\/strong><br \/>\nSichere R\u00e4der&#8230;ruhige N\u00e4chte! Ihre R\u00e4der k\u00f6nnen Sie in einem verschlossenen Raum unterbringen, der mit Haken und St\u00e4ndern ausgestattet ist. In einem Umkleideraum k\u00f6nnen Sie sich bequem umziehen und Ihre Kleidung in verschlie\u00dfbaren Schr\u00e4nken unterbringen.<\/p>\n<p><strong>WERKSTATTSERVICE\u00a0<\/strong><br \/>\nBei uns finden Sie auch die n\u00f6tige Ausstattung um Ihre R\u00e4der in Ordnung zu halten<\/p>\n<p><strong>TOURISMUS UND FAHRRAD-REISEF\u00dcHRER<\/strong><br \/>\nEiner unserer Fahrrad Reisef\u00fchrer hilft Ihnen gerne bei der Planung Ihrer Tour, oder begleitet sie auf Ihrer Fahrrad oder Mountainbiketour. Unsere Experten kennen das Terrain in und auswendig und geben Ihnen gerne Ratschl\u00e4ge bez\u00fcglich der Routen.<\/p>\n<p><strong>RADWEGE<\/strong><br \/>\nDas Hotel stellt Ihnen gern Landkarten und Routenvorschl\u00e4ge in unser wundersch\u00f6nes Umland mit wertvollen technischen Hinweisen zur Verf\u00fcgung.<\/p>\n<p><strong>WASCHSERVICE<\/strong><br \/>\nAuf Anfrage ist ein Waschservice f\u00fcr Ihre Sportkleidung nach Ausfl\u00fcgen oder Trainingsfahrten erh\u00e4ltlich.<\/p>\n<p><strong>SPEZIELLE MEN\u00dcS<\/strong><br \/>\nUnsere K\u00fcche bietet ein besonders energiereiches Men\u00fc f\u00fcr vor und nach dem Training an, das den Anspr\u00fcchen von Sportlern angepasst ist. Es bietet ein ausgezeichnetes Gleichgewicht zwischen typischen Leckereien der lokalen K\u00fcche, hergestellt aus regionalen Produkten, und den Bestandteilen der authentischen &#8220;Dieta Mediterranea&#8221;. Wir laden Sie auch herzlich ein, unseren Snack Service in Anspruch zu nehmen, der auf Panini und Obst basiert und Ihnen die M\u00f6glichkeit gibt, auch auf anspruchsvollen Strecken Bestleistungen zu erbringen.<\/p>\n<p>&nbsp;<\/p>\n<p><strong>MEDIZINISCHE VERSORGUNG UND PHYSIOTHERAPIE<\/strong><br \/>\nIm Falle von kleinen Verletzungen oder Muskelkater, die Ihren Fahrradurlaub beeintr\u00e4chtigen k\u00f6nnten, haben wir einen Arzt und einen Physiotherapeuten zu Ihrer Verf\u00fcgung, die Sie wieder herstellen.<\/p>\n<p>&nbsp;<\/p>\n<p><strong>FITNESS UND MASSAGEN<\/strong><br \/>\nNach einem anstrengenden Tag k\u00f6nnen Sie sich in einer Sauna erholen oder sich unter den erfahrenen H\u00e4nden der Masseure des Sporting Club Solaro entspannen. Wenn Sie dagegen den Tag mit ein wenig k\u00f6rperlicher Ert\u00fcchtigung abschlie\u00dfen wollen, k\u00f6nnen Sie auch unsere anderen Angebote wie Tennis, Reiten, Golf usw. in Anspruch nehmen (400 m vom Hotel entfernt).<\/p>\n<p>&nbsp;<\/p>\n<p><strong>SPEZIELLE ABKOMMEN MIT FAHRRADL\u00c4DEN<\/strong><br \/>\nF\u00fcr anspruchsvolle Reparaturen k\u00f6nnen Sie sich an unsere hochspezialisierten after-sales service center wenden, die f\u00fcr alle F\u00e4lle ausger\u00fcstet sind.<\/p>\n","protected":false},"excerpt":{"rendered":"<p>F\u00fcr Fahrradfahrer UNSERE LEISTUNGEN F\u00dcR RAD- UND MOUNTAINBIKEFAHRER Als Mitglied der ITALY BIKE HOTELS Gruppe, bieten wir Radf- und Mountainbikefahrern ein umfassendes Paket an. &nbsp; Ganzj\u00e4hrig mildes Klima, das wunderbare Meer, die bunten Blumen und die Hundere Jahre alten Palmen machen San Remo zu einem der ber\u00fchmtesten Standorte am Meer. FAHRRADDEPOT Sichere R\u00e4der&#8230;ruhige N\u00e4chte! Ihre [&hellip;]<\/p>\n","protected":false},"author":3,"featured_media":1141,"parent":4758,"menu_order":24,"comment_status":"open","ping_status":"closed","template":"","meta":{"_acf_changed":false,"footnotes":""},"class_list":["post-2186","page","type-page","status-publish","has-post-thumbnail","hentry"],"acf":[],"yoast_head":"<!-- This site is optimized with the Yoast SEO plugin v25.6 - https:\/\/yoast.com\/wordpress\/plugins\/seo\/ -->\n<title>F\u00fcr Fahrradfahrer | Nyala Suite Hotel 4-Sterne-Hotel in San Remo<\/title>\n<meta name=\"description\" content=\"F\u00fcr Fahrradfahrer - Als Mitglied der ITALY BIKE HOTELS Gruppe, bieten wir Radf- und Mountainbikefahrern ein umfassendes Paket an.\" \/>\n<meta name=\"robots\" content=\"noindex, follow, max-snippet:-1, max-image-preview:large, max-video-preview:-1\" \/>\n<meta property=\"og:locale\" content=\"de_DE\" \/>\n<meta property=\"og:type\" content=\"article\" \/>\n<meta property=\"og:title\" content=\"F\u00fcr Fahrradfahrer | Nyala Suite Hotel 4-Sterne-Hotel in San Remo\" \/>\n<meta property=\"og:description\" content=\"F\u00fcr Fahrradfahrer - Als Mitglied der ITALY BIKE HOTELS Gruppe, bieten wir Radf- und Mountainbikefahrern ein umfassendes Paket an.\" \/>\n<meta property=\"og:url\" content=\"https:\/\/nyala.info\/de\/angebote\/sportlich\/radurlaub\/fuer-fahrradfahrer\/\" \/>\n<meta property=\"og:site_name\" content=\"Nyala Suite Hotel\" \/>\n<meta property=\"article:modified_time\" content=\"2016-11-03T10:14:07+00:00\" \/>\n<meta property=\"og:image\" content=\"https:\/\/nyala.info\/wp-content\/uploads\/2015\/04\/serviziciclisti.jpg\" \/>\n\t<meta property=\"og:image:width\" content=\"1620\" \/>\n\t<meta property=\"og:image:height\" content=\"1080\" \/>\n\t<meta property=\"og:image:type\" content=\"image\/jpeg\" \/>\n<meta name=\"twitter:card\" content=\"summary_large_image\" \/>\n<meta name=\"twitter:label1\" content=\"Est. reading time\" \/>\n\t<meta name=\"twitter:data1\" content=\"2 minutes\" \/>\n<script type=\"application\/ld+json\" class=\"yoast-schema-graph\">{\"@context\":\"https:\/\/schema.org\",\"@graph\":[{\"@type\":\"WebPage\",\"@id\":\"https:\/\/nyala.info\/de\/angebote\/sportlich\/radurlaub\/fuer-fahrradfahrer\/\",\"url\":\"https:\/\/nyala.info\/de\/angebote\/sportlich\/radurlaub\/fuer-fahrradfahrer\/\",\"name\":\"F\u00fcr Fahrradfahrer | Nyala Suite Hotel 4-Sterne-Hotel in San Remo\",\"isPartOf\":{\"@id\":\"https:\/\/nyala.info\/de\/#website\"},\"primaryImageOfPage\":{\"@id\":\"https:\/\/nyala.info\/de\/angebote\/sportlich\/radurlaub\/fuer-fahrradfahrer\/#primaryimage\"},\"image\":{\"@id\":\"https:\/\/nyala.info\/de\/angebote\/sportlich\/radurlaub\/fuer-fahrradfahrer\/#primaryimage\"},\"thumbnailUrl\":\"https:\/\/nyala.info\/wp-content\/uploads\/2015\/04\/serviziciclisti.jpg\",\"datePublished\":\"2016-10-18T18:08:08+00:00\",\"dateModified\":\"2016-11-03T10:14:07+00:00\",\"description\":\"F\u00fcr Fahrradfahrer - Als Mitglied der ITALY BIKE HOTELS Gruppe, bieten wir Radf- und Mountainbikefahrern ein umfassendes Paket an.\",\"breadcrumb\":{\"@id\":\"https:\/\/nyala.info\/de\/angebote\/sportlich\/radurlaub\/fuer-fahrradfahrer\/#breadcrumb\"},\"inLanguage\":\"de-DE\",\"potentialAction\":[{\"@type\":\"ReadAction\",\"target\":[\"https:\/\/nyala.info\/de\/angebote\/sportlich\/radurlaub\/fuer-fahrradfahrer\/\"]}]},{\"@type\":\"ImageObject\",\"inLanguage\":\"de-DE\",\"@id\":\"https:\/\/nyala.info\/de\/angebote\/sportlich\/radurlaub\/fuer-fahrradfahrer\/#primaryimage\",\"url\":\"https:\/\/nyala.info\/wp-content\/uploads\/2015\/04\/serviziciclisti.jpg\",\"contentUrl\":\"https:\/\/nyala.info\/wp-content\/uploads\/2015\/04\/serviziciclisti.jpg\",\"width\":1620,\"height\":1080,\"caption\":\"servizi ciclisti, F\u00fcr Fahrradfahrer, \u0423\u0441\u043b\u0443\u0433\u0438 \u0434\u043b\u044f \u043b\u044e\u0431\u0438\u0442\u0435\u043b\u0435\u0439 \u0432\u0435\u043b\u043e\u0441\u043f\u043e\u0440\u0442\u0430\"},{\"@type\":\"BreadcrumbList\",\"@id\":\"https:\/\/nyala.info\/de\/angebote\/sportlich\/radurlaub\/fuer-fahrradfahrer\/#breadcrumb\",\"itemListElement\":[{\"@type\":\"ListItem\",\"position\":1,\"name\":\"Home\",\"item\":\"https:\/\/nyala.info\/de\/\"},{\"@type\":\"ListItem\",\"position\":2,\"name\":\"ANGEBOTE\",\"item\":\"https:\/\/nyala.info\/de\/angebote\/\"},{\"@type\":\"ListItem\",\"position\":3,\"name\":\"Sportlich\",\"item\":\"https:\/\/nyala.info\/de\/angebote\/sportlich\/\"},{\"@type\":\"ListItem\",\"position\":4,\"name\":\"Radurlaub\",\"item\":\"https:\/\/nyala.info\/de\/angebote\/sportlich\/radurlaub\/\"},{\"@type\":\"ListItem\",\"position\":5,\"name\":\"F\u00fcr Fahrradfahrer\"}]},{\"@type\":\"WebSite\",\"@id\":\"https:\/\/nyala.info\/de\/#website\",\"url\":\"https:\/\/nyala.info\/de\/\",\"name\":\"Nyala Suite Hotel\",\"description\":\"4-Sterne-Hotel in San Remo\",\"potentialAction\":[{\"@type\":\"SearchAction\",\"target\":{\"@type\":\"EntryPoint\",\"urlTemplate\":\"https:\/\/nyala.info\/de\/?s={search_term_string}\"},\"query-input\":{\"@type\":\"PropertyValueSpecification\",\"valueRequired\":true,\"valueName\":\"search_term_string\"}}],\"inLanguage\":\"de-DE\"}]}<\/script>\n<!-- \/ Yoast SEO plugin. -->","yoast_head_json":{"title":"F\u00fcr Fahrradfahrer | Nyala Suite Hotel 4-Sterne-Hotel in San Remo","description":"F\u00fcr Fahrradfahrer - Als Mitglied der ITALY BIKE HOTELS Gruppe, bieten wir Radf- und Mountainbikefahrern ein umfassendes Paket an.","robots":{"index":"noindex","follow":"follow","max-snippet":"max-snippet:-1","max-image-preview":"max-image-preview:large","max-video-preview":"max-video-preview:-1"},"og_locale":"de_DE","og_type":"article","og_title":"F\u00fcr Fahrradfahrer | Nyala Suite Hotel 4-Sterne-Hotel in San Remo","og_description":"F\u00fcr Fahrradfahrer - Als Mitglied der ITALY BIKE HOTELS Gruppe, bieten wir Radf- und Mountainbikefahrern ein umfassendes Paket an.","og_url":"https:\/\/nyala.info\/de\/angebote\/sportlich\/radurlaub\/fuer-fahrradfahrer\/","og_site_name":"Nyala Suite Hotel","article_modified_time":"2016-11-03T10:14:07+00:00","og_image":[{"width":1620,"height":1080,"url":"https:\/\/nyala.info\/wp-content\/uploads\/2015\/04\/serviziciclisti.jpg","type":"image\/jpeg"}],"twitter_card":"summary_large_image","twitter_misc":{"Est. reading time":"2 minutes"},"schema":{"@context":"https:\/\/schema.org","@graph":[{"@type":"WebPage","@id":"https:\/\/nyala.info\/de\/angebote\/sportlich\/radurlaub\/fuer-fahrradfahrer\/","url":"https:\/\/nyala.info\/de\/angebote\/sportlich\/radurlaub\/fuer-fahrradfahrer\/","name":"F\u00fcr Fahrradfahrer | Nyala Suite Hotel 4-Sterne-Hotel in San Remo","isPartOf":{"@id":"https:\/\/nyala.info\/de\/#website"},"primaryImageOfPage":{"@id":"https:\/\/nyala.info\/de\/angebote\/sportlich\/radurlaub\/fuer-fahrradfahrer\/#primaryimage"},"image":{"@id":"https:\/\/nyala.info\/de\/angebote\/sportlich\/radurlaub\/fuer-fahrradfahrer\/#primaryimage"},"thumbnailUrl":"https:\/\/nyala.info\/wp-content\/uploads\/2015\/04\/serviziciclisti.jpg","datePublished":"2016-10-18T18:08:08+00:00","dateModified":"2016-11-03T10:14:07+00:00","description":"F\u00fcr Fahrradfahrer - Als Mitglied der ITALY BIKE HOTELS Gruppe, bieten wir Radf- und Mountainbikefahrern ein umfassendes Paket an.","breadcrumb":{"@id":"https:\/\/nyala.info\/de\/angebote\/sportlich\/radurlaub\/fuer-fahrradfahrer\/#breadcrumb"},"inLanguage":"de-DE","potentialAction":[{"@type":"ReadAction","target":["https:\/\/nyala.info\/de\/angebote\/sportlich\/radurlaub\/fuer-fahrradfahrer\/"]}]},{"@type":"ImageObject","inLanguage":"de-DE","@id":"https:\/\/nyala.info\/de\/angebote\/sportlich\/radurlaub\/fuer-fahrradfahrer\/#primaryimage","url":"https:\/\/nyala.info\/wp-content\/uploads\/2015\/04\/serviziciclisti.jpg","contentUrl":"https:\/\/nyala.info\/wp-content\/uploads\/2015\/04\/serviziciclisti.jpg","width":1620,"height":1080,"caption":"servizi ciclisti, F\u00fcr Fahrradfahrer, \u0423\u0441\u043b\u0443\u0433\u0438 \u0434\u043b\u044f \u043b\u044e\u0431\u0438\u0442\u0435\u043b\u0435\u0439 \u0432\u0435\u043b\u043e\u0441\u043f\u043e\u0440\u0442\u0430"},{"@type":"BreadcrumbList","@id":"https:\/\/nyala.info\/de\/angebote\/sportlich\/radurlaub\/fuer-fahrradfahrer\/#breadcrumb","itemListElement":[{"@type":"ListItem","position":1,"name":"Home","item":"https:\/\/nyala.info\/de\/"},{"@type":"ListItem","position":2,"name":"ANGEBOTE","item":"https:\/\/nyala.info\/de\/angebote\/"},{"@type":"ListItem","position":3,"name":"Sportlich","item":"https:\/\/nyala.info\/de\/angebote\/sportlich\/"},{"@type":"ListItem","position":4,"name":"Radurlaub","item":"https:\/\/nyala.info\/de\/angebote\/sportlich\/radurlaub\/"},{"@type":"ListItem","position":5,"name":"F\u00fcr Fahrradfahrer"}]},{"@type":"WebSite","@id":"https:\/\/nyala.info\/de\/#website","url":"https:\/\/nyala.info\/de\/","name":"Nyala Suite Hotel","description":"4-Sterne-Hotel in San Remo","potentialAction":[{"@type":"SearchAction","target":{"@type":"EntryPoint","urlTemplate":"https:\/\/nyala.info\/de\/?s={search_term_string}"},"query-input":{"@type":"PropertyValueSpecification","valueRequired":true,"valueName":"search_term_string"}}],"inLanguage":"de-DE"}]}},"_links":{"self":[{"href":"https:\/\/nyala.info\/de\/wp-json\/wp\/v2\/pages\/2186"}],"collection":[{"href":"https:\/\/nyala.info\/de\/wp-json\/wp\/v2\/pages"}],"about":[{"href":"https:\/\/nyala.info\/de\/wp-json\/wp\/v2\/types\/page"}],"author":[{"embeddable":true,"href":"https:\/\/nyala.info\/de\/wp-json\/wp\/v2\/users\/3"}],"replies":[{"embeddable":true,"href":"https:\/\/nyala.info\/de\/wp-json\/wp\/v2\/comments?post=2186"}],"version-history":[{"count":3,"href":"https:\/\/nyala.info\/de\/wp-json\/wp\/v2\/pages\/2186\/revisions"}],"predecessor-version":[{"id":2247,"href":"https:\/\/nyala.info\/de\/wp-json\/wp\/v2\/pages\/2186\/revisions\/2247"}],"up":[{"embeddable":true,"href":"https:\/\/nyala.info\/de\/wp-json\/wp\/v2\/pages\/4758"}],"wp:featuredmedia":[{"embeddable":true,"href":"https:\/\/nyala.info\/de\/wp-json\/wp\/v2\/media\/1141"}],"wp:attachment":[{"href":"https:\/\/nyala.info\/de\/wp-json\/wp\/v2\/media?parent=2186"}],"curies":[{"name":"wp","href":"https:\/\/api.w.org\/{rel}","templated":true}]}}