{"id":2180,"date":"2016-10-18T20:03:04","date_gmt":"2016-10-18T18:03:04","guid":{"rendered":"http:\/\/www.nyalahotel.biz\/de\/?page_id=2180"},"modified":"2016-10-30T12:52:00","modified_gmt":"2016-10-30T11:52:00","slug":"blumenriviera-golf-reisen","status":"publish","type":"page","link":"https:\/\/nyala.info\/de\/blumenriviera-golf-reisen\/","title":{"rendered":"Blumenriviera Golf Reisen"},"content":{"rendered":"<ul>\n<li>\n<h2 style=\"text-align: justify;\">GOLF TOURISMUS IN SAN REMO UND LIGURIEN<\/h2>\n<h2 style=\"text-align: justify;\"><a href=\"http:\/\/www.nyalahotel.com\/wp-content\/uploads\/2015\/04\/golfulivisanremo.jpg\"><img loading=\"lazy\" decoding=\"async\" class=\" wp-image-1137 alignright\" src=\"http:\/\/www.nyalahotel.com\/wp-content\/uploads\/2015\/04\/golfulivisanremo-300x200.jpg\" alt=\"ulivi sanremo\" width=\"363\" height=\"242\" srcset=\"https:\/\/nyala.info\/wp-content\/uploads\/2015\/04\/golfulivisanremo-300x200.jpg 300w, https:\/\/nyala.info\/wp-content\/uploads\/2015\/04\/golfulivisanremo-768x512.jpg 768w, https:\/\/nyala.info\/wp-content\/uploads\/2015\/04\/golfulivisanremo-1024x683.jpg 1024w, https:\/\/nyala.info\/wp-content\/uploads\/2015\/04\/golfulivisanremo-600x400.jpg 600w, https:\/\/nyala.info\/wp-content\/uploads\/2015\/04\/golfulivisanremo-2x1.jpg 2w, https:\/\/nyala.info\/wp-content\/uploads\/2015\/04\/golfulivisanremo.jpg 1350w\" sizes=\"(max-width: 363px) 100vw, 363px\" \/><\/a>San Remo&#8217;s mildes Klima lockt jedes Jahr eine Vielzahl von europ\u00e4ischen Golfern an.<\/h2>\n<p style=\"text-align: justify;\">SAN REMO ULIVI GOLFCLUB<br \/>\nDer 1931 gegr\u00fcndetet Goldclub z\u00e4hlt zu einem der wichtigsten Golfclubs des Mittelmeerraums. In seinen 75 Jahren hat der Golfclub eine Vielzahl von internationalen Turnieren gehostet. Mit seinen 18 L\u00f6chern, 69 par und einer L\u00e4nge von 5203 Metern, ist die Qualit\u00e4t hier mehr wert als die St\u00e4rke des Abschlags.<br \/>\nDie wunderbare Aussicht auf das Meer und das elegante Clubhaus mit Bar Restaurant und eienm Shop f\u00fcr Golfer, machen das Paket komplett.<\/p>\n<p style=\"text-align: justify;\">\n<p style=\"text-align: justify;\">GOLFCLUBS IN DER N\u00c4HE VON SAN REMO<br \/>\nIn etwa 40 Minuten Entfernung befindet sich der Castellaro Golfplatz (9 L\u00f6cher), Garlenda (18 L\u00f6cher), und der Golfplatz von Monte Carlo (18 L\u00f6cher). Bei dieser Auswahl k\u00f6nnen Sie w\u00e4hrend Ihres Aufenthalts bei uns jeden tag einen neuen Golfplatz entdecken.<br \/>\nDas Nyala Suite Hotel hat einige spezielle Angebote f\u00fcr Golf Liebhaber zusammengestellt, um Ihnen Ihren Aufenthalt so angenehm wie m\u00f6glich zu gestalten. Auf Reservation bieten wir zudem einen kostenlosen Transport per Minibus zu und vom Ulivi Golfclub.<\/p>\n<\/li>\n<\/ul>\n","protected":false},"excerpt":{"rendered":"<p>GOLF TOURISMUS IN SAN REMO UND LIGURIEN San Remo&#8217;s mildes Klima lockt jedes Jahr eine Vielzahl von europ\u00e4ischen Golfern an. SAN REMO ULIVI GOLFCLUB Der 1931 gegr\u00fcndetet Goldclub z\u00e4hlt zu einem der wichtigsten Golfclubs des Mittelmeerraums. In seinen 75 Jahren hat der Golfclub eine Vielzahl von internationalen Turnieren gehostet. Mit seinen 18 L\u00f6chern, 69 par [&hellip;]<\/p>\n","protected":false},"author":3,"featured_media":1137,"parent":0,"menu_order":30,"comment_status":"open","ping_status":"closed","template":"","meta":{"_acf_changed":false,"footnotes":""},"class_list":["post-2180","page","type-page","status-publish","has-post-thumbnail","hentry"],"acf":[],"yoast_head":"<!-- This site is optimized with the Yoast SEO plugin v25.6 - https:\/\/yoast.com\/wordpress\/plugins\/seo\/ -->\n<title>Blumenriviera Golf Reisen | Nyala Suite Hotel 4-Sterne-Hotel in San Remo<\/title>\n<meta name=\"description\" content=\"Golf Tourismus in San Remo und Ligurien. San Remo&#039;s mildes Klima lockt jedes Jahr eine Vielzahl von europ\u00e4ischen Golfern an.\" \/>\n<meta name=\"robots\" content=\"noindex, follow, max-snippet:-1, max-image-preview:large, max-video-preview:-1\" \/>\n<meta property=\"og:locale\" content=\"de_DE\" \/>\n<meta property=\"og:type\" content=\"article\" \/>\n<meta property=\"og:title\" content=\"Blumenriviera Golf Reisen | Nyala Suite Hotel 4-Sterne-Hotel in San Remo\" \/>\n<meta property=\"og:description\" content=\"Golf Tourismus in San Remo und Ligurien. San Remo&#039;s mildes Klima lockt jedes Jahr eine Vielzahl von europ\u00e4ischen Golfern an.\" \/>\n<meta property=\"og:url\" content=\"https:\/\/nyala.info\/de\/blumenriviera-golf-reisen\/\" \/>\n<meta property=\"og:site_name\" content=\"Nyala Suite Hotel\" \/>\n<meta property=\"article:modified_time\" content=\"2016-10-30T11:52:00+00:00\" \/>\n<meta property=\"og:image\" content=\"https:\/\/nyala.info\/wp-content\/uploads\/2015\/04\/golfulivisanremo.jpg\" \/>\n\t<meta property=\"og:image:width\" content=\"1350\" \/>\n\t<meta property=\"og:image:height\" content=\"900\" \/>\n\t<meta property=\"og:image:type\" content=\"image\/jpeg\" \/>\n<meta name=\"twitter:card\" content=\"summary_large_image\" \/>\n<meta name=\"twitter:label1\" content=\"Est. reading time\" \/>\n\t<meta name=\"twitter:data1\" content=\"1 minute\" \/>\n<script type=\"application\/ld+json\" class=\"yoast-schema-graph\">{\"@context\":\"https:\/\/schema.org\",\"@graph\":[{\"@type\":\"WebPage\",\"@id\":\"https:\/\/nyala.info\/de\/blumenriviera-golf-reisen\/\",\"url\":\"https:\/\/nyala.info\/de\/blumenriviera-golf-reisen\/\",\"name\":\"Blumenriviera Golf Reisen | Nyala Suite Hotel 4-Sterne-Hotel in San Remo\",\"isPartOf\":{\"@id\":\"https:\/\/nyala.info\/de\/#website\"},\"primaryImageOfPage\":{\"@id\":\"https:\/\/nyala.info\/de\/blumenriviera-golf-reisen\/#primaryimage\"},\"image\":{\"@id\":\"https:\/\/nyala.info\/de\/blumenriviera-golf-reisen\/#primaryimage\"},\"thumbnailUrl\":\"https:\/\/nyala.info\/wp-content\/uploads\/2015\/04\/golfulivisanremo.jpg\",\"datePublished\":\"2016-10-18T18:03:04+00:00\",\"dateModified\":\"2016-10-30T11:52:00+00:00\",\"description\":\"Golf Tourismus in San Remo und Ligurien. San Remo's mildes Klima lockt jedes Jahr eine Vielzahl von europ\u00e4ischen Golfern an.\",\"breadcrumb\":{\"@id\":\"https:\/\/nyala.info\/de\/blumenriviera-golf-reisen\/#breadcrumb\"},\"inLanguage\":\"de-DE\",\"potentialAction\":[{\"@type\":\"ReadAction\",\"target\":[\"https:\/\/nyala.info\/de\/blumenriviera-golf-reisen\/\"]}]},{\"@type\":\"ImageObject\",\"inLanguage\":\"de-DE\",\"@id\":\"https:\/\/nyala.info\/de\/blumenriviera-golf-reisen\/#primaryimage\",\"url\":\"https:\/\/nyala.info\/wp-content\/uploads\/2015\/04\/golfulivisanremo.jpg\",\"contentUrl\":\"https:\/\/nyala.info\/wp-content\/uploads\/2015\/04\/golfulivisanremo.jpg\",\"width\":1350,\"height\":900,\"caption\":\"ulivi sanremo, Blumenriviera Golf, \u0413\u041e\u041b\u042c\u0424\"},{\"@type\":\"BreadcrumbList\",\"@id\":\"https:\/\/nyala.info\/de\/blumenriviera-golf-reisen\/#breadcrumb\",\"itemListElement\":[{\"@type\":\"ListItem\",\"position\":1,\"name\":\"Home\",\"item\":\"https:\/\/nyala.info\/de\/\"},{\"@type\":\"ListItem\",\"position\":2,\"name\":\"Blumenriviera Golf Reisen\"}]},{\"@type\":\"WebSite\",\"@id\":\"https:\/\/nyala.info\/de\/#website\",\"url\":\"https:\/\/nyala.info\/de\/\",\"name\":\"Nyala Suite Hotel\",\"description\":\"4-Sterne-Hotel in San Remo\",\"potentialAction\":[{\"@type\":\"SearchAction\",\"target\":{\"@type\":\"EntryPoint\",\"urlTemplate\":\"https:\/\/nyala.info\/de\/?s={search_term_string}\"},\"query-input\":{\"@type\":\"PropertyValueSpecification\",\"valueRequired\":true,\"valueName\":\"search_term_string\"}}],\"inLanguage\":\"de-DE\"}]}<\/script>\n<!-- \/ Yoast SEO plugin. -->","yoast_head_json":{"title":"Blumenriviera Golf Reisen | Nyala Suite Hotel 4-Sterne-Hotel in San Remo","description":"Golf Tourismus in San Remo und Ligurien. San Remo's mildes Klima lockt jedes Jahr eine Vielzahl von europ\u00e4ischen Golfern an.","robots":{"index":"noindex","follow":"follow","max-snippet":"max-snippet:-1","max-image-preview":"max-image-preview:large","max-video-preview":"max-video-preview:-1"},"og_locale":"de_DE","og_type":"article","og_title":"Blumenriviera Golf Reisen | Nyala Suite Hotel 4-Sterne-Hotel in San Remo","og_description":"Golf Tourismus in San Remo und Ligurien. San Remo's mildes Klima lockt jedes Jahr eine Vielzahl von europ\u00e4ischen Golfern an.","og_url":"https:\/\/nyala.info\/de\/blumenriviera-golf-reisen\/","og_site_name":"Nyala Suite Hotel","article_modified_time":"2016-10-30T11:52:00+00:00","og_image":[{"width":1350,"height":900,"url":"https:\/\/nyala.info\/wp-content\/uploads\/2015\/04\/golfulivisanremo.jpg","type":"image\/jpeg"}],"twitter_card":"summary_large_image","twitter_misc":{"Est. reading time":"1 minute"},"schema":{"@context":"https:\/\/schema.org","@graph":[{"@type":"WebPage","@id":"https:\/\/nyala.info\/de\/blumenriviera-golf-reisen\/","url":"https:\/\/nyala.info\/de\/blumenriviera-golf-reisen\/","name":"Blumenriviera Golf Reisen | Nyala Suite Hotel 4-Sterne-Hotel in San Remo","isPartOf":{"@id":"https:\/\/nyala.info\/de\/#website"},"primaryImageOfPage":{"@id":"https:\/\/nyala.info\/de\/blumenriviera-golf-reisen\/#primaryimage"},"image":{"@id":"https:\/\/nyala.info\/de\/blumenriviera-golf-reisen\/#primaryimage"},"thumbnailUrl":"https:\/\/nyala.info\/wp-content\/uploads\/2015\/04\/golfulivisanremo.jpg","datePublished":"2016-10-18T18:03:04+00:00","dateModified":"2016-10-30T11:52:00+00:00","description":"Golf Tourismus in San Remo und Ligurien. San Remo's mildes Klima lockt jedes Jahr eine Vielzahl von europ\u00e4ischen Golfern an.","breadcrumb":{"@id":"https:\/\/nyala.info\/de\/blumenriviera-golf-reisen\/#breadcrumb"},"inLanguage":"de-DE","potentialAction":[{"@type":"ReadAction","target":["https:\/\/nyala.info\/de\/blumenriviera-golf-reisen\/"]}]},{"@type":"ImageObject","inLanguage":"de-DE","@id":"https:\/\/nyala.info\/de\/blumenriviera-golf-reisen\/#primaryimage","url":"https:\/\/nyala.info\/wp-content\/uploads\/2015\/04\/golfulivisanremo.jpg","contentUrl":"https:\/\/nyala.info\/wp-content\/uploads\/2015\/04\/golfulivisanremo.jpg","width":1350,"height":900,"caption":"ulivi sanremo, Blumenriviera Golf, \u0413\u041e\u041b\u042c\u0424"},{"@type":"BreadcrumbList","@id":"https:\/\/nyala.info\/de\/blumenriviera-golf-reisen\/#breadcrumb","itemListElement":[{"@type":"ListItem","position":1,"name":"Home","item":"https:\/\/nyala.info\/de\/"},{"@type":"ListItem","position":2,"name":"Blumenriviera Golf Reisen"}]},{"@type":"WebSite","@id":"https:\/\/nyala.info\/de\/#website","url":"https:\/\/nyala.info\/de\/","name":"Nyala Suite Hotel","description":"4-Sterne-Hotel in San Remo","potentialAction":[{"@type":"SearchAction","target":{"@type":"EntryPoint","urlTemplate":"https:\/\/nyala.info\/de\/?s={search_term_string}"},"query-input":{"@type":"PropertyValueSpecification","valueRequired":true,"valueName":"search_term_string"}}],"inLanguage":"de-DE"}]}},"_links":{"self":[{"href":"https:\/\/nyala.info\/de\/wp-json\/wp\/v2\/pages\/2180"}],"collection":[{"href":"https:\/\/nyala.info\/de\/wp-json\/wp\/v2\/pages"}],"about":[{"href":"https:\/\/nyala.info\/de\/wp-json\/wp\/v2\/types\/page"}],"author":[{"embeddable":true,"href":"https:\/\/nyala.info\/de\/wp-json\/wp\/v2\/users\/3"}],"replies":[{"embeddable":true,"href":"https:\/\/nyala.info\/de\/wp-json\/wp\/v2\/comments?post=2180"}],"version-history":[{"count":3,"href":"https:\/\/nyala.info\/de\/wp-json\/wp\/v2\/pages\/2180\/revisions"}],"predecessor-version":[{"id":2236,"href":"https:\/\/nyala.info\/de\/wp-json\/wp\/v2\/pages\/2180\/revisions\/2236"}],"wp:featuredmedia":[{"embeddable":true,"href":"https:\/\/nyala.info\/de\/wp-json\/wp\/v2\/media\/1137"}],"wp:attachment":[{"href":"https:\/\/nyala.info\/de\/wp-json\/wp\/v2\/media?parent=2180"}],"curies":[{"name":"wp","href":"https:\/\/api.w.org\/{rel}","templated":true}]}}