{"id":2178,"date":"2016-10-18T19:55:05","date_gmt":"2016-10-18T17:55:05","guid":{"rendered":"http:\/\/www.nyalahotel.biz\/de\/?page_id=2178"},"modified":"2024-06-26T11:16:58","modified_gmt":"2024-06-26T09:16:58","slug":"genua-die-hervorragende","status":"publish","type":"page","link":"https:\/\/nyala.info\/de\/tagesausfluege\/genua-die-hervorragende\/","title":{"rendered":"GENUA DIE HERVORRAGENDE"},"content":{"rendered":"<h4>Auf unserem Ausflug nach Genua haben sie Gelegenheit dazu die wahre Gr\u00f6\u00dfe der maritimen Republik zu entdecken. Von der Geschichte der gro\u00dfen Pal\u00e4ste auf der Barockzeit, bis hin zur modernen Architektur des antiken Hafens.<\/h4>\n<p><span id=\"more-1474\"><\/span><br \/>\nAUSFLUGSPROGRAMM<\/p>\n<p>*Von San Remo \u00fcber die Autobahn bis\u00a0<strong>Genua<\/strong>: Strecke, 140km ca. 1Std. 30 Min.<\/p>\n<p>* Halt am\u00a0<strong>alten Hafen<\/strong>, der durch den Architekten Renzo Piano erneuert wurde.<\/p>\n<p>* Besuch des\u00a0<strong>Galata Aquariums<\/strong>, das Gr\u00f6\u00dfte in ganz Europa, wo verschiedene Meere und ihre Bewohner zu bestaunen sind. Mit \u00fcber eine Million Besuchern ist es da\u00df zweit besuchteste Museum von Italien.<\/p>\n<p>* Besuch der Innenstadt des K\u00f6nigspalastes und dem\u00a0<strong>Herzogen Palast<\/strong>.<\/p>\n<p>* Au\u00dfderdem einen Besuch wert ist das historische Stadtzentrum, wo sie unter anderem den oppulenten Herzogspalast und das k\u00fcnstlerische Stadtviertel\u00a0\u00a0<strong>Strada Nuevo<\/strong>, welches zum\u00a0<strong>UNESCO Weltkulturerbe<\/strong>\u00a0z\u00e4hlt.<\/p>\n<p>* Zur\u00fcck \u00fcber die Autobahn.<\/p>\n<p>IM ANGEBOT ENTHALTEN:<\/p>\n<ul>\n<li>Transfer via Minibus inkl. Fahrer<\/li>\n<\/ul>\n<p>A LA CARTE LEISTUNGEN:<\/p>\n<ul>\n<li>Mittagessen in einem authentischen Restaurant der Stadt<\/li>\n<li>Vorab-Reservierung von Eintrittskarten f\u00fcr das Aquarium von Genua<\/li>\n<li>Vorab-Reservierung von Eintrittskarten zu den Pallazzi dei Rolli<\/li>\n<li>Vorab-Reservierung von Eintrittskarten f\u00fcr die Kunstausstellung im Pallazzo Ducale<\/li>\n<\/ul>\n<p>&nbsp;<\/p>\n<p>NICHT IM ANGEBOT ENTHALTEN<\/p>\n<ul>\n<li>Speisen u. Getr\u00e4nke<\/li>\n<li>Eintrittskartenpreise<\/li>\n<li>alles was nicht ausf\u00fchrlich unter \u201eIm Angebot enthalten\u201c aufgef\u00fchrt ist<\/li>\n<\/ul>\n<p>&nbsp;<\/p>\n<p>&nbsp;<\/p>\n<p><img loading=\"lazy\" decoding=\"async\" class=\"alignleft\" src=\"https:\/\/www.itourriviera.it\/wordpress\/wp-content\/uploads\/2011\/11\/bambini.png\" alt=\"Escursioni per i bambini\" width=\"175\" height=\"85\" \/>UNTERWEGS MIT KINDERN<\/p>\n<p>F\u00fcr Familien, die mit Kindern reisen ist ein Besuch des<strong>\u00a0Aquariums von Genua<\/strong>\u00a0ein absolutes Muss. Aber auch der alte Hafen in dem\u00a0<strong>Polanski\u2019s Film \u201ePiraten\u201c<\/strong>\u00a0gedreht wurde sollte auf keiner Ausflugsliste fehlen.<\/p>\n","protected":false},"excerpt":{"rendered":"<p>Auf unserem Ausflug nach Genua haben sie Gelegenheit dazu die wahre Gr\u00f6\u00dfe der maritimen Republik zu entdecken. Von der Geschichte der gro\u00dfen Pal\u00e4ste auf der Barockzeit, bis hin zur modernen Architektur des antiken Hafens. AUSFLUGSPROGRAMM *Von San Remo \u00fcber die Autobahn bis\u00a0Genua: Strecke, 140km ca. 1Std. 30 Min. * Halt am\u00a0alten Hafen, der durch den [&hellip;]<\/p>\n","protected":false},"author":3,"featured_media":1536,"parent":5805,"menu_order":30,"comment_status":"open","ping_status":"open","template":"","meta":{"_acf_changed":false,"footnotes":""},"class_list":["post-2178","page","type-page","status-publish","has-post-thumbnail","hentry"],"acf":[],"yoast_head":"<!-- This site is optimized with the Yoast SEO plugin v25.6 - https:\/\/yoast.com\/wordpress\/plugins\/seo\/ -->\n<title>GENUA DIE HERVORRAGENDE | Nyala Suite Hotel 4-Sterne-Hotel in San Remo<\/title>\n<meta name=\"description\" content=\"Genua die Hervorragende - Anfahrt \u00fcber die Autobahn (140 km, ca. 2 STd.). Halt am alten Hafen, der durch den Architekten Renzo Piano erneuert wurde.\" \/>\n<meta name=\"robots\" content=\"noindex, follow, max-snippet:-1, max-image-preview:large, max-video-preview:-1\" \/>\n<meta property=\"og:locale\" content=\"de_DE\" \/>\n<meta property=\"og:type\" content=\"article\" \/>\n<meta property=\"og:title\" content=\"GENUA DIE HERVORRAGENDE | Nyala Suite Hotel 4-Sterne-Hotel in San Remo\" \/>\n<meta property=\"og:description\" content=\"Genua die Hervorragende - Anfahrt \u00fcber die Autobahn (140 km, ca. 2 STd.). Halt am alten Hafen, der durch den Architekten Renzo Piano erneuert wurde.\" \/>\n<meta property=\"og:url\" content=\"https:\/\/nyala.info\/de\/tagesausfluege\/genua-die-hervorragende\/\" \/>\n<meta property=\"og:site_name\" content=\"Nyala Suite Hotel\" \/>\n<meta property=\"article:modified_time\" content=\"2024-06-26T09:16:58+00:00\" \/>\n<meta property=\"og:image\" content=\"http:\/\/nyala.info\/wp-content\/uploads\/2015\/04\/lanternagenova.jpg\" \/>\n\t<meta property=\"og:image:width\" content=\"673\" \/>\n\t<meta property=\"og:image:height\" content=\"320\" \/>\n\t<meta property=\"og:image:type\" content=\"image\/jpeg\" \/>\n<meta name=\"twitter:card\" content=\"summary_large_image\" \/>\n<meta name=\"twitter:label1\" content=\"Est. reading time\" \/>\n\t<meta name=\"twitter:data1\" content=\"2 minutes\" \/>\n<script type=\"application\/ld+json\" class=\"yoast-schema-graph\">{\"@context\":\"https:\/\/schema.org\",\"@graph\":[{\"@type\":\"WebPage\",\"@id\":\"https:\/\/nyala.info\/de\/tagesausfluege\/genua-die-hervorragende\/\",\"url\":\"https:\/\/nyala.info\/de\/tagesausfluege\/genua-die-hervorragende\/\",\"name\":\"GENUA DIE HERVORRAGENDE | Nyala Suite Hotel 4-Sterne-Hotel in San Remo\",\"isPartOf\":{\"@id\":\"https:\/\/nyala.info\/de\/#website\"},\"primaryImageOfPage\":{\"@id\":\"https:\/\/nyala.info\/de\/tagesausfluege\/genua-die-hervorragende\/#primaryimage\"},\"image\":{\"@id\":\"https:\/\/nyala.info\/de\/tagesausfluege\/genua-die-hervorragende\/#primaryimage\"},\"thumbnailUrl\":\"https:\/\/nyala.info\/wp-content\/uploads\/2015\/04\/lanternagenova.jpg\",\"datePublished\":\"2016-10-18T17:55:05+00:00\",\"dateModified\":\"2024-06-26T09:16:58+00:00\",\"description\":\"Genua die Hervorragende - Anfahrt \u00fcber die Autobahn (140 km, ca. 2 STd.). Halt am alten Hafen, der durch den Architekten Renzo Piano erneuert wurde.\",\"breadcrumb\":{\"@id\":\"https:\/\/nyala.info\/de\/tagesausfluege\/genua-die-hervorragende\/#breadcrumb\"},\"inLanguage\":\"de-DE\",\"potentialAction\":[{\"@type\":\"ReadAction\",\"target\":[\"https:\/\/nyala.info\/de\/tagesausfluege\/genua-die-hervorragende\/\"]}]},{\"@type\":\"ImageObject\",\"inLanguage\":\"de-DE\",\"@id\":\"https:\/\/nyala.info\/de\/tagesausfluege\/genua-die-hervorragende\/#primaryimage\",\"url\":\"https:\/\/nyala.info\/wp-content\/uploads\/2015\/04\/lanternagenova.jpg\",\"contentUrl\":\"https:\/\/nyala.info\/wp-content\/uploads\/2015\/04\/lanternagenova.jpg\",\"width\":673,\"height\":320,\"caption\":\"genova, Genua die Hervorragende\"},{\"@type\":\"BreadcrumbList\",\"@id\":\"https:\/\/nyala.info\/de\/tagesausfluege\/genua-die-hervorragende\/#breadcrumb\",\"itemListElement\":[{\"@type\":\"ListItem\",\"position\":1,\"name\":\"Home\",\"item\":\"https:\/\/nyala.info\/de\/\"},{\"@type\":\"ListItem\",\"position\":2,\"name\":\"Tagesausfl\u00fcge: Die Riviera in 7 Tage\",\"item\":\"https:\/\/nyala.info\/de\/tagesausfluege\/\"},{\"@type\":\"ListItem\",\"position\":3,\"name\":\"GENUA DIE HERVORRAGENDE\"}]},{\"@type\":\"WebSite\",\"@id\":\"https:\/\/nyala.info\/de\/#website\",\"url\":\"https:\/\/nyala.info\/de\/\",\"name\":\"Nyala Suite Hotel\",\"description\":\"4-Sterne-Hotel in San Remo\",\"potentialAction\":[{\"@type\":\"SearchAction\",\"target\":{\"@type\":\"EntryPoint\",\"urlTemplate\":\"https:\/\/nyala.info\/de\/?s={search_term_string}\"},\"query-input\":{\"@type\":\"PropertyValueSpecification\",\"valueRequired\":true,\"valueName\":\"search_term_string\"}}],\"inLanguage\":\"de-DE\"}]}<\/script>\n<!-- \/ Yoast SEO plugin. -->","yoast_head_json":{"title":"GENUA DIE HERVORRAGENDE | Nyala Suite Hotel 4-Sterne-Hotel in San Remo","description":"Genua die Hervorragende - Anfahrt \u00fcber die Autobahn (140 km, ca. 2 STd.). Halt am alten Hafen, der durch den Architekten Renzo Piano erneuert wurde.","robots":{"index":"noindex","follow":"follow","max-snippet":"max-snippet:-1","max-image-preview":"max-image-preview:large","max-video-preview":"max-video-preview:-1"},"og_locale":"de_DE","og_type":"article","og_title":"GENUA DIE HERVORRAGENDE | Nyala Suite Hotel 4-Sterne-Hotel in San Remo","og_description":"Genua die Hervorragende - Anfahrt \u00fcber die Autobahn (140 km, ca. 2 STd.). Halt am alten Hafen, der durch den Architekten Renzo Piano erneuert wurde.","og_url":"https:\/\/nyala.info\/de\/tagesausfluege\/genua-die-hervorragende\/","og_site_name":"Nyala Suite Hotel","article_modified_time":"2024-06-26T09:16:58+00:00","og_image":[{"width":673,"height":320,"url":"http:\/\/nyala.info\/wp-content\/uploads\/2015\/04\/lanternagenova.jpg","type":"image\/jpeg"}],"twitter_card":"summary_large_image","twitter_misc":{"Est. reading time":"2 minutes"},"schema":{"@context":"https:\/\/schema.org","@graph":[{"@type":"WebPage","@id":"https:\/\/nyala.info\/de\/tagesausfluege\/genua-die-hervorragende\/","url":"https:\/\/nyala.info\/de\/tagesausfluege\/genua-die-hervorragende\/","name":"GENUA DIE HERVORRAGENDE | Nyala Suite Hotel 4-Sterne-Hotel in San Remo","isPartOf":{"@id":"https:\/\/nyala.info\/de\/#website"},"primaryImageOfPage":{"@id":"https:\/\/nyala.info\/de\/tagesausfluege\/genua-die-hervorragende\/#primaryimage"},"image":{"@id":"https:\/\/nyala.info\/de\/tagesausfluege\/genua-die-hervorragende\/#primaryimage"},"thumbnailUrl":"https:\/\/nyala.info\/wp-content\/uploads\/2015\/04\/lanternagenova.jpg","datePublished":"2016-10-18T17:55:05+00:00","dateModified":"2024-06-26T09:16:58+00:00","description":"Genua die Hervorragende - Anfahrt \u00fcber die Autobahn (140 km, ca. 2 STd.). Halt am alten Hafen, der durch den Architekten Renzo Piano erneuert wurde.","breadcrumb":{"@id":"https:\/\/nyala.info\/de\/tagesausfluege\/genua-die-hervorragende\/#breadcrumb"},"inLanguage":"de-DE","potentialAction":[{"@type":"ReadAction","target":["https:\/\/nyala.info\/de\/tagesausfluege\/genua-die-hervorragende\/"]}]},{"@type":"ImageObject","inLanguage":"de-DE","@id":"https:\/\/nyala.info\/de\/tagesausfluege\/genua-die-hervorragende\/#primaryimage","url":"https:\/\/nyala.info\/wp-content\/uploads\/2015\/04\/lanternagenova.jpg","contentUrl":"https:\/\/nyala.info\/wp-content\/uploads\/2015\/04\/lanternagenova.jpg","width":673,"height":320,"caption":"genova, Genua die Hervorragende"},{"@type":"BreadcrumbList","@id":"https:\/\/nyala.info\/de\/tagesausfluege\/genua-die-hervorragende\/#breadcrumb","itemListElement":[{"@type":"ListItem","position":1,"name":"Home","item":"https:\/\/nyala.info\/de\/"},{"@type":"ListItem","position":2,"name":"Tagesausfl\u00fcge: Die Riviera in 7 Tage","item":"https:\/\/nyala.info\/de\/tagesausfluege\/"},{"@type":"ListItem","position":3,"name":"GENUA DIE HERVORRAGENDE"}]},{"@type":"WebSite","@id":"https:\/\/nyala.info\/de\/#website","url":"https:\/\/nyala.info\/de\/","name":"Nyala Suite Hotel","description":"4-Sterne-Hotel in San Remo","potentialAction":[{"@type":"SearchAction","target":{"@type":"EntryPoint","urlTemplate":"https:\/\/nyala.info\/de\/?s={search_term_string}"},"query-input":{"@type":"PropertyValueSpecification","valueRequired":true,"valueName":"search_term_string"}}],"inLanguage":"de-DE"}]}},"_links":{"self":[{"href":"https:\/\/nyala.info\/de\/wp-json\/wp\/v2\/pages\/2178"}],"collection":[{"href":"https:\/\/nyala.info\/de\/wp-json\/wp\/v2\/pages"}],"about":[{"href":"https:\/\/nyala.info\/de\/wp-json\/wp\/v2\/types\/page"}],"author":[{"embeddable":true,"href":"https:\/\/nyala.info\/de\/wp-json\/wp\/v2\/users\/3"}],"replies":[{"embeddable":true,"href":"https:\/\/nyala.info\/de\/wp-json\/wp\/v2\/comments?post=2178"}],"version-history":[{"count":5,"href":"https:\/\/nyala.info\/de\/wp-json\/wp\/v2\/pages\/2178\/revisions"}],"predecessor-version":[{"id":8409,"href":"https:\/\/nyala.info\/de\/wp-json\/wp\/v2\/pages\/2178\/revisions\/8409"}],"up":[{"embeddable":true,"href":"https:\/\/nyala.info\/de\/wp-json\/wp\/v2\/pages\/5805"}],"wp:featuredmedia":[{"embeddable":true,"href":"https:\/\/nyala.info\/de\/wp-json\/wp\/v2\/media\/1536"}],"wp:attachment":[{"href":"https:\/\/nyala.info\/de\/wp-json\/wp\/v2\/media?parent=2178"}],"curies":[{"name":"wp","href":"https:\/\/api.w.org\/{rel}","templated":true}]}}